{"id":6314,"date":"2025-05-26T09:53:04","date_gmt":"2025-05-26T09:53:04","guid":{"rendered":"https:\/\/sinoextrud.com\/product\/round-aluminum-extrusion-profiles\/"},"modified":"2025-06-24T06:10:42","modified_gmt":"2025-06-24T06:10:42","slug":"kerek-aluminium-extrudalt-profilok","status":"publish","type":"product","link":"https:\/\/sinoextrud.com\/hu\/product\/round-aluminum-extrusion-profiles\/","title":{"rendered":"Kerek alum\u00ednium extrud\u00e1lt profilok"},"content":{"rendered":"<h2>Term\u00e9kek r\u00e9szletei<\/h2>\n<table class=\"custom-table\">\n<tr>\n<td class=\"label\">T\u00e9tel<\/td>\n<td>Extrud\u00e1lt alum\u00ednium cs\u0151, extrud\u00e1lt alum\u00ednium cs\u0151, extrud\u00e1lt alum\u00ednium kerek cs\u0151,Extrud\u00e1lt alum\u00ednium kerek cs\u0151<\/td>\n<\/tr>\n<tr>\n<td class=\"label\">Anyag<\/td>\n<td>6000-es sorozat\u00fa alum\u00ednium (6063, 6061, 6463, 6082)<\/td>\n<\/tr>\n<tr>\n<td class=\"label\">Temper<\/td>\n<td>T5-T8<\/td>\n<\/tr>\n<tr>\n<td class=\"label\">M\u00e9ret \/ vastags\u00e1g<\/td>\n<td>\u00c1ltal\u00e1nos profilok vastags\u00e1ga 0,8-5,0 mm vagy testreszabott, hossza 3m-6m vagy testreszabott; Anodiz\u00e1l\u00f3 v\u00e9d\u0151f\u00f3lia vastags\u00e1ga 8 ~ 20 um, porbevonat 40 ~ 120 um.<\/td>\n<\/tr>\n<tr>\n<td class=\"label\">Shape<\/td>\n<td>n\u00e9gyzet, kerek, t\u00e9glalap, h\u00e1romsz\u00f6g, stb. vagy szem\u00e9lyre szabottan<\/td>\n<\/tr>\n<tr>\n<td class=\"label\">Alkalmaz\u00e1s<\/td>\n<td>B\u00fatorokban, ablakokban \u00e9s ajt\u00f3kban, dekor\u00e1ci\u00f3kban, iparban, \u00e9p\u00edt\u0151iparban stb.<\/td>\n<\/tr>\n<tr>\n<td class=\"label\">Fel\u00fcletkezel\u00e9s<\/td>\n<td>porfest\u00e9k, PVDF, elox\u00e1lt, fa szemcs\u00e9s, elektrofor\u00e9zis, csiszolt, pol\u00edroz\u00e1s stb.<\/td>\n<\/tr>\n<tr>\n<td class=\"label\">Sz\u00ednek<\/td>\n<td>Ref porbevonat sz\u00ednes lap \u00e9s testreszabott sz\u00edn el\u00e9rhet\u0151<\/td>\n<\/tr>\n<tr>\n<td class=\"label\">M\u00e9ly folyamat<\/td>\n<td>CNC, f\u00far\u00e1s, mar\u00e1s, v\u00e1g\u00e1s, hegeszt\u00e9s, hajl\u00edt\u00e1s, \u00f6sszeszerel\u00e9s<\/td>\n<\/tr>\n<tr>\n<td class=\"label\">MOQ<\/td>\n<td>200 kg minden egyes t\u00e9tel eset\u00e9ben<\/td>\n<\/tr>\n<tr>\n<td class=\"label\">Csomagol\u00e1s r\u00e9szletei<\/td>\n<td>(1) Bel\u00fcl: m\u0171anyag v\u00e9d\u0151f\u00f3li\u00e1val vagy m\u0171anyag v\u00e9d\u0151zs\u00e1kkal csomagolva<br \/>(2) K\u00edv\u00fcl: V\u00edz\u00e1ll\u00f3 k\u00e9zm\u0171ves pap\u00edrral csomagolva.<\/td>\n<\/tr>\n<tr>\n<td class=\"label\">Sz\u00e1ll\u00edt\u00e1si id\u0151<\/td>\n<td>(1) Szersz\u00e1mfejleszt\u00e9s \u00e9s mintatesztel\u00e9s: 10-15 nap<br \/>(2) A t\u00f6megtermel\u00e9s befejez\u0151d\u00f6tt: 20-30 nappal a minta vev\u0151 \u00e1ltali meger\u0151s\u00edt\u00e9se ut\u00e1n<\/td>\n<\/tr>\n<tr>\n<td class=\"label\">FOB kik\u00f6t\u0151<\/td>\n<td>Guangzhou, Foshan, Shenzhen<\/td>\n<\/tr>\n<tr>\n<td class=\"label\">fizet\u00e9si felt\u00e9telek<\/td>\n<td>T \/ T, 30% el\u0151leg \u00e9s az egyenleg a sz\u00e1ll\u00edt\u00e1s el\u0151tt ker\u00fcl kifizet\u00e9sre<\/td>\n<\/tr>\n<tr>\n<td class=\"label\">elsz\u00e1mol\u00e1si hat\u00e1rid\u0151<\/td>\n<td>T\u00e9nyleges v\u00e9gs\u0151 t\u00f6meg vagy elm\u00e9leti s\u00faly alapj\u00e1n t\u00f6rt\u00e9n\u0151 sz\u00e1ml\u00e1z\u00e1s<\/td>\n<\/tr>\n<tr>\n<td class=\"label\">termel\u00e9si kapacit\u00e1s<\/td>\n<td>2400-3000 metrikus tonna havonta<\/td>\n<\/tr>\n<tr>\n<td class=\"label\">Feldolgoz\u00e1s<\/td>\n<td>Vizsg\u00e1lat - Minta vagy CAD rajz (az \u00fcgyfelek \u00e1ltal sz\u00e1ll\u00edtott) - CAD rajz (c\u00e9g\u00fcnk) - Rajzmeger\u0151s\u00edt\u00e9s - Formagy\u00e1rt\u00e1s - Minta konform\u00e1ci\u00f3 - T\u00f6megtermel\u00e9s - Ellen\u0151rz\u00e9s<\/td>\n<td>Sz\u00e1ll\u00edt\u00e1s<\/td>\n<\/tr>\n<tr>\n<td class=\"label\">El\u00e9rhet\u0151 tan\u00fas\u00edt\u00e1s:<\/td>\n<td>ISO: 9001, SONCAP, BV tan\u00fas\u00edtv\u00e1ny vagy az \u00fcgyfelek tan\u00fas\u00edtv\u00e1nya rendelkez\u00e9sre \u00e1ll<\/td>\n<\/tr>\n<tr>\n<td class=\"label\">Garancia<\/td>\n<td>A fel\u00fclet sz\u00edne 10 ~ 20 \u00e9vig stabil lehet belt\u00e9ri haszn\u00e1latban<\/td>\n<\/tr>\n<\/table>\n<h2>Gy\u00e1rt\u00f3 b\u00e1zisunk<\/h2>\n<h3>Gy\u00e1ri panor\u00e1ma<\/h3>\n<p><img decoding=\"async\" src=\"\/wp-content\/uploads\/factory-01.webp\"\/><\/p>\n<h3>Alum\u00ednium r\u00fadgy\u00e1rt\u00f3 m\u0171hely<\/h3>\n<p><img decoding=\"async\" src=\"\/wp-content\/uploads\/factory-02.webp\"\/><\/p>\n<p><img decoding=\"async\" src=\"\/wp-content\/uploads\/factory-03.webp\"\/><\/p>\n<h3>Pen\u00e9sz rakt\u00e1r<\/h3>\n<p><img decoding=\"async\" src=\"\/wp-content\/uploads\/factory-04.webp\"\/><\/p>\n<h3>43 alum\u00ednium extrud\u00e1l\u00f3 vonal (500-5500 tonna)<\/h3>\n<p><img decoding=\"async\" src=\"\/wp-content\/uploads\/factory-05.webp\"\/><\/p>\n<p><img decoding=\"async\" src=\"\/wp-content\/uploads\/factory-06.webp\"\/><\/p>\n<p><img decoding=\"async\" src=\"\/wp-content\/uploads\/factory-07.webp\"\/><\/p>\n<h3>Porfest\u0151 m\u0171hely<\/h3>\n<p><img decoding=\"async\" src=\"\/wp-content\/uploads\/factory-09.webp\"\/><\/p>\n<h3>Anodiz\u00e1l\u00f3 m\u0171hely<\/h3>\n<p><img decoding=\"async\" src=\"\/wp-content\/uploads\/factory-10.webp\"\/><\/p>\n<h3>M\u00e9ly feldolgoz\u00e1si m\u0171hely<\/h3>\n<p><img decoding=\"async\" src=\"\/wp-content\/uploads\/factory-11.webp\"\/><\/p>\n<h3>CNC prec\u00edzi\u00f3s megmunk\u00e1l\u00f3 m\u0171hely<\/h3>\n<p><img decoding=\"async\" src=\"\/wp-content\/uploads\/factory-11.5.webp\"\/><\/p>\n<h3>K\u00e9szterm\u00e9k \u00e9s export rakt\u00e1r<\/h3>\n<p><img decoding=\"async\" src=\"\/wp-content\/uploads\/factory-12.webp\"\/><\/p>\n<p><img decoding=\"async\" src=\"\/wp-content\/uploads\/factory-13.webp\"\/><\/p>\n<p><img decoding=\"async\" src=\"\/wp-content\/uploads\/factory-14.webp\"\/><\/p>\n<h2>GYIK<\/h2>\n<p><p><b>1.Mire haszn\u00e1lj\u00e1k a kerek alum\u00ednium extrud\u00e1lt profilokat?<\/b><\/p>\n<p>A kerek alum\u00ednium extrud\u00e1lt profilokat szil\u00e1rds\u00e1guk \u00e9s eszt\u00e9tikai vonzerej\u00fck miatt gyakran haszn\u00e1lj\u00e1k szerkezeti v\u00e1zszerkezetekben, aut\u00f3ipari alkatr\u00e9szekben, kijelz\u0151rendszerekben \u00e9s \u00e9p\u00edt\u00e9szeti alkalmaz\u00e1sokban.<br \/>\n<\/p><br \/>\n<br \/>\n<p><b>2.Mik a legfontosabb el\u0151nyei a kerek alum\u00ednium extrud\u00e1lt profiloknak?<\/b><\/p>\n<p>A kerek alum\u00ednium extrud\u00e1lt profilok k\u00f6nny\u0171 szil\u00e1rds\u00e1got, kiv\u00e1l\u00f3 korr\u00f3zi\u00f3\u00e1ll\u00f3s\u00e1got \u00e9s egys\u00e9ges form\u00e1t k\u00edn\u00e1lnak funkcion\u00e1lis \u00e9s dekorat\u00edv c\u00e9lokra egyar\u00e1nt.<br \/>\n<\/p><br \/>\n<br \/>\n<p><b>3.Mi\u00e9rt v\u00e1lassza a kerek alum\u00ednium extrud\u00e1l\u00e1st m\u00e1s form\u00e1kkal szemben?<\/b><\/p>\n<p>A kerek alum\u00ednium extrud\u00e1lt r\u00e9szek sima \u00edveket, jobb aerodinamik\u00e1t \u00e9s egyenletes fesz\u00fclts\u00e9geloszl\u00e1st biztos\u00edtanak, \u00edgy ide\u00e1lisak a m\u00e9rn\u00f6ki \u00e9s tervez\u00e9si alkalmaz\u00e1sokhoz.<br \/>\n<\/p><br \/>\n<br \/>\n<p><b>4.Can kerek alum\u00ednium extrud\u00e1lt profilok testre szabhat\u00f3?<\/b><\/p>\n<p>Igen, a kerek alum\u00ednium profilok testre szabhat\u00f3k az \u00e1tm\u00e9r\u0151, a falvastags\u00e1g, az \u00f6tv\u00f6zet t\u00edpusa \u00e9s a fel\u00fcletkezel\u00e9s tekintet\u00e9ben, hogy megfeleljenek az adott projekt k\u00f6vetelm\u00e9nyeinek.<br \/>\n<\/p><br \/>\n<br \/>\n<p><b>5.Milyen fel\u00fcletkezel\u00e9s \u00e1ll rendelkez\u00e9sre a kerek alum\u00ednium extrud\u00e1lt term\u00e9kekhez?<\/b><\/p>\n<p>A rendelkez\u00e9sre \u00e1ll\u00f3 kivitelek k\u00f6z\u00e9 tartozik az elox\u00e1l\u00e1s, a porfest\u00e9s \u00e9s a mar\u00e1s, amelyek jav\u00edtj\u00e1k a korr\u00f3zi\u00f3\u00e1ll\u00f3s\u00e1got, a tart\u00f3ss\u00e1got \u00e9s a vizu\u00e1lis min\u0151s\u00e9get.<br \/>\n<\/p><br \/>\n<br \/>\n<p><b>6.Alkalmasak-e a kerek alum\u00ednium extrud\u00e1lt profilok k\u00fclt\u00e9ri k\u00f6rnyezetbe?<\/b><\/p>\n<p>Igen, az elox\u00e1lt vagy porsz\u00f3rt fel\u00fcletekkel a kerek alum\u00ednium extrud\u00e1l\u00e1sok rendk\u00edv\u00fcl ellen\u00e1ll\u00f3ak az id\u0151j\u00e1r\u00e1ssal, az UV-hat\u00e1ssal \u00e9s a korr\u00f3zi\u00f3val szemben.<br \/>\n<\/p><br \/><\/p>","protected":false},"featured_media":6313,"template":"","categories":[60],"class_list":["post-6314","product","type-product","status-publish","has-post-thumbnail","hentry","category-general-tubes-and-bars"],"meta_box":{"hilight_text_group":{"product_hilight_text":"<li>High-precision round profiles suitable for mechanical and structural use<\/li>\r\r\n<li>Made from quality aluminum alloy for strength and corrosion resistance<\/li>\r\r\n<li>Lightweight design reduces transportation and installation costs<\/li>\r\r\n<li>Available in multiple diameters and wall thicknesses<\/li>\r\r\n<li>Supports anodizing, powder coating, and custom surface finishes<\/li>","product_chanpin_chanpin":"<li><a href=\"https:\/\/sinoextrud.com\/product\/large-diameter-aluminum-pipe-for-sale\/\" target=\"_blank\">Large Diameter Aluminum Pipe For Sale<\/a><\/li>\r\n<li><a href=\"https:\/\/sinoextrud.com\/product\/aluminum-oval-tubing-with-competitive-price\/\" target=\"_blank\">Aluminum Oval Tubing With Competitive Price<\/a><\/li>\r\n<li><a href=\"https:\/\/sinoextrud.com\/product\/anodized-aluminum-alloy-pipe-supplier\/\" target=\"_blank\">Anodized Aluminum Alloy Pipe Supplier<\/a><\/li>\r\n<li><a href=\"https:\/\/sinoextrud.com\/product\/aluminium-extrusion-channel-profiles\/\" target=\"_blank\">Aluminium Extrusion Channel Profiles<\/a><\/li>\r\n<li><a href=\"https:\/\/sinoextrud.com\/product\/round-aluminum-extrusion-profiles\/\" target=\"_blank\">Round Aluminum Extrusion Profiles<\/a><\/li>\r\n<li><a href=\"https:\/\/sinoextrud.com\/product\/extruded-aluminum-stock-shapes\/\" target=\"_blank\">Extruded Aluminum Stock Shapes<\/a><\/li>\r\n<li><a href=\"https:\/\/sinoextrud.com\/product\/aluminium-tube-profiles\/\" target=\"_blank\">Aluminium Tube Profiles<\/a><\/li>\r\n<li><a href=\"https:\/\/sinoextrud.com\/product\/aluminum-rectangular-extrusion\/\" target=\"_blank\">Aluminum Rectangular Extrusion<\/a><\/li>\r\n<li><a href=\"https:\/\/sinoextrud.com\/product\/aluminum-channel\/\" target=\"_blank\">Aluminum Channel<\/a><\/li>\r\n<li><a href=\"https:\/\/sinoextrud.com\/product\/extruded-aluminium-square-tube\/\" target=\"_blank\">Extruded Aluminium Square Tube<\/a><\/li>\r\n<li><a href=\"https:\/\/sinoextrud.com\/product\/aluminium-extrusion-3003-6082-7003-7075-aluminum-profile\/\" target=\"_blank\">Aluminium Extrusion 3003 6082 7003 7075 Aluminum Profile<\/a><\/li>"},"feature_list":[]},"_links":{"self":[{"href":"https:\/\/sinoextrud.com\/hu\/wp-json\/wp\/v2\/product\/6314","targetHints":{"allow":["GET"]}}],"collection":[{"href":"https:\/\/sinoextrud.com\/hu\/wp-json\/wp\/v2\/product"}],"about":[{"href":"https:\/\/sinoextrud.com\/hu\/wp-json\/wp\/v2\/types\/product"}],"wp:featuredmedia":[{"embeddable":true,"href":"https:\/\/sinoextrud.com\/hu\/wp-json\/wp\/v2\/media\/6313"}],"wp:attachment":[{"href":"https:\/\/sinoextrud.com\/hu\/wp-json\/wp\/v2\/media?parent=6314"}],"wp:term":[{"taxonomy":"category","embeddable":true,"href":"https:\/\/sinoextrud.com\/hu\/wp-json\/wp\/v2\/categories?post=6314"}],"curies":[{"name":"wp","href":"https:\/\/api.w.org\/{rel}","templated":true}]}}