{"id":6310,"date":"2025-05-26T09:40:17","date_gmt":"2025-05-26T09:40:17","guid":{"rendered":"https:\/\/sinoextrud.com\/product\/anodized-aluminum-alloy-pipe-supplier\/"},"modified":"2025-06-24T06:10:40","modified_gmt":"2025-06-24T06:10:40","slug":"eloxalt-aluminium-otvozetbol-keszult-cso-szallito","status":"publish","type":"product","link":"https:\/\/sinoextrud.com\/hu\/product\/anodized-aluminum-alloy-pipe-supplier\/","title":{"rendered":"Elox\u00e1lt alum\u00ednium \u00f6tv\u00f6zetb\u0151l k\u00e9sz\u00fclt cs\u0151 sz\u00e1ll\u00edt\u00f3ja"},"content":{"rendered":"<h2>Term\u00e9kek r\u00e9szletei<\/h2>\n<table class=\"custom-table\">\n<tr>\n<td class=\"label\">T\u00e9tel:<\/td>\n<td> Elox\u00e1lt alum\u00ednium \u00f6tv\u00f6zetb\u0151l k\u00e9sz\u00fclt cs\u0151<\/td>\n<\/tr>\n<tr>\n<td class=\"label\">Lelkiismeretesen:<\/td>\n<td> T3-T8<\/td>\n<\/tr>\n<tr>\n<td class=\"label\">T\u00edpus:<\/td>\n<td> Alum\u00ednium profilok kih\u00faz\u00e1sa<\/td>\n<\/tr>\n<tr>\n<td class=\"label\">\u00f6tv\u00f6zet:<\/td>\n<td> \u00d6tv\u00f6zet<\/td>\n<\/tr>\n<tr>\n<td class=\"label\">Oszt\u00e1ly:<\/td>\n<td> 6000-es sorozat<\/td>\n<\/tr>\n<tr>\n<td class=\"label\">Hossz\u00fas\u00e1g:<\/td>\n<td> 1-9 m\u00e9ter vagy testreszabott<\/td>\n<\/tr>\n<tr>\n<td class=\"label\">M\u00e9ret:<\/td>\n<td> Custom<\/td>\n<\/tr>\n<tr>\n<td class=\"label\">Fel\u00fcletkezel\u00e9s:<\/td>\n<td> Elox\u00e1lt<\/td>\n<\/tr>\n<tr>\n<td class=\"label\">Min\u0151s\u00e9gellen\u0151rz\u00e9s:<\/td>\n<td> 100% Sz\u00e1ll\u00edt\u00e1s el\u0151tti ellen\u0151rz\u00e9s<\/td>\n<\/tr>\n<tr>\n<td class=\"label\">Specifik\u00e1ci\u00f3:<\/td>\n<td> ISO9001, ISO14001<\/td>\n<\/tr>\n<tr>\n<td class=\"label\">Eredet:<\/td>\n<td> Foshan, K\u00edna<\/td>\n<\/tr>\n<tr>\n<td class=\"label\">V\u00e9djegy:<\/td>\n<td> Sinoextrud (Sinoextrud) \/ OEM<\/td>\n<\/tr>\n<tr>\n<td class=\"label\">T\u00edpus:<\/td>\n<td> Ablak \u00e9s ajt\u00f3 alum\u00ednium profil, Dekor\u00e1ci\u00f3s alum\u00ednium profil, elox\u00e1lt alum\u00ednium \u00f6tv\u00f6zet cs\u0151, H\u0151lefoly\u00f3 alum\u00ednium profil, \u00dcvegfal alum\u00ednium profil, Ipari alum\u00ednium profil, Alum\u00ednium fa szemcs\u00e9s cs\u0151, Alum\u00ednium elox\u00e1lt cs\u0151<\/td>\n<\/tr>\n<\/table>\n<h2>Gy\u00e1rt\u00f3 b\u00e1zisunk<\/h2>\n<h3>Gy\u00e1ri panor\u00e1ma<\/h3>\n<p><img decoding=\"async\" src=\"\/wp-content\/uploads\/factory-01.webp\"\/><\/p>\n<h3>Alum\u00ednium r\u00fadgy\u00e1rt\u00f3 m\u0171hely<\/h3>\n<p><img decoding=\"async\" src=\"\/wp-content\/uploads\/factory-02.webp\"\/><\/p>\n<p><img decoding=\"async\" src=\"\/wp-content\/uploads\/factory-03.webp\"\/><\/p>\n<h3>Pen\u00e9sz rakt\u00e1r<\/h3>\n<p><img decoding=\"async\" src=\"\/wp-content\/uploads\/factory-04.webp\"\/><\/p>\n<h3>43 alum\u00ednium extrud\u00e1l\u00f3 vonal (500-5500 tonna)<\/h3>\n<p><img decoding=\"async\" src=\"\/wp-content\/uploads\/factory-05.webp\"\/><\/p>\n<p><img decoding=\"async\" src=\"\/wp-content\/uploads\/factory-06.webp\"\/><\/p>\n<p><img decoding=\"async\" src=\"\/wp-content\/uploads\/factory-07.webp\"\/><\/p>\n<h3>Porfest\u0151 m\u0171hely<\/h3>\n<p><img decoding=\"async\" src=\"\/wp-content\/uploads\/factory-09.webp\"\/><\/p>\n<h3>Anodiz\u00e1l\u00f3 m\u0171hely<\/h3>\n<p><img decoding=\"async\" src=\"\/wp-content\/uploads\/factory-10.webp\"\/><\/p>\n<h3>M\u00e9ly feldolgoz\u00e1si m\u0171hely<\/h3>\n<p><img decoding=\"async\" src=\"\/wp-content\/uploads\/factory-11.webp\"\/><\/p>\n<h3>CNC prec\u00edzi\u00f3s megmunk\u00e1l\u00f3 m\u0171hely<\/h3>\n<p><img decoding=\"async\" src=\"\/wp-content\/uploads\/factory-11.5.webp\"\/><\/p>\n<h3>K\u00e9szterm\u00e9k \u00e9s export rakt\u00e1r<\/h3>\n<p><img decoding=\"async\" src=\"\/wp-content\/uploads\/factory-12.webp\"\/><\/p>\n<p><img decoding=\"async\" src=\"\/wp-content\/uploads\/factory-13.webp\"\/><\/p>\n<p><img decoding=\"async\" src=\"\/wp-content\/uploads\/factory-14.webp\"\/><\/p>\n<h2>GYIK<\/h2>\n<p><p><b>1.Mit k\u00edn\u00e1l egy elox\u00e1lt alum\u00ednium\u00f6tv\u00f6zet cs\u0151 sz\u00e1ll\u00edt\u00f3ja?<\/b><\/p>\n<p>Az elox\u00e1lt alum\u00ednium\u00f6tv\u00f6zetb\u0151l k\u00e9sz\u00fclt cs\u00f6vek sz\u00e1ll\u00edt\u00f3ja kiv\u00e1l\u00f3 min\u0151s\u00e9g\u0171 cs\u00f6veket biztos\u00edt fokozott korr\u00f3zi\u00f3\u00e1ll\u00f3s\u00e1ggal, tart\u00f3ss\u00e1ggal \u00e9s fel\u00fcletkezel\u00e9ssel, amelyek ipari \u00e9s \u00e9p\u00edt\u00e9szeti felhaszn\u00e1l\u00e1sra alkalmasak.<br \/>\n<\/p><br \/>\n<br \/>\n<p><b>2.Mik az elox\u00e1lt alum\u00ednium\u00f6tv\u00f6zet cs\u00f6vek el\u0151nyei?<\/b><\/p>\n<p>Az elox\u00e1lt alum\u00ednium\u00f6tv\u00f6zetb\u0151l k\u00e9sz\u00fclt cs\u00f6vek kiv\u00e1l\u00f3 korr\u00f3zi\u00f3v\u00e9delmet, megn\u00f6velt fel\u00fcleti kem\u00e9nys\u00e9get \u00e9s vonz\u00f3, hossz\u00fa \u00e9lettartam\u00fa fel\u00fcletet biztos\u00edtanak.<br \/>\n<\/p><br \/>\n<br \/>\n<p><b>3.Mi\u00e9rt v\u00e1lassza az elox\u00e1lt alum\u00ednium cs\u00f6veket a nem elox\u00e1lt opci\u00f3kkal szemben?<\/b><\/p>\n<p>Az elox\u00e1lt alum\u00edniumcs\u00f6vek v\u00e9d\u0151 oxidr\u00e9teggel rendelkeznek, amely ellen\u00e1ll a korr\u00f3zi\u00f3nak, a kop\u00e1snak \u00e9s az UV-k\u00e1rosod\u00e1snak, \u00edgy tart\u00f3sabbak a zord k\u00f6rnyezetben.<br \/>\n<\/p><br \/>\n<br \/>\n<p><b>4.Can elox\u00e1lt alum\u00ednium\u00f6tv\u00f6zet cs\u00f6vek testre szabhat\u00f3?<\/b><\/p>\n<p>Igen, a besz\u00e1ll\u00edt\u00f3k testreszabhat\u00f3 lehet\u0151s\u00e9geket k\u00edn\u00e1lnak az \u00f6tv\u00f6zetmin\u0151s\u00e9g, a cs\u0151m\u00e9retek, a falvastags\u00e1g \u00e9s az elox\u00e1l\u00e1s sz\u00edne tekintet\u00e9ben, hogy megfeleljenek a projekt egyedi k\u00f6vetelm\u00e9nyeinek.<br \/>\n<\/p><br \/>\n<br \/>\n<p><b>5.Milyen ipar\u00e1gak haszn\u00e1lj\u00e1k az elox\u00e1lt alum\u00ednium\u00f6tv\u00f6zet cs\u00f6veket?<\/b><\/p>\n<p>Az olyan ipar\u00e1gak, mint az \u00e9p\u00edt\u0151ipar, a k\u00f6zleked\u00e9s, a haj\u00f3z\u00e1s \u00e9s a b\u00fatorgy\u00e1rt\u00e1s \u00e1ltal\u00e1ban elox\u00e1lt alum\u00edniumcs\u00f6veket haszn\u00e1lnak k\u00f6nny\u0171 szil\u00e1rds\u00e1guk \u00e9s eszt\u00e9tikus kivitel\u00fck miatt.<br \/>\n<\/p><br \/>\n<br \/>\n<p><b>6.Hogyan jav\u00edtja az elox\u00e1l\u00e1s az alum\u00edniumcs\u00f6vek teljes\u00edtm\u00e9ny\u00e9t?<\/b><\/p>\n<p>Az elox\u00e1l\u00e1s kem\u00e9ny, nem vezet\u0151 oxidr\u00e9teget hoz l\u00e9tre, amely n\u00f6veli a korr\u00f3zi\u00f3\u00e1ll\u00f3s\u00e1got, a kop\u00e1sv\u00e9delmet \u00e9s a bevonatok vagy ragaszt\u00f3k k\u00f6t\u00e9s\u00e9t.<br \/>\n<\/p><br \/>\n<br \/>\n<p><b>7.Hol tal\u00e1lok megb\u00edzhat\u00f3 elox\u00e1lt alum\u00ednium\u00f6tv\u00f6zet cs\u0151 sz\u00e1ll\u00edt\u00f3t?<\/b><\/p>\n<p>A neves elox\u00e1lt alum\u00ednium cs\u0151sz\u00e1ll\u00edt\u00f3k min\u0151s\u00e9gi tan\u00fas\u00edtv\u00e1nyokat, versenyk\u00e9pes \u00e1rakat \u00e9s egyedi gy\u00e1rt\u00e1si szolg\u00e1ltat\u00e1sokat k\u00edn\u00e1lnak a glob\u00e1lis \u00fcgyfelek sz\u00e1m\u00e1ra.<br \/>\n<\/p><br \/><\/p>","protected":false},"featured_media":6309,"template":"","categories":[60],"class_list":["post-6310","product","type-product","status-publish","has-post-thumbnail","hentry","category-general-tubes-and-bars"],"meta_box":{"hilight_text_group":{"product_hilight_text":"<li>Specialized in supplying anodized aluminum alloy pipes with high durability<\/li>\r\r\n<li>Enhanced corrosion resistance and surface hardness through anodizing<\/li>\r\r\n<li>Available in various alloys, sizes, and colors for diverse applications<\/li>\r\r\n<li>Stable bulk supply with consistent quality and on-time delivery<\/li>\r\r\n<li>Supports OEM services and customized specifications<\/li>","product_chanpin_chanpin":"<li><a href=\"https:\/\/sinoextrud.com\/product\/professional-aluminium-tubing\/\" target=\"_blank\">Professional Aluminium Tubing<\/a><\/li>\r\n<li><a href=\"https:\/\/sinoextrud.com\/product\/extruded-aluminum-pipe\/\" target=\"_blank\">Extruded Aluminum Pipe<\/a><\/li>\r\n<li><a href=\"https:\/\/sinoextrud.com\/product\/large-diameter-aluminum-pipe-for-sale\/\" target=\"_blank\">Large Diameter Aluminum Pipe For Sale<\/a><\/li>\r\n<li><a href=\"https:\/\/sinoextrud.com\/product\/aluminum-oval-tubing-with-competitive-price\/\" target=\"_blank\">Aluminum Oval Tubing With Competitive Price<\/a><\/li>\r\n<li><a href=\"https:\/\/sinoextrud.com\/product\/anodized-aluminum-alloy-pipe-supplier\/\" target=\"_blank\">Anodized Aluminum Alloy Pipe Supplier<\/a><\/li>\r\n<li><a href=\"https:\/\/sinoextrud.com\/product\/aluminium-extrusion-channel-profiles\/\" target=\"_blank\">Aluminium Extrusion Channel Profiles<\/a><\/li>\r\n<li><a href=\"https:\/\/sinoextrud.com\/product\/round-aluminum-extrusion-profiles\/\" target=\"_blank\">Round Aluminum Extrusion Profiles<\/a><\/li>\r\n<li><a href=\"https:\/\/sinoextrud.com\/product\/extruded-aluminum-stock-shapes\/\" target=\"_blank\">Extruded Aluminum Stock Shapes<\/a><\/li>\r\n<li><a href=\"https:\/\/sinoextrud.com\/product\/aluminium-tube-profiles\/\" target=\"_blank\">Aluminium Tube Profiles<\/a><\/li>\r\n<li><a href=\"https:\/\/sinoextrud.com\/product\/t-slot-aluminium-profile\/\" target=\"_blank\">T Slot Aluminium Profile<\/a><\/li>\r\n<li><a href=\"https:\/\/sinoextrud.com\/product\/round-aluminum-extrusion-architeture-fabrication\/\" target=\"_blank\">Round Aluminum Extrusion Architeture Fabrication<\/a><\/li>"},"feature_list":[]},"_links":{"self":[{"href":"https:\/\/sinoextrud.com\/hu\/wp-json\/wp\/v2\/product\/6310","targetHints":{"allow":["GET"]}}],"collection":[{"href":"https:\/\/sinoextrud.com\/hu\/wp-json\/wp\/v2\/product"}],"about":[{"href":"https:\/\/sinoextrud.com\/hu\/wp-json\/wp\/v2\/types\/product"}],"wp:featuredmedia":[{"embeddable":true,"href":"https:\/\/sinoextrud.com\/hu\/wp-json\/wp\/v2\/media\/6309"}],"wp:attachment":[{"href":"https:\/\/sinoextrud.com\/hu\/wp-json\/wp\/v2\/media?parent=6310"}],"wp:term":[{"taxonomy":"category","embeddable":true,"href":"https:\/\/sinoextrud.com\/hu\/wp-json\/wp\/v2\/categories?post=6310"}],"curies":[{"name":"wp","href":"https:\/\/api.w.org\/{rel}","templated":true}]}}