{"id":6302,"date":"2025-05-26T09:22:52","date_gmt":"2025-05-26T09:22:52","guid":{"rendered":"https:\/\/sinoextrud.com\/product\/professional-aluminium-tubing\/"},"modified":"2025-06-24T06:10:40","modified_gmt":"2025-06-24T06:10:40","slug":"professzionalis-aluminium-csovek","status":"publish","type":"product","link":"https:\/\/sinoextrud.com\/hu\/product\/professional-aluminium-tubing\/","title":{"rendered":"Professzion\u00e1lis alum\u00ednium cs\u00f6vek"},"content":{"rendered":"<h2>Term\u00e9kek r\u00e9szletei<\/h2>\n<table class=\"custom-table\">\n<tr>\n<td class=\"label\">M\u00e1rka<\/td>\n<td>K\u00edna Sinoextrud<\/td>\n<\/tr>\n<tr>\n<td class=\"label\">Term\u00e9k t\u00edpusa<\/td>\n<td>professzion\u00e1lis alum\u00ednium cs\u00f6vek \u00e9s cs\u00f6vek, professzion\u00e1lis alum\u00ednium cs\u00f6vek<\/td>\n<\/tr>\n<tr>\n<td class=\"label\">Alkalmaz\u00e1sok<\/td>\n<td>Minden ipar\u00e1g<\/td>\n<\/tr>\n<tr>\n<td class=\"label\">Pen\u00e9sz<\/td>\n<td>T\u00f6bb mint 30.000 alum\u00edniumprofil-forma rakt\u00e1ron<\/td>\n<\/tr>\n<tr>\n<td class=\"label\">Fokozat<\/td>\n<td>6000-es sorozat\u00fa alum\u00ednium\u00f6tv\u00f6zet<\/td>\n<\/tr>\n<tr>\n<td class=\"label\">Temper<\/td>\n<td>T3-T8<\/td>\n<\/tr>\n<tr>\n<td class=\"label\">Szolg\u00e1ltat\u00e1sok<\/td>\n<td>nagykereskedelem\/OEM\/ODM. CNC nagy pontoss\u00e1g\u00fa egyedi gy\u00e1rt\u00e1s<\/td>\n<\/tr>\n<tr>\n<td class=\"label\">Form\u00e1k<\/td>\n<td>kerek, f\u00e9lk\u00f6r, negyedk\u00f6r, ov\u00e1lis, n\u00e9gyzet, t\u00e9glalap, h\u00e1romsz\u00f6g, stb. K\u00fcl\u00f6nb\u00f6z\u0151 form\u00e1kat testreszabhat.<\/td>\n<\/tr>\n<tr>\n<td class=\"label\">M\u00e9retek<\/td>\n<td>a mi ig\u00e9nyeinknek megfelel\u0151en<\/td>\n<\/tr>\n<tr>\n<td class=\"label\">Tolerancia<\/td>\n<td>k\u00f6z\u00f6s alum\u00ednium profil: \u00b10,1 mm<br \/>nagy pontoss\u00e1g\u00fa alum\u00ednium profil: \u00b10,03 mm<br \/>Mint\u00e1t kaphat, hogy ellen\u0151rizze a pontoss\u00e1g\u00e1t.<\/td>\n<\/tr>\n<tr>\n<td class=\"label\">Fel\u00fcletkezel\u00e9s<\/td>\n<td>elox\u00e1lt, porsz\u00f3r\u00e1s, pol\u00edroz\u00e1s, csiszol\u00e1s, homokf\u00fav\u00e1s, fa szemcs\u00e9k, PVDF bevonat, fluorkarbon bevonat, elektrofor\u00e9zis stb.<\/td>\n<\/tr>\n<tr>\n<td class=\"label\">Hivatalos tan\u00fas\u00edtv\u00e1nyok<\/td>\n<td>ISO 9001, ISO 14001, CE , TUV , SGS, ROHS; BV anyagtan\u00fas\u00edt\u00e1s; nemzeti GB5237-2017 szabv\u00e1ny \u00e1tad\u00e1sa<\/td>\n<\/tr>\n<tr>\n<td class=\"label\">Professzion\u00e1lis felszerel\u00e9s<\/td>\n<td>(1) egy 100 000 n\u00e9gyzetm\u00e9tern\u00e9l nagyobb alapter\u00fclet\u0171 gy\u00e1rat<br \/>(2) huszon\u00f6t fejlett alum\u00ednium extrud\u00e1l\u00f3 berendez\u00e9s (600 tonna \u00e9s 2500 tonna k\u00f6z\u00f6tt)<br \/>(3) k\u00e9t homokf\u00fav\u00f3 berendez\u00e9s<br \/>(4) k\u00e9t elox\u00e1l\u00f3 gy\u00e1rt\u00f3sor (Jap\u00e1n)<br \/>(5) k\u00e9t elektroforetikus bevonat gy\u00e1rt\u00f3sor (Korea)<br \/>(6) k\u00e9t porbevonat gy\u00e1rt\u00f3sor (N\u00e9metorsz\u00e1g)<br \/>(7) egy fa szemcs\u00e9s gy\u00e1rt\u00f3sor (Korea)<br \/>(8) hat professzion\u00e1lis CNC megmunk\u00e1l\u00f3 berendez\u00e9s<br \/>(9) nyolc energiatakar\u00e9kos \u00e9s h\u0151szigetel\u0151 gy\u00e1rt\u00f3sor (Sv\u00e1jc)<br \/>(10) k\u00e9t alum\u00ednium r\u00fadolvaszt\u00f3 \u00e9s \u00f6nt\u0151 m\u0171hely 80 000 tonna termel\u00e9si \u00e9rt\u00e9kkel<\/td>\n<\/tr>\n<tr>\n<td class=\"label\">Term\u00e9kel\u0151ny\u00f6k<\/td>\n<td>k\u00e9pes szuper nagym\u00e9ret\u0171, 300 mm feletti alum\u00ednium profilok gy\u00e1rt\u00e1s\u00e1ra.<\/td>\n<\/tr>\n<\/table>\n<h2>Gy\u00e1rt\u00f3 b\u00e1zisunk<\/h2>\n<h3>Gy\u00e1ri panor\u00e1ma<\/h3>\n<p><img decoding=\"async\" src=\"\/wp-content\/uploads\/factory-01.webp\"\/><\/p>\n<h3>Alum\u00ednium r\u00fadgy\u00e1rt\u00f3 m\u0171hely<\/h3>\n<p><img decoding=\"async\" src=\"\/wp-content\/uploads\/factory-02.webp\"\/><\/p>\n<p><img decoding=\"async\" src=\"\/wp-content\/uploads\/factory-03.webp\"\/><\/p>\n<h3>Pen\u00e9sz rakt\u00e1r<\/h3>\n<p><img decoding=\"async\" src=\"\/wp-content\/uploads\/factory-04.webp\"\/><\/p>\n<h3>43 alum\u00ednium extrud\u00e1l\u00f3 vonal (500-5500 tonna)<\/h3>\n<p><img decoding=\"async\" src=\"\/wp-content\/uploads\/factory-05.webp\"\/><\/p>\n<p><img decoding=\"async\" src=\"\/wp-content\/uploads\/factory-06.webp\"\/><\/p>\n<p><img decoding=\"async\" src=\"\/wp-content\/uploads\/factory-07.webp\"\/><\/p>\n<h3>Porfest\u0151 m\u0171hely<\/h3>\n<p><img decoding=\"async\" src=\"\/wp-content\/uploads\/factory-09.webp\"\/><\/p>\n<h3>Anodiz\u00e1l\u00f3 m\u0171hely<\/h3>\n<p><img decoding=\"async\" src=\"\/wp-content\/uploads\/factory-10.webp\"\/><\/p>\n<h3>M\u00e9ly feldolgoz\u00e1si m\u0171hely<\/h3>\n<p><img decoding=\"async\" src=\"\/wp-content\/uploads\/factory-11.webp\"\/><\/p>\n<h3>CNC prec\u00edzi\u00f3s megmunk\u00e1l\u00f3 m\u0171hely<\/h3>\n<p><img decoding=\"async\" src=\"\/wp-content\/uploads\/factory-11.5.webp\"\/><\/p>\n<h3>K\u00e9szterm\u00e9k \u00e9s export rakt\u00e1r<\/h3>\n<p><img decoding=\"async\" src=\"\/wp-content\/uploads\/factory-12.webp\"\/><\/p>\n<p><img decoding=\"async\" src=\"\/wp-content\/uploads\/factory-13.webp\"\/><\/p>\n<p><img decoding=\"async\" src=\"\/wp-content\/uploads\/factory-14.webp\"\/><\/p>\n<h2>GYIK<\/h2>\n<p><p><b>1.Mi a professzion\u00e1lis alum\u00edniumcs\u00f6vek felhaszn\u00e1l\u00e1sa?<\/b><\/p>\n<p>A professzion\u00e1lis alum\u00edniumcs\u00f6veket szil\u00e1rds\u00e1ga, k\u00f6nny\u0171 s\u00falya \u00e9s sokoldal\u00fas\u00e1ga miatt sz\u00e9les k\u00f6rben haszn\u00e1lj\u00e1k az olyan ipar\u00e1gakban, mint az \u00e9p\u00edt\u0151ipar, az aut\u00f3ipar, a rep\u00fcl\u0151g\u00e9pipar \u00e9s a HVAC.<br \/>\n<\/p><br \/>\n<br \/>\n<p><b>2.Mik a professzion\u00e1lis alum\u00edniumcs\u00f6vek f\u0151 el\u0151nyei?<\/b><\/p>\n<p>A professzion\u00e1lis alum\u00edniumcs\u00f6vek nagy szil\u00e1rds\u00e1g\/t\u00f6meg ar\u00e1nyt, korr\u00f3zi\u00f3\u00e1ll\u00f3s\u00e1got, h\u0151vezet\u0151 k\u00e9pess\u00e9get \u00e9s k\u00f6nny\u0171 gy\u00e1rthat\u00f3s\u00e1got k\u00edn\u00e1lnak.<br \/>\n<\/p><br \/>\n<br \/>\n<p><b>3.Mi\u00e9rt v\u00e1lassza a professzion\u00e1lis alum\u00edniumcs\u00f6veket a standard cs\u00f6vekkel szemben?<\/b><\/p>\n<p>A professzion\u00e1lis alum\u00edniumcs\u00f6vek magasabb min\u0151s\u00e9get, szigor\u00fabb t\u0171r\u00e9seket \u00e9s egyenletes teljes\u00edtm\u00e9nyt biztos\u00edtanak az ig\u00e9nyes ipari \u00e9s kereskedelmi alkalmaz\u00e1sokhoz.<br \/>\n<\/p><br \/>\n<br \/>\n<p><b>4.Can szakmai alum\u00ednium cs\u00f6vek testre szabhat\u00f3?<\/b><\/p>\n<p>Igen, az alum\u00edniumcs\u00f6vek testre szabhat\u00f3k az \u00e1tm\u00e9r\u0151, a falvastags\u00e1g, a hossz \u00e9s a fel\u00fcletkezel\u00e9s tekintet\u00e9ben, hogy megfeleljenek az adott projekt k\u00f6vetelm\u00e9nyeinek.<br \/>\n<\/p><br \/>\n<br \/>\n<p><b>5.Milyen fel\u00fcleti fel\u00fcletek \u00e1llnak rendelkez\u00e9sre a professzion\u00e1lis alum\u00edniumcs\u00f6vekhez?<\/b><\/p>\n<p>A gyakori kivitelek k\u00f6z\u00e9 tartozik az elox\u00e1l\u00e1s, a porsz\u00f3r\u00e1s \u00e9s a mar\u00e1s, amelyek jav\u00edtj\u00e1k a tart\u00f3ss\u00e1got, a korr\u00f3zi\u00f3\u00e1ll\u00f3s\u00e1got \u00e9s az eszt\u00e9tikai megjelen\u00e9st.<br \/>\n<\/p><br \/>\n<br \/>\n<p><b>6.A professzion\u00e1lis alum\u00edniumcs\u00f6vek alkalmasak k\u00fclt\u00e9ri haszn\u00e1latra?<\/b><\/p>\n<p>Igen, az alum\u00edniumcs\u00f6vek term\u00e9szetesen korr\u00f3zi\u00f3\u00e1ll\u00f3ak \u00e9s ellen\u00e1llnak a zord id\u0151j\u00e1r\u00e1si k\u00f6r\u00fclm\u00e9nyeknek, \u00edgy ide\u00e1lisak k\u00fclt\u00e9ri \u00e9s tengeri k\u00f6rnyezetbe.<br \/>\n<\/p><br \/>\n<br \/>\n<p><b>7.Hogyan t\u00e1mogatja a professzion\u00e1lis alum\u00edniumcs\u00f6vek a fenntarthat\u00f3 m\u00e9rn\u00f6ki tev\u00e9kenys\u00e9get?<\/b><\/p>\n<p>Az alum\u00ednium 100% \u00fajrahasznos\u00edthat\u00f3 \u00e9s energiatakar\u00e9kosan gy\u00e1rthat\u00f3, \u00edgy a professzion\u00e1lis alum\u00edniumcs\u00f6vek k\u00f6rnyezetbar\u00e1t megold\u00e1st jelentenek a modern g\u00e9p\u00e9szeti ig\u00e9nyek kiel\u00e9g\u00edt\u00e9s\u00e9re.<br \/>\n<\/p><br \/><\/p>","protected":false},"featured_media":6301,"template":"","categories":[60],"class_list":["post-6302","product","type-product","status-publish","has-post-thumbnail","hentry","category-general-tubes-and-bars"],"meta_box":{"hilight_text_group":{"product_hilight_text":"<li>Engineered for high performance in industrial and commercial applications<\/li>\r\r\n<li>Precision manufacturing ensures tight tolerances and smooth finishes<\/li>\r\r\n<li>Excellent strength-to-weight ratio for structural efficiency<\/li>\r\r\n<li>Corrosion-resistant and suitable for harsh environments<\/li>\r\r\n<li>Custom lengths, diameters, and alloys available to meet project needs<\/li>","product_chanpin_chanpin":"<li><a href=\"https:\/\/sinoextrud.com\/product\/extruded-aluminium-profile-for-triangle-and-rectangle-pipe-with-6063-alloy-anodized-mill-finish-surface\/\" target=\"_blank\">Extruded Aluminium Profile For Triangle And Rectangle Pipe With 6063 Alloy Anodized Mill Finish Surface<\/a><\/li>\r\n<li><a href=\"https:\/\/sinoextrud.com\/product\/aluminium-hollow-tube\/\" target=\"_blank\">Aluminium Hollow Tube<\/a><\/li>\r\n<li><a href=\"https:\/\/sinoextrud.com\/product\/customized-6063-extruded-aluminum-flat-bar\/\" target=\"_blank\">Customized 6063 Extruded Aluminum Flat Bar<\/a><\/li>\r\n<li><a href=\"https:\/\/sinoextrud.com\/product\/aluminum-irrigation-pipe-for-sale\/\" target=\"_blank\">Aluminum Irrigation Pipe For Sale<\/a><\/li>\r\n<li><a href=\"https:\/\/sinoextrud.com\/product\/professional-aluminium-tubing\/\" target=\"_blank\">Professional Aluminium Tubing<\/a><\/li>\r\n<li><a href=\"https:\/\/sinoextrud.com\/product\/extruded-aluminum-pipe\/\" target=\"_blank\">Extruded Aluminum Pipe<\/a><\/li>\r\n<li><a href=\"https:\/\/sinoextrud.com\/product\/large-diameter-aluminum-pipe-for-sale\/\" target=\"_blank\">Large Diameter Aluminum Pipe For Sale<\/a><\/li>\r\n<li><a href=\"https:\/\/sinoextrud.com\/product\/aluminum-oval-tubing-with-competitive-price\/\" target=\"_blank\">Aluminum Oval Tubing With Competitive Price<\/a><\/li>\r\n<li><a href=\"https:\/\/sinoextrud.com\/product\/anodized-aluminum-alloy-pipe-supplier\/\" target=\"_blank\">Anodized Aluminum Alloy Pipe Supplier<\/a><\/li>\r\n<li><a href=\"https:\/\/sinoextrud.com\/product\/anodizing-aluminum-picture-photo-frame-brushed-aluminium-frame-for-home-decoration\/\" target=\"_blank\">Anodizing Aluminum Picture Photo Frame Brushed Aluminium Frame For Home Decoration<\/a><\/li>\r\n<li><a href=\"https:\/\/sinoextrud.com\/product\/machined-aluminium-profiles-for-windows-and-doors\/\" target=\"_blank\">Machined Aluminium Profiles For Windows And Doors<\/a><\/li>"},"feature_list":[]},"_links":{"self":[{"href":"https:\/\/sinoextrud.com\/hu\/wp-json\/wp\/v2\/product\/6302","targetHints":{"allow":["GET"]}}],"collection":[{"href":"https:\/\/sinoextrud.com\/hu\/wp-json\/wp\/v2\/product"}],"about":[{"href":"https:\/\/sinoextrud.com\/hu\/wp-json\/wp\/v2\/types\/product"}],"wp:featuredmedia":[{"embeddable":true,"href":"https:\/\/sinoextrud.com\/hu\/wp-json\/wp\/v2\/media\/6301"}],"wp:attachment":[{"href":"https:\/\/sinoextrud.com\/hu\/wp-json\/wp\/v2\/media?parent=6302"}],"wp:term":[{"taxonomy":"category","embeddable":true,"href":"https:\/\/sinoextrud.com\/hu\/wp-json\/wp\/v2\/categories?post=6302"}],"curies":[{"name":"wp","href":"https:\/\/api.w.org\/{rel}","templated":true}]}}