{"id":6300,"date":"2025-05-26T09:19:24","date_gmt":"2025-05-26T09:19:24","guid":{"rendered":"https:\/\/sinoextrud.com\/product\/aluminum-irrigation-pipe-for-sale\/"},"modified":"2025-06-24T06:10:37","modified_gmt":"2025-06-24T06:10:37","slug":"aluminium-ontozocso-elado","status":"publish","type":"product","link":"https:\/\/sinoextrud.com\/hu\/product\/aluminum-irrigation-pipe-for-sale\/","title":{"rendered":"Alum\u00ednium \u00f6nt\u00f6z\u0151cs\u0151 elad\u00f3"},"content":{"rendered":"<h2>Term\u00e9kek r\u00e9szletei<\/h2>\n<table class=\"custom-table\">\n<tr>\n<td class=\"label\">Modell NO.:<\/td>\n<td> Alum\u00ednium \u00f6nt\u00f6z\u0151cs\u0151 elad\u00f3<\/td>\n<\/tr>\n<tr>\n<td class=\"label\">Fel\u00fcletkezel\u00e9s:<\/td>\n<td> Elox\u00e1lt<\/td>\n<\/tr>\n<tr>\n<td class=\"label\">\u00f6tv\u00f6zet:<\/td>\n<td> \u00d6tv\u00f6zet<\/td>\n<\/tr>\n<tr>\n<td class=\"label\">K\u00fcls\u0151 \u00e1tm\u00e9r\u0151:<\/td>\n<td> testreszabott<\/td>\n<\/tr>\n<tr>\n<td class=\"label\">Vastags\u00e1g:<\/td>\n<td> testreszabott<\/td>\n<\/tr>\n<tr>\n<td class=\"label\">Eredeti hely:<\/td>\n<td>K\u00edna<\/td>\n<\/tr>\n<tr>\n<td class=\"label\">0,1 mm-t\u0151l 10 mm-ig:<\/td>\n<td> Guangdong, K\u00edna (sz\u00e1razf\u00f6ld)<\/td>\n<\/tr>\n<tr>\n<td class=\"label\">Kem\u00e9nys\u00e9g:<\/td>\n<td> Alum\u00ednium \u00f6tv\u00f6zet cs\u0151<\/td>\n<\/tr>\n<tr>\n<td class=\"label\">Alak:<\/td>\n<td> Kerek<\/td>\n<\/tr>\n<tr>\n<td class=\"label\">Oszt\u00e1ly:<\/td>\n<td> 6000-es sorozat<\/td>\n<\/tr>\n<tr>\n<td class=\"label\">Lelkiismeretesen:<\/td>\n<td> T3 - T8<\/td>\n<\/tr>\n<tr>\n<td class=\"label\">Falvastags\u00e1g:<\/td>\n<td> az \u00d6n k\u00e9r\u00e9s\u00e9re<\/td>\n<\/tr>\n<tr>\n<td class=\"label\">Hossz\u00fas\u00e1g:<\/td>\n<td> az \u00d6n ig\u00e9nyei szerint<\/td>\n<\/tr>\n<tr>\n<td class=\"label\">M\u00e1rkan\u00e9v:<\/td>\n<td> Csatorna<\/td>\n<\/tr>\n<tr>\n<td class=\"label\">Al (Min):<\/td>\n<td> 98.8%<\/td>\n<\/tr>\n<\/table>\n<h2>Gy\u00e1rt\u00f3 b\u00e1zisunk<\/h2>\n<h3>Gy\u00e1ri panor\u00e1ma<\/h3>\n<p><img decoding=\"async\" src=\"\/wp-content\/uploads\/factory-01.webp\"\/><\/p>\n<h3>Alum\u00ednium r\u00fadgy\u00e1rt\u00f3 m\u0171hely<\/h3>\n<p><img decoding=\"async\" src=\"\/wp-content\/uploads\/factory-02.webp\"\/><\/p>\n<\/p>\n<p><img decoding=\"async\" src=\"\/wp-content\/uploads\/factory-03.webp\"\/><\/p>\n<h3>Pen\u00e9sz rakt\u00e1r<\/h3>\n<p><img decoding=\"async\" src=\"\/wp-content\/uploads\/factory-04.webp\"\/><\/p>\n<h3>43 alum\u00ednium extrud\u00e1l\u00f3 vonal (500-5500 tonna)<\/h3>\n<p><img decoding=\"async\" src=\"\/wp-content\/uploads\/factory-05.webp\"\/><\/p>\n<p><img decoding=\"async\" src=\"\/wp-content\/uploads\/factory-06.webp\"\/><\/p>\n<p><img decoding=\"async\" src=\"\/wp-content\/uploads\/factory-07.webp\"\/><\/p>\n<h3>Porfest\u0151 m\u0171hely<\/h3>\n<p><img decoding=\"async\" src=\"\/wp-content\/uploads\/factory-09.webp\"\/><\/p>\n<h3>Anodiz\u00e1l\u00f3 m\u0171hely<\/h3>\n<p><img decoding=\"async\" src=\"\/wp-content\/uploads\/factory-10.webp\"\/><\/p>\n<h3>M\u00e9ly feldolgoz\u00e1si m\u0171hely<\/h3>\n<p><img decoding=\"async\" src=\"\/wp-content\/uploads\/factory-11.webp\"\/><\/p>\n<h3>CNC prec\u00edzi\u00f3s megmunk\u00e1l\u00f3 m\u0171hely<\/h3>\n<p><img decoding=\"async\" src=\"\/wp-content\/uploads\/factory-11.5.webp\"\/><\/p>\n<h3>K\u00e9szterm\u00e9k \u00e9s export rakt\u00e1r<\/h3>\n<p><img decoding=\"async\" src=\"\/wp-content\/uploads\/factory-12.webp\"\/><\/p>\n<p><img decoding=\"async\" src=\"\/wp-content\/uploads\/factory-13.webp\"\/><\/p>\n<p><img decoding=\"async\" src=\"\/wp-content\/uploads\/factory-14.webp\"\/><\/p>\n<h2>GYIK<\/h2>\n<p><b>1.Mire haszn\u00e1lj\u00e1k az alum\u00ednium \u00f6nt\u00f6z\u0151cs\u00f6vet?<\/b><\/p>\n<p>Az alum\u00ednium \u00f6nt\u00f6z\u0151cs\u00f6veket mez\u0151gazdas\u00e1gi \u00f6nt\u00f6z\u0151rendszerekben haszn\u00e1lj\u00e1k a v\u00edz hat\u00e9kony, minim\u00e1lis sziv\u00e1rg\u00e1s \u00e9s karbantart\u00e1s melletti sz\u00e1ll\u00edt\u00e1s\u00e1ra a f\u00f6ldeken.\n<\/p>\n<p><\/p>\n<p><b>2.Mik az alum\u00ednium \u00f6nt\u00f6z\u0151cs\u00f6vek legfontosabb el\u0151nyei?<\/b><\/p>\n<p>Az alum\u00ednium \u00f6nt\u00f6z\u0151cs\u00f6vek k\u00f6nny\u0171ek, korr\u00f3zi\u00f3\u00e1ll\u00f3ak \u00e9s k\u00f6nnyen telep\u00edthet\u0151k, \u00edgy ide\u00e1lisak a k\u00fcl\u00f6nb\u00f6z\u0151 mez\u0151gazdas\u00e1gi k\u00f6rnyezetekben t\u00f6rt\u00e9n\u0151 hossz\u00fa t\u00e1v\u00fa haszn\u00e1latra.\n<\/p>\n<p><\/p>\n<p><b>3.Mi\u00e9rt v\u00e1lassza az alum\u00ednium \u00f6nt\u00f6z\u0151cs\u00f6veket a m\u0171anyag vagy ac\u00e9l helyett?<\/b><\/p>\n<p>Az alum\u00edniumcs\u00f6vek a m\u0171anyaghoz k\u00e9pest jobb egyens\u00falyt k\u00edn\u00e1lnak a szil\u00e1rds\u00e1g, a s\u00faly \u00e9s a tart\u00f3ss\u00e1g tekintet\u00e9ben, valamint korr\u00f3zi\u00f3\u00e1ll\u00f3bbak \u00e9s k\u00f6nnyebbek, mint az ac\u00e9l.\n<\/p>\n<p><\/p>\n<p><b>4.Alkalmasak-e az alum\u00ednium \u00f6nt\u00f6z\u0151cs\u00f6vek hordozhat\u00f3 \u00f6nt\u00f6z\u0151rendszerekhez?<\/b><\/p>\n<p>Igen, k\u00f6nny\u0171 s\u00falyuk miatt az alum\u00ednium \u00f6nt\u00f6z\u0151cs\u00f6vek k\u00f6nnyen sz\u00e1ll\u00edthat\u00f3ak \u00e9s \u00f6sszeszerelhet\u0151ek, \u00e9s t\u00f6k\u00e9letesek ideiglenes vagy mobil \u00f6nt\u00f6z\u0151berendez\u00e9sekhez.\n<\/p>\n<p><\/p>\n<p><b>5.Milyen m\u00e9retek \u00e1llnak rendelkez\u00e9sre az elad\u00f3 alum\u00ednium \u00f6nt\u00f6z\u0151cs\u00f6vekhez?<\/b><\/p>\n<p>Az alum\u00ednium \u00f6nt\u00f6z\u0151cs\u00f6vek k\u00fcl\u00f6nb\u00f6z\u0151 \u00e1tm\u00e9r\u0151kben \u00e9s hossz\u00fas\u00e1gokban kaphat\u00f3k, \u00e9s gyakran testre szabhat\u00f3k, hogy megfeleljenek az adott \u00e1raml\u00e1si sebess\u00e9g \u00e9s a terepi elrendez\u00e9s ig\u00e9nyeinek.\n<\/p>\n<p><\/p>\n<p><b>6.Mennyi ideig tartanak az alum\u00ednium \u00f6nt\u00f6z\u0151cs\u00f6vek?<\/b><\/p>\n<p>Megfelel\u0151 gondoskod\u00e1ssal az alum\u00ednium \u00f6nt\u00f6z\u0151cs\u00f6vek \u00e9vtizedekig tarthatnak, megb\u00edzhat\u00f3 teljes\u00edtm\u00e9nyt ny\u00fajtanak, \u00e9s kiv\u00e1l\u00f3an ellen\u00e1llnak a rozsd\u00e1nak \u00e9s az UV sug\u00e1rz\u00e1snak.\n<\/p>\n<p><\/p>\n<p><b>7.Az alum\u00ednium \u00f6nt\u00f6z\u0151cs\u0151 k\u00f6lts\u00e9ghat\u00e9kony megold\u00e1s a gazd\u00e1lkod\u00f3k sz\u00e1m\u00e1ra?<\/b><\/p>\n<p>Igen, az alum\u00ednium \u00f6nt\u00f6z\u0151cs\u00f6vek cs\u00f6kkentik a v\u00edzvesztes\u00e9get, kevesebb karbantart\u00e1st ig\u00e9nyelnek, \u00e9s hossz\u00fa \u00e9lettartam\u00faak, \u00edgy k\u00f6lts\u00e9ghat\u00e9kony beruh\u00e1z\u00e1s a mez\u0151gazdas\u00e1gi m\u0171veletek sz\u00e1m\u00e1ra.\n<\/p>\n<p><\/p>","protected":false},"featured_media":6299,"template":"","categories":[60],"class_list":["post-6300","product","type-product","status-publish","has-post-thumbnail","hentry","category-general-tubes-and-bars"],"meta_box":{"hilight_text_group":{"product_hilight_text":"<li>Lightweight and easy to transport for efficient field deployment<\/li>\r\r\n<li>Corrosion-resistant aluminum ensures long service life in outdoor conditions<\/li>\r\r\n<li>Quick-connect design simplifies installation and maintenance<\/li>\r\r\n<li>Available in multiple diameters and lengths to suit various irrigation systems<\/li>\r\r\n<li>High flow capacity supports large-scale agricultural operations<\/li>","product_chanpin_chanpin":"<li><a href=\"https:\/\/sinoextrud.com\/product\/aluminium-tube\/\" target=\"_blank\">Aluminium Tube<\/a><\/li>\r\n<li><a href=\"https:\/\/sinoextrud.com\/product\/extruded-aluminium-profile-for-triangle-and-rectangle-pipe-with-6063-alloy-anodized-mill-finish-surface\/\" target=\"_blank\">Extruded Aluminium Profile For Triangle And Rectangle Pipe With 6063 Alloy Anodized Mill Finish Surface<\/a><\/li>\r\n<li><a href=\"https:\/\/sinoextrud.com\/product\/aluminium-hollow-tube\/\" target=\"_blank\">Aluminium Hollow Tube<\/a><\/li>\r\n<li><a href=\"https:\/\/sinoextrud.com\/product\/customized-6063-extruded-aluminum-flat-bar\/\" target=\"_blank\">Customized 6063 Extruded Aluminum Flat Bar<\/a><\/li>\r\n<li><a href=\"https:\/\/sinoextrud.com\/product\/aluminum-irrigation-pipe-for-sale\/\" target=\"_blank\">Aluminum Irrigation Pipe For Sale<\/a><\/li>\r\n<li><a href=\"https:\/\/sinoextrud.com\/product\/professional-aluminium-tubing\/\" target=\"_blank\">Professional Aluminium Tubing<\/a><\/li>\r\n<li><a href=\"https:\/\/sinoextrud.com\/product\/extruded-aluminum-pipe\/\" target=\"_blank\">Extruded Aluminum Pipe<\/a><\/li>\r\n<li><a href=\"https:\/\/sinoextrud.com\/product\/large-diameter-aluminum-pipe-for-sale\/\" target=\"_blank\">Large Diameter Aluminum Pipe For Sale<\/a><\/li>\r\n<li><a href=\"https:\/\/sinoextrud.com\/product\/aluminum-oval-tubing-with-competitive-price\/\" target=\"_blank\">Aluminum Oval Tubing With Competitive Price<\/a><\/li>\r\n<li><a href=\"https:\/\/sinoextrud.com\/product\/anodized-champagne-aluminium-color-matte-anodized-sand-blasting-6063-alloy-extrusion-profiles\/\" target=\"_blank\">Anodized Champagne aluminium color matte anodized sand blasting 6063 alloy extrusion profiles<\/a><\/li>\r\n<li><a href=\"https:\/\/sinoextrud.com\/product\/aluminium-extrusion-and-aluminium-profile\/\" target=\"_blank\">Aluminium Extrusion and Aluminium Profile<\/a><\/li>"},"feature_list":[]},"_links":{"self":[{"href":"https:\/\/sinoextrud.com\/hu\/wp-json\/wp\/v2\/product\/6300","targetHints":{"allow":["GET"]}}],"collection":[{"href":"https:\/\/sinoextrud.com\/hu\/wp-json\/wp\/v2\/product"}],"about":[{"href":"https:\/\/sinoextrud.com\/hu\/wp-json\/wp\/v2\/types\/product"}],"wp:featuredmedia":[{"embeddable":true,"href":"https:\/\/sinoextrud.com\/hu\/wp-json\/wp\/v2\/media\/6299"}],"wp:attachment":[{"href":"https:\/\/sinoextrud.com\/hu\/wp-json\/wp\/v2\/media?parent=6300"}],"wp:term":[{"taxonomy":"category","embeddable":true,"href":"https:\/\/sinoextrud.com\/hu\/wp-json\/wp\/v2\/categories?post=6300"}],"curies":[{"name":"wp","href":"https:\/\/api.w.org\/{rel}","templated":true}]}}