{"id":6298,"date":"2025-05-26T09:16:03","date_gmt":"2025-05-26T09:16:03","guid":{"rendered":"https:\/\/sinoextrud.com\/product\/customized-6063-extruded-aluminum-flat-bar\/"},"modified":"2025-06-24T06:10:37","modified_gmt":"2025-06-24T06:10:37","slug":"testreszabott-6063-extrudalt-aluminium-lapos-rud","status":"publish","type":"product","link":"https:\/\/sinoextrud.com\/hu\/product\/customized-6063-extruded-aluminum-flat-bar\/","title":{"rendered":"Testreszabott 6063 extrud\u00e1lt alum\u00ednium lapos r\u00fad"},"content":{"rendered":"<h2>Term\u00e9kek r\u00e9szletei<\/h2>\n<table class=\"custom-table\">\n<tr>\n<td class=\"label\">T\u00e9tel<\/td>\n<td>Testreszabott 6063 extrud\u00e1lt alum\u00ednium lapos r\u00fad<\/td>\n<\/tr>\n<tr>\n<td class=\"label\">Anyag<\/td>\n<td>6063, 6061 \u00f6tv\u00f6zet vagy az \u00fcgyf\u00e9l v\u00e1laszt\u00e1sa szerint<\/td>\n<\/tr>\n<tr>\n<td class=\"label\">Temper<\/td>\n<td>T3, T4, T5, T6<\/td>\n<\/tr>\n<tr>\n<td class=\"label\">Fel\u00fclet<\/td>\n<td>Anodiz\u00e1l\u00e1s (tiszta, szat\u00e9n, bronz, fekete, arany, ez\u00fcst, egy\u00e9b t\u00f6bbsz\u00edn\u0171) , elektrofor\u00e9zis, porsz\u00f3r\u00e1s, PVDF bevonat, faanyagfest\u00e9s stb.<\/td>\n<\/tr>\n<tr>\n<td class=\"label\">MOQ<\/td>\n<td>200 kg. \u00c1ltal\u00e1ban 12 tonna egy 20 l\u00e1bas kont\u00e9ner eset\u00e9ben; 24 tonna egy 40 l\u00e1bas kont\u00e9ner eset\u00e9ben.<\/td>\n<\/tr>\n<tr>\n<td class=\"label\">Profil t\u00edpusa<\/td>\n<td>Ipar Alum\u00ednium profil haszn\u00e1lt aut\u00f3k, vonatok g\u00e9pek, p\u00f3tkocsik, elektronika, orvosi \u00e9s egy\u00e9b ipari iktatott.<\/td>\n<\/tr>\n<tr>\n<td class=\"label\">Megmunk\u00e1l\u00e1s<\/td>\n<td>1. mar\u00e1s; 2. f\u00far\u00e1s; 3. hajl\u00edt\u00e1s; 4. v\u00e1g\u00e1s ...<\/td>\n<\/tr>\n<tr>\n<td class=\"label\">Form\u00e1z\u00e1s<\/td>\n<td>1. A mi form\u00e1ink haszn\u00e1lata ingyenes; 2. Az \u00fcgyf\u00e9l rajz\u00e1nak haszn\u00e1lata, a nyit\u00f3forma d\u00edj\u00e1t ki kell fizetni.<\/td>\n<\/tr>\n<tr>\n<td class=\"label\">Tan\u00fas\u00edtv\u00e1ny<\/td>\n<td>ISO14001:2004, ISO9001:2000<\/td>\n<\/tr>\n<\/table>\n<h2>Gy\u00e1rt\u00f3 b\u00e1zisunk<\/h2>\n<h3>Gy\u00e1ri panor\u00e1ma<\/h3>\n<p><img decoding=\"async\" src=\"\/wp-content\/uploads\/factory-01.webp\"\/><\/p>\n<h3>Alum\u00ednium r\u00fadgy\u00e1rt\u00f3 m\u0171hely<\/h3>\n<p><img decoding=\"async\" src=\"\/wp-content\/uploads\/factory-02.webp\"\/><\/p>\n<\/p>\n<p><img decoding=\"async\" src=\"\/wp-content\/uploads\/factory-03.webp\"\/><\/p>\n<h3>Pen\u00e9sz rakt\u00e1r<\/h3>\n<p><img decoding=\"async\" src=\"\/wp-content\/uploads\/factory-04.webp\"\/><\/p>\n<h3>43 alum\u00ednium extrud\u00e1l\u00f3 vonal (500-5500 tonna)<\/h3>\n<p><img decoding=\"async\" src=\"\/wp-content\/uploads\/factory-05.webp\"\/><\/p>\n<p><img decoding=\"async\" src=\"\/wp-content\/uploads\/factory-06.webp\"\/><\/p>\n<p><img decoding=\"async\" src=\"\/wp-content\/uploads\/factory-07.webp\"\/><\/p>\n<h3>Porfest\u0151 m\u0171hely<\/h3>\n<p><img decoding=\"async\" src=\"\/wp-content\/uploads\/factory-09.webp\"\/><\/p>\n<h3>Anodiz\u00e1l\u00f3 m\u0171hely<\/h3>\n<p><img decoding=\"async\" src=\"\/wp-content\/uploads\/factory-10.webp\"\/><\/p>\n<h3>M\u00e9ly feldolgoz\u00e1si m\u0171hely<\/h3>\n<p><img decoding=\"async\" src=\"\/wp-content\/uploads\/factory-11.webp\"\/><\/p>\n<h3>CNC prec\u00edzi\u00f3s megmunk\u00e1l\u00f3 m\u0171hely<\/h3>\n<p><img decoding=\"async\" src=\"\/wp-content\/uploads\/factory-11.5.webp\"\/><\/p>\n<h3>K\u00e9szterm\u00e9k \u00e9s export rakt\u00e1r<\/h3>\n<p><img decoding=\"async\" src=\"\/wp-content\/uploads\/factory-12.webp\"\/><\/p>\n<p><img decoding=\"async\" src=\"\/wp-content\/uploads\/factory-13.webp\"\/><\/p>\n<p><img decoding=\"async\" src=\"\/wp-content\/uploads\/factory-14.webp\"\/><\/p>\n<h2>GYIK<\/h2>\n<p><b>1.What egy testreszabott 6063 extrud\u00e1lt alum\u00ednium lapos r\u00fad haszn\u00e1lt?<\/b><\/p>\n<p>A testreszabott 6063 extrud\u00e1lt alum\u00ednium lapos rudakat szil\u00e1rds\u00e1guk, alak\u00edthat\u00f3s\u00e1guk \u00e9s eleg\u00e1ns megjelen\u00e9s\u00fck miatt \u00e9p\u00edt\u0151ipari, keretez\u00e9si, g\u00e9p\u00e9szeti \u00e9s dekorat\u00edv alkalmaz\u00e1sokban haszn\u00e1lj\u00e1k.\n<\/p>\n<p><\/p>\n<p><b>2.Mik az el\u0151nyei a 6063 \u00f6tv\u00f6zet haszn\u00e1lat\u00e1nak az alum\u00ednium lapos rudakban?<\/b><\/p>\n<p>A 6063-as alum\u00ednium\u00f6tv\u00f6zet kiv\u00e1l\u00f3 korr\u00f3zi\u00f3\u00e1ll\u00f3s\u00e1got, j\u00f3 fel\u00fcleti fel\u00fcletet \u00e9s magas megmunk\u00e1lhat\u00f3s\u00e1got biztos\u00edt, \u00edgy ide\u00e1lis \u00e9p\u00edt\u00e9szeti \u00e9s szerkezeti alkalmaz\u00e1sokhoz.\n<\/p>\n<p><\/p>\n<p><b>3.Mi\u00e9rt v\u00e1lasszon egy testreszabott alum\u00ednium lapos rudat?<\/b><\/p>\n<p>Az egyedi alum\u00ednium lapos rudak lehet\u0151v\u00e9 teszik a m\u00e9retek, t\u0171r\u00e9sek \u00e9s fel\u00fcletkezel\u00e9sek pontos ellen\u0151rz\u00e9s\u00e9t, biztos\u00edtva a projekt egyedi k\u00f6vetelm\u00e9nyeinek val\u00f3 megfelel\u00e9st.\n<\/p>\n<p><\/p>\n<p><b>4.Milyen fel\u00fcleti fel\u00fcletek \u00e1llnak rendelkez\u00e9sre a 6063 extrud\u00e1lt alum\u00ednium lapos rudakhoz?<\/b><\/p>\n<p>A n\u00e9pszer\u0171 fel\u00fcleti fel\u00fcletek k\u00f6z\u00e9 tartozik az elox\u00e1lt, a maratott \u00e9s a porsz\u00f3rt bevonat, ami n\u00f6veli a tart\u00f3ss\u00e1got, a korr\u00f3zi\u00f3v\u00e9delmet \u00e9s a vizu\u00e1lis vonzer\u0151t.\n<\/p>\n<p><\/p>\n<p><b>5.Are 6063 extrud\u00e1lt alum\u00ednium lapos rudak alkalmas k\u00fclt\u00e9ri haszn\u00e1latra?<\/b><\/p>\n<p>Igen, megfelel\u0151 fel\u00fcletkezel\u00e9ssel a 6063-as extrud\u00e1lt alum\u00ednium lapos rudak rendk\u00edv\u00fcl ellen\u00e1ll\u00f3ak az id\u0151j\u00e1r\u00e1s viszontags\u00e1gaival szemben, \u00edgy ide\u00e1lisak k\u00fclt\u00e9ri alkalmaz\u00e1sokhoz.\n<\/p>\n<p><\/p>\n<p><b>6.Hogyan jav\u00edtja az extrud\u00e1l\u00e1s az alum\u00ednium lapos rudak teljes\u00edtm\u00e9ny\u00e9t?<\/b><\/p>\n<p>Az extrud\u00e1l\u00e1s biztos\u00edtja az egyenletes keresztmetszetet, a sima fel\u00fcletet \u00e9s a szerkezeti szil\u00e1rds\u00e1got, jav\u00edtva a lapos r\u00fad teljes\u00edtm\u00e9ny\u00e9t \u00e9s a k\u00f6nny\u0171 gy\u00e1rthat\u00f3s\u00e1got.\n<\/p>\n<p><\/p>\n<p><b>7.Is 6063 extrud\u00e1lt alum\u00ednium lapos r\u00fad k\u00f6rnyezetbar\u00e1t?<\/b><\/p>\n<p>Igen, az alum\u00ednium teljesen \u00fajrahasznos\u00edthat\u00f3 \u00e9s energiahat\u00e9kony, \u00edgy a 6063 extrud\u00e1lt lapos rudak fenntarthat\u00f3 v\u00e1laszt\u00e1s a k\u00f6rnyezettudatos projektekhez.\n<\/p>\n<p><\/p>","protected":false},"featured_media":6297,"template":"","categories":[60],"class_list":["post-6298","product","type-product","status-publish","has-post-thumbnail","hentry","category-general-tubes-and-bars"],"meta_box":{"hilight_text_group":{"product_hilight_text":"<li>Manufactured with 6063 alloy for excellent corrosion resistance and formability<\/li>\r\r\n<li>Custom sizes and lengths available to meet specific project requirements<\/li>\r\r\n<li>Ideal for framing, support structures, and decorative applications<\/li>\r\r\n<li>Smooth surface finish suitable for anodizing and powder coating<\/li>\r\r\n<li>High dimensional accuracy ensures easy machining and assembly<\/li>","product_chanpin_chanpin":"<li><a href=\"https:\/\/sinoextrud.com\/product\/round-aluminium-profile\/\" target=\"_blank\">Round Aluminium Profile<\/a><\/li>\r\n<li><a href=\"https:\/\/sinoextrud.com\/product\/aluminium-tube\/\" target=\"_blank\">Aluminium Tube<\/a><\/li>\r\n<li><a href=\"https:\/\/sinoextrud.com\/product\/extruded-aluminium-profile-for-triangle-and-rectangle-pipe-with-6063-alloy-anodized-mill-finish-surface\/\" target=\"_blank\">Extruded Aluminium Profile For Triangle And Rectangle Pipe With 6063 Alloy Anodized Mill Finish Surface<\/a><\/li>\r\n<li><a href=\"https:\/\/sinoextrud.com\/product\/aluminium-hollow-tube\/\" target=\"_blank\">Aluminium Hollow Tube<\/a><\/li>\r\n<li><a href=\"https:\/\/sinoextrud.com\/product\/customized-6063-extruded-aluminum-flat-bar\/\" target=\"_blank\">Customized 6063 Extruded Aluminum Flat Bar<\/a><\/li>\r\n<li><a href=\"https:\/\/sinoextrud.com\/product\/aluminum-irrigation-pipe-for-sale\/\" target=\"_blank\">Aluminum Irrigation Pipe For Sale<\/a><\/li>\r\n<li><a href=\"https:\/\/sinoextrud.com\/product\/professional-aluminium-tubing\/\" target=\"_blank\">Professional Aluminium Tubing<\/a><\/li>\r\n<li><a href=\"https:\/\/sinoextrud.com\/product\/extruded-aluminum-pipe\/\" target=\"_blank\">Extruded Aluminum Pipe<\/a><\/li>\r\n<li><a href=\"https:\/\/sinoextrud.com\/product\/large-diameter-aluminum-pipe-for-sale\/\" target=\"_blank\">Large Diameter Aluminum Pipe For Sale<\/a><\/li>\r\n<li><a href=\"https:\/\/sinoextrud.com\/product\/extruded-aluminium-window-frames\/\" target=\"_blank\">Extruded Aluminium Window Frames<\/a><\/li>\r\n<li><a href=\"https:\/\/sinoextrud.com\/product\/triangular-aluminium-extrusion\/\" target=\"_blank\">Triangular Aluminium Extrusion<\/a><\/li>"},"feature_list":[]},"_links":{"self":[{"href":"https:\/\/sinoextrud.com\/hu\/wp-json\/wp\/v2\/product\/6298","targetHints":{"allow":["GET"]}}],"collection":[{"href":"https:\/\/sinoextrud.com\/hu\/wp-json\/wp\/v2\/product"}],"about":[{"href":"https:\/\/sinoextrud.com\/hu\/wp-json\/wp\/v2\/types\/product"}],"wp:featuredmedia":[{"embeddable":true,"href":"https:\/\/sinoextrud.com\/hu\/wp-json\/wp\/v2\/media\/6297"}],"wp:attachment":[{"href":"https:\/\/sinoextrud.com\/hu\/wp-json\/wp\/v2\/media?parent=6298"}],"wp:term":[{"taxonomy":"category","embeddable":true,"href":"https:\/\/sinoextrud.com\/hu\/wp-json\/wp\/v2\/categories?post=6298"}],"curies":[{"name":"wp","href":"https:\/\/api.w.org\/{rel}","templated":true}]}}