{"id":6296,"date":"2025-05-26T09:11:12","date_gmt":"2025-05-26T09:11:12","guid":{"rendered":"https:\/\/sinoextrud.com\/product\/aluminium-hollow-tube\/"},"modified":"2025-06-24T06:10:37","modified_gmt":"2025-06-24T06:10:37","slug":"aluminium-ureges-cso","status":"publish","type":"product","link":"https:\/\/sinoextrud.com\/hu\/product\/aluminium-hollow-tube\/","title":{"rendered":"Alum\u00ednium \u00fcreges cs\u0151"},"content":{"rendered":"<h2>Term\u00e9kek r\u00e9szletei<\/h2>\n<table class=\"custom-table\">\n<tr>\n<td class=\"label\">T\u00e9tel:<\/td>\n<td>Alum\u00ednium \u00fcreges cs\u0151, Alum\u00ednium \u00fcreges kerek cs\u0151\/cs\u0151, Alum\u00ednium \u00fcreges n\u00e9gyzet alak\u00fa cs\u0151\/cs\u0151, Alum\u00ednium \u00fcreges t\u00e9glalap alak\u00fa cs\u0151\/cs\u0151, Alum\u00ednium \u00fcreges h\u00e1romsz\u00f6g cs\u0151\/cs\u0151<\/td>\n<\/tr>\n<tr>\n<td class=\"label\">Anyag:<\/td>\n<td>100% alum\u00ednium profil<\/td>\n<\/tr>\n<tr>\n<td class=\"label\">\u00f6tv\u00f6zet:<\/td>\n<td>6063-T5,6061-T6,6463-T5,6082etc<\/td>\n<\/tr>\n<tr>\n<td class=\"label\">M\u00e9ret:<\/td>\n<td>1m-9m vagy egyedi m\u00e9ret<\/td>\n<\/tr>\n<tr>\n<td class=\"label\">Alkalmaz\u00e1s:<\/td>\n<td>B\u00fatorok, ablakok \u00e9s ajt\u00f3k, dekor\u00e1ci\u00f3, ipar, \u00e9p\u00edt\u0151ipar stb.<\/td>\n<\/tr>\n<tr>\n<td class=\"label\">Sz\u00ednek:<\/td>\n<td>Elox\u00e1lt, fa szemcs\u00e9s, porsz\u00f3rt, elox\u00e1lt pol\u00edrozott \u00e9s csiszolt, elektrofor\u00e9zis, flurokarbon porsz\u00f3rt stb.<\/td>\n<\/tr>\n<tr>\n<td class=\"label\">MOQ:<\/td>\n<td>200KG minden egyes profilhoz<\/td>\n<\/tr>\n<tr>\n<td class=\"label\">OEM szolg\u00e1ltat\u00e1s:<\/td>\n<td>a megrendel\u0151 \u00e1ltal tervezett rajzok vagy mint\u00e1k alapj\u00e1n<\/td>\n<\/tr>\n<tr>\n<td class=\"label\">El\u00e9rhet\u0151 tan\u00fas\u00edt\u00e1s:<\/td>\n<td>ISO: 9001, SONCAP, BV tan\u00fas\u00edtv\u00e1ny vagy az \u00fcgyfelek tan\u00fas\u00edtv\u00e1nya rendelkez\u00e9sre \u00e1ll<\/td>\n<\/tr>\n<tr>\n<td class=\"label\">Csomagol\u00e1si r\u00e9szletek:<\/td>\n<td>(1) Bel\u00fcl: m\u0171anyag v\u00e9d\u0151f\u00f3li\u00e1val csomagolva az egyes profilok v\u00e9delme \u00e9rdek\u00e9ben<br \/>(2) K\u00edv\u00fcl: v\u00edz\u00e1ll\u00f3 k\u00e9zm\u0171ves pap\u00edrral csomagolva<\/td>\n<\/tr>\n<tr>\n<td class=\"label\">Sz\u00e1ll\u00edt\u00e1si id\u0151:<\/td>\n<td>(1) Die Fejleszt\u00e9s \u00e9s mintateszt :12-18napok<br \/>(1) Gy\u00e1rt\u00e1si id\u0151tartam: 20-25 nap, miut\u00e1n a vev\u0151 meger\u0151s\u00edtette a mint\u00e1t<\/td>\n<\/tr>\n<tr>\n<td class=\"label\">Fizet\u00e9si felt\u00e9telek:<\/td>\n<td>T \/ T, 30% el\u0151leg, m\u00edg az egyenleget a sz\u00e1ll\u00edt\u00e1s el\u0151tt kell kifizetni<\/td>\n<\/tr>\n<tr>\n<td class=\"label\">Elsz\u00e1mol\u00e1si hat\u00e1rid\u0151:<\/td>\n<td>A v\u00e9gs\u0151 kifizet\u00e9s alapja a v\u00e9gleges t\u00e9nyleges fizikai s\u00falyoz\u00e1s.<\/td>\n<\/tr>\n<tr>\n<td class=\"label\">Termel\u00e9si garancia<\/td>\n<td>A fel\u00fcleti sz\u00edn belt\u00e9ri haszn\u00e1lat eset\u00e9n 10~20 \u00e9vig k\u00e9pes fenntartani.<\/td>\n<\/tr>\n<tr>\n<td class=\"label\">Kik\u00f6t\u0151:<\/td>\n<td>Shenzhen, Guangzhou, Foshan eset\u00e9ben<\/td>\n<\/tr>\n<\/table>\n<h2>Gy\u00e1rt\u00f3 b\u00e1zisunk<\/h2>\n<h3>Gy\u00e1ri panor\u00e1ma<\/h3>\n<p><img decoding=\"async\" src=\"\/wp-content\/uploads\/factory-01.webp\"\/><\/p>\n<h3>Alum\u00ednium r\u00fadgy\u00e1rt\u00f3 m\u0171hely<\/h3>\n<p><img decoding=\"async\" src=\"\/wp-content\/uploads\/factory-02.webp\"\/><\/p>\n<\/p>\n<p><img decoding=\"async\" src=\"\/wp-content\/uploads\/factory-03.webp\"\/><\/p>\n<h3>Pen\u00e9sz rakt\u00e1r<\/h3>\n<p><img decoding=\"async\" src=\"\/wp-content\/uploads\/factory-04.webp\"\/><\/p>\n<h3>43 alum\u00ednium extrud\u00e1l\u00f3 vonal (500-5500 tonna)<\/h3>\n<p><img decoding=\"async\" src=\"\/wp-content\/uploads\/factory-05.webp\"\/><\/p>\n<p><img decoding=\"async\" src=\"\/wp-content\/uploads\/factory-06.webp\"\/><\/p>\n<p><img decoding=\"async\" src=\"\/wp-content\/uploads\/factory-07.webp\"\/><\/p>\n<h3>Porfest\u0151 m\u0171hely<\/h3>\n<p><img decoding=\"async\" src=\"\/wp-content\/uploads\/factory-09.webp\"\/><\/p>\n<h3>Anodiz\u00e1l\u00f3 m\u0171hely<\/h3>\n<p><img decoding=\"async\" src=\"\/wp-content\/uploads\/factory-10.webp\"\/><\/p>\n<h3>M\u00e9ly feldolgoz\u00e1si m\u0171hely<\/h3>\n<p><img decoding=\"async\" src=\"\/wp-content\/uploads\/factory-11.webp\"\/><\/p>\n<h3>CNC prec\u00edzi\u00f3s megmunk\u00e1l\u00f3 m\u0171hely<\/h3>\n<p><img decoding=\"async\" src=\"\/wp-content\/uploads\/factory-11.5.webp\"\/><\/p>\n<h3>K\u00e9szterm\u00e9k \u00e9s export rakt\u00e1r<\/h3>\n<p><img decoding=\"async\" src=\"\/wp-content\/uploads\/factory-12.webp\"\/><\/p>\n<p><img decoding=\"async\" src=\"\/wp-content\/uploads\/factory-13.webp\"\/><\/p>\n<p><img decoding=\"async\" src=\"\/wp-content\/uploads\/factory-14.webp\"\/><\/p>\n<h2>GYIK<\/h2>\n<p><b>1.Mire haszn\u00e1lj\u00e1k az alum\u00ednium \u00fcreges cs\u00f6vet?<\/b><\/p>\n<p>Az alum\u00ednium \u00fcreges cs\u00f6veket k\u00f6nny\u0171 s\u00falyuk \u00e9s szerkezeti hat\u00e9konys\u00e1guk miatt sz\u00e9les k\u00f6rben haszn\u00e1lj\u00e1k az \u00e9p\u00edt\u0151iparban, az aut\u00f3iparban, a b\u00fatoriparban \u00e9s a rep\u00fcl\u0151g\u00e9piparban.\n<\/p>\n<p><\/p>\n<p><b>2.Mik az alum\u00ednium \u00fcreges cs\u00f6vek legfontosabb el\u0151nyei?<\/b><\/p>\n<p>Az alum\u00ednium \u00fcreges cs\u00f6vek nagy szil\u00e1rds\u00e1g\/t\u00f6meg ar\u00e1nyt, korr\u00f3zi\u00f3\u00e1ll\u00f3s\u00e1got \u00e9s k\u00f6nny\u0171 megmunk\u00e1lhat\u00f3s\u00e1got k\u00edn\u00e1lnak, \u00edgy ide\u00e1lisak mind funkcion\u00e1lis, mind dekorat\u00edv alkalmaz\u00e1sokhoz.\n<\/p>\n<p><\/p>\n<p><b>3.Mi\u00e9rt v\u00e1lassza az alum\u00ednium \u00fcreges cs\u00f6veket a t\u00f6m\u00f6r rudakkal szemben?<\/b><\/p>\n<p>Az alum\u00ednium \u00fcreges cs\u00f6vek kevesebb anyagb\u00f3l hasonl\u00f3 szil\u00e1rds\u00e1got biztos\u00edtanak, cs\u00f6kkentve a s\u00falyt \u00e9s a k\u00f6lts\u00e9geket, mik\u00f6zben meg\u0151rzik a szerkezeti integrit\u00e1st.\n<\/p>\n<p><\/p>\n<p><b>4.Can alum\u00ednium \u00fcreges cs\u00f6vek testre szabhat\u00f3?<\/b><\/p>\n<p>Igen, az alum\u00ednium \u00fcreges cs\u00f6vek \u00e1tm\u00e9r\u0151je, falvastags\u00e1ga, hossza \u00e9s fel\u00fcleti fel\u00fclete testre szabhat\u00f3, hogy megfeleljen az egyedi tervez\u00e9si \u00e9s m\u00e9rn\u00f6ki ig\u00e9nyeknek.\n<\/p>\n<p><\/p>\n<p><b>5.Milyen fel\u00fcletkezel\u00e9s \u00e9rhet\u0151 el az alum\u00ednium \u00fcreges cs\u00f6vekhez?<\/b><\/p>\n<p>A gyakori fel\u00fcletkezel\u00e9sek k\u00f6z\u00e9 tartozik az elox\u00e1l\u00e1s, a porsz\u00f3r\u00e1s \u00e9s a mar\u00e1s, amelyek fokozz\u00e1k a korr\u00f3zi\u00f3\u00e1ll\u00f3s\u00e1got \u00e9s a vizu\u00e1lis vonzer\u0151t.\n<\/p>\n<p><\/p>\n<p><b>6.Alkalmasak-e az alum\u00ednium \u00fcreges cs\u00f6vek k\u00fclt\u00e9ri haszn\u00e1latra?<\/b><\/p>\n<p>Igen, az alum\u00ednium \u00fcreges cs\u00f6vek rendk\u00edv\u00fcl ellen\u00e1ll\u00f3ak az id\u0151j\u00e1r\u00e1ssal \u00e9s a rozsd\u00e1val szemben, \u00edgy kiv\u00e1l\u00f3 v\u00e1laszt\u00e1s k\u00fclt\u00e9ri \u00e9s tengeri k\u00f6rnyezetbe.\n<\/p>\n<p><\/p>\n<p><b>7.Hogyan t\u00e1mogatj\u00e1k az alum\u00ednium \u00fcreges cs\u00f6vek a k\u00f6rnyezetbar\u00e1t \u00e9p\u00edt\u00e9st?<\/b><\/p>\n<p>Az alum\u00ednium 100% \u00fajrahasznos\u00edthat\u00f3 \u00e9s energiatakar\u00e9kosan gy\u00e1rthat\u00f3, \u00edgy az alum\u00ednium \u00fcreges cs\u00f6vek fenntarthat\u00f3 megold\u00e1st jelentenek a z\u00f6ld \u00e9p\u00edt\u00e9si projektek sz\u00e1m\u00e1ra.\n<\/p>\n<p><\/p>","protected":false},"featured_media":6295,"template":"","categories":[60],"class_list":["post-6296","product","type-product","status-publish","has-post-thumbnail","hentry","category-general-tubes-and-bars"],"meta_box":{"hilight_text_group":{"product_hilight_text":"<li>Lightweight hollow design reduces material cost and overall weight<\/li>\r\r\n<li>High strength-to-weight ratio suitable for structural applications<\/li>\r\r\n<li>Excellent corrosion resistance for indoor and outdoor use<\/li>\r\r\n<li>Available in various diameters, wall thicknesses, and lengths<\/li>\r\r\n<li>Supports custom fabrication, surface treatment, and bulk orders<\/li>","product_chanpin_chanpin":"<li><a href=\"https:\/\/sinoextrud.com\/product\/aluminium-curtain-guide-rail\/\" target=\"_blank\">Aluminium Curtain Guide Rail<\/a><\/li>\r\n<li><a href=\"https:\/\/sinoextrud.com\/product\/round-aluminium-profile\/\" target=\"_blank\">Round Aluminium Profile<\/a><\/li>\r\n<li><a href=\"https:\/\/sinoextrud.com\/product\/aluminium-tube\/\" target=\"_blank\">Aluminium Tube<\/a><\/li>\r\n<li><a href=\"https:\/\/sinoextrud.com\/product\/extruded-aluminium-profile-for-triangle-and-rectangle-pipe-with-6063-alloy-anodized-mill-finish-surface\/\" target=\"_blank\">Extruded Aluminium Profile For Triangle And Rectangle Pipe With 6063 Alloy Anodized Mill Finish Surface<\/a><\/li>\r\n<li><a href=\"https:\/\/sinoextrud.com\/product\/aluminium-hollow-tube\/\" target=\"_blank\">Aluminium Hollow Tube<\/a><\/li>\r\n<li><a href=\"https:\/\/sinoextrud.com\/product\/customized-6063-extruded-aluminum-flat-bar\/\" target=\"_blank\">Customized 6063 Extruded Aluminum Flat Bar<\/a><\/li>\r\n<li><a href=\"https:\/\/sinoextrud.com\/product\/aluminum-irrigation-pipe-for-sale\/\" target=\"_blank\">Aluminum Irrigation Pipe For Sale<\/a><\/li>\r\n<li><a href=\"https:\/\/sinoextrud.com\/product\/professional-aluminium-tubing\/\" target=\"_blank\">Professional Aluminium Tubing<\/a><\/li>\r\n<li><a href=\"https:\/\/sinoextrud.com\/product\/extruded-aluminum-pipe\/\" target=\"_blank\">Extruded Aluminum Pipe<\/a><\/li>\r\n<li><a href=\"https:\/\/sinoextrud.com\/product\/pvdf-aluminum-extrusion-curtain-wall-profile\/\" target=\"_blank\">PVDF Aluminum Extrusion Curtain Wall Profile<\/a><\/li>\r\n<li><a href=\"https:\/\/sinoextrud.com\/product\/t-section-aluminium-extrusion\/\" target=\"_blank\">T Section Aluminium Extrusion<\/a><\/li>"},"feature_list":[]},"_links":{"self":[{"href":"https:\/\/sinoextrud.com\/hu\/wp-json\/wp\/v2\/product\/6296","targetHints":{"allow":["GET"]}}],"collection":[{"href":"https:\/\/sinoextrud.com\/hu\/wp-json\/wp\/v2\/product"}],"about":[{"href":"https:\/\/sinoextrud.com\/hu\/wp-json\/wp\/v2\/types\/product"}],"wp:featuredmedia":[{"embeddable":true,"href":"https:\/\/sinoextrud.com\/hu\/wp-json\/wp\/v2\/media\/6295"}],"wp:attachment":[{"href":"https:\/\/sinoextrud.com\/hu\/wp-json\/wp\/v2\/media?parent=6296"}],"wp:term":[{"taxonomy":"category","embeddable":true,"href":"https:\/\/sinoextrud.com\/hu\/wp-json\/wp\/v2\/categories?post=6296"}],"curies":[{"name":"wp","href":"https:\/\/api.w.org\/{rel}","templated":true}]}}