{"id":6294,"date":"2025-05-26T09:07:59","date_gmt":"2025-05-26T09:07:59","guid":{"rendered":"https:\/\/sinoextrud.com\/product\/extruded-aluminium-profile-for-triangle-and-rectangle-pipe-with-6063-alloy-anodized-mill-finish-surface\/"},"modified":"2025-06-24T06:10:37","modified_gmt":"2025-06-24T06:10:37","slug":"extrudalt-aluminium-profil-haromszog-es-teglalap-alaku-csovekhez-6063-otvozetbol-keszult-eloxalt-maratott-feluletu-aluminium-profilok","status":"publish","type":"product","link":"https:\/\/sinoextrud.com\/hu\/product\/extruded-aluminium-profile-for-triangle-and-rectangle-pipe-with-6063-alloy-anodized-mill-finish-surface\/","title":{"rendered":"Extrud\u00e1lt alum\u00ednium profil a h\u00e1romsz\u00f6g \u00e9s t\u00e9glalap alak\u00fa cs\u0151 6063 \u00f6tv\u00f6zet elox\u00e1lt malom befejez\u0151 fel\u00fclet\u00e9hez"},"content":{"rendered":"<h2>Term\u00e9kek r\u00e9szletei<\/h2>\n<table class=\"custom-table\">\n<tr>\n<td class=\"label\">Anyag<\/td>\n<td>\u00f6tv\u00f6zet 6063-T5, 6063-T6, 6061-T5, 6061-T6<\/td>\n<\/tr>\n<tr>\n<td class=\"label\">Alkalmaz\u00e1s<\/td>\n<td>Alum\u00ednium profil h\u00e1romsz\u00f6g \u00e9s t\u00e9glalap alak\u00fa cs\u0151<\/td>\n<\/tr>\n<tr>\n<td class=\"label\">Tan\u00fas\u00edtv\u00e1ny<\/td>\n<td>ISO9001, ISO14001<\/td>\n<\/tr>\n<tr>\n<td class=\"label\">K\u00e9pess\u00e9g<\/td>\n<td>\u00c9ves termel\u00e9s t\u00f6bb mint 60 000 tonna<\/td>\n<\/tr>\n<tr>\n<td class=\"label\">Sz\u00ednes<\/td>\n<td>Testreszabott el\u00e9rhet\u0151<\/td>\n<\/tr>\n<tr>\n<td class=\"label\">Hossz\u00fas\u00e1g<\/td>\n<td>1-9 m\u00e9ter vagy testreszabott<\/td>\n<\/tr>\n<tr>\n<td class=\"label\">Vastags\u00e1g<\/td>\n<td>Testreszabott<\/td>\n<\/tr>\n<tr>\n<td class=\"label\">Fel\u00fcletkezel\u00e9s<\/td>\n<td>malom kivitel, elox\u00e1l\u00e1s, porsz\u00f3r\u00e1s, fa szemcs\u00e9s \u00e1tvitel, bevonat stb.<\/td>\n<\/tr>\n<tr>\n<td class=\"label\">Alkalmaz\u00e1s<\/td>\n<td>ablak- \u00e9s ajt\u00f3szakasz, korl\u00e1t, f\u00fcgg\u00f6nyfal<br \/>Rakod\u00e1s , Foshan kik\u00f6t\u0151<\/td>\n<\/tr>\n<tr>\n<td class=\"label\">Fizet\u00e9s<\/td>\n<td>T \/ T, 30% el\u0151leg, m\u00edg az egyenleget a sz\u00e1ll\u00edt\u00e1s el\u0151tt kell kifizetni<\/td>\n<\/tr>\n<tr>\n<td class=\"label\">Csomag<\/td>\n<td>1.Inside: m\u0171anyag v\u00e9d\u0151f\u00f3li\u00e1val csomagolva az egyes profilok v\u00e9delme \u00e9rdek\u00e9ben<br \/>2.Outside: v\u00edz\u00e1ll\u00f3 k\u00e9zm\u0171ves pap\u00edrral csomagolva<\/td>\n<\/tr>\n<tr>\n<td class=\"label\">Sz\u00e1ll\u00edt\u00e1s<\/td>\n<td>25-30 nappal az el\u0151leg befizet\u00e9se ut\u00e1n<\/td>\n<\/tr>\n<tr>\n<td class=\"label\">Rendez\u00e9si sorrend<\/td>\n<td>1. Er\u0151s\u00edtse meg a rajzokat, a fel\u00fcletkezel\u00e9st \u00e9s az \u00e1rat;<br \/>2. Fizesse ki a formad\u00edjat, \u00e9s elkezdj\u00fck a form\u00e1k elk\u00e9sz\u00edt\u00e9s\u00e9t;<br \/>3. Mint\u00e1kat k\u00fcld\u00fcnk \u00d6nnek a meger\u0151s\u00edt\u00e9shez;<br \/>4. Tegye meg a 30% let\u00e9t kifizet\u00e9s\u00e9t, kezdje meg a gy\u00e1rt\u00e1st;<\/td>\n<\/tr>\n<\/table>\n<h2>Gy\u00e1rt\u00f3 b\u00e1zisunk<\/h2>\n<h3>Gy\u00e1ri panor\u00e1ma<\/h3>\n<p><img decoding=\"async\" src=\"\/wp-content\/uploads\/factory-01.webp\"\/><\/p>\n<h3>Alum\u00ednium r\u00fadgy\u00e1rt\u00f3 m\u0171hely<\/h3>\n<p><img decoding=\"async\" src=\"\/wp-content\/uploads\/factory-02.webp\"\/><\/p>\n<p><img decoding=\"async\" src=\"\/wp-content\/uploads\/factory-03.webp\"\/><\/p>\n<h3>Pen\u00e9sz rakt\u00e1r<\/h3>\n<p><img decoding=\"async\" src=\"\/wp-content\/uploads\/factory-04.webp\"\/><\/p>\n<h3>43 alum\u00ednium extrud\u00e1l\u00f3 vonal (500-5500 tonna)<\/h3>\n<p><img decoding=\"async\" src=\"\/wp-content\/uploads\/factory-05.webp\"\/><\/p>\n<p><img decoding=\"async\" src=\"\/wp-content\/uploads\/factory-06.webp\"\/><\/p>\n<p><img decoding=\"async\" src=\"\/wp-content\/uploads\/factory-07.webp\"\/><\/p>\n<h3>Porfest\u0151 m\u0171hely<\/h3>\n<p><img decoding=\"async\" src=\"\/wp-content\/uploads\/factory-09.webp\"\/><\/p>\n<h3>Anodiz\u00e1l\u00f3 m\u0171hely<\/h3>\n<p><img decoding=\"async\" src=\"\/wp-content\/uploads\/factory-10.webp\"\/><\/p>\n<h3>M\u00e9ly feldolgoz\u00e1si m\u0171hely<\/h3>\n<p><img decoding=\"async\" src=\"\/wp-content\/uploads\/factory-11.webp\"\/><\/p>\n<h3>CNC prec\u00edzi\u00f3s megmunk\u00e1l\u00f3 m\u0171hely<\/h3>\n<p><img decoding=\"async\" src=\"\/wp-content\/uploads\/factory-11.5.webp\"\/><\/p>\n<h3>K\u00e9szterm\u00e9k \u00e9s export rakt\u00e1r<\/h3>\n<p><img decoding=\"async\" src=\"\/wp-content\/uploads\/factory-12.webp\"\/><\/p>\n<p><img decoding=\"async\" src=\"\/wp-content\/uploads\/factory-13.webp\"\/><\/p>\n<p><img decoding=\"async\" src=\"\/wp-content\/uploads\/factory-14.webp\"\/><\/p>\n<h2>GYIK<\/h2>\n<p><p><b>1.Mire haszn\u00e1lj\u00e1k a h\u00e1romsz\u00f6g \u00e9s t\u00e9glalap alak\u00fa cs\u00f6vekhez val\u00f3 extrud\u00e1lt alum\u00edniumprofilt?<\/b><\/p>\n<p>A h\u00e1romsz\u00f6g \u00e9s t\u00e9glalap alak\u00fa cs\u00f6vek extrud\u00e1lt alum\u00edniumprofiljait geometriai sokoldal\u00fas\u00e1guk \u00e9s szil\u00e1rds\u00e1guk miatt gyakran haszn\u00e1lj\u00e1k \u00e9p\u00edt\u00e9szeti, szerkezeti \u00e9s ipari alkalmaz\u00e1sokban.<br \/>\n<\/p><br \/>\n<br \/>\n<p><b>2.Milyen el\u0151ny\u00f6kkel j\u00e1r a 6063-as \u00f6tv\u00f6zet haszn\u00e1lata az extrud\u00e1lt alum\u00edniumprofilokban?<\/b><\/p>\n<p>A 6063-as alum\u00ednium\u00f6tv\u00f6zet kiv\u00e1l\u00f3 korr\u00f3zi\u00f3\u00e1ll\u00f3s\u00e1got, j\u00f3 hegeszthet\u0151s\u00e9get \u00e9s sima fel\u00fcletet biztos\u00edt, \u00edgy ide\u00e1lis anodiz\u00e1l\u00e1sra \u00e9s \u00e9p\u00edt\u00e9szeti felhaszn\u00e1l\u00e1sra.<br \/>\n<\/p><br \/>\n<br \/>\n<p><b>3.Mi\u00e9rt v\u00e1lassza a h\u00e1romsz\u00f6g \u00e9s t\u00e9glalap alak\u00fa alum\u00ednium cs\u0151profilokat?<\/b><\/p>\n<p>A h\u00e1romsz\u00f6g \u00e9s t\u00e9glalap alak\u00fa alum\u00edniumprofilok egyedi tervez\u00e9si lehet\u0151s\u00e9geket, optimaliz\u00e1lt szerkezeti teljes\u00edtm\u00e9nyt \u00e9s helytakar\u00e9kos megold\u00e1sokat k\u00edn\u00e1lnak k\u00fcl\u00f6nb\u00f6z\u0151 alkalmaz\u00e1sokhoz.<br \/>\n<\/p><br \/>\n<br \/>\n<p><b>4.Milyen fel\u00fcletkezel\u00e9s \u00e9rhet\u0151 el ezekhez az alum\u00edniumprofilokhoz?<\/b><\/p>\n<p>Ezek a profilok elox\u00e1lt \u00e9s maratott fel\u00fclettel kaphat\u00f3k, amelyek fokozott korr\u00f3zi\u00f3v\u00e9delmet, tart\u00f3ss\u00e1got \u00e9s eszt\u00e9tikai megjelen\u00e9st biztos\u00edtanak.<br \/>\n<\/p><br \/>\n<br \/>\n<p><b>5.Milyen el\u0151ny\u00f6kkel j\u00e1r az elox\u00e1l\u00e1s a 6063-as alum\u00edniumprofilok eset\u00e9ben?<\/b><\/p>\n<p>Az elox\u00e1l\u00e1s n\u00f6veli a fel\u00fclet kem\u00e9nys\u00e9g\u00e9t, a korr\u00f3zi\u00f3\u00e1ll\u00f3s\u00e1got \u00e9s a sz\u00ednstabilit\u00e1st, \u00edgy a 6063-as alum\u00edniumprofilok tart\u00f3sabb\u00e1 \u00e9s vonz\u00f3bb\u00e1 v\u00e1lnak.<br \/>\n<\/p><br \/>\n<br \/>\n<p><b>6.A sajtolt h\u00e1romsz\u00f6g \u00e9s t\u00e9glalap alak\u00fa alum\u00edniumcs\u00f6vek testre szabhat\u00f3k?<\/b><\/p>\n<p>Igen, m\u00e9ret, falvastags\u00e1g \u00e9s fel\u00fcletkezel\u00e9s tekintet\u00e9ben testre szabhat\u00f3ak, hogy megfeleljenek a konkr\u00e9t projekt- \u00e9s funkcion\u00e1lis k\u00f6vetelm\u00e9nyeknek.<br \/>\n<\/p><br \/>\n<br \/>\n<p><b>7.Milyen ipar\u00e1gak haszn\u00e1lj\u00e1k \u00e1ltal\u00e1ban a 6063-as \u00f6tv\u00f6zet\u0171 extrud\u00e1lt alum\u00ednium profilokat?<\/b><\/p>\n<p>Az olyan ipar\u00e1gak, mint az \u00e9p\u00edt\u0151ipar, a k\u00f6zleked\u00e9s, a b\u00fatorgy\u00e1rt\u00e1s \u00e9s a napenergia a 6063-as extrud\u00e1lt alum\u00edniumprofilokat szil\u00e1rds\u00e1guk, alak\u00edthat\u00f3s\u00e1guk \u00e9s vizu\u00e1lis min\u0151s\u00e9g\u00fck miatt haszn\u00e1lj\u00e1k.<br \/>\n<\/p><br \/><\/p>","protected":false},"featured_media":6293,"template":"","categories":[60],"class_list":["post-6294","product","type-product","status-publish","has-post-thumbnail","hentry","category-general-tubes-and-bars"],"meta_box":{"hilight_text_group":{"product_hilight_text":"<li>Made from 6063 alloy for excellent strength and corrosion resistance<\/li>\r\r\n<li>Available in triangle and rectangle shapes for versatile structural use<\/li>\r\r\n<li>Extruded with high precision for consistent dimensions and quality<\/li>\r\r\n<li>Surface options include anodized and mill finish for different needs<\/li>\r\r\n<li>Ideal for architectural, construction, and framing applications<\/li>","product_chanpin_chanpin":"<li><a href=\"https:\/\/sinoextrud.com\/product\/oem-aluminum-channel-tube-and-pipe-extrusions-profile-for-constuction\/\" target=\"_blank\">OEM Aluminum Channel Tube And Pipe Extrusions Profile For Constuction<\/a><\/li>\r\n<li><a href=\"https:\/\/sinoextrud.com\/product\/aluminium-curtain-guide-rail\/\" target=\"_blank\">Aluminium Curtain Guide Rail<\/a><\/li>\r\n<li><a href=\"https:\/\/sinoextrud.com\/product\/round-aluminium-profile\/\" target=\"_blank\">Round Aluminium Profile<\/a><\/li>\r\n<li><a href=\"https:\/\/sinoextrud.com\/product\/aluminium-tube\/\" target=\"_blank\">Aluminium Tube<\/a><\/li>\r\n<li><a href=\"https:\/\/sinoextrud.com\/product\/extruded-aluminium-profile-for-triangle-and-rectangle-pipe-with-6063-alloy-anodized-mill-finish-surface\/\" target=\"_blank\">Extruded Aluminium Profile For Triangle And Rectangle Pipe With 6063 Alloy Anodized Mill Finish Surface<\/a><\/li>\r\n<li><a href=\"https:\/\/sinoextrud.com\/product\/aluminium-hollow-tube\/\" target=\"_blank\">Aluminium Hollow Tube<\/a><\/li>\r\n<li><a href=\"https:\/\/sinoextrud.com\/product\/customized-6063-extruded-aluminum-flat-bar\/\" target=\"_blank\">Customized 6063 Extruded Aluminum Flat Bar<\/a><\/li>\r\n<li><a href=\"https:\/\/sinoextrud.com\/product\/aluminum-irrigation-pipe-for-sale\/\" target=\"_blank\">Aluminum Irrigation Pipe For Sale<\/a><\/li>\r\n<li><a href=\"https:\/\/sinoextrud.com\/product\/professional-aluminium-tubing\/\" target=\"_blank\">Professional Aluminium Tubing<\/a><\/li>\r\n<li><a href=\"https:\/\/sinoextrud.com\/product\/anodized-extruded-aluminum-j-channel\/\" target=\"_blank\">Anodized Extruded Aluminum J Channel<\/a><\/li>\r\n<li><a href=\"https:\/\/sinoextrud.com\/product\/linear-rail-aluminium-extrusion\/\" target=\"_blank\">Linear Rail Aluminium Extrusion<\/a><\/li>"},"feature_list":[]},"_links":{"self":[{"href":"https:\/\/sinoextrud.com\/hu\/wp-json\/wp\/v2\/product\/6294","targetHints":{"allow":["GET"]}}],"collection":[{"href":"https:\/\/sinoextrud.com\/hu\/wp-json\/wp\/v2\/product"}],"about":[{"href":"https:\/\/sinoextrud.com\/hu\/wp-json\/wp\/v2\/types\/product"}],"wp:featuredmedia":[{"embeddable":true,"href":"https:\/\/sinoextrud.com\/hu\/wp-json\/wp\/v2\/media\/6293"}],"wp:attachment":[{"href":"https:\/\/sinoextrud.com\/hu\/wp-json\/wp\/v2\/media?parent=6294"}],"wp:term":[{"taxonomy":"category","embeddable":true,"href":"https:\/\/sinoextrud.com\/hu\/wp-json\/wp\/v2\/categories?post=6294"}],"curies":[{"name":"wp","href":"https:\/\/api.w.org\/{rel}","templated":true}]}}