{"id":6278,"date":"2025-05-26T07:34:52","date_gmt":"2025-05-26T07:34:52","guid":{"rendered":"https:\/\/sinoextrud.com\/product\/oem-aluminum-extrusion-profile-for-windows-and-doors\/"},"modified":"2025-06-24T03:59:58","modified_gmt":"2025-06-24T03:59:58","slug":"oem-aluminium-extrudalt-profil-ablakokhoz-es-ajtokhoz","status":"publish","type":"product","link":"https:\/\/sinoextrud.com\/hu\/product\/oem-aluminum-extrusion-profile-for-windows-and-doors\/","title":{"rendered":"OEM alum\u00ednium extrud\u00e1l\u00e1s profil ablakok \u00e9s ajt\u00f3k sz\u00e1m\u00e1ra"},"content":{"rendered":"<h2>Term\u00e9kek r\u00e9szletei<\/h2>\n<table class=\"custom-table\">\n<tr>\n<td class=\"label\">Haszn\u00e1lat<\/td>\n<td>alum\u00ednium \u00fcveg ajt\u00f3 \u00e9s ablak tartoz\u00e9kok irod\u00e1hoz<\/td>\n<\/tr>\n<tr>\n<td class=\"label\">Megnevez\u00e9s:<\/td>\n<td>6 vagy m\u00e1s sorozat az \u00d6n ig\u00e9nye szerint<\/td>\n<\/tr>\n<tr>\n<td class=\"label\">hossz<\/td>\n<td>Testreszabott<\/td>\n<\/tr>\n<tr>\n<td class=\"label\">vastags\u00e1g<\/td>\n<td>Testreszabott<\/td>\n<\/tr>\n<tr>\n<td class=\"label\">Le\u00edr\u00e1s<\/td>\n<td>alum\u00ednium profil, alum\u00ednium extrud\u00e1l\u00e1s, alum\u00ednium cs\u0151, alum\u00ednium \u00f6tv\u00f6zet, alum\u00ednium ajt\u00f3k \u00e9s ablakok, alum\u00ednium sz\u00e1rnyas ablak, alum\u00ednium tol\u00f3ajt\u00f3, alum\u00ednium \u00e9p\u00edt\u0151anyag<\/td>\n<\/tr>\n<tr>\n<td class=\"label\">Fel\u00fcletkezel\u00e9s<\/td>\n<td>malom (kezel\u00e9s n\u00e9lk\u00fcl), pol\u00edrozott, elox\u00e1l\u00e1s, er\u0151bevonat, fa szemcs\u00e9s fest\u00e9s, homokf\u00fav\u00e1s, elektrofor\u00e9zis stb.<\/td>\n<\/tr>\n<tr>\n<td class=\"label\">Dimenzi\u00f3<\/td>\n<td>opcion\u00e1lis<\/td>\n<\/tr>\n<tr>\n<td class=\"label\">Csomagol\u00e1s<\/td>\n<td>Kraft pap\u00edr, kartondoboz, v\u00e9d\u0151hab h\u0151vel \u00f6sszeh\u00fazott m\u0171anyag f\u00f3lia stb. az \u00d6n ig\u00e9nyei szerint.<\/td>\n<\/tr>\n<tr>\n<td class=\"label\">Tan\u00fas\u00edtv\u00e1nyok<\/td>\n<td>ISO 9001.CE, SGS,<\/td>\n<\/tr>\n<tr>\n<td class=\"label\">Sz\u00ednes<\/td>\n<td>Ez\u00fcst , fekete, ez\u00fcst, bronz, pezsg\u0151, faanyag stb.<\/td>\n<\/tr>\n<tr>\n<td class=\"label\">Shape<\/td>\n<td>K\u00fcl\u00f6nb\u00f6z\u0151 form\u00e1k, param\u00e9terek \u00e9s sz\u00ednek \u00e1llnak rendelkez\u00e9sre<\/td>\n<\/tr>\n<tr>\n<td class=\"label\">Sz\u00e1ll\u00edt\u00e1si r\u00e9szletek<\/td>\n<td>10-20 nap \/ mennyis\u00e9gt\u0151l \u00e9s rajzokt\u00f3l f\u00fcgg\u0151en<\/td>\n<\/tr>\n<tr>\n<td class=\"label\">Min\u0151s\u00e9g<\/td>\n<td>A min\u0151s\u00e9g megfelel a nemzetk\u00f6zi szabv\u00e1nynak.<\/td>\n<\/tr>\n<tr>\n<td class=\"label\">Tervez\u00e9s<\/td>\n<td>OEM vagy ODM \u00e1ll rendelkez\u00e9sre, pls k\u00fcldje el nek\u00fcnk a rajz\u00e1t<\/td>\n<\/tr>\n<tr>\n<td class=\"label\">Jellemz\u0151<\/td>\n<td>Magas korr\u00f3zi\u00f3\u00e1ll\u00f3s\u00e1g, id\u0151j\u00e1r\u00e1s\u00e1ll\u00f3s\u00e1g, h\u0151\u00e1ll\u00f3s\u00e1g, l\u00fag\u00e1ll\u00f3s\u00e1g<\/td>\n<\/tr>\n<\/table>\n<h2>Gy\u00e1rt\u00f3 b\u00e1zisunk<\/h2>\n<h3>Gy\u00e1ri panor\u00e1ma<\/h3>\n<p><img decoding=\"async\" src=\"\/wp-content\/uploads\/factory-01.webp\"\/><\/p>\n<h3>Alum\u00ednium r\u00fadgy\u00e1rt\u00f3 m\u0171hely<\/h3>\n<p><img decoding=\"async\" src=\"\/wp-content\/uploads\/factory-02.webp\"\/><\/p>\n<p><img decoding=\"async\" src=\"\/wp-content\/uploads\/factory-03.webp\"\/><\/p>\n<h3>Pen\u00e9sz rakt\u00e1r<\/h3>\n<p><img decoding=\"async\" src=\"\/wp-content\/uploads\/factory-04.webp\"\/><\/p>\n<h3>43 alum\u00ednium extrud\u00e1l\u00f3 vonal (500-5500 tonna)<\/h3>\n<p><img decoding=\"async\" src=\"\/wp-content\/uploads\/factory-05.webp\"\/><\/p>\n<p><img decoding=\"async\" src=\"\/wp-content\/uploads\/factory-06.webp\"\/><\/p>\n<p><img decoding=\"async\" src=\"\/wp-content\/uploads\/factory-07.webp\"\/><\/p>\n<h3>Porfest\u0151 m\u0171hely<\/h3>\n<p><img decoding=\"async\" src=\"\/wp-content\/uploads\/factory-09.webp\"\/><\/p>\n<h3>Anodiz\u00e1l\u00f3 m\u0171hely<\/h3>\n<p><img decoding=\"async\" src=\"\/wp-content\/uploads\/factory-10.webp\"\/><\/p>\n<h3>M\u00e9ly feldolgoz\u00e1si m\u0171hely<\/h3>\n<p><img decoding=\"async\" src=\"\/wp-content\/uploads\/factory-11.webp\"\/><\/p>\n<h3>CNC prec\u00edzi\u00f3s megmunk\u00e1l\u00f3 m\u0171hely<\/h3>\n<p><img decoding=\"async\" src=\"\/wp-content\/uploads\/factory-11.5.webp\"\/><\/p>\n<h3>K\u00e9szterm\u00e9k \u00e9s export rakt\u00e1r<\/h3>\n<p><img decoding=\"async\" src=\"\/wp-content\/uploads\/factory-12.webp\"\/><\/p>\n<p><img decoding=\"async\" src=\"\/wp-content\/uploads\/factory-13.webp\"\/><\/p>\n<p><img decoding=\"async\" src=\"\/wp-content\/uploads\/factory-14.webp\"\/><\/p>\n<h2>GYIK<\/h2>\n<p><p><b>1.Mik az OEM alum\u00ednium extrud\u00e1lt profilok el\u0151nyei az ablakokhoz \u00e9s ajt\u00f3khoz?<\/b><\/p>\n<p>Az OEM alum\u00ednium extrud\u00e1lt profilok nagy szil\u00e1rds\u00e1got, korr\u00f3zi\u00f3\u00e1ll\u00f3s\u00e1got \u00e9s pontos m\u00e9reteket k\u00edn\u00e1lnak, \u00edgy ide\u00e1lisak a tart\u00f3s \u00e9s energiahat\u00e9kony ablak- \u00e9s ajt\u00f3rendszerek sz\u00e1m\u00e1ra.<br \/>\n<\/p><br \/>\n<br \/>\n<p><b>2.Can OEM alum\u00ednium profilok testreszabhat\u00f3ak az adott ablak \u00e9s ajt\u00f3 mint\u00e1khoz?<\/b><\/p>\n<p>Igen, az OEM alum\u00ednium extrud\u00e1lt profilok teljesen testre szabhat\u00f3k az alak, a m\u00e9ret \u00e9s a fel\u00fcletkezel\u00e9s tekintet\u00e9ben, hogy megfeleljenek az egyedi \u00e9p\u00edt\u00e9szeti \u00e9s funkcion\u00e1lis k\u00f6vetelm\u00e9nyeknek.<br \/>\n<\/p><br \/>\n<br \/>\n<p><b>3.Milyen fel\u00fcleti fel\u00fcletek \u00e1llnak rendelkez\u00e9sre az alum\u00ednium extrud\u00e1lt profilokhoz?<\/b><\/p>\n<p>A gyakori fel\u00fcletkezel\u00e9sek k\u00f6z\u00e9 tartozik az elox\u00e1l\u00e1s, a porfest\u00e9s \u00e9s az elektrofor\u00e9zis, amelyek jav\u00edtj\u00e1k a korr\u00f3zi\u00f3\u00e1ll\u00f3s\u00e1got, az eszt\u00e9tik\u00e1t \u00e9s a hossz\u00fa \u00e9lettartamot.<br \/>\n<\/p><br \/>\n<br \/>\n<p><b>4.Mi\u00e9rt v\u00e1lassza az alum\u00ednium extrud\u00e1lt profilokat ajt\u00f3khoz \u00e9s ablakokhoz?<\/b><\/p>\n<p>Az alum\u00edniumprofilok k\u00f6nny\u0171ek, k\u00f6rnyezetbar\u00e1tok, kiv\u00e1l\u00f3 h\u0151szigetel\u00e9st \u00e9s szerkezeti integrit\u00e1st biztos\u00edtanak, \u00edgy t\u00f6k\u00e9letesek a modern \u00e9p\u00edt\u00e9si alkalmaz\u00e1sokhoz.<br \/>\n<\/p><br \/>\n<br \/>\n<p><b>5.Alkalmasak-e az OEM alum\u00ednium profilok a zord id\u0151j\u00e1r\u00e1si k\u00f6r\u00fclm\u00e9nyekhez?<\/b><\/p>\n<p>Igen, az OEM alum\u00ednium extrud\u00e1lt profilokat \u00fagy tervezt\u00e9k, hogy magas korr\u00f3zi\u00f3\u00e1ll\u00f3s\u00e1guknak \u00e9s tart\u00f3ss\u00e1guknak k\u00f6sz\u00f6nhet\u0151en ellen\u00e1lljanak a sz\u00e9ls\u0151s\u00e9ges id\u0151j\u00e1r\u00e1si viszonyoknak.<br \/>\n<\/p><br \/>\n<br \/>\n<p><b>6.How OEM alum\u00ednium extrud\u00e1l\u00e1s jav\u00edtja a gy\u00e1rt\u00e1si hat\u00e9konys\u00e1got?<\/b><\/p>\n<p>Az OEM alum\u00ednium profilok prec\u00edzi\u00f3s extrud\u00e1l\u00e1ssal k\u00e9sz\u00fclnek, ami cs\u00f6kkenti a megmunk\u00e1l\u00e1si id\u0151t, jav\u00edtja az \u00f6sszeszerel\u00e9s hat\u00e9konys\u00e1g\u00e1t \u00e9s biztos\u00edtja az egyenletes min\u0151s\u00e9get.<br \/>\n<\/p><br \/>\n<br \/>\n<p><b>7.Az OEM alum\u00ednium ablak- \u00e9s ajt\u00f3profilok gy\u00e1ri k\u00f6zvetlen sz\u00e1ll\u00edt\u00e1sa el\u00e9rhet\u0151?<\/b><\/p>\n<p>Igen, sok gy\u00e1rt\u00f3 k\u00edn\u00e1l k\u00f6zvetlen gy\u00e1ri sz\u00e1ll\u00edt\u00e1st, ami versenyk\u00e9pes \u00e1rakat, min\u0151s\u00e9gellen\u0151rz\u00e9st \u00e9s gyorsabb sz\u00e1ll\u00edt\u00e1si id\u0151t biztos\u00edt.<br \/>\n<\/p><br \/><\/p>","protected":false},"featured_media":6277,"template":"","categories":[59],"class_list":["post-6278","product","type-product","status-publish","has-post-thumbnail","hentry","category-aluminum-window-door-system"],"meta_box":{"hilight_text_group":{"product_hilight_text":"<li>Customizable dimensions and structures to meet diverse project needs<\/li>\r\r\n<li>High-strength aluminum alloy, corrosion-resistant for various climates<\/li>\r\r\n<li>Multiple surface finishes (anodizing, electrophoresis, powder coating) for durability and aesthetics<\/li>\r\r\n<li>Factory direct supply for shorter lead times and reduced procurement costs<\/li>\r\r\n<li>Precision extrusion ensures easy installation and excellent sealing performance<\/li>","product_chanpin_chanpin":"<li><a href=\"https:\/\/sinoextrud.com\/product\/aluminium-mosquito-net-windows-and-door\/\" target=\"_blank\">Aluminium Mosquito Net Windows And Door<\/a><\/li>\r\n<li><a href=\"https:\/\/sinoextrud.com\/product\/aluminum-profile-doors\/\" target=\"_blank\">Aluminum Profile Doors<\/a><\/li>\r\n<li><a href=\"https:\/\/sinoextrud.com\/product\/aluminium-gate-fence\/\" target=\"_blank\">Aluminium gate fence<\/a><\/li>\r\n<li><a href=\"https:\/\/sinoextrud.com\/product\/aluminum-windows-and-doors\/\" target=\"_blank\">Aluminum Windows And Doors<\/a><\/li>\r\n<li><a href=\"https:\/\/sinoextrud.com\/product\/oem-aluminum-extrusion-profile-for-windows-and-doors\/\" target=\"_blank\">OEM Aluminum Extrusion Profile for Windows and Doors<\/a><\/li>\r\n<li><a href=\"https:\/\/sinoextrud.com\/product\/aluminium-tube-suppliers-offer-extruded-aluminium-square-tube-profile-with-anodized-powder-coating-surface-treatment\/\" target=\"_blank\">Aluminium Tube Suppliers Offer Extruded Aluminium Square Tube Profile With Anodized Powder Coating Surface Treatment<\/a><\/li>\r\n<li><a href=\"https:\/\/sinoextrud.com\/product\/oem-aluminum-channel-tube-and-pipe-extrusions-profile-for-constuction\/\" target=\"_blank\">OEM Aluminum Channel Tube And Pipe Extrusions Profile For Constuction<\/a><\/li>\r\n<li><a href=\"https:\/\/sinoextrud.com\/product\/aluminium-curtain-guide-rail\/\" target=\"_blank\">Aluminium Curtain Guide Rail<\/a><\/li>\r\n<li><a href=\"https:\/\/sinoextrud.com\/product\/round-aluminium-profile\/\" target=\"_blank\">Round Aluminium Profile<\/a><\/li>\r\n<li><a href=\"https:\/\/sinoextrud.com\/product\/extruded-aluminum-triangle-electrical-instrument-shell-housing\/\" target=\"_blank\">Extruded Aluminum Triangle Electrical Instrument Shell Housing<\/a><\/li>\r\n<li><a href=\"https:\/\/sinoextrud.com\/product\/aluminum-mirror-frame-extrusions\/\" target=\"_blank\">Aluminum Mirror Frame Extrusions<\/a><\/li>"},"feature_list":[]},"_links":{"self":[{"href":"https:\/\/sinoextrud.com\/hu\/wp-json\/wp\/v2\/product\/6278","targetHints":{"allow":["GET"]}}],"collection":[{"href":"https:\/\/sinoextrud.com\/hu\/wp-json\/wp\/v2\/product"}],"about":[{"href":"https:\/\/sinoextrud.com\/hu\/wp-json\/wp\/v2\/types\/product"}],"wp:featuredmedia":[{"embeddable":true,"href":"https:\/\/sinoextrud.com\/hu\/wp-json\/wp\/v2\/media\/6277"}],"wp:attachment":[{"href":"https:\/\/sinoextrud.com\/hu\/wp-json\/wp\/v2\/media?parent=6278"}],"wp:term":[{"taxonomy":"category","embeddable":true,"href":"https:\/\/sinoextrud.com\/hu\/wp-json\/wp\/v2\/categories?post=6278"}],"curies":[{"name":"wp","href":"https:\/\/api.w.org\/{rel}","templated":true}]}}