{"id":6276,"date":"2025-05-26T07:30:56","date_gmt":"2025-05-26T07:30:56","guid":{"rendered":"https:\/\/sinoextrud.com\/product\/aluminum-windows-and-doors\/"},"modified":"2025-06-24T03:59:47","modified_gmt":"2025-06-24T03:59:47","slug":"aluminium-ablakok-es-ajtok","status":"publish","type":"product","link":"https:\/\/sinoextrud.com\/hu\/product\/aluminum-windows-and-doors\/","title":{"rendered":"Alum\u00ednium ablakok \u00e9s ajt\u00f3k"},"content":{"rendered":"<h2>Term\u00e9kek r\u00e9szletei<\/h2>\n<table class=\"custom-table\">\n<tr>\n<td class=\"label\">Anyag<\/td>\n<td>6063 T5 \u00f6tv\u00f6zet<\/td>\n<\/tr>\n<tr>\n<td class=\"label\">Alkalmaz\u00e1s<\/td>\n<td>Alum\u00ednium ablakok \u00e9s ajt\u00f3k<\/td>\n<\/tr>\n<tr>\n<td class=\"label\">Tan\u00fas\u00edtv\u00e1ny<\/td>\n<td>ISO9001, ISO14001<\/td>\n<\/tr>\n<tr>\n<td class=\"label\">K\u00e9pess\u00e9g<\/td>\n<td>\u00c9ves termel\u00e9s t\u00f6bb mint 60 000 tonna<\/td>\n<\/tr>\n<tr>\n<td class=\"label\">Sz\u00ednes<\/td>\n<td>Testreszabott el\u00e9rhet\u0151<\/td>\n<\/tr>\n<tr>\n<td class=\"label\">Hossz\u00fas\u00e1g<\/td>\n<td>1-9 m\u00e9ter vagy testreszabott<\/td>\n<\/tr>\n<tr>\n<td class=\"label\">Vastags\u00e1g<\/td>\n<td>Testreszabott<\/td>\n<\/tr>\n<tr>\n<td class=\"label\">Fel\u00fcletkezel\u00e9s<\/td>\n<td>malomf\u00e9nyez\u00e9s, elox\u00e1l\u00e1s, porsz\u00f3r\u00e1s, fa szemcs\u00e9s \u00e1tvitel, csiszol\u00e1s, pol\u00edroz\u00e1s, elektrofor\u00e9zis stb.<\/td>\n<\/tr>\n<tr>\n<td class=\"label\">Alkalmaz\u00e1s<\/td>\n<td>alum\u00ednium ablak- \u00e9s ajt\u00f3profil, f\u00fcgg\u00f6nyfal<\/td>\n<\/tr>\n<tr>\n<td class=\"label\">Rakod\u00f3 kik\u00f6t\u0151<\/td>\n<td>Foshan, Shenzhen, Guangzhou<\/td>\n<\/tr>\n<tr>\n<td class=\"label\">Fizet\u00e9s<\/td>\n<td>T \/ T, 30% el\u0151leg, m\u00edg az egyenleget a sz\u00e1ll\u00edt\u00e1s el\u0151tt kell kifizetni<\/td>\n<\/tr>\n<tr>\n<td class=\"label\">Csomag<\/td>\n<td>1.Inside: m\u0171anyag v\u00e9d\u0151f\u00f3li\u00e1val csomagolva az egyes profilok v\u00e9delme \u00e9rdek\u00e9ben<br \/>2.Outside: v\u00edz\u00e1ll\u00f3 k\u00e9zm\u0171ves pap\u00edrral csomagolva<\/td>\n<\/tr>\n<tr>\n<td class=\"label\">Sz\u00e1ll\u00edt\u00e1s<\/td>\n<td>25-30 nappal az el\u0151leg befizet\u00e9se ut\u00e1n<\/td>\n<\/tr>\n<tr>\n<td class=\"label\">Rendez\u00e9si sorrend<\/td>\n<td>1. Er\u0151s\u00edtse meg a rajzokat, a fel\u00fcletkezel\u00e9st \u00e9s az \u00e1rat;<br \/>2. Fizesse ki a formad\u00edjat, \u00e9s elkezdj\u00fck a form\u00e1k elk\u00e9sz\u00edt\u00e9s\u00e9t;<br \/>3. Mint\u00e1kat k\u00fcld\u00fcnk \u00d6nnek a meger\u0151s\u00edt\u00e9shez;<br \/>4. Tegye meg a 30% let\u00e9t kifizet\u00e9s\u00e9t, kezdje meg a gy\u00e1rt\u00e1st;<\/td>\n<\/tr>\n<\/table>\n<h2>Gy\u00e1rt\u00f3 b\u00e1zisunk<\/h2>\n<h3>Gy\u00e1ri panor\u00e1ma<\/h3>\n<p><img decoding=\"async\" src=\"\/wp-content\/uploads\/factory-01.webp\"\/><\/p>\n<h3>Alum\u00ednium r\u00fadgy\u00e1rt\u00f3 m\u0171hely<\/h3>\n<p><img decoding=\"async\" src=\"\/wp-content\/uploads\/factory-02.webp\"\/><\/p>\n<p><img decoding=\"async\" src=\"\/wp-content\/uploads\/factory-03.webp\"\/><\/p>\n<h3>Pen\u00e9sz rakt\u00e1r<\/h3>\n<p><img decoding=\"async\" src=\"\/wp-content\/uploads\/factory-04.webp\"\/><\/p>\n<h3>43 alum\u00ednium extrud\u00e1l\u00f3 vonal (500-5500 tonna)<\/h3>\n<p><img decoding=\"async\" src=\"\/wp-content\/uploads\/factory-05.webp\"\/><\/p>\n<p><img decoding=\"async\" src=\"\/wp-content\/uploads\/factory-06.webp\"\/><\/p>\n<p><img decoding=\"async\" src=\"\/wp-content\/uploads\/factory-07.webp\"\/><\/p>\n<h3>Porfest\u0151 m\u0171hely<\/h3>\n<p><img decoding=\"async\" src=\"\/wp-content\/uploads\/factory-09.webp\"\/><\/p>\n<h3>Anodiz\u00e1l\u00f3 m\u0171hely<\/h3>\n<p><img decoding=\"async\" src=\"\/wp-content\/uploads\/factory-10.webp\"\/><\/p>\n<h3>M\u00e9ly feldolgoz\u00e1si m\u0171hely<\/h3>\n<p><img decoding=\"async\" src=\"\/wp-content\/uploads\/factory-11.webp\"\/><\/p>\n<h3>CNC prec\u00edzi\u00f3s megmunk\u00e1l\u00f3 m\u0171hely<\/h3>\n<p><img decoding=\"async\" src=\"\/wp-content\/uploads\/factory-11.5.webp\"\/><\/p>\n<h3>K\u00e9szterm\u00e9k \u00e9s export rakt\u00e1r<\/h3>\n<p><img decoding=\"async\" src=\"\/wp-content\/uploads\/factory-12.webp\"\/><\/p>\n<p><img decoding=\"async\" src=\"\/wp-content\/uploads\/factory-13.webp\"\/><\/p>\n<p><img decoding=\"async\" src=\"\/wp-content\/uploads\/factory-14.webp\"\/><\/p>\n<h2>GYIK<\/h2>\n<p><p><b>1.What alum\u00ednium ablakok \u00e9s ajt\u00f3k?<\/b><\/p>\n<p>Az alum\u00ednium ablakok \u00e9s ajt\u00f3k nagy teljes\u00edtm\u00e9ny\u0171, tart\u00f3s alum\u00ednium\u00f6tv\u00f6zetb\u0151l k\u00e9sz\u00fclt keretrendszerek, amelyeket lak\u00f3- \u00e9s kereskedelmi c\u00e9lokra terveztek.<br \/>\n<\/p><br \/>\n<br \/>\n<p><b>2.Mi\u00e9rt v\u00e1lassza az alum\u00ednium ablakokat \u00e9s ajt\u00f3kat?<\/b><\/p>\n<p>Az alum\u00ednium ablakok \u00e9s ajt\u00f3k m\u00e1s anyagokhoz k\u00e9pest kiv\u00e1l\u00f3 szil\u00e1rds\u00e1g-s\u00faly ar\u00e1nyt, eleg\u00e1ns, modern eszt\u00e9tik\u00e1t \u00e9s hossz\u00fa t\u00e1v\u00fa korr\u00f3zi\u00f3\u00e1ll\u00f3s\u00e1got k\u00edn\u00e1lnak.<br \/>\n<\/p><br \/>\n<br \/>\n<p><b>3.Hogyan jav\u00edtj\u00e1k az alum\u00ednium ablakok \u00e9s ajt\u00f3k az energiahat\u00e9konys\u00e1got?<\/b><\/p>\n<p>Az energiahat\u00e9kony alum\u00ednium ablakok \u00e9s ajt\u00f3k h\u0151szigetel\u0151 technol\u00f3gi\u00e1val \u00e9s t\u00f6bbkamr\u00e1s keretekkel rendelkeznek a h\u0151\u00e1tad\u00e1s minimaliz\u00e1l\u00e1sa \u00e9s a k\u00f6z\u00fczemi sz\u00e1ml\u00e1k cs\u00f6kkent\u00e9se \u00e9rdek\u00e9ben.<br \/>\n<\/p><br \/>\n<br \/>\n<p><b>4.Are alum\u00ednium ablakok \u00e9s ajt\u00f3k alacsony karbantart\u00e1s?<\/b><\/p>\n<p>Igen, az alum\u00ednium ablakok \u00e9s ajt\u00f3k csak id\u0151szakos tiszt\u00edt\u00e1st \u00e9s zsan\u00e9rken\u00e9st ig\u00e9nyelnek, a gy\u00e1rilag felhordott bevonatok ellen\u00e1llnak a fakul\u00e1snak \u00e9s a korr\u00f3zi\u00f3nak.<br \/>\n<\/p><br \/>\n<br \/>\n<p><b>5.Can alum\u00ednium ablakok \u00e9s ajt\u00f3k testre szabhat\u00f3?<\/b><\/p>\n<p>Az alum\u00ednium ablakok \u00e9s ajt\u00f3k t\u00e1mogatj\u00e1k az egyedi profilokat, a porsz\u00f3rt sz\u00edneket, az elox\u00e1lt fel\u00fcleteket \u00e9s a k\u00fcl\u00f6nb\u00f6z\u0151 \u00fcvegopci\u00f3kat b\u00e1rmilyen \u00e9p\u00edt\u00e9szeti st\u00edlushoz.<br \/>\n<\/p><br \/>\n<br \/>\n<p><b>6.Milyen biztons\u00e1gi funkci\u00f3kat biztos\u00edtanak az alum\u00ednium ablakok \u00e9s ajt\u00f3k?<\/b><\/p>\n<p>A meger\u0151s\u00edtett alum\u00ednium ablakok \u00e9s ajt\u00f3k t\u00f6bbpontos z\u00e1rrendszereket, lamin\u00e1lt vagy edzett \u00fcveget \u00e9s robusztus vasalatokat tartalmaznak a fokozott biztons\u00e1g \u00e9rdek\u00e9ben.<br \/>\n<\/p><br \/>\n<br \/>\n<p><b>7.How alum\u00ednium ablakok \u00e9s ajt\u00f3k teljes\u00edtenek a zord \u00e9ghajlaton?<\/b><\/p>\n<p>Az id\u0151j\u00e1r\u00e1s\u00e1ll\u00f3 alum\u00ednium ablakok \u00e9s ajt\u00f3k ellen\u00e1llnak az UV sug\u00e1rz\u00e1snak, a nedvess\u00e9gnek \u00e9s a sz\u00e9ls\u0151s\u00e9ges h\u0151m\u00e9rs\u00e9kleti viszonyoknak an\u00e9lk\u00fcl, hogy megvetemedn\u00e9nek vagy rozsd\u00e1sodn\u00e1nak.<br \/>\n<\/p><br \/>\n<br \/>\n<p><b>8.Do alum\u00ednium ablakok \u00e9s ajt\u00f3k hangszigetel\u00e9st biztos\u00edtanak?<\/b><\/p>\n<p>A be\u00e9p\u00edtett t\u00f6m\u00edt\u00e9sekkel \u00e9s dupla vagy h\u00e1romr\u00e9teg\u0171 \u00fcvegez\u00e9ssel ell\u00e1tott alum\u00ednium ablakok \u00e9s ajt\u00f3k kiv\u00e1l\u00f3 akusztikai teljes\u00edtm\u00e9nyt ny\u00fajtanak, cs\u00f6kkentve a k\u00fcls\u0151 zajokat.<br \/>\n<\/p><br \/>\n<br \/>\n<p><b>9.Are alum\u00ednium ablakok \u00e9s ajt\u00f3k k\u00f6rnyezetbar\u00e1t?<\/b><\/p>\n<p>Az alum\u00ednium ablakok \u00e9s ajt\u00f3k teljes m\u00e9rt\u00e9kben \u00fajrahasznos\u00edthat\u00f3k, el\u0151\u00e1ll\u00edt\u00e1suk kevesebb energi\u00e1t ig\u00e9nyel, mint az ac\u00e9l\u00e9, \u00e9s t\u00e1mogatj\u00e1k az olyan z\u00f6ld \u00e9p\u00fcletek min\u0151s\u00edt\u00e9s\u00e9t, mint a LEED.<br \/>\n<\/p><br \/>\n<br \/>\n<p><b>10.Hol tal\u00e1lok min\u0151s\u00e9gi alum\u00ednium ablakokat \u00e9s ajt\u00f3kat?<\/b><\/p>\n<p>Az alum\u00ednium ablakok \u00e9s ajt\u00f3k vezet\u0151 gy\u00e1rt\u00f3i ISO-tan\u00fas\u00edtott term\u00e9keket, glob\u00e1lis forgalmaz\u00e1st, valamint elk\u00f6telezett m\u0171szaki \u00e9s szerel\u00e9si t\u00e1mogat\u00e1st k\u00edn\u00e1lnak.<br \/>\n<\/p><br \/><\/p>","protected":false},"featured_media":6275,"template":"","categories":[59],"class_list":["post-6276","product","type-product","status-publish","has-post-thumbnail","hentry","category-aluminum-window-door-system"],"meta_box":{"hilight_text_group":{"product_hilight_text":"<li>Constructed from 6063-T5 aluminum alloy for exceptional strength and corrosion resistance<\/li>\r\r\n<li>Precision-extruded profiles with \u00c2\u00b10.1 mm tolerance for seamless assembly and airtight sealing<\/li>\r\r\n<li>Optional thermal break and multi-chamber designs to optimize energy efficiency and reduce condensation<\/li>\r\r\n<li>Wide range of finish options (anodized, powder-coated, woodgrain) for design flexibility<\/li>\r\r\n<li>Heavy-duty hardware and multi-point locking systems for enhanced security and compliance<\/li>\r\r\n<li>Integrated drainage and ventilation channels to prevent water buildup and ensure durability<\/li>\r\r\n<li>Pre-drilled mounting holes and snap-fit connectors for fast, error-free installation<\/li>\r\r\n<li>RoHS\/REACH-compliant and fully recyclable for sustainable building projects<\/li>","product_chanpin_chanpin":"<li><a href=\"https:\/\/sinoextrud.com\/product\/thermal-break-aluminium-profiles\/\" target=\"_blank\">Thermal Break Aluminium Profiles<\/a><\/li>\r\n<li><a href=\"https:\/\/sinoextrud.com\/product\/aluminium-mosquito-net-windows-and-door\/\" target=\"_blank\">Aluminium Mosquito Net Windows And Door<\/a><\/li>\r\n<li><a href=\"https:\/\/sinoextrud.com\/product\/aluminum-profile-doors\/\" target=\"_blank\">Aluminum Profile Doors<\/a><\/li>\r\n<li><a href=\"https:\/\/sinoextrud.com\/product\/aluminium-gate-fence\/\" target=\"_blank\">Aluminium gate fence<\/a><\/li>\r\n<li><a href=\"https:\/\/sinoextrud.com\/product\/aluminum-windows-and-doors\/\" target=\"_blank\">Aluminum Windows And Doors<\/a><\/li>\r\n<li><a href=\"https:\/\/sinoextrud.com\/product\/oem-aluminum-extrusion-profile-for-windows-and-doors\/\" target=\"_blank\">OEM Aluminum Extrusion Profile for Windows and Doors<\/a><\/li>\r\n<li><a href=\"https:\/\/sinoextrud.com\/product\/aluminium-tube-suppliers-offer-extruded-aluminium-square-tube-profile-with-anodized-powder-coating-surface-treatment\/\" target=\"_blank\">Aluminium Tube Suppliers Offer Extruded Aluminium Square Tube Profile With Anodized Powder Coating Surface Treatment<\/a><\/li>\r\n<li><a href=\"https:\/\/sinoextrud.com\/product\/oem-aluminum-channel-tube-and-pipe-extrusions-profile-for-constuction\/\" target=\"_blank\">OEM Aluminum Channel Tube And Pipe Extrusions Profile For Constuction<\/a><\/li>\r\n<li><a href=\"https:\/\/sinoextrud.com\/product\/aluminium-curtain-guide-rail\/\" target=\"_blank\">Aluminium Curtain Guide Rail<\/a><\/li>\r\n<li><a href=\"https:\/\/sinoextrud.com\/product\/6063-t5-aluminum-profile-tslot-for-production-line\/\" target=\"_blank\">6063 t5 aluminum profile Tslot for production line<\/a><\/li>\r\n<li><a href=\"https:\/\/sinoextrud.com\/product\/aluminum-extrusion-6063-anodized-clothes-drive-airer-aluminum-rack-profile\/\" target=\"_blank\">Aluminum Extrusion 6063 Anodized Clothes Drive Airer Aluminum Rack Profile<\/a><\/li>"},"feature_list":[]},"_links":{"self":[{"href":"https:\/\/sinoextrud.com\/hu\/wp-json\/wp\/v2\/product\/6276","targetHints":{"allow":["GET"]}}],"collection":[{"href":"https:\/\/sinoextrud.com\/hu\/wp-json\/wp\/v2\/product"}],"about":[{"href":"https:\/\/sinoextrud.com\/hu\/wp-json\/wp\/v2\/types\/product"}],"wp:featuredmedia":[{"embeddable":true,"href":"https:\/\/sinoextrud.com\/hu\/wp-json\/wp\/v2\/media\/6275"}],"wp:attachment":[{"href":"https:\/\/sinoextrud.com\/hu\/wp-json\/wp\/v2\/media?parent=6276"}],"wp:term":[{"taxonomy":"category","embeddable":true,"href":"https:\/\/sinoextrud.com\/hu\/wp-json\/wp\/v2\/categories?post=6276"}],"curies":[{"name":"wp","href":"https:\/\/api.w.org\/{rel}","templated":true}]}}