{"id":6270,"date":"2025-05-26T07:23:26","date_gmt":"2025-05-26T07:23:26","guid":{"rendered":"https:\/\/sinoextrud.com\/product\/aluminium-mosquito-net-windows-and-door\/"},"modified":"2025-06-24T03:59:15","modified_gmt":"2025-06-24T03:59:15","slug":"aluminium-szunyoghalos-ablakok-es-ajto","status":"publish","type":"product","link":"https:\/\/sinoextrud.com\/hu\/product\/aluminium-mosquito-net-windows-and-door\/","title":{"rendered":"Alum\u00ednium sz\u00fanyogh\u00e1l\u00f3 ablakok \u00e9s ajt\u00f3"},"content":{"rendered":"<h2>Term\u00e9kek r\u00e9szletei<\/h2>\n<table class=\"custom-table\">\n<tr>\n<td class=\"label\">T\u00e9telsz\u00e1m.<\/td>\n<td>Alum\u00ednium sz\u00fanyogh\u00e1l\u00f3 ablakok \u00e9s ajt\u00f3<\/td>\n<\/tr>\n<tr>\n<td class=\"label\">N\u00e9v<\/td>\n<td>Sz\u00ednek az \u00fcgyfelek ig\u00e9nyeinek alum\u00ednium sz\u00fanyogh\u00e1l\u00f3s ajt\u00f3 kialak\u00edt\u00e1sa a kertben<\/td>\n<\/tr>\n<tr>\n<td class=\"label\">Anyag<\/td>\n<td>K\u00e9perny\u0151 keret-Alum\u00ednium \u00f6tv\u00f6zet 6063T5<\/td>\n<\/tr>\n<tr>\n<td class=\"label\">M\u00c9RET<\/td>\n<td>Ahogy k\u00e9rte<\/td>\n<\/tr>\n<tr>\n<td class=\"label\">H\u00e1l\u00f3 sz\u00edne<\/td>\n<td>Fekete, sz\u00fcrke<\/td>\n<\/tr>\n<tr>\n<td class=\"label\">K\u00e9perny\u0151 Keret sz\u00edne<\/td>\n<td>Feh\u00e9r, sz\u00fcrke, bronzsz\u00edn\u0171, l\u00e1thatatlan z\u00f6ld, s\u00f6t\u00e9tsz\u00fcrke, imit\u00e1lt ac\u00e9l, s\u00e1rga fa sz\u00edn\u0171, piros fa sz\u00edn\u0171 stb. vagy testreszabva<\/td>\n<\/tr>\n<tr>\n<td class=\"label\">V\u00e1s\u00e1rl\u00e1si m\u00f3d<\/td>\n<td>F\u00e9lk\u00e9sz anyagok \/ r\u00f6gz\u00edtett m\u00e9ret<\/td>\n<\/tr>\n<tr>\n<td class=\"label\">F\u0151 jellemz\u0151k<\/td>\n<td>Felhaszn\u00e1l\u00f3bar\u00e1t, robusztus \u00e9s modern;<br \/>A padl\u00f3n l\u00e9v\u0151 vezet\u0151k hi\u00e1nya megk\u00f6nny\u00edti a tiszt\u00edt\u00e1st \u00e9s a sz\u00e1ll\u00edt\u00e1st.<br \/>K\u00f6nnyen felszerelhet\u0151 \u00e9s elt\u00e1vol\u00edthat\u00f3 a speci\u00e1lis m\u0171anyag kapcsok seg\u00edts\u00e9g\u00e9vel<br \/>Lehet\u0151s\u00e9g van t\u00f6bb ajt\u00f3 \u00f6sszekapcsol\u00e1s\u00e1ra, \u00edgy jelent\u0151s sz\u00e9less\u00e9g\u0171 ter\u00fcleteket lehet lefedni.<br \/>El\u00e9rhet\u0151 minden megl\u00e9v\u0151 ajt\u00f3hoz, egy- \u00e9s k\u00e9tsz\u00e1rny\u00fa ajt\u00f3hoz.<br \/>Ide\u00e1lis nagy erk\u00e9lyekhez, verand\u00e1khoz, franciaajt\u00f3khoz, k\u00e9tszeresen \u00f6sszecsukhat\u00f3 ajt\u00f3khoz \u00e9s gar\u00e1zsokhoz stb.<br \/>Minden tartoz\u00e9k egyedileg is sz\u00e1ll\u00edthat\u00f3<\/td>\n<\/tr>\n<tr>\n<td class=\"label\">Csomagol\u00e1s<\/td>\n<td>Bels\u0151: PE zs\u00e1k zsugor\u00edtott, bubor\u00e9kzs\u00e1kba csomagolva<\/td>\n<\/tr>\n<tr>\n<td class=\"label\">Sz\u00e1ll\u00edt\u00e1si id\u0151<\/td>\n<td>15 nappal a fizet\u00e9s be\u00e9rkez\u00e9se ut\u00e1n<\/td>\n<\/tr>\n<tr>\n<td class=\"label\">Sz\u00e1ll\u00edt\u00e1si z\u00e1rad\u00e9k<\/td>\n<td>FOB FOSHAN ,GUANGZHOU ,SHENZHEN<\/td>\n<\/tr>\n<tr>\n<td class=\"label\">Fizet\u00e9si felt\u00e9telek<\/td>\n<td>El\u0151re fizetett T\/T \u00e9s L\/C<\/td>\n<\/tr>\n<\/table>\n<h2>Gy\u00e1rt\u00f3 b\u00e1zisunk<\/h2>\n<h3>Gy\u00e1ri panor\u00e1ma<\/h3>\n<p><img decoding=\"async\" src=\"\/wp-content\/uploads\/factory-01.webp\"\/><\/p>\n<h3>Alum\u00ednium r\u00fadgy\u00e1rt\u00f3 m\u0171hely<\/h3>\n<p><img decoding=\"async\" src=\"\/wp-content\/uploads\/factory-02.webp\"\/><\/p>\n<p><img decoding=\"async\" src=\"\/wp-content\/uploads\/factory-03.webp\"\/><\/p>\n<h3>Pen\u00e9sz rakt\u00e1r<\/h3>\n<p><img decoding=\"async\" src=\"\/wp-content\/uploads\/factory-04.webp\"\/><\/p>\n<h3>43 alum\u00ednium extrud\u00e1l\u00f3 vonal (500-5500 tonna)<\/h3>\n<p><img decoding=\"async\" src=\"\/wp-content\/uploads\/factory-05.webp\"\/><\/p>\n<p><img decoding=\"async\" src=\"\/wp-content\/uploads\/factory-06.webp\"\/><\/p>\n<p><img decoding=\"async\" src=\"\/wp-content\/uploads\/factory-07.webp\"\/><\/p>\n<h3>Porfest\u0151 m\u0171hely<\/h3>\n<p><img decoding=\"async\" src=\"\/wp-content\/uploads\/factory-09.webp\"\/><\/p>\n<h3>Anodiz\u00e1l\u00f3 m\u0171hely<\/h3>\n<p><img decoding=\"async\" src=\"\/wp-content\/uploads\/factory-10.webp\"\/><\/p>\n<h3>M\u00e9ly feldolgoz\u00e1si m\u0171hely<\/h3>\n<p><img decoding=\"async\" src=\"\/wp-content\/uploads\/factory-11.webp\"\/><\/p>\n<h3>CNC prec\u00edzi\u00f3s megmunk\u00e1l\u00f3 m\u0171hely<\/h3>\n<p><img decoding=\"async\" src=\"\/wp-content\/uploads\/factory-11.5.webp\"\/><\/p>\n<h3>K\u00e9szterm\u00e9k \u00e9s export rakt\u00e1r<\/h3>\n<p><img decoding=\"async\" src=\"\/wp-content\/uploads\/factory-12.webp\"\/><\/p>\n<p><img decoding=\"async\" src=\"\/wp-content\/uploads\/factory-13.webp\"\/><\/p>\n<p><img decoding=\"async\" src=\"\/wp-content\/uploads\/factory-14.webp\"\/><\/p>\n<h2>GYIK<\/h2>\n<p><p><b>1.Mi az alum\u00ednium sz\u00fanyogh\u00e1l\u00f3s ablak \u00e9s ajt\u00f3?<\/b><\/p>\n<p>Az alum\u00ednium sz\u00fanyogh\u00e1l\u00f3s ablak \u00e9s ajt\u00f3 egy tart\u00f3s, korr\u00f3zi\u00f3\u00e1ll\u00f3 keretrendszer, be\u00e9p\u00edtett finom h\u00e1l\u00f3s sz\u00fanyogh\u00e1l\u00f3val a rovarv\u00e9delem \u00e9s a szell\u0151z\u00e9s \u00e9rdek\u00e9ben.<br \/>\n<\/p><br \/>\n<br \/>\n<p><b>2.Mi\u00e9rt v\u00e1lasszon alum\u00ednium sz\u00fanyogh\u00e1l\u00f3s ablakot \u00e9s ajt\u00f3t?<\/b><\/p>\n<p>Az alum\u00ednium sz\u00fanyogh\u00e1l\u00f3s ablakok \u00e9s ajt\u00f3k \u00f6tv\u00f6zik a k\u00f6nny\u0171 s\u00falyt, a rozsdamentes teljes\u00edtm\u00e9nyt \u00e9s az egyszer\u0171 kezelhet\u0151s\u00e9get a hat\u00e9kony sz\u00fanyog- \u00e9s k\u00e1rtev\u0151mentess\u00e9ggel.<br \/>\n<\/p><br \/>\n<br \/>\n<p><b>3.Hogyan jav\u00edtja az alum\u00ednium sz\u00fanyogh\u00e1l\u00f3s ablak \u00e9s ajt\u00f3 a l\u00e9g\u00e1raml\u00e1st?<\/b><\/p>\n<p>Az alum\u00ednium sz\u00fanyogh\u00e1l\u00f3s ablakok \u00e9s ajt\u00f3k finom h\u00e1l\u00f3ja lehet\u0151v\u00e9 teszi a maxim\u00e1lis l\u00e9g\u00e1raml\u00e1st, mik\u00f6zben megakad\u00e1lyozza a rovarok bejut\u00e1s\u00e1t, jav\u00edtva a belt\u00e9ri leveg\u0151 min\u0151s\u00e9g\u00e9t.<br \/>\n<\/p><br \/>\n<br \/>\n<p><b>4.Are alum\u00ednium sz\u00fanyogh\u00e1l\u00f3s ablak \u00e9s ajt\u00f3 keretek alacsony karbantart\u00e1si ig\u00e9ny\u0171ek?<\/b><\/p>\n<p>Igen, az alum\u00ednium sz\u00fanyogh\u00e1l\u00f3s ablakok \u00e9s ajt\u00f3k a korr\u00f3zi\u00f3\u00e1ll\u00f3s\u00e1g \u00e9s a zavartalan m\u0171k\u00f6d\u00e9s fenntart\u00e1sa \u00e9rdek\u00e9ben csak a keretek \u00e9s a k\u00e9perny\u0151k rendszeres tiszt\u00edt\u00e1s\u00e1t ig\u00e9nylik.<br \/>\n<\/p><br \/>\n<br \/>\n<p><b>5.Can alum\u00ednium sz\u00fanyogh\u00e1l\u00f3 ablak \u00e9s ajt\u00f3 k\u00e9perny\u0151k testre szabhat\u00f3?<\/b><\/p>\n<p>Az alum\u00ednium sz\u00fanyogh\u00e1l\u00f3s ablak- \u00e9s ajt\u00f3szit\u00e1k egy\u00e9ni h\u00e1l\u00f3s\u0171r\u0171s\u00e9geket, keretsz\u00edneket \u00e9s m\u00e9reteket t\u00e1mogatnak, hogy b\u00e1rmilyen ablak- vagy ajt\u00f3ny\u00edl\u00e1shoz illeszkedjenek.<br \/>\n<\/p><br \/>\n<br \/>\n<p><b>6.Hogyan teljes\u00edtenek az alum\u00ednium sz\u00fanyogh\u00e1l\u00f3s ablak- \u00e9s ajt\u00f3keretek zord \u00e9ghajlaton?<\/b><\/p>\n<p>Az id\u0151j\u00e1r\u00e1s\u00e1ll\u00f3 alum\u00ednium sz\u00fanyogh\u00e1l\u00f3s ablakok \u00e9s ajt\u00f3k ellen\u00e1llnak az UV sug\u00e1rz\u00e1snak, a s\u00f3s leveg\u0151nek \u00e9s a p\u00e1ratartalomnak an\u00e9lk\u00fcl, hogy elvetemedn\u00e9nek vagy kifakuln\u00e1nak.<br \/>\n<\/p><br \/>\n<br \/>\n<p><b>7.Milyen biztons\u00e1gi funkci\u00f3k l\u00e9teznek az alum\u00ednium sz\u00fanyogh\u00e1l\u00f3s ablak \u00e9s ajt\u00f3 sz\u00e1m\u00e1ra?<\/b><\/p>\n<p>A meger\u0151s\u00edtett alum\u00ednium sz\u00fanyogh\u00e1l\u00f3s ablak- \u00e9s ajt\u00f3keretek t\u00f6bbpontos z\u00e1rakat \u00e9s meger\u0151s\u00edtett h\u00e1l\u00f3t tartalmazhatnak a biztons\u00e1g \u00e9s a nyugalom \u00e9rdek\u00e9ben.<br \/>\n<\/p><br \/>\n<br \/>\n<p><b>8.Do alum\u00ednium sz\u00fanyogh\u00e1l\u00f3s ablak \u00e9s ajt\u00f3 rendszerek t\u00e1mogatj\u00e1k az egyszer\u0171 telep\u00edt\u00e9st?<\/b><\/p>\n<p>Az alum\u00ednium sz\u00fanyogh\u00e1l\u00f3s ablak \u00e9s ajt\u00f3 k\u00e9szletek el\u0151re kif\u00fart keretekkel \u00e9s bepattinthat\u00f3 h\u00e1l\u00f3val rendelkeznek a gyors bark\u00e1csol\u00e1s vagy a professzion\u00e1lis beszerel\u00e9s \u00e9rdek\u00e9ben.<br \/>\n<\/p><br \/>\n<br \/>\n<p><b>9.Mennyire k\u00f6rnyezetbar\u00e1tok az alum\u00ednium sz\u00fanyogh\u00e1l\u00f3s ablak \u00e9s ajt\u00f3 term\u00e9kek?<\/b><\/p>\n<p>Az alum\u00ednium sz\u00fanyogh\u00e1l\u00f3s ablakok \u00e9s ajt\u00f3k teljes m\u00e9rt\u00e9kben \u00fajrahasznos\u00edthat\u00f3ak, energiatakar\u00e9kosan gy\u00e1rthat\u00f3k, \u00e9s hozz\u00e1j\u00e1rulnak a fenntarthat\u00f3 \u00e9p\u00edt\u00e9si gyakorlatokhoz.<br \/>\n<\/p><br \/>\n<br \/>\n<p><b>10.Hol tal\u00e1lok min\u0151s\u00e9gi alum\u00ednium sz\u00fanyogh\u00e1l\u00f3s ablak \u00e9s ajt\u00f3 megold\u00e1sokat?<\/b><\/p>\n<p>Az alum\u00ednium sz\u00fanyogh\u00e1l\u00f3s ablakok \u00e9s ajt\u00f3k vezet\u0151 gy\u00e1rt\u00f3i ISO-tan\u00fas\u00edtott term\u00e9keket, glob\u00e1lis forgalmaz\u00e1st \u00e9s elk\u00f6telezett m\u0171szaki t\u00e1mogat\u00e1st k\u00edn\u00e1lnak.<br \/>\n<\/p><br \/><\/p>","protected":false},"featured_media":6269,"template":"","categories":[59],"class_list":["post-6270","product","type-product","status-publish","has-post-thumbnail","hentry","category-aluminum-window-door-system"],"meta_box":{"hilight_text_group":{"product_hilight_text":"<li>Multi-chamber thermal break design for superior insulation and reduced energy costs<\/li>\r\r\n<li>High-strength 6063-T5 alloy construction ensuring structural rigidity<\/li>\r\r\n<li>Precision extrusion with \u00c2\u00b10.1 mm tolerance for seamless assembly<\/li>\r\r\n<li>Customizable profiles and lengths to suit diverse architectural requirements<\/li>\r\r\n<li>Optional finishes (anodized, powder-coated) for corrosion protection and aesthetics<\/li>\r\r\n<li>Integrated drainage and condensation channels for reliable water management<\/li>\r\r\n<li>Compliant with international thermal performance standards (EN, ASTM)<\/li>\r\r\n<li>RoHS-compliant and fully recyclable for sustainable building practices<\/li>","product_chanpin_chanpin":"<li><a href=\"https:\/\/sinoextrud.com\/product\/aluminum-casement-window-double-hung-single-hung-jalousie-security-door-and-window\/\" target=\"_blank\">aluminum casement window Double Hung Single Hung Jalousie Security Door And Window<\/a><\/li>\r\n<li><a href=\"https:\/\/sinoextrud.com\/product\/aluminum-window\/\" target=\"_blank\">Aluminum Window<\/a><\/li>\r\n<li><a href=\"https:\/\/sinoextrud.com\/product\/aluminum-profile-windows-extrusion-companies-in-china\/\" target=\"_blank\">aluminum profile windows extrusion companies in china<\/a><\/li>\r\n<li><a href=\"https:\/\/sinoextrud.com\/product\/thermal-break-aluminium-profiles\/\" target=\"_blank\">Thermal Break Aluminium Profiles<\/a><\/li>\r\n<li><a href=\"https:\/\/sinoextrud.com\/product\/aluminium-mosquito-net-windows-and-door\/\" target=\"_blank\">Aluminium Mosquito Net Windows And Door<\/a><\/li>\r\n<li><a href=\"https:\/\/sinoextrud.com\/product\/aluminum-profile-doors\/\" target=\"_blank\">Aluminum Profile Doors<\/a><\/li>\r\n<li><a href=\"https:\/\/sinoextrud.com\/product\/aluminium-gate-fence\/\" target=\"_blank\">Aluminium gate fence<\/a><\/li>\r\n<li><a href=\"https:\/\/sinoextrud.com\/product\/aluminum-windows-and-doors\/\" target=\"_blank\">Aluminum Windows And Doors<\/a><\/li>\r\n<li><a href=\"https:\/\/sinoextrud.com\/product\/oem-aluminum-extrusion-profile-for-windows-and-doors\/\" target=\"_blank\">OEM Aluminum Extrusion Profile for Windows and Doors<\/a><\/li>\r\n<li><a href=\"https:\/\/sinoextrud.com\/product\/aluminium-enclosure\/\" target=\"_blank\">Aluminium Enclosure<\/a><\/li>\r\n<li><a href=\"https:\/\/sinoextrud.com\/product\/aluminum-hydraulic-oil-tank\/\" target=\"_blank\">Aluminum Hydraulic Oil Tank<\/a><\/li>"},"feature_list":[]},"_links":{"self":[{"href":"https:\/\/sinoextrud.com\/hu\/wp-json\/wp\/v2\/product\/6270","targetHints":{"allow":["GET"]}}],"collection":[{"href":"https:\/\/sinoextrud.com\/hu\/wp-json\/wp\/v2\/product"}],"about":[{"href":"https:\/\/sinoextrud.com\/hu\/wp-json\/wp\/v2\/types\/product"}],"wp:featuredmedia":[{"embeddable":true,"href":"https:\/\/sinoextrud.com\/hu\/wp-json\/wp\/v2\/media\/6269"}],"wp:attachment":[{"href":"https:\/\/sinoextrud.com\/hu\/wp-json\/wp\/v2\/media?parent=6270"}],"wp:term":[{"taxonomy":"category","embeddable":true,"href":"https:\/\/sinoextrud.com\/hu\/wp-json\/wp\/v2\/categories?post=6270"}],"curies":[{"name":"wp","href":"https:\/\/api.w.org\/{rel}","templated":true}]}}