{"id":6262,"date":"2025-05-26T07:07:44","date_gmt":"2025-05-26T07:07:44","guid":{"rendered":"https:\/\/sinoextrud.com\/product\/aluminum-casement-window-double-hung-single-hung-jalousie-security-door-and-window\/"},"modified":"2025-06-24T03:56:58","modified_gmt":"2025-06-24T03:56:58","slug":"aluminium-szarnyas-ablak-ketszarnyu-egyszarnyu-jalousie-biztonsagi-ajto-es-ablak","status":"publish","type":"product","link":"https:\/\/sinoextrud.com\/hu\/product\/aluminum-casement-window-double-hung-single-hung-jalousie-security-door-and-window\/","title":{"rendered":"alum\u00ednium sz\u00e1rnyas ablak Double Hung Single Hung Jalousie biztons\u00e1gi ajt\u00f3 \u00e9s ablak"},"content":{"rendered":"<h2>Term\u00e9kek r\u00e9szletei<\/h2>\n<table class=\"custom-table\">\n<tr>\n<td class=\"label\">T\u00e9tel:<\/td>\n<td>alum\u00ednium sz\u00e1rnyas ablak Double Hung Single Hung Jalousie biztons\u00e1gi ajt\u00f3 \u00e9s ablak<\/td>\n<\/tr>\n<tr>\n<td class=\"label\">Lelkiismeretesen:<\/td>\n<td>6063-T5<\/td>\n<\/tr>\n<tr>\n<td class=\"label\">Alak:<\/td>\n<td>testreszab\u00e1s<\/td>\n<\/tr>\n<tr>\n<td class=\"label\">Tolerancia:<\/td>\n<td>\u00b10,5%<\/td>\n<\/tr>\n<tr>\n<td class=\"label\">Szabv\u00e1nyos:<\/td>\n<td>k\u00f6zepes \u00e9s magas min\u0151s\u00e9g<\/td>\n<\/tr>\n<tr>\n<td class=\"label\">Sz\u00e1ll\u00edt\u00e1si id\u0151:<\/td>\n<td>25-30 nap<\/td>\n<\/tr>\n<tr>\n<td class=\"label\">Fizet\u00e9si hat\u00e1rid\u0151:<\/td>\n<td>T\/T (30% let\u00e9t), L\/C<\/td>\n<\/tr>\n<tr>\n<td class=\"label\">Kik\u00f6t\u0151:<\/td>\n<td>Guangzhou, Shenzhen<\/td>\n<\/tr>\n<tr>\n<td class=\"label\">Oszt\u00e1ly:<\/td>\n<td>6000-es sorozat 6063<\/td>\n<\/tr>\n<tr>\n<td class=\"label\">Sz\u00e1rmaz\u00e1si hely:<\/td>\n<td>Foshan, Guangdong<\/td>\n<\/tr>\n<tr>\n<td class=\"label\">\u00d6tv\u00f6zet vagy sem:<\/td>\n<td>Alunimun \u00f6tv\u00f6zet<\/td>\n<\/tr>\n<tr>\n<td class=\"label\">M\u00e1rka:<\/td>\n<td> Sinoextrud<\/td>\n<\/tr>\n<tr>\n<td class=\"label\">Fel\u00fcletkezel\u00e9s:<\/td>\n<td>porfest\u00e9s, elektrofor\u00e9zis, fa szemcs\u00e9s, elox\u00e1lt, csiszolt, pol\u00edroz\u00e1s<\/td>\n<\/tr>\n<tr>\n<td class=\"label\">MOQ:<\/td>\n<td>200KG<\/td>\n<\/tr>\n<tr>\n<td class=\"label\">Feldolgoz\u00f3 szolg\u00e1ltat\u00e1s:<\/td>\n<td>Hajl\u00edt\u00e1s, tekercsel\u00e9s, hegeszt\u00e9s, lyukaszt\u00e1s, v\u00e1g\u00e1s<\/td>\n<\/tr>\n<tr>\n<td class=\"label\">Hossz::<\/td>\n<td>1-9m vagy testreszabott<\/td>\n<\/tr>\n<tr>\n<td class=\"label\">Havi teljes\u00edtm\u00e9ny:<\/td>\n<td>2400tons -3000tons<\/td>\n<\/tr>\n<\/table>\n<h2>Gy\u00e1rt\u00f3 b\u00e1zisunk<\/h2>\n<h3>Gy\u00e1ri panor\u00e1ma<\/h3>\n<p><img decoding=\"async\" src=\"\/wp-content\/uploads\/factory-01.webp\"\/><\/p>\n<h3>Alum\u00ednium r\u00fadgy\u00e1rt\u00f3 m\u0171hely<\/h3>\n<p><img decoding=\"async\" src=\"\/wp-content\/uploads\/factory-02.webp\"\/><\/p>\n<\/p>\n<p><img decoding=\"async\" src=\"\/wp-content\/uploads\/factory-03.webp\"\/><\/p>\n<h3>Pen\u00e9sz rakt\u00e1r<\/h3>\n<p><img decoding=\"async\" src=\"\/wp-content\/uploads\/factory-04.webp\"\/><\/p>\n<h3>43 alum\u00ednium extrud\u00e1l\u00f3 vonal (500-5500 tonna)<\/h3>\n<p><img decoding=\"async\" src=\"\/wp-content\/uploads\/factory-05.webp\"\/><\/p>\n<p><img decoding=\"async\" src=\"\/wp-content\/uploads\/factory-06.webp\"\/><\/p>\n<p><img decoding=\"async\" src=\"\/wp-content\/uploads\/factory-07.webp\"\/><\/p>\n<h3>Porfest\u0151 m\u0171hely<\/h3>\n<p><img decoding=\"async\" src=\"\/wp-content\/uploads\/factory-09.webp\"\/><\/p>\n<h3>Anodiz\u00e1l\u00f3 m\u0171hely<\/h3>\n<p><img decoding=\"async\" src=\"\/wp-content\/uploads\/factory-10.webp\"\/><\/p>\n<h3>M\u00e9ly feldolgoz\u00e1si m\u0171hely<\/h3>\n<p><img decoding=\"async\" src=\"\/wp-content\/uploads\/factory-11.webp\"\/><\/p>\n<h3>CNC prec\u00edzi\u00f3s megmunk\u00e1l\u00f3 m\u0171hely<\/h3>\n<p><img decoding=\"async\" src=\"\/wp-content\/uploads\/factory-11.5.webp\"\/><\/p>\n<h3>K\u00e9szterm\u00e9k \u00e9s export rakt\u00e1r<\/h3>\n<p><img decoding=\"async\" src=\"\/wp-content\/uploads\/factory-12.webp\"\/><\/p>\n<p><img decoding=\"async\" src=\"\/wp-content\/uploads\/factory-13.webp\"\/><\/p>\n<p><img decoding=\"async\" src=\"\/wp-content\/uploads\/factory-14.webp\"\/><\/p>\n<h2>GYIK<\/h2>\n<p><b>1.Mi az alum\u00ednium sz\u00e1rnyas ablak?<\/b><\/p>\n<p>Az alum\u00ednium sz\u00e1rnyas ablak egy tart\u00f3s alum\u00edniumkeretb\u0151l k\u00e9sz\u00fclt, oldals\u00f3 csukl\u00f3s ablak, amely akad\u00e1lytalan kil\u00e1t\u00e1st, k\u00f6nny\u0171 kezelhet\u0151s\u00e9get \u00e9s modern eszt\u00e9tik\u00e1t biztos\u00edt.\n<\/p>\n<p><\/p>\n<p><b>2.Mik az alum\u00ednium sz\u00e1rnyas ablak el\u0151nyei?<\/b><\/p>\n<p>Az alum\u00ednium sz\u00e1rnyas ablakok energiahat\u00e9konys\u00e1got, korr\u00f3zi\u00f3\u00e1ll\u00f3s\u00e1got, t\u00f6m\u00edtetts\u00e9get \u00e9s alacsony karbantart\u00e1si ig\u00e9ny\u0171 teljes\u00edtm\u00e9nyt biztos\u00edtanak a hossz\u00fa t\u00e1v\u00fa \u00e9rt\u00e9k \u00e9rdek\u00e9ben.\n<\/p>\n<p><\/p>\n<p><b>3.Mi az a k\u00e9tsz\u00e1rny\u00fa alum\u00ednium ablak?<\/b><\/p>\n<p>A k\u00e9tsz\u00e1rny\u00fa alum\u00ednium ablak k\u00e9t, f\u00fcgg\u0151legesen cs\u00fasz\u00f3 alum\u00edniumkeretbe helyezett, m\u0171k\u00f6dtethet\u0151 sz\u00e1rnnyal rendelkezik a sokoldal\u00fa szell\u0151z\u00e9s \u00e9s a k\u00f6nny\u0171 tiszt\u00edt\u00e1s \u00e9rdek\u00e9ben.\n<\/p>\n<p><\/p>\n<p><b>4.Mi\u00e9rt v\u00e1lasszon dupla ablakot?<\/b><\/p>\n<p>A k\u00e9tsz\u00e1rny\u00fa ablakok kett\u0151s sz\u00e1rnym\u0171k\u00f6d\u00e9st, kiv\u00e1l\u00f3 l\u00e9g\u00e1raml\u00e1s-szab\u00e1lyoz\u00e1st, hagyom\u00e1nyos st\u00edlust \u00e9s az alum\u00edniumkerettel val\u00f3 kompatibilit\u00e1st k\u00edn\u00e1lnak az er\u0151ss\u00e9g \u00e9s tart\u00f3ss\u00e1g \u00e9rdek\u00e9ben.\n<\/p>\n<p><\/p>\n<p><b>5.Mi az egyszem\u00e9lyes alum\u00ednium ablak?<\/b><\/p>\n<p>Az egysz\u00e1rny\u00fa alum\u00ednium ablak egy fix fels\u0151 \u00e9s egy mozgathat\u00f3 als\u00f3 sz\u00e1rnnyal rendelkezik alum\u00ednium profilokb\u00f3l, k\u00f6lts\u00e9ghat\u00e9kony szell\u0151z\u00e9st \u00e9s klasszikus designt biztos\u00edtva.\n<\/p>\n<p><\/p>\n<p><b>6.Hogyan viszonyul az egyszem\u00e9lyes ablak a k\u00e9tszem\u00e9lyes ablakhoz?<\/b><\/p>\n<p>Az egysz\u00e1rny\u00fa ablakok olcs\u00f3bbak, egyszer\u0171bb alum\u00edniumkereteket haszn\u00e1lnak, \u00e9s megb\u00edzhat\u00f3 szell\u0151z\u00e9st biztos\u00edtanak, m\u00edg a k\u00e9tsz\u00e1rny\u00fa ablakok a tiszt\u00edt\u00e1s k\u00e9nyelm\u00e9t \u00e9s a l\u00e9g\u00e1raml\u00e1s rugalmass\u00e1g\u00e1t n\u00f6velik.\n<\/p>\n<p><\/p>\n<p><b>7.Mi az a Jalousie ablak?<\/b><\/p>\n<p>A Jalousie ablak p\u00e1rhuzamos \u00fcveg lamell\u00e1kb\u00f3l \u00e1ll, amelyek alum\u00ednium csatorn\u00e1kban vannak, \u00e9s amelyek egyhang\u00faan ny\u00edlnak, hogy maximaliz\u00e1lj\u00e1k a l\u00e9g\u00e1raml\u00e1st, \u00e9s tr\u00f3pusi st\u00edlus\u00fa b\u00e1jt k\u00f6lcs\u00f6n\u00f6zzenek.\n<\/p>\n<p><\/p>\n<p><b>8.Milyen el\u0151nyei vannak a Jalousie ablaknak?<\/b><\/p>\n<p>A Jalousie ablakok \u00e1ll\u00edthat\u00f3 szell\u0151z\u00e9st, eleg\u00e1ns alum\u00edniumkeretet, sz\u00e9les sz\u00f6g\u0171 l\u00e9g\u00e1raml\u00e1st \u00e9s gyors m\u0171k\u00f6d\u00e9st k\u00edn\u00e1lnak a meleg \u00e9ghajlat\u00fa alkalmaz\u00e1sokhoz.\n<\/p>\n<p><\/p>\n<p><b>9.Mi hat\u00e1rozza meg a biztons\u00e1gi ajt\u00f3 \u00e9s ablak fogalm\u00e1t?<\/b><\/p>\n<p>A biztons\u00e1gi ajt\u00f3 \u00e9s ablak meger\u0151s\u00edtett alum\u00edniumkeretekkel, t\u00f6bbpontos z\u00e1rakkal, \u00fct\u00e9s\u00e1ll\u00f3 \u00fcveggel \u00e9s be\u00e9p\u00edtett r\u00e1csokkal rendelkezik a behatol\u00e1s elleni v\u00e9delem \u00e9rdek\u00e9ben.\n<\/p>\n<p><\/p>\n<p><b>10.Hogyan illeszkednek a biztons\u00e1gi ajt\u00f3k \u00e9s ablakok a sz\u00e1rnyas \u00e9s f\u00fcgg\u0151 st\u00edlusokhoz?<\/b><\/p>\n<p>A biztons\u00e1gi ajt\u00f3k \u00e9s ablakok kombin\u00e1lhat\u00f3k alum\u00ednium sz\u00e1rnyas ablakokkal, k\u00e9tsz\u00e1rny\u00fa, egysz\u00e1rny\u00fa \u00e9s Jalousie st\u00edlus\u00fa ablakokkal, a hozz\u00e1juk illeszked\u0151 alum\u00ednium profilok \u00e9s nagy biztons\u00e1g\u00fa vasalatok haszn\u00e1lat\u00e1val.\n<\/p>\n<p><\/p>","protected":false},"featured_media":6261,"template":"","categories":[59],"class_list":["post-6262","product","type-product","status-publish","has-post-thumbnail","hentry","category-aluminum-window-door-system"],"meta_box":{"hilight_text_group":{"product_hilight_text":"<li>Constructed from premium 6063-T5 aluminum alloy for superior strength and corrosion resistance<\/li>\r\r\n<li>Versatile product range: casement, double-hung, single-hung, jalousie, and security door\/window options<\/li>\r\r\n<li>Precision-engineered frames with \u00c2\u00b10.1 mm tolerance for seamless integration and airtight sealing<\/li>\r\r\n<li>Optional thermal break and multi-chamber design to enhance insulation and lower energy costs<\/li>\r\r\n<li>Customizable finishes (anodized, powder-coated) and color matching for architectural harmony<\/li>\r\r\n<li>Heavy-duty multi-point locking systems for enhanced security and compliance with industry standards<\/li>\r\r\n<li>Integrated drainage and ventilation channels to prevent water accumulation and maintain performance<\/li>\r\r\n<li>Pre-drilled mounting holes and snap-fit accessories for rapid, error-free installation<\/li>\r\r\n<li>Low-maintenance hardware with corrosion-proof components for long-term reliability<\/li>\r\r\n<li>RoHS-compliant and fully recyclable for sustainable building projects<\/li>","product_chanpin_chanpin":"<li><a href=\"https:\/\/sinoextrud.com\/product\/aluminum-door-frame-profile\/\" target=\"_blank\">Aluminum Door Frame Profile<\/a><\/li>\r\n<li><a href=\"https:\/\/sinoextrud.com\/product\/sliding-window-aluminum-window-track\/\" target=\"_blank\">Sliding Window Aluminum Window Track<\/a><\/li>\r\n<li><a href=\"https:\/\/sinoextrud.com\/product\/aluminum-window-frame\/\" target=\"_blank\">Aluminum Window Frame<\/a><\/li>\r\n<li><a href=\"https:\/\/sinoextrud.com\/product\/aluminum-window-profile\/\" target=\"_blank\">Aluminum Window Profile<\/a><\/li>\r\n<li><a href=\"https:\/\/sinoextrud.com\/product\/aluminum-casement-window-double-hung-single-hung-jalousie-security-door-and-window\/\" target=\"_blank\">aluminum casement window Double Hung Single Hung Jalousie Security Door And Window<\/a><\/li>\r\n<li><a href=\"https:\/\/sinoextrud.com\/product\/aluminum-window\/\" target=\"_blank\">Aluminum Window<\/a><\/li>\r\n<li><a href=\"https:\/\/sinoextrud.com\/product\/aluminum-profile-windows-extrusion-companies-in-china\/\" target=\"_blank\">aluminum profile windows extrusion companies in china<\/a><\/li>\r\n<li><a href=\"https:\/\/sinoextrud.com\/product\/thermal-break-aluminium-profiles\/\" target=\"_blank\">Thermal Break Aluminium Profiles<\/a><\/li>\r\n<li><a href=\"https:\/\/sinoextrud.com\/product\/aluminium-mosquito-net-windows-and-door\/\" target=\"_blank\">Aluminium Mosquito Net Windows And Door<\/a><\/li>\r\n<li><a href=\"https:\/\/sinoextrud.com\/product\/extruded-aluminium-profile-tube-pipe-with-oval-trigle-square-round-shape-manufacturer-price\/\" target=\"_blank\">Extruded Aluminium Profile Tube Pipe With Oval Trigle Square Round Shape Manufacturer Price<\/a><\/li>\r\n<li><a href=\"https:\/\/sinoextrud.com\/product\/custom-finishing-aluminum-extrusion-profile-fabrication-and-cnc-machining\/\" target=\"_blank\">Custom Finishing Aluminum Extrusion Profile Fabrication and CNC Machining<\/a><\/li>"},"feature_list":[]},"_links":{"self":[{"href":"https:\/\/sinoextrud.com\/hu\/wp-json\/wp\/v2\/product\/6262","targetHints":{"allow":["GET"]}}],"collection":[{"href":"https:\/\/sinoextrud.com\/hu\/wp-json\/wp\/v2\/product"}],"about":[{"href":"https:\/\/sinoextrud.com\/hu\/wp-json\/wp\/v2\/types\/product"}],"wp:featuredmedia":[{"embeddable":true,"href":"https:\/\/sinoextrud.com\/hu\/wp-json\/wp\/v2\/media\/6261"}],"wp:attachment":[{"href":"https:\/\/sinoextrud.com\/hu\/wp-json\/wp\/v2\/media?parent=6262"}],"wp:term":[{"taxonomy":"category","embeddable":true,"href":"https:\/\/sinoextrud.com\/hu\/wp-json\/wp\/v2\/categories?post=6262"}],"curies":[{"name":"wp","href":"https:\/\/api.w.org\/{rel}","templated":true}]}}