{"id":6258,"date":"2025-05-26T06:59:40","date_gmt":"2025-05-26T06:59:40","guid":{"rendered":"https:\/\/sinoextrud.com\/product\/aluminum-window-frame\/"},"modified":"2025-06-24T03:56:02","modified_gmt":"2025-06-24T03:56:02","slug":"aluminium-ablakkeret","status":"publish","type":"product","link":"https:\/\/sinoextrud.com\/hu\/product\/aluminum-window-frame\/","title":{"rendered":"Alum\u00ednium ablakkeret"},"content":{"rendered":"<h2>Term\u00e9kek r\u00e9szletei<\/h2>\n<table class=\"custom-table\">\n<tr>\n<td class=\"label\">T\u00e9tel<\/td>\n<td>Alum\u00ednium ablakkeret<\/td>\n<\/tr>\n<tr>\n<td class=\"label\">Anyag<\/td>\n<td>6063 T5 \u00f6tv\u00f6zet<\/td>\n<\/tr>\n<tr>\n<td class=\"label\">Alkalmaz\u00e1s<\/td>\n<td>Alum\u00ednium ablakok \u00e9s ajt\u00f3k<\/td>\n<\/tr>\n<tr>\n<td class=\"label\">Tan\u00fas\u00edtv\u00e1ny<\/td>\n<td>ISO9001, ISO14001<\/td>\n<\/tr>\n<tr>\n<td class=\"label\">K\u00e9pess\u00e9g<\/td>\n<td>\u00c9ves termel\u00e9s t\u00f6bb mint 200 000 tonna<\/td>\n<\/tr>\n<tr>\n<td class=\"label\">Sz\u00ednes<\/td>\n<td>Testreszabott el\u00e9rhet\u0151<\/td>\n<\/tr>\n<tr>\n<td class=\"label\">Hossz\u00fas\u00e1g<\/td>\n<td>1-9 m\u00e9ter vagy testreszabott<\/td>\n<\/tr>\n<tr>\n<td class=\"label\">Vastags\u00e1g<\/td>\n<td>Testreszabott<\/td>\n<\/tr>\n<tr>\n<td class=\"label\">Fel\u00fcletkezel\u00e9s<\/td>\n<td>elox\u00e1l\u00e1s, porfest\u00e9s, faanyag\u00e1tvitel, elektrofor\u00e9zis stb.<\/td>\n<\/tr>\n<tr>\n<td class=\"label\">Alkalmaz\u00e1s<\/td>\n<td>alum\u00ednium ablak- \u00e9s ajt\u00f3profil, f\u00fcgg\u00f6nyfal<\/td>\n<\/tr>\n<tr>\n<td class=\"label\">Rakod\u00f3 kik\u00f6t\u0151<\/td>\n<td>Foshan, Shenzhen, Guangzhou<\/td>\n<\/tr>\n<tr>\n<td class=\"label\">Fizet\u00e9s<\/td>\n<td>T \/ T, 30% el\u0151leg, m\u00edg az egyenleget a sz\u00e1ll\u00edt\u00e1s el\u0151tt kell kifizetni<\/td>\n<\/tr>\n<tr>\n<td class=\"label\">Csomag<\/td>\n<td>1.Inside: m\u0171anyag v\u00e9d\u0151f\u00f3li\u00e1val csomagolva az egyes profilok v\u00e9delme \u00e9rdek\u00e9ben<br \/>2.Outside: v\u00edz\u00e1ll\u00f3 k\u00e9zm\u0171ves pap\u00edrral csomagolva<\/td>\n<\/tr>\n<tr>\n<td class=\"label\">Sz\u00e1ll\u00edt\u00e1s<\/td>\n<td>25-30 nappal az el\u0151leg befizet\u00e9se ut\u00e1n<\/td>\n<\/tr>\n<tr>\n<td class=\"label\">Rendez\u00e9si sorrend<\/td>\n<td>1. Er\u0151s\u00edtse meg a rajzokat, a fel\u00fcletkezel\u00e9st \u00e9s az \u00e1rat;<br \/>2. Fizesse ki a formad\u00edjat, \u00e9s elkezdj\u00fck a form\u00e1k elk\u00e9sz\u00edt\u00e9s\u00e9t;<br \/>3. Mint\u00e1kat k\u00fcld\u00fcnk \u00d6nnek a meger\u0151s\u00edt\u00e9shez;<br \/>4. Tegye meg a 30% let\u00e9t kifizet\u00e9s\u00e9t, kezdje meg a gy\u00e1rt\u00e1st;<\/td>\n<\/tr>\n<\/table>\n<h2>Gy\u00e1rt\u00f3 b\u00e1zisunk<\/h2>\n<h3>Gy\u00e1ri panor\u00e1ma<\/h3>\n<p><img decoding=\"async\" src=\"\/wp-content\/uploads\/factory-01.webp\"\/><\/p>\n<h3>Alum\u00ednium r\u00fadgy\u00e1rt\u00f3 m\u0171hely<\/h3>\n<p><img decoding=\"async\" src=\"\/wp-content\/uploads\/factory-02.webp\"\/><\/p>\n<\/p>\n<p><img decoding=\"async\" src=\"\/wp-content\/uploads\/factory-03.webp\"\/><\/p>\n<h3>Pen\u00e9sz rakt\u00e1r<\/h3>\n<p><img decoding=\"async\" src=\"\/wp-content\/uploads\/factory-04.webp\"\/><\/p>\n<h3>43 alum\u00ednium extrud\u00e1l\u00f3 vonal (500-5500 tonna)<\/h3>\n<p><img decoding=\"async\" src=\"\/wp-content\/uploads\/factory-05.webp\"\/><\/p>\n<p><img decoding=\"async\" src=\"\/wp-content\/uploads\/factory-06.webp\"\/><\/p>\n<p><img decoding=\"async\" src=\"\/wp-content\/uploads\/factory-07.webp\"\/><\/p>\n<h3>Porfest\u0151 m\u0171hely<\/h3>\n<p><img decoding=\"async\" src=\"\/wp-content\/uploads\/factory-09.webp\"\/><\/p>\n<h3>Anodiz\u00e1l\u00f3 m\u0171hely<\/h3>\n<p><img decoding=\"async\" src=\"\/wp-content\/uploads\/factory-10.webp\"\/><\/p>\n<h3>M\u00e9ly feldolgoz\u00e1si m\u0171hely<\/h3>\n<p><img decoding=\"async\" src=\"\/wp-content\/uploads\/factory-11.webp\"\/><\/p>\n<h3>CNC prec\u00edzi\u00f3s megmunk\u00e1l\u00f3 m\u0171hely<\/h3>\n<p><img decoding=\"async\" src=\"\/wp-content\/uploads\/factory-11.5.webp\"\/><\/p>\n<h3>K\u00e9szterm\u00e9k \u00e9s export rakt\u00e1r<\/h3>\n<p><img decoding=\"async\" src=\"\/wp-content\/uploads\/factory-12.webp\"\/><\/p>\n<p><img decoding=\"async\" src=\"\/wp-content\/uploads\/factory-13.webp\"\/><\/p>\n<p><img decoding=\"async\" src=\"\/wp-content\/uploads\/factory-14.webp\"\/><\/p>\n<h2>GYIK<\/h2>\n<p><b>1.Mi az alum\u00ednium ablakkeret?<\/b><\/p>\n<p>Az alum\u00ednium ablakkeret egy nagy szil\u00e1rds\u00e1g\u00fa alum\u00ednium\u00f6tv\u00f6zetb\u0151l k\u00e9sz\u00fclt, prec\u00edzi\u00f3san extrud\u00e1lt szerkezeti elem, amelyet \u00fagy terveztek, hogy megtartsa az \u00fcvegt\u00e1bl\u00e1kat \u00e9s tart\u00f3s ablakszerelv\u00e9nyeket biztos\u00edtson.\n<\/p>\n<p><\/p>\n<p><b>2.Mi\u00e9rt v\u00e1lasszon alum\u00ednium ablakkeretet a modern \u00e9p\u00fcletekhez?<\/b><\/p>\n<p>Az alum\u00ednium ablakkeret karcs\u00fa profilt, kiv\u00e1l\u00f3 szil\u00e1rds\u00e1g-s\u00faly ar\u00e1nyt \u00e9s kort\u00e1rs eszt\u00e9tik\u00e1t k\u00edn\u00e1l, amely ide\u00e1lis a kereskedelmi \u00e9s lak\u00f3\u00e9p\u00edt\u00e9szethez.\n<\/p>\n<p><\/p>\n<p><b>3.Hogyan jav\u00edtja az alum\u00ednium ablakkeret az energiahat\u00e9konys\u00e1got?<\/b><\/p>\n<p>Az energiahat\u00e9kony alum\u00ednium ablakkeretek h\u0151szigetel\u0151 technol\u00f3gi\u00e1val \u00e9s t\u00f6bbkamr\u00e1s kialak\u00edt\u00e1ssal rendelkeznek a h\u0151\u00e1tad\u00e1s cs\u00f6kkent\u00e9se \u00e9s a f\u0171t\u00e9si \u00e9s h\u0171t\u00e9si k\u00f6lts\u00e9gek cs\u00f6kkent\u00e9se \u00e9rdek\u00e9ben.\n<\/p>\n<p><\/p>\n<p><b>4.Are alum\u00ednium ablakkeretek tart\u00f3s \u00e9s korr\u00f3zi\u00f3\u00e1ll\u00f3?<\/b><\/p>\n<p>Az alum\u00ednium ablakkeretek ellen\u00e1llnak a rozsd\u00e1nak, az UV-sug\u00e1rz\u00e1snak \u00e9s az id\u0151j\u00e1r\u00e1s viszontags\u00e1gainak, \u00edgy hossz\u00fa t\u00e1v\u00fa teljes\u00edtm\u00e9nyt biztos\u00edtanak minim\u00e1lis karbantart\u00e1s mellett a tengerparti \u00e9s nedves k\u00f6rnyezetben.\n<\/p>\n<p><\/p>\n<p><b>5.Can alum\u00ednium ablakkeretek testre szabhat\u00f3 a design rugalmass\u00e1ga?<\/b><\/p>\n<p>Igen, az alum\u00ednium ablakkeretek t\u00e1mogatj\u00e1k az egyedi extrud\u00e1l\u00e1si profilokat, fel\u00fcleteket, porfest\u00e9si \u00e9s elox\u00e1l\u00e1si lehet\u0151s\u00e9geket, hogy b\u00e1rmilyen \u00e9p\u00edt\u00e9szeti st\u00edlushoz \u00e9s sz\u00ednpalett\u00e1hoz illeszkedjenek.\n<\/p>\n<p><\/p>\n<p><b>6.Hogyan teljes\u00edtenek az alum\u00ednium ablakkeretek sz\u00e9ls\u0151s\u00e9ges id\u0151j\u00e1r\u00e1si k\u00f6r\u00fclm\u00e9nyek k\u00f6z\u00f6tt?<\/b><\/p>\n<p>A nagy teljes\u00edtm\u00e9ny\u0171 alum\u00ednium ablakkeretek meg\u0151rzik szerkezeti integrit\u00e1sukat nagy sz\u00e9lterhel\u00e9s, es\u0151 \u00e9s h\u0151m\u00e9rs\u00e9klet-ingadoz\u00e1s eset\u00e9n, vetemed\u00e9s \u00e9s fakul\u00e1s n\u00e9lk\u00fcl.\n<\/p>\n<p><\/p>\n<p><b>7.Milyen karbantart\u00e1s sz\u00fcks\u00e9ges az alum\u00ednium ablakkeretekhez?<\/b><\/p>\n<p>Az alacsony karbantart\u00e1si ig\u00e9ny\u0171 alum\u00ednium ablakkeretek csak rendszeres tiszt\u00edt\u00e1st \u00e9s ellen\u0151rz\u00e9st ig\u00e9nyelnek, \u00e9s a tart\u00f3s, gy\u00e1rilag felhordott fel\u00fcleteknek k\u00f6sz\u00f6nhet\u0151en nincs sz\u00fcks\u00e9g fest\u00e9sre vagy t\u00f6m\u00edt\u00e9sre.\n<\/p>\n<p><\/p>\n<p><b>8.Do alum\u00ednium ablakkeretek fokozott biztons\u00e1got ny\u00fajtanak?<\/b><\/p>\n<p>A meger\u0151s\u00edtett alum\u00ednium ablakkeretek t\u00f6bbpontos z\u00e1rszerkezetet \u00e9s lamin\u00e1lt \u00fcveget tartalmaznak, amelyek er\u0151s ellen\u00e1ll\u00e1st biztos\u00edtanak az er\u0151szakos behatol\u00e1ssal szemben, \u00e9s jav\u00edtj\u00e1k a biztons\u00e1got.\n<\/p>\n<p><\/p>\n<p><b>9.Are alum\u00ednium ablakkeretek k\u00f6rnyezetbar\u00e1t \u00e9s \u00fajrahasznos\u00edthat\u00f3?<\/b><\/p>\n<p>Az alum\u00ednium ablakkeretek teljes m\u00e9rt\u00e9kben \u00fajrahasznos\u00edthat\u00f3ak, kevesebb energi\u00e1t fogyasztanak a gy\u00e1rt\u00e1s sor\u00e1n, \u00e9s t\u00e1mogatj\u00e1k az olyan fenntarthat\u00f3 \u00e9p\u00edt\u00e9si tan\u00fas\u00edtv\u00e1nyokat, mint a LEED \u00e9s a BREEAM.\n<\/p>\n<p><\/p>\n<p><b>10.Hol szerezhetek be kiv\u00e1l\u00f3 min\u0151s\u00e9g\u0171 alum\u00ednium ablakkereteket?<\/b><\/p>\n<p>A vezet\u0151 gy\u00e1rt\u00f3k tan\u00fas\u00edtott alum\u00ednium ablakkereteket sz\u00e1ll\u00edtanak ISO-szabv\u00e1nyokkal, glob\u00e1lis forgalmaz\u00e1ssal \u00e9s m\u0171szaki t\u00e1mogat\u00e1ssal a z\u00f6kken\u0151mentes ablakbe\u00e9p\u00edt\u00e9shez.\n<\/p>\n<p><\/p>","protected":false},"featured_media":6257,"template":"","categories":[59],"class_list":["post-6258","product","type-product","status-publish","has-post-thumbnail","hentry","category-aluminum-window-door-system"],"meta_box":{"hilight_text_group":{"product_hilight_text":"<li>Manufactured from 6063-T5 aluminum alloy for exceptional strength and durability<\/li>\r\r\n<li>Precision-engineered profiles with \u00c2\u00b10.1 mm tolerance for seamless assembly<\/li>\r\r\n<li>Optional thermal break design to improve energy efficiency and reduce condensation<\/li>\r\r\n<li>Multiple finish options (anodized, powder-coated) for corrosion resistance and design flexibility<\/li>\r\r\n<li>Integrated drainage and ventilation channels to prevent water buildup<\/li>\r\r\n<li>Pre-drilled mounting holes and snap-fit corners for quick, error-free installation<\/li>\r\r\n<li>Compatible with standard glazing beads and weather seals for superior airtightness<\/li>\r\r\n<li>Lightweight yet robust construction reduces shipping costs and handling effort<\/li>","product_chanpin_chanpin":"<li><a href=\"https:\/\/sinoextrud.com\/product\/6063t6-aluminium-profile-corner\/\" target=\"_blank\">6063T6 Aluminium Profile Corner<\/a><\/li>\r\n<li><a href=\"https:\/\/sinoextrud.com\/product\/extruded-aluminum-sliding-channel\/\" target=\"_blank\">Extruded Aluminum Sliding Channel<\/a><\/li>\r\n<li><a href=\"https:\/\/sinoextrud.com\/product\/aluminum-door-frame-profile\/\" target=\"_blank\">Aluminum Door Frame Profile<\/a><\/li>\r\n<li><a href=\"https:\/\/sinoextrud.com\/product\/sliding-window-aluminum-window-track\/\" target=\"_blank\">Sliding Window Aluminum Window Track<\/a><\/li>\r\n<li><a href=\"https:\/\/sinoextrud.com\/product\/aluminum-window-frame\/\" target=\"_blank\">Aluminum Window Frame<\/a><\/li>\r\n<li><a href=\"https:\/\/sinoextrud.com\/product\/aluminum-window-profile\/\" target=\"_blank\">Aluminum Window Profile<\/a><\/li>\r\n<li><a href=\"https:\/\/sinoextrud.com\/product\/aluminum-casement-window-double-hung-single-hung-jalousie-security-door-and-window\/\" target=\"_blank\">aluminum casement window Double Hung Single Hung Jalousie Security Door And Window<\/a><\/li>\r\n<li><a href=\"https:\/\/sinoextrud.com\/product\/aluminum-window\/\" target=\"_blank\">Aluminum Window<\/a><\/li>\r\n<li><a href=\"https:\/\/sinoextrud.com\/product\/aluminum-profile-windows-extrusion-companies-in-china\/\" target=\"_blank\">aluminum profile windows extrusion companies in china<\/a><\/li>\r\n<li><a href=\"https:\/\/sinoextrud.com\/product\/fluorocarbon-coated-heavy-duty-exposed-aluminium-frame-glazed-building-curtain-wall-aluminium-profile\/\" target=\"_blank\">Fluorocarbon coated heavy duty exposed aluminium frame glazed building curtain wall aluminium profile<\/a><\/li>\r\n<li><a href=\"https:\/\/sinoextrud.com\/product\/greenhouse-aluminum-extrusions-blade-window\/\" target=\"_blank\">Greenhouse Aluminum Extrusions Blade Window<\/a><\/li>"},"feature_list":[]},"_links":{"self":[{"href":"https:\/\/sinoextrud.com\/hu\/wp-json\/wp\/v2\/product\/6258","targetHints":{"allow":["GET"]}}],"collection":[{"href":"https:\/\/sinoextrud.com\/hu\/wp-json\/wp\/v2\/product"}],"about":[{"href":"https:\/\/sinoextrud.com\/hu\/wp-json\/wp\/v2\/types\/product"}],"wp:featuredmedia":[{"embeddable":true,"href":"https:\/\/sinoextrud.com\/hu\/wp-json\/wp\/v2\/media\/6257"}],"wp:attachment":[{"href":"https:\/\/sinoextrud.com\/hu\/wp-json\/wp\/v2\/media?parent=6258"}],"wp:term":[{"taxonomy":"category","embeddable":true,"href":"https:\/\/sinoextrud.com\/hu\/wp-json\/wp\/v2\/categories?post=6258"}],"curies":[{"name":"wp","href":"https:\/\/api.w.org\/{rel}","templated":true}]}}