{"id":6254,"date":"2025-05-26T06:54:55","date_gmt":"2025-05-26T06:54:55","guid":{"rendered":"https:\/\/sinoextrud.com\/product\/aluminum-door-frame-profile\/"},"modified":"2025-06-24T03:55:59","modified_gmt":"2025-06-24T03:55:59","slug":"aluminium-ajtokeret-profil","status":"publish","type":"product","link":"https:\/\/sinoextrud.com\/hu\/product\/aluminum-door-frame-profile\/","title":{"rendered":"Alum\u00ednium ajt\u00f3keret profil"},"content":{"rendered":"<h2>Term\u00e9kek r\u00e9szletei<\/h2>\n<table class=\"custom-table\">\n<tr>\n<td class=\"label\">Term\u00e9k neve<\/td>\n<td>Alum\u00ednium ajt\u00f3 keret profil<\/td>\n<\/tr>\n<tr>\n<td class=\"label\">Anyag<\/td>\n<td>6063,6061.<\/td>\n<\/tr>\n<tr>\n<td class=\"label\">Temper<\/td>\n<td>T3-T8<\/td>\n<\/tr>\n<tr>\n<td class=\"label\">Sz\u00ednes<\/td>\n<td>Elox\u00e1lt ez\u00fcst, fa szemcs\u00e9s vagy m\u00e1s testreszabott sz\u00edn\u0171<\/td>\n<\/tr>\n<tr>\n<td class=\"label\">Tipikus Applycation<\/td>\n<td>Ablak \u00e9s ajt\u00f3<\/td>\n<\/tr>\n<tr>\n<td class=\"label\">CNC folyamat<\/td>\n<td>T\u00e1mogat\u00f3 CNC mar\u00e1s, lyukaszt\u00e1s, f\u00far\u00e1s, csapol\u00e1s, hajl\u00edt\u00e1s<\/td>\n<\/tr>\n<tr>\n<td class=\"label\">MOQ<\/td>\n<td>200KG<\/td>\n<\/tr>\n<tr>\n<td class=\"label\">Fel\u00fcletkezel\u00e9s<\/td>\n<td>Fa szemcs\u00e9s, elox\u00e1lt, porbevonat, elektrofor\u00e9zis, PVDF bevonat, csiszolt stb.<\/td>\n<\/tr>\n<tr>\n<td class=\"label\">Tan\u00fas\u00edtv\u00e1nyok<\/td>\n<td>ISO9001, ISO4001, CQM, SGS, CE, BV stb.<\/td>\n<\/tr>\n<tr>\n<td class=\"label\">Sz\u00e1rmaz\u00e1si hely<\/td>\n<td>Guangdong,K\u00edna<\/td>\n<\/tr>\n<\/table>\n<h2>Gy\u00e1rt\u00f3 b\u00e1zisunk<\/h2>\n<h3>Gy\u00e1ri panor\u00e1ma<\/h3>\n<p><img decoding=\"async\" src=\"\/wp-content\/uploads\/factory-01.webp\"\/><\/p>\n<h3>Alum\u00ednium r\u00fadgy\u00e1rt\u00f3 m\u0171hely<\/h3>\n<p><img decoding=\"async\" src=\"\/wp-content\/uploads\/factory-02.webp\"\/><\/p>\n<p><img decoding=\"async\" src=\"\/wp-content\/uploads\/factory-03.webp\"\/><\/p>\n<h3>Pen\u00e9sz rakt\u00e1r<\/h3>\n<p><img decoding=\"async\" src=\"\/wp-content\/uploads\/factory-04.webp\"\/><\/p>\n<h3>43 alum\u00ednium extrud\u00e1l\u00f3 vonal (500-5500 tonna)<\/h3>\n<p><img decoding=\"async\" src=\"\/wp-content\/uploads\/factory-05.webp\"\/><\/p>\n<p><img decoding=\"async\" src=\"\/wp-content\/uploads\/factory-06.webp\"\/><\/p>\n<p><img decoding=\"async\" src=\"\/wp-content\/uploads\/factory-07.webp\"\/><\/p>\n<h3>Porfest\u0151 m\u0171hely<\/h3>\n<p><img decoding=\"async\" src=\"\/wp-content\/uploads\/factory-09.webp\"\/><\/p>\n<h3>Anodiz\u00e1l\u00f3 m\u0171hely<\/h3>\n<p><img decoding=\"async\" src=\"\/wp-content\/uploads\/factory-10.webp\"\/><\/p>\n<h3>M\u00e9ly feldolgoz\u00e1si m\u0171hely<\/h3>\n<p><img decoding=\"async\" src=\"\/wp-content\/uploads\/factory-11.webp\"\/><\/p>\n<h3>CNC prec\u00edzi\u00f3s megmunk\u00e1l\u00f3 m\u0171hely<\/h3>\n<p><img decoding=\"async\" src=\"\/wp-content\/uploads\/factory-11.5.webp\"\/><\/p>\n<h3>K\u00e9szterm\u00e9k \u00e9s export rakt\u00e1r<\/h3>\n<p><img decoding=\"async\" src=\"\/wp-content\/uploads\/factory-12.webp\"\/><\/p>\n<p><img decoding=\"async\" src=\"\/wp-content\/uploads\/factory-13.webp\"\/><\/p>\n<p><img decoding=\"async\" src=\"\/wp-content\/uploads\/factory-14.webp\"\/><\/p>\n<h2>GYIK<\/h2>\n<p><p><b>1.Mi az alum\u00ednium ajt\u00f3keret profil?<\/b><\/p>\n<p>Az alum\u00ednium ajt\u00f3keretprofil egy prec\u00edzi\u00f3san extrud\u00e1lt alum\u00edniumprofil, amelyet bels\u0151 \u00e9s k\u00fcls\u0151 ajt\u00f3k szerkezeti keret\u00e9nek kialak\u00edt\u00e1s\u00e1ra terveztek.<br \/>\n<\/p><br \/>\n<br \/>\n<p><b>2.Mi\u00e9rt v\u00e1lasszon alum\u00ednium ajt\u00f3keret profilt?<\/b><\/p>\n<p>Az alum\u00ednium ajt\u00f3keretprofilok kiv\u00e9teles tart\u00f3ss\u00e1got, k\u00f6nny\u0171szerkezetes \u00e9p\u00edt\u00e9st \u00e9s kiv\u00e1l\u00f3 korr\u00f3zi\u00f3\u00e1ll\u00f3s\u00e1got k\u00edn\u00e1lnak az ac\u00e9l- vagy fa keretekhez k\u00e9pest.<br \/>\n<\/p><br \/>\n<br \/>\n<p><b>3.Hogyan n\u00f6veli az alum\u00ednium ajt\u00f3keretprofil az energiahat\u00e9konys\u00e1got?<\/b><\/p>\n<p>Az energiahat\u00e9kony alum\u00ednium ajt\u00f3keretprofilok h\u0151szigetel\u0151 technol\u00f3gi\u00e1t \u00e9s t\u00f6bbkamr\u00e1s kialak\u00edt\u00e1st tartalmaznak a h\u0151\u00e1tad\u00e1s minimaliz\u00e1l\u00e1sa \u00e9s az energiak\u00f6lts\u00e9gek cs\u00f6kkent\u00e9se \u00e9rdek\u00e9ben.<br \/>\n<\/p><br \/>\n<br \/>\n<p><b>4.Are alum\u00ednium ajt\u00f3keret profilok testreszabhat\u00f3?<\/b><\/p>\n<p>Igen, az alum\u00ednium ajt\u00f3keret profilok k\u00fcl\u00f6nb\u00f6z\u0151 keresztmetszetekkel, fel\u00fcletekkel, elox\u00e1lt vagy porsz\u00f3rt sz\u00ednekkel extrud\u00e1lhat\u00f3k, hogy b\u00e1rmilyen \u00e9p\u00edt\u00e9szeti st\u00edlushoz illeszkedjenek.<br \/>\n<\/p><br \/>\n<br \/>\n<p><b>5.Milyen telep\u00edt\u00e9si el\u0151ny\u00f6ket ny\u00fajtanak az alum\u00ednium ajt\u00f3keretprofilok?<\/b><\/p>\n<p>Az alum\u00ednium ajt\u00f3keretprofilok pontos t\u0171r\u00e9sekkel \u00e9s integr\u00e1lt t\u00f6m\u00edt\u0151csatorn\u00e1kkal rendelkeznek a gyors, pontos be\u00e9p\u00edt\u00e9s \u00e9s a l\u00e9gmentes t\u00f6m\u00edt\u00e9s \u00e9rdek\u00e9ben.<br \/>\n<\/p><br \/>\n<br \/>\n<p><b>6.Hogyan teljes\u00edtenek az alum\u00ednium ajt\u00f3keretprofilok zord k\u00f6rnyezetben?<\/b><\/p>\n<p>Az id\u0151j\u00e1r\u00e1s\u00e1ll\u00f3 alum\u00ednium ajt\u00f3keretprofilok ellen\u00e1llnak az UV-hat\u00e1snak, a nedvess\u00e9gnek \u00e9s a sz\u00e9ls\u0151s\u00e9ges h\u0151m\u00e9rs\u00e9kleti viszonyoknak an\u00e9lk\u00fcl, hogy megvetemedn\u00e9nek vagy kifakuln\u00e1nak.<br \/>\n<\/p><br \/>\n<br \/>\n<p><b>7.Can alum\u00ednium ajt\u00f3keret profilok jav\u00edtja a biztons\u00e1got?<\/b><\/p>\n<p>Igen, a meger\u0151s\u00edtett alum\u00ednium ajt\u00f3keretprofilok t\u00e1mogatj\u00e1k a t\u00f6bbpontos z\u00e1rrendszereket \u00e9s a robusztus hardvereket a fokozott ajt\u00f3biztons\u00e1g \u00e9rdek\u00e9ben.<br \/>\n<\/p><br \/>\n<br \/>\n<p><b>8.Milyen karbantart\u00e1s sz\u00fcks\u00e9ges az alum\u00ednium ajt\u00f3keret profilokhoz?<\/b><\/p>\n<p>Az alacsony karbantart\u00e1si ig\u00e9ny\u0171 alum\u00ednium ajt\u00f3keretprofilok csak rendszeres tiszt\u00edt\u00e1st \u00e9s ellen\u0151rz\u00e9st ig\u00e9nyelnek, \u00e9s id\u0151vel ellen\u00e1llnak a rozsd\u00e1nak \u00e9s a rothad\u00e1snak.<br \/>\n<\/p><br \/>\n<br \/>\n<p><b>9.Are alum\u00ednium ajt\u00f3keret profilok k\u00f6rnyezetbar\u00e1t?<\/b><\/p>\n<p>Az \u00fajrahasznos\u00edthat\u00f3 alum\u00ednium ajt\u00f3keretprofilok cs\u00f6kkentik a k\u00f6rnyezeti hat\u00e1sokat \u00e9s t\u00e1mogatj\u00e1k a fenntarthat\u00f3 \u00e9p\u00fcletek min\u0151s\u00edt\u00e9s\u00e9t, mint p\u00e9ld\u00e1ul a LEED.<br \/>\n<\/p><br \/>\n<br \/>\n<p><b>10.Hol szerezhetek be kiv\u00e1l\u00f3 min\u0151s\u00e9g\u0171 alum\u00ednium ajt\u00f3keret profilokat?<\/b><\/p>\n<p>Az alum\u00ednium ajt\u00f3keretprofilok vezet\u0151 gy\u00e1rt\u00f3i ISO-tan\u00fas\u00edtott term\u00e9keket, glob\u00e1lis forgalmaz\u00e1st \u00e9s m\u0171szaki t\u00e1mogat\u00e1st ny\u00fajtanak az ajt\u00f3keret-megold\u00e1sokhoz.<br \/>\n<\/p><br \/><\/p>","protected":false},"featured_media":6253,"template":"","categories":[59],"class_list":["post-6254","product","type-product","status-publish","has-post-thumbnail","hentry","category-aluminum-window-door-system"],"meta_box":{"hilight_text_group":{"product_hilight_text":"<li>Constructed from 6063-T5 aluminum alloy for superior strength and rigidity<\/li>\r\r\n<li>Precision-milled profiles with tolerances down to \u00c2\u00b10.1 mm for perfect fit<\/li>\r\r\n<li>Integrated thermal break option to enhance energy efficiency and reduce condensation<\/li>\r\r\n<li>Customizable finishes (anodized, powder-coated) for corrosion resistance and aesthetic matching<\/li>\r\r\n<li>Standardized groove design compatible with glazing beads and weather seals<\/li>\r\r\n<li>Pre-drilled mounting holes and snap-in corner connectors for fast, error-free installation<\/li>\r\r\n<li>Lightweight construction (2.70 g\/cm3) lowers shipping cost and eases handling<\/li>\r\r\n<li>RoHS-compliant and fully recyclable for sustainable building projects<\/li>","product_chanpin_chanpin":"<li><a href=\"https:\/\/sinoextrud.com\/product\/aluminum-extrusion-aerospace-grade-2024-aluminum-alloy-tubes\/\" target=\"_blank\">Aluminum Extrusion Aerospace-Grade 2024 Aluminum Alloy Tubes<\/a><\/li>\r\n<li><a href=\"https:\/\/sinoextrud.com\/product\/aluminum-casement-door\/\" target=\"_blank\">Aluminum Casement Door<\/a><\/li>\r\n<li><a href=\"https:\/\/sinoextrud.com\/product\/6063t6-aluminium-profile-corner\/\" target=\"_blank\">6063T6 Aluminium Profile Corner<\/a><\/li>\r\n<li><a href=\"https:\/\/sinoextrud.com\/product\/extruded-aluminum-sliding-channel\/\" target=\"_blank\">Extruded Aluminum Sliding Channel<\/a><\/li>\r\n<li><a href=\"https:\/\/sinoextrud.com\/product\/aluminum-door-frame-profile\/\" target=\"_blank\">Aluminum Door Frame Profile<\/a><\/li>\r\n<li><a href=\"https:\/\/sinoextrud.com\/product\/sliding-window-aluminum-window-track\/\" target=\"_blank\">Sliding Window Aluminum Window Track<\/a><\/li>\r\n<li><a href=\"https:\/\/sinoextrud.com\/product\/aluminum-window-frame\/\" target=\"_blank\">Aluminum Window Frame<\/a><\/li>\r\n<li><a href=\"https:\/\/sinoextrud.com\/product\/aluminum-window-profile\/\" target=\"_blank\">Aluminum Window Profile<\/a><\/li>\r\n<li><a href=\"https:\/\/sinoextrud.com\/product\/aluminum-casement-window-double-hung-single-hung-jalousie-security-door-and-window\/\" target=\"_blank\">aluminum casement window Double Hung Single Hung Jalousie Security Door And Window<\/a><\/li>\r\n<li><a href=\"https:\/\/sinoextrud.com\/product\/flat-aluminum-extrusions\/\" target=\"_blank\">Flat Aluminum Extrusions<\/a><\/li>\r\n<li><a href=\"https:\/\/sinoextrud.com\/product\/extruded-aluminium-round-tube\/\" target=\"_blank\">Extruded Aluminium Round Tube<\/a><\/li>"},"feature_list":[]},"_links":{"self":[{"href":"https:\/\/sinoextrud.com\/hu\/wp-json\/wp\/v2\/product\/6254","targetHints":{"allow":["GET"]}}],"collection":[{"href":"https:\/\/sinoextrud.com\/hu\/wp-json\/wp\/v2\/product"}],"about":[{"href":"https:\/\/sinoextrud.com\/hu\/wp-json\/wp\/v2\/types\/product"}],"wp:featuredmedia":[{"embeddable":true,"href":"https:\/\/sinoextrud.com\/hu\/wp-json\/wp\/v2\/media\/6253"}],"wp:attachment":[{"href":"https:\/\/sinoextrud.com\/hu\/wp-json\/wp\/v2\/media?parent=6254"}],"wp:term":[{"taxonomy":"category","embeddable":true,"href":"https:\/\/sinoextrud.com\/hu\/wp-json\/wp\/v2\/categories?post=6254"}],"curies":[{"name":"wp","href":"https:\/\/api.w.org\/{rel}","templated":true}]}}