{"id":6252,"date":"2025-05-26T06:52:58","date_gmt":"2025-05-26T06:52:58","guid":{"rendered":"https:\/\/sinoextrud.com\/product\/extruded-aluminum-sliding-channel\/"},"modified":"2025-06-24T03:55:56","modified_gmt":"2025-06-24T03:55:56","slug":"extrudalt-aluminium-csuszocsatorna","status":"publish","type":"product","link":"https:\/\/sinoextrud.com\/hu\/product\/extruded-aluminum-sliding-channel\/","title":{"rendered":"Extrud\u00e1lt alum\u00ednium cs\u00fasz\u00f3 csatorna"},"content":{"rendered":"<h2>Term\u00e9kek r\u00e9szletei<\/h2>\n<table class=\"custom-table\">\n<tr>\n<td class=\"label\">N\u00e9v<\/td>\n<td>Extrud\u00e1lt alum\u00ednium cs\u00fasz\u00f3csatorna<\/td>\n<\/tr>\n<tr>\n<td class=\"label\">Kateg\u00f3ria<\/td>\n<td>Alum\u00ednium szelv\u00e9nyek<\/td>\n<\/tr>\n<tr>\n<td class=\"label\">T\u00edpus<\/td>\n<td>Neh\u00e9z vagy k\u00f6nny\u0171 t\u00edpus \u00e1ll rendelkez\u00e9sre<\/td>\n<\/tr>\n<tr>\n<td class=\"label\">Anyag<\/td>\n<td>A 6061 sz\u00e9les k\u00f6rben haszn\u00e1latos. A 6063, 6463, 6005, 6082 is rendelkez\u00e9sre \u00e1ll.<\/td>\n<\/tr>\n<tr>\n<td class=\"label\">Temper<\/td>\n<td>T5-T8<\/td>\n<\/tr>\n<tr>\n<td class=\"label\">Hossz\u00fas\u00e1g<\/td>\n<td>1-9M vagy testreszab\u00e1s<\/td>\n<\/tr>\n<tr>\n<td class=\"label\">M\u00e9ret (mm)<\/td>\n<td>Rajz szerint<\/td>\n<\/tr>\n<tr>\n<td class=\"label\">Shape<\/td>\n<td>Egy\u00e1gyas \/ K\u00e9t\u00e1gyas \/ H\u00e1rom\u00e1gyas<\/td>\n<\/tr>\n<tr>\n<td class=\"label\">Fel\u00fcletkezel\u00e9s<\/td>\n<td>Malom k\u00e9sz, elox\u00e1lt, homokf\u00fav\u00e1s, elektrofor\u00e9zis, Power bevonat stb.<\/td>\n<\/tr>\n<tr>\n<td class=\"label\">Sz\u00ednes<\/td>\n<td>Ez\u00fcst, fekete, feh\u00e9r, piros, s\u00e1rga, pezsg\u0151 vagy egyedi sz\u00ednben<\/td>\n<\/tr>\n<tr>\n<td class=\"label\">Standard<\/td>\n<td>ASTM, GB, DIN<\/td>\n<\/tr>\n<tr>\n<td class=\"label\">A  c\u00edmr\u0151l<\/td>\n<td>Guangdong, K\u00edna<\/td>\n<\/tr>\n<tr>\n<td class=\"label\">Alkalmaz\u00e1s<\/td>\n<td>Ablak \u00e9s ajt\u00f3, valamint a s\u00edn, cs\u00fasz\u00f3p\u00e1lya , r\u00e9s az iparban<\/td>\n<\/tr>\n<\/table>\n<h2>Gy\u00e1rt\u00f3 b\u00e1zisunk<\/h2>\n<h3>Gy\u00e1ri panor\u00e1ma<\/h3>\n<p><img decoding=\"async\" src=\"\/wp-content\/uploads\/factory-01.webp\"\/><\/p>\n<h3>Alum\u00ednium r\u00fadgy\u00e1rt\u00f3 m\u0171hely<\/h3>\n<p><img decoding=\"async\" src=\"\/wp-content\/uploads\/factory-02.webp\"\/><\/p>\n<p><img decoding=\"async\" src=\"\/wp-content\/uploads\/factory-03.webp\"\/><\/p>\n<h3>Pen\u00e9sz rakt\u00e1r<\/h3>\n<p><img decoding=\"async\" src=\"\/wp-content\/uploads\/factory-04.webp\"\/><\/p>\n<h3>43 alum\u00ednium extrud\u00e1l\u00f3 vonal (500-5500 tonna)<\/h3>\n<p><img decoding=\"async\" src=\"\/wp-content\/uploads\/factory-05.webp\"\/><\/p>\n<p><img decoding=\"async\" src=\"\/wp-content\/uploads\/factory-06.webp\"\/><\/p>\n<p><img decoding=\"async\" src=\"\/wp-content\/uploads\/factory-07.webp\"\/><\/p>\n<h3>Porfest\u0151 m\u0171hely<\/h3>\n<p><img decoding=\"async\" src=\"\/wp-content\/uploads\/factory-09.webp\"\/><\/p>\n<h3>Anodiz\u00e1l\u00f3 m\u0171hely<\/h3>\n<p><img decoding=\"async\" src=\"\/wp-content\/uploads\/factory-10.webp\"\/><\/p>\n<h3>M\u00e9ly feldolgoz\u00e1si m\u0171hely<\/h3>\n<p><img decoding=\"async\" src=\"\/wp-content\/uploads\/factory-11.webp\"\/><\/p>\n<h3>CNC prec\u00edzi\u00f3s megmunk\u00e1l\u00f3 m\u0171hely<\/h3>\n<p><img decoding=\"async\" src=\"\/wp-content\/uploads\/factory-11.5.webp\"\/><\/p>\n<h3>K\u00e9szterm\u00e9k \u00e9s export rakt\u00e1r<\/h3>\n<p><img decoding=\"async\" src=\"\/wp-content\/uploads\/factory-12.webp\"\/><\/p>\n<p><img decoding=\"async\" src=\"\/wp-content\/uploads\/factory-13.webp\"\/><\/p>\n<p><img decoding=\"async\" src=\"\/wp-content\/uploads\/factory-14.webp\"\/><\/p>\n<h2>GYIK<\/h2>\n<p><p><b>1.Mi az extrud\u00e1lt alum\u00ednium cs\u00fasz\u00f3csatorna?<\/b><\/p>\n<p>Az extrud\u00e1lt alum\u00ednium cs\u00fasz\u00f3csatorna egy prec\u00edzi\u00f3san megtervezett alum\u00ednium s\u00ednrendszer, amelyet ajt\u00f3k, ablakok \u00e9s panelek sima, tart\u00f3s cs\u00fasz\u00f3 alkalmaz\u00e1s\u00e1hoz terveztek.<br \/>\n<\/p><br \/>\n<br \/>\n<p><b>2.Mik a legfontosabb jellemz\u0151i az extrud\u00e1lt alum\u00ednium cs\u00fasz\u00f3csatorn\u00e1nak?<\/b><\/p>\n<p>A legfontosabb jellemz\u0151k k\u00f6z\u00e9 tartozik a nagy szil\u00e1rds\u00e1g\u00fa extrud\u00e1l\u00e1s, a korr\u00f3zi\u00f3\u00e1ll\u00f3s\u00e1g, a sz\u0171k m\u00e9rett\u0171r\u00e9sek, a testreszabhat\u00f3 hossz \u00e9s az alacsony s\u00farl\u00f3d\u00e1s\u00fa cs\u00fasz\u00f3fel\u00fcletek.<br \/>\n<\/p><br \/>\n<br \/>\n<p><b>3.Hogyan jav\u00edtja a teljes\u00edtm\u00e9nyt az extrud\u00e1lt alum\u00ednium cs\u00fasz\u00f3csatorna?<\/b><\/p>\n<p>Az extrud\u00e1lt alum\u00ednium cs\u00fasz\u00f3csatorn\u00e1k egyenletes, sima mozg\u00e1st, a g\u00f6rg\u0151k kisebb kop\u00e1s\u00e1t \u00e9s a neh\u00e9z cs\u00fasz\u00f3lemezek nagyobb teherb\u00edr\u00e1s\u00e1t biztos\u00edtj\u00e1k.<br \/>\n<\/p><br \/>\n<br \/>\n<p><b>4.Mi\u00e9rt v\u00e1lassza az extrud\u00e1lt alum\u00ednium cs\u00fasz\u00f3csatorn\u00e1kat a m\u0171anyag vagy ac\u00e9l opci\u00f3kkal szemben?<\/b><\/p>\n<p>Az extrud\u00e1lt alum\u00ednium cs\u00fasz\u00f3csatorn\u00e1k kiv\u00e1l\u00f3 szil\u00e1rds\u00e1g-t\u00f6meg ar\u00e1nyt, term\u00e9szetes korr\u00f3zi\u00f3\u00e1ll\u00f3s\u00e1got, jobb h\u0151stabilit\u00e1st \u00e9s \u00fajrahasznos\u00edthat\u00f3 anyagel\u0151ny\u00f6ket k\u00edn\u00e1lnak.<br \/>\n<\/p><br \/>\n<br \/>\n<p><b>5.Lehet-e az extrud\u00e1lt alum\u00ednium cs\u00fasz\u00f3csatorn\u00e1kat elox\u00e1lni vagy bevonni?<\/b><\/p>\n<p>Igen, az extrud\u00e1lt alum\u00ednium cs\u00fasz\u00f3csatorn\u00e1k t\u00e1mogatj\u00e1k az elox\u00e1l\u00e1st, a porfest\u00e9st \u00e9s az egyedi kiviteleket az eszt\u00e9tikum, a karc\u00e1ll\u00f3s\u00e1g \u00e9s a hossz\u00fa t\u00e1v\u00fa tart\u00f3ss\u00e1g fokoz\u00e1sa \u00e9rdek\u00e9ben.<br \/>\n<\/p><br \/>\n<br \/>\n<p><b>6.Milyen alkalmaz\u00e1sok el\u0151ny\u00f6sek az extrud\u00e1lt alum\u00ednium cs\u00fasz\u00f3csatorn\u00e1kb\u00f3l?<\/b><\/p>\n<p>Az extrud\u00e1lt alum\u00ednium tol\u00f3csatorn\u00e1k ide\u00e1lisak lak\u00f3- \u00e9s kereskedelmi tol\u00f3ajt\u00f3khoz, \u00fcvegfalakhoz, szekr\u00e9nyfi\u00f3kokhoz \u00e9s ipari g\u00e9pv\u00e9d\u0151 elemekhez.<br \/>\n<\/p><br \/>\n<br \/>\n<p><b>7.Hogyan kell felszerelni egy extrud\u00e1lt alum\u00ednium cs\u00fasz\u00f3csatorn\u00e1t?<\/b><\/p>\n<p>A beszerel\u00e9s mag\u00e1ban foglalja a csatorna r\u00f6gz\u00edt\u00e9s\u00e9t a szerel\u00e9si fel\u00fclethez csavarokkal vagy ragaszt\u00f3val, a g\u00f6rg\u0151k vagy vezet\u0151k \u00f6sszehangol\u00e1s\u00e1t \u00e9s a sima cs\u00fasz\u00e1s \u00e9rdek\u00e9ben t\u00f6rt\u00e9n\u0151 be\u00e1ll\u00edt\u00e1s\u00e1t.<br \/>\n<\/p><br \/>\n<br \/>\n<p><b>8.Are extrud\u00e1lt alum\u00ednium cs\u00fasz\u00f3csatorn\u00e1k karbantart\u00e1smentes?<\/b><\/p>\n<p>Az extrud\u00e1lt alum\u00ednium cs\u00fasz\u00f3csatorn\u00e1k karbantart\u00e1sa minim\u00e1lis - a cs\u00fasz\u00f3elemek rendszeres tiszt\u00edt\u00e1sa \u00e9s ken\u00e9se biztos\u00edtja az optim\u00e1lis teljes\u00edtm\u00e9nyt \u00e9s hossz\u00fa \u00e9lettartamot.<br \/>\n<\/p><br \/>\n<br \/>\n<p><b>9.Milyen testreszab\u00e1si lehet\u0151s\u00e9gek \u00e1llnak rendelkez\u00e9sre az extrud\u00e1lt alum\u00ednium cs\u00fasz\u00f3csatorn\u00e1khoz?<\/b><\/p>\n<p>A gy\u00e1rt\u00f3k egyedi keresztmetszeteket, r\u00e9skonfigur\u00e1ci\u00f3kat, furatmint\u00e1kat \u00e9s hosszv\u00e1g\u00e1sokat k\u00edn\u00e1lnak a szem\u00e9lyre szabott extrud\u00e1lt alum\u00ednium cs\u00fasz\u00f3csatorna megold\u00e1sokhoz.<br \/>\n<\/p><br \/>\n<br \/>\n<p><b>10.Hol tudok kiv\u00e1l\u00f3 min\u0151s\u00e9g\u0171 extrud\u00e1lt alum\u00ednium cs\u00fasz\u00f3csatorn\u00e1kat beszerezni?<\/b><\/p>\n<p>A vezet\u0151 extrud\u00e1l\u00f3 besz\u00e1ll\u00edt\u00f3k tan\u00fas\u00edtott extrud\u00e1lt alum\u00ednium cs\u00fasz\u00f3csatorn\u00e1kat k\u00edn\u00e1lnak ISO min\u0151s\u00e9gbiztos\u00edt\u00e1ssal, glob\u00e1lis sz\u00e1ll\u00edt\u00e1ssal \u00e9s m\u0171szaki t\u00e1mogat\u00e1ssal.<br \/>\n<\/p><br \/><\/p>","protected":false},"featured_media":6251,"template":"","categories":[59],"class_list":["post-6252","product","type-product","status-publish","has-post-thumbnail","hentry","category-aluminum-window-door-system"],"meta_box":{"hilight_text_group":{"product_hilight_text":"<li>High-precision extrusion for uniform sliding action and minimal friction<\/li>\r\r\n<li>Hard-anodized surface for enhanced wear resistance and corrosion protection<\/li>\r\r\n<li>Customizable channel dimensions and profiles to fit diverse application needs<\/li>\r\r\n<li>Integrated drainage slots to prevent debris build-up and ensure smooth operation<\/li>\r\r\n<li>Lightweight 6061-T6 aluminum construction for strength-to-weight optimization<\/li>\r\r\n<li>Compatible with standard bearings and sliders for easy assembly<\/li>\r\r\n<li>Low maintenance with self-lubricating track options available<\/li>\r\r\n<li>RoHS-compliant and fully recyclable for sustainable manufacturing<\/li>","product_chanpin_chanpin":"<li><a href=\"https:\/\/sinoextrud.com\/product\/extruded-aluminum-alloy-profile-for-glass-floor-channel\/\" target=\"_blank\">Extruded Aluminum Alloy Profile For Glass Floor Channel<\/a><\/li>\r\n<li><a href=\"https:\/\/sinoextrud.com\/product\/aluminum-extrusion-aerospace-grade-2024-aluminum-alloy-tubes\/\" target=\"_blank\">Aluminum Extrusion Aerospace-Grade 2024 Aluminum Alloy Tubes<\/a><\/li>\r\n<li><a href=\"https:\/\/sinoextrud.com\/product\/aluminum-casement-door\/\" target=\"_blank\">Aluminum Casement Door<\/a><\/li>\r\n<li><a href=\"https:\/\/sinoextrud.com\/product\/6063t6-aluminium-profile-corner\/\" target=\"_blank\">6063T6 Aluminium Profile Corner<\/a><\/li>\r\n<li><a href=\"https:\/\/sinoextrud.com\/product\/extruded-aluminum-sliding-channel\/\" target=\"_blank\">Extruded Aluminum Sliding Channel<\/a><\/li>\r\n<li><a href=\"https:\/\/sinoextrud.com\/product\/aluminum-door-frame-profile\/\" target=\"_blank\">Aluminum Door Frame Profile<\/a><\/li>\r\n<li><a href=\"https:\/\/sinoextrud.com\/product\/sliding-window-aluminum-window-track\/\" target=\"_blank\">Sliding Window Aluminum Window Track<\/a><\/li>\r\n<li><a href=\"https:\/\/sinoextrud.com\/product\/aluminum-window-frame\/\" target=\"_blank\">Aluminum Window Frame<\/a><\/li>\r\n<li><a href=\"https:\/\/sinoextrud.com\/product\/aluminum-window-profile\/\" target=\"_blank\">Aluminum Window Profile<\/a><\/li>\r\n<li><a href=\"https:\/\/sinoextrud.com\/product\/customized-aluminum-porch-railing\/\" target=\"_blank\">Customized Aluminum Porch Railing<\/a><\/li>\r\n<li><a href=\"https:\/\/sinoextrud.com\/product\/high-quality-aluminium-extrusion-profile-for-curtain-wall\/\" target=\"_blank\">High Quality Aluminium Extrusion Profile for Curtain Wall<\/a><\/li>"},"feature_list":[]},"_links":{"self":[{"href":"https:\/\/sinoextrud.com\/hu\/wp-json\/wp\/v2\/product\/6252","targetHints":{"allow":["GET"]}}],"collection":[{"href":"https:\/\/sinoextrud.com\/hu\/wp-json\/wp\/v2\/product"}],"about":[{"href":"https:\/\/sinoextrud.com\/hu\/wp-json\/wp\/v2\/types\/product"}],"wp:featuredmedia":[{"embeddable":true,"href":"https:\/\/sinoextrud.com\/hu\/wp-json\/wp\/v2\/media\/6251"}],"wp:attachment":[{"href":"https:\/\/sinoextrud.com\/hu\/wp-json\/wp\/v2\/media?parent=6252"}],"wp:term":[{"taxonomy":"category","embeddable":true,"href":"https:\/\/sinoextrud.com\/hu\/wp-json\/wp\/v2\/categories?post=6252"}],"curies":[{"name":"wp","href":"https:\/\/api.w.org\/{rel}","templated":true}]}}