{"id":6248,"date":"2025-05-26T06:31:29","date_gmt":"2025-05-26T06:31:29","guid":{"rendered":"https:\/\/sinoextrud.com\/product\/aluminum-casement-door\/"},"modified":"2025-06-24T03:55:41","modified_gmt":"2025-06-24T03:55:41","slug":"aluminium-szarnyas-ajto","status":"publish","type":"product","link":"https:\/\/sinoextrud.com\/hu\/product\/aluminum-casement-door\/","title":{"rendered":"Alum\u00ednium sz\u00e1rnyas ajt\u00f3"},"content":{"rendered":"<h2>Term\u00e9kek r\u00e9szletei<\/h2>\n<table class=\"custom-table\">\n<tr>\n<td class=\"label\">Term\u00e9k neve<\/td>\n<td>Alum\u00ednium sz\u00e1rnyas ajt\u00f3<\/td>\n<\/tr>\n<tr>\n<td class=\"label\">Anyag<\/td>\n<td>6063, 6061, 6463, 6082 Alum\u00ednium\u00f6tv\u00f6zet<\/td>\n<\/tr>\n<tr>\n<td class=\"label\">Sz\u00ednes<\/td>\n<td>Testreszabott<\/td>\n<\/tr>\n<tr>\n<td class=\"label\">Standard<\/td>\n<td>GB2008<\/td>\n<\/tr>\n<tr>\n<td class=\"label\">Fokozat<\/td>\n<td>6000-es sorozat<\/td>\n<\/tr>\n<tr>\n<td class=\"label\">Vastags\u00e1g<\/td>\n<td>Testreszabott<\/td>\n<\/tr>\n<tr>\n<td class=\"label\">Haszn\u00e1lat<\/td>\n<td>Dekor\u00e1ci\u00f3<\/td>\n<\/tr>\n<tr>\n<td class=\"label\">Temper<\/td>\n<td>T3-T8<\/td>\n<\/tr>\n<tr>\n<td class=\"label\">Hossz\u00fas\u00e1g<\/td>\n<td>Testreszabott<\/td>\n<\/tr>\n<tr>\n<td class=\"label\">Fel\u00fcletkezel\u00e9s<\/td>\n<td>Porbevonat, Mill Finish, PVDF, elox\u00e1lt, fa szemcs\u00e9s, pol\u00edrozott, csiszolt, csiszolt, stb.<\/td>\n<\/tr>\n<tr>\n<td class=\"label\">Orgin<\/td>\n<td>K\u00cdNA<\/td>\n<\/tr>\n<tr>\n<td class=\"label\">\u00d6tv\u00f6zet vagy sem<\/td>\n<td>Az \u00f6tv\u00f6zet<\/td>\n<\/tr>\n<tr>\n<td class=\"label\">Port<\/td>\n<td>Guangzhou, Shenzhen, Foshan<\/td>\n<\/tr>\n<\/table>\n<h2>Gy\u00e1rt\u00f3 b\u00e1zisunk<\/h2>\n<h3>Gy\u00e1ri panor\u00e1ma<\/h3>\n<p><img decoding=\"async\" src=\"\/wp-content\/uploads\/factory-01.webp\"\/><\/p>\n<h3>Alum\u00ednium r\u00fadgy\u00e1rt\u00f3 m\u0171hely<\/h3>\n<p><img decoding=\"async\" src=\"\/wp-content\/uploads\/factory-02.webp\"\/><\/p>\n<p><img decoding=\"async\" src=\"\/wp-content\/uploads\/factory-03.webp\"\/><\/p>\n<h3>Pen\u00e9sz rakt\u00e1r<\/h3>\n<p><img decoding=\"async\" src=\"\/wp-content\/uploads\/factory-04.webp\"\/><\/p>\n<h3>43 alum\u00ednium extrud\u00e1l\u00f3 vonal (500-5500 tonna)<\/h3>\n<p><img decoding=\"async\" src=\"\/wp-content\/uploads\/factory-05.webp\"\/><\/p>\n<p><img decoding=\"async\" src=\"\/wp-content\/uploads\/factory-06.webp\"\/><\/p>\n<p><img decoding=\"async\" src=\"\/wp-content\/uploads\/factory-07.webp\"\/><\/p>\n<h3>Porfest\u0151 m\u0171hely<\/h3>\n<p><img decoding=\"async\" src=\"\/wp-content\/uploads\/factory-09.webp\"\/><\/p>\n<h3>Anodiz\u00e1l\u00f3 m\u0171hely<\/h3>\n<p><img decoding=\"async\" src=\"\/wp-content\/uploads\/factory-10.webp\"\/><\/p>\n<h3>M\u00e9ly feldolgoz\u00e1si m\u0171hely<\/h3>\n<p><img decoding=\"async\" src=\"\/wp-content\/uploads\/factory-11.webp\"\/><\/p>\n<h3>CNC prec\u00edzi\u00f3s megmunk\u00e1l\u00f3 m\u0171hely<\/h3>\n<p><img decoding=\"async\" src=\"\/wp-content\/uploads\/factory-11.5.webp\"\/><\/p>\n<h3>K\u00e9szterm\u00e9k \u00e9s export rakt\u00e1r<\/h3>\n<p><img decoding=\"async\" src=\"\/wp-content\/uploads\/factory-12.webp\"\/><\/p>\n<p><img decoding=\"async\" src=\"\/wp-content\/uploads\/factory-13.webp\"\/><\/p>\n<p><img decoding=\"async\" src=\"\/wp-content\/uploads\/factory-14.webp\"\/><\/p>\n<h2>GYIK<\/h2>\n<p><p><b>1.Mi az alum\u00ednium sz\u00e1rnyas ajt\u00f3?<\/b><\/p>\n<p>Az alum\u00ednium sz\u00e1rnyas ajt\u00f3 egy nagy szil\u00e1rds\u00e1g\u00fa alum\u00edniumb\u00f3l k\u00e9sz\u00fclt, oldals\u00f3 csukl\u00f3s ajt\u00f3rendszer, amely eleg\u00e1ns, modern eszt\u00e9tik\u00e1t \u00e9s megb\u00edzhat\u00f3 teljes\u00edtm\u00e9nyt k\u00edn\u00e1l.<br \/>\n<\/p><br \/>\n<br \/>\n<p><b>2.Mi\u00e9rt v\u00e1lasszon alum\u00ednium sz\u00e1rnyas ajt\u00f3t?<\/b><\/p>\n<p>Az alum\u00ednium sz\u00e1rnyas ajt\u00f3k a hagyom\u00e1nyos anyagokhoz k\u00e9pest kiv\u00e1l\u00f3 tart\u00f3ss\u00e1got, alacsony karbantart\u00e1st \u00e9s hossz\u00fa t\u00e1v\u00fa korr\u00f3zi\u00f3\u00e1ll\u00f3s\u00e1got biztos\u00edtanak.<br \/>\n<\/p><br \/>\n<br \/>\n<p><b>3.Hogyan n\u00f6veli az alum\u00ednium sz\u00e1rnyas ajt\u00f3 az energiahat\u00e9konys\u00e1got?<\/b><\/p>\n<p>Az energiahat\u00e9kony alum\u00ednium sz\u00e1rnyas ajt\u00f3k t\u00f6bbkamr\u00e1s profilokkal \u00e9s h\u0151szigetel\u0151 technol\u00f3gi\u00e1val rendelkeznek a h\u0151\u00e1tad\u00e1s cs\u00f6kkent\u00e9se \u00e9s a k\u00f6z\u00fczemi sz\u00e1ml\u00e1k cs\u00f6kkent\u00e9se \u00e9rdek\u00e9ben.<br \/>\n<\/p><br \/>\n<br \/>\n<p><b>4.Are alum\u00ednium sz\u00e1rnyas ajt\u00f3k biztons\u00e1gosak?<\/b><\/p>\n<p>Az alum\u00ednium sz\u00e1rnyas ajt\u00f3k t\u00f6bbpontos z\u00e1rszerkezettel \u00e9s meger\u0151s\u00edtett keretekkel rendelkeznek a fokozott biztons\u00e1g \u00e9s a nyugalom \u00e9rdek\u00e9ben.<br \/>\n<\/p><br \/>\n<br \/>\n<p><b>5.Milyen tervez\u00e9si lehet\u0151s\u00e9gek \u00e1llnak rendelkez\u00e9sre az alum\u00ednium sz\u00e1rnyas ajt\u00f3khoz?<\/b><\/p>\n<p>Az alum\u00ednium sz\u00e1rnyas ajt\u00f3k testreszabhat\u00f3 kiviteleket, porsz\u00f3rt sz\u00edneket, hardverst\u00edlusokat \u00e9s \u00fcvegv\u00e1laszt\u00e9kot k\u00edn\u00e1lnak a testre szabott \u00e9p\u00edt\u00e9szeti vonzer\u0151 \u00e9rdek\u00e9ben.<br \/>\n<\/p><br \/>\n<br \/>\n<p><b>6.Hogyan teljes\u00edtenek az alum\u00ednium sz\u00e1rnyas ajt\u00f3k zord \u00e9ghajlaton?<\/b><\/p>\n<p>Az id\u0151j\u00e1r\u00e1s\u00e1ll\u00f3 alum\u00ednium sz\u00e1rnyas ajt\u00f3k ellen\u00e1llnak a sz\u00e9ls\u0151s\u00e9ges h\u0151m\u00e9rs\u00e9kleteknek, az UV-hat\u00e1snak \u00e9s a heves es\u0151z\u00e9seknek an\u00e9lk\u00fcl, hogy megvetemedn\u00e9nek vagy kifakuln\u00e1nak.<br \/>\n<\/p><br \/>\n<br \/>\n<p><b>7.Can alum\u00ednium sz\u00e1rnyas ajt\u00f3k jav\u00edtja a belt\u00e9ri k\u00e9nyelmet?<\/b><\/p>\n<p>Igen, az alum\u00ednium sz\u00e1rnyas ajt\u00f3k szoros t\u00f6m\u00edt\u00e9sei \u00e9s fejlett t\u00f6m\u00edt\u00e9sei megakad\u00e1lyozz\u00e1k a huzatot, a zajt \u00e9s a nedvess\u00e9get, hogy k\u00e9nyelmesebb \u00e9letteret teremtsenek.<br \/>\n<\/p><br \/>\n<br \/>\n<p><b>8.Milyen karbantart\u00e1s sz\u00fcks\u00e9ges az alum\u00ednium sz\u00e1rnyas ajt\u00f3khoz?<\/b><\/p>\n<p>Az alacsony karbantart\u00e1si ig\u00e9ny\u0171 alum\u00ednium sz\u00e1rnyas ajt\u00f3knak csak a zsan\u00e9rok rendszeres tiszt\u00edt\u00e1s\u00e1ra \u00e9s ken\u00e9s\u00e9re van sz\u00fcks\u00e9g\u00fck az optim\u00e1lis m\u0171k\u00f6d\u00e9s \u00e9s megjelen\u00e9s meg\u0151rz\u00e9s\u00e9hez.<br \/>\n<\/p><br \/>\n<br \/>\n<p><b>9.Hogyan j\u00e1rulnak hozz\u00e1 az alum\u00ednium sz\u00e1rnyas ajt\u00f3k a fenntarthat\u00f3 \u00e9p\u00edt\u00e9shez?<\/b><\/p>\n<p>Az \u00fajrahasznos\u00edthat\u00f3 alum\u00ednium sz\u00e1rnyas ajt\u00f3k cs\u00f6kkentik a k\u00f6rnyezeti hat\u00e1sokat, t\u00e1mogatj\u00e1k a z\u00f6ld \u00e9p\u00fcletek tan\u00fas\u00edt\u00e1s\u00e1t, \u00e9s cs\u00f6kkentik az \u00e9letciklus alatti energiafelhaszn\u00e1l\u00e1st.<br \/>\n<\/p><br \/>\n<br \/>\n<p><b>10.Hol lehet alum\u00ednium sz\u00e1rnyas ajt\u00f3kat be\u00e9p\u00edteni?<\/b><\/p>\n<p>A sokoldal\u00fa alum\u00ednium sz\u00e1rnyas ajt\u00f3k ide\u00e1lisak lak\u00f3teraszok teraszaihoz, kereskedelmi kirakatokhoz, erk\u00e9lyekhez \u00e9s bels\u0151 v\u00e1laszfalakhoz a modern \u00e9p\u00edtkez\u00e9sekben.<br \/>\n<\/p><br \/><\/p>","protected":false},"featured_media":6247,"template":"","categories":[59],"class_list":["post-6248","product","type-product","status-publish","has-post-thumbnail","hentry","category-aluminum-window-door-system"],"meta_box":{"hilight_text_group":{"product_hilight_text":"<li>Durable aluminum frame with corrosion-resistant finish for long service life<\/li>\r\r\n<li>Multi-point locking system for enhanced security in commercial applications<\/li>\r\r\n<li>Thermal break design to improve energy efficiency and reduce HVAC costs<\/li>\r\r\n<li>Customizable sizes and powder-coated color options to match architectural aesthetics<\/li>\r\r\n<li>High-performance weather seals for superior wind and water tightness<\/li>\r\r\n<li>Integrated insect screen option for improved ventilation without pests<\/li>\r\r\n<li>Easy installation with pre-drilled mounting holes and adjustable hinges<\/li>\r\r\n<li>Low-maintenance operation with smooth hardware and corrosion-proof components<\/li>","product_chanpin_chanpin":"<li><a href=\"https:\/\/sinoextrud.com\/product\/aluminium-window-extrusion-profile\/\" target=\"_blank\">Aluminium Window Extrusion Profile<\/a><\/li>\r\n<li><a href=\"https:\/\/sinoextrud.com\/product\/aluminium-extrusion-frameless-glass-railing-aluminum-profiles\/\" target=\"_blank\">Aluminium Extrusion Frameless Glass Railing Aluminum Profiles<\/a><\/li>\r\n<li><a href=\"https:\/\/sinoextrud.com\/product\/extruded-aluminum-alloy-profile-for-glass-floor-channel\/\" target=\"_blank\">Extruded Aluminum Alloy Profile For Glass Floor Channel<\/a><\/li>\r\n<li><a href=\"https:\/\/sinoextrud.com\/product\/aluminum-extrusion-aerospace-grade-2024-aluminum-alloy-tubes\/\" target=\"_blank\">Aluminum Extrusion Aerospace-Grade 2024 Aluminum Alloy Tubes<\/a><\/li>\r\n<li><a href=\"https:\/\/sinoextrud.com\/product\/aluminum-casement-door\/\" target=\"_blank\">Aluminum Casement Door<\/a><\/li>\r\n<li><a href=\"https:\/\/sinoextrud.com\/product\/6063t6-aluminium-profile-corner\/\" target=\"_blank\">6063T6 Aluminium Profile Corner<\/a><\/li>\r\n<li><a href=\"https:\/\/sinoextrud.com\/product\/extruded-aluminum-sliding-channel\/\" target=\"_blank\">Extruded Aluminum Sliding Channel<\/a><\/li>\r\n<li><a href=\"https:\/\/sinoextrud.com\/product\/aluminum-door-frame-profile\/\" target=\"_blank\">Aluminum Door Frame Profile<\/a><\/li>\r\n<li><a href=\"https:\/\/sinoextrud.com\/product\/sliding-window-aluminum-window-track\/\" target=\"_blank\">Sliding Window Aluminum Window Track<\/a><\/li>\r\n<li><a href=\"https:\/\/sinoextrud.com\/product\/aluminium-extrusion-curtain-wall-profile-with-powder-coated-surface-manufacturer-direct-selling\/\" target=\"_blank\">Aluminium Extrusion Curtain Wall Profile With Powder Coated Surface Manufacturer Direct Selling<\/a><\/li>\r\n<li><a href=\"https:\/\/sinoextrud.com\/product\/aluminum-sunshading-profile\/\" target=\"_blank\">Aluminum Sunshading Profile<\/a><\/li>"},"feature_list":[]},"_links":{"self":[{"href":"https:\/\/sinoextrud.com\/hu\/wp-json\/wp\/v2\/product\/6248","targetHints":{"allow":["GET"]}}],"collection":[{"href":"https:\/\/sinoextrud.com\/hu\/wp-json\/wp\/v2\/product"}],"about":[{"href":"https:\/\/sinoextrud.com\/hu\/wp-json\/wp\/v2\/types\/product"}],"wp:featuredmedia":[{"embeddable":true,"href":"https:\/\/sinoextrud.com\/hu\/wp-json\/wp\/v2\/media\/6247"}],"wp:attachment":[{"href":"https:\/\/sinoextrud.com\/hu\/wp-json\/wp\/v2\/media?parent=6248"}],"wp:term":[{"taxonomy":"category","embeddable":true,"href":"https:\/\/sinoextrud.com\/hu\/wp-json\/wp\/v2\/categories?post=6248"}],"curies":[{"name":"wp","href":"https:\/\/api.w.org\/{rel}","templated":true}]}}