{"id":6246,"date":"2025-05-26T06:26:43","date_gmt":"2025-05-26T06:26:43","guid":{"rendered":"https:\/\/sinoextrud.com\/product\/aluminum-extrusion-aerospace-grade-2024-aluminum-alloy-tubes\/"},"modified":"2025-06-24T03:55:38","modified_gmt":"2025-06-24T03:55:38","slug":"aluminium-extrudalas-repulogepipari-minosegu-2024-aluminium-otvozetbol-keszult-csovek","status":"publish","type":"product","link":"https:\/\/sinoextrud.com\/hu\/product\/aluminum-extrusion-aerospace-grade-2024-aluminum-alloy-tubes\/","title":{"rendered":"Alum\u00ednium Extrud\u00e1l\u00e1s Aerospace-Grade 2024 alum\u00ednium \u00f6tv\u00f6zet cs\u00f6vek"},"content":{"rendered":"<h2>Term\u00e9kek r\u00e9szletei<\/h2>\n<table class=\"custom-table\">\n<tr>\n<td class=\"label\">N\u00e9v<\/td>\n<td>Alum\u00ednium Extrud\u00e1l\u00e1s Aerospace-Grade 2024 alum\u00ednium \u00f6tv\u00f6zet cs\u00f6vek<\/td>\n<\/tr>\n<\/table>\n<h2>Gy\u00e1rt\u00f3 b\u00e1zisunk<\/h2>\n<h3>Gy\u00e1ri panor\u00e1ma<\/h3>\n<p><img decoding=\"async\" src=\"\/wp-content\/uploads\/factory-01.webp\"\/><\/p>\n<h3>Alum\u00ednium r\u00fadgy\u00e1rt\u00f3 m\u0171hely<\/h3>\n<p><img decoding=\"async\" src=\"\/wp-content\/uploads\/factory-02.webp\"\/><\/p>\n<p><img decoding=\"async\" src=\"\/wp-content\/uploads\/factory-03.webp\"\/><\/p>\n<h3>Pen\u00e9sz rakt\u00e1r<\/h3>\n<p><img decoding=\"async\" src=\"\/wp-content\/uploads\/factory-04.webp\"\/><\/p>\n<h3>43 alum\u00ednium extrud\u00e1l\u00f3 vonal (500-5500 tonna)<\/h3>\n<p><img decoding=\"async\" src=\"\/wp-content\/uploads\/factory-05.webp\"\/><\/p>\n<p><img decoding=\"async\" src=\"\/wp-content\/uploads\/factory-06.webp\"\/><\/p>\n<p><img decoding=\"async\" src=\"\/wp-content\/uploads\/factory-07.webp\"\/><\/p>\n<h3>Porfest\u0151 m\u0171hely<\/h3>\n<p><img decoding=\"async\" src=\"\/wp-content\/uploads\/factory-09.webp\"\/><\/p>\n<h3>Anodiz\u00e1l\u00f3 m\u0171hely<\/h3>\n<p><img decoding=\"async\" src=\"\/wp-content\/uploads\/factory-10.webp\"\/><\/p>\n<h3>M\u00e9ly feldolgoz\u00e1si m\u0171hely<\/h3>\n<p><img decoding=\"async\" src=\"\/wp-content\/uploads\/factory-11.webp\"\/><\/p>\n<h3>CNC prec\u00edzi\u00f3s megmunk\u00e1l\u00f3 m\u0171hely<\/h3>\n<p><img decoding=\"async\" src=\"\/wp-content\/uploads\/factory-11.5.webp\"\/><\/p>\n<h3>K\u00e9szterm\u00e9k \u00e9s export rakt\u00e1r<\/h3>\n<p><img decoding=\"async\" src=\"\/wp-content\/uploads\/factory-12.webp\"\/><\/p>\n<p><img decoding=\"async\" src=\"\/wp-content\/uploads\/factory-13.webp\"\/><\/p>\n<p><img decoding=\"async\" src=\"\/wp-content\/uploads\/factory-14.webp\"\/><\/p>\n<h2>GYIK<\/h2>\n<p><p><b>1.Mi az Aerospace-Grade 2024 alum\u00ednium\u00f6tv\u00f6zet cs\u00f6vek alum\u00ednium extrud\u00e1l\u00e1sban?<\/b><\/p>\n<p>A rep\u00fcl\u0151g\u00e9pipari min\u0151s\u00e9g\u0171 2024 alum\u00ednium\u00f6tv\u00f6zet cs\u00f6vek prec\u00edzi\u00f3san tervezett alum\u00ednium extrud\u00e1lt term\u00e9kek, amelyek nagy szil\u00e1rds\u00e1g-t\u00f6meg ar\u00e1nyt k\u00edn\u00e1lnak a kritikus rep\u00fcl\u0151g\u00e9pipari \u00e9s v\u00e9delmi alkalmaz\u00e1sokhoz.<br \/>\n<\/p><br \/>\n<br \/>\n<p><b>2.Mi teszi a 2024 alum\u00ednium\u00f6tv\u00f6zet ide\u00e1lis az \u0171rhaj\u00f3z\u00e1si min\u0151s\u00e9g\u0171 cs\u00f6vekhez?<\/b><\/p>\n<p>A 2024 alum\u00ednium\u00f6tv\u00f6zet cs\u00f6vek kiv\u00e9teles f\u00e1rad\u00e1s\u00e1ll\u00f3s\u00e1got, szak\u00edt\u00f3szil\u00e1rds\u00e1got \u00e9s t\u00f6r\u00e9si sz\u00edv\u00f3ss\u00e1got biztos\u00edtanak, ami megk\u00fcl\u00f6nb\u00f6zteti \u0151ket a rep\u00fcl\u0151g\u00e9p-\u0171rhaj\u00f3z\u00e1si min\u0151s\u00e9g\u0171 alum\u00ednium extrud\u00e1l\u00e1sban.<br \/>\n<\/p><br \/>\n<br \/>\n<p><b>3.How alum\u00ednium extrud\u00e1l\u00e1s fokozza 2024 alum\u00ednium \u00f6tv\u00f6zet cs\u0151 teljes\u00edtm\u00e9ny\u00e9t?<\/b><\/p>\n<p>Az alum\u00ednium extrud\u00e1l\u00e1s finom\u00edtja a szemcseszerkezetet az Aerospace-Grade 2024 alum\u00ednium\u00f6tv\u00f6zet cs\u00f6vekben, biztos\u00edtva az egyenletes mechanikai tulajdons\u00e1gokat \u00e9s a kiv\u00e1l\u00f3 m\u00e9retpontoss\u00e1got.<br \/>\n<\/p><br \/>\n<br \/>\n<p><b>4.Mik a legfontosabb el\u0151nyei az Aerospace-Grade 2024 alum\u00ednium\u00f6tv\u00f6zet cs\u00f6vek?<\/b><\/p>\n<p>El\u0151nyei k\u00f6z\u00e9 tartozik a k\u00f6nny\u0171 szerkezet, a magas korr\u00f3zi\u00f3\u00e1ll\u00f3s\u00e1g, ha kezelik, a kiv\u00e1l\u00f3 megmunk\u00e1lhat\u00f3s\u00e1g \u00e9s a megb\u00edzhat\u00f3 teljes\u00edtm\u00e9ny sz\u00e9ls\u0151s\u00e9ges k\u00f6r\u00fclm\u00e9nyek k\u00f6z\u00f6tt.<br \/>\n<\/p><br \/>\n<br \/>\n<p><b>5.Can 2024 alum\u00ednium\u00f6tv\u00f6zet cs\u00f6vek elox\u00e1lt vagy fel\u00fcletkezelt?<\/b><\/p>\n<p>Igen, az aerospace min\u0151s\u00e9g\u0171 2024 alum\u00ednium\u00f6tv\u00f6zetb\u0151l k\u00e9sz\u00fclt alum\u00ednium extrud\u00e1l\u00e1si folyamatokb\u00f3l sz\u00e1rmaz\u00f3 alum\u00edniumcs\u00f6vek t\u00e1mogatj\u00e1k az elox\u00e1l\u00e1st, az alodin \u00e9s az egyedi bevonatokat a fokozott tart\u00f3ss\u00e1g \u00e9s eszt\u00e9tika \u00e9rdek\u00e9ben.<br \/>\n<\/p><br \/>\n<br \/>\n<p><b>6.Milyen ipar\u00e1gak r\u00e9szes\u00fclnek az alum\u00ednium extrud\u00e1l\u00e1sb\u00f3l 2024 Alum\u00ednium\u00f6tv\u00f6zet cs\u00f6vek?<\/b><\/p>\n<p>A 2024-es min\u0151s\u00e9g\u0171 alum\u00ednium\u00f6tv\u00f6zet cs\u00f6veket sz\u00e9les k\u00f6rben haszn\u00e1lj\u00e1k a rep\u00fcl\u0151g\u00e9pek szerkezeti elemeiben, hidraulikus rendszerekben, UAV-keretekben \u00e9s nagy teljes\u00edtm\u00e9ny\u0171 versenyalkalmaz\u00e1sokban.<br \/>\n<\/p><br \/>\n<br \/>\n<p><b>7.Hogyan befoly\u00e1solja az extrud\u00e1l\u00e1si folyamat a cs\u0151 t\u0171r\u00e9shat\u00e1rait \u00e9s fel\u00fclet\u00e9t?<\/b><\/p>\n<p>Az alum\u00ednium extrud\u00e1l\u00e1s szoros t\u0171r\u00e9seket \u00e9s sima fel\u00fcleteket biztos\u00edt a 2024-es min\u0151s\u00e9g\u0171 rep\u00fcl\u0151g\u00e9pipari alum\u00ednium\u00f6tv\u00f6zet cs\u00f6veken, cs\u00f6kkentve a m\u00e1sodlagos megmunk\u00e1l\u00e1si \u00e9s \u00f6sszeszerel\u00e9si id\u0151t.<br \/>\n<\/p><br \/>\n<br \/>\n<p><b>8.Are Aerospace-Grade 2024 alum\u00ednium\u00f6tv\u00f6zet cs\u00f6vek \u00fajrahasznos\u00edthat\u00f3?<\/b><\/p>\n<p>Igen, a 2024 alum\u00ednium \u00f6tv\u00f6zetb\u0151l k\u00e9sz\u00fclt alum\u00ednium extrud\u00e1lt cs\u00f6vek teljes m\u00e9rt\u00e9kben \u00fajrahasznos\u00edthat\u00f3k, t\u00e1mogatva a fenntarthat\u00f3 gy\u00e1rt\u00e1st \u00e9s cs\u00f6kkentve a k\u00f6rnyezeti hat\u00e1sokat.<br \/>\n<\/p><br \/>\n<br \/>\n<p><b>9.Milyen testreszab\u00e1si lehet\u0151s\u00e9gek l\u00e9teznek a 2024 alum\u00ednium\u00f6tv\u00f6zet cs\u00f6vek sz\u00e1m\u00e1ra?<\/b><\/p>\n<p>A gy\u00e1rt\u00f3k egyedi \u00e1tm\u00e9r\u0151ket, falvastags\u00e1gokat, h\u0151kezel\u00e9seket \u00e9s hosszv\u00e1g\u00e1sokat k\u00edn\u00e1lnak a 2024-es min\u0151s\u00e9g\u0171 alum\u00ednium\u00f6tv\u00f6zet cs\u00f6vekhez, hogy megfeleljenek a projekt egyedi k\u00f6vetelm\u00e9nyeinek.<br \/>\n<\/p><br \/>\n<br \/>\n<p><b>10.Hol szerezhetek be tan\u00fas\u00edtott Aerospace-Grade 2024 alum\u00ednium\u00f6tv\u00f6zet cs\u00f6veket?<\/b><\/p>\n<p>Vezet\u0151 alum\u00ednium extrud\u00e1l\u00e1si besz\u00e1ll\u00edt\u00f3k tan\u00fas\u00edtott Aerospace-Grade 2024 alum\u00ednium\u00f6tv\u00f6zet cs\u00f6vek ISO \u00e9s AS9100 min\u0151s\u00e9gbiztos\u00edt\u00e1sokkal \u00e9s glob\u00e1lis forgalmaz\u00e1si h\u00e1l\u00f3zatokkal.<br \/>\n<\/p><br \/><\/p>","protected":false},"featured_media":6245,"template":"","categories":[58],"class_list":["post-6246","product","type-product","status-publish","has-post-thumbnail","hentry","category-aluminium-extrusion-profiles"],"meta_box":{"hilight_text_group":{"product_hilight_text":"<li>High tensile strength up to 472 MPa, ideal for aerospace structural applications<\/li>\r\r\n<li>Outstanding fatigue resistance under cyclic loads and high-vibration environments<\/li>\r\r\n<li>Precision extrusion with tolerances down to \u00c2\u00b10.05 mm for exact assembly fit<\/li>\r\r\n<li>Lightweight design at just 2.78 g\/cm3 to enable overall weight reduction<\/li>\r\r\n<li>Customizable surface finishes: anodizing, sandblasting, electrophoresis, and more<\/li>\r\r\n<li>Certified to AMS and MIL-SPEC standards for aerospace quality assurance<\/li>\r\r\n<li>Wide range of sizes available: diameters, wall thicknesses, and lengths tailored to needs<\/li>\r\r\n<li>Strict quality control with full-process inspection, ultrasonic testing, and stress-relief annealing<\/li>","product_chanpin_chanpin":"<li><a href=\"https:\/\/sinoextrud.com\/product\/aluminum-extrusion-6061-6082-automotive-bumper-beam\/\" target=\"_blank\">Aluminum Extrusion 6061 6082 Automotive Bumper Beam<\/a><\/li>\r\n<li><a href=\"https:\/\/sinoextrud.com\/product\/aluminium-window-extrusion-profile\/\" target=\"_blank\">Aluminium Window Extrusion Profile<\/a><\/li>\r\n<li><a href=\"https:\/\/sinoextrud.com\/product\/aluminium-extrusion-frameless-glass-railing-aluminum-profiles\/\" target=\"_blank\">Aluminium Extrusion Frameless Glass Railing Aluminum Profiles<\/a><\/li>\r\n<li><a href=\"https:\/\/sinoextrud.com\/product\/extruded-aluminum-alloy-profile-for-glass-floor-channel\/\" target=\"_blank\">Extruded Aluminum Alloy Profile For Glass Floor Channel<\/a><\/li>\r\n<li><a href=\"https:\/\/sinoextrud.com\/product\/aluminum-extrusion-aerospace-grade-2024-aluminum-alloy-tubes\/\" target=\"_blank\">Aluminum Extrusion Aerospace-Grade 2024 Aluminum Alloy Tubes<\/a><\/li>\r\n<li><a href=\"https:\/\/sinoextrud.com\/product\/aluminum-casement-door\/\" target=\"_blank\">Aluminum Casement Door<\/a><\/li>\r\n<li><a href=\"https:\/\/sinoextrud.com\/product\/6063t6-aluminium-profile-corner\/\" target=\"_blank\">6063T6 Aluminium Profile Corner<\/a><\/li>\r\n<li><a href=\"https:\/\/sinoextrud.com\/product\/extruded-aluminum-sliding-channel\/\" target=\"_blank\">Extruded Aluminum Sliding Channel<\/a><\/li>\r\n<li><a href=\"https:\/\/sinoextrud.com\/product\/aluminum-door-frame-profile\/\" target=\"_blank\">Aluminum Door Frame Profile<\/a><\/li>\r\n<li><a href=\"https:\/\/sinoextrud.com\/product\/extrusions-aluminum-structural-framing-kitchen-cabinet-doors-oem-anodized-champagne-selling-in-pakistan\/\" target=\"_blank\">extrusions aluminum structural framing kitchen cabinet doors OEM Anodized champagne selling in pakistan<\/a><\/li>\r\n<li><a href=\"https:\/\/sinoextrud.com\/product\/extruded-aluminum-cnc-part-with-precision-custom-cnc-machining\/\" target=\"_blank\">Extruded Aluminum CNC Part with Precision Custom CNC Machining<\/a><\/li>"},"feature_list":[]},"_links":{"self":[{"href":"https:\/\/sinoextrud.com\/hu\/wp-json\/wp\/v2\/product\/6246","targetHints":{"allow":["GET"]}}],"collection":[{"href":"https:\/\/sinoextrud.com\/hu\/wp-json\/wp\/v2\/product"}],"about":[{"href":"https:\/\/sinoextrud.com\/hu\/wp-json\/wp\/v2\/types\/product"}],"wp:featuredmedia":[{"embeddable":true,"href":"https:\/\/sinoextrud.com\/hu\/wp-json\/wp\/v2\/media\/6245"}],"wp:attachment":[{"href":"https:\/\/sinoextrud.com\/hu\/wp-json\/wp\/v2\/media?parent=6246"}],"wp:term":[{"taxonomy":"category","embeddable":true,"href":"https:\/\/sinoextrud.com\/hu\/wp-json\/wp\/v2\/categories?post=6246"}],"curies":[{"name":"wp","href":"https:\/\/api.w.org\/{rel}","templated":true}]}}