{"id":6240,"date":"2025-05-26T04:05:05","date_gmt":"2025-05-26T04:05:05","guid":{"rendered":"https:\/\/sinoextrud.com\/product\/aluminium-window-extrusion-profile\/"},"modified":"2025-06-24T03:55:33","modified_gmt":"2025-06-24T03:55:33","slug":"aluminium-ablak-extrudalt-profil","status":"publish","type":"product","link":"https:\/\/sinoextrud.com\/hu\/product\/aluminium-window-extrusion-profile\/","title":{"rendered":"Alum\u00ednium ablak extrud\u00e1lt profil"},"content":{"rendered":"<h2>Term\u00e9kek r\u00e9szletei<\/h2>\n<table class=\"custom-table\">\n<tr>\n<td class=\"label\">Term\u00e9k neve<\/td>\n<td>alum\u00ednium ablak extrud\u00e1lt profil<\/td>\n<\/tr>\n<tr>\n<td class=\"label\">Term\u00e9kv\u00e1laszt\u00e9k<\/td>\n<td>alum\u00ednium extrud\u00e1lt r\u00e9szek ablakkerethez, \u00fcvegl\u00e9cekhez, ablakp\u00e1rk\u00e1nyhoz, h\u0151szigetel\u00e9shez, tet\u0151ablakhoz, ablakcsatorn\u00e1hoz, asztalosmunk\u00e1khoz, sz\u00fanyogh\u00e1l\u00f3hoz stb.<\/td>\n<\/tr>\n<tr>\n<td class=\"label\">Megfelel\u0151 ablakt\u00edpusok<\/td>\n<td>tol\u00f3ablakok, sz\u00e1rnyas ablakok, fels\u0151 f\u00fcggeszt\u00e9s\u0171 ablakok stb.<\/td>\n<\/tr>\n<tr>\n<td class=\"label\">Temper<\/td>\n<td>T3-T8<\/td>\n<\/tr>\n<tr>\n<td class=\"label\">Shape<\/td>\n<td>egyedi k\u00e9sz\u00edt\u00e9s\u0171<\/td>\n<\/tr>\n<tr>\n<td class=\"label\">Sz\u00ednes<\/td>\n<td>egyedi k\u00e9sz\u00edt\u00e9s\u0171<\/td>\n<\/tr>\n<tr>\n<td class=\"label\">Fel\u00fcletkezel\u00e9s<\/td>\n<td>malomra k\u00e9sz, elox\u00e1lt, elektromos bevonat, homokf\u00fav\u00e1s, elektrofor\u00e9zis, csiszol\u00e1s, pol\u00edroz\u00e1s, stb.<\/td>\n<\/tr>\n<tr>\n<td class=\"label\">CNC m\u00e9lyfeldolgoz\u00e1s<\/td>\n<td>v\u00e1g\u00e1s, f\u00far\u00e1s, megmunk\u00e1l\u00e1s, lyukaszt\u00e1s, hajl\u00edt\u00e1s, csapol\u00e1s stb.<\/td>\n<\/tr>\n<tr>\n<td class=\"label\">Tan\u00fas\u00edtv\u00e1nyok<\/td>\n<td>CE, ISO, SGS, TUV, ROHS<\/td>\n<\/tr>\n<tr>\n<td class=\"label\">Mint\u00e1k<\/td>\n<td>ingyenes minta. 1-3 nap alatt sz\u00e1ll\u00edtjuk \u00d6nnek.<\/td>\n<\/tr>\n<tr>\n<td class=\"label\">MOQ<\/td>\n<td>200KG minden egyes profilhoz<\/td>\n<\/tr>\n<tr>\n<td class=\"label\">Sz\u00e1ll\u00edt\u00e1si id\u0151<\/td>\n<td>A szersz\u00e1mok fejleszt\u00e9se \u00e9s a minta kialak\u00edt\u00e1sa 12-15 nap, majd a gy\u00e1rt\u00e1s id\u0151tartama 15-25 nap a vev\u0151 let\u00e9tbe helyez\u00e9se ut\u00e1n.<\/td>\n<\/tr>\n<\/table>\n<h2>Gy\u00e1rt\u00f3 b\u00e1zisunk<\/h2>\n<h3>Gy\u00e1ri panor\u00e1ma<\/h3>\n<p><img decoding=\"async\" src=\"\/wp-content\/uploads\/factory-01.webp\"\/><\/p>\n<h3>Alum\u00ednium r\u00fadgy\u00e1rt\u00f3 m\u0171hely<\/h3>\n<p><img decoding=\"async\" src=\"\/wp-content\/uploads\/factory-02.webp\"\/><\/p>\n<\/p>\n<p><img decoding=\"async\" src=\"\/wp-content\/uploads\/factory-03.webp\"\/><\/p>\n<h3>Pen\u00e9sz rakt\u00e1r<\/h3>\n<p><img decoding=\"async\" src=\"\/wp-content\/uploads\/factory-04.webp\"\/><\/p>\n<h3>43 alum\u00ednium extrud\u00e1l\u00f3 vonal (500-5500 tonna)<\/h3>\n<p><img decoding=\"async\" src=\"\/wp-content\/uploads\/factory-05.webp\"\/><\/p>\n<p><img decoding=\"async\" src=\"\/wp-content\/uploads\/factory-06.webp\"\/><\/p>\n<p><img decoding=\"async\" src=\"\/wp-content\/uploads\/factory-07.webp\"\/><\/p>\n<h3>Porfest\u0151 m\u0171hely<\/h3>\n<p><img decoding=\"async\" src=\"\/wp-content\/uploads\/factory-09.webp\"\/><\/p>\n<h3>Anodiz\u00e1l\u00f3 m\u0171hely<\/h3>\n<p><img decoding=\"async\" src=\"\/wp-content\/uploads\/factory-10.webp\"\/><\/p>\n<h3>M\u00e9ly feldolgoz\u00e1si m\u0171hely<\/h3>\n<p><img decoding=\"async\" src=\"\/wp-content\/uploads\/factory-11.webp\"\/><\/p>\n<h3>CNC prec\u00edzi\u00f3s megmunk\u00e1l\u00f3 m\u0171hely<\/h3>\n<p><img decoding=\"async\" src=\"\/wp-content\/uploads\/factory-11.5.webp\"\/><\/p>\n<h3>K\u00e9szterm\u00e9k \u00e9s export rakt\u00e1r<\/h3>\n<p><img decoding=\"async\" src=\"\/wp-content\/uploads\/factory-12.webp\"\/><\/p>\n<p><img decoding=\"async\" src=\"\/wp-content\/uploads\/factory-13.webp\"\/><\/p>\n<p><img decoding=\"async\" src=\"\/wp-content\/uploads\/factory-14.webp\"\/><\/p>\n<h2>GYIK<\/h2>\n<p><b>1.Mi az alum\u00ednium ablakprofil? <\/b><\/p>\n<p> Ez egy kifejezetten az ablakkeretek gy\u00e1rt\u00e1s\u00e1hoz haszn\u00e1lt extrud\u00e1lt alum\u00edniumprofil, amely tart\u00f3ss\u00e1got, pontoss\u00e1got \u00e9s korr\u00f3zi\u00f3\u00e1ll\u00f3s\u00e1got biztos\u00edt.\n<\/p>\n<p><\/p>\n<p><b>2.Mik az alum\u00ednium ablakprofilok el\u0151nyei? <\/b><\/p>\n<p> Az alum\u00ednium ablakprofilok k\u00f6nny\u0171 szil\u00e1rds\u00e1got, kiv\u00e1l\u00f3 id\u0151j\u00e1r\u00e1s\u00e1ll\u00f3s\u00e1got, h\u0151hat\u00e9konys\u00e1got \u00e9s alacsony karbantart\u00e1si ig\u00e9nyt biztos\u00edtanak a hossz\u00fa \u00e9lettartam\u00fa ablakmegold\u00e1sokhoz.\n<\/p>\n<p><\/p>\n<p><b>3.Mi\u00e9rt v\u00e1lassza az alum\u00ednium extrud\u00e1l\u00e1st az ablakprofilokhoz? <\/b><\/p>\n<p> Az alum\u00ednium extrud\u00e1l\u00e1s pontos form\u00e1kat, egyenletes min\u0151s\u00e9get \u00e9s \u00f6sszetett formatervez\u00e9st tesz lehet\u0151v\u00e9, ami jav\u00edtja az ablakok teljes\u00edtm\u00e9ny\u00e9t \u00e9s eszt\u00e9tik\u00e1j\u00e1t.\n<\/p>\n<p><\/p>\n<p><b>4.Hol haszn\u00e1lj\u00e1k \u00e1ltal\u00e1ban az alum\u00ednium ablakprofilokat? <\/b><\/p>\n<p> Ezeket sz\u00e9les k\u00f6rben haszn\u00e1lj\u00e1k lak\u00f3-, kereskedelmi \u00e9s ipari \u00e9p\u00fcletekben tart\u00f3s, energiahat\u00e9kony ablakkeretek gy\u00e1rt\u00e1s\u00e1ra.\n<\/p>\n<p><\/p>\n<p><b>5.Az alum\u00ednium ablakprofilok korr\u00f3zi\u00f3\u00e1ll\u00f3ak? <\/b><\/p>\n<p> Igen, az alum\u00ednium ablakprofilok term\u00e9szetes m\u00f3don ellen\u00e1llnak a rozsd\u00e1nak \u00e9s a korr\u00f3zi\u00f3nak, \u00e9s tov\u00e1bbi v\u00e9delem c\u00e9lj\u00e1b\u00f3l elox\u00e1lhat\u00f3k vagy porsz\u00f3rtan bevonhat\u00f3k.\n<\/p>\n<p><\/p>\n<p><b>6.Can alum\u00ednium ablak extrud\u00e1lt profilok testre szabhat\u00f3? <\/b><\/p>\n<p> A profilok m\u00e9retei, form\u00e1i, sz\u00ednei \u00e9s fel\u00fcletkezel\u00e9sei term\u00e9szetesen testre szabhat\u00f3k, hogy megfeleljenek az egyedi \u00e9p\u00edt\u00e9szeti \u00e9s funkcion\u00e1lis k\u00f6vetelm\u00e9nyeknek.\n<\/p>\n<p><\/p>\n<p><b>7.Milyen fel\u00fcletkezel\u00e9s \u00e9rhet\u0151 el az alum\u00ednium ablakprofilokhoz? <\/b><\/p>\n<p> A rendelkez\u00e9sre \u00e1ll\u00f3 kivitelek k\u00f6z\u00f6tt vannak elox\u00e1lt, porsz\u00f3rt, fa szemcs\u00e9s \u00e9s festett v\u00e1ltozatok, amelyek illeszkednek a k\u00fcl\u00f6nb\u00f6z\u0151 eszt\u00e9tikai kialak\u00edt\u00e1sokhoz.\n<\/p>\n<p><\/p>\n<p><b>8.Jav\u00edtj\u00e1k-e az alum\u00ednium ablakprofilok az energiahat\u00e9konys\u00e1got? <\/b><\/p>\n<p> Igen, ha h\u0151szigetel\u00e9ssel \u00e9s dupla \u00fcvegez\u00e9ssel kombin\u00e1lj\u00e1k, az alum\u00edniumprofilok hozz\u00e1j\u00e1rulnak a jobb szigetel\u00e9shez \u00e9s az energiatakar\u00e9koss\u00e1ghoz.\n<\/p>\n<p><\/p>\n<p><b>9.K\u00f6nny\u0171 az alum\u00ednium ablakprofilok be\u00e9p\u00edt\u00e9se? <\/b><\/p>\n<p> Igen, az alum\u00edniumprofilokat \u00fagy tervezt\u00e9k, hogy k\u00f6nnyen elk\u00e9sz\u00edthet\u0151k, v\u00e1ghat\u00f3k \u00e9s \u00f6sszeszerelhet\u0151k legyenek, ami megk\u00f6nny\u00edti a gyors \u00e9s hat\u00e9kony ablakbe\u00e9p\u00edt\u00e9st.\n<\/p>\n<p><\/p>\n<p><b>10.Hogyan viszonyulnak az alum\u00ednium extrud\u00e1lt ablakprofilok m\u00e1s anyagokhoz? <\/b><\/p>\n<p> Az alum\u00ednium a fa, PVC vagy ac\u00e9l ablakkeretekhez k\u00e9pest kiv\u00e1l\u00f3 szil\u00e1rds\u00e1g\/s\u00faly ar\u00e1nyt, korr\u00f3zi\u00f3\u00e1ll\u00f3s\u00e1got \u00e9s tervez\u00e9si rugalmass\u00e1got k\u00edn\u00e1l.\n<\/p>\n<p><\/p>","protected":false},"featured_media":6239,"template":"","categories":[58],"class_list":["post-6240","product","type-product","status-publish","has-post-thumbnail","hentry","category-aluminium-extrusion-profiles"],"meta_box":{"hilight_text_group":{"product_hilight_text":"<li>High-strength aluminum ensures durable and secure window frames<\/li>\r\r\n<li>Excellent corrosion resistance for long-term outdoor performance<\/li>\r\r\n<li>Energy-efficient design supports insulation and weather sealing<\/li>\r\r\n<li>Customizable profiles to fit various window types and styles<\/li>\r\r\n<li>Lightweight for easier installation and reduced structural load<\/li>","product_chanpin_chanpin":"<li><a href=\"https:\/\/sinoextrud.com\/product\/aluminum-extrusion-cable-clamp-profile-cnc-custom-cable-cleat-aluminum-profile\/\" target=\"_blank\">Aluminum Extrusion Cable Clamp Profile CNC Custom Cable Cleat Aluminum Profile<\/a><\/li>\r\n<li><a href=\"https:\/\/sinoextrud.com\/product\/aluminum-extrusion-minimalist-office-partition-aluminum-profiles\/\" target=\"_blank\">Aluminum Extrusion Minimalist Office Partition Aluminum Profiles<\/a><\/li>\r\n<li><a href=\"https:\/\/sinoextrud.com\/product\/aluminum-extrusion-ultra-small-material-aluminum-frame-profile\/\" target=\"_blank\">Aluminum Extrusion Ultra-small Material Aluminum Frame Profile<\/a><\/li>\r\n<li><a href=\"https:\/\/sinoextrud.com\/product\/aluminum-extrusion-6061-6082-automotive-bumper-beam\/\" target=\"_blank\">Aluminum Extrusion 6061 6082 Automotive Bumper Beam<\/a><\/li>\r\n<li><a href=\"https:\/\/sinoextrud.com\/product\/aluminium-window-extrusion-profile\/\" target=\"_blank\">Aluminium Window Extrusion Profile<\/a><\/li>\r\n<li><a href=\"https:\/\/sinoextrud.com\/product\/aluminium-extrusion-frameless-glass-railing-aluminum-profiles\/\" target=\"_blank\">Aluminium Extrusion Frameless Glass Railing Aluminum Profiles<\/a><\/li>\r\n<li><a href=\"https:\/\/sinoextrud.com\/product\/extruded-aluminum-alloy-profile-for-glass-floor-channel\/\" target=\"_blank\">Extruded Aluminum Alloy Profile For Glass Floor Channel<\/a><\/li>\r\n<li><a href=\"https:\/\/sinoextrud.com\/product\/aluminum-extrusion-aerospace-grade-2024-aluminum-alloy-tubes\/\" target=\"_blank\">Aluminum Extrusion Aerospace-Grade 2024 Aluminum Alloy Tubes<\/a><\/li>\r\n<li><a href=\"https:\/\/sinoextrud.com\/product\/aluminum-casement-door\/\" target=\"_blank\">Aluminum Casement Door<\/a><\/li>\r\n<li><a href=\"https:\/\/sinoextrud.com\/product\/aluminum-sliding-door-track\/\" target=\"_blank\">Aluminum Sliding Door Track<\/a><\/li>\r\n<li><a href=\"https:\/\/sinoextrud.com\/product\/t-shape-aluminum-extruded-profile\/\" target=\"_blank\">T Shape Aluminum Extruded Profile<\/a><\/li>"},"feature_list":[]},"_links":{"self":[{"href":"https:\/\/sinoextrud.com\/hu\/wp-json\/wp\/v2\/product\/6240","targetHints":{"allow":["GET"]}}],"collection":[{"href":"https:\/\/sinoextrud.com\/hu\/wp-json\/wp\/v2\/product"}],"about":[{"href":"https:\/\/sinoextrud.com\/hu\/wp-json\/wp\/v2\/types\/product"}],"wp:featuredmedia":[{"embeddable":true,"href":"https:\/\/sinoextrud.com\/hu\/wp-json\/wp\/v2\/media\/6239"}],"wp:attachment":[{"href":"https:\/\/sinoextrud.com\/hu\/wp-json\/wp\/v2\/media?parent=6240"}],"wp:term":[{"taxonomy":"category","embeddable":true,"href":"https:\/\/sinoextrud.com\/hu\/wp-json\/wp\/v2\/categories?post=6240"}],"curies":[{"name":"wp","href":"https:\/\/api.w.org\/{rel}","templated":true}]}}