{"id":6238,"date":"2025-05-26T04:00:22","date_gmt":"2025-05-26T04:00:22","guid":{"rendered":"https:\/\/sinoextrud.com\/product\/aluminum-extrusion-6061-6082-automotive-bumper-beam\/"},"modified":"2025-06-24T03:55:30","modified_gmt":"2025-06-24T03:55:30","slug":"aluminium-extrudalt-6061-6082-autoipari-lokharito-gerenda","status":"publish","type":"product","link":"https:\/\/sinoextrud.com\/hu\/product\/aluminum-extrusion-6061-6082-automotive-bumper-beam\/","title":{"rendered":"Alum\u00ednium extrud\u00e1l\u00e1s 6061 6082 aut\u00f3ipari l\u00f6kh\u00e1r\u00edt\u00f3 gerenda"},"content":{"rendered":"<h2>Term\u00e9kek r\u00e9szletei<\/h2>\n<table class=\"custom-table\">\n<tr>\n<td class=\"label\">T\u00e9tel<\/td>\n<td>Alum\u00ednium extrud\u00e1l\u00e1s 6061 6082 aut\u00f3ipari l\u00f6kh\u00e1r\u00edt\u00f3 gerenda<\/td>\n<\/tr>\n<tr>\n<td class=\"label\">Anyag<\/td>\n<td>6061 \u00e9s 6082 alum\u00ednium \u00f6tv\u00f6zet (EN AW-6061\/6082 szabv\u00e1ny)<\/td>\n<\/tr>\n<tr>\n<td class=\"label\">Szak\u00edt\u00f3szil\u00e1rds\u00e1g<\/td>\n<td>- 6061: 124-290 MPa (18-42 ksi)<br \/>- 6082: 130-310 MPa (19-45 ksi)<\/td>\n<\/tr>\n<tr>\n<td class=\"label\">Ny\u00fal\u00e1sszil\u00e1rds\u00e1g<\/td>\n<td>- 6061: 55-276 MPa (8-40 ksi)<br \/>- 6082: 60-300 MPa (9-43 ksi)<\/td>\n<\/tr>\n<tr>\n<td class=\"label\">Ny\u00fal\u00e1s<\/td>\n<td>- 6061: 8-12%<br \/>- 6082: 6-10%<\/td>\n<\/tr>\n<tr>\n<td class=\"label\">Korr\u00f3zi\u00f3\u00e1ll\u00f3s\u00e1g<\/td>\n<td>Kiv\u00e1l\u00f3 korr\u00f3zi\u00f3\u00e1ll\u00f3s\u00e1g, alkalmas zord k\u00f6rnyezetbe val\u00f3 alkalmaz\u00e1sra<\/td>\n<\/tr>\n<tr>\n<td class=\"label\">Fel\u00fcletkezel\u00e9s<\/td>\n<td>- Elox\u00e1l\u00e1s (sz\u00edn testreszab\u00e1sa el\u00e9rhet\u0151)<br \/>- Porsz\u00f3r\u00e1s (100+ RAL sz\u00edn)<br \/>- Pol\u00edroz\u00e1s\/kef\u00e9l\u00e9s<\/td>\n<\/tr>\n<tr>\n<td class=\"label\">M\u00e9retek<\/td>\n<td>- Sz\u00e9less\u00e9g: testreszabhat\u00f3 (jellemz\u0151en 50-300 mm)<br \/>- Magass\u00e1g: (jellemz\u0151en 20-150 mm)<br \/>- Hossz\u00fas\u00e1g: (egyedi hossz\u00fas\u00e1gok rendelhet\u0151k)<\/td>\n<\/tr>\n<tr>\n<td class=\"label\">Falvastags\u00e1g<\/td>\n<td>testreszabhat\u00f3 a tervez\u00e9si k\u00f6vetelm\u00e9nyek alapj\u00e1n<\/td>\n<\/tr>\n<tr>\n<td class=\"label\">Toleranci\u00e1k<\/td>\n<td>- M\u00e9ret: \u00b10,1 mm (l\u00e9zerrel ellen\u0151rizve)<br \/>- Laposs\u00e1g: \u22640,2 mm\/m<\/td>\n<\/tr>\n<tr>\n<td class=\"label\">S\u00faly<\/td>\n<td>K\u00f6nny\u0171, kb. 2,7 g\/cm3 (kialak\u00edt\u00e1st\u00f3l f\u00fcgg\u0151en v\u00e1ltozik)<\/td>\n<\/tr>\n<tr>\n<td class=\"label\">H\u0151kezel\u00e9s<\/td>\n<td>T6 edz\u00e9s a fokozott szil\u00e1rds\u00e1g \u00e9s tart\u00f3ss\u00e1g \u00e9rdek\u00e9ben<\/td>\n<\/tr>\n<tr>\n<td class=\"label\">CNC megmunk\u00e1l\u00e1s<\/td>\n<td>- Prec\u00edzi\u00f3s v\u00e1g\u00e1s, f\u00far\u00e1s \u00e9s mar\u00e1s<br \/>- Egyedi furatok, hornyok \u00e9s menetek rendelhet\u0151k<\/td>\n<\/tr>\n<tr>\n<td class=\"label\">Fel\u00fcletkezel\u00e9s<\/td>\n<td>- Elox\u00e1l\u00e1s: 10-25 \u03bcm vastags\u00e1g, t\u00f6bb mint 1 000 \u00f3r\u00e1s s\u00f3spray-\u00e1ll\u00f3s\u00e1g (ASTM B117)<br \/>- Porbevonat: 60-80 \u03bcm vastags\u00e1g\u00fa, karc\u00e1ll\u00f3<\/td>\n<\/tr>\n<tr>\n<td class=\"label\">Csomagol\u00e1s<\/td>\n<td>- Habos\u00edtott kartondobozok sarokv\u00e9d\u0151kkel<br \/>- Egyedi csomagol\u00e1s t\u00f6r\u00e9keny alkatr\u00e9szek sz\u00e1m\u00e1ra<\/td>\n<\/tr>\n<tr>\n<td class=\"label\">Tan\u00fas\u00edtv\u00e1nyok<\/td>\n<td>ISO 9001 (min\u0151s\u00e9gir\u00e1ny\u00edt\u00e1s), ISO 14001 (k\u00f6rnyezetir\u00e1ny\u00edt\u00e1s), RoHS-megfelel\u0151s\u00e9g<\/td>\n<\/tr>\n<tr>\n<td class=\"label\">Alkalmaz\u00e1sok<\/td>\n<td>- Szem\u00e9lyg\u00e9pkocsik<br \/>- Elektromos j\u00e1rm\u0171vek (EV-k)<br \/>- Haszonj\u00e1rm\u0171vek<br \/>- Verseny- \u00e9s teljes\u00edtm\u00e9nyaut\u00f3k<\/td>\n<\/tr>\n<\/table>\n<h2>Gy\u00e1rt\u00f3 b\u00e1zisunk<\/h2>\n<h3>Gy\u00e1ri panor\u00e1ma<\/h3>\n<p><img decoding=\"async\" src=\"\/wp-content\/uploads\/factory-01.webp\"\/><\/p>\n<h3>Alum\u00ednium r\u00fadgy\u00e1rt\u00f3 m\u0171hely<\/h3>\n<p><img decoding=\"async\" src=\"\/wp-content\/uploads\/factory-02.webp\"\/><\/p>\n<p><img decoding=\"async\" src=\"\/wp-content\/uploads\/factory-03.webp\"\/><\/p>\n<h3>Pen\u00e9sz rakt\u00e1r<\/h3>\n<p><img decoding=\"async\" src=\"\/wp-content\/uploads\/factory-04.webp\"\/><\/p>\n<h3>43 alum\u00ednium extrud\u00e1l\u00f3 vonal (500-5500 tonna)<\/h3>\n<p><img decoding=\"async\" src=\"\/wp-content\/uploads\/factory-05.webp\"\/><\/p>\n<p><img decoding=\"async\" src=\"\/wp-content\/uploads\/factory-06.webp\"\/><\/p>\n<p><img decoding=\"async\" src=\"\/wp-content\/uploads\/factory-07.webp\"\/><\/p>\n<h3>Porfest\u0151 m\u0171hely<\/h3>\n<p><img decoding=\"async\" src=\"\/wp-content\/uploads\/factory-09.webp\"\/><\/p>\n<h3>Anodiz\u00e1l\u00f3 m\u0171hely<\/h3>\n<p><img decoding=\"async\" src=\"\/wp-content\/uploads\/factory-10.webp\"\/><\/p>\n<h3>M\u00e9ly feldolgoz\u00e1si m\u0171hely<\/h3>\n<p><img decoding=\"async\" src=\"\/wp-content\/uploads\/factory-11.webp\"\/><\/p>\n<h3>CNC prec\u00edzi\u00f3s megmunk\u00e1l\u00f3 m\u0171hely<\/h3>\n<p><img decoding=\"async\" src=\"\/wp-content\/uploads\/factory-11.5.webp\"\/><\/p>\n<h3>K\u00e9szterm\u00e9k \u00e9s export rakt\u00e1r<\/h3>\n<p><img decoding=\"async\" src=\"\/wp-content\/uploads\/factory-12.webp\"\/><\/p>\n<p><img decoding=\"async\" src=\"\/wp-content\/uploads\/factory-13.webp\"\/><\/p>\n<p><img decoding=\"async\" src=\"\/wp-content\/uploads\/factory-14.webp\"\/><\/p>\n<h2>GYIK<\/h2>\n<p><p><b>1.Mi az alum\u00ednium extrud\u00e1lt 6061 6082 aut\u00f3ipari l\u00f6kh\u00e1r\u00edt\u00f3 gerenda? <\/b><\/p>\n<p> Ez egy 6061 vagy 6082 alum\u00ednium\u00f6tv\u00f6zetb\u0151l extrud\u00e1l\u00e1ssal k\u00e9sz\u00fclt szerkezeti aut\u00f3ipari alkatr\u00e9sz, amelyet \u00fagy terveztek, hogy elnyelje az \u00fctk\u00f6z\u00e9st \u00e9s n\u00f6velje a j\u00e1rm\u0171 biztons\u00e1g\u00e1t.<br \/>\n<\/p><br \/>\n<br \/>\n<p><b>2.Milyen el\u0151ny\u00f6kkel j\u00e1r a 6061 \u00e9s 6082 alum\u00ednium\u00f6tv\u00f6zetek haszn\u00e1lata a l\u00f6kh\u00e1r\u00edt\u00f3 gerend\u00e1khoz? <\/b><\/p>\n<p> Ezek az \u00f6tv\u00f6zetek nagy szil\u00e1rds\u00e1got, kiv\u00e1l\u00f3 korr\u00f3zi\u00f3\u00e1ll\u00f3s\u00e1got, k\u00f6nny\u0171 s\u00falyt \u00e9s j\u00f3 hegeszthet\u0151s\u00e9get biztos\u00edtanak, ide\u00e1lisak az aut\u00f3ipari biztons\u00e1gi alkatr\u00e9szekhez.<br \/>\n<\/p><br \/>\n<br \/>\n<p><b>3.Mi\u00e9rt v\u00e1lassza az alum\u00ednium extrud\u00e1l\u00e1st az aut\u00f3ipari l\u00f6kh\u00e1r\u00edt\u00f3 gerend\u00e1khoz? <\/b><\/p>\n<p> Az alum\u00ednium extrud\u00e1l\u00e1s pontos alak\u00edt\u00e1st, egyenletes min\u0151s\u00e9get \u00e9s k\u00f6nny\u0171szerkezetes \u00e9p\u00edt\u00e9st tesz lehet\u0151v\u00e9, jav\u00edtva az \u00fczemanyag-hat\u00e9konys\u00e1got \u00e9s az \u00fctk\u00f6z\u00e9si teljes\u00edtm\u00e9nyt.<br \/>\n<\/p><br \/>\n<br \/>\n<p><b>4.Hogyan jav\u00edtj\u00e1k a 6061 \u00e9s 6082 alum\u00ednium l\u00f6kh\u00e1r\u00edt\u00f3 gerend\u00e1k a j\u00e1rm\u0171 biztons\u00e1g\u00e1t? <\/b><\/p>\n<p> Nagy szil\u00e1rds\u00e1g\/t\u00f6meg ar\u00e1nyuk lehet\u0151v\u00e9 teszi a hat\u00e9kony energiaelnyel\u00e9st az \u00fctk\u00f6z\u00e9sek sor\u00e1n, cs\u00f6kkentve a k\u00e1rokat \u00e9s fokozva az utasok v\u00e9delm\u00e9t.<br \/>\n<\/p><br \/>\n<br \/>\n<p><b>5.A 6061 \u00e9s 6082 alum\u00ednium extrud\u00e1lt l\u00f6kh\u00e1r\u00edt\u00f3 gerend\u00e1k korr\u00f3zi\u00f3\u00e1ll\u00f3ak? <\/b><\/p>\n<p> Igen, mindk\u00e9t \u00f6tv\u00f6zet kiv\u00e1l\u00f3 korr\u00f3zi\u00f3\u00e1ll\u00f3s\u00e1got biztos\u00edt, ami meghosszabb\u00edtja a l\u00f6kh\u00e1r\u00edt\u00f3 gerend\u00e1k \u00e9lettartam\u00e1t a zord k\u00f6rnyezeti k\u00f6r\u00fclm\u00e9nyek k\u00f6z\u00f6tt.<br \/>\n<\/p><br \/>\n<br \/>\n<p><b>6.Can aut\u00f3ipari l\u00f6kh\u00e1r\u00edt\u00f3 gerend\u00e1k testre szabott alum\u00ednium extrud\u00e1l\u00e1ssal? <\/b><\/p>\n<p> Term\u00e9szetesen az alum\u00ednium l\u00f6kh\u00e1r\u00edt\u00f3gerend\u00e1k k\u00fcl\u00f6nb\u00f6z\u0151 profilokban, hossz\u00fas\u00e1gokban \u00e9s vastags\u00e1gokban extrud\u00e1lhat\u00f3k, hogy megfeleljenek a j\u00e1rm\u0171 egyedi tervez\u00e9si k\u00f6vetelm\u00e9nyeinek.<br \/>\n<\/p><br \/>\n<br \/>\n<p><b>7.Milyen fel\u00fcletkezel\u00e9s \u00e9rhet\u0151 el az alum\u00ednium aut\u00f3ipari l\u00f6kh\u00e1r\u00edt\u00f3 gerend\u00e1khoz? <\/b><\/p>\n<p> A kivitelek k\u00f6z\u00f6tt szerepelnek maratott, elox\u00e1lt, festett vagy porfestett v\u00e1ltozatok a tart\u00f3ss\u00e1g \u00e9s az eszt\u00e9tikum jav\u00edt\u00e1sa \u00e9rdek\u00e9ben.<br \/>\n<\/p><br \/>\n<br \/>\n<p><b>8.Cs\u00f6kkentik-e az alum\u00ednium extrud\u00e1lt l\u00f6kh\u00e1r\u00edt\u00f3gerend\u00e1k a j\u00e1rm\u0171 \u00f6sszt\u00f6meg\u00e9t? <\/b><\/p>\n<p> Igen, az alum\u00edniumgerend\u00e1k jelent\u0151sen k\u00f6nnyebbek, mint az ac\u00e9l, ami hozz\u00e1j\u00e1rul a jobb \u00fczemanyag-fogyaszt\u00e1shoz \u00e9s a j\u00e1rm\u0171 teljes\u00edtm\u00e9ny\u00e9hez.<br \/>\n<\/p><br \/>\n<br \/>\n<p><b>9.Hogyan hasonl\u00edthat\u00f3k \u00f6ssze a 6061 \u00e9s 6082 \u00f6tv\u00f6zetek a l\u00f6kh\u00e1r\u00edt\u00f3sug\u00e1r alkalmaz\u00e1sokhoz? <\/b><\/p>\n<p> A 6061 kiv\u00e1l\u00f3 megmunk\u00e1lhat\u00f3s\u00e1got \u00e9s szil\u00e1rds\u00e1got, m\u00edg a 6082 valamivel nagyobb szil\u00e1rds\u00e1got \u00e9s jobb korr\u00f3zi\u00f3\u00e1ll\u00f3s\u00e1got biztos\u00edt, mindkett\u0151 alkalmas l\u00f6kh\u00e1r\u00edt\u00f3 gerend\u00e1khoz.<br \/>\n<\/p><br \/>\n<br \/>\n<p><b>10.Mi\u00e9rt el\u0151ny\u00f6sebb az alum\u00ednium extrud\u00e1l\u00e1s a l\u00f6kh\u00e1r\u00edt\u00f3 gerend\u00e1k m\u00e1s gy\u00e1rt\u00e1si m\u00f3dszereivel szemben? <\/b><\/p>\n<p> Az extrud\u00e1l\u00e1s rugalmass\u00e1got, szoros t\u0171r\u00e9seket \u00e9s a modern aut\u00f3ipari l\u00f6kh\u00e1r\u00edt\u00f3khoz elengedhetetlen \u00f6sszetett keresztmetszetek hat\u00e9kony gy\u00e1rt\u00e1s\u00e1t k\u00edn\u00e1lja.<br \/>\n<\/p><br \/><\/p>","protected":false},"featured_media":6237,"template":"","categories":[58],"class_list":["post-6238","product","type-product","status-publish","has-post-thumbnail","hentry","category-aluminium-extrusion-profiles"],"meta_box":{"hilight_text_group":{"product_hilight_text":"<li>Made from 6061 and 6082 alloys offering high strength and impact resistance<\/li>\r\r\n<li>Lightweight design improves vehicle fuel efficiency and handling<\/li>\r\r\n<li>Excellent corrosion resistance for long-lasting durability<\/li>\r\r\n<li>Precision extrusion ensures consistent quality and fit<\/li>\r\r\n<li>Customizable profiles to meet various automotive bumper specifications<\/li>","product_chanpin_chanpin":"<li><a href=\"https:\/\/sinoextrud.com\/product\/aluminum-extrusion-7003-7075-aluminum-profile-cnc\/\" target=\"_blank\">Aluminum Extrusion 7003 7075 Pilates Equipment Aluminum Profile CNC Precision Aluminum Profile<\/a><\/li>\r\n<li><a href=\"https:\/\/sinoextrud.com\/product\/aluminum-extrusion-cable-clamp-profile-cnc-custom-cable-cleat-aluminum-profile\/\" target=\"_blank\">Aluminum Extrusion Cable Clamp Profile CNC Custom Cable Cleat Aluminum Profile<\/a><\/li>\r\n<li><a href=\"https:\/\/sinoextrud.com\/product\/aluminum-extrusion-minimalist-office-partition-aluminum-profiles\/\" target=\"_blank\">Aluminum Extrusion Minimalist Office Partition Aluminum Profiles<\/a><\/li>\r\n<li><a href=\"https:\/\/sinoextrud.com\/product\/aluminum-extrusion-ultra-small-material-aluminum-frame-profile\/\" target=\"_blank\">Aluminum Extrusion Ultra-small Material Aluminum Frame Profile<\/a><\/li>\r\n<li><a href=\"https:\/\/sinoextrud.com\/product\/aluminum-extrusion-6061-6082-automotive-bumper-beam\/\" target=\"_blank\">Aluminum Extrusion 6061 6082 Automotive Bumper Beam<\/a><\/li>\r\n<li><a href=\"https:\/\/sinoextrud.com\/product\/aluminium-window-extrusion-profile\/\" target=\"_blank\">Aluminium Window Extrusion Profile<\/a><\/li>\r\n<li><a href=\"https:\/\/sinoextrud.com\/product\/aluminium-extrusion-frameless-glass-railing-aluminum-profiles\/\" target=\"_blank\">Aluminium Extrusion Frameless Glass Railing Aluminum Profiles<\/a><\/li>\r\n<li><a href=\"https:\/\/sinoextrud.com\/product\/extruded-aluminum-alloy-profile-for-glass-floor-channel\/\" target=\"_blank\">Extruded Aluminum Alloy Profile For Glass Floor Channel<\/a><\/li>\r\n<li><a href=\"https:\/\/sinoextrud.com\/product\/aluminum-extrusion-aerospace-grade-2024-aluminum-alloy-tubes\/\" target=\"_blank\">Aluminum Extrusion Aerospace-Grade 2024 Aluminum Alloy Tubes<\/a><\/li>\r\n<li><a href=\"https:\/\/sinoextrud.com\/product\/wall-surface-edging-protection-skirtboard-baseboard-kicking-line-aluminium-profile\/\" target=\"_blank\">Wall surface edging protection Skirtboard Baseboard Kicking line aluminium profile<\/a><\/li>\r\n<li><a href=\"https:\/\/sinoextrud.com\/product\/aluminium-powder-coating\/\" target=\"_blank\">Aluminium Powder Coating<\/a><\/li>"},"feature_list":[]},"_links":{"self":[{"href":"https:\/\/sinoextrud.com\/hu\/wp-json\/wp\/v2\/product\/6238","targetHints":{"allow":["GET"]}}],"collection":[{"href":"https:\/\/sinoextrud.com\/hu\/wp-json\/wp\/v2\/product"}],"about":[{"href":"https:\/\/sinoextrud.com\/hu\/wp-json\/wp\/v2\/types\/product"}],"wp:featuredmedia":[{"embeddable":true,"href":"https:\/\/sinoextrud.com\/hu\/wp-json\/wp\/v2\/media\/6237"}],"wp:attachment":[{"href":"https:\/\/sinoextrud.com\/hu\/wp-json\/wp\/v2\/media?parent=6238"}],"wp:term":[{"taxonomy":"category","embeddable":true,"href":"https:\/\/sinoextrud.com\/hu\/wp-json\/wp\/v2\/categories?post=6238"}],"curies":[{"name":"wp","href":"https:\/\/api.w.org\/{rel}","templated":true}]}}