{"id":6226,"date":"2025-05-26T03:05:08","date_gmt":"2025-05-26T03:05:08","guid":{"rendered":"https:\/\/sinoextrud.com\/product\/aluminum-extrusion-bathroom-mirror-cabinet-aluminum-profile\/"},"modified":"2025-06-24T03:55:17","modified_gmt":"2025-06-24T03:55:17","slug":"aluminium-extrudalt-furdoszoba-tukor-szekreny-aluminium-profil","status":"publish","type":"product","link":"https:\/\/sinoextrud.com\/hu\/product\/aluminum-extrusion-bathroom-mirror-cabinet-aluminum-profile\/","title":{"rendered":"Alum\u00ednium extrud\u00e1lt f\u00fcrd\u0151szobai t\u00fck\u00f6rszekr\u00e9ny alum\u00edniumprofil"},"content":{"rendered":"<h2>Term\u00e9kek r\u00e9szletei<\/h2>\n<table class=\"custom-table\">\n<tr>\n<td class=\"label\">Term\u00e9k neve<\/td>\n<td>Alum\u00ednium extrud\u00e1lt f\u00fcrd\u0151szobai t\u00fck\u00f6rszekr\u00e9ny alum\u00edniumprofil<\/td>\n<\/tr>\n<tr>\n<td class=\"label\">Anyag<\/td>\n<td>Kiv\u00e1l\u00f3 min\u0151s\u00e9g\u0171 alum\u00ednium \u00f6tv\u00f6zet<\/td>\n<\/tr>\n<tr>\n<td class=\"label\">M\u00e9retek<\/td>\n<td>K\u00e9r\u00e9sre testreszabhat\u00f3 m\u00e9retek<\/td>\n<\/tr>\n<tr>\n<td class=\"label\">Fel\u00fcletkezel\u00e9s<\/td>\n<td>Elox\u00e1l\u00e1s, porfest\u00e9s, csiszolt fel\u00fcletkezel\u00e9s<\/td>\n<\/tr>\n<tr>\n<td class=\"label\">Korr\u00f3zi\u00f3\u00e1ll\u00f3s\u00e1g<\/td>\n<td>Kiv\u00e1l\u00f3 korr\u00f3zi\u00f3\u00e1ll\u00f3s\u00e1g az elox\u00e1lt fel\u00fcletnek k\u00f6sz\u00f6nhet\u0151en<\/td>\n<\/tr>\n<tr>\n<td class=\"label\">Tervez\u00e9si st\u00edlus<\/td>\n<td>Modern \u00e9s minimalista<\/td>\n<\/tr>\n<tr>\n<td class=\"label\">Alkalmaz\u00e1sok<\/td>\n<td>F\u00fcrd\u0151szobai t\u00fckr\u00f6s szekr\u00e9nyek, lakoss\u00e1gi \u00e9s kereskedelmi haszn\u00e1latra<\/td>\n<\/tr>\n<tr>\n<td class=\"label\">Testreszab\u00e1si lehet\u0151s\u00e9gek<\/td>\n<td>ODM \u00e9s OEM szolg\u00e1ltat\u00e1sok \u00e1llnak rendelkez\u00e9sre, bele\u00e9rtve a m\u00e9ret, a sz\u00edn \u00e9s a design testreszab\u00e1s\u00e1t is<\/td>\n<\/tr>\n<tr>\n<td class=\"label\">Min\u0151s\u00e9gbiztos\u00edt\u00e1s<\/td>\n<td>Szigor\u00fa min\u0151s\u00e9gellen\u0151rz\u00e9si int\u00e9zked\u00e9sek \u00e9s a nemzetk\u00f6zi szabv\u00e1nyoknak val\u00f3 megfelel\u00e9s<\/td>\n<\/tr>\n<tr>\n<td class=\"label\">Csomagol\u00e1s<\/td>\n<td>Biztons\u00e1gos csomagol\u00e1s a sz\u00e1ll\u00edt\u00e1s k\u00f6zbeni s\u00e9r\u00fcl\u00e9sek elker\u00fcl\u00e9se \u00e9rdek\u00e9ben<\/td>\n<\/tr>\n<tr>\n<td class=\"label\">CNC megmunk\u00e1l\u00e1si szolg\u00e1ltat\u00e1sok<\/td>\n<td>Pontos testreszab\u00e1shoz \u00e9s bonyolult mint\u00e1khoz el\u00e9rhet\u0151<\/td>\n<\/tr>\n<\/table>\n<h2>Gy\u00e1rt\u00f3 b\u00e1zisunk<\/h2>\n<h3>Gy\u00e1ri panor\u00e1ma<\/h3>\n<p><img decoding=\"async\" src=\"\/wp-content\/uploads\/factory-01.webp\"\/><\/p>\n<h3>Alum\u00ednium r\u00fadgy\u00e1rt\u00f3 m\u0171hely<\/h3>\n<p><img decoding=\"async\" src=\"\/wp-content\/uploads\/factory-02.webp\"\/><\/p>\n<\/p>\n<p><img decoding=\"async\" src=\"\/wp-content\/uploads\/factory-03.webp\"\/><\/p>\n<h3>Pen\u00e9sz rakt\u00e1r<\/h3>\n<p><img decoding=\"async\" src=\"\/wp-content\/uploads\/factory-04.webp\"\/><\/p>\n<h3>43 alum\u00ednium extrud\u00e1l\u00f3 vonal (500-5500 tonna)<\/h3>\n<p><img decoding=\"async\" src=\"\/wp-content\/uploads\/factory-05.webp\"\/><\/p>\n<p><img decoding=\"async\" src=\"\/wp-content\/uploads\/factory-06.webp\"\/><\/p>\n<p><img decoding=\"async\" src=\"\/wp-content\/uploads\/factory-07.webp\"\/><\/p>\n<h3>Porfest\u0151 m\u0171hely<\/h3>\n<p><img decoding=\"async\" src=\"\/wp-content\/uploads\/factory-09.webp\"\/><\/p>\n<h3>Anodiz\u00e1l\u00f3 m\u0171hely<\/h3>\n<p><img decoding=\"async\" src=\"\/wp-content\/uploads\/factory-10.webp\"\/><\/p>\n<h3>M\u00e9ly feldolgoz\u00e1si m\u0171hely<\/h3>\n<p><img decoding=\"async\" src=\"\/wp-content\/uploads\/factory-11.webp\"\/><\/p>\n<h3>CNC prec\u00edzi\u00f3s megmunk\u00e1l\u00f3 m\u0171hely<\/h3>\n<p><img decoding=\"async\" src=\"\/wp-content\/uploads\/factory-11.5.webp\"\/><\/p>\n<h3>K\u00e9szterm\u00e9k \u00e9s export rakt\u00e1r<\/h3>\n<p><img decoding=\"async\" src=\"\/wp-content\/uploads\/factory-12.webp\"\/><\/p>\n<p><img decoding=\"async\" src=\"\/wp-content\/uploads\/factory-13.webp\"\/><\/p>\n<p><img decoding=\"async\" src=\"\/wp-content\/uploads\/factory-14.webp\"\/><\/p>\n<h2>GYIK<\/h2>\n<p><b>1.Mi az alum\u00ednium extrud\u00e1lt f\u00fcrd\u0151szobai t\u00fck\u00f6rszekr\u00e9ny alum\u00ednium profil? <\/b><\/p>\n<p> Ez egy extrud\u00e1lt alum\u00edniumprofil, amelyet kifejezetten f\u00fcrd\u0151szobai t\u00fckr\u00f6s szekr\u00e9nyek keretez\u00e9s\u00e9re \u00e9s tart\u00e1s\u00e1ra terveztek, tart\u00f3ss\u00e1got \u00e9s eleg\u00e1ns, modern megjelen\u00e9st biztos\u00edt.\n<\/p>\n<p><\/p>\n<p><b>2.Milyen el\u0151ny\u00f6kkel j\u00e1r az alum\u00ednium profilok haszn\u00e1lata a f\u00fcrd\u0151szobai t\u00fck\u00f6rszekr\u00e9nyekhez? <\/b><\/p>\n<p> Az alum\u00edniumprofilok korr\u00f3zi\u00f3\u00e1ll\u00f3s\u00e1got, k\u00f6nny\u0171 szil\u00e1rds\u00e1got, eleg\u00e1ns eszt\u00e9tik\u00e1t \u00e9s k\u00f6nny\u0171 \u00f6sszeszerelhet\u0151s\u00e9get biztos\u00edtanak, ide\u00e1lisak a nedves f\u00fcrd\u0151szobai k\u00f6rnyezetbe.\n<\/p>\n<p><\/p>\n<p><b>3.Mi\u00e9rt v\u00e1lassza az alum\u00ednium extrud\u00e1l\u00e1st a t\u00fck\u00f6rszekr\u00e9nykeretekhez? <\/b><\/p>\n<p> Az alum\u00ednium extrud\u00e1l\u00e1s pontos \u00e9s tiszta form\u00e1kat tesz lehet\u0151v\u00e9, kiv\u00e1l\u00f3 fel\u00fcleti fel\u00fclettel, \u00edgy biztos\u00edtva a t\u00fckr\u00f6s szekr\u00e9nyek kiv\u00e1l\u00f3 min\u0151s\u00e9g\u0171, hossz\u00fa \u00e9lettartam\u00fa szerkezet\u00e9t.\n<\/p>\n<p><\/p>\n<p><b>4.Are alum\u00ednium t\u00fck\u00f6r szekr\u00e9ny profilok rozsdamentes? <\/b><\/p>\n<p> Igen, az alum\u00edniumprofilok term\u00e9szetes m\u00f3don korr\u00f3zi\u00f3\u00e1ll\u00f3ak, \u00e9s elox\u00e1lt vagy porsz\u00f3rt bevonattal is bevonhat\u00f3k a nedves f\u00fcrd\u0151szobai k\u00f6r\u00fclm\u00e9nyek k\u00f6z\u00f6tti fokozott v\u00e9delem \u00e9rdek\u00e9ben.\n<\/p>\n<p><\/p>\n<p><b>5.Hol haszn\u00e1lj\u00e1k az alum\u00ednium extrud\u00e1lt t\u00fck\u00f6rszekr\u00e9ny profilokat? <\/b><\/p>\n<p> Ezeket a profilokat lakoss\u00e1gi \u00e9s kereskedelmi f\u00fcrd\u0151szobai t\u00fckr\u00f6s szekr\u00e9nyekben, gy\u00f3gyszeres szekr\u00e9nyekben, hi\u00fas\u00e1gt\u00fckr\u00f6kben \u00e9s falra szerelt t\u00e1rol\u00f3egys\u00e9gekben haszn\u00e1lj\u00e1k.\n<\/p>\n<p><\/p>\n<p><b>6.Can f\u00fcrd\u0151szoba t\u00fck\u00f6r szekr\u00e9ny alum\u00ednium profilok testreszabhat\u00f3? <\/b><\/p>\n<p> Term\u00e9szetesen k\u00fcl\u00f6nb\u00f6z\u0151 form\u00e1j\u00fa, kivitel\u0171 \u00e9s m\u00e9ret\u0171, egyedi extrud\u00e1l\u00e1s\u00faak lehetnek, hogy megfeleljenek a k\u00fcl\u00f6nb\u00f6z\u0151 szekr\u00e9nykialak\u00edt\u00e1soknak \u00e9s be\u00e9p\u00edt\u00e9si ig\u00e9nyeknek.\n<\/p>\n<p><\/p>\n<p><b>7.Milyen fel\u00fcletkezel\u00e9s \u00e9rhet\u0151 el az alum\u00ednium t\u00fckr\u00f6s szekr\u00e9nyprofilokhoz? <\/b><\/p>\n<p> A rendelkez\u00e9sre \u00e1ll\u00f3 kivitelek k\u00f6z\u00f6tt vannak elox\u00e1lt, matt, csiszolt, pol\u00edrozott \u00e9s porsz\u00f3rt v\u00e1ltozatok, amelyek illeszkednek a k\u00fcl\u00f6nb\u00f6z\u0151 f\u00fcrd\u0151szobai dekor\u00e1ci\u00f3s st\u00edlusokhoz.\n<\/p>\n<p><\/p>\n<p><b>8.Are alum\u00ednium t\u00fck\u00f6r szekr\u00e9ny profilok k\u00f6nnyen telep\u00edthet\u0151? <\/b><\/p>\n<p> Igen, az alum\u00edniumprofilok k\u00f6nny\u0171ek, k\u00f6nnyen v\u00e1ghat\u00f3k \u00e9s \u00f6sszeszerelhet\u0151k, \u00e9s kompatibilisek a szabv\u00e1nyos szekr\u00e9nyszerelv\u00e9nyekkel \u00e9s szerelv\u00e9nyekkel.\n<\/p>\n<p><\/p>\n<p><b>9.Az alum\u00ednium profilok jav\u00edtj\u00e1k a t\u00fckr\u00f6s szekr\u00e9nyek megjelen\u00e9s\u00e9t? <\/b><\/p>\n<p> Igen, eleg\u00e1ns \u00e9s modern kialak\u00edt\u00e1suk pr\u00e9mium, minimalista megjelen\u00e9st k\u00f6lcs\u00f6n\u00f6z a f\u00fcrd\u0151szobai tereknek, mik\u00f6zben fenntartja a funkcionalit\u00e1st.\n<\/p>\n<p><\/p>\n<p><b>10.Mi\u00e9rt el\u0151nyben r\u00e9szes\u00edtik az alum\u00ednium extrud\u00e1lt profilokat a m\u0171anyaggal vagy ac\u00e9llal szemben a f\u00fcrd\u0151szobaszekr\u00e9nyekben? <\/b><\/p>\n<p> Az alum\u00edniumprofilok er\u0151sebbek a m\u0171anyagn\u00e1l \u00e9s korr\u00f3zi\u00f3\u00e1ll\u00f3bbak az ac\u00e9ln\u00e1l, \u00edgy ide\u00e1lis v\u00e1laszt\u00e1s a hossz\u00fa \u00e9lettartam\u00fa f\u00fcrd\u0151szobai t\u00fck\u00f6rszekr\u00e9nyekhez.\n<\/p>\n<p><\/p>","protected":false},"featured_media":6225,"template":"","categories":[58],"class_list":["post-6226","product","type-product","status-publish","has-post-thumbnail","hentry","category-aluminium-extrusion-profiles"],"meta_box":{"hilight_text_group":{"product_hilight_text":"<li>Lightweight and durable aluminum ensures long-lasting cabinet support<\/li>\r\r\n<li>Corrosion-resistant finish ideal for humid bathroom environments<\/li>\r\r\n<li>Sleek, modern design enhances mirror cabinet aesthetics<\/li>\r\r\n<li>Customizable profiles to fit various mirror and cabinet sizes<\/li>\r\r\n<li>Easy to assemble and maintain, improving installation efficiency<\/li>","product_chanpin_chanpin":"<li><a href=\"https:\/\/sinoextrud.com\/product\/aluminium-extrusion-3003-6082-7003-7075-aluminum-profile\/\" target=\"_blank\">Aluminium Extrusion 3003 6082 7003 7075 Aluminum Profile<\/a><\/li>\r\n<li><a href=\"https:\/\/sinoextrud.com\/product\/aluminum-extruded-aluminum-roofing-profiles\/\" target=\"_blank\">Aluminum Extruded Aluminum Roofing Profiles<\/a><\/li>\r\n<li><a href=\"https:\/\/sinoextrud.com\/product\/aluminum-extrusion-l-shaped-angle-aluminum-profile-in-china\/\" target=\"_blank\">Aluminum Extrusion L-shaped Angle Aluminum Profile in China<\/a><\/li>\r\n<li><a href=\"https:\/\/sinoextrud.com\/product\/aluminum-extrusion-1060-2024-3003-5082-6061-6082-7003-7005-7075-aluminum-alloy-profile\/\" target=\"_blank\">Aluminum Extrusion 1060 2024 3003 5082 6061 6082 7003 7005 7075 Aluminum Alloy Profile<\/a><\/li>\r\n<li><a href=\"https:\/\/sinoextrud.com\/product\/aluminum-extrusion-bathroom-mirror-cabinet-aluminum-profile\/\" target=\"_blank\">Aluminum Extrusion Bathroom Mirror Cabinet Aluminum Profile<\/a><\/li>\r\n<li><a href=\"https:\/\/sinoextrud.com\/product\/aluminum-extrusion-advertising-signs-aluminum-frame-profile\/\" target=\"_blank\">Aluminum Extrusion Advertising Signs Aluminum Frame Profile<\/a><\/li>\r\n<li><a href=\"https:\/\/sinoextrud.com\/product\/aluminum-extrusion-7003-7075-aluminum-profile-cnc\/\" target=\"_blank\">Aluminum Extrusion 7003 7075 Pilates Equipment Aluminum Profile CNC Precision Aluminum Profile<\/a><\/li>\r\n<li><a href=\"https:\/\/sinoextrud.com\/product\/aluminum-extrusion-cable-clamp-profile-cnc-custom-cable-cleat-aluminum-profile\/\" target=\"_blank\">Aluminum Extrusion Cable Clamp Profile CNC Custom Cable Cleat Aluminum Profile<\/a><\/li>\r\n<li><a href=\"https:\/\/sinoextrud.com\/product\/aluminum-extrusion-minimalist-office-partition-aluminum-profiles\/\" target=\"_blank\">Aluminum Extrusion Minimalist Office Partition Aluminum Profiles<\/a><\/li>\r\n<li><a href=\"https:\/\/sinoextrud.com\/product\/heatsink-aluminum-profiles\/\" target=\"_blank\">Heatsink Aluminum Profiles<\/a><\/li>\r\n<li><a href=\"https:\/\/sinoextrud.com\/product\/aluminium-extrusion-profile\/\" target=\"_blank\">Aluminium Extrusion Profile<\/a><\/li>"},"feature_list":[]},"_links":{"self":[{"href":"https:\/\/sinoextrud.com\/hu\/wp-json\/wp\/v2\/product\/6226","targetHints":{"allow":["GET"]}}],"collection":[{"href":"https:\/\/sinoextrud.com\/hu\/wp-json\/wp\/v2\/product"}],"about":[{"href":"https:\/\/sinoextrud.com\/hu\/wp-json\/wp\/v2\/types\/product"}],"wp:featuredmedia":[{"embeddable":true,"href":"https:\/\/sinoextrud.com\/hu\/wp-json\/wp\/v2\/media\/6225"}],"wp:attachment":[{"href":"https:\/\/sinoextrud.com\/hu\/wp-json\/wp\/v2\/media?parent=6226"}],"wp:term":[{"taxonomy":"category","embeddable":true,"href":"https:\/\/sinoextrud.com\/hu\/wp-json\/wp\/v2\/categories?post=6226"}],"curies":[{"name":"wp","href":"https:\/\/api.w.org\/{rel}","templated":true}]}}