{"id":6222,"date":"2025-05-26T02:57:14","date_gmt":"2025-05-26T02:57:14","guid":{"rendered":"https:\/\/sinoextrud.com\/product\/aluminum-extrusion-l-shaped-angle-aluminum-profile-in-china\/"},"modified":"2025-06-24T03:55:13","modified_gmt":"2025-06-24T03:55:13","slug":"aluminium-extrudalas-l-alaku-szog-aluminium-profil-kinaban","status":"publish","type":"product","link":"https:\/\/sinoextrud.com\/hu\/product\/aluminum-extrusion-l-shaped-angle-aluminum-profile-in-china\/","title":{"rendered":"Alum\u00ednium Extrud\u00e1l\u00e1s L-alak\u00fa sz\u00f6gletes alum\u00ednium profil K\u00edn\u00e1ban"},"content":{"rendered":"<h2>Term\u00e9kek r\u00e9szletei<\/h2>\n<table class=\"custom-table\">\n<tr>\n<td class=\"label\">T\u00e9tel:<\/td>\n<td>Alum\u00ednium extrud\u00e1l\u00e1s L-alak\u00fa sz\u00f6gletes alum\u00ednium profil gy\u00e1rt\u00f3 \u00e9s sz\u00e1ll\u00edt\u00f3 K\u00edn\u00e1ban<\/td>\n<\/tr>\n<tr>\n<td class=\"label\">Alkalmaz\u00e1s:<\/td>\n<td>Ipar, \u00e9p\u00edt\u00e9szet, elektronika<\/td>\n<\/tr>\n<tr>\n<td class=\"label\">Alak:<\/td>\n<td>L alak\u00fa, I alak\u00fa<\/td>\n<\/tr>\n<tr>\n<td class=\"label\">Folyamat\u00e1raml\u00e1s:<\/td>\n<td>Die-open-Extrud\u00e1l\u00e1s-fel\u00fcletkezel\u00e9s-CNC megmunk\u00e1l\u00e1s<\/td>\n<\/tr>\n<tr>\n<td class=\"label\">Szabv\u00e1nyos:<\/td>\n<td>k\u00f6zepes \u00e9s magas min\u0151s\u00e9g<\/td>\n<\/tr>\n<tr>\n<td class=\"label\">Sz\u00e1ll\u00edt\u00e1si id\u0151:<\/td>\n<td>25-30 nap<\/td>\n<\/tr>\n<tr>\n<td class=\"label\">Fizet\u00e9si hat\u00e1rid\u0151:<\/td>\n<td>T\/T (30% let\u00e9t), L\/C<\/td>\n<\/tr>\n<tr>\n<td class=\"label\">Kik\u00f6t\u0151:<\/td>\n<td>Guangzhou, Shenzhen<\/td>\n<\/tr>\n<tr>\n<td class=\"label\">Anyag:<\/td>\n<td>6063, 6061<\/td>\n<\/tr>\n<tr>\n<td class=\"label\">A term\u00e9k neve:<\/td>\n<td>Alum\u00ednium sz\u00f6g<\/td>\n<\/tr>\n<tr>\n<td class=\"label\">\u00d6tv\u00f6zet vagy sem:<\/td>\n<td>Alum\u00ednium \u00f6tv\u00f6zet<\/td>\n<\/tr>\n<tr>\n<td class=\"label\">Garancia:<\/td>\n<td>A fel\u00fclet sz\u00edne 10~20 \u00e9vig stabil lehet<\/td>\n<\/tr>\n<tr>\n<td class=\"label\">Fel\u00fcletkezel\u00e9s:<\/td>\n<td>porfest\u00e9s, elektrofor\u00e9zis, fa szemcs\u00e9s, elox\u00e1lt, csiszolt, pol\u00edroz\u00e1s<\/td>\n<\/tr>\n<tr>\n<td class=\"label\">MOQ:<\/td>\n<td>200KG<\/td>\n<\/tr>\n<tr>\n<td class=\"label\">Feldolgoz\u00f3 szolg\u00e1ltat\u00e1s:<\/td>\n<td>Hajl\u00edt\u00e1s, tekercsel\u00e9s, hegeszt\u00e9s, lyukaszt\u00e1s, v\u00e1g\u00e1s<\/td>\n<\/tr>\n<tr>\n<td class=\"label\">Hossz\u00fas\u00e1g:<\/td>\n<td>1-9M vagy testreszabott<\/td>\n<\/tr>\n<\/table>\n<h2>Gy\u00e1rt\u00f3 b\u00e1zisunk<\/h2>\n<h3>Gy\u00e1ri panor\u00e1ma<\/h3>\n<p><img decoding=\"async\" src=\"\/wp-content\/uploads\/factory-01.webp\"\/><\/p>\n<h3>Alum\u00ednium r\u00fadgy\u00e1rt\u00f3 m\u0171hely<\/h3>\n<p><img decoding=\"async\" src=\"\/wp-content\/uploads\/factory-02.webp\"\/><\/p>\n<\/p>\n<p><img decoding=\"async\" src=\"\/wp-content\/uploads\/factory-03.webp\"\/><\/p>\n<h3>Pen\u00e9sz rakt\u00e1r<\/h3>\n<p><img decoding=\"async\" src=\"\/wp-content\/uploads\/factory-04.webp\"\/><\/p>\n<h3>43 alum\u00ednium extrud\u00e1l\u00f3 vonal (500-5500 tonna)<\/h3>\n<p><img decoding=\"async\" src=\"\/wp-content\/uploads\/factory-05.webp\"\/><\/p>\n<p><img decoding=\"async\" src=\"\/wp-content\/uploads\/factory-06.webp\"\/><\/p>\n<p><img decoding=\"async\" src=\"\/wp-content\/uploads\/factory-07.webp\"\/><\/p>\n<h3>Porfest\u0151 m\u0171hely<\/h3>\n<p><img decoding=\"async\" src=\"\/wp-content\/uploads\/factory-09.webp\"\/><\/p>\n<h3>Anodiz\u00e1l\u00f3 m\u0171hely<\/h3>\n<p><img decoding=\"async\" src=\"\/wp-content\/uploads\/factory-10.webp\"\/><\/p>\n<h3>M\u00e9ly feldolgoz\u00e1si m\u0171hely<\/h3>\n<p><img decoding=\"async\" src=\"\/wp-content\/uploads\/factory-11.webp\"\/><\/p>\n<h3>CNC prec\u00edzi\u00f3s megmunk\u00e1l\u00f3 m\u0171hely<\/h3>\n<p><img decoding=\"async\" src=\"\/wp-content\/uploads\/factory-11.5.webp\"\/><\/p>\n<h3>K\u00e9szterm\u00e9k \u00e9s export rakt\u00e1r<\/h3>\n<p><img decoding=\"async\" src=\"\/wp-content\/uploads\/factory-12.webp\"\/><\/p>\n<p><img decoding=\"async\" src=\"\/wp-content\/uploads\/factory-13.webp\"\/><\/p>\n<p><img decoding=\"async\" src=\"\/wp-content\/uploads\/factory-14.webp\"\/><\/p>\n<h2>GYIK<\/h2>\n<p><b>1.Mi az alum\u00ednium extrud\u00e1lt L-alak\u00fa sz\u00f6g alum\u00ednium profil? <\/b><\/p>\n<p> Ez egy 90 fokos L alak\u00fa, extrud\u00e1lt alum\u00edniumprofil, amelyet \u00e1ltal\u00e1ban szerkezeti keretez\u00e9shez, \u00e9lv\u00e9delemhez \u00e9s al\u00e1t\u00e1maszt\u00e1shoz haszn\u00e1lnak k\u00fcl\u00f6nb\u00f6z\u0151 \u00e9p\u00edt\u0151ipari \u00e9s ipari alkalmaz\u00e1sokban.\n<\/p>\n<p><\/p>\n<p><b>2.Mik az L-alak\u00fa alum\u00edniumprofilok haszn\u00e1lat\u00e1nak el\u0151nyei? <\/b><\/p>\n<p> Az L-alak\u00fa alum\u00edniumprofilok kiv\u00e1l\u00f3 szil\u00e1rds\u00e1got, korr\u00f3zi\u00f3\u00e1ll\u00f3s\u00e1got, k\u00f6nny\u0171 s\u00falyt \u00e9s k\u00f6nny\u0171 szerelhet\u0151s\u00e9get k\u00edn\u00e1lnak belt\u00e9ri \u00e9s k\u00fclt\u00e9ri haszn\u00e1latra egyar\u00e1nt.\n<\/p>\n<p><\/p>\n<p><b>3.Mi\u00e9rt v\u00e1lasszon egy k\u00ednai sz\u00e9khely\u0171 alum\u00ednium extrud\u00e1lt L-sz\u00f6g profil gy\u00e1rt\u00f3t? <\/b><\/p>\n<p> A k\u00ednai sz\u00e9khely\u0171 gy\u00e1rt\u00f3k versenyk\u00e9pes \u00e1rakat, nagy termel\u00e9si kapacit\u00e1st, egyedi extrud\u00e1l\u00e1si szolg\u00e1ltat\u00e1sokat \u00e9s glob\u00e1lis sz\u00e1ll\u00edt\u00e1st k\u00edn\u00e1lnak az alum\u00ednium L-sz\u00f6g profilok sz\u00e1m\u00e1ra.\n<\/p>\n<p><\/p>\n<p><b>4.Milyen ipar\u00e1gak haszn\u00e1lj\u00e1k az L-alak\u00fa alum\u00ednium extrud\u00e1lt profilokat? <\/b><\/p>\n<p> Ezeket a profilokat sz\u00e9les k\u00f6rben haszn\u00e1lj\u00e1k az \u00e9p\u00edt\u0151iparban, a b\u00fatoriparban, az aut\u00f3iparban, a polcrendszerekben, a keretez\u00e9sben \u00e9s a LED-vil\u00e1g\u00edt\u00e1s tart\u00f3szerkezeteiben.\n<\/p>\n<p><\/p>\n<p><b>5.Can L-alak\u00fa alum\u00ednium profilok testre szabott k\u00ednai besz\u00e1ll\u00edt\u00f3k? <\/b><\/p>\n<p> Igen, a professzion\u00e1lis k\u00ednai gy\u00e1rt\u00f3k egyedi hossz\u00fas\u00e1gokat, vastags\u00e1gokat, \u00f6tv\u00f6zetmin\u0151s\u00e9geket, lyukaszt\u00e1st \u00e9s fel\u00fcleti fel\u00fcletkezel\u00e9st k\u00edn\u00e1lnak az L-alak\u00fa alum\u00edniumprofilokhoz.\n<\/p>\n<p><\/p>\n<p><b>6.Az alum\u00ednium L-sz\u00f6g profilok korr\u00f3zi\u00f3\u00e1ll\u00f3ak? <\/b><\/p>\n<p> Az alum\u00ednium L-sz\u00f6gek term\u00e9szetesen korr\u00f3zi\u00f3\u00e1ll\u00f3ak, \u00e9s a fokozott tart\u00f3ss\u00e1g \u00e9s eszt\u00e9tikum \u00e9rdek\u00e9ben elox\u00e1lhat\u00f3k vagy porsz\u00f3rtan bevonhat\u00f3k.\n<\/p>\n<p><\/p>\n<p><b>7.Milyen fel\u00fcletek \u00e1llnak rendelkez\u00e9sre a k\u00ednai besz\u00e1ll\u00edt\u00f3kt\u00f3l az L-alak\u00fa alum\u00ednium profilokhoz? <\/b><\/p>\n<p> A k\u00fcl\u00f6nb\u00f6z\u0151 funkcion\u00e1lis \u00e9s dekorat\u00edv ig\u00e9nyek kiel\u00e9g\u00edt\u00e9se \u00e9rdek\u00e9ben gyakori kivitelek k\u00f6z\u00e9 tartozik az elox\u00e1lt, porsz\u00f3rt, csiszolt, festett \u00e9s malomipari kivitel.\n<\/p>\n<p><\/p>\n<p><b>8.Do k\u00ednai gy\u00e1rt\u00f3k k\u00edn\u00e1lnak OEM \/ ODM szolg\u00e1ltat\u00e1sokat alum\u00ednium L profilok? <\/b><\/p>\n<p> Igen, sok k\u00ednai alum\u00ednium extrud\u00e1l\u00e1si besz\u00e1ll\u00edt\u00f3 t\u00e1mogatja az OEM \u00e9s ODM szolg\u00e1ltat\u00e1sokat, bele\u00e9rtve a tervez\u00e9si seg\u00edts\u00e9get, a szersz\u00e1moz\u00e1st \u00e9s a saj\u00e1t m\u00e1rk\u00e1s gy\u00e1rt\u00e1st.\n<\/p>\n<p><\/p>\n<p><b>9.Alkalmasak-e az L alak\u00fa alum\u00ednium extrud\u00e1lt profilok szerkezeti alkalmaz\u00e1sokhoz? <\/b><\/p>\n<p> Igen, nagy szil\u00e1rds\u00e1g\/t\u00f6meg ar\u00e1nyuknak k\u00f6sz\u00f6nhet\u0151en az L alak\u00fa alum\u00edniumprofilok ide\u00e1lisak szerkezeti meger\u0151s\u00edt\u00e9sre \u00e9s sarokcsatlakoz\u00e1sra k\u00fcl\u00f6nb\u00f6z\u0151 keretekben.\n<\/p>\n<p><\/p>\n<p><b>10.Hogyan szerezzen be egy megb\u00edzhat\u00f3 alum\u00ednium L-profil sz\u00e1ll\u00edt\u00f3t K\u00edn\u00e1ban? <\/b><\/p>\n<p> Keresse az ISO tan\u00fas\u00edtv\u00e1nnyal rendelkez\u0151 gy\u00e1rt\u00f3kat, akiknek saj\u00e1t extrud\u00e1l\u00f3 l\u00e9tes\u00edtm\u00e9nyeik vannak, er\u0151s exporttapasztalattal, egyedi k\u00e9pess\u00e9gekkel \u00e9s pozit\u00edv \u00fcgyf\u00e9l\u00e9rt\u00e9kel\u00e9sekkel rendelkeznek.\n<\/p>\n<p><\/p>","protected":false},"featured_media":6221,"template":"","categories":[58],"class_list":["post-6222","product","type-product","status-publish","has-post-thumbnail","hentry","category-aluminium-extrusion-profiles"],"meta_box":{"hilight_text_group":{"product_hilight_text":"<li>L-shaped design offers versatile support for framing and edge protection<\/li>\r\r\n<li>Made from high-quality aluminum with excellent strength-to-weight ratio<\/li>\r\r\n<li>Corrosion-resistant for indoor and outdoor applications<\/li>\r\r\n<li>Available in various sizes, thicknesses, and surface finishes<\/li>\r\r\n<li>Reliable supply and customization from experienced Chinese manufacturer<\/li>","product_chanpin_chanpin":"<li><a href=\"https:\/\/sinoextrud.com\/product\/aluminum-extrusion-aluminum-framing-profiles-for-sunroom\/\" target=\"_blank\">Aluminum Extrusion Aluminum Framing Profiles For Sunroom<\/a><\/li>\r\n<li><a href=\"https:\/\/sinoextrud.com\/product\/aluminum-extrusion-6063-large-diameter-aluminum-tube\/\" target=\"_blank\">Aluminum Extrusion 6063 Large Diameter Aluminum Tube<\/a><\/li>\r\n<li><a href=\"https:\/\/sinoextrud.com\/product\/aluminium-extrusion-3003-6082-7003-7075-aluminum-profile\/\" target=\"_blank\">Aluminium Extrusion 3003 6082 7003 7075 Aluminum Profile<\/a><\/li>\r\n<li><a href=\"https:\/\/sinoextrud.com\/product\/aluminum-extruded-aluminum-roofing-profiles\/\" target=\"_blank\">Aluminum Extruded Aluminum Roofing Profiles<\/a><\/li>\r\n<li><a href=\"https:\/\/sinoextrud.com\/product\/aluminum-extrusion-l-shaped-angle-aluminum-profile-in-china\/\" target=\"_blank\">Aluminum Extrusion L-shaped Angle Aluminum Profile in China<\/a><\/li>\r\n<li><a href=\"https:\/\/sinoextrud.com\/product\/aluminum-extrusion-1060-2024-3003-5082-6061-6082-7003-7005-7075-aluminum-alloy-profile\/\" target=\"_blank\">Aluminum Extrusion 1060 2024 3003 5082 6061 6082 7003 7005 7075 Aluminum Alloy Profile<\/a><\/li>\r\n<li><a href=\"https:\/\/sinoextrud.com\/product\/aluminum-extrusion-bathroom-mirror-cabinet-aluminum-profile\/\" target=\"_blank\">Aluminum Extrusion Bathroom Mirror Cabinet Aluminum Profile<\/a><\/li>\r\n<li><a href=\"https:\/\/sinoextrud.com\/product\/aluminum-extrusion-advertising-signs-aluminum-frame-profile\/\" target=\"_blank\">Aluminum Extrusion Advertising Signs Aluminum Frame Profile<\/a><\/li>\r\n<li><a href=\"https:\/\/sinoextrud.com\/product\/aluminum-extrusion-7003-7075-aluminum-profile-cnc\/\" target=\"_blank\">Aluminum Extrusion 7003 7075 Pilates Equipment Aluminum Profile CNC Precision Aluminum Profile<\/a><\/li>\r\n<li><a href=\"https:\/\/sinoextrud.com\/product\/aluminium-glass-profile\/\" target=\"_blank\">Aluminium Glass Profile<\/a><\/li>\r\n<li><a href=\"https:\/\/sinoextrud.com\/product\/extrusion-led-aluminum-channel\/\" target=\"_blank\">Extrusion Led Aluminum Channel<\/a><\/li>"},"feature_list":[]},"_links":{"self":[{"href":"https:\/\/sinoextrud.com\/hu\/wp-json\/wp\/v2\/product\/6222","targetHints":{"allow":["GET"]}}],"collection":[{"href":"https:\/\/sinoextrud.com\/hu\/wp-json\/wp\/v2\/product"}],"about":[{"href":"https:\/\/sinoextrud.com\/hu\/wp-json\/wp\/v2\/types\/product"}],"wp:featuredmedia":[{"embeddable":true,"href":"https:\/\/sinoextrud.com\/hu\/wp-json\/wp\/v2\/media\/6221"}],"wp:attachment":[{"href":"https:\/\/sinoextrud.com\/hu\/wp-json\/wp\/v2\/media?parent=6222"}],"wp:term":[{"taxonomy":"category","embeddable":true,"href":"https:\/\/sinoextrud.com\/hu\/wp-json\/wp\/v2\/categories?post=6222"}],"curies":[{"name":"wp","href":"https:\/\/api.w.org\/{rel}","templated":true}]}}