{"id":6220,"date":"2025-05-26T02:54:24","date_gmt":"2025-05-26T02:54:24","guid":{"rendered":"https:\/\/sinoextrud.com\/product\/aluminum-extruded-aluminum-roofing-profiles\/"},"modified":"2025-06-24T03:55:11","modified_gmt":"2025-06-24T03:55:11","slug":"aluminium-extrudalt-aluminium-tetofedo-profilok","status":"publish","type":"product","link":"https:\/\/sinoextrud.com\/hu\/product\/aluminum-extruded-aluminum-roofing-profiles\/","title":{"rendered":"Alum\u00ednium extrud\u00e1lt alum\u00ednium tet\u0151fed\u0151 profilok"},"content":{"rendered":"<h2>Term\u00e9kek r\u00e9szletei<\/h2>\n<table class=\"custom-table\">\n<tr>\n<td class=\"label\">Term\u00e9k neve<\/td>\n<td>Alum\u00ednium extrud\u00e1lt alum\u00ednium tet\u0151fed\u0151 profilok<\/td>\n<\/tr>\n<tr>\n<td class=\"label\">Term\u00e9kv\u00e1laszt\u00e9k<\/td>\n<td>Alum\u00ednium extrud\u00e1l\u00e1s alum\u00ednium tet\u0151panelekhez, alum\u00ednium tet\u0151szeg\u00e9lyekhez, alum\u00ednium tet\u0151szeg\u00e9lyekhez, alum\u00ednium tet\u0151ereszcsatorn\u00e1khoz, alum\u00ednium tet\u0151gerinc sapk\u00e1khoz, alum\u00ednium tet\u0151 eresz, alum\u00ednium tet\u0151szeg\u00e9ly, stb.<\/td>\n<\/tr>\n<tr>\n<td class=\"label\">Alkalmaz\u00e1s<\/td>\n<td>lakoss\u00e1gi, kereskedelmi \u00e9s \u00e9p\u00edt\u00e9szeti tet\u0151fed\u00e9s, mez\u0151gazdas\u00e1gi \u00e9p\u00fcletek, napelemek felszerel\u00e9se stb.<\/td>\n<\/tr>\n<tr>\n<td class=\"label\">Alum\u00ednium \u00f6tv\u00f6zet<\/td>\n<td>6000 sorozat, 6063<\/td>\n<\/tr>\n<tr>\n<td class=\"label\">Temper<\/td>\n<td>T5-T8<\/td>\n<\/tr>\n<tr>\n<td class=\"label\">Shape<\/td>\n<td>testreszab\u00e1s<\/td>\n<\/tr>\n<tr>\n<td class=\"label\">Vastags\u00e1g<\/td>\n<td>0.65mm, 0.8mm, 1.0mm<\/td>\n<\/tr>\n<tr>\n<td class=\"label\">Hossz\u00fas\u00e1g<\/td>\n<td>1-9M<\/td>\n<\/tr>\n<tr>\n<td class=\"label\">Fel\u00fcletkezel\u00e9s<\/td>\n<td>teljes\u00edtm\u00e9ny bevonat, vagy testreszab\u00e1s<\/td>\n<\/tr>\n<tr>\n<td class=\"label\">CNC m\u00e9lyfeldolgoz\u00e1s<\/td>\n<td>v\u00e1g\u00e1s, f\u00far\u00e1s, megmunk\u00e1l\u00e1s, lyukaszt\u00e1s, hajl\u00edt\u00e1s, csapol\u00e1s stb.<\/td>\n<\/tr>\n<tr>\n<td class=\"label\">Tan\u00fas\u00edtv\u00e1nyok<\/td>\n<td>CE, ISO, SGS, TUV, ROHS<\/td>\n<\/tr>\n<tr>\n<td class=\"label\">Mint\u00e1k<\/td>\n<td>ingyenes minta. 1-3 nap alatt sz\u00e1ll\u00edtjuk \u00d6nnek.<\/td>\n<\/tr>\n<tr>\n<td class=\"label\">MOQ<\/td>\n<td>200KG minden egyes profilhoz<\/td>\n<\/tr>\n<tr>\n<td class=\"label\">Sz\u00e1ll\u00edt\u00e1si id\u0151<\/td>\n<td>A pen\u00e9sz kifejleszt\u00e9se \u00e9s a minta kialak\u00edt\u00e1sa 12-15 nap, majd a gy\u00e1rt\u00e1s id\u0151tartama 15-25 nap a vev\u0151 let\u00e9tbe helyez\u00e9se ut\u00e1n.<\/td>\n<\/tr>\n<tr>\n<td class=\"label\">Fizet\u00e9si felt\u00e9telek<\/td>\n<td>30% bet\u00e9t a gy\u00e1rt\u00e1s el\u0151tt, \u00e9s a sz\u00e1ll\u00edt\u00e1s el\u0151tti egyenleg.<\/td>\n<\/tr>\n<\/table>\n<h2>Gy\u00e1rt\u00f3 b\u00e1zisunk<\/h2>\n<h3>Gy\u00e1ri panor\u00e1ma<\/h3>\n<p><img decoding=\"async\" src=\"\/wp-content\/uploads\/factory-01.webp\"\/><\/p>\n<h3>Alum\u00ednium r\u00fadgy\u00e1rt\u00f3 m\u0171hely<\/h3>\n<p><img decoding=\"async\" src=\"\/wp-content\/uploads\/factory-02.webp\"\/><\/p>\n<p><img decoding=\"async\" src=\"\/wp-content\/uploads\/factory-03.webp\"\/><\/p>\n<h3>Pen\u00e9sz rakt\u00e1r<\/h3>\n<p><img decoding=\"async\" src=\"\/wp-content\/uploads\/factory-04.webp\"\/><\/p>\n<h3>43 alum\u00ednium extrud\u00e1l\u00f3 vonal (500-5500 tonna)<\/h3>\n<p><img decoding=\"async\" src=\"\/wp-content\/uploads\/factory-05.webp\"\/><\/p>\n<p><img decoding=\"async\" src=\"\/wp-content\/uploads\/factory-06.webp\"\/><\/p>\n<p><img decoding=\"async\" src=\"\/wp-content\/uploads\/factory-07.webp\"\/><\/p>\n<h3>Porfest\u0151 m\u0171hely<\/h3>\n<p><img decoding=\"async\" src=\"\/wp-content\/uploads\/factory-09.webp\"\/><\/p>\n<h3>Anodiz\u00e1l\u00f3 m\u0171hely<\/h3>\n<p><img decoding=\"async\" src=\"\/wp-content\/uploads\/factory-10.webp\"\/><\/p>\n<h3>M\u00e9ly feldolgoz\u00e1si m\u0171hely<\/h3>\n<p><img decoding=\"async\" src=\"\/wp-content\/uploads\/factory-11.webp\"\/><\/p>\n<h3>CNC prec\u00edzi\u00f3s megmunk\u00e1l\u00f3 m\u0171hely<\/h3>\n<p><img decoding=\"async\" src=\"\/wp-content\/uploads\/factory-11.5.webp\"\/><\/p>\n<h3>K\u00e9szterm\u00e9k \u00e9s export rakt\u00e1r<\/h3>\n<p><img decoding=\"async\" src=\"\/wp-content\/uploads\/factory-12.webp\"\/><\/p>\n<p><img decoding=\"async\" src=\"\/wp-content\/uploads\/factory-13.webp\"\/><\/p>\n<p><img decoding=\"async\" src=\"\/wp-content\/uploads\/factory-14.webp\"\/><\/p>\n<h2>GYIK<\/h2>\n<p><p><b>1.Mik az alum\u00ednium extrud\u00e1lt alum\u00ednium tet\u0151fed\u0151 profilok? <\/b><\/p>\n<p> Ezek speci\u00e1lisan tervezett, extrud\u00e1lt alum\u00edniumprofilok, amelyeket tet\u0151fed\u0151 rendszerekben haszn\u00e1lnak, \u00e9s amelyek szerkezeti tart\u00e1st, v\u00edz\u00e1ll\u00f3s\u00e1got \u00e9s tiszta \u00e9p\u00edt\u00e9szeti kivitelez\u00e9st biztos\u00edtanak.<br \/>\n<\/p><br \/>\n<br \/>\n<p><b>2.Mik az alum\u00ednium tet\u0151fed\u0151 profilok el\u0151nyei? <\/b><\/p>\n<p> Az alum\u00ednium tet\u0151fed\u0151 profilok k\u00f6nny\u0171 szil\u00e1rds\u00e1got, korr\u00f3zi\u00f3\u00e1ll\u00f3s\u00e1got, alacsony karbantart\u00e1st \u00e9s hossz\u00fa \u00e9lettartamot biztos\u00edtanak mind a lakoss\u00e1gi, mind a kereskedelmi tet\u0151fed\u0151 alkalmaz\u00e1sokban.<br \/>\n<\/p><br \/>\n<br \/>\n<p><b>3.Mi\u00e9rt v\u00e1lassza az extrud\u00e1lt alum\u00ednium profilokat a tet\u0151fed\u00e9shez? <\/b><\/p>\n<p> Az extrud\u00e1lt alum\u00ednium pontos profilform\u00e1kat, nagy tart\u00f3ss\u00e1got \u00e9s egyenletes min\u0151s\u00e9get tesz lehet\u0151v\u00e9, ide\u00e1lis az egym\u00e1sba illeszked\u0151 rendszerekhez, a v\u00edzelvezet\u00e9shez \u00e9s a paneltart\u00e1shoz.<br \/>\n<\/p><br \/>\n<br \/>\n<p><b>4.Az alum\u00ednium tet\u0151fed\u0151 profilok id\u0151j\u00e1r\u00e1s\u00e1ll\u00f3ak? <\/b><\/p>\n<p> Igen, az alum\u00ednium extrud\u00e1lt tet\u0151fed\u0151 profilok rendk\u00edv\u00fcl ellen\u00e1ll\u00f3ak az UV-sugarakkal, az es\u0151vel, a h\u00f3val \u00e9s a sz\u00e9ls\u0151s\u00e9ges h\u0151m\u00e9rs\u00e9kletekkel szemben, \u00edgy minden \u00e9ghajlatra ide\u00e1lisak.<br \/>\n<\/p><br \/>\n<br \/>\n<p><b>5.Hol haszn\u00e1lj\u00e1k \u00e1ltal\u00e1ban az alum\u00ednium extrud\u00e1lt tet\u0151fed\u0151 profilokat? <\/b><\/p>\n<p> Ezeket a profilokat f\u00e9m tet\u0151fed\u0151 rendszerekben, napelemtart\u00f3kban, pergol\u00e1kban, aut\u00f3be\u00e1ll\u00f3kban \u00e9s modern \u00e9p\u00edt\u00e9szeti tet\u0151kben haszn\u00e1lj\u00e1k.<br \/>\n<\/p><br \/>\n<br \/>\n<p><b>6.Can alum\u00ednium tet\u0151fed\u0151 profilok testre szabhat\u00f3? <\/b><\/p>\n<p> Term\u00e9szetesen extrud\u00e1lhat\u00f3k egyedi hossz\u00fas\u00e1gban, sz\u00e9less\u00e9gben, form\u00e1ban \u00e9s kivitelben, hogy megfeleljenek az egyedi projekt- \u00e9s tervez\u00e9si k\u00f6vetelm\u00e9nyeknek.<br \/>\n<\/p><br \/>\n<br \/>\n<p><b>7.Milyen fel\u00fcletek \u00e1llnak rendelkez\u00e9sre az alum\u00ednium tet\u0151fed\u0151 profilokhoz? <\/b><\/p>\n<p> A kivitelek k\u00f6z\u00e9 tartozik az elox\u00e1lt, porsz\u00f3rt, festett \u00e9s maratott kivitel, amely fokozott v\u00e9delmet \u00e9s eszt\u00e9tikai lehet\u0151s\u00e9geket k\u00edn\u00e1l a k\u00fcl\u00f6nb\u00f6z\u0151 k\u00f6rnyezetekhez.<br \/>\n<\/p><br \/>\n<br \/>\n<p><b>8.Az alum\u00ednium tet\u0151fed\u0151 profilok karbantart\u00e1st ig\u00e9nyelnek? <\/b><\/p>\n<p> Minim\u00e1lis karbantart\u00e1st ig\u00e9nyel - az alum\u00ednium nem rozsd\u00e1sodik, \u00e9s az id\u0151szakos tiszt\u00edt\u00e1s biztos\u00edtja a hossz\u00fa t\u00e1v\u00fa megjelen\u00e9st \u00e9s teljes\u00edtm\u00e9nyt.<br \/>\n<\/p><br \/>\n<br \/>\n<p><b>9.K\u00f6nny\u0171-e az alum\u00ednium extrud\u00e1lt tet\u0151fed\u0151 profilokat felszerelni? <\/b><\/p>\n<p> Igen, ezeket a profilokat \u00fagy tervezt\u00e9k, hogy k\u00f6nnyen felszerelhet\u0151k legyenek szabv\u00e1nyos k\u00f6t\u0151elemek vagy kapcsok haszn\u00e1lat\u00e1val, ami felgyors\u00edtja az \u00e9p\u00edt\u00e9st \u00e9s cs\u00f6kkenti a munkaer\u0151k\u00f6lts\u00e9geket.<br \/>\n<\/p><br \/>\n<br \/>\n<p><b>10.Hogyan jav\u00edtj\u00e1k az alum\u00ednium tet\u0151fed\u0151 profilok az \u00e9p\u00fclet teljes\u00edtm\u00e9ny\u00e9t? <\/b><\/p>\n<p> Fokozz\u00e1k a tet\u0151 tart\u00f3ss\u00e1g\u00e1t, cs\u00f6kkentik a szerkezeti s\u00falyt, t\u00e1mogatj\u00e1k az energiahat\u00e9konys\u00e1got, \u00e9s eleg\u00e1ns, modern k\u00fcls\u0151t k\u00f6lcs\u00f6n\u00f6znek az \u00e9p\u00fcletek k\u00fclsej\u00e9nek.<br \/>\n<\/p><br \/><\/p>","protected":false},"featured_media":6219,"template":"","categories":[58],"class_list":["post-6220","product","type-product","status-publish","has-post-thumbnail","hentry","category-aluminium-extrusion-profiles"],"meta_box":{"hilight_text_group":{"product_hilight_text":"<li>Lightweight yet strong, reducing structural load on buildings<\/li>\r\r\n<li>Corrosion-resistant aluminum ideal for all-weather roofing<\/li>\r\r\n<li>Easy to install with interlocking or snap-fit designs<\/li>\r\r\n<li>Custom profiles and finishes available for aesthetic versatility<\/li>\r\r\n<li>Low maintenance and long-lasting alternative to traditional materials<\/li>","product_chanpin_chanpin":"<li><a href=\"https:\/\/sinoextrud.com\/product\/aluminum-extrusion-sunflower-aluminum-profile\/\" target=\"_blank\">Aluminum Extrusion Sunflower Aluminum Profile<\/a><\/li>\r\n<li><a href=\"https:\/\/sinoextrud.com\/product\/aluminum-extrusion-aluminum-framing-profiles-for-sunroom\/\" target=\"_blank\">Aluminum Extrusion Aluminum Framing Profiles For Sunroom<\/a><\/li>\r\n<li><a href=\"https:\/\/sinoextrud.com\/product\/aluminum-extrusion-6063-large-diameter-aluminum-tube\/\" target=\"_blank\">Aluminum Extrusion 6063 Large Diameter Aluminum Tube<\/a><\/li>\r\n<li><a href=\"https:\/\/sinoextrud.com\/product\/aluminium-extrusion-3003-6082-7003-7075-aluminum-profile\/\" target=\"_blank\">Aluminium Extrusion 3003 6082 7003 7075 Aluminum Profile<\/a><\/li>\r\n<li><a href=\"https:\/\/sinoextrud.com\/product\/aluminum-extruded-aluminum-roofing-profiles\/\" target=\"_blank\">Aluminum Extruded Aluminum Roofing Profiles<\/a><\/li>\r\n<li><a href=\"https:\/\/sinoextrud.com\/product\/aluminum-extrusion-l-shaped-angle-aluminum-profile-in-china\/\" target=\"_blank\">Aluminum Extrusion L-shaped Angle Aluminum Profile in China<\/a><\/li>\r\n<li><a href=\"https:\/\/sinoextrud.com\/product\/aluminum-extrusion-1060-2024-3003-5082-6061-6082-7003-7005-7075-aluminum-alloy-profile\/\" target=\"_blank\">Aluminum Extrusion 1060 2024 3003 5082 6061 6082 7003 7005 7075 Aluminum Alloy Profile<\/a><\/li>\r\n<li><a href=\"https:\/\/sinoextrud.com\/product\/aluminum-extrusion-bathroom-mirror-cabinet-aluminum-profile\/\" target=\"_blank\">Aluminum Extrusion Bathroom Mirror Cabinet Aluminum Profile<\/a><\/li>\r\n<li><a href=\"https:\/\/sinoextrud.com\/product\/aluminum-extrusion-advertising-signs-aluminum-frame-profile\/\" target=\"_blank\">Aluminum Extrusion Advertising Signs Aluminum Frame Profile<\/a><\/li>\r\n<li><a href=\"https:\/\/sinoextrud.com\/product\/aluminium-sliding-door-profiles\/\" target=\"_blank\">Aluminium Sliding Door Profiles<\/a><\/li>\r\n<li><a href=\"https:\/\/sinoextrud.com\/product\/aluminium-system-profile\/\" target=\"_blank\">Aluminium System Profile<\/a><\/li>"},"feature_list":[]},"_links":{"self":[{"href":"https:\/\/sinoextrud.com\/hu\/wp-json\/wp\/v2\/product\/6220","targetHints":{"allow":["GET"]}}],"collection":[{"href":"https:\/\/sinoextrud.com\/hu\/wp-json\/wp\/v2\/product"}],"about":[{"href":"https:\/\/sinoextrud.com\/hu\/wp-json\/wp\/v2\/types\/product"}],"wp:featuredmedia":[{"embeddable":true,"href":"https:\/\/sinoextrud.com\/hu\/wp-json\/wp\/v2\/media\/6219"}],"wp:attachment":[{"href":"https:\/\/sinoextrud.com\/hu\/wp-json\/wp\/v2\/media?parent=6220"}],"wp:term":[{"taxonomy":"category","embeddable":true,"href":"https:\/\/sinoextrud.com\/hu\/wp-json\/wp\/v2\/categories?post=6220"}],"curies":[{"name":"wp","href":"https:\/\/api.w.org\/{rel}","templated":true}]}}