{"id":6218,"date":"2025-05-26T02:51:29","date_gmt":"2025-05-26T02:51:29","guid":{"rendered":"https:\/\/sinoextrud.com\/product\/aluminium-extrusion-3003-6082-7003-7075-aluminum-profile\/"},"modified":"2025-06-24T03:55:08","modified_gmt":"2025-06-24T03:55:08","slug":"aluminium-extrudalt-3003-6082-7003-7075-aluminium-profil","status":"publish","type":"product","link":"https:\/\/sinoextrud.com\/hu\/product\/aluminium-extrusion-3003-6082-7003-7075-aluminum-profile\/","title":{"rendered":"Alum\u00ednium extrud\u00e1l\u00e1s 3003 6082 7003 7075 Alum\u00ednium profil"},"content":{"rendered":"<h2>Term\u00e9kek r\u00e9szletei<\/h2>\n<table class=\"custom-table\">\n<tr>\n<td class=\"label\">Term\u00e9k neve<\/td>\n<td>Alum\u00ednium extrud\u00e1l\u00e1s 3003 6082 7003 7075 Alum\u00ednium profil<\/td>\n<\/tr>\n<tr>\n<td class=\"label\">Alum\u00ednium \u00f6tv\u00f6zet<\/td>\n<td>3000-es sorozat, 6000-es sorozat, 7000-es sorozat<\/td>\n<\/tr>\n<tr>\n<td class=\"label\">Temper<\/td>\n<td>T3-T8<\/td>\n<\/tr>\n<tr>\n<td class=\"label\">Shape<\/td>\n<td>testreszab\u00e1s<\/td>\n<\/tr>\n<tr>\n<td class=\"label\">Sz\u00ednes<\/td>\n<td>testreszab\u00e1s<\/td>\n<\/tr>\n<tr>\n<td class=\"label\">Fel\u00fcletkezel\u00e9s<\/td>\n<td>malomra k\u00e9sz, elox\u00e1lt, fa szemcs\u00e9s, er\u0151 bevonat, homokf\u00fav\u00e1s, elektrofor\u00e9zis, csiszolt, pol\u00edroz\u00e1s, stb.<\/td>\n<\/tr>\n<tr>\n<td class=\"label\">CNC m\u00e9lyfeldolgoz\u00e1s<\/td>\n<td>v\u00e1g\u00e1s, f\u00far\u00e1s, megmunk\u00e1l\u00e1s, lyukaszt\u00e1s, hajl\u00edt\u00e1s, csapol\u00e1s stb.<\/td>\n<\/tr>\n<tr>\n<td class=\"label\">Tan\u00fas\u00edtv\u00e1nyok<\/td>\n<td>CE, ISO, SGS, TUV, ROHS<\/td>\n<\/tr>\n<tr>\n<td class=\"label\">Mint\u00e1k<\/td>\n<td>ingyenes minta. 1-3 nap alatt sz\u00e1ll\u00edtjuk \u00d6nnek.<\/td>\n<\/tr>\n<tr>\n<td class=\"label\">MOQ<\/td>\n<td>200KG minden egyes profilhoz<\/td>\n<\/tr>\n<tr>\n<td class=\"label\">Sz\u00e1ll\u00edt\u00e1si id\u0151<\/td>\n<td>A pen\u00e9sz kifejleszt\u00e9se \u00e9s a minta kialak\u00edt\u00e1sa 12-15 nap, majd a gy\u00e1rt\u00e1s id\u0151tartama 15-25 nap a vev\u0151 let\u00e9tbe helyez\u00e9se ut\u00e1n.<\/td>\n<\/tr>\n<tr>\n<td class=\"label\">Fizet\u00e9si felt\u00e9telek<\/td>\n<td>30% bet\u00e9t a gy\u00e1rt\u00e1s el\u0151tt, \u00e9s a sz\u00e1ll\u00edt\u00e1s el\u0151tti egyenleg.<\/td>\n<\/tr>\n<\/table>\n<h2>Gy\u00e1rt\u00f3 b\u00e1zisunk<\/h2>\n<h3>Gy\u00e1ri panor\u00e1ma<\/h3>\n<p><img decoding=\"async\" src=\"\/wp-content\/uploads\/factory-01.webp\"\/><\/p>\n<h3>Alum\u00ednium r\u00fadgy\u00e1rt\u00f3 m\u0171hely<\/h3>\n<p><img decoding=\"async\" src=\"\/wp-content\/uploads\/factory-02.webp\"\/><\/p>\n<p><img decoding=\"async\" src=\"\/wp-content\/uploads\/factory-03.webp\"\/><\/p>\n<h3>Pen\u00e9sz rakt\u00e1r<\/h3>\n<p><img decoding=\"async\" src=\"\/wp-content\/uploads\/factory-04.webp\"\/><\/p>\n<h3>43 alum\u00ednium extrud\u00e1l\u00f3 vonal (500-5500 tonna)<\/h3>\n<p><img decoding=\"async\" src=\"\/wp-content\/uploads\/factory-05.webp\"\/><\/p>\n<p><img decoding=\"async\" src=\"\/wp-content\/uploads\/factory-06.webp\"\/><\/p>\n<p><img decoding=\"async\" src=\"\/wp-content\/uploads\/factory-07.webp\"\/><\/p>\n<h3>Porfest\u0151 m\u0171hely<\/h3>\n<p><img decoding=\"async\" src=\"\/wp-content\/uploads\/factory-09.webp\"\/><\/p>\n<h3>Anodiz\u00e1l\u00f3 m\u0171hely<\/h3>\n<p><img decoding=\"async\" src=\"\/wp-content\/uploads\/factory-10.webp\"\/><\/p>\n<h3>M\u00e9ly feldolgoz\u00e1si m\u0171hely<\/h3>\n<p><img decoding=\"async\" src=\"\/wp-content\/uploads\/factory-11.webp\"\/><\/p>\n<h3>CNC prec\u00edzi\u00f3s megmunk\u00e1l\u00f3 m\u0171hely<\/h3>\n<p><img decoding=\"async\" src=\"\/wp-content\/uploads\/factory-11.5.webp\"\/><\/p>\n<h3>K\u00e9szterm\u00e9k \u00e9s export rakt\u00e1r<\/h3>\n<p><img decoding=\"async\" src=\"\/wp-content\/uploads\/factory-12.webp\"\/><\/p>\n<p><img decoding=\"async\" src=\"\/wp-content\/uploads\/factory-13.webp\"\/><\/p>\n<p><img decoding=\"async\" src=\"\/wp-content\/uploads\/factory-14.webp\"\/><\/p>\n<h2>GYIK<\/h2>\n<p><p><b>1.Mi az alum\u00ednium extrud\u00e1lt 3003 6082 7003 7075 alum\u00ednium profil? <\/b><\/p>\n<p> Ez olyan extrud\u00e1lt alum\u00edniumprofilokra utal, amelyek meghat\u00e1rozott \u00f6tv\u00f6zetekb\u0151l k\u00e9sz\u00fclnek - 3003, 6082, 7003 \u00e9s 7075 -, amelyek mindegyike egyedi mechanikai \u00e9s korr\u00f3zi\u00f3\u00e1ll\u00f3 tulajdons\u00e1gokkal rendelkezik a k\u00fcl\u00f6nb\u00f6z\u0151 ipari alkalmaz\u00e1sokhoz.<br \/>\n<\/p><br \/>\n<br \/>\n<p><b>2.Mik a 3003 alum\u00ednium extrud\u00e1lt profilok el\u0151nyei? <\/b><\/p>\n<p> A 3003-as alum\u00edniumprofilok kiv\u00e1l\u00f3 korr\u00f3zi\u00f3\u00e1ll\u00f3s\u00e1got \u00e9s j\u00f3 megmunk\u00e1lhat\u00f3s\u00e1got biztos\u00edtanak, \u00e9s ide\u00e1lisak tet\u0151fed\u0151, iparv\u00e1g\u00e1ny- \u00e9s dekor\u00e1ci\u00f3s alkalmaz\u00e1sokhoz.<br \/>\n<\/p><br \/>\n<br \/>\n<p><b>3.Mi\u00e9rt v\u00e1lassza a 6082 alum\u00ednium extrud\u00e1lt profilokat? <\/b><\/p>\n<p> A 6082 alum\u00edniumprofilok nagy szil\u00e1rds\u00e1got, kiv\u00e1l\u00f3 hegeszthet\u0151s\u00e9get \u00e9s j\u00f3 korr\u00f3zi\u00f3\u00e1ll\u00f3s\u00e1got biztos\u00edtanak, \u00edgy alkalmasak szerkezeti \u00e9s sz\u00e1ll\u00edt\u00e1si c\u00e9lokra.<br \/>\n<\/p><br \/>\n<br \/>\n<p><b>4.Mik a 7003 alum\u00ednium extrud\u00e1lt profilok el\u0151nyei? <\/b><\/p>\n<p> A 7003-as alum\u00edniumprofilok nagy szak\u00edt\u00f3szil\u00e1rds\u00e1got \u00e9s j\u00f3 f\u00e1rad\u00e1s\u00e1ll\u00f3s\u00e1got biztos\u00edtanak, gyakran haszn\u00e1lj\u00e1k \u0151ket aut\u00f3ipari, ker\u00e9kp\u00e1rkeretekben \u00e9s nagy ig\u00e9nybev\u00e9telnek kitett alkalmaz\u00e1sokban.<br \/>\n<\/p><br \/>\n<br \/>\n<p><b>5.Mi\u00e9rt haszn\u00e1lja a 7075 alum\u00ednium extrud\u00e1lt profilokat? <\/b><\/p>\n<p> A 7075-\u00f6s alum\u00edniumprofilok rendk\u00edv\u00fcl magas szil\u00e1rds\u00e1g\/t\u00f6meg ar\u00e1nyukr\u00f3l ismertek, \u00edgy ide\u00e1lisak a rep\u00fcl\u0151g\u00e9pipar, a v\u00e9delmi ipar \u00e9s a prec\u00edzi\u00f3s alkatr\u00e9szek sz\u00e1m\u00e1ra.<br \/>\n<\/p><br \/>\n<br \/>\n<p><b>6.Miben k\u00fcl\u00f6nb\u00f6znek a 3003, 6082, 7003 \u00e9s 7075 alum\u00edniumprofilok? <\/b><\/p>\n<p> A 3003 korr\u00f3zi\u00f3\u00e1ll\u00f3 \u00e9s alak\u00edthat\u00f3; a 6082 egyens\u00falyban tartja a szil\u00e1rds\u00e1got \u00e9s a hegeszthet\u0151s\u00e9get; a 7003 sz\u00edv\u00f3s \u00e9s k\u00f6nny\u0171; a 7075 rep\u00fcl\u0151g\u00e9pipari szil\u00e1rds\u00e1got k\u00edn\u00e1l korl\u00e1tozott hegeszthet\u0151s\u00e9ggel.<br \/>\n<\/p><br \/>\n<br \/>\n<p><b>7.Can alum\u00ednium extrud\u00e1lt profilok ezekben az \u00f6tv\u00f6zetekben testre szabhat\u00f3? <\/b><\/p>\n<p> Igen, a 3003, 6082, 7003 \u00e9s 7075 \u00f6tv\u00f6zetekb\u0151l k\u00e9sz\u00fclt profilok alakja, hossza, falvastags\u00e1ga \u00e9s fel\u00fcleti fel\u00fclete az alkalmaz\u00e1si ig\u00e9nyek alapj\u00e1n testre szabhat\u00f3.<br \/>\n<\/p><br \/>\n<br \/>\n<p><b>8.Ezek az alum\u00ednium profilok korr\u00f3zi\u00f3\u00e1ll\u00f3ak? <\/b><\/p>\n<p> Igen, a 3003 \u00e9s a 6082 kiv\u00e1l\u00f3 korr\u00f3zi\u00f3\u00e1ll\u00f3s\u00e1got biztos\u00edt, m\u00edg a 7003 \u00e9s a 7075 a fokozott k\u00f6rnyezetv\u00e9delem \u00e9rdek\u00e9ben kezelhet\u0151 vagy bevonhat\u00f3.<br \/>\n<\/p><br \/>\n<br \/>\n<p><b>9.Milyen alkalmaz\u00e1sok haszn\u00e1lj\u00e1k a 3003 6082 7003 7075 alum\u00ednium extrud\u00e1lt profilokat? <\/b><\/p>\n<p> Ezeket a profilokat az \u00e9p\u00edt\u0151iparban, a k\u00f6zleked\u00e9sben, a rep\u00fcl\u0151g\u00e9piparban, az aut\u00f3iparban, a g\u00e9piparban, a haj\u00f3szerkezetekben \u00e9s a sporteszk\u00f6z\u00f6kben haszn\u00e1lj\u00e1k.<br \/>\n<\/p><br \/>\n<br \/>\n<p><b>10.Milyen fel\u00fcletek \u00e1llnak rendelkez\u00e9sre ezekhez az alum\u00ednium\u00f6tv\u00f6zet profilokhoz? <\/b><\/p>\n<p> A rendelkez\u00e9sre \u00e1ll\u00f3 kivitelek k\u00f6z\u00e9 tartozik az elox\u00e1lt, porsz\u00f3rt, festett \u00e9s maratott kivitel, az \u00f6tv\u00f6zett\u0151l \u00e9s a v\u00e9gfelhaszn\u00e1l\u00e1si k\u00f6vetelm\u00e9nyekt\u0151l f\u00fcgg\u0151en.<br \/>\n<\/p><br \/>\n<br \/>\n<p><b>11.Er\u0151sek \u00e9s tart\u00f3sak az ezekb\u0151l az \u00f6tv\u00f6zetekb\u0151l k\u00e9sz\u00fclt alum\u00ednium extrud\u00e1lt profilok? <\/b><\/p>\n<p> Abszol\u00fat, k\u00fcl\u00f6n\u00f6sen a 6082, 7003 \u00e9s 7075, amelyeket nagy szil\u00e1rds\u00e1gra, \u00fct\u00e9s\u00e1ll\u00f3s\u00e1gra \u00e9s hossz\u00fa t\u00e1v\u00fa tart\u00f3ss\u00e1gra terveztek ig\u00e9nyes k\u00f6r\u00fclm\u00e9nyek k\u00f6z\u00f6tt.<br \/>\n<\/p><br \/><\/p>","protected":false},"featured_media":6217,"template":"","categories":[58],"class_list":["post-6218","product","type-product","status-publish","has-post-thumbnail","hentry","category-aluminium-extrusion-profiles"],"meta_box":{"hilight_text_group":{"product_hilight_text":"<li>Multiple alloy options (3003, 6082, 7003, 7075) for varied strength and application needs<\/li>\r\r\n<li>High-performance materials suitable for aerospace, automotive, and structural use<\/li>\r\r\n<li>Excellent corrosion resistance and surface finish across all grades<\/li>\r\r\n<li>Customizable profiles and tempers for specific engineering requirements<\/li>\r\r\n<li>Supports precision machining, welding, and surface treatments<\/li>","product_chanpin_chanpin":"<li><a href=\"https:\/\/sinoextrud.com\/product\/aluminum-extrusion-aluminum-fence-panel-profile\/\" target=\"_blank\">Aluminum Extrusion Aluminum Fence Panel Profile<\/a><\/li>\r\n<li><a href=\"https:\/\/sinoextrud.com\/product\/aluminum-extrusion-sunflower-aluminum-profile\/\" target=\"_blank\">Aluminum Extrusion Sunflower Aluminum Profile<\/a><\/li>\r\n<li><a href=\"https:\/\/sinoextrud.com\/product\/aluminum-extrusion-aluminum-framing-profiles-for-sunroom\/\" target=\"_blank\">Aluminum Extrusion Aluminum Framing Profiles For Sunroom<\/a><\/li>\r\n<li><a href=\"https:\/\/sinoextrud.com\/product\/aluminum-extrusion-6063-large-diameter-aluminum-tube\/\" target=\"_blank\">Aluminum Extrusion 6063 Large Diameter Aluminum Tube<\/a><\/li>\r\n<li><a href=\"https:\/\/sinoextrud.com\/product\/aluminium-extrusion-3003-6082-7003-7075-aluminum-profile\/\" target=\"_blank\">Aluminium Extrusion 3003 6082 7003 7075 Aluminum Profile<\/a><\/li>\r\n<li><a href=\"https:\/\/sinoextrud.com\/product\/aluminum-extruded-aluminum-roofing-profiles\/\" target=\"_blank\">Aluminum Extruded Aluminum Roofing Profiles<\/a><\/li>\r\n<li><a href=\"https:\/\/sinoextrud.com\/product\/aluminum-extrusion-l-shaped-angle-aluminum-profile-in-china\/\" target=\"_blank\">Aluminum Extrusion L-shaped Angle Aluminum Profile in China<\/a><\/li>\r\n<li><a href=\"https:\/\/sinoextrud.com\/product\/aluminum-extrusion-1060-2024-3003-5082-6061-6082-7003-7005-7075-aluminum-alloy-profile\/\" target=\"_blank\">Aluminum Extrusion 1060 2024 3003 5082 6061 6082 7003 7005 7075 Aluminum Alloy Profile<\/a><\/li>\r\n<li><a href=\"https:\/\/sinoextrud.com\/product\/aluminum-extrusion-bathroom-mirror-cabinet-aluminum-profile\/\" target=\"_blank\">Aluminum Extrusion Bathroom Mirror Cabinet Aluminum Profile<\/a><\/li>\r\n<li><a href=\"https:\/\/sinoextrud.com\/product\/anodized-aluminum\/\" target=\"_blank\">Anodized Aluminum<\/a><\/li>\r\n<li><a href=\"https:\/\/sinoextrud.com\/product\/aluminium-extrusion-11-5m-ultra-long-mill-finished-profiles\/\" target=\"_blank\">Aluminium Extrusion 11.5m Ultra-long Mill Finished Profiles<\/a><\/li>"},"feature_list":[]},"_links":{"self":[{"href":"https:\/\/sinoextrud.com\/hu\/wp-json\/wp\/v2\/product\/6218","targetHints":{"allow":["GET"]}}],"collection":[{"href":"https:\/\/sinoextrud.com\/hu\/wp-json\/wp\/v2\/product"}],"about":[{"href":"https:\/\/sinoextrud.com\/hu\/wp-json\/wp\/v2\/types\/product"}],"wp:featuredmedia":[{"embeddable":true,"href":"https:\/\/sinoextrud.com\/hu\/wp-json\/wp\/v2\/media\/6217"}],"wp:attachment":[{"href":"https:\/\/sinoextrud.com\/hu\/wp-json\/wp\/v2\/media?parent=6218"}],"wp:term":[{"taxonomy":"category","embeddable":true,"href":"https:\/\/sinoextrud.com\/hu\/wp-json\/wp\/v2\/categories?post=6218"}],"curies":[{"name":"wp","href":"https:\/\/api.w.org\/{rel}","templated":true}]}}