{"id":6216,"date":"2025-05-26T02:49:26","date_gmt":"2025-05-26T02:49:26","guid":{"rendered":"https:\/\/sinoextrud.com\/product\/aluminum-extrusion-6063-large-diameter-aluminum-tube\/"},"modified":"2025-06-24T03:55:06","modified_gmt":"2025-06-24T03:55:06","slug":"6063-aluminium-extrudalas-nagy-atmeroju-aluminium-cso","status":"publish","type":"product","link":"https:\/\/sinoextrud.com\/hu\/product\/aluminum-extrusion-6063-large-diameter-aluminum-tube\/","title":{"rendered":"Alum\u00ednium Extrud\u00e1l\u00e1s 6063 nagy \u00e1tm\u00e9r\u0151j\u0171 alum\u00ednium cs\u0151"},"content":{"rendered":"<h2>Term\u00e9kek r\u00e9szletei<\/h2>\n<table class=\"custom-table\">\n<tr>\n<td class=\"label\">T\u00e9tel<\/td>\n<td>6063 alum\u00ednium extrud\u00e1l\u00e1s nagy \u00e1tm\u00e9r\u0151j\u0171 alum\u00ednium cs\u0151<\/td>\n<\/tr>\n<tr>\n<td class=\"label\">Anyag<\/td>\n<td>6063 alum\u00ednium \u00f6tv\u00f6zet<\/td>\n<\/tr>\n<tr>\n<td class=\"label\">\u00c1tm\u00e9r\u0151 opci\u00f3k<\/td>\n<td>Testreszabhat\u00f3 (pl. 50 mm, 100 mm, 150 mm stb.)<\/td>\n<\/tr>\n<tr>\n<td class=\"label\">Falvastags\u00e1g<\/td>\n<td>Testreszabhat\u00f3 (pl. 2 mm, 3 mm, 5 mm stb.)<\/td>\n<\/tr>\n<tr>\n<td class=\"label\">Hossz\u00fas\u00e1g<\/td>\n<td>Standard hossz\u00fas\u00e1g (6m) vagy egyedi<\/td>\n<\/tr>\n<tr>\n<td class=\"label\">Szak\u00edt\u00f3szil\u00e1rds\u00e1g<\/td>\n<td>\u2265 240 MPa<\/td>\n<\/tr>\n<tr>\n<td class=\"label\">Ny\u00fal\u00e1sszil\u00e1rds\u00e1g<\/td>\n<td>\u2265 160 MPa<\/td>\n<\/tr>\n<tr>\n<td class=\"label\">Ny\u00fal\u00e1s<\/td>\n<td>\u2265 10%<\/td>\n<\/tr>\n<tr>\n<td class=\"label\">Fel\u00fcletkezel\u00e9s<\/td>\n<td>Elox\u00e1lt, porsz\u00f3rt, elektrofor\u00e9zis, fa szemcs\u00e9s, csiszolt, pol\u00edrozott, mar\u00e1s kivitelben<\/td>\n<\/tr>\n<tr>\n<td class=\"label\">Korr\u00f3zi\u00f3\u00e1ll\u00f3s\u00e1g<\/td>\n<td>Kiv\u00e1l\u00f3 a term\u00e9szetes oxidr\u00e9tegnek k\u00f6sz\u00f6nhet\u0151en<\/td>\n<\/tr>\n<tr>\n<td class=\"label\">S\u00faly<\/td>\n<td>K\u00f6nny\u0171 s\u00faly (a fajs\u00faly a m\u00e9retekt\u0151l f\u00fcgg)<\/td>\n<\/tr>\n<tr>\n<td class=\"label\">Temper<\/td>\n<td>T5, T6 (h\u0151kezelt a fokozott szil\u00e1rds\u00e1g \u00e9rdek\u00e9ben)<\/td>\n<\/tr>\n<tr>\n<td class=\"label\">Szabv\u00e1nyos megfelel\u00e9s<\/td>\n<td>ISO 9001, RoHS<\/td>\n<\/tr>\n<tr>\n<td class=\"label\">Csomagol\u00e1s<\/td>\n<td>Robusztus l\u00e1d\u00e1kba vagy raklapokra csomagolva \u00e9s becsomagolva<\/td>\n<\/tr>\n<tr>\n<td class=\"label\">\u00c1tfut\u00e1si id\u0151<\/td>\n<td>15-25 nap, a rendel\u00e9s m\u00e9ret\u00e9t\u0151l f\u00fcgg\u0151en<\/td>\n<\/tr>\n<tr>\n<td class=\"label\">Alkalmaz\u00e1sok<\/td>\n<td>\u00c9p\u00edt\u0151ipar, sz\u00e1ll\u00edt\u00e1s, g\u00e9pek, b\u00fatorok<\/td>\n<\/tr>\n<tr>\n<td class=\"label\">M\u00e9lyrehat\u00f3 feldolgoz\u00e1s<\/td>\n<td>V\u00e1g\u00e1s, f\u00far\u00e1s, megmunk\u00e1l\u00e1s, lyukaszt\u00e1s, hajl\u00edt\u00e1s, csapol\u00e1s stb.<\/td>\n<\/tr>\n<\/table>\n<h2>Gy\u00e1rt\u00f3 b\u00e1zisunk<\/h2>\n<h3>Gy\u00e1ri panor\u00e1ma<\/h3>\n<p><img decoding=\"async\" src=\"\/wp-content\/uploads\/factory-01.webp\"\/><\/p>\n<h3>Alum\u00ednium r\u00fadgy\u00e1rt\u00f3 m\u0171hely<\/h3>\n<p><img decoding=\"async\" src=\"\/wp-content\/uploads\/factory-02.webp\"\/><\/p>\n<p><img decoding=\"async\" src=\"\/wp-content\/uploads\/factory-03.webp\"\/><\/p>\n<h3>Pen\u00e9sz rakt\u00e1r<\/h3>\n<p><img decoding=\"async\" src=\"\/wp-content\/uploads\/factory-04.webp\"\/><\/p>\n<h3>43 alum\u00ednium extrud\u00e1l\u00f3 vonal (500-5500 tonna)<\/h3>\n<p><img decoding=\"async\" src=\"\/wp-content\/uploads\/factory-05.webp\"\/><\/p>\n<p><img decoding=\"async\" src=\"\/wp-content\/uploads\/factory-06.webp\"\/><\/p>\n<p><img decoding=\"async\" src=\"\/wp-content\/uploads\/factory-07.webp\"\/><\/p>\n<h3>Porfest\u0151 m\u0171hely<\/h3>\n<p><img decoding=\"async\" src=\"\/wp-content\/uploads\/factory-09.webp\"\/><\/p>\n<h3>Anodiz\u00e1l\u00f3 m\u0171hely<\/h3>\n<p><img decoding=\"async\" src=\"\/wp-content\/uploads\/factory-10.webp\"\/><\/p>\n<h3>M\u00e9ly feldolgoz\u00e1si m\u0171hely<\/h3>\n<p><img decoding=\"async\" src=\"\/wp-content\/uploads\/factory-11.webp\"\/><\/p>\n<h3>CNC prec\u00edzi\u00f3s megmunk\u00e1l\u00f3 m\u0171hely<\/h3>\n<p><img decoding=\"async\" src=\"\/wp-content\/uploads\/factory-11.5.webp\"\/><\/p>\n<h3>K\u00e9szterm\u00e9k \u00e9s export rakt\u00e1r<\/h3>\n<p><img decoding=\"async\" src=\"\/wp-content\/uploads\/factory-12.webp\"\/><\/p>\n<p><img decoding=\"async\" src=\"\/wp-content\/uploads\/factory-13.webp\"\/><\/p>\n<p><img decoding=\"async\" src=\"\/wp-content\/uploads\/factory-14.webp\"\/><\/p>\n<h2>GYIK<\/h2>\n<p><p><b>1.Mi az alum\u00ednium extrud\u00e1l\u00e1s 6063 nagy \u00e1tm\u00e9r\u0151j\u0171 alum\u00ednium cs\u0151? <\/b><\/p>\n<p> Ez egy 6063-as \u00f6tv\u00f6zetb\u0151l k\u00e9sz\u00fclt, nagy \u00e1tm\u00e9r\u0151j\u0171 \u00e9s sima fel\u00fclet\u0171, \u00fcreges hengeres alum\u00edniumprofil, amelyet szerkezeti \u00e9s \u00e9p\u00edt\u00e9szeti alkalmaz\u00e1sokban haszn\u00e1lnak.<br \/>\n<\/p><br \/>\n<br \/>\n<p><b>2.Mik a 6063 nagy \u00e1tm\u00e9r\u0151j\u0171 alum\u00edniumcs\u00f6vek el\u0151nyei? <\/b><\/p>\n<p> A 6063-as alum\u00edniumcs\u00f6vek kiv\u00e1l\u00f3 korr\u00f3zi\u00f3\u00e1ll\u00f3s\u00e1got, j\u00f3 hegeszthet\u0151s\u00e9get, sima fel\u00fcletet biztos\u00edtanak, \u00e9s ide\u00e1lisak az eszt\u00e9tikai vonzer\u0151vel rendelkez\u0151 szerkezeti szil\u00e1rds\u00e1ghoz.<br \/>\n<\/p><br \/>\n<br \/>\n<p><b>3.Mi\u00e9rt v\u00e1lassza a 6063 alum\u00ednium\u00f6tv\u00f6zetet a nagy \u00e1tm\u00e9r\u0151j\u0171 cs\u00f6vekhez? <\/b><\/p>\n<p> A 6063-as \u00f6tv\u00f6zet magas korr\u00f3zi\u00f3\u00e1ll\u00f3s\u00e1g\u00e1r\u00f3l, m\u00e9rs\u00e9kelt szil\u00e1rds\u00e1g\u00e1r\u00f3l \u00e9s kiv\u00e1l\u00f3 fel\u00fcleti fel\u00fclet\u00e9r\u0151l ismert, \u00edgy t\u00f6k\u00e9letes \u00e9p\u00edt\u00e9szeti \u00e9s k\u00fclt\u00e9ri felhaszn\u00e1l\u00e1sra.<br \/>\n<\/p><br \/>\n<br \/>\n<p><b>4.Where 6063 nagy \u00e1tm\u00e9r\u0151j\u0171 alum\u00edniumcs\u00f6vek \u00e1ltal\u00e1ban haszn\u00e1lj\u00e1k? <\/b><\/p>\n<p> Szerkezeti v\u00e1zszerkezetekben, \u00e9p\u00edt\u00e9szeti oszlopokban, tengeri alkalmaz\u00e1sokban, k\u00f6zleked\u00e9si rendszerekben \u00e9s ipari g\u00e9pekben haszn\u00e1lj\u00e1k.<br \/>\n<\/p><br \/>\n<br \/>\n<p><b>5.Is 6063 alum\u00ednium cs\u0151 alkalmas k\u00fclt\u00e9ri alkalmaz\u00e1sokhoz? <\/b><\/p>\n<p> Igen, a 6063-as alum\u00ednium kiv\u00e1l\u00f3an ellen\u00e1ll az id\u0151j\u00e1r\u00e1s viszontags\u00e1gainak, az UV sug\u00e1rz\u00e1snak \u00e9s a nedvess\u00e9gnek, \u00edgy ide\u00e1lis k\u00fcls\u0151 szerkezeti \u00e9s dekorat\u00edv felhaszn\u00e1l\u00e1sra.<br \/>\n<\/p><br \/>\n<br \/>\n<p><b>6.Can nagy \u00e1tm\u00e9r\u0151j\u0171 alum\u00edniumcs\u00f6vek testre szabhat\u00f3? <\/b><\/p>\n<p> Term\u00e9szetesen k\u00fcl\u00f6nb\u00f6z\u0151 \u00e1tm\u00e9r\u0151kben, falvastags\u00e1gokban, hosszban \u00e9s kivitelben extrud\u00e1lhat\u00f3k, hogy megfeleljenek az egyedi tervez\u00e9si \u00e9s m\u00e9rn\u00f6ki k\u00f6vetelm\u00e9nyeknek.<br \/>\n<\/p><br \/>\n<br \/>\n<p><b>7.Milyen fel\u00fcleti fel\u00fcletek \u00e1llnak rendelkez\u00e9sre a 6063 alum\u00edniumcs\u00f6vekhez? <\/b><\/p>\n<p> A rendelkez\u00e9sre \u00e1ll\u00f3 kivitelek k\u00f6z\u00f6tt szerepel a maratott, elox\u00e1lt, porsz\u00f3rt \u00e9s csiszolt kivitel, amely v\u00e9delmet \u00e9s eszt\u00e9tikai javul\u00e1st egyar\u00e1nt biztos\u00edt.<br \/>\n<\/p><br \/>\n<br \/>\n<p><b>8.Are 6063 alum\u00ednium extrud\u00e1lt cs\u00f6vek k\u00f6nny\u0171 gy\u00e1rtani? <\/b><\/p>\n<p> Igen, a 6063-as alum\u00ednium k\u00f6nnyen v\u00e1ghat\u00f3, f\u00farhat\u00f3, hegeszthet\u0151 \u00e9s megmunk\u00e1lhat\u00f3, \u00edgy kiv\u00e1l\u00f3an alkalmas egyedi gy\u00e1rt\u00e1sra \u00e9s \u00f6sszeszerel\u00e9sre.<br \/>\n<\/p><br \/>\n<br \/>\n<p><b>9.Do nagy \u00e1tm\u00e9r\u0151j\u0171 alum\u00edniumcs\u00f6vek ny\u00fajtanak szerkezeti szil\u00e1rds\u00e1got? <\/b><\/p>\n<p> Igen, k\u00f6nny\u0171 s\u00falyuk ellen\u00e9re a nagy \u00e1tm\u00e9r\u0151j\u0171 6063 alum\u00edniumcs\u00f6vek er\u0151s teherb\u00edr\u00e1st biztos\u00edtanak a szerkezeti alkalmaz\u00e1sok sz\u00e9les sk\u00e1l\u00e1j\u00e1hoz.<br \/>\n<\/p><br \/>\n<br \/>\n<p><b>10.Hogyan hasonl\u00edt a 6063 alum\u00ednium m\u00e1s \u00f6tv\u00f6zetekhez a nagym\u00e9ret\u0171 cs\u00f6vekhez? <\/b><\/p>\n<p> A 6063 a 6061-hez k\u00e9pest kiv\u00e1l\u00f3 fel\u00fcleti min\u0151s\u00e9get \u00e9s korr\u00f3zi\u00f3\u00e1ll\u00f3s\u00e1got k\u00edn\u00e1l, \u00edgy a l\u00e1that\u00f3 \u00e9p\u00edt\u00e9szeti \u00e9s dekorat\u00edv szerkezetekn\u00e9l el\u0151nyben r\u00e9szes\u00fcl.<br \/>\n<\/p><br \/><\/p>","protected":false},"featured_media":6215,"template":"","categories":[58],"class_list":["post-6216","product","type-product","status-publish","has-post-thumbnail","hentry","category-aluminium-extrusion-profiles"],"meta_box":{"hilight_text_group":{"product_hilight_text":"<li>Made from 6063 alloy with excellent corrosion resistance and surface finish<\/li>\r\r\n<li>Large diameter ideal for structural, architectural, and transportation uses<\/li>\r\r\n<li>Good weldability and machinability for easy fabrication<\/li>\r\r\n<li>Lightweight yet strong, reducing load without compromising strength<\/li>\r\r\n<li>Available in custom lengths and wall thicknesses for specific applications<\/li>","product_chanpin_chanpin":"<li><a href=\"https:\/\/sinoextrud.com\/product\/aluminum-extrusion-car-truck-aluminum-profile\/\" target=\"_blank\">Aluminum Extrusion Car & Truck Aluminum Profile<\/a><\/li>\r\n<li><a href=\"https:\/\/sinoextrud.com\/product\/aluminum-extrusion-aluminum-fence-panel-profile\/\" target=\"_blank\">Aluminum Extrusion Aluminum Fence Panel Profile<\/a><\/li>\r\n<li><a href=\"https:\/\/sinoextrud.com\/product\/aluminum-extrusion-sunflower-aluminum-profile\/\" target=\"_blank\">Aluminum Extrusion Sunflower Aluminum Profile<\/a><\/li>\r\n<li><a href=\"https:\/\/sinoextrud.com\/product\/aluminum-extrusion-aluminum-framing-profiles-for-sunroom\/\" target=\"_blank\">Aluminum Extrusion Aluminum Framing Profiles For Sunroom<\/a><\/li>\r\n<li><a href=\"https:\/\/sinoextrud.com\/product\/aluminum-extrusion-6063-large-diameter-aluminum-tube\/\" target=\"_blank\">Aluminum Extrusion 6063 Large Diameter Aluminum Tube<\/a><\/li>\r\n<li><a href=\"https:\/\/sinoextrud.com\/product\/aluminium-extrusion-3003-6082-7003-7075-aluminum-profile\/\" target=\"_blank\">Aluminium Extrusion 3003 6082 7003 7075 Aluminum Profile<\/a><\/li>\r\n<li><a href=\"https:\/\/sinoextrud.com\/product\/aluminum-extruded-aluminum-roofing-profiles\/\" target=\"_blank\">Aluminum Extruded Aluminum Roofing Profiles<\/a><\/li>\r\n<li><a href=\"https:\/\/sinoextrud.com\/product\/aluminum-extrusion-l-shaped-angle-aluminum-profile-in-china\/\" target=\"_blank\">Aluminum Extrusion L-shaped Angle Aluminum Profile in China<\/a><\/li>\r\n<li><a href=\"https:\/\/sinoextrud.com\/product\/aluminum-extrusion-1060-2024-3003-5082-6061-6082-7003-7005-7075-aluminum-alloy-profile\/\" target=\"_blank\">Aluminum Extrusion 1060 2024 3003 5082 6061 6082 7003 7005 7075 Aluminum Alloy Profile<\/a><\/li>\r\n<li><a href=\"https:\/\/sinoextrud.com\/product\/extruded-aluminum-flat-bar-6061-7075\/\" target=\"_blank\">Extruded Aluminum Flat Bar 6061 7075<\/a><\/li>\r\n<li><a href=\"https:\/\/sinoextrud.com\/product\/high-precision-aluminum-extrusion-profile-cnc-machining-accessory-parts\/\" target=\"_blank\">High Precision Aluminum extrusion Profile CNC Machining Accessory Parts<\/a><\/li>"},"feature_list":[]},"_links":{"self":[{"href":"https:\/\/sinoextrud.com\/hu\/wp-json\/wp\/v2\/product\/6216","targetHints":{"allow":["GET"]}}],"collection":[{"href":"https:\/\/sinoextrud.com\/hu\/wp-json\/wp\/v2\/product"}],"about":[{"href":"https:\/\/sinoextrud.com\/hu\/wp-json\/wp\/v2\/types\/product"}],"wp:featuredmedia":[{"embeddable":true,"href":"https:\/\/sinoextrud.com\/hu\/wp-json\/wp\/v2\/media\/6215"}],"wp:attachment":[{"href":"https:\/\/sinoextrud.com\/hu\/wp-json\/wp\/v2\/media?parent=6216"}],"wp:term":[{"taxonomy":"category","embeddable":true,"href":"https:\/\/sinoextrud.com\/hu\/wp-json\/wp\/v2\/categories?post=6216"}],"curies":[{"name":"wp","href":"https:\/\/api.w.org\/{rel}","templated":true}]}}