{"id":6214,"date":"2025-05-26T02:44:10","date_gmt":"2025-05-26T02:44:10","guid":{"rendered":"https:\/\/sinoextrud.com\/product\/aluminum-extrusion-aluminum-framing-profiles-for-sunroom\/"},"modified":"2025-06-24T03:55:05","modified_gmt":"2025-06-24T03:55:05","slug":"aluminium-extrudalas-aluminium-keretezesi-profilok-a-napozoszobahoz","status":"publish","type":"product","link":"https:\/\/sinoextrud.com\/hu\/product\/aluminum-extrusion-aluminum-framing-profiles-for-sunroom\/","title":{"rendered":"Alum\u00ednium extrud\u00e1l\u00e1s alum\u00ednium keretez\u00e9si profilok a napoz\u00f3szob\u00e1hoz"},"content":{"rendered":"<h2>Term\u00e9kek r\u00e9szletei<\/h2>\n<table class=\"custom-table\">\n<tr>\n<td class=\"label\">T\u00e9tel:<\/td>\n<td>alum\u00ednium extrud\u00e1l\u00e1s alum\u00ednium keretez\u00e9si profilok a napoz\u00f3szob\u00e1hoz<\/td>\n<\/tr>\n<tr>\n<td class=\"label\">Alkalmaz\u00e1s:<\/td>\n<td>\u00c9p\u00edt\u00e9szet, napoz\u00f3terek<\/td>\n<\/tr>\n<tr>\n<td class=\"label\">Alak:<\/td>\n<td>Testreszab\u00e1s<\/td>\n<\/tr>\n<tr>\n<td class=\"label\">Folyamat\u00e1raml\u00e1s:<\/td>\n<td>Die-open-Extrud\u00e1l\u00e1s-fel\u00fcletkezel\u00e9s-CNC megmunk\u00e1l\u00e1s<\/td>\n<\/tr>\n<tr>\n<td class=\"label\">Szabv\u00e1nyos:<\/td>\n<td>k\u00f6zepes \u00e9s magas min\u0151s\u00e9g<\/td>\n<\/tr>\n<tr>\n<td class=\"label\">Sz\u00e1ll\u00edt\u00e1si id\u0151:<\/td>\n<td>25-30 nap<\/td>\n<\/tr>\n<tr>\n<td class=\"label\">Fizet\u00e9si hat\u00e1rid\u0151:<\/td>\n<td>T\/T (30% let\u00e9t), L\/C<\/td>\n<\/tr>\n<tr>\n<td class=\"label\">Kik\u00f6t\u0151:<\/td>\n<td>Guangzhou, Shenzhen<\/td>\n<\/tr>\n<tr>\n<td class=\"label\">Anyag:<\/td>\n<td>6063, 6061, stb.<\/td>\n<\/tr>\n<tr>\n<td class=\"label\">Sz\u00e1rmaz\u00e1si hely:<\/td>\n<td>Foshan, Guangdong<\/td>\n<\/tr>\n<tr>\n<td class=\"label\">\u00d6tv\u00f6zet vagy sem:<\/td>\n<td>Alum\u00ednium \u00f6tv\u00f6zet<\/td>\n<\/tr>\n<tr>\n<td class=\"label\">M\u00e1rka:<\/td>\n<td>ZHL<\/td>\n<\/tr>\n<tr>\n<td class=\"label\">Fel\u00fcletkezel\u00e9s:<\/td>\n<td>porfest\u00e9s, elektrofor\u00e9zis, fa szemcs\u00e9s, elox\u00e1lt, csiszolt, pol\u00edroz\u00e1s<\/td>\n<\/tr>\n<tr>\n<td class=\"label\">MOQ:<\/td>\n<td>200KG<\/td>\n<\/tr>\n<tr>\n<td class=\"label\">Feldolgoz\u00f3 szolg\u00e1ltat\u00e1s:<\/td>\n<td>Hajl\u00edt\u00e1s, tekercsel\u00e9s, hegeszt\u00e9s, lyukaszt\u00e1s, v\u00e1g\u00e1s<\/td>\n<\/tr>\n<tr>\n<td class=\"label\">Hossz\u00fas\u00e1g:<\/td>\n<td>1-9M vagy testreszabott<\/td>\n<\/tr>\n<\/table>\n<h2>Gy\u00e1rt\u00f3 b\u00e1zisunk<\/h2>\n<h3>Gy\u00e1ri panor\u00e1ma<\/h3>\n<p><img decoding=\"async\" src=\"\/wp-content\/uploads\/factory-01.webp\"\/><\/p>\n<h3>Alum\u00ednium r\u00fadgy\u00e1rt\u00f3 m\u0171hely<\/h3>\n<p><img decoding=\"async\" src=\"\/wp-content\/uploads\/factory-02.webp\"\/><\/p>\n<\/p>\n<p><img decoding=\"async\" src=\"\/wp-content\/uploads\/factory-03.webp\"\/><\/p>\n<h3>Pen\u00e9sz rakt\u00e1r<\/h3>\n<p><img decoding=\"async\" src=\"\/wp-content\/uploads\/factory-04.webp\"\/><\/p>\n<h3>43 alum\u00ednium extrud\u00e1l\u00f3 vonal (500-5500 tonna)<\/h3>\n<p><img decoding=\"async\" src=\"\/wp-content\/uploads\/factory-05.webp\"\/><\/p>\n<p><img decoding=\"async\" src=\"\/wp-content\/uploads\/factory-06.webp\"\/><\/p>\n<p><img decoding=\"async\" src=\"\/wp-content\/uploads\/factory-07.webp\"\/><\/p>\n<h3>Porfest\u0151 m\u0171hely<\/h3>\n<p><img decoding=\"async\" src=\"\/wp-content\/uploads\/factory-09.webp\"\/><\/p>\n<h3>Anodiz\u00e1l\u00f3 m\u0171hely<\/h3>\n<p><img decoding=\"async\" src=\"\/wp-content\/uploads\/factory-10.webp\"\/><\/p>\n<h3>M\u00e9ly feldolgoz\u00e1si m\u0171hely<\/h3>\n<p><img decoding=\"async\" src=\"\/wp-content\/uploads\/factory-11.webp\"\/><\/p>\n<h3>CNC prec\u00edzi\u00f3s megmunk\u00e1l\u00f3 m\u0171hely<\/h3>\n<p><img decoding=\"async\" src=\"\/wp-content\/uploads\/factory-11.5.webp\"\/><\/p>\n<h3>K\u00e9szterm\u00e9k \u00e9s export rakt\u00e1r<\/h3>\n<p><img decoding=\"async\" src=\"\/wp-content\/uploads\/factory-12.webp\"\/><\/p>\n<p><img decoding=\"async\" src=\"\/wp-content\/uploads\/factory-13.webp\"\/><\/p>\n<p><img decoding=\"async\" src=\"\/wp-content\/uploads\/factory-14.webp\"\/><\/p>\n<h2>GYIK<\/h2>\n<p><b>1.Mik az alum\u00ednium extrud\u00e1lt alum\u00ednium keretez\u00e9si profilok a napoz\u00f3szob\u00e1hoz? <\/b><\/p>\n<p> Ezek extrud\u00e1lt alum\u00edniumprofilok, amelyeket kifejezetten a napoz\u00f3terek szerkezeti v\u00e1z\u00e1nak kialak\u00edt\u00e1s\u00e1ra terveztek, \u00e9s amelyek szil\u00e1rds\u00e1got, tart\u00f3ss\u00e1got \u00e9s eleg\u00e1ns megjelen\u00e9st biztos\u00edtanak.\n<\/p>\n<p><\/p>\n<p><b>2.Mik az alum\u00ednium keretez\u00e9si profilok el\u0151nyei a napoz\u00f3szob\u00e1k sz\u00e1m\u00e1ra? <\/b><\/p>\n<p> Az alum\u00ednium keretprofilok kiv\u00e1l\u00f3 korr\u00f3zi\u00f3\u00e1ll\u00f3s\u00e1got, k\u00f6nny\u0171 szil\u00e1rds\u00e1got, alacsony karbantart\u00e1si ig\u00e9nyt \u00e9s modern eszt\u00e9tik\u00e1t biztos\u00edtanak a napoz\u00f3szoba \u00e9p\u00edt\u00e9s\u00e9hez.\n<\/p>\n<p><\/p>\n<p><b>3.Mi\u00e9rt v\u00e1lassza az alum\u00ednium extrud\u00e1l\u00e1st a napoz\u00f3szoba keretez\u00e9s\u00e9hez? <\/b><\/p>\n<p> Az alum\u00ednium extrud\u00e1l\u00e1s pontos \u00e9s k\u00f6vetkezetes profilform\u00e1kat tesz lehet\u0151v\u00e9, ami k\u00f6nny\u0171 telep\u00edt\u00e9st, modul\u00e1ris kialak\u00edt\u00e1st \u00e9s er\u0151s szerkezeti teljes\u00edtm\u00e9nyt tesz lehet\u0151v\u00e9 a napoz\u00f3termi projektekben.\n<\/p>\n<p><\/p>\n<p><b>4.Az alum\u00ednium napoz\u00f3termi keretprofilok id\u0151j\u00e1r\u00e1s\u00e1ll\u00f3ak? <\/b><\/p>\n<p> Igen, az alum\u00edniumprofilok rendk\u00edv\u00fcl ellen\u00e1ll\u00f3ak a rozsd\u00e1val, az UV-sugarakkal, a nedvess\u00e9ggel \u00e9s a h\u0151m\u00e9rs\u00e9klet-v\u00e1ltoz\u00e1sokkal szemben, \u00edgy ide\u00e1lisak az eg\u00e9sz \u00e9ves k\u00fclt\u00e9ri haszn\u00e1latra.\n<\/p>\n<p><\/p>\n<p><b>5.Hol haszn\u00e1lj\u00e1k az alum\u00ednium extrud\u00e1lt keretprofilokat a napoz\u00f3szob\u00e1kban? <\/b><\/p>\n<p> Ezeket a napoz\u00f3termi falakhoz, tet\u0151kh\u00f6z, ablakokhoz, tol\u00f3ajt\u00f3khoz \u00e9s szerkezeti meger\u0151s\u00edt\u00e9sekhez haszn\u00e1lj\u00e1k, a burkolat f\u0151 v\u00e1z\u00e1t alkotva.\n<\/p>\n<p><\/p>\n<p><b>6.Lehet-e alum\u00ednium keretez\u00e9si profilokat testre szabni a napoz\u00f3szob\u00e1khoz? <\/b><\/p>\n<p> Az alum\u00edniumprofilok term\u00e9szetesen egyedi m\u00e9retben, falvastags\u00e1gban \u00e9s fel\u00fcletkezel\u00e9sben is extrud\u00e1lhat\u00f3k, hogy megfeleljenek az egyedi \u00e9p\u00edt\u00e9szeti \u00e9s funkcion\u00e1lis k\u00f6vetelm\u00e9nyeknek.\n<\/p>\n<p><\/p>\n<p><b>7.Milyen fel\u00fcletek \u00e1llnak rendelkez\u00e9sre az alum\u00ednium napoz\u00f3termi profilokhoz? <\/b><\/p>\n<p> Az \u00e1ltal\u00e1nos kivitelek k\u00f6z\u00e9 tartozik az elox\u00e1lt, porsz\u00f3rt, festett \u00e9s faanyag\u00fa, hogy megfeleljen a design eszt\u00e9tik\u00e1j\u00e1nak \u00e9s fokozza az id\u0151j\u00e1r\u00e1s elleni v\u00e9delmet.\n<\/p>\n<p><\/p>\n<p><b>8.Az alum\u00ednium napoz\u00f3termi profilok \u00fcveg vagy polikarbon\u00e1t paneleket t\u00e1mogatnak? <\/b><\/p>\n<p> Igen, az alum\u00ednium keretprofilokat \u00fagy tervezt\u00e9k, hogy biztons\u00e1gosan megtarts\u00e1k a napoz\u00f3termi burkolatokban \u00e1ltal\u00e1nosan haszn\u00e1lt \u00fcveg, akril vagy polikarbon\u00e1t paneleket.\n<\/p>\n<p><\/p>\n<p><b>9.A napoz\u00f3terek alum\u00ednium profiljait k\u00f6nny\u0171 telep\u00edteni? <\/b><\/p>\n<p> Igen, az alum\u00ednium napoz\u00f3termi profilokat modul\u00e1ris \u00f6sszeszerel\u00e9sre tervezt\u00e9k, el\u0151re lev\u00e1gott hossz\u00fas\u00e1gokkal, csatlakoz\u00f3kkal \u00e9s konzolokkal a gyors \u00e9s hat\u00e9kony telep\u00edt\u00e9s \u00e9rdek\u00e9ben.\n<\/p>\n<p><\/p>\n<p><b>10.Hogyan jav\u00edtj\u00e1k az alum\u00ednium extrud\u00e1lt keretprofilok a napoz\u00f3szoba teljes\u00edtm\u00e9ny\u00e9t? <\/b><\/p>\n<p> Ezek biztos\u00edtj\u00e1k a szerkezeti integrit\u00e1st, a hossz\u00fa t\u00e1v\u00fa tart\u00f3ss\u00e1got, az energiahat\u00e9konys\u00e1got \u00e9s a tiszta, modern megjelen\u00e9st a kiv\u00e1l\u00f3 min\u0151s\u00e9g\u0171 napoz\u00f3termi \u00e9p\u00edt\u00e9shez.\n<\/p>\n<p><\/p>","protected":false},"featured_media":8963,"template":"","categories":[58],"class_list":["post-6214","product","type-product","status-publish","has-post-thumbnail","hentry","category-aluminium-extrusion-profiles"],"meta_box":{"hilight_text_group":{"product_hilight_text":"<li>High-strength aluminum alloy ensures durability and structural integrity<\/li>\r\r\r\r\n<li>Corrosion-resistant surface ideal for outdoor sunroom environments<\/li>\r\r\r\r\n<li>Modular design allows easy customization and flexible assembly<\/li>\r\r\r\r\n<li>Lightweight profiles reduce transportation and installation costs<\/li>\r\r\r\r\n<li>Compatible with most glazing and sunroom panel systems<\/li>\r\r\r\r\n<li>Precision extrusion for tight tolerances and smooth finish<\/li>","product_chanpin_chanpin":"<li><a href=\"https:\/\/sinoextrud.com\/product\/aluminum-extrusion-u-channel-profiles\/\" target=\"_blank\">Aluminum Extrusion U Channel Profiles<\/a><\/li>\r\n<li><a href=\"https:\/\/sinoextrud.com\/product\/aluminum-extrusion-car-truck-aluminum-profile\/\" target=\"_blank\">Aluminum Extrusion Car & Truck Aluminum Profile<\/a><\/li>\r\n<li><a href=\"https:\/\/sinoextrud.com\/product\/aluminum-extrusion-aluminum-fence-panel-profile\/\" target=\"_blank\">Aluminum Extrusion Aluminum Fence Panel Profile<\/a><\/li>\r\n<li><a href=\"https:\/\/sinoextrud.com\/product\/aluminum-extrusion-sunflower-aluminum-profile\/\" target=\"_blank\">Aluminum Extrusion Sunflower Aluminum Profile<\/a><\/li>\r\n<li><a href=\"https:\/\/sinoextrud.com\/product\/aluminum-extrusion-aluminum-framing-profiles-for-sunroom\/\" target=\"_blank\">Aluminum Extrusion Aluminum Framing Profiles For Sunroom<\/a><\/li>\r\n<li><a href=\"https:\/\/sinoextrud.com\/product\/aluminum-extrusion-6063-large-diameter-aluminum-tube\/\" target=\"_blank\">Aluminum Extrusion 6063 Large Diameter Aluminum Tube<\/a><\/li>\r\n<li><a href=\"https:\/\/sinoextrud.com\/product\/aluminium-extrusion-3003-6082-7003-7075-aluminum-profile\/\" target=\"_blank\">Aluminium Extrusion 3003 6082 7003 7075 Aluminum Profile<\/a><\/li>\r\n<li><a href=\"https:\/\/sinoextrud.com\/product\/aluminum-extruded-aluminum-roofing-profiles\/\" target=\"_blank\">Aluminum Extruded Aluminum Roofing Profiles<\/a><\/li>\r\n<li><a href=\"https:\/\/sinoextrud.com\/product\/aluminum-extrusion-l-shaped-angle-aluminum-profile-in-china\/\" target=\"_blank\">Aluminum Extrusion L-shaped Angle Aluminum Profile in China<\/a><\/li>\r\n<li><a href=\"https:\/\/sinoextrud.com\/product\/aluminum-window-frame\/\" target=\"_blank\">Aluminum Window Frame<\/a><\/li>\r\n<li><a href=\"https:\/\/sinoextrud.com\/product\/wood-grain-aluminium-extrusion-profile-for-furnitures-decoration\/\" target=\"_blank\">Wood Grain Aluminium Extrusion Profile for Furnitures Decoration<\/a><\/li>"},"feature_list":[]},"_links":{"self":[{"href":"https:\/\/sinoextrud.com\/hu\/wp-json\/wp\/v2\/product\/6214","targetHints":{"allow":["GET"]}}],"collection":[{"href":"https:\/\/sinoextrud.com\/hu\/wp-json\/wp\/v2\/product"}],"about":[{"href":"https:\/\/sinoextrud.com\/hu\/wp-json\/wp\/v2\/types\/product"}],"wp:featuredmedia":[{"embeddable":true,"href":"https:\/\/sinoextrud.com\/hu\/wp-json\/wp\/v2\/media\/8963"}],"wp:attachment":[{"href":"https:\/\/sinoextrud.com\/hu\/wp-json\/wp\/v2\/media?parent=6214"}],"wp:term":[{"taxonomy":"category","embeddable":true,"href":"https:\/\/sinoextrud.com\/hu\/wp-json\/wp\/v2\/categories?post=6214"}],"curies":[{"name":"wp","href":"https:\/\/api.w.org\/{rel}","templated":true}]}}