{"id":6213,"date":"2025-05-26T02:39:23","date_gmt":"2025-05-26T02:39:23","guid":{"rendered":"https:\/\/sinoextrud.com\/product\/aluminum-extrusion-sunflower-aluminum-profile\/"},"modified":"2025-06-24T03:55:02","modified_gmt":"2025-06-24T03:55:02","slug":"aluminium-extrudalas-napraforgo-aluminium-profil","status":"publish","type":"product","link":"https:\/\/sinoextrud.com\/hu\/product\/aluminum-extrusion-sunflower-aluminum-profile\/","title":{"rendered":"Alum\u00ednium Extrud\u00e1l\u00e1s Napraforg\u00f3 Alum\u00ednium Profil"},"content":{"rendered":"<h2>Term\u00e9kek r\u00e9szletei<\/h2>\n<table class=\"custom-table\">\n<tr>\n<td class=\"label\">Term\u00e9k neve<\/td>\n<td>Alum\u00ednium extrud\u00e1l\u00e1s napraforg\u00f3 alum\u00ednium profil, radi\u00e1tor alum\u00ednium profil vagy h\u0171t\u0151borda alum\u00ednium profil<\/td>\n<\/tr>\n<tr>\n<td class=\"label\">Anyag<\/td>\n<td>Kiv\u00e1l\u00f3 min\u0151s\u00e9g\u0171 alum\u00ednium\u00f6tv\u00f6zet (pl. 6063, 6061)<\/td>\n<\/tr>\n<tr>\n<td class=\"label\">Profil alakja<\/td>\n<td>Napraforg\u00f3 ihlette design egyedi kont\u00farokkal<\/td>\n<\/tr>\n<tr>\n<td class=\"label\">Szabv\u00e1nyos hossz\u00fas\u00e1g<\/td>\n<td>Jellemz\u0151en 6m, 12m hossz\u00fas\u00e1gban vagy egyedi hosszban kaphat\u00f3 a vev\u0151 ig\u00e9nyei szerint.<\/td>\n<\/tr>\n<tr>\n<td class=\"label\">Sz\u00e9less\u00e9g<\/td>\n<td>V\u00e1ltozik a kialak\u00edt\u00e1s alapj\u00e1n; a szok\u00e1sos sz\u00e9less\u00e9gek 20 mm \u00e9s 200 mm k\u00f6z\u00f6tt mozognak.<\/td>\n<\/tr>\n<tr>\n<td class=\"label\">Magass\u00e1g<\/td>\n<td>V\u00e1ltozik a kialak\u00edt\u00e1s alapj\u00e1n; a szok\u00e1sos magass\u00e1gok 20 mm \u00e9s 200 mm k\u00f6z\u00f6tt mozognak.<\/td>\n<\/tr>\n<tr>\n<td class=\"label\">Falvastags\u00e1g<\/td>\n<td>A szabv\u00e1nyos falvastags\u00e1g 1,0 mm \u00e9s 5,0 mm k\u00f6z\u00f6tt mozog, az alkalmaz\u00e1si ig\u00e9nyek alapj\u00e1n testre szabhat\u00f3.<\/td>\n<\/tr>\n<tr>\n<td class=\"label\">S\u00faly<\/td>\n<td>K\u00f6r\u00fclbel\u00fcl 1,5 kg \u00e9s 5,0 kg k\u00f6z\u00f6tt m\u00e9terenk\u00e9nt, a profil m\u00e9ret\u00e9t\u0151l \u00e9s a falvastags\u00e1gt\u00f3l f\u00fcgg\u0151en.<\/td>\n<\/tr>\n<tr>\n<td class=\"label\">Fel\u00fcletkezel\u00e9si lehet\u0151s\u00e9gek<\/td>\n<td>- Elox\u00e1l\u00e1s (k\u00fcl\u00f6nb\u00f6z\u0151 sz\u00ednek)<br \/>- Porbevonat (egyedi sz\u00ednek)<br \/>- Csiszolt kivitelben<\/td>\n<\/tr>\n<tr>\n<td class=\"label\">Befejez\u00e9s<\/td>\n<td>Sima, matt vagy f\u00e9nyes fel\u00fcletkezel\u00e9ssel el\u00e9rhet\u0151 fel\u00fcletkezel\u00e9s alapj\u00e1n<\/td>\n<\/tr>\n<tr>\n<td class=\"label\">Mechanikai tulajdons\u00e1gok<\/td>\n<td>- Szak\u00edt\u00f3szil\u00e1rds\u00e1g: \u2265 200 MPa<br \/>- Foly\u00e1shat\u00e1r: \u2265 150 MPa<br \/>- Ny\u00fal\u00e1s: \u2265 8%<\/td>\n<\/tr>\n<tr>\n<td class=\"label\">H\u0151vezet\u0151 k\u00e9pess\u00e9g<\/td>\n<td>K\u00f6r\u00fclbel\u00fcl 200 W\/m-K (\u00f6tv\u00f6zett\u0151l \u00e9s kezel\u00e9st\u0151l f\u00fcgg\u0151en v\u00e1ltozik)<\/td>\n<\/tr>\n<tr>\n<td class=\"label\">Korr\u00f3zi\u00f3\u00e1ll\u00f3s\u00e1g<\/td>\n<td>Kiv\u00e1l\u00f3 ellen\u00e1ll\u00e1s az elox\u00e1l\u00e1snak vagy porbevonatnak k\u00f6sz\u00f6nhet\u0151en<\/td>\n<\/tr>\n<tr>\n<td class=\"label\">Alkalmaz\u00e1si ter\u00fcletek<\/td>\n<td>- \u00c9p\u00edt\u00e9szeti elemek<\/p>\n<p>- Dekorat\u00edv alkalmaz\u00e1sok<br \/>- Ipari felhaszn\u00e1l\u00e1sok<br \/>- B\u00fatortervez\u00e9s<\/td>\n<\/tr>\n<tr>\n<td class=\"label\">Csomagol\u00e1s<\/td>\n<td>Egyenk\u00e9nt csomagolva \u00e9s csomagolva; habszivaccsal vagy kartonnal v\u00e9dve a sz\u00e1ll\u00edt\u00e1s k\u00f6zbeni s\u00e9r\u00fcl\u00e9sek elker\u00fcl\u00e9se \u00e9rdek\u00e9ben.<\/td>\n<\/tr>\n<tr>\n<td class=\"label\">Tan\u00fas\u00edtv\u00e1nyok<\/td>\n<td>ISO 9001, RoHS kompatibilis \u00e9s egy\u00e9b relev\u00e1ns ipari tan\u00fas\u00edtv\u00e1nyok<\/td>\n<\/tr>\n<tr>\n<td class=\"label\">\u00c1tfut\u00e1si id\u0151<\/td>\n<td>\u00c1ltal\u00e1ban 15-30 nap a megrendel\u00e9s m\u00e9ret\u00e9t\u0151l \u00e9s a testreszab\u00e1si k\u00f6vetelm\u00e9nyekt\u0151l f\u00fcgg\u0151en.<\/td>\n<\/tr>\n<tr>\n<td class=\"label\">Minim\u00e1lis rendel\u00e9si mennyis\u00e9g (MOQ)<\/td>\n<td>\u00c1ltal\u00e1ban 500 kg vagy az \u00fcgyf\u00e9llel k\u00f6t\u00f6tt meg\u00e1llapod\u00e1s szerint.<\/td>\n<\/tr>\n<\/table>\n<h2>Gy\u00e1rt\u00f3 b\u00e1zisunk<\/h2>\n<h3>Gy\u00e1ri panor\u00e1ma<\/h3>\n<p><img decoding=\"async\" src=\"\/wp-content\/uploads\/factory-01.webp\"\/><\/p>\n<h3>Alum\u00ednium r\u00fadgy\u00e1rt\u00f3 m\u0171hely<\/h3>\n<p><img decoding=\"async\" src=\"\/wp-content\/uploads\/factory-02.webp\"\/><\/p>\n<\/p>\n<p><img decoding=\"async\" src=\"\/wp-content\/uploads\/factory-03.webp\"\/><\/p>\n<h3>Pen\u00e9sz rakt\u00e1r<\/h3>\n<p><img decoding=\"async\" src=\"\/wp-content\/uploads\/factory-04.webp\"\/><\/p>\n<h3>43 alum\u00ednium extrud\u00e1l\u00f3 vonal (500-5500 tonna)<\/h3>\n<p><img decoding=\"async\" src=\"\/wp-content\/uploads\/factory-05.webp\"\/><\/p>\n<p><img decoding=\"async\" src=\"\/wp-content\/uploads\/factory-06.webp\"\/><\/p>\n<p><img decoding=\"async\" src=\"\/wp-content\/uploads\/factory-07.webp\"\/><\/p>\n<h3>Porfest\u0151 m\u0171hely<\/h3>\n<p><img decoding=\"async\" src=\"\/wp-content\/uploads\/factory-09.webp\"\/><\/p>\n<h3>Anodiz\u00e1l\u00f3 m\u0171hely<\/h3>\n<p><img decoding=\"async\" src=\"\/wp-content\/uploads\/factory-10.webp\"\/><\/p>\n<h3>M\u00e9ly feldolgoz\u00e1si m\u0171hely<\/h3>\n<p><img decoding=\"async\" src=\"\/wp-content\/uploads\/factory-11.webp\"\/><\/p>\n<h3>CNC prec\u00edzi\u00f3s megmunk\u00e1l\u00f3 m\u0171hely<\/h3>\n<p><img decoding=\"async\" src=\"\/wp-content\/uploads\/factory-11.5.webp\"\/><\/p>\n<h3>K\u00e9szterm\u00e9k \u00e9s export rakt\u00e1r<\/h3>\n<p><img decoding=\"async\" src=\"\/wp-content\/uploads\/factory-12.webp\"\/><\/p>\n<p><img decoding=\"async\" src=\"\/wp-content\/uploads\/factory-13.webp\"\/><\/p>\n<p><img decoding=\"async\" src=\"\/wp-content\/uploads\/factory-14.webp\"\/><\/p>\n<h2>GYIK<\/h2>\n<p><b>1.Mi az alum\u00ednium extrud\u00e1l\u00e1s napraforg\u00f3 alum\u00ednium profil?<\/b><\/p>\n<p>Az alum\u00ednium extrud\u00e1lt napraforg\u00f3 alum\u00ednium profil egy speci\u00e1lisan tervezett, napraforg\u00f3 alak\u00fa lamell\u00e1kkal ell\u00e1tott h\u0171t\u0151borda profil, amelyet az elektronikai \u00e9s ipari alkalmaz\u00e1sok hat\u00e9kony h\u0151elvezet\u00e9s\u00e9re optimaliz\u00e1ltak.\n<\/p>\n<p><\/p>\n<p><b>2.Mik az el\u0151nyei a Sunflower alum\u00ednium profilok haszn\u00e1lat\u00e1nak?<\/b><\/p>\n<p>A Sunflower alum\u00ednium profilok kiv\u00e1l\u00f3 h\u0151elvezet\u00e9st, k\u00f6nny\u0171 szerkezetet, korr\u00f3zi\u00f3\u00e1ll\u00f3s\u00e1got \u00e9s nagy szil\u00e1rds\u00e1got k\u00edn\u00e1lnak, \u00edgy ide\u00e1lisak h\u0171t\u0151rendszerekhez \u00e9s LED alkalmaz\u00e1sokhoz.\n<\/p>\n<p><\/p>\n<p><b>3.Hogyan jav\u00edtja a napraforg\u00f3 kialak\u00edt\u00e1s a h\u0151elvezet\u00e9st?<\/b><\/p>\n<p>A napraforg\u00f3 kialak\u00edt\u00e1s n\u00f6veli a fel\u00fcletet, fokozza a l\u00e9g\u00e1raml\u00e1st \u00e9s maximaliz\u00e1lja a h\u0151lead\u00e1s hat\u00e9konys\u00e1g\u00e1t az alum\u00ednium extrud\u00e1lt h\u0171t\u0151bord\u00e1k alkalmaz\u00e1saiban.\n<\/p>\n<p><\/p>\n<p><b>4.Is az alum\u00ednium extrud\u00e1l\u00e1s napraforg\u00f3 profil testreszabhat\u00f3?<\/b><\/p>\n<p>Igen, a Sunflower alum\u00ednium profilok testre szabhat\u00f3k az \u00e1tm\u00e9r\u0151, a lamellaszerkezet, a fel\u00fcletkezel\u00e9s \u00e9s az \u00f6tv\u00f6zet \u00f6sszet\u00e9tele szerint, hogy megfeleljenek az adott termikus \u00e9s tervez\u00e9si k\u00f6vetelm\u00e9nyeknek.\n<\/p>\n<p><\/p>\n<p><b>5.Milyen ipar\u00e1gak haszn\u00e1lj\u00e1k \u00e1ltal\u00e1ban a napraforg\u00f3 alum\u00ednium extrud\u00e1lt profilokat?<\/b><\/p>\n<p>Ezeket a profilokat kiv\u00e1l\u00f3 h\u0151kezel\u00e9s\u00fcknek k\u00f6sz\u00f6nhet\u0151en sz\u00e9les k\u00f6rben haszn\u00e1lj\u00e1k a LED-es vil\u00e1g\u00edt\u00e1sban, a teljes\u00edtm\u00e9nyelektronik\u00e1ban, az aut\u00f3ipari alkatr\u00e9szekben \u00e9s a meg\u00fajul\u00f3 energiarendszerekben.\n<\/p>\n<p><\/p>\n<p><b>6.Milyen fel\u00fcleti fel\u00fcletek \u00e1llnak rendelkez\u00e9sre a Sunflower alum\u00ednium profilokhoz?<\/b><\/p>\n<p>A gyakori fel\u00fcletkezel\u00e9sek k\u00f6z\u00e9 tartozik az elox\u00e1l\u00e1s, a porfest\u00e9s \u00e9s a homokf\u00fav\u00e1s, amelyek jav\u00edtj\u00e1k a korr\u00f3zi\u00f3\u00e1ll\u00f3s\u00e1got \u00e9s az alum\u00ednium extrud\u00e1lt profil megjelen\u00e9s\u00e9t.\n<\/p>\n<p><\/p>\n<p><b>7.Are napraforg\u00f3 alum\u00ednium profilok k\u00f6rnyezetbar\u00e1t?<\/b><\/p>\n<p>Igen, az \u00fajrahasznos\u00edthat\u00f3 alum\u00edniumb\u00f3l k\u00e9sz\u00fclt Sunflower Extrusion Profiles t\u00e1mogatja a fenntarthat\u00f3 gy\u00e1rt\u00e1st \u00e9s a k\u00f6rnyezettudatos term\u00e9ktervez\u00e9st.\n<\/p>\n<p><\/p>\n<p><b>8.How tart\u00f3sak az alum\u00ednium napraforg\u00f3 h\u0171t\u0151borda profilok?<\/b><\/p>\n<p>Rendk\u00edv\u00fcl tart\u00f3sak, er\u0151sen ellen\u00e1llnak a kop\u00e1snak, a korr\u00f3zi\u00f3nak \u00e9s a deform\u00e1ci\u00f3nak, \u00edgy hossz\u00fa t\u00e1v\u00fa teljes\u00edtm\u00e9nyt biztos\u00edtanak ig\u00e9nyes termikus k\u00f6rnyezetben.\n<\/p>\n<p><\/p>","protected":false},"featured_media":6205,"template":"","categories":[58],"class_list":["post-6213","product","type-product","status-publish","has-post-thumbnail","hentry","category-aluminium-extrusion-profiles"],"meta_box":{"hilight_text_group":{"product_hilight_text":"<li>Sunflower fin design maximizes surface area for superior heat dissipation<\/li>\r\r\n<li>Made from high-grade aluminum alloy for enhanced thermal conductivity<\/li>\r\r\n<li>Customizable dimensions and surface finishes to match specific application needs<\/li>\r\r\n<li>Lightweight yet structurally strong, ideal for industrial heat sink solutions<\/li>\r\r\n<li>Corrosion-resistant with anodized or powder-coated options for extended durability<\/li>\r\r\n<li>Efficient and cost-effective solution for LED lighting and electronic cooling systems<\/li>","product_chanpin_chanpin":"<li><a href=\"https:\/\/sinoextrud.com\/product\/aluminium-extrusion-wood-grain-aluminum-profile\/\" target=\"_blank\">Aluminium Extrusion Wood Grain Aluminum Profile<\/a><\/li>\r\n<li><a href=\"https:\/\/sinoextrud.com\/product\/aluminum-extrusion-u-channel-profiles\/\" target=\"_blank\">Aluminum Extrusion U Channel Profiles<\/a><\/li>\r\n<li><a href=\"https:\/\/sinoextrud.com\/product\/aluminum-extrusion-car-truck-aluminum-profile\/\" target=\"_blank\">Aluminum Extrusion Car & Truck Aluminum Profile<\/a><\/li>\r\n<li><a href=\"https:\/\/sinoextrud.com\/product\/aluminum-extrusion-aluminum-fence-panel-profile\/\" target=\"_blank\">Aluminum Extrusion Aluminum Fence Panel Profile<\/a><\/li>\r\n<li><a href=\"https:\/\/sinoextrud.com\/product\/aluminum-extrusion-sunflower-aluminum-profile\/\" target=\"_blank\">Aluminum Extrusion Sunflower Aluminum Profile<\/a><\/li>\r\n<li><a href=\"https:\/\/sinoextrud.com\/product\/aluminum-extrusion-aluminum-framing-profiles-for-sunroom\/\" target=\"_blank\">Aluminum Extrusion Aluminum Framing Profiles For Sunroom<\/a><\/li>\r\n<li><a href=\"https:\/\/sinoextrud.com\/product\/aluminum-extrusion-6063-large-diameter-aluminum-tube\/\" target=\"_blank\">Aluminum Extrusion 6063 Large Diameter Aluminum Tube<\/a><\/li>\r\n<li><a href=\"https:\/\/sinoextrud.com\/product\/aluminium-extrusion-3003-6082-7003-7075-aluminum-profile\/\" target=\"_blank\">Aluminium Extrusion 3003 6082 7003 7075 Aluminum Profile<\/a><\/li>\r\n<li><a href=\"https:\/\/sinoextrud.com\/product\/aluminum-extruded-aluminum-roofing-profiles\/\" target=\"_blank\">Aluminum Extruded Aluminum Roofing Profiles<\/a><\/li>\r\n<li><a href=\"https:\/\/sinoextrud.com\/product\/u-shaped-baffle-ceiling-system\/\" target=\"_blank\">U-Shaped Baffle Ceiling System<\/a><\/li>\r\n<li><a href=\"https:\/\/sinoextrud.com\/product\/extruded-aluminum-wood-grain-tube-profile\/\" target=\"_blank\">Extruded Aluminum Wood Grain Tube Profile<\/a><\/li>"},"feature_list":[]},"_links":{"self":[{"href":"https:\/\/sinoextrud.com\/hu\/wp-json\/wp\/v2\/product\/6213","targetHints":{"allow":["GET"]}}],"collection":[{"href":"https:\/\/sinoextrud.com\/hu\/wp-json\/wp\/v2\/product"}],"about":[{"href":"https:\/\/sinoextrud.com\/hu\/wp-json\/wp\/v2\/types\/product"}],"wp:featuredmedia":[{"embeddable":true,"href":"https:\/\/sinoextrud.com\/hu\/wp-json\/wp\/v2\/media\/6205"}],"wp:attachment":[{"href":"https:\/\/sinoextrud.com\/hu\/wp-json\/wp\/v2\/media?parent=6213"}],"wp:term":[{"taxonomy":"category","embeddable":true,"href":"https:\/\/sinoextrud.com\/hu\/wp-json\/wp\/v2\/categories?post=6213"}],"curies":[{"name":"wp","href":"https:\/\/api.w.org\/{rel}","templated":true}]}}