{"id":6204,"date":"2025-05-26T02:10:24","date_gmt":"2025-05-26T02:10:24","guid":{"rendered":"https:\/\/sinoextrud.com\/product\/aluminum-extrusion-car-truck-aluminum-profile\/"},"modified":"2025-06-24T03:54:58","modified_gmt":"2025-06-24T03:54:58","slug":"aluminium-extrudalas-auto-teherauto-aluminium-profil","status":"publish","type":"product","link":"https:\/\/sinoextrud.com\/hu\/product\/aluminum-extrusion-car-truck-aluminum-profile\/","title":{"rendered":"Alum\u00ednium extrud\u00e1l\u00e1s aut\u00f3 &amp; teheraut\u00f3 alum\u00ednium profil"},"content":{"rendered":"<h2>Term\u00e9kek r\u00e9szletei<\/h2>\n<table class=\"custom-table\">\n<tr>\n<td class=\"label\">Term\u00e9k neve<\/td>\n<td>alum\u00ednium extrud\u00e1l\u00e1s aut\u00f3 \u00e9s teheraut\u00f3 alum\u00ednium profil<\/td>\n<\/tr>\n<tr>\n<td class=\"label\">Alum\u00ednium \u00f6tv\u00f6zet<\/td>\n<td>3003, 6063, 6061, 6060, 6082, 6005, 6005A \u00e9s 7075<\/td>\n<\/tr>\n<tr>\n<td class=\"label\">Temper<\/td>\n<td>T3-T8<\/td>\n<\/tr>\n<tr>\n<td class=\"label\">Shape<\/td>\n<td>testreszab\u00e1s<\/td>\n<\/tr>\n<tr>\n<td class=\"label\">Alkalmaz\u00e1s<\/td>\n<td>akkumul\u00e1tort\u00e1lc\u00e1k, \u00fctk\u00f6z\u00e9skezel\u0151 rendszerek, keretek, gerend\u00e1k, d\u00edszl\u00e9cek, tet\u0151gerend\u00e1k stb.<\/td>\n<\/tr>\n<tr>\n<td class=\"label\">Fel\u00fcletkezel\u00e9s<\/td>\n<td>malomra k\u00e9sz, elox\u00e1lt, fa szemcs\u00e9s, er\u0151 bevonat, homokf\u00fav\u00e1s, elektrofor\u00e9zis, csiszolt, pol\u00edroz\u00e1s, stb.<\/td>\n<\/tr>\n<tr>\n<td class=\"label\">CNC m\u00e9lyfeldolgoz\u00e1s<\/td>\n<td>v\u00e1g\u00e1s, f\u00far\u00e1s, megmunk\u00e1l\u00e1s, lyukaszt\u00e1s, hajl\u00edt\u00e1s, csapol\u00e1s stb.<\/td>\n<\/tr>\n<tr>\n<td class=\"label\">Tan\u00fas\u00edtv\u00e1nyok<\/td>\n<td>CE, ISO, SGS, TUV, ROHS<\/td>\n<\/tr>\n<tr>\n<td class=\"label\">Mint\u00e1k<\/td>\n<td>ingyenes minta. 1-3 nap alatt sz\u00e1ll\u00edtjuk \u00d6nnek.<\/td>\n<\/tr>\n<tr>\n<td class=\"label\">MOQ<\/td>\n<td>200KG minden egyes profilhoz<\/td>\n<\/tr>\n<tr>\n<td class=\"label\">Sz\u00e1ll\u00edt\u00e1si id\u0151<\/td>\n<td>15-25 nap<\/td>\n<\/tr>\n<tr>\n<td class=\"label\">Fizet\u00e9si felt\u00e9telek<\/td>\n<td>30% bet\u00e9t a gy\u00e1rt\u00e1s el\u0151tt, \u00e9s a sz\u00e1ll\u00edt\u00e1s el\u0151tti egyenleg.<\/td>\n<\/tr>\n<\/table>\n<h2>Gy\u00e1rt\u00f3 b\u00e1zisunk<\/h2>\n<h3>Gy\u00e1ri panor\u00e1ma<\/h3>\n<p><img decoding=\"async\" src=\"\/wp-content\/uploads\/factory-01.webp\"\/><\/p>\n<h3>Alum\u00ednium r\u00fadgy\u00e1rt\u00f3 m\u0171hely<\/h3>\n<p><img decoding=\"async\" src=\"\/wp-content\/uploads\/factory-02.webp\"\/><\/p>\n<p><img decoding=\"async\" src=\"\/wp-content\/uploads\/factory-03.webp\"\/><\/p>\n<h3>Pen\u00e9sz rakt\u00e1r<\/h3>\n<p><img decoding=\"async\" src=\"\/wp-content\/uploads\/factory-04.webp\"\/><\/p>\n<h3>43 alum\u00ednium extrud\u00e1l\u00f3 vonal (500-5500 tonna)<\/h3>\n<p><img decoding=\"async\" src=\"\/wp-content\/uploads\/factory-05.webp\"\/><\/p>\n<p><img decoding=\"async\" src=\"\/wp-content\/uploads\/factory-06.webp\"\/><\/p>\n<p><img decoding=\"async\" src=\"\/wp-content\/uploads\/factory-07.webp\"\/><\/p>\n<h3>Porfest\u0151 m\u0171hely<\/h3>\n<p><img decoding=\"async\" src=\"\/wp-content\/uploads\/factory-09.webp\"\/><\/p>\n<h3>Anodiz\u00e1l\u00f3 m\u0171hely<\/h3>\n<p><img decoding=\"async\" src=\"\/wp-content\/uploads\/factory-10.webp\"\/><\/p>\n<h3>M\u00e9ly feldolgoz\u00e1si m\u0171hely<\/h3>\n<p><img decoding=\"async\" src=\"\/wp-content\/uploads\/factory-11.webp\"\/><\/p>\n<h3>CNC prec\u00edzi\u00f3s megmunk\u00e1l\u00f3 m\u0171hely<\/h3>\n<p><img decoding=\"async\" src=\"\/wp-content\/uploads\/factory-11.5.webp\"\/><\/p>\n<h3>K\u00e9szterm\u00e9k \u00e9s export rakt\u00e1r<\/h3>\n<p><img decoding=\"async\" src=\"\/wp-content\/uploads\/factory-12.webp\"\/><\/p>\n<p><img decoding=\"async\" src=\"\/wp-content\/uploads\/factory-13.webp\"\/><\/p>\n<p><img decoding=\"async\" src=\"\/wp-content\/uploads\/factory-14.webp\"\/><\/p>\n<h2>GYIK<\/h2>\n<p><p><b>1.Mi az alum\u00ednium extrud\u00e1lt szem\u00e9lyg\u00e9pkocsi \u00e9s teheraut\u00f3 alum\u00ednium profilok? <\/b><\/p>\n<p> Ezek az egyedi extrud\u00e1lt alum\u00edniumprofilok aut\u00f3ipari \u00e9s teheraut\u00f3-szerkezetekben val\u00f3 felhaszn\u00e1l\u00e1sra k\u00e9sz\u00fcltek, k\u00f6nny\u0171 szil\u00e1rds\u00e1got \u00e9s korr\u00f3zi\u00f3\u00e1ll\u00f3s\u00e1got biztos\u00edtanak.<br \/>\n<\/p><br \/>\n<br \/>\n<p><b>2.Milyen el\u0151ny\u00f6kkel j\u00e1r az alum\u00edniumprofilok haszn\u00e1lata a szem\u00e9lyg\u00e9pkocsikban \u00e9s teheraut\u00f3kban? <\/b><\/p>\n<p> Az alum\u00edniumprofilok cs\u00f6kkentik a j\u00e1rm\u0171 t\u00f6meg\u00e9t, jav\u00edtj\u00e1k az \u00fczemanyag-hat\u00e9konys\u00e1got, fokozz\u00e1k a korr\u00f3zi\u00f3\u00e1ll\u00f3s\u00e1got, \u00e9s kiv\u00e1l\u00f3 alak\u00edthat\u00f3s\u00e1got biztos\u00edtanak az aut\u00f3ipari alkalmaz\u00e1sokhoz.<br \/>\n<\/p><br \/>\n<br \/>\n<p><b>3.Mi\u00e9rt v\u00e1lassza az alum\u00ednium extrud\u00e1l\u00e1st az aut\u00f3ipari profilokhoz? <\/b><\/p>\n<p> Az alum\u00ednium extrud\u00e1l\u00e1s pontos alak\u00edt\u00e1st, nagy szerkezeti szil\u00e1rds\u00e1got \u00e9s rugalmas tervez\u00e9st tesz lehet\u0151v\u00e9, \u00edgy ide\u00e1lis aut\u00f3v\u00e1zak, tet\u0151s\u00ednek, fut\u00f3m\u0171vek \u00e9s egy\u00e9b term\u00e9kek k\u00e9sz\u00edt\u00e9s\u00e9hez.<br \/>\n<\/p><br \/>\n<br \/>\n<p><b>4.Hol haszn\u00e1lj\u00e1k az alum\u00ednium extrud\u00e1lt profilokat a j\u00e1rm\u0171vekben? <\/b><\/p>\n<p> Haszn\u00e1lj\u00e1k \u0151ket szem\u00e9lyg\u00e9pkocsi-karossz\u00e9ri\u00e1kban, teheraut\u00f3-\u00e1gyakban, p\u00f3tkocsik kereteiben, EV akkumul\u00e1torok burkolataiban, l\u00f6kh\u00e1r\u00edt\u00f3kban, tet\u0151csomagtart\u00f3kban \u00e9s szerkezeti meger\u0151s\u00edt\u00e9sekben.<br \/>\n<\/p><br \/>\n<br \/>\n<p><b>5.Alkalmasak-e az alum\u00ednium profilok neh\u00e9z teherg\u00e9pj\u00e1rm\u0171vekhez? <\/b><\/p>\n<p> Igen, az alum\u00ednium extrud\u00e1lt profilok kiv\u00e1l\u00f3 teherb\u00edr\u00e1st \u00e9s tart\u00f3ss\u00e1got biztos\u00edtanak, \u00edgy alkalmasak teheraut\u00f3k, p\u00f3tkocsik \u00e9s haszong\u00e9pj\u00e1rm\u0171vek v\u00e1zaihoz.<br \/>\n<\/p><br \/>\n<br \/>\n<p><b>6.Hogyan jav\u00edtj\u00e1k az alum\u00edniumprofilok a j\u00e1rm\u0171 teljes\u00edtm\u00e9ny\u00e9t? <\/b><\/p>\n<p> A teljes t\u00f6meg cs\u00f6kkent\u00e9se \u00e9s a szerkezeti szil\u00e1rds\u00e1g meg\u0151rz\u00e9se r\u00e9v\u00e9n az alum\u00edniumprofilok jav\u00edtj\u00e1k a gyorsul\u00e1st, az \u00fczemanyag-fogyaszt\u00e1st \u00e9s a kezelhet\u0151s\u00e9get mind a szem\u00e9lyg\u00e9pkocsik, mind a teheraut\u00f3k eset\u00e9ben.<br \/>\n<\/p><br \/>\n<br \/>\n<p><b>7.Can aut\u00f3ipari alum\u00ednium profilok testre szabhat\u00f3? <\/b><\/p>\n<p> A szem\u00e9lyg\u00e9pkocsik \u00e9s teherg\u00e9pkocsik alum\u00edniumprofiljai az OEM-el\u0151\u00edr\u00e1soknak megfelel\u0151 alakra, m\u00e9retre, \u00f6tv\u00f6zet t\u00edpusra \u00e9s fel\u00fcletkezel\u00e9sre szabhat\u00f3k.<br \/>\n<\/p><br \/>\n<br \/>\n<p><b>8.Az alum\u00ednium extrud\u00e1lt profilok korr\u00f3zi\u00f3\u00e1ll\u00f3ak a j\u00e1rm\u0171vek sz\u00e1m\u00e1ra? <\/b><\/p>\n<p> Igen, az aut\u00f3ipari min\u0151s\u00e9g\u0171 alum\u00edniumprofilok rendk\u00edv\u00fcl ellen\u00e1ll\u00f3ak a rozsd\u00e1val szemben, \u00e9s elox\u00e1lhat\u00f3k vagy bevonhat\u00f3k a fokozott tart\u00f3ss\u00e1g \u00e9rdek\u00e9ben minden id\u0151j\u00e1r\u00e1si k\u00f6r\u00fclm\u00e9nyek k\u00f6z\u00f6tt.<br \/>\n<\/p><br \/>\n<br \/>\n<p><b>9.Milyen fel\u00fcletkezel\u00e9s \u00e9rhet\u0151 el a szem\u00e9lyg\u00e9pkocsi \u00e9s teherg\u00e9pkocsi alum\u00ednium profilokhoz? <\/b><\/p>\n<p> A rendelkez\u00e9sre \u00e1ll\u00f3 kivitelek k\u00f6z\u00e9 tartozik az elox\u00e1lt, porsz\u00f3rt, festett vagy maratott kivitel, a tervez\u00e9st\u0151l \u00e9s a k\u00f6rnyezeti ig\u00e9nybev\u00e9tel k\u00f6vetelm\u00e9nyeit\u0151l f\u00fcgg\u0151en.<br \/>\n<\/p><br \/>\n<br \/>\n<p><b>10.Alkalmas-e az alum\u00ednium extrud\u00e1l\u00e1s elektromos j\u00e1rm\u0171vek (EV) tervez\u00e9s\u00e9hez? <\/b><\/p>\n<p> Igen, az alum\u00edniumprofilokat sz\u00e9les k\u00f6rben haszn\u00e1lj\u00e1k az elektromos aut\u00f3kban akkumul\u00e1tort\u00e1lc\u00e1khoz, burkolatokhoz \u00e9s k\u00f6nny\u0171szerkezetes keretekhez, hozz\u00e1j\u00e1rulva az energiahat\u00e9konys\u00e1ghoz \u00e9s a h\u0151kezel\u00e9shez.<br \/>\n<\/p><br \/><\/p>","protected":false},"featured_media":6203,"template":"","categories":[58],"class_list":["post-6204","product","type-product","status-publish","has-post-thumbnail","hentry","category-aluminium-extrusion-profiles"],"meta_box":{"hilight_text_group":{"product_hilight_text":"<li>High strength-to-weight ratio improves vehicle efficiency and load capacity<\/li>\r\r\n<li>Corrosion-resistant for long-term performance in all weather conditions<\/li>\r\r\n<li>Supports custom profiles for various automotive and truck components<\/li>\r\r\n<li>Enhances structural integrity while reducing overall vehicle weight<\/li>\r\r\n<li>Ideal for frames, panels, roof racks, and trim applications<\/li>","product_chanpin_chanpin":"<li><a href=\"https:\/\/sinoextrud.com\/product\/aluminum-extrusion-blackboard-whiteboard-frame-aluminum-profiles\/\" target=\"_blank\">Aluminum Extrusion Blackboard Whiteboard Frame Aluminum Profiles<\/a><\/li>\r\n<li><a href=\"https:\/\/sinoextrud.com\/product\/aluminium-extrusion-anodized-aluminum-profile\/\" target=\"_blank\">Aluminium Extrusion Anodized Aluminum Profile<\/a><\/li>\r\n<li><a href=\"https:\/\/sinoextrud.com\/product\/aluminium-extrusion-wood-grain-aluminum-profile\/\" target=\"_blank\">Aluminium Extrusion Wood Grain Aluminum Profile<\/a><\/li>\r\n<li><a href=\"https:\/\/sinoextrud.com\/product\/aluminum-extrusion-u-channel-profiles\/\" target=\"_blank\">Aluminum Extrusion U Channel Profiles<\/a><\/li>\r\n<li><a href=\"https:\/\/sinoextrud.com\/product\/aluminum-extrusion-car-truck-aluminum-profile\/\" target=\"_blank\">Aluminum Extrusion Car & Truck Aluminum Profile<\/a><\/li>\r\n<li><a href=\"https:\/\/sinoextrud.com\/product\/aluminum-extrusion-aluminum-fence-panel-profile\/\" target=\"_blank\">Aluminum Extrusion Aluminum Fence Panel Profile<\/a><\/li>\r\n<li><a href=\"https:\/\/sinoextrud.com\/product\/aluminum-extrusion-sunflower-aluminum-profile\/\" target=\"_blank\">Aluminum Extrusion Sunflower Aluminum Profile<\/a><\/li>\r\n<li><a href=\"https:\/\/sinoextrud.com\/product\/aluminum-extrusion-aluminum-framing-profiles-for-sunroom\/\" target=\"_blank\">Aluminum Extrusion Aluminum Framing Profiles For Sunroom<\/a><\/li>\r\n<li><a href=\"https:\/\/sinoextrud.com\/product\/aluminum-extrusion-6063-large-diameter-aluminum-tube\/\" target=\"_blank\">Aluminum Extrusion 6063 Large Diameter Aluminum Tube<\/a><\/li>\r\n<li><a href=\"https:\/\/sinoextrud.com\/product\/metal-extrusion-products\/\" target=\"_blank\">Metal Extrusion Products<\/a><\/li>\r\n<li><a href=\"https:\/\/sinoextrud.com\/product\/aluminum-t-section-extrusions\/\" target=\"_blank\">Aluminum T Section Extrusions<\/a><\/li>"},"feature_list":[]},"_links":{"self":[{"href":"https:\/\/sinoextrud.com\/hu\/wp-json\/wp\/v2\/product\/6204","targetHints":{"allow":["GET"]}}],"collection":[{"href":"https:\/\/sinoextrud.com\/hu\/wp-json\/wp\/v2\/product"}],"about":[{"href":"https:\/\/sinoextrud.com\/hu\/wp-json\/wp\/v2\/types\/product"}],"wp:featuredmedia":[{"embeddable":true,"href":"https:\/\/sinoextrud.com\/hu\/wp-json\/wp\/v2\/media\/6203"}],"wp:attachment":[{"href":"https:\/\/sinoextrud.com\/hu\/wp-json\/wp\/v2\/media?parent=6204"}],"wp:term":[{"taxonomy":"category","embeddable":true,"href":"https:\/\/sinoextrud.com\/hu\/wp-json\/wp\/v2\/categories?post=6204"}],"curies":[{"name":"wp","href":"https:\/\/api.w.org\/{rel}","templated":true}]}}