{"id":6202,"date":"2025-05-26T02:06:56","date_gmt":"2025-05-26T02:06:56","guid":{"rendered":"https:\/\/sinoextrud.com\/product\/aluminum-extrusion-u-channel-profiles\/"},"modified":"2025-06-24T03:54:57","modified_gmt":"2025-06-24T03:54:57","slug":"aluminium-extrudalt-u-csatorna-profilok","status":"publish","type":"product","link":"https:\/\/sinoextrud.com\/hu\/product\/aluminum-extrusion-u-channel-profiles\/","title":{"rendered":"Alum\u00ednium extrud\u00e1l\u00e1s U csatorna profilok"},"content":{"rendered":"<h2>Term\u00e9kek r\u00e9szletei<\/h2>\n<table class=\"custom-table\">\n<tr>\n<td class=\"label\">T\u00e9tel<\/td>\n<td>Alum\u00ednium extrud\u00e1l\u00e1s U csatorna profilok<\/td>\n<\/tr>\n<tr>\n<td class=\"label\">Anyag<\/td>\n<td>6063, 6061 alum\u00ednium \u00f6tv\u00f6zet<\/td>\n<\/tr>\n<tr>\n<td class=\"label\">Fel\u00fcletkezel\u00e9s<\/td>\n<td>Elox\u00e1l\u00e1s, permetez\u00e9s, porsz\u00f3r\u00e1s stb.<\/td>\n<\/tr>\n<tr>\n<td class=\"label\">M\u00e9rettartom\u00e1ny<\/td>\n<td>Sz\u00e9less\u00e9g: 10mm - 200mm; Vastags\u00e1g: 1mm - 10mm; A hossz testre szabhat\u00f3<\/td>\n<\/tr>\n<tr>\n<td class=\"label\">Tolerancia<\/td>\n<td>\u00b10,1 mm (az adott term\u00e9kt\u0151l f\u00fcgg)<\/td>\n<\/tr>\n<tr>\n<td class=\"label\">Er\u0151ss\u00e9g<\/td>\n<td>Nagy szil\u00e1rds\u00e1g, kiv\u00e1l\u00f3 mechanikai tulajdons\u00e1gok \u00e9s korr\u00f3zi\u00f3\u00e1ll\u00f3s\u00e1g<\/td>\n<\/tr>\n<tr>\n<td class=\"label\">S\u00faly<\/td>\n<td>K\u00f6nny\u0171, k\u00f6nnyen sz\u00e1ll\u00edthat\u00f3 \u00e9s telep\u00edthet\u0151<\/td>\n<\/tr>\n<tr>\n<td class=\"label\">H\u0151vezet\u0151 k\u00e9pess\u00e9g<\/td>\n<td>Kiv\u00e1l\u00f3 h\u0151vezet\u0151 k\u00e9pess\u00e9g, alkalmas h\u0151elvezet\u0151 alkalmaz\u00e1sokhoz |<\/td>\n<\/tr>\n<tr>\n<td class=\"label\">Alkalmaz\u00e1s<\/td>\n<td>\u00c9p\u00edt\u0151ipar, sz\u00e1ll\u00edt\u00e1s, elektronika, g\u00e9pek, b\u00fatorok, t\u00e1bl\u00e1k stb.<\/td>\n<\/tr>\n<tr>\n<td class=\"label\">Csomagol\u00e1s<\/td>\n<td>Fadoboz csomagol\u00e1s, bubor\u00e9kf\u00f3lia csomagol\u00e1s, egyedi csomagol\u00e1s<\/td>\n<\/tr>\n<tr>\n<td class=\"label\">Min\u0151s\u00e9gellen\u0151rz\u00e9si szabv\u00e1nyok<\/td>\n<td>ISO9001 min\u0151s\u00e9gir\u00e1ny\u00edt\u00e1si rendszer, t\u00f6bbsz\u00f6ri vizsg\u00e1lat ut\u00e1n<\/td>\n<\/tr>\n<tr>\n<td class=\"label\">Testreszabott szolg\u00e1ltat\u00e1s<\/td>\n<td>ODM\/OEM t\u00e1mogat\u00e1s \u00e9s szem\u00e9lyre szabott megold\u00e1sok ny\u00fajt\u00e1sa<\/td>\n<\/tr>\n<tr>\n<td class=\"label\">CNC m\u00e9lymegmunk\u00e1l\u00e1si szolg\u00e1ltat\u00e1sok<\/td>\n<td>V\u00e1g\u00e1s, mar\u00e1s, f\u00far\u00e1s, k\u00f6sz\u00f6r\u00fcl\u00e9s stb.<\/td>\n<\/tr>\n<\/table>\n<h2>Gy\u00e1rt\u00f3 b\u00e1zisunk<\/h2>\n<h3>Gy\u00e1ri panor\u00e1ma<\/h3>\n<p><img decoding=\"async\" src=\"\/wp-content\/uploads\/factory-01.webp\"\/><\/p>\n<h3>Alum\u00ednium r\u00fadgy\u00e1rt\u00f3 m\u0171hely<\/h3>\n<p><img decoding=\"async\" src=\"\/wp-content\/uploads\/factory-02.webp\"\/><\/p>\n<p><img decoding=\"async\" src=\"\/wp-content\/uploads\/factory-03.webp\"\/><\/p>\n<h3>Pen\u00e9sz rakt\u00e1r<\/h3>\n<p><img decoding=\"async\" src=\"\/wp-content\/uploads\/factory-04.webp\"\/><\/p>\n<h3>43 alum\u00ednium extrud\u00e1l\u00f3 vonal (500-5500 tonna)<\/h3>\n<p><img decoding=\"async\" src=\"\/wp-content\/uploads\/factory-05.webp\"\/><\/p>\n<p><img decoding=\"async\" src=\"\/wp-content\/uploads\/factory-06.webp\"\/><\/p>\n<p><img decoding=\"async\" src=\"\/wp-content\/uploads\/factory-07.webp\"\/><\/p>\n<h3>Porfest\u0151 m\u0171hely<\/h3>\n<p><img decoding=\"async\" src=\"\/wp-content\/uploads\/factory-09.webp\"\/><\/p>\n<h3>Anodiz\u00e1l\u00f3 m\u0171hely<\/h3>\n<p><img decoding=\"async\" src=\"\/wp-content\/uploads\/factory-10.webp\"\/><\/p>\n<h3>M\u00e9ly feldolgoz\u00e1si m\u0171hely<\/h3>\n<p><img decoding=\"async\" src=\"\/wp-content\/uploads\/factory-11.webp\"\/><\/p>\n<h3>CNC prec\u00edzi\u00f3s megmunk\u00e1l\u00f3 m\u0171hely<\/h3>\n<p><img decoding=\"async\" src=\"\/wp-content\/uploads\/factory-11.5.webp\"\/><\/p>\n<h3>K\u00e9szterm\u00e9k \u00e9s export rakt\u00e1r<\/h3>\n<p><img decoding=\"async\" src=\"\/wp-content\/uploads\/factory-12.webp\"\/><\/p>\n<p><img decoding=\"async\" src=\"\/wp-content\/uploads\/factory-13.webp\"\/><\/p>\n<p><img decoding=\"async\" src=\"\/wp-content\/uploads\/factory-14.webp\"\/><\/p>\n<h2>GYIK<\/h2>\n<p><p><b>1.Mik az alum\u00ednium extrud\u00e1lt U-csatorna profilok? <\/b><\/p>\n<p> Az alum\u00ednium sajtolt U-csatorn\u00e1s profilok sajtol\u00e1ssal el\u0151\u00e1ll\u00edtott U-alak\u00fa alum\u00edniumprofilok, amelyeket \u00e1ltal\u00e1ban \u00e9lv\u00e9delemre, keretez\u00e9shez \u00e9s szerkezeti al\u00e1t\u00e1maszt\u00e1shoz haszn\u00e1lnak.<br \/>\n<\/p><br \/>\n<br \/>\n<p><b>2.Milyen el\u0151ny\u00f6kkel j\u00e1r az alum\u00ednium U-csatorna profilok haszn\u00e1lata? <\/b><\/p>\n<p> Az alum\u00ednium U-csatorn\u00e1s profilok k\u00f6nny\u0171 szil\u00e1rds\u00e1got, korr\u00f3zi\u00f3\u00e1ll\u00f3s\u00e1got, k\u00f6nny\u0171 szerelhet\u0151s\u00e9get \u00e9s tiszta, modern megjelen\u00e9st k\u00edn\u00e1lnak k\u00fcl\u00f6nb\u00f6z\u0151 alkalmaz\u00e1sokhoz.<br \/>\n<\/p><br \/>\n<br \/>\n<p><b>3.Mi\u00e9rt v\u00e1lassza az alum\u00ednium extrud\u00e1l\u00e1st az U-csatorna profilokhoz? <\/b><\/p>\n<p> Az alum\u00ednium extrud\u00e1l\u00e1s lehet\u0151v\u00e9 teszi az \u00e9p\u00edt\u00e9szeti, ipari \u00e9s bark\u00e1csipari felhaszn\u00e1l\u00e1sra alkalmas U-csatorn\u00e1k pontos alak\u00edt\u00e1s\u00e1t, egyenletes min\u0151s\u00e9g\u00e9t \u00e9s hat\u00e9kony gy\u00e1rt\u00e1s\u00e1t.<br \/>\n<\/p><br \/>\n<br \/>\n<p><b>4.Hol haszn\u00e1lj\u00e1k \u00e1ltal\u00e1ban az alum\u00ednium U-csatorna profilokat? <\/b><\/p>\n<p> Az alum\u00ednium U-csatorn\u00e1kat \u00fcvegez\u00e9si rendszerekben, b\u00fatorasztalokn\u00e1l, panelkeretekn\u00e9l, LED szalagh\u00e1zakn\u00e1l, burkolatokn\u00e1l \u00e9s \u00e9p\u00edt\u00e9szeti d\u00edsz\u00edt\u00e9sekn\u00e9l haszn\u00e1lj\u00e1k.<br \/>\n<\/p><br \/>\n<br \/>\n<p><b>5.Az alum\u00ednium extrud\u00e1lt U-csatorn\u00e1k korr\u00f3zi\u00f3\u00e1ll\u00f3ak? <\/b><\/p>\n<p> Igen, az alum\u00ednium U-csatorn\u00e1s profilok term\u00e9szetesen ellen\u00e1llnak a korr\u00f3zi\u00f3nak, \u00e9s elox\u00e1lt vagy porsz\u00f3rt bevonattal bevonhat\u00f3k a fokozott tart\u00f3ss\u00e1g \u00e9rdek\u00e9ben a zord k\u00f6rnyezetben.<br \/>\n<\/p><br \/>\n<br \/>\n<p><b>6.Can alum\u00ednium U-csatorna profilok testre szabhat\u00f3? <\/b><\/p>\n<p> Term\u00e9szetesen testre szabhat\u00f3k a m\u00e9retek, a falvastags\u00e1g, az \u00f6tv\u00f6zet t\u00edpusa \u00e9s a fel\u00fcletkezel\u00e9s tekintet\u00e9ben, hogy megfeleljenek az egyedi tervez\u00e9si \u00e9s teljes\u00edtm\u00e9nyig\u00e9nyeknek.<br \/>\n<\/p><br \/>\n<br \/>\n<p><b>7.Milyen fel\u00fcleti fel\u00fcletek \u00e1llnak rendelkez\u00e9sre az alum\u00ednium U-csatorn\u00e1khoz? <\/b><\/p>\n<p> A gyakori kivitelek k\u00f6z\u00e9 tartozik a malomipari kivitel, az elox\u00e1lt, porsz\u00f3rt, csiszolt \u00e9s pol\u00edrozott fel\u00fcletek funkcion\u00e1lis \u00e9s eszt\u00e9tikai c\u00e9lokra egyar\u00e1nt.<br \/>\n<\/p><br \/>\n<br \/>\n<p><b>8.Az alum\u00ednium U-csatorna profilok biztos\u00edtj\u00e1k a szerkezeti tart\u00e1st? <\/b><\/p>\n<p> Igen, az alum\u00ednium U-csatorn\u00e1k m\u00e9rs\u00e9kelt szerkezeti al\u00e1t\u00e1maszt\u00e1st ny\u00fajtanak, \u00e9s alkalmasak k\u00f6nny\u0171 keretez\u00e9si \u00e9s \u00e9lv\u00e9delmi alkalmaz\u00e1sokhoz.<br \/>\n<\/p><br \/>\n<br \/>\n<p><b>9.Az alum\u00ednium U-csatorn\u00e1kat k\u00f6nny\u0171 telep\u00edteni \u00e9s dolgozni vel\u00fck? <\/b><\/p>\n<p> Igen, az alum\u00ednium U-csatorna profilok k\u00f6nnyen v\u00e1ghat\u00f3k, f\u00farhat\u00f3k \u00e9s felszerelhet\u0151k, \u00edgy ide\u00e1lisak mind a szakemberek, mind a bark\u00e1csol\u00f3k sz\u00e1m\u00e1ra.<br \/>\n<\/p><br \/>\n<br \/>\n<p><b>10.How alum\u00ednium extrud\u00e1lt U-csatorn\u00e1k hasonl\u00edtanak az ac\u00e9lcsatorn\u00e1khoz? <\/b><\/p>\n<p> Az alum\u00ednium U-csatorn\u00e1k k\u00f6nnyebbek, korr\u00f3zi\u00f3\u00e1ll\u00f3ak, k\u00f6nnyebben kezelhet\u0151k \u00e9s kevesebb karbantart\u00e1st ig\u00e9nyelnek, mint az ac\u00e9lcsatorn\u00e1k sz\u00e1mos alkalmaz\u00e1sban.<br \/>\n<\/p><br \/><\/p>","protected":false},"featured_media":6201,"template":"","categories":[58],"class_list":["post-6202","product","type-product","status-publish","has-post-thumbnail","hentry","category-aluminium-extrusion-profiles"],"meta_box":{"hilight_text_group":{"product_hilight_text":"<li>Simple U-shaped design for versatile structural and decorative use<\/li>\r\r\n<li>Lightweight and durable, suitable for framing and edge protection<\/li>\r\r\n<li>Corrosion-resistant finish for long-lasting indoor and outdoor performance<\/li>\r\r\n<li>Easy to cut, drill, and install with standard tools<\/li>\r\r\n<li>Available in various sizes, finishes, and custom lengths<\/li>","product_chanpin_chanpin":"<li><a href=\"https:\/\/sinoextrud.com\/product\/aluminum-extrusion-aluminum-roof-rack-profiles\/\" target=\"_blank\">Aluminum Extrusion Aluminum Roof Rack Profiles<\/a><\/li>\r\n<li><a href=\"https:\/\/sinoextrud.com\/product\/aluminum-extrusion-blackboard-whiteboard-frame-aluminum-profiles\/\" target=\"_blank\">Aluminum Extrusion Blackboard Whiteboard Frame Aluminum Profiles<\/a><\/li>\r\n<li><a href=\"https:\/\/sinoextrud.com\/product\/aluminium-extrusion-anodized-aluminum-profile\/\" target=\"_blank\">Aluminium Extrusion Anodized Aluminum Profile<\/a><\/li>\r\n<li><a href=\"https:\/\/sinoextrud.com\/product\/aluminium-extrusion-wood-grain-aluminum-profile\/\" target=\"_blank\">Aluminium Extrusion Wood Grain Aluminum Profile<\/a><\/li>\r\n<li><a href=\"https:\/\/sinoextrud.com\/product\/aluminum-extrusion-u-channel-profiles\/\" target=\"_blank\">Aluminum Extrusion U Channel Profiles<\/a><\/li>\r\n<li><a href=\"https:\/\/sinoextrud.com\/product\/aluminum-extrusion-car-truck-aluminum-profile\/\" target=\"_blank\">Aluminum Extrusion Car & Truck Aluminum Profile<\/a><\/li>\r\n<li><a href=\"https:\/\/sinoextrud.com\/product\/aluminum-extrusion-aluminum-fence-panel-profile\/\" target=\"_blank\">Aluminum Extrusion Aluminum Fence Panel Profile<\/a><\/li>\r\n<li><a href=\"https:\/\/sinoextrud.com\/product\/aluminum-extrusion-sunflower-aluminum-profile\/\" target=\"_blank\">Aluminum Extrusion Sunflower Aluminum Profile<\/a><\/li>\r\n<li><a href=\"https:\/\/sinoextrud.com\/product\/aluminum-extrusion-aluminum-framing-profiles-for-sunroom\/\" target=\"_blank\">Aluminum Extrusion Aluminum Framing Profiles For Sunroom<\/a><\/li>\r\n<li><a href=\"https:\/\/sinoextrud.com\/product\/extruded-aluminum-alloy-profile-for-glass-floor-channel\/\" target=\"_blank\">Extruded Aluminum Alloy Profile For Glass Floor Channel<\/a><\/li>\r\n<li><a href=\"https:\/\/sinoextrud.com\/product\/triangle-ceiling-system\/\" target=\"_blank\">Triangle Ceiling System (Triangle Ceiling)<\/a><\/li>"},"feature_list":[]},"_links":{"self":[{"href":"https:\/\/sinoextrud.com\/hu\/wp-json\/wp\/v2\/product\/6202","targetHints":{"allow":["GET"]}}],"collection":[{"href":"https:\/\/sinoextrud.com\/hu\/wp-json\/wp\/v2\/product"}],"about":[{"href":"https:\/\/sinoextrud.com\/hu\/wp-json\/wp\/v2\/types\/product"}],"wp:featuredmedia":[{"embeddable":true,"href":"https:\/\/sinoextrud.com\/hu\/wp-json\/wp\/v2\/media\/6201"}],"wp:attachment":[{"href":"https:\/\/sinoextrud.com\/hu\/wp-json\/wp\/v2\/media?parent=6202"}],"wp:term":[{"taxonomy":"category","embeddable":true,"href":"https:\/\/sinoextrud.com\/hu\/wp-json\/wp\/v2\/categories?post=6202"}],"curies":[{"name":"wp","href":"https:\/\/api.w.org\/{rel}","templated":true}]}}