{"id":6194,"date":"2025-05-26T01:42:23","date_gmt":"2025-05-26T01:42:23","guid":{"rendered":"https:\/\/sinoextrud.com\/product\/aluminum-extrusion-aluminum-roof-rack-profiles\/"},"modified":"2025-06-24T03:54:50","modified_gmt":"2025-06-24T03:54:50","slug":"aluminium-extrudalt-aluminium-tetocsomagtarto-profilok","status":"publish","type":"product","link":"https:\/\/sinoextrud.com\/hu\/product\/aluminum-extrusion-aluminum-roof-rack-profiles\/","title":{"rendered":"Alum\u00ednium extrud\u00e1l\u00e1s alum\u00ednium tet\u0151csomagtart\u00f3 profilok"},"content":{"rendered":"<h2>Term\u00e9kek r\u00e9szletei<\/h2>\n<table class=\"custom-table\">\n<tr>\n<td class=\"label\">T\u00e9tel<\/td>\n<td>Alum\u00ednium extrud\u00e1l\u00e1s alum\u00ednium tet\u0151csomagtart\u00f3 profilok<\/td>\n<\/tr>\n<tr>\n<td class=\"label\">Anyag<\/td>\n<td>Kiv\u00e1l\u00f3 min\u0151s\u00e9g\u0171 alum\u00ednium\u00f6tv\u00f6zetek, 6063\/6061\/6463\/6000 sorozat<\/td>\n<\/tr>\n<tr>\n<td class=\"label\">Temper<\/td>\n<td>T4\/T5\/T6<\/td>\n<\/tr>\n<tr>\n<td class=\"label\">Alkalmaz\u00e1sok<\/td>\n<td>Alkalmas szem\u00e9lyg\u00e9pkocsikhoz, teheraut\u00f3khoz, furgonokhoz, terepj\u00e1r\u00f3khoz, szabadid\u0151s \u00e9s kereskedelmi haszn\u00e1latra.<\/td>\n<\/tr>\n<tr>\n<td class=\"label\">Tervez\u00e9si lehet\u0151s\u00e9gek<\/td>\n<td>\u00c1lland\u00f3 vagy elt\u00e1vol\u00edthat\u00f3 \u00e1llv\u00e1nyok kaphat\u00f3k<\/td>\n<\/tr>\n<tr>\n<td class=\"label\">Feldolgoz\u00e1si szolg\u00e1ltat\u00e1sok<\/td>\n<td>V\u00e1g\u00e1s, b\u00e9lyegz\u00e9s, f\u00far\u00e1s, menetf\u00far\u00e1s, CNC megmunk\u00e1l\u00e1s, hegeszt\u00e9s, \u00f6sszeszerel\u00e9s<\/td>\n<\/tr>\n<tr>\n<td class=\"label\">Fel\u00fcleti kezel\u00e9sek<\/td>\n<td>Elox\u00e1lt, porfest\u00e9s, elektrofor\u00e9zis, fa szemcs\u00e9s, csiszolt, pol\u00edroz\u00e1s<\/td>\n<\/tr>\n<tr>\n<td class=\"label\">Min\u0151s\u00e9gbiztos\u00edt\u00e1s<\/td>\n<td>Szigor\u00fa min\u0151s\u00e9gellen\u0151rz\u00e9si int\u00e9zked\u00e9sek, amelyek meghaladj\u00e1k az ipar\u00e1gi szabv\u00e1nyokat<\/td>\n<\/tr>\n<tr>\n<td class=\"label\">Testreszab\u00e1s<\/td>\n<td>Egyedi m\u00e9retek \u00e9s form\u00e1k az egyedi ig\u00e9nyeknek megfelel\u0151en<\/td>\n<\/tr>\n<tr>\n<td class=\"label\">\u00c1tfut\u00e1si id\u0151<\/td>\n<td>Gyors gy\u00e1rt\u00e1si \u00e9s sz\u00e1ll\u00edt\u00e1si id\u0151<\/td>\n<\/tr>\n<tr>\n<td class=\"label\">\u00dcgyf\u00e9lszolg\u00e1lat<\/td>\n<td>Gyors \u00e9s bar\u00e1ts\u00e1gos kiszolg\u00e1l\u00e1s tapasztalt \u00e9rt\u00e9kes\u00edt\u00e9si m\u00e9rn\u00f6k\u00f6kt\u0151l<\/td>\n<\/tr>\n<tr>\n<td class=\"label\">V\u00e1laszid\u0151<\/td>\n<td>12 \u00f3r\u00e1n bel\u00fcl a megkeres\u00e9sek \u00e9s \u00e1raj\u00e1nlatok eset\u00e9ben<\/td>\n<\/tr>\n<tr>\n<td class=\"label\">El\u00e9gedetts\u00e9gi garancia<\/td>\n<td>Elk\u00f6telezetts\u00e9g az \u00fcgyfelek el\u00e9gedetts\u00e9ge \u00e9s az \u00fcgyfelekkel val\u00f3 k\u00f6lcs\u00f6n\u00f6s n\u00f6veked\u00e9s ir\u00e1nt<\/td>\n<\/tr>\n<\/table>\n<h2>Gy\u00e1rt\u00f3 b\u00e1zisunk<\/h2>\n<h3>Gy\u00e1ri panor\u00e1ma<\/h3>\n<p><img decoding=\"async\" src=\"\/wp-content\/uploads\/factory-01.webp\"\/><\/p>\n<h3>Alum\u00ednium r\u00fadgy\u00e1rt\u00f3 m\u0171hely<\/h3>\n<p><img decoding=\"async\" src=\"\/wp-content\/uploads\/factory-02.webp\"\/><\/p>\n<p><img decoding=\"async\" src=\"\/wp-content\/uploads\/factory-03.webp\"\/><\/p>\n<h3>Pen\u00e9sz rakt\u00e1r<\/h3>\n<p><img decoding=\"async\" src=\"\/wp-content\/uploads\/factory-04.webp\"\/><\/p>\n<h3>43 alum\u00ednium extrud\u00e1l\u00f3 vonal (500-5500 tonna)<\/h3>\n<p><img decoding=\"async\" src=\"\/wp-content\/uploads\/factory-05.webp\"\/><\/p>\n<p><img decoding=\"async\" src=\"\/wp-content\/uploads\/factory-06.webp\"\/><\/p>\n<p><img decoding=\"async\" src=\"\/wp-content\/uploads\/factory-07.webp\"\/><\/p>\n<h3>Porfest\u0151 m\u0171hely<\/h3>\n<p><img decoding=\"async\" src=\"\/wp-content\/uploads\/factory-09.webp\"\/><\/p>\n<h3>Anodiz\u00e1l\u00f3 m\u0171hely<\/h3>\n<p><img decoding=\"async\" src=\"\/wp-content\/uploads\/factory-10.webp\"\/><\/p>\n<h3>M\u00e9ly feldolgoz\u00e1si m\u0171hely<\/h3>\n<p><img decoding=\"async\" src=\"\/wp-content\/uploads\/factory-11.webp\"\/><\/p>\n<h3>CNC prec\u00edzi\u00f3s megmunk\u00e1l\u00f3 m\u0171hely<\/h3>\n<p><img decoding=\"async\" src=\"\/wp-content\/uploads\/factory-11.5.webp\"\/><\/p>\n<h3>K\u00e9szterm\u00e9k \u00e9s export rakt\u00e1r<\/h3>\n<p><img decoding=\"async\" src=\"\/wp-content\/uploads\/factory-12.webp\"\/><\/p>\n<p><img decoding=\"async\" src=\"\/wp-content\/uploads\/factory-13.webp\"\/><\/p>\n<p><img decoding=\"async\" src=\"\/wp-content\/uploads\/factory-14.webp\"\/><\/p>\n<h2>GYIK<\/h2>\n<p><p><b>1.Mi az alum\u00ednium extrud\u00e1lt alum\u00ednium tet\u0151csomagtart\u00f3 profilok? <\/b><\/p>\n<p> Ezek speci\u00e1lisan extrud\u00e1lt alum\u00edniumprofilok, amelyeket tet\u0151csomagtart\u00f3k \u00e9p\u00edt\u00e9s\u00e9hez terveztek, \u00e9s amelyek k\u00f6nny\u0171 szil\u00e1rds\u00e1got \u00e9s korr\u00f3zi\u00f3\u00e1ll\u00f3s\u00e1got biztos\u00edtanak a j\u00e1rm\u0171re szerelt rakom\u00e1nyrendszerek sz\u00e1m\u00e1ra.<br \/>\n<\/p><br \/>\n<br \/>\n<p><b>2.Mik az el\u0151nyei az alum\u00ednium extrud\u00e1lt tet\u0151csomagtart\u00f3 profilok haszn\u00e1lat\u00e1nak? <\/b><\/p>\n<p> Az alum\u00ednium tet\u0151csomagtart\u00f3 profilok nagy szil\u00e1rds\u00e1g\/t\u00f6meg ar\u00e1nyt, id\u0151j\u00e1r\u00e1s\u00e1ll\u00f3s\u00e1got, k\u00f6nny\u0171 szerelhet\u0151s\u00e9get \u00e9s eleg\u00e1ns megjelen\u00e9st biztos\u00edtanak mind a kereskedelmi, mind a szem\u00e9lyg\u00e9pj\u00e1rm\u0171vek sz\u00e1m\u00e1ra.<br \/>\n<\/p><br \/>\n<br \/>\n<p><b>3.Mi\u00e9rt v\u00e1lassza az alum\u00ednium extrud\u00e1l\u00e1st a tet\u0151csomagtart\u00f3 rendszerekhez? <\/b><\/p>\n<p> Az alum\u00ednium k\u00f6nny\u0171, rozsdamentes \u00e9s tart\u00f3s, \u00edgy ide\u00e1lis az extrud\u00e1lt tet\u0151csomagtart\u00f3 profilokhoz, amelyeknek neh\u00e9z terheket kell elviselni\u00fck an\u00e9lk\u00fcl, hogy a j\u00e1rm\u0171 s\u00faly\u00e1t t\u00fals\u00e1gosan megn\u00f6veln\u00e9k.<br \/>\n<\/p><br \/>\n<br \/>\n<p><b>4.Hol haszn\u00e1lj\u00e1k \u00e1ltal\u00e1ban az alum\u00ednium tet\u0151csomagtart\u00f3 profilokat? <\/b><\/p>\n<p> Ezeket a profilokat szem\u00e9lyg\u00e9pkocsik, terepj\u00e1r\u00f3k, furgonok \u00e9s teheraut\u00f3k tet\u0151csomagtart\u00f3-rendszereihez haszn\u00e1lj\u00e1k, amelyekben rakom\u00e1nydobozokat, ker\u00e9kp\u00e1rokat, kajakokat, napelemeket \u00e9s kereskedelmi felszerel\u00e9seket sz\u00e1ll\u00edtanak.<br \/>\n<\/p><br \/>\n<br \/>\n<p><b>5.Az alum\u00ednium extrud\u00e1lt tet\u0151csomagtart\u00f3 profilok id\u0151j\u00e1r\u00e1s\u00e1ll\u00f3ak? <\/b><\/p>\n<p> Igen, az alum\u00ednium tet\u0151csomagtart\u00f3 profilok rendk\u00edv\u00fcl ellen\u00e1ll\u00f3ak az es\u0151vel, az UV-sugarakkal \u00e9s a korr\u00f3zi\u00f3val szemben, \u00edgy t\u00f6k\u00e9letesek a k\u00fclt\u00e9ri \u00e9s terepj\u00e1r\u00f3 k\u00f6rnyezetekben.<br \/>\n<\/p><br \/>\n<br \/>\n<p><b>6.Can alum\u00ednium tet\u0151csomagtart\u00f3 profilok testreszabhat\u00f3ak? <\/b><\/p>\n<p> Term\u00e9szetesen testre szabhat\u00f3 a hossz, a keresztmetszet alakja, a fel\u00fcletkezel\u00e9s \u00e9s a ny\u00edl\u00e1sok kialak\u00edt\u00e1sa, hogy illeszkedjenek a k\u00fcl\u00f6nb\u00f6z\u0151 \u00e1llv\u00e1nyrendszerekhez \u00e9s szerel\u00e9si konfigur\u00e1ci\u00f3khoz.<br \/>\n<\/p><br \/>\n<br \/>\n<p><b>7.Az alum\u00ednium tet\u0151csomagtart\u00f3 profilok elb\u00edrj\u00e1k a neh\u00e9z terheket? <\/b><\/p>\n<p> Igen, az extrud\u00e1lt alum\u00ednium profilokat \u00fagy tervezt\u00e9k, hogy jelent\u0151s s\u00falyt b\u00edrjanak el, mik\u00f6zben a mozg\u00f3 j\u00e1rm\u0171veken meg\u0151rzik a szerkezeti integrit\u00e1st.<br \/>\n<\/p><br \/>\n<br \/>\n<p><b>8.Milyen kivitelben kaphat\u00f3k az alum\u00ednium tet\u0151csomagtart\u00f3 profilok? <\/b><\/p>\n<p> Az alum\u00ednium tet\u0151csomagtart\u00f3 profilok elox\u00e1lt, porsz\u00f3rt \u00e9s maratott kivitelben kaphat\u00f3k, amelyek egyszerre ny\u00fajtanak v\u00e9delmet \u00e9s l\u00e1tv\u00e1nyt.<br \/>\n<\/p><br \/>\n<br \/>\n<p><b>9.Az alum\u00ednium tet\u0151csomagtart\u00f3 profilokat k\u00f6nny\u0171 felszerelni? <\/b><\/p>\n<p> Igen, a legt\u00f6bb alum\u00edniumprofil el\u0151re kif\u00fart lyukakkal, T-ny\u00edl\u00e1sokkal vagy kompatibilis r\u00f6gz\u00edt\u00e9si rendszerekkel rendelkezik a gyors \u00e9s szersz\u00e1mbar\u00e1t felszerel\u00e9s \u00e9rdek\u00e9ben.<br \/>\n<\/p><br \/>\n<br \/>\n<p><b>10.Hogyan jav\u00edtj\u00e1k az alum\u00ednium extrud\u00e1lt profilok a tet\u0151csomagtart\u00f3 kialak\u00edt\u00e1s\u00e1t? <\/b><\/p>\n<p> Modul\u00e1ris fel\u00e9p\u00edt\u00e9st, tiszta eszt\u00e9tik\u00e1t, tart\u00f3ss\u00e1got \u00e9s a tartoz\u00e9kok sz\u00e9les sk\u00e1l\u00e1j\u00e1val val\u00f3 kompatibilit\u00e1st k\u00edn\u00e1lnak, ezzel fokozva a tet\u0151csomagtart\u00f3 rendszerek funkci\u00f3j\u00e1t \u00e9s st\u00edlus\u00e1t.<br \/>\n<\/p><br \/><\/p>","protected":false},"featured_media":6193,"template":"","categories":[58],"class_list":["post-6194","product","type-product","status-publish","has-post-thumbnail","hentry","category-aluminium-extrusion-profiles"],"meta_box":{"hilight_text_group":{"product_hilight_text":"<li>High-strength aluminum ensures secure load-bearing capacity<\/li>\r\r\n<li>Lightweight design minimizes vehicle weight impact<\/li>\r\r\n<li>Corrosion-resistant for all-weather outdoor performance<\/li>\r\r\n<li>Aerodynamic profile reduces wind noise and drag<\/li>\r\r\n<li>Customizable lengths and mounting options for various vehicle models<\/li>","product_chanpin_chanpin":"<li><a href=\"https:\/\/sinoextrud.com\/product\/aluminum-profile-roller-blinds-rails\/\" target=\"_blank\">Aluminum Profile Roller Blinds Rails<\/a><\/li>\r\n<li><a href=\"https:\/\/sinoextrud.com\/product\/aluminum-extrusion-aluminum-cladding-profile-wood-look-grain-aluminum-panels\/\" target=\"_blank\">Aluminum Extrusion Aluminum Cladding Profile Wood Look Grain Aluminum Panels<\/a><\/li>\r\n<li><a href=\"https:\/\/sinoextrud.com\/product\/aluminum-extrusion-6005-big-size-industrial-aluminum-profile\/\" target=\"_blank\">Aluminum Extrusion 6005 Big Size Industrial Aluminum Profile<\/a><\/li>\r\n<li><a href=\"https:\/\/sinoextrud.com\/product\/aluminum-extrusion-telescopic-tube-octagon-tube\/\" target=\"_blank\">Aluminum Extrusion Telescopic Tube Octagon Tube<\/a><\/li>\r\n<li><a href=\"https:\/\/sinoextrud.com\/product\/aluminum-extrusion-aluminum-roof-rack-profiles\/\" target=\"_blank\">Aluminum Extrusion Aluminum Roof Rack Profiles<\/a><\/li>\r\n<li><a href=\"https:\/\/sinoextrud.com\/product\/aluminum-extrusion-blackboard-whiteboard-frame-aluminum-profiles\/\" target=\"_blank\">Aluminum Extrusion Blackboard Whiteboard Frame Aluminum Profiles<\/a><\/li>\r\n<li><a href=\"https:\/\/sinoextrud.com\/product\/aluminium-extrusion-anodized-aluminum-profile\/\" target=\"_blank\">Aluminium Extrusion Anodized Aluminum Profile<\/a><\/li>\r\n<li><a href=\"https:\/\/sinoextrud.com\/product\/aluminium-extrusion-wood-grain-aluminum-profile\/\" target=\"_blank\">Aluminium Extrusion Wood Grain Aluminum Profile<\/a><\/li>\r\n<li><a href=\"https:\/\/sinoextrud.com\/product\/aluminum-extrusion-u-channel-profiles\/\" target=\"_blank\">Aluminum Extrusion U Channel Profiles<\/a><\/li>\r\n<li><a href=\"https:\/\/sinoextrud.com\/product\/aluminium-pipes-tubes\/\" target=\"_blank\">Aluminium Pipes Tubes<\/a><\/li>\r\n<li><a href=\"https:\/\/sinoextrud.com\/product\/profile-square-aluminum-heat-sink\/\" target=\"_blank\">Profile Square Aluminum Heat Sink<\/a><\/li>"},"feature_list":[]},"_links":{"self":[{"href":"https:\/\/sinoextrud.com\/hu\/wp-json\/wp\/v2\/product\/6194","targetHints":{"allow":["GET"]}}],"collection":[{"href":"https:\/\/sinoextrud.com\/hu\/wp-json\/wp\/v2\/product"}],"about":[{"href":"https:\/\/sinoextrud.com\/hu\/wp-json\/wp\/v2\/types\/product"}],"wp:featuredmedia":[{"embeddable":true,"href":"https:\/\/sinoextrud.com\/hu\/wp-json\/wp\/v2\/media\/6193"}],"wp:attachment":[{"href":"https:\/\/sinoextrud.com\/hu\/wp-json\/wp\/v2\/media?parent=6194"}],"wp:term":[{"taxonomy":"category","embeddable":true,"href":"https:\/\/sinoextrud.com\/hu\/wp-json\/wp\/v2\/categories?post=6194"}],"curies":[{"name":"wp","href":"https:\/\/api.w.org\/{rel}","templated":true}]}}