{"id":6190,"date":"2025-05-26T01:34:23","date_gmt":"2025-05-26T01:34:23","guid":{"rendered":"https:\/\/sinoextrud.com\/product\/aluminum-extrusion-6005-big-size-industrial-aluminum-profile\/"},"modified":"2025-06-24T03:54:46","modified_gmt":"2025-06-24T03:54:46","slug":"aluminium-extrudalas-6005-nagymeretu-ipari-aluminium-profil","status":"publish","type":"product","link":"https:\/\/sinoextrud.com\/hu\/product\/aluminum-extrusion-6005-big-size-industrial-aluminum-profile\/","title":{"rendered":"Alum\u00ednium extrud\u00e1l\u00e1s 6005 nagy m\u00e9ret\u0171 ipari alum\u00ednium profil"},"content":{"rendered":"<h2>Term\u00e9kek r\u00e9szletei<\/h2>\n<table class=\"custom-table\">\n<tr>\n<td class=\"label\">Term\u00e9k neve<\/td>\n<td>Alum\u00ednium extrud\u00e1l\u00e1s 6005 nagy m\u00e9ret\u0171 ipari alum\u00ednium profil<\/td>\n<\/tr>\n<tr>\n<td class=\"label\">Anyag<\/td>\n<td>6000-es sorozat\u00fa, 6005-\u00f6s alum\u00ednium profil<\/td>\n<\/tr>\n<tr>\n<td class=\"label\">Term\u00e9kv\u00e1laszt\u00e9k<\/td>\n<td>Alum\u00ednium extrud\u00e1l\u00e1s ipari alum\u00ednium profilok, nagym\u00e9ret\u0171 alum\u00ednium profilok, g\u00e9pek berendez\u00e9sek alum\u00ednium profilok, stb.<\/td>\n<\/tr>\n<tr>\n<td class=\"label\">Shape<\/td>\n<td>Testreszab\u00e1s<\/td>\n<\/tr>\n<tr>\n<td class=\"label\">Alkalmaz\u00e1s<\/td>\n<td>\u00c9p\u00edt\u0151ipar, sz\u00e1ll\u00edt\u00e1s, g\u00e9pek \u00e9s berendez\u00e9sek stb.<\/td>\n<\/tr>\n<tr>\n<td class=\"label\">Fel\u00fcletkezel\u00e9s<\/td>\n<td>malomra k\u00e9sz, elox\u00e1lt, fa szemcs\u00e9s, er\u0151 bevonat, homokf\u00fav\u00e1s, elektrofor\u00e9zis, csiszolt, pol\u00edroz\u00e1s, stb.<\/td>\n<\/tr>\n<tr>\n<td class=\"label\">CNC m\u00e9lyfeldolgoz\u00e1s<\/td>\n<td>v\u00e1g\u00e1s, f\u00far\u00e1s, megmunk\u00e1l\u00e1s, lyukaszt\u00e1s, hajl\u00edt\u00e1s, csapol\u00e1s stb.<\/td>\n<\/tr>\n<tr>\n<td class=\"label\">Standard<\/td>\n<td>K\u00f6zepes \u00e9s magas min\u0151s\u00e9g<\/td>\n<\/tr>\n<tr>\n<td class=\"label\">Tan\u00fas\u00edtv\u00e1nyok<\/td>\n<td>CE, ISO, SGS, TUV, ROHS<\/td>\n<\/tr>\n<tr>\n<td class=\"label\">Mint\u00e1k<\/td>\n<td>ingyenes minta. 1-3 nap alatt sz\u00e1ll\u00edtjuk \u00d6nnek.<\/td>\n<\/tr>\n<tr>\n<td class=\"label\">MOQ<\/td>\n<td>200KG minden egyes profilhoz<\/td>\n<\/tr>\n<tr>\n<td class=\"label\">Sz\u00e1ll\u00edt\u00e1si id\u0151<\/td>\n<td>K\u00f6r\u00fclbel\u00fcl 15-21 nap.<\/td>\n<\/tr>\n<tr>\n<td class=\"label\">Fizet\u00e9si felt\u00e9telek<\/td>\n<td>30% bet\u00e9t a gy\u00e1rt\u00e1s el\u0151tt, \u00e9s a sz\u00e1ll\u00edt\u00e1s el\u0151tti egyenleg.<\/td>\n<\/tr>\n<\/table>\n<h2>Gy\u00e1rt\u00f3 b\u00e1zisunk<\/h2>\n<h3>Gy\u00e1ri panor\u00e1ma<\/h3>\n<p><img decoding=\"async\" src=\"\/wp-content\/uploads\/factory-01.webp\"\/><\/p>\n<h3>Alum\u00ednium r\u00fadgy\u00e1rt\u00f3 m\u0171hely<\/h3>\n<p><img decoding=\"async\" src=\"\/wp-content\/uploads\/factory-02.webp\"\/><\/p>\n<p><img decoding=\"async\" src=\"\/wp-content\/uploads\/factory-03.webp\"\/><\/p>\n<h3>Pen\u00e9sz rakt\u00e1r<\/h3>\n<p><img decoding=\"async\" src=\"\/wp-content\/uploads\/factory-04.webp\"\/><\/p>\n<h3>43 alum\u00ednium extrud\u00e1l\u00f3 vonal (500-5500 tonna)<\/h3>\n<p><img decoding=\"async\" src=\"\/wp-content\/uploads\/factory-05.webp\"\/><\/p>\n<p><img decoding=\"async\" src=\"\/wp-content\/uploads\/factory-06.webp\"\/><\/p>\n<p><img decoding=\"async\" src=\"\/wp-content\/uploads\/factory-07.webp\"\/><\/p>\n<h3>Porfest\u0151 m\u0171hely<\/h3>\n<p><img decoding=\"async\" src=\"\/wp-content\/uploads\/factory-09.webp\"\/><\/p>\n<h3>Anodiz\u00e1l\u00f3 m\u0171hely<\/h3>\n<p><img decoding=\"async\" src=\"\/wp-content\/uploads\/factory-10.webp\"\/><\/p>\n<h3>M\u00e9ly feldolgoz\u00e1si m\u0171hely<\/h3>\n<p><img decoding=\"async\" src=\"\/wp-content\/uploads\/factory-11.webp\"\/><\/p>\n<h3>CNC prec\u00edzi\u00f3s megmunk\u00e1l\u00f3 m\u0171hely<\/h3>\n<p><img decoding=\"async\" src=\"\/wp-content\/uploads\/factory-11.5.webp\"\/><\/p>\n<h3>K\u00e9szterm\u00e9k \u00e9s export rakt\u00e1r<\/h3>\n<p><img decoding=\"async\" src=\"\/wp-content\/uploads\/factory-12.webp\"\/><\/p>\n<p><img decoding=\"async\" src=\"\/wp-content\/uploads\/factory-13.webp\"\/><\/p>\n<p><img decoding=\"async\" src=\"\/wp-content\/uploads\/factory-14.webp\"\/><\/p>\n<h2>GYIK<\/h2>\n<p><p><b>1.Mi az alum\u00ednium extrud\u00e1l\u00e1s 6005 nagy m\u00e9ret\u0171 ipari alum\u00ednium profil? <\/b><\/p>\n<p> Ez egy 6005 \u00f6tv\u00f6zetb\u0151l k\u00e9sz\u00fclt, nagym\u00e9ret\u0171 extrud\u00e1lt alum\u00edniumprofil, amelyet nagy ig\u00e9nybev\u00e9tel\u0171 ipari alkalmaz\u00e1sokhoz terveztek, amelyek szil\u00e1rds\u00e1got, tart\u00f3ss\u00e1got \u00e9s korr\u00f3zi\u00f3\u00e1ll\u00f3s\u00e1got ig\u00e9nyelnek.<br \/>\n<\/p><br \/>\n<br \/>\n<p><b>2.Milyen el\u0151ny\u00f6kkel j\u00e1r a 6005 alum\u00ednium haszn\u00e1lata a nagym\u00e9ret\u0171 ipari profilokhoz? <\/b><\/p>\n<p> A 6005 alum\u00ednium kiv\u00e1l\u00f3 mechanikai szil\u00e1rds\u00e1ggal, j\u00f3 korr\u00f3zi\u00f3\u00e1ll\u00f3s\u00e1ggal \u00e9s kiv\u00e1l\u00f3 hegeszthet\u0151s\u00e9ggel rendelkezik, \u00edgy ide\u00e1lis szerkezeti \u00e9s ipari felhaszn\u00e1l\u00e1sra.<br \/>\n<\/p><br \/>\n<br \/>\n<p><b>3.Mi\u00e9rt v\u00e1lassza a nagy m\u00e9ret\u0171 ipari alum\u00ednium profilokat 6005 \u00f6tv\u00f6zetben? <\/b><\/p>\n<p> A 6005 alum\u00ednium\u00f6tv\u00f6zetb\u0151l k\u00e9sz\u00fclt nagym\u00e9ret\u0171 profilok fokozott teherb\u00edr\u00e1st \u00e9s merevs\u00e9get biztos\u00edtanak az olyan ig\u00e9nyes alkalmaz\u00e1sokhoz, mint a sz\u00e1ll\u00edt\u00e1s, az automatiz\u00e1l\u00e1s \u00e9s az \u00e9p\u00edt\u0151ipar.<br \/>\n<\/p><br \/>\n<br \/>\n<p><b>4.Hol haszn\u00e1lj\u00e1k \u00e1ltal\u00e1ban a 6005 nagy m\u00e9ret\u0171 alum\u00ednium extrud\u00e1lt profilokat? <\/b><\/p>\n<p> Ezeket a profilokat ipari platformokban, g\u00e9pv\u00e1zakban, sz\u00e1ll\u00edt\u00f3eszk\u00f6z\u00f6kben, napelemes r\u00f6gz\u00edt\u0151 rendszerekben \u00e9s szerkezeti v\u00e1zakban haszn\u00e1lj\u00e1k.<br \/>\n<\/p><br \/>\n<br \/>\n<p><b>5.How er\u0151s 6005 alum\u00ednium extrud\u00e1lt profilok? <\/b><\/p>\n<p> A 6005 alum\u00ednium k\u00f6zepes-nagy szil\u00e1rds\u00e1got biztos\u00edt j\u00f3 sz\u00edv\u00f3ss\u00e1ggal, alkalmas olyan alkalmaz\u00e1sokhoz, ahol a szerkezeti integrit\u00e1s \u00e9s az alak\u00edthat\u00f3s\u00e1g egyar\u00e1nt fontos.<br \/>\n<\/p><br \/>\n<br \/>\n<p><b>6.A 6005 alum\u00ednium korr\u00f3zi\u00f3\u00e1ll\u00f3? <\/b><\/p>\n<p> Igen, a 6005-\u00f6s alum\u00ednium j\u00f3 korr\u00f3zi\u00f3\u00e1ll\u00f3s\u00e1ggal rendelkezik, k\u00fcl\u00f6n\u00f6sen k\u00fclt\u00e9ri \u00e9s ipari k\u00f6rnyezetben, \u00e9s a tov\u00e1bbi v\u00e9delem \u00e9rdek\u00e9ben elox\u00e1lhat\u00f3.<br \/>\n<\/p><br \/>\n<br \/>\n<p><b>7.Can 6005 nagy m\u00e9ret\u0171 alum\u00ednium profilok testre szabhat\u00f3? <\/b><\/p>\n<p> Term\u00e9szetesen a 6005 ipari alum\u00edniumprofilok k\u00fcl\u00f6nb\u00f6z\u0151 m\u00e9retekben, falvastags\u00e1gokban \u00e9s form\u00e1kban extrud\u00e1lhat\u00f3k, hogy megfeleljenek az egyedi m\u00e9rn\u00f6ki k\u00f6vetelm\u00e9nyeknek.<br \/>\n<\/p><br \/>\n<br \/>\n<p><b>8.A nagy 6005 alum\u00ednium profilok alkalmasak hegeszt\u00e9sre \u00e9s megmunk\u00e1l\u00e1sra? <\/b><\/p>\n<p> Igen, a 6005 alum\u00ednium kiv\u00e1l\u00f3 hegeszthet\u0151s\u00e9ggel \u00e9s j\u00f3 megmunk\u00e1lhat\u00f3s\u00e1ggal rendelkezik, \u00edgy ide\u00e1lis \u00f6sszetett ipari szerkezetek gy\u00e1rt\u00e1s\u00e1hoz.<br \/>\n<\/p><br \/>\n<br \/>\n<p><b>9.Milyen fel\u00fcleti fel\u00fcletek \u00e1llnak rendelkez\u00e9sre a 6005 alum\u00ednium extrud\u00e1lt profilokhoz? <\/b><\/p>\n<p> A kivitelek k\u00f6z\u00f6tt szerepel a maratott, elox\u00e1lt, porsz\u00f3rt \u00e9s homokf\u00favott kivitel, amely funkcion\u00e1lis v\u00e9delmet \u00e9s vizu\u00e1lis vonzer\u0151t egyar\u00e1nt k\u00edn\u00e1l.<br \/>\n<\/p><br \/>\n<br \/>\n<p><b>10.Do 6005 nagy m\u00e9ret\u0171 alum\u00ednium profilok t\u00e1mogatj\u00e1k a neh\u00e9z ipari felhaszn\u00e1l\u00e1st? <\/b><\/p>\n<p> Igen, szil\u00e1rds\u00e1guk, merevs\u00e9g\u00fck \u00e9s testreszabhat\u00f3 kialak\u00edt\u00e1suk miatt t\u00f6k\u00e9letesen alkalmasak a nagy ig\u00e9nybev\u00e9tel\u0171, nagy terhel\u00e9st jelent\u0151 alkalmaz\u00e1sokhoz a k\u00fcl\u00f6nb\u00f6z\u0151 ipari \u00e1gazatokban.<br \/>\n<\/p><br \/><\/p>","protected":false},"featured_media":6188,"template":"","categories":[58],"class_list":["post-6190","product","type-product","status-publish","has-post-thumbnail","hentry","category-aluminium-extrusion-profiles"],"meta_box":{"hilight_text_group":{"product_hilight_text":"<li>Made from 6005 alloy, offering high strength and good corrosion resistance<\/li>\r\r\n<li>Designed for heavy-duty industrial applications and large structures<\/li>\r\r\n<li>Excellent machinability and weldability for complex assemblies<\/li>\r\r\n<li>Supports custom extrusion shapes and large cross-sections<\/li>\r\r\n<li>Ideal for automation, transportation, and structural frameworks<\/li>","product_chanpin_chanpin":"<li><a href=\"https:\/\/sinoextrud.com\/product\/aluminium-extrusion-11-5m-ultra-long-mill-finished-profiles\/\" target=\"_blank\">Aluminium Extrusion 11.5m Ultra-long Mill Finished Profiles<\/a><\/li>\r\n<li><a href=\"https:\/\/sinoextrud.com\/product\/aluminium-u-channel\/\" target=\"_blank\">Aluminium U Channel<\/a><\/li>\r\n<li><a href=\"https:\/\/sinoextrud.com\/product\/aluminum-profile-roller-blinds-rails\/\" target=\"_blank\">Aluminum Profile Roller Blinds Rails<\/a><\/li>\r\n<li><a href=\"https:\/\/sinoextrud.com\/product\/aluminum-extrusion-aluminum-cladding-profile-wood-look-grain-aluminum-panels\/\" target=\"_blank\">Aluminum Extrusion Aluminum Cladding Profile Wood Look Grain Aluminum Panels<\/a><\/li>\r\n<li><a href=\"https:\/\/sinoextrud.com\/product\/aluminum-extrusion-6005-big-size-industrial-aluminum-profile\/\" target=\"_blank\">Aluminum Extrusion 6005 Big Size Industrial Aluminum Profile<\/a><\/li>\r\n<li><a href=\"https:\/\/sinoextrud.com\/product\/aluminum-extrusion-telescopic-tube-octagon-tube\/\" target=\"_blank\">Aluminum Extrusion Telescopic Tube Octagon Tube<\/a><\/li>\r\n<li><a href=\"https:\/\/sinoextrud.com\/product\/aluminum-extrusion-aluminum-roof-rack-profiles\/\" target=\"_blank\">Aluminum Extrusion Aluminum Roof Rack Profiles<\/a><\/li>\r\n<li><a href=\"https:\/\/sinoextrud.com\/product\/aluminum-extrusion-blackboard-whiteboard-frame-aluminum-profiles\/\" target=\"_blank\">Aluminum Extrusion Blackboard Whiteboard Frame Aluminum Profiles<\/a><\/li>\r\n<li><a href=\"https:\/\/sinoextrud.com\/product\/aluminium-extrusion-anodized-aluminum-profile\/\" target=\"_blank\">Aluminium Extrusion Anodized Aluminum Profile<\/a><\/li>\r\n<li><a href=\"https:\/\/sinoextrud.com\/product\/cnc-aluminium-profile\/\" target=\"_blank\">CNC aluminium profile<\/a><\/li>\r\n<li><a href=\"https:\/\/sinoextrud.com\/product\/aluminum-extrusion-2024-aluminum-profile\/\" target=\"_blank\">Aluminum Extrusion 2024 Aluminum Profile<\/a><\/li>"},"feature_list":[]},"_links":{"self":[{"href":"https:\/\/sinoextrud.com\/hu\/wp-json\/wp\/v2\/product\/6190","targetHints":{"allow":["GET"]}}],"collection":[{"href":"https:\/\/sinoextrud.com\/hu\/wp-json\/wp\/v2\/product"}],"about":[{"href":"https:\/\/sinoextrud.com\/hu\/wp-json\/wp\/v2\/types\/product"}],"wp:featuredmedia":[{"embeddable":true,"href":"https:\/\/sinoextrud.com\/hu\/wp-json\/wp\/v2\/media\/6188"}],"wp:attachment":[{"href":"https:\/\/sinoextrud.com\/hu\/wp-json\/wp\/v2\/media?parent=6190"}],"wp:term":[{"taxonomy":"category","embeddable":true,"href":"https:\/\/sinoextrud.com\/hu\/wp-json\/wp\/v2\/categories?post=6190"}],"curies":[{"name":"wp","href":"https:\/\/api.w.org\/{rel}","templated":true}]}}