{"id":6176,"date":"2025-05-25T15:40:29","date_gmt":"2025-05-25T15:40:29","guid":{"rendered":"https:\/\/sinoextrud.com\/product\/aluminium-extrusion-caravan-awning-aluminum-profile\/"},"modified":"2025-06-24T03:54:38","modified_gmt":"2025-06-24T03:54:38","slug":"aluminium-extrudalt-lakokocsi-napellenzo-aluminium-profil","status":"publish","type":"product","link":"https:\/\/sinoextrud.com\/hu\/product\/aluminium-extrusion-caravan-awning-aluminum-profile\/","title":{"rendered":"Alum\u00ednium extrud\u00e1l\u00e1s Caravan napellenz\u0151 alum\u00ednium profil"},"content":{"rendered":"<h2>Term\u00e9kek r\u00e9szletei<\/h2>\n<table class=\"custom-table\">\n<tr>\n<td class=\"label\">Term\u00e9k neve<\/td>\n<td>Alum\u00ednium extrud\u00e1l\u00e1s Caravan napellenz\u0151 alum\u00ednium profil<\/td>\n<\/tr>\n<tr>\n<td class=\"label\">Fokozat<\/td>\n<td>6000-es sorozat<\/td>\n<\/tr>\n<tr>\n<td class=\"label\">Temper<\/td>\n<td>T3-T8<\/td>\n<\/tr>\n<tr>\n<td class=\"label\">Tolerancia<\/td>\n<td>\u00b11%<\/td>\n<\/tr>\n<tr>\n<td class=\"label\">Shape<\/td>\n<td>n\u00e9gyzet, kerek, t\u00e9glalap alak\u00fa, egyedi m\u00e9retre szabott<\/td>\n<\/tr>\n<tr>\n<td class=\"label\">Sz\u00ednes<\/td>\n<td>Ref porbevonat sz\u00ednes lap \u00e9s testreszabott sz\u00edn el\u00e9rhet\u0151<\/td>\n<\/tr>\n<tr>\n<td class=\"label\">Fel\u00fcletkezel\u00e9s<\/td>\n<td>malomra k\u00e9sz, elox\u00e1lt, fa szemcs\u00e9s, er\u0151 bevonat, homokf\u00fav\u00e1s, elektrofor\u00e9zis, csiszolt, pol\u00edroz\u00e1s, stb.<\/td>\n<\/tr>\n<tr>\n<td class=\"label\">CNC m\u00e9lyfeldolgoz\u00e1s<\/td>\n<td>v\u00e1g\u00e1s, f\u00far\u00e1s, megmunk\u00e1l\u00e1s, lyukaszt\u00e1s, hajl\u00edt\u00e1s, csapol\u00e1s stb.<\/td>\n<\/tr>\n<tr>\n<td class=\"label\">Tan\u00fas\u00edtv\u00e1nyok<\/td>\n<td>CE, ISO, SGS, TUV, ROHS<\/td>\n<\/tr>\n<tr>\n<td class=\"label\">Garancia<\/td>\n<td>A fel\u00fclet sz\u00edne 10 ~ 20 \u00e9vig stabil lehet belt\u00e9ri haszn\u00e1latban<\/td>\n<\/tr>\n<tr>\n<td class=\"label\">Ell\u00e1t\u00e1si k\u00e9pess\u00e9g<\/td>\n<td>5000 tonna\/tonna\/h\u00f3nap profilok alum\u00ednium<\/td>\n<\/tr>\n<tr>\n<td class=\"label\">Mint\u00e1k<\/td>\n<td>ingyenes minta. 1-3 nap alatt sz\u00e1ll\u00edtjuk \u00d6nnek.<\/td>\n<\/tr>\n<tr>\n<td class=\"label\">MOQ<\/td>\n<td>200KG minden egyes profilhoz<\/td>\n<\/tr>\n<tr>\n<td class=\"label\">Sz\u00e1ll\u00edt\u00e1si id\u0151<\/td>\n<td>A pen\u00e9sz kifejleszt\u00e9se \u00e9s a minta kialak\u00edt\u00e1sa 12-15 nap, majd a gy\u00e1rt\u00e1s id\u0151tartama 15-25 nap a vev\u0151 let\u00e9tbe helyez\u00e9se ut\u00e1n.<\/td>\n<\/tr>\n<tr>\n<td class=\"label\">Fizet\u00e9si felt\u00e9telek<\/td>\n<td>30% bet\u00e9t a gy\u00e1rt\u00e1s el\u0151tt, \u00e9s a sz\u00e1ll\u00edt\u00e1s el\u0151tti egyenleg.<\/td>\n<\/tr>\n<\/table>\n<h2>Gy\u00e1rt\u00f3 b\u00e1zisunk<\/h2>\n<h3>Gy\u00e1ri panor\u00e1ma<\/h3>\n<p><img decoding=\"async\" src=\"\/wp-content\/uploads\/factory-01.webp\"\/><\/p>\n<h3>Alum\u00ednium r\u00fadgy\u00e1rt\u00f3 m\u0171hely<\/h3>\n<p><img decoding=\"async\" src=\"\/wp-content\/uploads\/factory-02.webp\"\/><\/p>\n<p><img decoding=\"async\" src=\"\/wp-content\/uploads\/factory-03.webp\"\/><\/p>\n<h3>Pen\u00e9sz rakt\u00e1r<\/h3>\n<p><img decoding=\"async\" src=\"\/wp-content\/uploads\/factory-04.webp\"\/><\/p>\n<h3>43 alum\u00ednium extrud\u00e1l\u00f3 vonal (500-5500 tonna)<\/h3>\n<p><img decoding=\"async\" src=\"\/wp-content\/uploads\/factory-05.webp\"\/><\/p>\n<p><img decoding=\"async\" src=\"\/wp-content\/uploads\/factory-06.webp\"\/><\/p>\n<p><img decoding=\"async\" src=\"\/wp-content\/uploads\/factory-07.webp\"\/><\/p>\n<h3>Porfest\u0151 m\u0171hely<\/h3>\n<p><img decoding=\"async\" src=\"\/wp-content\/uploads\/factory-09.webp\"\/><\/p>\n<h3>Anodiz\u00e1l\u00f3 m\u0171hely<\/h3>\n<p><img decoding=\"async\" src=\"\/wp-content\/uploads\/factory-10.webp\"\/><\/p>\n<h3>M\u00e9ly feldolgoz\u00e1si m\u0171hely<\/h3>\n<p><img decoding=\"async\" src=\"\/wp-content\/uploads\/factory-11.webp\"\/><\/p>\n<h3>CNC prec\u00edzi\u00f3s megmunk\u00e1l\u00f3 m\u0171hely<\/h3>\n<p><img decoding=\"async\" src=\"\/wp-content\/uploads\/factory-11.5.webp\"\/><\/p>\n<h3>K\u00e9szterm\u00e9k \u00e9s export rakt\u00e1r<\/h3>\n<p><img decoding=\"async\" src=\"\/wp-content\/uploads\/factory-12.webp\"\/><\/p>\n<p><img decoding=\"async\" src=\"\/wp-content\/uploads\/factory-13.webp\"\/><\/p>\n<p><img decoding=\"async\" src=\"\/wp-content\/uploads\/factory-14.webp\"\/><\/p>\n<h2>GYIK<\/h2>\n<p><p><b>1.Mi az alum\u00ednium extrud\u00e1lt lak\u00f3kocsi napellenz\u0151 alum\u00ednium profil? <\/b><\/p>\n<p> Ez egy speci\u00e1lisan tervezett, extrud\u00e1l\u00e1ssal k\u00e9sz\u00fclt alum\u00edniumprofil, amelyet a lak\u00f3kocsi napellenz\u0151k k\u00f6nny\u0171 szil\u00e1rds\u00e1ggal \u00e9s tart\u00f3ss\u00e1ggal val\u00f3 al\u00e1t\u00e1maszt\u00e1s\u00e1ra \u00e9s szerkezet\u00e9re haszn\u00e1lnak.<br \/>\n<\/p><br \/>\n<br \/>\n<p><b>2.Milyen el\u0151ny\u00f6kkel j\u00e1rnak az alum\u00ednium extrud\u00e1lt profilok a lak\u00f3kocsik napellenz\u0151i sz\u00e1m\u00e1ra? <\/b><\/p>\n<p> Az alum\u00ednium extrud\u00e1lt profilok korr\u00f3zi\u00f3\u00e1ll\u00f3s\u00e1got, k\u00f6nny\u0171 szil\u00e1rds\u00e1got, k\u00f6nny\u0171 szerelhet\u0151s\u00e9get \u00e9s hossz\u00fa t\u00e1v\u00fa tart\u00f3ss\u00e1got k\u00edn\u00e1lnak a lak\u00f3kocsi napellenz\u0151 rendszerekhez.<br \/>\n<\/p><br \/>\n<br \/>\n<p><b>3.Mi\u00e9rt v\u00e1lasszuk az alum\u00edniumot a lak\u00f3kocsis napellenz\u0151profilok sz\u00e1m\u00e1ra? <\/b><\/p>\n<p> Az alum\u00ednium ide\u00e1lis a napellenz\u0151profilokhoz, mivel k\u00f6nny\u0171, rozsdamentes, er\u0151s \u00e9s k\u00f6nnyen gy\u00e1rthat\u00f3 egyedi form\u00e1kba a mobil alkalmaz\u00e1sokhoz.<br \/>\n<\/p><br \/>\n<br \/>\n<p><b>4.Az alum\u00ednium lak\u00f3kocsis napellenz\u0151profilok id\u0151j\u00e1r\u00e1s\u00e1ll\u00f3ak? <\/b><\/p>\n<p> Igen, az alum\u00ednium extrud\u00e1lt lak\u00f3kocsi napellenz\u0151 profilok rendk\u00edv\u00fcl ellen\u00e1ll\u00f3ak a naps\u00fct\u00e9ssel, es\u0151vel \u00e9s sz\u00e9llel szemben, \u00edgy t\u00f6k\u00e9letesen alkalmasak k\u00fclt\u00e9ri \u00e9s utaz\u00e1si haszn\u00e1latra.<br \/>\n<\/p><br \/>\n<br \/>\n<p><b>5.Az alum\u00ednium napellenz\u0151 profilok testre szabhat\u00f3k a k\u00fcl\u00f6nb\u00f6z\u0151 lak\u00f3kocsikhoz? <\/b><\/p>\n<p> A lak\u00f3kocsis napellenz\u0151 alum\u00edniumprofilok alakja, m\u00e9rete \u00e9s kivitelez\u00e9se a k\u00fcl\u00f6nb\u00f6z\u0151 napellenz\u0151rendszerekhez \u00e9s eszt\u00e9tikai preferenci\u00e1khoz igaz\u00edthat\u00f3.<br \/>\n<\/p><br \/>\n<br \/>\n<p><b>6.Mennyire egyszer\u0171 az alum\u00ednium extrud\u00e1lt lak\u00f3kocsi napellenz\u0151 profilok felszerel\u00e9se? <\/b><\/p>\n<p> Az alum\u00ednium napellenz\u0151profilokat egyszer\u0171, szersz\u00e1mbar\u00e1t szerel\u00e9sre tervezt\u00e9k, a gyors \u00f6sszeszerel\u00e9st \u00e9s sz\u00e9tszerel\u00e9st t\u00e1mogat\u00f3 bepattan\u00f3 vagy becs\u00fasztathat\u00f3 funkci\u00f3kkal.<br \/>\n<\/p><br \/>\n<br \/>\n<p><b>7.Cs\u00f6kkentik-e az alum\u00ednium napellenz\u0151profilok a lak\u00f3kocsi teljes s\u00faly\u00e1t? <\/b><\/p>\n<p> Igen, az alum\u00edniumprofilok l\u00e9nyegesen k\u00f6nnyebbek, mint az ac\u00e9l, ami cs\u00f6kkenti a lak\u00f3kocsi teljes t\u00f6meg\u00e9t \u00e9s jav\u00edtja az \u00fczemanyag-hat\u00e9konys\u00e1got.<br \/>\n<\/p><br \/>\n<br \/>\n<p><b>8.Milyen kivitelek \u00e1llnak rendelkez\u00e9sre a lak\u00f3kocsi napellenz\u0151 alum\u00ednium profilokhoz? <\/b><\/p>\n<p> A Caravan napellenz\u0151 profilok elox\u00e1lt, porsz\u00f3rt vagy festett kivitelben kaphat\u00f3k a tov\u00e1bbi v\u00e9delem \u00e9s st\u00edlus \u00e9rdek\u00e9ben.<br \/>\n<\/p><br \/>\n<br \/>\n<p><b>9.Alkalmasak-e az alum\u00ednium extrud\u00e1lt profilok a lak\u00f3kocsi napellenz\u0151kh\u00f6z? <\/b><\/p>\n<p> Igen, az alum\u00ednium extrud\u00e1lt profilok szil\u00e1rds\u00e1guk, rugalmass\u00e1guk \u00e9s z\u00f6kken\u0151mentes m\u0171k\u00f6d\u00e9s\u00fck miatt t\u00f6k\u00e9letesek a beh\u00fazhat\u00f3 napellenz\u0151rendszerekhez.<br \/>\n<\/p><br \/>\n<br \/>\n<p><b>10.Mennyire tart\u00f3sak az alum\u00ednium extrud\u00e1lt profilok mobil k\u00fclt\u00e9ri k\u00f6rnyezetben? <\/b><\/p>\n<p> Az alum\u00ednium extrud\u00e1lt profilok rendk\u00edv\u00fcl tart\u00f3sak, ellen\u00e1llnak a rezg\u00e9seknek, a mozg\u00e1snak \u00e9s a lak\u00f3kocsiz\u00e1s sor\u00e1n jellemz\u0151en tapasztalt k\u00fclt\u00e9ri k\u00f6r\u00fclm\u00e9nyeknek.<br \/>\n<\/p><br \/><\/p>","protected":false},"featured_media":6175,"template":"","categories":[58],"class_list":["post-6176","product","type-product","status-publish","has-post-thumbnail","hentry","category-aluminium-extrusion-profiles"],"meta_box":{"hilight_text_group":{"product_hilight_text":"<li>Lightweight yet sturdy for easy handling and reliable support<\/li>\r\r\n<li>Corrosion-resistant, ideal for outdoor and coastal environments<\/li>\r\r\n<li>Customizable profiles to fit various caravan awning systems<\/li>\r\r\n<li>Compatible with both manual and motorized awning setups<\/li>\r\r\n<li>Enhances structural integrity while maintaining aesthetic appeal<\/li>","product_chanpin_chanpin":"<li><a href=\"https:\/\/sinoextrud.com\/product\/aluminium-light-box-profile\/\" target=\"_blank\">Aluminium Light Box Profile<\/a><\/li>\r\n<li><a href=\"https:\/\/sinoextrud.com\/product\/aluminum-extrusion-gate-barrier-arm-aluminum-profile\/\" target=\"_blank\">Aluminum Extrusion Gate Barrier Arm Aluminum Profile<\/a><\/li>\r\n<li><a href=\"https:\/\/sinoextrud.com\/product\/aluminum-tube-framing\/\" target=\"_blank\">Aluminum Tube Framing<\/a><\/li>\r\n<li><a href=\"https:\/\/sinoextrud.com\/product\/aluminium-extrusion-wood-grain-outdoor-louver-aluminum-profile\/\" target=\"_blank\">Aluminium Extrusion Wood Grain Outdoor Louver Aluminum Profile<\/a><\/li>\r\n<li><a href=\"https:\/\/sinoextrud.com\/product\/aluminium-extrusion-caravan-awning-aluminum-profile\/\" target=\"_blank\">Aluminium Extrusion Caravan Awning Aluminum Profile<\/a><\/li>\r\n<li><a href=\"https:\/\/sinoextrud.com\/product\/aluminium-extrusion-11-5m-ultra-long-mill-finished-profiles\/\" target=\"_blank\">Aluminium Extrusion 11.5m Ultra-long Mill Finished Profiles<\/a><\/li>\r\n<li><a href=\"https:\/\/sinoextrud.com\/product\/aluminium-u-channel\/\" target=\"_blank\">Aluminium U Channel<\/a><\/li>\r\n<li><a href=\"https:\/\/sinoextrud.com\/product\/aluminum-profile-roller-blinds-rails\/\" target=\"_blank\">Aluminum Profile Roller Blinds Rails<\/a><\/li>\r\n<li><a href=\"https:\/\/sinoextrud.com\/product\/aluminum-extrusion-aluminum-cladding-profile-wood-look-grain-aluminum-panels\/\" target=\"_blank\">Aluminum Extrusion Aluminum Cladding Profile Wood Look Grain Aluminum Panels<\/a><\/li>\r\n<li><a href=\"https:\/\/sinoextrud.com\/product\/custom-extruded-aluminum-enclosures-used-for-motor-shell\/\" target=\"_blank\">Custom Extruded Aluminum Enclosures Used For Motor Shell<\/a><\/li>\r\n<li><a href=\"https:\/\/sinoextrud.com\/product\/c-beam-aluminum-extrusion\/\" target=\"_blank\">C Beam Aluminum Extrusion<\/a><\/li>"},"feature_list":[]},"_links":{"self":[{"href":"https:\/\/sinoextrud.com\/hu\/wp-json\/wp\/v2\/product\/6176","targetHints":{"allow":["GET"]}}],"collection":[{"href":"https:\/\/sinoextrud.com\/hu\/wp-json\/wp\/v2\/product"}],"about":[{"href":"https:\/\/sinoextrud.com\/hu\/wp-json\/wp\/v2\/types\/product"}],"wp:featuredmedia":[{"embeddable":true,"href":"https:\/\/sinoextrud.com\/hu\/wp-json\/wp\/v2\/media\/6175"}],"wp:attachment":[{"href":"https:\/\/sinoextrud.com\/hu\/wp-json\/wp\/v2\/media?parent=6176"}],"wp:term":[{"taxonomy":"category","embeddable":true,"href":"https:\/\/sinoextrud.com\/hu\/wp-json\/wp\/v2\/categories?post=6176"}],"curies":[{"name":"wp","href":"https:\/\/api.w.org\/{rel}","templated":true}]}}