{"id":6172,"date":"2025-05-25T15:08:03","date_gmt":"2025-05-25T15:08:03","guid":{"rendered":"https:\/\/sinoextrud.com\/product\/aluminum-tube-framing\/"},"modified":"2025-06-24T03:54:34","modified_gmt":"2025-06-24T03:54:34","slug":"aluminium-cso-keretezes","status":"publish","type":"product","link":"https:\/\/sinoextrud.com\/hu\/product\/aluminum-tube-framing\/","title":{"rendered":"Alum\u00ednium cs\u0151 keretez\u00e9s"},"content":{"rendered":"<h2>Term\u00e9kek r\u00e9szletei<\/h2>\n<table class=\"custom-table\">\n<tr>\n<td class=\"label\">Term\u00e9k neve<\/td>\n<td>Alum\u00ednium cs\u0151 keretez\u00e9s<\/td>\n<\/tr>\n<tr>\n<td class=\"label\">Anyag<\/td>\n<td>6000 sorozat\u00fa alum\u00ednium<\/td>\n<\/tr>\n<tr>\n<td class=\"label\">Term\u00e9kv\u00e1laszt\u00e9k<\/td>\n<td>alum\u00ednium extrud\u00e1l\u00e1s a Qubelok alum\u00ednium extrud\u00e1l\u00e1shoz, alum\u00ednium extrud\u00e1l\u00e1s keretprofil, alum\u00ednium extrud\u00e1l\u00e1s keretez\u00e9s cs\u0151h\u00f6z, stb.<\/td>\n<\/tr>\n<tr>\n<td class=\"label\">Megfelel\u0151 rendszerek T\u00edpusok<\/td>\n<td>alum\u00ednium cs\u0151 keretek, alum\u00ednium keret cs\u0151, alum\u00ednium cs\u0151 keret, vezetett ov\u00e1lis cs\u0151 alum\u00ednium profil keret, alum\u00ednium 10\u00d710 cs\u0151 keret sz\u00f6vet fesz\u00fclts\u00e9g, alum\u00ednium keret cs\u0151, alum\u00ednium cs\u0151 keret, ov\u00e1lis alak\u00fa cs\u0151 \u00e9s cs\u0151 keret alum\u00ednium profilok, alum\u00ednium cs\u0151 ker\u00e9kp\u00e1r keret, stb.<\/td>\n<\/tr>\n<tr>\n<td class=\"label\">Fel\u00fcletkezel\u00e9s<\/td>\n<td>malomra k\u00e9sz, elox\u00e1lt, fa szemcs\u00e9s, er\u0151 bevonat, homokf\u00fav\u00e1s, elektrofor\u00e9zis, csiszolt, pol\u00edroz\u00e1s, stb.<\/td>\n<\/tr>\n<tr>\n<td class=\"label\">CNC m\u00e9lyfeldolgoz\u00e1s<\/td>\n<td>v\u00e1g\u00e1s, f\u00far\u00e1s, megmunk\u00e1l\u00e1s, lyukaszt\u00e1s, hajl\u00edt\u00e1s, csapol\u00e1s stb.<\/td>\n<\/tr>\n<tr>\n<td class=\"label\">Tan\u00fas\u00edtv\u00e1nyok \u00e9s szabv\u00e1nyok<\/td>\n<td>CQM, SGS, CE, BV, SONCAP \/ GB, ISO, JIS, AS, NZS, QUALICOAT, QUOLANOD rendelkez\u00e9sre \u00e1ll.<\/td>\n<\/tr>\n<tr>\n<td class=\"label\">Mint\u00e1k<\/td>\n<td>ingyenes minta. 1-3 nap alatt sz\u00e1ll\u00edtjuk \u00d6nnek.<\/td>\n<\/tr>\n<tr>\n<td class=\"label\">MOQ<\/td>\n<td>200KG minden egyes profilhoz<\/td>\n<\/tr>\n<tr>\n<td class=\"label\">Sz\u00e1ll\u00edt\u00e1si id\u0151<\/td>\n<td>A pen\u00e9sz kifejleszt\u00e9se \u00e9s a minta kialak\u00edt\u00e1sa 12-15 nap, majd a gy\u00e1rt\u00e1s id\u0151tartama 15-25 nap a vev\u0151 let\u00e9tbe helyez\u00e9se ut\u00e1n.<\/td>\n<\/tr>\n<tr>\n<td class=\"label\">Fizet\u00e9si felt\u00e9telek<\/td>\n<td>30% bet\u00e9t a gy\u00e1rt\u00e1s el\u0151tt, \u00e9s a sz\u00e1ll\u00edt\u00e1s el\u0151tti egyenleg.<\/td>\n<\/tr>\n<tr>\n<td class=\"label\">Sz\u00e1ll\u00edt\u00e1s<\/td>\n<td>20GP, 40GP, 40HQ kont\u00e9nerrel vagy \u00f6mlesztett haj\u00f3val<\/td>\n<\/tr>\n<tr>\n<td class=\"label\">elsz\u00e1mol\u00e1si hat\u00e1rid\u0151<\/td>\n<td>A v\u00e9gs\u0151 t\u00e9nyleges t\u00f6meg vagy az elm\u00e9leti s\u00faly alapj\u00e1n t\u00f6rt\u00e9n\u0151 sz\u00e1ml\u00e1z\u00e1s.<\/td>\n<\/tr>\n<tr>\n<td class=\"label\">Garancia<\/td>\n<td>A fel\u00fclet sz\u00edne 10~20 \u00e9vig stabil lehet belt\u00e9ri haszn\u00e1latban.<\/td>\n<\/tr>\n<\/table>\n<h2>Gy\u00e1rt\u00f3 b\u00e1zisunk<\/h2>\n<h3>Gy\u00e1ri panor\u00e1ma<\/h3>\n<p><img decoding=\"async\" src=\"\/wp-content\/uploads\/factory-01.webp\"\/><\/p>\n<h3>Alum\u00ednium r\u00fadgy\u00e1rt\u00f3 m\u0171hely<\/h3>\n<p><img decoding=\"async\" src=\"\/wp-content\/uploads\/factory-02.webp\"\/><\/p>\n<p><img decoding=\"async\" src=\"\/wp-content\/uploads\/factory-03.webp\"\/><\/p>\n<h3>Pen\u00e9sz rakt\u00e1r<\/h3>\n<p><img decoding=\"async\" src=\"\/wp-content\/uploads\/factory-04.webp\"\/><\/p>\n<h3>43 alum\u00ednium extrud\u00e1l\u00f3 vonal (500-5500 tonna)<\/h3>\n<p><img decoding=\"async\" src=\"\/wp-content\/uploads\/factory-05.webp\"\/><\/p>\n<p><img decoding=\"async\" src=\"\/wp-content\/uploads\/factory-06.webp\"\/><\/p>\n<p><img decoding=\"async\" src=\"\/wp-content\/uploads\/factory-07.webp\"\/><\/p>\n<h3>Porfest\u0151 m\u0171hely<\/h3>\n<p><img decoding=\"async\" src=\"\/wp-content\/uploads\/factory-09.webp\"\/><\/p>\n<h3>Anodiz\u00e1l\u00f3 m\u0171hely<\/h3>\n<p><img decoding=\"async\" src=\"\/wp-content\/uploads\/factory-10.webp\"\/><\/p>\n<h3>M\u00e9ly feldolgoz\u00e1si m\u0171hely<\/h3>\n<p><img decoding=\"async\" src=\"\/wp-content\/uploads\/factory-11.webp\"\/><\/p>\n<h3>CNC prec\u00edzi\u00f3s megmunk\u00e1l\u00f3 m\u0171hely<\/h3>\n<p><img decoding=\"async\" src=\"\/wp-content\/uploads\/factory-11.5.webp\"\/><\/p>\n<h3>K\u00e9szterm\u00e9k \u00e9s export rakt\u00e1r<\/h3>\n<p><img decoding=\"async\" src=\"\/wp-content\/uploads\/factory-12.webp\"\/><\/p>\n<p><img decoding=\"async\" src=\"\/wp-content\/uploads\/factory-13.webp\"\/><\/p>\n<p><img decoding=\"async\" src=\"\/wp-content\/uploads\/factory-14.webp\"\/><\/p>\n<h2>GYIK<\/h2>\n<p><p><b>1.Mi az alum\u00ednium cs\u0151 keretez\u00e9s? <\/b><\/p>\n<p> Az alum\u00edniumcs\u0151-keretez\u00e9s egy \u00fcreges alum\u00edniumcs\u00f6vekb\u0151l k\u00e9sz\u00fclt szerkezeti rendszer, amelyet k\u00f6nny\u0171 \u00e9s tart\u00f3s keretek \u00e9p\u00edt\u00e9s\u00e9re haszn\u00e1lnak k\u00fcl\u00f6nb\u00f6z\u0151 ipari \u00e9s kereskedelmi alkalmaz\u00e1sokhoz.<br \/>\n<\/p><br \/>\n<br \/>\n<p><b>2.Mik az alum\u00edniumcs\u0151-keretez\u00e9s el\u0151nyei? <\/b><\/p>\n<p> Az alum\u00edniumcs\u0151-keretez\u00e9s nagy szil\u00e1rds\u00e1g\/t\u00f6meg ar\u00e1nyt, korr\u00f3zi\u00f3\u00e1ll\u00f3s\u00e1got, modul\u00e1ris kialak\u00edt\u00e1st \u00e9s k\u00f6nny\u0171 \u00f6sszeszerel\u00e9st k\u00edn\u00e1l az egyedi szerkezetekhez.<br \/>\n<\/p><br \/>\n<br \/>\n<p><b>3.Mi\u00e9rt v\u00e1lassza az alum\u00edniumot a cs\u0151keretez\u00e9si rendszerekhez? <\/b><\/p>\n<p> Az alum\u00ednium ide\u00e1lis a cs\u0151keretez\u00e9shez k\u00f6nny\u0171 s\u00falya, rozsda\u00e1ll\u00f3s\u00e1ga, \u00fajrahasznos\u00edthat\u00f3s\u00e1ga \u00e9s k\u00f6nny\u0171 v\u00e1ghat\u00f3s\u00e1ga, f\u00farhat\u00f3s\u00e1ga \u00e9s csatlakoztathat\u00f3s\u00e1ga miatt.<br \/>\n<\/p><br \/>\n<br \/>\n<p><b>4.Hol haszn\u00e1lj\u00e1k \u00e1ltal\u00e1ban az alum\u00ednium cs\u0151keretez\u00e9st? <\/b><\/p>\n<p> Az alum\u00ednium cs\u0151keretez\u00e9st munka\u00e1llom\u00e1sokban, kijelz\u0151egys\u00e9gekben, burkolatokban, kocsikban, g\u00e9pv\u00e9d\u0151kben \u00e9s modul\u00e1ris \u00e9p\u00edt\u00e9szeti szerkezetekben haszn\u00e1lj\u00e1k.<br \/>\n<\/p><br \/>\n<br \/>\n<p><b>5.Az alum\u00ednium cs\u0151keret korr\u00f3zi\u00f3\u00e1ll\u00f3? <\/b><\/p>\n<p> Igen, az alum\u00edniumcs\u0151-keretez\u00e9s term\u00e9szetesen korr\u00f3zi\u00f3\u00e1ll\u00f3, \u00e9s a fokozott tart\u00f3ss\u00e1g \u00e9rdek\u00e9ben k\u00fclt\u00e9ri vagy nedves k\u00f6rnyezetben elox\u00e1lhat\u00f3 vagy bevonhat\u00f3.<br \/>\n<\/p><br \/>\n<br \/>\n<p><b>6.Can alum\u00ednium cs\u0151v\u00e1zak k\u00f6nnyen testreszabhat\u00f3ak? <\/b><\/p>\n<p> Az alum\u00edniumcs\u00f6ves keretrendszerek term\u00e9szetesen hosszra v\u00e1ghat\u00f3k, csatlakoz\u00f3kkal \u00f6sszeilleszthet\u0151k, \u00e9s hegeszt\u00e9s n\u00e9lk\u00fcl v\u00e9gtelen sz\u00e1m\u00fa egyedi kialak\u00edt\u00e1sban konfigur\u00e1lhat\u00f3k.<br \/>\n<\/p><br \/>\n<br \/>\n<p><b>7.Az alum\u00edniumcs\u00f6ves keretrendszerek \u00fajrafelhaszn\u00e1lhat\u00f3ak? <\/b><\/p>\n<p> Igen, az alum\u00ednium cs\u0151v\u00e1zak sz\u00e9tszerelhet\u0151k \u00e9s \u00fajrafelhaszn\u00e1lhat\u00f3k, \u00edgy fenntarthat\u00f3 \u00e9s k\u00f6lts\u00e9ghat\u00e9kony v\u00e1laszt\u00e1s a v\u00e1ltoz\u00f3 vagy ideiglenes be\u00e1ll\u00edt\u00e1sokhoz.<br \/>\n<\/p><br \/>\n<br \/>\n<p><b>8.How er\u0151s az alum\u00ednium cs\u0151 keretez\u00e9s? <\/b><\/p>\n<p> Az alum\u00edniumcs\u0151-keretez\u00e9s kiv\u00e1l\u00f3 szerkezeti integrit\u00e1st biztos\u00edt a k\u00f6nny\u0171 \u00e9s k\u00f6zepes ig\u00e9nybev\u00e9tel\u0171 alkalmaz\u00e1sokhoz, er\u0151s hajl\u00edt\u00e1s- \u00e9s deform\u00e1ci\u00f3\u00e1ll\u00f3s\u00e1ggal.<br \/>\n<\/p><br \/>\n<br \/>\n<p><b>9.Az alum\u00edniumcs\u0151-keretez\u00e9s alkalmas bark\u00e1csprojektekhez? <\/b><\/p>\n<p> Igen, az alum\u00edniumcs\u0151-keretez\u00e9s ide\u00e1lis a bark\u00e1csol\u00e1shoz \u00e9s a professzion\u00e1lis haszn\u00e1lathoz, mivel modul\u00e1ris, k\u00f6nnyen kezelhet\u0151 \u00e9s kompatibilis a k\u00e9szleten l\u00e9v\u0151 csatlakoz\u00f3kkal.<br \/>\n<\/p><br \/>\n<br \/>\n<p><b>10.Milyen fel\u00fcletek \u00e1llnak rendelkez\u00e9sre az alum\u00ednium cs\u0151keretez\u00e9shez? <\/b><\/p>\n<p> Az alum\u00edniumcs\u0151-keretez\u00e9s elox\u00e1lt, porsz\u00f3rt vagy maratott kivitelben kaphat\u00f3, amely funkcion\u00e1lis v\u00e9delmet \u00e9s vonz\u00f3 eszt\u00e9tik\u00e1t egyar\u00e1nt k\u00edn\u00e1l.<br \/>\n<\/p><br \/><\/p>","protected":false},"featured_media":6171,"template":"","categories":[58],"class_list":["post-6172","product","type-product","status-publish","has-post-thumbnail","hentry","category-aluminium-extrusion-profiles"],"meta_box":{"hilight_text_group":{"product_hilight_text":"<li>Lightweight yet strong, ideal for structural framing applications<\/li>\r\r\n<li>Corrosion-resistant surface for indoor and outdoor use<\/li>\r\r\n<li>Easy to cut, drill, and assemble with standard connectors<\/li>\r\r\n<li>Supports modular and customizable designs<\/li>\r\r\n<li>Cost-effective solution for racks, enclosures, and workstations<\/li>","product_chanpin_chanpin":"<li><a href=\"https:\/\/sinoextrud.com\/product\/t-slot-aluminium-extrusion-profile\/\" target=\"_blank\">T Slot Aluminium Extrusion Profile<\/a><\/li>\r\n<li><a href=\"https:\/\/sinoextrud.com\/product\/extruded-aluminum-heatsink\/\" target=\"_blank\">Extruded Aluminum Heatsink<\/a><\/li>\r\n<li><a href=\"https:\/\/sinoextrud.com\/product\/aluminium-light-box-profile\/\" target=\"_blank\">Aluminium Light Box Profile<\/a><\/li>\r\n<li><a href=\"https:\/\/sinoextrud.com\/product\/aluminum-extrusion-gate-barrier-arm-aluminum-profile\/\" target=\"_blank\">Aluminum Extrusion Gate Barrier Arm Aluminum Profile<\/a><\/li>\r\n<li><a href=\"https:\/\/sinoextrud.com\/product\/aluminum-tube-framing\/\" target=\"_blank\">Aluminum Tube Framing<\/a><\/li>\r\n<li><a href=\"https:\/\/sinoextrud.com\/product\/aluminium-extrusion-wood-grain-outdoor-louver-aluminum-profile\/\" target=\"_blank\">Aluminium Extrusion Wood Grain Outdoor Louver Aluminum Profile<\/a><\/li>\r\n<li><a href=\"https:\/\/sinoextrud.com\/product\/aluminium-extrusion-caravan-awning-aluminum-profile\/\" target=\"_blank\">Aluminium Extrusion Caravan Awning Aluminum Profile<\/a><\/li>\r\n<li><a href=\"https:\/\/sinoextrud.com\/product\/aluminium-extrusion-11-5m-ultra-long-mill-finished-profiles\/\" target=\"_blank\">Aluminium Extrusion 11.5m Ultra-long Mill Finished Profiles<\/a><\/li>\r\n<li><a href=\"https:\/\/sinoextrud.com\/product\/aluminium-u-channel\/\" target=\"_blank\">Aluminium U Channel<\/a><\/li>\r\n<li><a href=\"https:\/\/sinoextrud.com\/product\/7003-7050-aluminum-profile-mechanical-parts\/\" target=\"_blank\">7003 7050 Aluminum Profile Mechanical Parts<\/a><\/li>\r\n<li><a href=\"https:\/\/sinoextrud.com\/product\/wood-look-aluminum-soffit\/\" target=\"_blank\">Wood Look Aluminum Soffit<\/a><\/li>"},"feature_list":[]},"_links":{"self":[{"href":"https:\/\/sinoextrud.com\/hu\/wp-json\/wp\/v2\/product\/6172","targetHints":{"allow":["GET"]}}],"collection":[{"href":"https:\/\/sinoextrud.com\/hu\/wp-json\/wp\/v2\/product"}],"about":[{"href":"https:\/\/sinoextrud.com\/hu\/wp-json\/wp\/v2\/types\/product"}],"wp:featuredmedia":[{"embeddable":true,"href":"https:\/\/sinoextrud.com\/hu\/wp-json\/wp\/v2\/media\/6171"}],"wp:attachment":[{"href":"https:\/\/sinoextrud.com\/hu\/wp-json\/wp\/v2\/media?parent=6172"}],"wp:term":[{"taxonomy":"category","embeddable":true,"href":"https:\/\/sinoextrud.com\/hu\/wp-json\/wp\/v2\/categories?post=6172"}],"curies":[{"name":"wp","href":"https:\/\/api.w.org\/{rel}","templated":true}]}}