{"id":6166,"date":"2025-05-25T14:57:38","date_gmt":"2025-05-25T14:57:38","guid":{"rendered":"https:\/\/sinoextrud.com\/product\/extruded-aluminum-heatsink\/"},"modified":"2025-06-24T03:54:28","modified_gmt":"2025-06-24T03:54:28","slug":"extrudalt-aluminium-hutoborda","status":"publish","type":"product","link":"https:\/\/sinoextrud.com\/hu\/product\/extruded-aluminum-heatsink\/","title":{"rendered":"Extrud\u00e1lt alum\u00ednium h\u0171t\u0151borda"},"content":{"rendered":"<h2>Term\u00e9kek r\u00e9szletei<\/h2>\n<table class=\"custom-table\">\n<tr>\n<td class=\"label\">Term\u00e9k neve<\/td>\n<td>extrud\u00e1lt alum\u00ednium h\u0171t\u0151borda<\/td>\n<\/tr>\n<tr>\n<td class=\"label\">Term\u00e9kv\u00e1laszt\u00e9k<\/td>\n<td>alum\u00ednium extrud\u00e1lt alum\u00ednium radi\u00e1tor alum\u00ednium, napraforg\u00f3 alum\u00ednium profil, alum\u00ednium f\u0171t\u0151 radi\u00e1tor, alum\u00ednium radi\u00e1tor cs\u0151, alum\u00ednium radi\u00e1tor f\u0171t\u00e9s, alum\u00ednium radi\u00e1tor mag, egyedi alum\u00ednium radi\u00e1tor, stb.<\/td>\n<\/tr>\n<tr>\n<td class=\"label\">Megfelel\u0151 rendszerek T\u00edpusok<\/td>\n<td>alum\u00ednium h\u0171t\u0151borda profil, kerek h\u0171t\u0151borda, h\u0171t\u0151borda 40mm, nagy h\u0171t\u0151borda, alum\u00ednium aut\u00f3h\u0171t\u0151, radi\u00e1tor f\u0171t\u00e9si rendszer, f\u0171t\u00e9si \u00e9s h\u0171t\u00e9si rendszer, stb.<\/td>\n<\/tr>\n<tr>\n<td class=\"label\">Alkalmaz\u00e1s<\/td>\n<td>g\u00e9pek, aut\u00f3k, akkumul\u00e1torok, sz\u00e9ler\u0151m\u0171vek, \u00e9p\u00edt\u0151ipari g\u00e9pek, l\u00e9gkompresszorok, vas\u00fati mozdonyok, h\u00e1ztart\u00e1si g\u00e9pek stb.<\/td>\n<\/tr>\n<tr>\n<td class=\"label\">Alum\u00ednium sorozat<\/td>\n<td>6000-es sorozat<\/td>\n<\/tr>\n<tr>\n<td class=\"label\">Temper<\/td>\n<td>T3-T8<\/td>\n<\/tr>\n<tr>\n<td class=\"label\">Shape<\/td>\n<td>Kerek, sz\u00f6gletes, napraforg\u00f3, vagy testreszab\u00e1s<\/td>\n<\/tr>\n<tr>\n<td class=\"label\">Sz\u00ednes<\/td>\n<td>testreszab\u00e1s<\/td>\n<\/tr>\n<tr>\n<td class=\"label\">Fel\u00fcletkezel\u00e9s<\/td>\n<td>malomra k\u00e9sz, elox\u00e1lt, fa szemcs\u00e9s, er\u0151 bevonat, homokf\u00fav\u00e1s, elektrofor\u00e9zis, csiszolt, pol\u00edroz\u00e1s, stb.<\/td>\n<\/tr>\n<tr>\n<td class=\"label\">CNC m\u00e9lyfeldolgoz\u00e1s<\/td>\n<td>v\u00e1g\u00e1s, f\u00far\u00e1s, megmunk\u00e1l\u00e1s, lyukaszt\u00e1s, hajl\u00edt\u00e1s, csapol\u00e1s stb.<\/td>\n<\/tr>\n<tr>\n<td class=\"label\">Tan\u00fas\u00edtv\u00e1nyok<\/td>\n<td>CE, ISO, SGS, TUV, ROHS<\/td>\n<\/tr>\n<tr>\n<td class=\"label\">Mint\u00e1k<\/td>\n<td>ingyenes minta. 1-3 nap alatt sz\u00e1ll\u00edtjuk \u00d6nnek.<\/td>\n<\/tr>\n<tr>\n<td class=\"label\">MOQ<\/td>\n<td>200KG minden egyes profilhoz<\/td>\n<\/tr>\n<tr>\n<td class=\"label\">Sz\u00e1ll\u00edt\u00e1si id\u0151<\/td>\n<td>A pen\u00e9sz kifejleszt\u00e9se \u00e9s a minta kialak\u00edt\u00e1sa 12-15 nap, majd a gy\u00e1rt\u00e1s id\u0151tartama 15-25 nap a vev\u0151 let\u00e9tbe helyez\u00e9se ut\u00e1n.<\/td>\n<\/tr>\n<tr>\n<td class=\"label\">Fizet\u00e9si felt\u00e9telek<\/td>\n<td>30% bet\u00e9t a gy\u00e1rt\u00e1s el\u0151tt, \u00e9s a sz\u00e1ll\u00edt\u00e1s el\u0151tti egyenleg.<\/td>\n<\/tr>\n<tr>\n<td class=\"label\">Sz\u00e1ll\u00edt\u00e1s<\/td>\n<td>20GP, 40GP, 40HQ kont\u00e9nerrel vagy \u00f6mlesztett haj\u00f3val<\/td>\n<\/tr>\n<\/table>\n<h2>Gy\u00e1rt\u00f3 b\u00e1zisunk<\/h2>\n<h3>Gy\u00e1ri panor\u00e1ma<\/h3>\n<p><img decoding=\"async\" src=\"\/wp-content\/uploads\/factory-01.webp\"\/><\/p>\n<h3>Alum\u00ednium r\u00fadgy\u00e1rt\u00f3 m\u0171hely<\/h3>\n<p><img decoding=\"async\" src=\"\/wp-content\/uploads\/factory-02.webp\"\/><\/p>\n<p><img decoding=\"async\" src=\"\/wp-content\/uploads\/factory-03.webp\"\/><\/p>\n<h3>Pen\u00e9sz rakt\u00e1r<\/h3>\n<p><img decoding=\"async\" src=\"\/wp-content\/uploads\/factory-04.webp\"\/><\/p>\n<h3>43 alum\u00ednium extrud\u00e1l\u00f3 vonal (500-5500 tonna)<\/h3>\n<p><img decoding=\"async\" src=\"\/wp-content\/uploads\/factory-05.webp\"\/><\/p>\n<p><img decoding=\"async\" src=\"\/wp-content\/uploads\/factory-06.webp\"\/><\/p>\n<p><img decoding=\"async\" src=\"\/wp-content\/uploads\/factory-07.webp\"\/><\/p>\n<h3>Porfest\u0151 m\u0171hely<\/h3>\n<p><img decoding=\"async\" src=\"\/wp-content\/uploads\/factory-09.webp\"\/><\/p>\n<h3>Anodiz\u00e1l\u00f3 m\u0171hely<\/h3>\n<p><img decoding=\"async\" src=\"\/wp-content\/uploads\/factory-10.webp\"\/><\/p>\n<h3>M\u00e9ly feldolgoz\u00e1si m\u0171hely<\/h3>\n<p><img decoding=\"async\" src=\"\/wp-content\/uploads\/factory-11.webp\"\/><\/p>\n<h3>CNC prec\u00edzi\u00f3s megmunk\u00e1l\u00f3 m\u0171hely<\/h3>\n<p><img decoding=\"async\" src=\"\/wp-content\/uploads\/factory-11.5.webp\"\/><\/p>\n<h3>K\u00e9szterm\u00e9k \u00e9s export rakt\u00e1r<\/h3>\n<p><img decoding=\"async\" src=\"\/wp-content\/uploads\/factory-12.webp\"\/><\/p>\n<p><img decoding=\"async\" src=\"\/wp-content\/uploads\/factory-13.webp\"\/><\/p>\n<p><img decoding=\"async\" src=\"\/wp-content\/uploads\/factory-14.webp\"\/><\/p>\n<h2>GYIK<\/h2>\n<p><p><b>1.Mi az extrud\u00e1lt alum\u00ednium h\u0171t\u0151borda? <\/b><\/p>\n<p> Az extrud\u00e1lt alum\u00ednium h\u0171t\u0151borda egy olyan h\u0151kezel\u0151 alkatr\u00e9sz, amely alum\u00edniumot pr\u00e9sel \u00e1t egy szersz\u00e1mon, hogy olyan bord\u00e1zott profilt hozzon l\u00e9tre, amely elvezeti a h\u0151t az elektronikus eszk\u00f6z\u00f6kb\u0151l.<br \/>\n<\/p><br \/>\n<br \/>\n<p><b>2.Mik az extrud\u00e1lt alum\u00ednium h\u0171t\u0151bord\u00e1k haszn\u00e1lat\u00e1nak el\u0151nyei? <\/b><\/p>\n<p> Az extrud\u00e1lt alum\u00ednium h\u0171t\u0151bord\u00e1k kiv\u00e1l\u00f3 h\u0151vezet\u0151 k\u00e9pess\u00e9get, k\u00f6nny\u0171 szil\u00e1rds\u00e1got, korr\u00f3zi\u00f3\u00e1ll\u00f3s\u00e1got \u00e9s k\u00f6lts\u00e9ghat\u00e9kony h\u0151elvezet\u00e9st biztos\u00edtanak.<br \/>\n<\/p><br \/>\n<br \/>\n<p><b>3.Mi\u00e9rt v\u00e1lassza az alum\u00edniumot az extrud\u00e1lt h\u0171t\u0151bord\u00e1khoz? <\/b><\/p>\n<p> Az alum\u00ednium ide\u00e1lis h\u0171t\u0151bord\u00e1khoz, mivel nagy a h\u0151vezet\u0151 k\u00e9pess\u00e9ge, alacsony a s\u00falya, \u00e9s k\u00f6nnyen extrud\u00e1lhat\u00f3 \u00f6sszetett, nagy fel\u00fclet\u0171 form\u00e1kba.<br \/>\n<\/p><br \/>\n<br \/>\n<p><b>4.Hogyan m\u0171k\u00f6dik egy extrud\u00e1lt alum\u00ednium h\u0171t\u0151borda? <\/b><\/p>\n<p> Az extrud\u00e1lt alum\u00ednium h\u0171t\u0151bord\u00e1k elnyelik a h\u0151t az alkatr\u00e9szekb\u0151l, \u00e9s a kiterjesztett fel\u00fclet\u0171 lamell\u00e1kon kereszt\u00fcl a leveg\u0151be juttatj\u00e1k, cs\u00f6kkentve ezzel az \u00fczemi h\u0151m\u00e9rs\u00e9kletet.<br \/>\n<\/p><br \/>\n<br \/>\n<p><b>5.Hol haszn\u00e1lj\u00e1k \u00e1ltal\u00e1ban az extrud\u00e1lt alum\u00ednium h\u0171t\u0151bord\u00e1kat? <\/b><\/p>\n<p> Az extrud\u00e1lt alum\u00ednium h\u0171t\u0151bord\u00e1kat LED vil\u00e1g\u00edt\u00e1sban, t\u00e1pegys\u00e9gekben, er\u0151s\u00edt\u0151kben, aut\u00f3elektronik\u00e1ban \u00e9s ipari vez\u00e9rl\u0151rendszerekben haszn\u00e1lj\u00e1k.<br \/>\n<\/p><br \/>\n<br \/>\n<p><b>6. testre szabhat\u00f3ak-e az extrud\u00e1lt alum\u00ednium h\u0171t\u0151bord\u00e1k? <\/b><\/p>\n<p> Igen, az extrud\u00e1lt alum\u00ednium h\u0171t\u0151bord\u00e1k testre szabhat\u00f3k a lamellas\u0171r\u0171s\u00e9g, a sz\u00e9less\u00e9g, a hossz \u00e9s a kivitel tekintet\u00e9ben, hogy megfeleljenek az egyedi termikus \u00e9s mechanikai k\u00f6vetelm\u00e9nyeknek.<br \/>\n<\/p><br \/>\n<br \/>\n<p><b>7. jav\u00edtja-e az extrud\u00e1lt alum\u00ednium h\u0171t\u0151bord\u00e1k a k\u00e9sz\u00fcl\u00e9k \u00e9lettartam\u00e1t? <\/b><\/p>\n<p> Az extrud\u00e1lt alum\u00ednium h\u0171t\u0151bord\u00e1k a h\u0151 hat\u00e9kony elvezet\u00e9s\u00e9vel seg\u00edtik a t\u00falmeleged\u00e9s megel\u0151z\u00e9s\u00e9t \u00e9s meghosszabb\u00edtj\u00e1k az elektronikus alkatr\u00e9szek \u00e9lettartam\u00e1t.<br \/>\n<\/p><br \/>\n<br \/>\n<p><b>8.Az extrud\u00e1lt alum\u00ednium h\u0171t\u0151bord\u00e1k korr\u00f3zi\u00f3\u00e1ll\u00f3ak? <\/b><\/p>\n<p> Igen, az alum\u00ednium term\u00e9szetes m\u00f3don ellen\u00e1ll a korr\u00f3zi\u00f3nak, \u00e9s elox\u00e1lhat\u00f3 vagy bevonhat\u00f3 a tov\u00e1bbi v\u00e9delem \u00e9rdek\u00e9ben a zord k\u00f6rnyezetben.<br \/>\n<\/p><br \/>\n<br \/>\n<p><b>9.Lehet-e elox\u00e1lni az extrud\u00e1lt alum\u00ednium h\u0171t\u0151bord\u00e1kat? <\/b><\/p>\n<p> Igen, az extrud\u00e1lt alum\u00ednium h\u0171t\u0151bord\u00e1k elox\u00e1l\u00e1sa n\u00f6veli a fel\u00fclet tart\u00f3ss\u00e1g\u00e1t, jav\u00edtja a h\u0151sug\u00e1rz\u00e1st, \u00e9s lehet\u0151v\u00e9 teszi a sz\u00edn testreszab\u00e1s\u00e1t.<br \/>\n<\/p><br \/>\n<br \/>\n<p><b>10.Mennyire k\u00f6lts\u00e9ghat\u00e9konyak az extrud\u00e1lt alum\u00ednium h\u0171t\u0151bord\u00e1k? <\/b><\/p>\n<p> Az extrud\u00e1lt alum\u00ednium h\u0171t\u0151bord\u00e1k rendk\u00edv\u00fcl k\u00f6lts\u00e9ghat\u00e9konyak a hat\u00e9kony t\u00f6meggy\u00e1rt\u00e1s, az \u00fajrahasznos\u00edthat\u00f3s\u00e1g \u00e9s a kiv\u00e1l\u00f3 h\u0151teljes\u00edtm\u00e9ny miatt, alacsony anyagk\u00f6lts\u00e9g mellett.<br \/>\n<\/p><br \/><\/p>","protected":false},"featured_media":6165,"template":"","categories":[58],"class_list":["post-6166","product","type-product","status-publish","has-post-thumbnail","hentry","category-aluminium-extrusion-profiles"],"meta_box":{"hilight_text_group":{"product_hilight_text":"<li>High thermal conductivity for efficient heat dissipation<\/li>\r\r\n<li>Lightweight and strong, suitable for electronic and LED cooling<\/li>\r\r\n<li>Customizable fin designs to optimize airflow and performance<\/li>\r\r\n<li>Corrosion-resistant for reliable long-term operation<\/li>\r\r\n<li>Supports anodized finishes for enhanced durability and aesthetics<\/li>","product_chanpin_chanpin":"<li><a href=\"https:\/\/sinoextrud.com\/product\/aluminium-edge-trim-profiles\/\" target=\"_blank\">Aluminium Edge Trim Profiles<\/a><\/li>\r\n<li><a href=\"https:\/\/sinoextrud.com\/product\/led-plant-growth-light-aluminum-profile\/\" target=\"_blank\">Led Plant Growth Light Aluminum Profile<\/a><\/li>\r\n<li><a href=\"https:\/\/sinoextrud.com\/product\/anodized-small-aluminum-extrusions\/\" target=\"_blank\">Anodized Small Aluminum Extrusions<\/a><\/li>\r\n<li><a href=\"https:\/\/sinoextrud.com\/product\/t-slot-aluminium-extrusion-profile\/\" target=\"_blank\">T Slot Aluminium Extrusion Profile<\/a><\/li>\r\n<li><a href=\"https:\/\/sinoextrud.com\/product\/extruded-aluminum-heatsink\/\" target=\"_blank\">Extruded Aluminum Heatsink<\/a><\/li>\r\n<li><a href=\"https:\/\/sinoextrud.com\/product\/aluminium-light-box-profile\/\" target=\"_blank\">Aluminium Light Box Profile<\/a><\/li>\r\n<li><a href=\"https:\/\/sinoextrud.com\/product\/aluminum-extrusion-gate-barrier-arm-aluminum-profile\/\" target=\"_blank\">Aluminum Extrusion Gate Barrier Arm Aluminum Profile<\/a><\/li>\r\n<li><a href=\"https:\/\/sinoextrud.com\/product\/aluminum-tube-framing\/\" target=\"_blank\">Aluminum Tube Framing<\/a><\/li>\r\n<li><a href=\"https:\/\/sinoextrud.com\/product\/aluminium-extrusion-wood-grain-outdoor-louver-aluminum-profile\/\" target=\"_blank\">Aluminium Extrusion Wood Grain Outdoor Louver Aluminum Profile<\/a><\/li>\r\n<li><a href=\"https:\/\/sinoextrud.com\/product\/aluminium-extrusion-profile-handle\/\" target=\"_blank\">Aluminium Extrusion Profile Handle<\/a><\/li>\r\n<li><a href=\"https:\/\/sinoextrud.com\/product\/40mm-aluminium-extrusion\/\" target=\"_blank\">40mm Aluminium Extrusion<\/a><\/li>"},"feature_list":[]},"_links":{"self":[{"href":"https:\/\/sinoextrud.com\/hu\/wp-json\/wp\/v2\/product\/6166","targetHints":{"allow":["GET"]}}],"collection":[{"href":"https:\/\/sinoextrud.com\/hu\/wp-json\/wp\/v2\/product"}],"about":[{"href":"https:\/\/sinoextrud.com\/hu\/wp-json\/wp\/v2\/types\/product"}],"wp:featuredmedia":[{"embeddable":true,"href":"https:\/\/sinoextrud.com\/hu\/wp-json\/wp\/v2\/media\/6165"}],"wp:attachment":[{"href":"https:\/\/sinoextrud.com\/hu\/wp-json\/wp\/v2\/media?parent=6166"}],"wp:term":[{"taxonomy":"category","embeddable":true,"href":"https:\/\/sinoextrud.com\/hu\/wp-json\/wp\/v2\/categories?post=6166"}],"curies":[{"name":"wp","href":"https:\/\/api.w.org\/{rel}","templated":true}]}}