{"id":6164,"date":"2025-05-25T14:55:13","date_gmt":"2025-05-25T14:55:13","guid":{"rendered":"https:\/\/sinoextrud.com\/product\/t-slot-aluminium-extrusion-profile\/"},"modified":"2025-06-24T03:54:26","modified_gmt":"2025-06-24T03:54:26","slug":"t-res-aluminium-extrudalt-profil","status":"publish","type":"product","link":"https:\/\/sinoextrud.com\/hu\/product\/t-slot-aluminium-extrusion-profile\/","title":{"rendered":"T Slot alum\u00ednium extrud\u00e1lt profil"},"content":{"rendered":"<h2>Term\u00e9kek r\u00e9szletei<\/h2>\n<table class=\"custom-table\">\n<tr>\n<td class=\"label\">Term\u00e9k neve<\/td>\n<td>t r\u00e9s alum\u00ednium extrud\u00e1lt profil<\/td>\n<\/tr>\n<tr>\n<td class=\"label\">Term\u00e9kv\u00e1laszt\u00e9k<\/td>\n<td>alum\u00ednium extrud\u00e1lt anyagok 2020 t slot extrud\u00e1lt alum\u00ednium profil, 45\u00d745 t slot extrud\u00e1lt profil alum\u00ednium term\u00e9k, 20\u00d720 l slot t track alum\u00ednium extrud\u00e1lt profil, anyag t slot extrud\u00e1lt alum\u00ednium profil 40\u00d740, slot t track extrud\u00e1lt alum\u00ednium profil, t track v slot extrud\u00e1lt alum\u00ednium profil, anyag 40\u00d780 t slot extrud\u00e1lt alum\u00ednium profil, t track v slot extrud\u00e1lt 3030 alum\u00ednium profil, t slot alum\u00ednium profil extrud\u00e1l\u00e1s, stb.<\/td>\n<\/tr>\n<tr>\n<td class=\"label\">Megfelel\u0151 rendszerek T\u00edpusok<\/td>\n<td>2020 alum\u00ednium extrud\u00e1lt t slot, extrud\u00e1lt alum\u00ednium t slot 3030, 2020 slot alum\u00ednium profil, 2020 t slot alum\u00ednium extrud\u00e1lt, t slot cs\u00faszka, 40\u00d740 alum\u00ednium profil, 40\u00d780 alum\u00ednium extrud\u00e1lt, alum\u00ednium profil 40\u00d740, t track v slot extrud\u00e1lt alum\u00ednium profil, alum\u00ednium t track extrud\u00e1lt, t track 40\u00d760 v slot extrud\u00e1lt alum\u00ednium profil, 4080 t slot, stb.<\/td>\n<\/tr>\n<tr>\n<td class=\"label\">Fel\u00fcletkezel\u00e9s<\/td>\n<td>malomra k\u00e9sz, elox\u00e1lt, fa szemcs\u00e9s, er\u0151 bevonat, homokf\u00fav\u00e1s, elektrofor\u00e9zis, csiszolt, pol\u00edroz\u00e1s, stb.<\/td>\n<\/tr>\n<tr>\n<td class=\"label\">CNC m\u00e9lyfeldolgoz\u00e1s<\/td>\n<td>v\u00e1g\u00e1s, f\u00far\u00e1s, megmunk\u00e1l\u00e1s, lyukaszt\u00e1s, hajl\u00edt\u00e1s, csapol\u00e1s stb.<\/td>\n<\/tr>\n<tr>\n<td class=\"label\">Tan\u00fas\u00edtv\u00e1nyok<\/td>\n<td>CE, ISO, SGS, TUV, ROHS<\/td>\n<\/tr>\n<tr>\n<td class=\"label\">Mint\u00e1k<\/td>\n<td>ingyenes minta. 1-3 nap alatt sz\u00e1ll\u00edtjuk \u00d6nnek.<\/td>\n<\/tr>\n<tr>\n<td class=\"label\">MOQ<\/td>\n<td>200KG minden egyes profilhoz<\/td>\n<\/tr>\n<tr>\n<td class=\"label\">Sz\u00e1ll\u00edt\u00e1si id\u0151<\/td>\n<td>A pen\u00e9sz kifejleszt\u00e9se \u00e9s a minta kialak\u00edt\u00e1sa 12-15 nap, majd a gy\u00e1rt\u00e1s id\u0151tartama 15-25 nap a vev\u0151 let\u00e9tbe helyez\u00e9se ut\u00e1n.<\/td>\n<\/tr>\n<tr>\n<td class=\"label\">Fizet\u00e9si felt\u00e9telek<\/td>\n<td>30% bet\u00e9t a gy\u00e1rt\u00e1s el\u0151tt, \u00e9s a sz\u00e1ll\u00edt\u00e1s el\u0151tti egyenleg.<\/td>\n<\/tr>\n<tr>\n<td class=\"label\">Sz\u00e1ll\u00edt\u00e1s<\/td>\n<td>20GP, 40GP, 40HQ kont\u00e9nerrel vagy \u00f6mlesztett haj\u00f3val<\/td>\n<\/tr>\n<\/table>\n<h2>Gy\u00e1rt\u00f3 b\u00e1zisunk<\/h2>\n<h3>Gy\u00e1ri panor\u00e1ma<\/h3>\n<p><img decoding=\"async\" src=\"\/wp-content\/uploads\/factory-01.webp\"\/><\/p>\n<h3>Alum\u00ednium r\u00fadgy\u00e1rt\u00f3 m\u0171hely<\/h3>\n<p><img decoding=\"async\" src=\"\/wp-content\/uploads\/factory-02.webp\"\/><\/p>\n<p><img decoding=\"async\" src=\"\/wp-content\/uploads\/factory-03.webp\"\/><\/p>\n<h3>Pen\u00e9sz rakt\u00e1r<\/h3>\n<p><img decoding=\"async\" src=\"\/wp-content\/uploads\/factory-04.webp\"\/><\/p>\n<h3>43 alum\u00ednium extrud\u00e1l\u00f3 vonal (500-5500 tonna)<\/h3>\n<p><img decoding=\"async\" src=\"\/wp-content\/uploads\/factory-05.webp\"\/><\/p>\n<p><img decoding=\"async\" src=\"\/wp-content\/uploads\/factory-06.webp\"\/><\/p>\n<p><img decoding=\"async\" src=\"\/wp-content\/uploads\/factory-07.webp\"\/><\/p>\n<h3>Porfest\u0151 m\u0171hely<\/h3>\n<p><img decoding=\"async\" src=\"\/wp-content\/uploads\/factory-09.webp\"\/><\/p>\n<h3>Anodiz\u00e1l\u00f3 m\u0171hely<\/h3>\n<p><img decoding=\"async\" src=\"\/wp-content\/uploads\/factory-10.webp\"\/><\/p>\n<h3>M\u00e9ly feldolgoz\u00e1si m\u0171hely<\/h3>\n<p><img decoding=\"async\" src=\"\/wp-content\/uploads\/factory-11.webp\"\/><\/p>\n<h3>CNC prec\u00edzi\u00f3s megmunk\u00e1l\u00f3 m\u0171hely<\/h3>\n<p><img decoding=\"async\" src=\"\/wp-content\/uploads\/factory-11.5.webp\"\/><\/p>\n<h3>K\u00e9szterm\u00e9k \u00e9s export rakt\u00e1r<\/h3>\n<p><img decoding=\"async\" src=\"\/wp-content\/uploads\/factory-12.webp\"\/><\/p>\n<p><img decoding=\"async\" src=\"\/wp-content\/uploads\/factory-13.webp\"\/><\/p>\n<p><img decoding=\"async\" src=\"\/wp-content\/uploads\/factory-14.webp\"\/><\/p>\n<h2>GYIK<\/h2>\n<p><p><b>1.Mi az a T-ny\u00edl\u00e1s\u00fa alum\u00ednium extrud\u00e1lt profil? <\/b><\/p>\n<p> A T-ny\u00edl\u00e1s\u00fa alum\u00ednium sajtolt profil egy modul\u00e1ris alum\u00ednium keretrendszer T-alak\u00fa hornyokkal, amelyek lehet\u0151v\u00e9 teszik a szerkezetek egyszer\u0171, hegeszt\u00e9s n\u00e9lk\u00fcli \u00f6sszeszerel\u00e9s\u00e9t.<br \/>\n<\/p><br \/>\n<br \/>\n<p><b>2.Milyen el\u0151ny\u00f6kkel j\u00e1r a T-ny\u00edl\u00e1s\u00fa alum\u00ednium extrud\u00e1l\u00e1sok haszn\u00e1lata? <\/b><\/p>\n<p> A T-ny\u00edl\u00e1s\u00fa alum\u00edniumprofilok sokoldal\u00fas\u00e1got, \u00fajrafelhaszn\u00e1lhat\u00f3s\u00e1got, k\u00f6nny\u0171 \u00f6sszeszerelhet\u0151s\u00e9get, korr\u00f3zi\u00f3\u00e1ll\u00f3s\u00e1got \u00e9s tiszta, professzion\u00e1lis megjelen\u00e9st biztos\u00edtanak a szerkezeti projektekhez.<br \/>\n<\/p><br \/>\n<br \/>\n<p><b>3.Mi\u00e9rt v\u00e1lassza a T-ny\u00edl\u00e1s\u00fa alum\u00ednium profilokat a keretez\u00e9shez? <\/b><\/p>\n<p> A T-ny\u00edl\u00e1s\u00fa alum\u00edniumprofilok modul\u00e1ris, k\u00f6nny\u0171 \u00e9s tart\u00f3s megold\u00e1st k\u00edn\u00e1lnak, amely ide\u00e1lis g\u00e9pkeretek, munka\u00e1llom\u00e1sok, burkolatok \u00e9s automatiz\u00e1l\u00e1si rendszerek sz\u00e1m\u00e1ra.<br \/>\n<\/p><br \/>\n<br \/>\n<p><b>4.Hol haszn\u00e1lj\u00e1k \u00e1ltal\u00e1ban a T-ny\u00edl\u00e1s\u00fa alum\u00ednium extrud\u00e1lt profilokat? <\/b><\/p>\n<p> A T-ny\u00edl\u00e1s\u00fa alum\u00ednium profilokat sz\u00e9les k\u00f6rben haszn\u00e1lj\u00e1k az ipari automatiz\u00e1l\u00e1sban, a robotik\u00e1ban, a 3D nyomtat\u00e1si keretekben, a laborat\u00f3riumi berendez\u00e9sekben \u00e9s az egyedi bark\u00e1csszerkezetekben.<br \/>\n<\/p><br \/>\n<br \/>\n<p><b>5.K\u00f6nny\u0171-e \u00f6sszeszerelni a T-ny\u00edl\u00e1s\u00fa alum\u00ednium extrud\u00e1lt term\u00e9keket? <\/b><\/p>\n<p> Igen, a T-ny\u00edl\u00e1s\u00fa alum\u00ednium extrud\u00e1l\u00e1sokat gyors, csavaros \u00f6sszeszerel\u00e9sre tervezt\u00e9k csatlakoz\u00f3k \u00e9s konzolok seg\u00edts\u00e9g\u00e9vel - nincs sz\u00fcks\u00e9g hegeszt\u00e9sre vagy speci\u00e1lis szersz\u00e1mokra.<br \/>\n<\/p><br \/>\n<br \/>\n<p><b>6.A T-ny\u00edl\u00e1s\u00fa alum\u00ednium extrud\u00e1lt profilok \u00fajrafelhaszn\u00e1lhat\u00f3k? <\/b><\/p>\n<p> A T-ny\u00edl\u00e1s\u00fa alum\u00edniumprofilok k\u00f6nnyen sz\u00e9tszerelhet\u0151k \u00e9s \u00e1talak\u00edthat\u00f3k, \u00edgy k\u00f6lts\u00e9ghat\u00e9kony \u00e9s fenntarthat\u00f3 keretez\u00e9si megold\u00e1st jelentenek.<br \/>\n<\/p><br \/>\n<br \/>\n<p><b>7.Milyen er\u0151sek a T-ny\u00edl\u00e1s\u00fa alum\u00ednium extrud\u00e1lt profilok? <\/b><\/p>\n<p> A T-ny\u00edl\u00e1s\u00fa alum\u00ednium extrud\u00e1lt r\u00e9szeket nagy szil\u00e1rds\u00e1g\/t\u00f6meg ar\u00e1nyra tervezt\u00e9k, \u00e9s robusztus tart\u00e1st biztos\u00edtanak az ipari \u00e9s mechanikai szerkezetek sz\u00e1m\u00e1ra.<br \/>\n<\/p><br \/>\n<br \/>\n<p><b>8.L\u00e9teznek-e k\u00fcl\u00f6nb\u00f6z\u0151 m\u00e9ret\u0171 T-ny\u00edl\u00e1s\u00fa alum\u00ednium profilok? <\/b><\/p>\n<p> Igen, a T-ny\u00edl\u00e1s\u00fa alum\u00edniumprofilok k\u00fcl\u00f6nb\u00f6z\u0151 ny\u00edl\u00e1sm\u00e9retekben (pl. 20 mm, 30 mm, 40 mm) \u00e9s profilokban kaphat\u00f3k, hogy megfeleljenek a k\u00fcl\u00f6nb\u00f6z\u0151 terhel\u00e9si \u00e9s tervez\u00e9si k\u00f6vetelm\u00e9nyeknek.<br \/>\n<\/p><br \/>\n<br \/>\n<p><b>9.A T-ny\u00edl\u00e1s\u00fa alum\u00ednium extrud\u00e1lt r\u00e9szek korr\u00f3zi\u00f3\u00e1ll\u00f3ak? <\/b><\/p>\n<p> Igen, a T-ny\u00edl\u00e1s\u00fa alum\u00edniumprofilok term\u00e9szetesen korr\u00f3zi\u00f3\u00e1ll\u00f3ak, \u00e9s gyakran elox\u00e1ltak a fokozott v\u00e9delem \u00e9s a tiszta fel\u00fclet \u00e9rdek\u00e9ben.<br \/>\n<\/p><br \/>\n<br \/>\n<p><b>10.Milyen tartoz\u00e9kok \u00e1llnak rendelkez\u00e9sre a T-ny\u00edl\u00e1s\u00fa alum\u00ednium profilokhoz? <\/b><\/p>\n<p> A T-ny\u00edl\u00e1s\u00fa alum\u00edniumrendszerek funkcionalit\u00e1s\u00e1nak b\u0151v\u00edt\u00e9s\u00e9hez tartoz\u00e9kok sz\u00e9les v\u00e1laszt\u00e9ka - p\u00e9ld\u00e1ul konzolok, csatlakoz\u00f3k, r\u00f6gz\u00edt\u0151k, panelek \u00e9s kerekek - \u00e1ll rendelkez\u00e9sre.<br \/>\n<\/p><br \/><\/p>","protected":false},"featured_media":6163,"template":"","categories":[58],"class_list":["post-6164","product","type-product","status-publish","has-post-thumbnail","hentry","category-aluminium-extrusion-profiles"],"meta_box":{"hilight_text_group":{"product_hilight_text":"<li>Modular design allows flexible assembly and reconfiguration<\/li>\r\r\n<li>Strong and lightweight, ideal for machine frames and workstations<\/li>\r\r\n<li>Easy to cut, drill, and connect with standard accessories<\/li>\r\r\n<li>Corrosion-resistant surface for long-term industrial use<\/li>\r\r\n<li>No welding required, enabling quick and clean installation<\/li>","product_chanpin_chanpin":"<li><a href=\"https:\/\/sinoextrud.com\/product\/aluminium-extrusion-6082-5083-aluminum-alloy-profile\/\" target=\"_blank\">Aluminium Extrusion 6082 5083 Aluminum Alloy Profile<\/a><\/li>\r\n<li><a href=\"https:\/\/sinoextrud.com\/product\/aluminium-edge-trim-profiles\/\" target=\"_blank\">Aluminium Edge Trim Profiles<\/a><\/li>\r\n<li><a href=\"https:\/\/sinoextrud.com\/product\/led-plant-growth-light-aluminum-profile\/\" target=\"_blank\">Led Plant Growth Light Aluminum Profile<\/a><\/li>\r\n<li><a href=\"https:\/\/sinoextrud.com\/product\/anodized-small-aluminum-extrusions\/\" target=\"_blank\">Anodized Small Aluminum Extrusions<\/a><\/li>\r\n<li><a href=\"https:\/\/sinoextrud.com\/product\/t-slot-aluminium-extrusion-profile\/\" target=\"_blank\">T Slot Aluminium Extrusion Profile<\/a><\/li>\r\n<li><a href=\"https:\/\/sinoextrud.com\/product\/extruded-aluminum-heatsink\/\" target=\"_blank\">Extruded Aluminum Heatsink<\/a><\/li>\r\n<li><a href=\"https:\/\/sinoextrud.com\/product\/aluminium-light-box-profile\/\" target=\"_blank\">Aluminium Light Box Profile<\/a><\/li>\r\n<li><a href=\"https:\/\/sinoextrud.com\/product\/aluminum-extrusion-gate-barrier-arm-aluminum-profile\/\" target=\"_blank\">Aluminum Extrusion Gate Barrier Arm Aluminum Profile<\/a><\/li>\r\n<li><a href=\"https:\/\/sinoextrud.com\/product\/aluminum-tube-framing\/\" target=\"_blank\">Aluminum Tube Framing<\/a><\/li>\r\n<li><a href=\"https:\/\/sinoextrud.com\/product\/aluminium-profile-for-wardrobe-sliding-door-frame\/\" target=\"_blank\">Aluminium Profile For Wardrobe Sliding Door Frame<\/a><\/li>\r\n<li><a href=\"https:\/\/sinoextrud.com\/product\/brushed-aluminum-profiles\/\" target=\"_blank\">Brushed Aluminum Profiles<\/a><\/li>"},"feature_list":[]},"_links":{"self":[{"href":"https:\/\/sinoextrud.com\/hu\/wp-json\/wp\/v2\/product\/6164","targetHints":{"allow":["GET"]}}],"collection":[{"href":"https:\/\/sinoextrud.com\/hu\/wp-json\/wp\/v2\/product"}],"about":[{"href":"https:\/\/sinoextrud.com\/hu\/wp-json\/wp\/v2\/types\/product"}],"wp:featuredmedia":[{"embeddable":true,"href":"https:\/\/sinoextrud.com\/hu\/wp-json\/wp\/v2\/media\/6163"}],"wp:attachment":[{"href":"https:\/\/sinoextrud.com\/hu\/wp-json\/wp\/v2\/media?parent=6164"}],"wp:term":[{"taxonomy":"category","embeddable":true,"href":"https:\/\/sinoextrud.com\/hu\/wp-json\/wp\/v2\/categories?post=6164"}],"curies":[{"name":"wp","href":"https:\/\/api.w.org\/{rel}","templated":true}]}}