{"id":6162,"date":"2025-05-25T14:52:23","date_gmt":"2025-05-25T14:52:23","guid":{"rendered":"https:\/\/sinoextrud.com\/product\/anodized-small-aluminum-extrusions\/"},"modified":"2025-06-24T03:54:23","modified_gmt":"2025-06-24T03:54:23","slug":"eloxalt-kis-aluminium-extrudalt-reszek","status":"publish","type":"product","link":"https:\/\/sinoextrud.com\/hu\/product\/anodized-small-aluminum-extrusions\/","title":{"rendered":"Elox\u00e1lt kis alum\u00ednium extrud\u00e1l\u00e1s"},"content":{"rendered":"<h2>Term\u00e9kek r\u00e9szletei<\/h2>\n<table class=\"custom-table\">\n<tr>\n<td class=\"label\">Term\u00e9k neve<\/td>\n<td>Elox\u00e1lt kis alum\u00ednium extrud\u00e1l\u00e1s<\/td>\n<\/tr>\n<tr>\n<td class=\"label\">Term\u00e9kv\u00e1laszt\u00e9k<\/td>\n<td>alum\u00ednium extrud\u00e1lt r\u00e9szek elektronikus burkolatokhoz, berendez\u00e9sek tartoz\u00e9kaihoz, alum\u00ednium term\u00e9kekhez, stb.<\/td>\n<\/tr>\n<tr>\n<td class=\"label\">Alum\u00ednium \u00f6tv\u00f6zet<\/td>\n<td>1000 sorozat, 200 sorozat, 3000 sorozat, 5000 sorozat, 6000 sorozat, 7000 sorozat, 7000 sorozat<\/td>\n<\/tr>\n<tr>\n<td class=\"label\">Temper<\/td>\n<td>T3-T8<\/td>\n<\/tr>\n<tr>\n<td class=\"label\">Shape<\/td>\n<td>testreszab\u00e1s<\/td>\n<\/tr>\n<tr>\n<td class=\"label\">Sz\u00ednes<\/td>\n<td>testreszab\u00e1s<\/td>\n<\/tr>\n<tr>\n<td class=\"label\">Fel\u00fcletkezel\u00e9s<\/td>\n<td>malomra k\u00e9sz, elox\u00e1lt, fa szemcs\u00e9s, er\u0151 bevonat, homokf\u00fav\u00e1s, elektrofor\u00e9zis, csiszolt, pol\u00edroz\u00e1s, stb.<\/td>\n<\/tr>\n<tr>\n<td class=\"label\">CNC m\u00e9lyfeldolgoz\u00e1s<\/td>\n<td>v\u00e1g\u00e1s, f\u00far\u00e1s, megmunk\u00e1l\u00e1s, lyukaszt\u00e1s, hajl\u00edt\u00e1s, csapol\u00e1s stb.<\/td>\n<\/tr>\n<tr>\n<td class=\"label\">Tan\u00fas\u00edtv\u00e1nyok<\/td>\n<td>CE, ISO, SGS, TUV, ROHS<\/td>\n<\/tr>\n<tr>\n<td class=\"label\">Mint\u00e1k<\/td>\n<td>ingyenes minta. 1-3 nap alatt sz\u00e1ll\u00edtjuk \u00d6nnek.<\/td>\n<\/tr>\n<tr>\n<td class=\"label\">MOQ<\/td>\n<td>200KG minden egyes profilhoz<\/td>\n<\/tr>\n<tr>\n<td class=\"label\">Sz\u00e1ll\u00edt\u00e1si id\u0151<\/td>\n<td>A pen\u00e9sz kifejleszt\u00e9se \u00e9s a minta kialak\u00edt\u00e1sa 12-15 nap, majd a gy\u00e1rt\u00e1s id\u0151tartama 15-25 nap a vev\u0151 let\u00e9tbe helyez\u00e9se ut\u00e1n.<\/td>\n<\/tr>\n<tr>\n<td class=\"label\">Fizet\u00e9si felt\u00e9telek<\/td>\n<td>30% bet\u00e9t a gy\u00e1rt\u00e1s el\u0151tt, \u00e9s a sz\u00e1ll\u00edt\u00e1s el\u0151tti egyenleg.<\/td>\n<\/tr>\n<\/table>\n<h2>Gy\u00e1rt\u00f3 b\u00e1zisunk<\/h2>\n<h3>Gy\u00e1ri panor\u00e1ma<\/h3>\n<p><img decoding=\"async\" src=\"\/wp-content\/uploads\/factory-01.webp\"\/><\/p>\n<h3>Alum\u00ednium r\u00fadgy\u00e1rt\u00f3 m\u0171hely<\/h3>\n<p><img decoding=\"async\" src=\"\/wp-content\/uploads\/factory-02.webp\"\/><\/p>\n<p><img decoding=\"async\" src=\"\/wp-content\/uploads\/factory-03.webp\"\/><\/p>\n<h3>Pen\u00e9sz rakt\u00e1r<\/h3>\n<p><img decoding=\"async\" src=\"\/wp-content\/uploads\/factory-04.webp\"\/><\/p>\n<h3>43 alum\u00ednium extrud\u00e1l\u00f3 vonal (500-5500 tonna)<\/h3>\n<p><img decoding=\"async\" src=\"\/wp-content\/uploads\/factory-05.webp\"\/><\/p>\n<p><img decoding=\"async\" src=\"\/wp-content\/uploads\/factory-06.webp\"\/><\/p>\n<p><img decoding=\"async\" src=\"\/wp-content\/uploads\/factory-07.webp\"\/><\/p>\n<h3>Porfest\u0151 m\u0171hely<\/h3>\n<p><img decoding=\"async\" src=\"\/wp-content\/uploads\/factory-09.webp\"\/><\/p>\n<h3>Anodiz\u00e1l\u00f3 m\u0171hely<\/h3>\n<p><img decoding=\"async\" src=\"\/wp-content\/uploads\/factory-10.webp\"\/><\/p>\n<h3>M\u00e9ly feldolgoz\u00e1si m\u0171hely<\/h3>\n<p><img decoding=\"async\" src=\"\/wp-content\/uploads\/factory-11.webp\"\/><\/p>\n<h3>CNC prec\u00edzi\u00f3s megmunk\u00e1l\u00f3 m\u0171hely<\/h3>\n<p><img decoding=\"async\" src=\"\/wp-content\/uploads\/factory-11.5.webp\"\/><\/p>\n<h3>K\u00e9szterm\u00e9k \u00e9s export rakt\u00e1r<\/h3>\n<p><img decoding=\"async\" src=\"\/wp-content\/uploads\/factory-12.webp\"\/><\/p>\n<p><img decoding=\"async\" src=\"\/wp-content\/uploads\/factory-13.webp\"\/><\/p>\n<p><img decoding=\"async\" src=\"\/wp-content\/uploads\/factory-14.webp\"\/><\/p>\n<h2>GYIK<\/h2>\n<p><p><b>1.Mi az elox\u00e1lt kis alum\u00ednium extrud\u00e1l\u00e1sok? <\/b><\/p>\n<p> Az elox\u00e1lt kis alum\u00ednium extrud\u00e1l\u00e1sok olyan kompakt alum\u00ednium profilok, amelyeket elox\u00e1l\u00e1si elj\u00e1r\u00e1ssal kezelnek a fel\u00fcleti tart\u00f3ss\u00e1g, a korr\u00f3zi\u00f3\u00e1ll\u00f3s\u00e1g \u00e9s a megjelen\u00e9s jav\u00edt\u00e1sa \u00e9rdek\u00e9ben.<br \/>\n<\/p><br \/>\n<br \/>\n<p><b>2.Mik az elox\u00e1lt kis alum\u00ednium extrud\u00e1l\u00e1sok el\u0151nyei? <\/b><\/p>\n<p> Az elox\u00e1lt kis alum\u00ednium extrud\u00e1l\u00e1sok kiv\u00e1l\u00f3 korr\u00f3zi\u00f3\u00e1ll\u00f3s\u00e1got, jobb fel\u00fcleti kem\u00e9nys\u00e9get, eszt\u00e9tikus fel\u00fcleteket \u00e9s fokozott kop\u00e1sv\u00e9delmet biztos\u00edtanak.<br \/>\n<\/p><br \/>\n<br \/>\n<p><b>3.Mi\u00e9rt v\u00e1lassza az elox\u00e1lt alum\u00edniumot a kis extrud\u00e1l\u00e1sokhoz? <\/b><\/p>\n<p> Az elox\u00e1l\u00e1s n\u00f6veli a kis alum\u00ednium extrud\u00e1l\u00e1sok fel\u00fcleti szil\u00e1rds\u00e1g\u00e1t \u00e9s id\u0151j\u00e1r\u00e1s\u00e1ll\u00f3s\u00e1g\u00e1t, \u00edgy ide\u00e1lisak dekorat\u00edv \u00e9s funkcion\u00e1lis alkalmaz\u00e1sokhoz.<br \/>\n<\/p><br \/>\n<br \/>\n<p><b>4.Hol haszn\u00e1lj\u00e1k \u00e1ltal\u00e1ban az elox\u00e1lt kis alum\u00ednium extrud\u00e1l\u00e1sokat? <\/b><\/p>\n<p> Ezeket a sajtolt lemezeket elektronik\u00e1ban, b\u00fatorokban, vil\u00e1g\u00edt\u00f3testekben, \u00e9p\u00edt\u00e9szeti d\u00edsz\u00edt\u00e9sekben \u00e9s kompakt \u00e9s tart\u00f3s alkatr\u00e9szeket ig\u00e9nyl\u0151 bark\u00e1csprojektekben haszn\u00e1lj\u00e1k.<br \/>\n<\/p><br \/>\n<br \/>\n<p><b>5.Az elox\u00e1lt kis alum\u00ednium extrud\u00e1l\u00e1sok korr\u00f3zi\u00f3\u00e1ll\u00f3ak? <\/b><\/p>\n<p> Igen, az elox\u00e1lt kis alum\u00ednium extrud\u00e1l\u00e1sok egy v\u00e9d\u0151 oxidr\u00e9teget k\u00e9peznek, amely megakad\u00e1lyozza a rozsd\u00e1t \u00e9s a korr\u00f3zi\u00f3t, k\u00fcl\u00f6n\u00f6sen nedves vagy k\u00fclt\u00e9ri k\u00f6rnyezetben.<br \/>\n<\/p><br \/>\n<br \/>\n<p><b>6.Can elox\u00e1lt kis alum\u00ednium extrud\u00e1l\u00e1sok testre szabhat\u00f3? <\/b><\/p>\n<p> Az elox\u00e1lt alum\u00ednium kisprofilok alakja, sz\u00edne, hossza \u00e9s r\u00f6gz\u00edt\u00e9si lehet\u0151s\u00e9gei az egyedi tervez\u00e9si ig\u00e9nyeknek megfelel\u0151en alak\u00edthat\u00f3k.<br \/>\n<\/p><br \/>\n<br \/>\n<p><b>7.Az elox\u00e1lt extrud\u00e1lt r\u00e9szek jobb eszt\u00e9tik\u00e1t ny\u00fajtanak? <\/b><\/p>\n<p> Igen, az elox\u00e1lt alum\u00ednium extrud\u00e1l\u00e1sok k\u00fcl\u00f6nb\u00f6z\u0151 sz\u00edn\u0171, eleg\u00e1ns, f\u00e9mes fel\u00fcletet biztos\u00edtanak, \u00edgy vizu\u00e1lisan vonz\u00f3v\u00e1 teszik \u0151ket a ny\u00edlt vagy dekorat\u00edv felhaszn\u00e1l\u00e1shoz.<br \/>\n<\/p><br \/>\n<br \/>\n<p><b>8.Az elox\u00e1lt kis alum\u00ednium extrud\u00e1lt term\u00e9kek k\u00f6rnyezetbar\u00e1tok? <\/b><\/p>\n<p> Igen, az alum\u00ednium teljes m\u00e9rt\u00e9kben \u00fajrahasznos\u00edthat\u00f3, az elox\u00e1l\u00e1si folyamat pedig nem m\u00e9rgez\u0151, \u00edgy ezek a profilok k\u00f6rnyezetbar\u00e1t v\u00e1laszt\u00e1snak bizonyulnak a fenntarthat\u00f3 tervez\u00e9shez.<br \/>\n<\/p><br \/>\n<br \/>\n<p><b>9.Mennyire tart\u00f3sak az elox\u00e1lt kis alum\u00ednium extrud\u00e1l\u00e1sok? <\/b><\/p>\n<p> Az elox\u00e1lt kis alum\u00ednium extrud\u00e1l\u00e1sok rendk\u00edv\u00fcl tart\u00f3sak, ellen\u00e1llnak a karcol\u00e1soknak, a fakul\u00e1snak \u00e9s a korr\u00f3zi\u00f3nak, \u00edgy hossz\u00fa t\u00e1v\u00fa teljes\u00edtm\u00e9nyt biztos\u00edtanak.<br \/>\n<\/p><br \/>\n<br \/>\n<p><b>10.Az elox\u00e1lt alum\u00ednium extrud\u00e1l\u00e1sokat k\u00f6nny\u0171 megmunk\u00e1lni vagy v\u00e1gni? <\/b><\/p>\n<p> Igen, a kis m\u00e9ret\u0171 elox\u00e1lt alum\u00ednium extrud\u00e1lt r\u00e9szek k\u00f6nnyen v\u00e1ghat\u00f3k, f\u00farhat\u00f3k \u00e9s \u00f6sszeszerelhet\u0151k, \u00edgy ide\u00e1lisak prec\u00edzi\u00f3s alkalmaz\u00e1sokhoz \u00e9s egyedi \u00e9p\u00edtkez\u00e9sekhez.<br \/>\n<\/p><br \/><\/p>","protected":false},"featured_media":6161,"template":"","categories":[58],"class_list":["post-6162","product","type-product","status-publish","has-post-thumbnail","hentry","category-aluminium-extrusion-profiles"],"meta_box":{"hilight_text_group":{"product_hilight_text":"<li>Durable anodized finish enhances corrosion and wear resistance<\/li>\r\r\n<li>Ideal for precision parts in electronics, furniture, and lighting<\/li>\r\r\n<li>Lightweight and strong for compact structural applications<\/li>\r\r\n<li>Available in various colors and finishes for aesthetic appeal<\/li>\r\r\n<li>Supports custom profiles for specialized small components<\/li>","product_chanpin_chanpin":"<li><a href=\"https:\/\/sinoextrud.com\/product\/aluminium-extrusion-motor-body\/\" target=\"_blank\">Aluminium Extrusion Motor Body<\/a><\/li>\r\n<li><a href=\"https:\/\/sinoextrud.com\/product\/aluminium-extrusion-6082-5083-aluminum-alloy-profile\/\" target=\"_blank\">Aluminium Extrusion 6082 5083 Aluminum Alloy Profile<\/a><\/li>\r\n<li><a href=\"https:\/\/sinoextrud.com\/product\/aluminium-edge-trim-profiles\/\" target=\"_blank\">Aluminium Edge Trim Profiles<\/a><\/li>\r\n<li><a href=\"https:\/\/sinoextrud.com\/product\/led-plant-growth-light-aluminum-profile\/\" target=\"_blank\">Led Plant Growth Light Aluminum Profile<\/a><\/li>\r\n<li><a href=\"https:\/\/sinoextrud.com\/product\/anodized-small-aluminum-extrusions\/\" target=\"_blank\">Anodized Small Aluminum Extrusions<\/a><\/li>\r\n<li><a href=\"https:\/\/sinoextrud.com\/product\/t-slot-aluminium-extrusion-profile\/\" target=\"_blank\">T Slot Aluminium Extrusion Profile<\/a><\/li>\r\n<li><a href=\"https:\/\/sinoextrud.com\/product\/extruded-aluminum-heatsink\/\" target=\"_blank\">Extruded Aluminum Heatsink<\/a><\/li>\r\n<li><a href=\"https:\/\/sinoextrud.com\/product\/aluminium-light-box-profile\/\" target=\"_blank\">Aluminium Light Box Profile<\/a><\/li>\r\n<li><a href=\"https:\/\/sinoextrud.com\/product\/aluminum-extrusion-gate-barrier-arm-aluminum-profile\/\" target=\"_blank\">Aluminum Extrusion Gate Barrier Arm Aluminum Profile<\/a><\/li>\r\n<li><a href=\"https:\/\/sinoextrud.com\/product\/t-slot-aluminum-extrusion-profile-for-industrial-assembly-line\/\" target=\"_blank\">T Slot Aluminum Extrusion Profile For Industrial Assembly Line<\/a><\/li>\r\n<li><a href=\"https:\/\/sinoextrud.com\/product\/clip-on-aluminium-profiles\/\" target=\"_blank\">Clip On Aluminium Profiles<\/a><\/li>"},"feature_list":[]},"_links":{"self":[{"href":"https:\/\/sinoextrud.com\/hu\/wp-json\/wp\/v2\/product\/6162","targetHints":{"allow":["GET"]}}],"collection":[{"href":"https:\/\/sinoextrud.com\/hu\/wp-json\/wp\/v2\/product"}],"about":[{"href":"https:\/\/sinoextrud.com\/hu\/wp-json\/wp\/v2\/types\/product"}],"wp:featuredmedia":[{"embeddable":true,"href":"https:\/\/sinoextrud.com\/hu\/wp-json\/wp\/v2\/media\/6161"}],"wp:attachment":[{"href":"https:\/\/sinoextrud.com\/hu\/wp-json\/wp\/v2\/media?parent=6162"}],"wp:term":[{"taxonomy":"category","embeddable":true,"href":"https:\/\/sinoextrud.com\/hu\/wp-json\/wp\/v2\/categories?post=6162"}],"curies":[{"name":"wp","href":"https:\/\/api.w.org\/{rel}","templated":true}]}}