{"id":6154,"date":"2025-05-25T14:39:29","date_gmt":"2025-05-25T14:39:29","guid":{"rendered":"https:\/\/sinoextrud.com\/product\/aluminium-extrusion-motor-body\/"},"modified":"2025-06-24T03:54:15","modified_gmt":"2025-06-24T03:54:15","slug":"aluminium-extrudalt-motortest","status":"publish","type":"product","link":"https:\/\/sinoextrud.com\/hu\/product\/aluminium-extrusion-motor-body\/","title":{"rendered":"Alum\u00ednium extrud\u00e1lt motortest"},"content":{"rendered":"<h2>Term\u00e9kek r\u00e9szletei<\/h2>\n<table class=\"custom-table\">\n<tr>\n<td class=\"label\">Term\u00e9k neve<\/td>\n<td>alum\u00ednium extrud\u00e1lt motortest<\/td>\n<\/tr>\n<tr>\n<td class=\"label\">Term\u00e9kv\u00e1laszt\u00e9k<\/td>\n<td>alum\u00ednium extrud\u00e1l\u00e1s Thaif\u00f6ld sz\u00e1m\u00e1ra motoralkatr\u00e9szek \u00e9s tartoz\u00e9kok, motor alkatr\u00e9szek raider, motorh\u00e9j, skorpi\u00f3 motor, bases de motor, motorcraft alkatr\u00e9szek, muller motor, silver crest motor, stb.<\/td>\n<\/tr>\n<tr>\n<td class=\"label\">Megfelel\u0151 rendszerek T\u00edpusok<\/td>\n<td>m\u0171szerek, \u00e9rz\u00e9kel\u0151k, kommunik\u00e1ci\u00f3, elektronika, automatiz\u00e1l\u00e1s, smart CARDS, ipari vez\u00e9rl\u00e9s, prec\u00edzi\u00f3s g\u00e9pek, fordulatsz\u00e1m-cs\u00f6kkent\u0151 motorok stb.<\/td>\n<\/tr>\n<tr>\n<td class=\"label\">Alum\u00ednium \u00f6tv\u00f6zet<\/td>\n<td>1000 sorozat, 200 sorozat, 3000 sorozat, 5000 sorozat, 6000 sorozat, 7000 sorozat, 7000 sorozat<\/td>\n<\/tr>\n<tr>\n<td class=\"label\">Temper<\/td>\n<td>T3-T8<\/td>\n<\/tr>\n<tr>\n<td class=\"label\">Shape<\/td>\n<td>Az \u00fcgyf\u00e9l ig\u00e9nyei szerint<\/td>\n<\/tr>\n<tr>\n<td class=\"label\">Sz\u00ednes<\/td>\n<td>Az \u00fcgyf\u00e9l ig\u00e9nyei szerint<\/td>\n<\/tr>\n<tr>\n<td class=\"label\">Fel\u00fcletkezel\u00e9s<\/td>\n<td>malomra k\u00e9sz, elox\u00e1lt, fa szemcs\u00e9s, er\u0151 bevonat, homokf\u00fav\u00e1s, elektrofor\u00e9zis, csiszolt, pol\u00edroz\u00e1s, stb.<\/td>\n<\/tr>\n<tr>\n<td class=\"label\">CNC m\u00e9lyfeldolgoz\u00e1s<\/td>\n<td>v\u00e1g\u00e1s, f\u00far\u00e1s, megmunk\u00e1l\u00e1s, lyukaszt\u00e1s, hajl\u00edt\u00e1s, csapol\u00e1s stb.<\/td>\n<\/tr>\n<tr>\n<td class=\"label\">Tan\u00fas\u00edtv\u00e1nyok<\/td>\n<td>CE, ISO, SGS, TUV, ROHS<\/td>\n<\/tr>\n<tr>\n<td class=\"label\">Mint\u00e1k<\/td>\n<td>ingyenes minta. 1-3 nap alatt sz\u00e1ll\u00edtjuk \u00d6nnek.<\/td>\n<\/tr>\n<tr>\n<td class=\"label\">MOQ<\/td>\n<td>200KG minden egyes profilhoz<\/td>\n<\/tr>\n<tr>\n<td class=\"label\">Sz\u00e1ll\u00edt\u00e1si id\u0151<\/td>\n<td>A pen\u00e9sz kifejleszt\u00e9se \u00e9s a minta kialak\u00edt\u00e1sa 12-15 nap, majd a gy\u00e1rt\u00e1s id\u0151tartama 15-25 nap a vev\u0151 let\u00e9tbe helyez\u00e9se ut\u00e1n.<\/td>\n<\/tr>\n<tr>\n<td class=\"label\">Fizet\u00e9si felt\u00e9telek<\/td>\n<td>30% bet\u00e9t a gy\u00e1rt\u00e1s el\u0151tt, \u00e9s a sz\u00e1ll\u00edt\u00e1s el\u0151tti egyenleg.<\/td>\n<\/tr>\n<\/table>\n<h2>Gy\u00e1rt\u00f3 b\u00e1zisunk<\/h2>\n<h3>Gy\u00e1ri panor\u00e1ma<\/h3>\n<p><img decoding=\"async\" src=\"\/wp-content\/uploads\/factory-01.webp\"\/><\/p>\n<h3>Alum\u00ednium r\u00fadgy\u00e1rt\u00f3 m\u0171hely<\/h3>\n<p><img decoding=\"async\" src=\"\/wp-content\/uploads\/factory-02.webp\"\/><\/p>\n<p><img decoding=\"async\" src=\"\/wp-content\/uploads\/factory-03.webp\"\/><\/p>\n<h3>Pen\u00e9sz rakt\u00e1r<\/h3>\n<p><img decoding=\"async\" src=\"\/wp-content\/uploads\/factory-04.webp\"\/><\/p>\n<h3>43 alum\u00ednium extrud\u00e1l\u00f3 vonal (500-5500 tonna)<\/h3>\n<p><img decoding=\"async\" src=\"\/wp-content\/uploads\/factory-05.webp\"\/><\/p>\n<p><img decoding=\"async\" src=\"\/wp-content\/uploads\/factory-06.webp\"\/><\/p>\n<p><img decoding=\"async\" src=\"\/wp-content\/uploads\/factory-07.webp\"\/><\/p>\n<h3>Porfest\u0151 m\u0171hely<\/h3>\n<p><img decoding=\"async\" src=\"\/wp-content\/uploads\/factory-09.webp\"\/><\/p>\n<h3>Anodiz\u00e1l\u00f3 m\u0171hely<\/h3>\n<p><img decoding=\"async\" src=\"\/wp-content\/uploads\/factory-10.webp\"\/><\/p>\n<h3>M\u00e9ly feldolgoz\u00e1si m\u0171hely<\/h3>\n<p><img decoding=\"async\" src=\"\/wp-content\/uploads\/factory-11.webp\"\/><\/p>\n<h3>CNC prec\u00edzi\u00f3s megmunk\u00e1l\u00f3 m\u0171hely<\/h3>\n<p><img decoding=\"async\" src=\"\/wp-content\/uploads\/factory-11.5.webp\"\/><\/p>\n<h3>K\u00e9szterm\u00e9k \u00e9s export rakt\u00e1r<\/h3>\n<p><img decoding=\"async\" src=\"\/wp-content\/uploads\/factory-12.webp\"\/><\/p>\n<p><img decoding=\"async\" src=\"\/wp-content\/uploads\/factory-13.webp\"\/><\/p>\n<p><img decoding=\"async\" src=\"\/wp-content\/uploads\/factory-14.webp\"\/><\/p>\n<h2>GYIK<\/h2>\n<p><p><b>1.Mi az alum\u00ednium extrud\u00e1lt motortest? <\/b><\/p>\n<p> Az alum\u00ednium extrud\u00e1lt motortest egy prec\u00edzi\u00f3san megtervezett, extrud\u00e1lt alum\u00edniumb\u00f3l k\u00e9sz\u00fclt h\u00e1z, amelyet az elektromos motor alkatr\u00e9szeinek burkol\u00e1s\u00e1ra \u00e9s v\u00e9delm\u00e9re haszn\u00e1lnak.<br \/>\n<\/p><br \/>\n<br \/>\n<p><b>2.Mik az alum\u00ednium extrud\u00e1lt motortestek el\u0151nyei? <\/b><\/p>\n<p> Az alum\u00ednium extrud\u00e1lt motortestek kiv\u00e1l\u00f3 h\u0151elvezet\u00e9st, k\u00f6nny\u0171 szil\u00e1rds\u00e1got, korr\u00f3zi\u00f3\u00e1ll\u00f3s\u00e1got \u00e9s nagy m\u00e9retpontoss\u00e1got biztos\u00edtanak a motorszerelv\u00e9nyekhez.<br \/>\n<\/p><br \/>\n<br \/>\n<p><b>3.Mi\u00e9rt v\u00e1lassza az alum\u00edniumot a motortest extrud\u00e1l\u00e1s\u00e1hoz? <\/b><\/p>\n<p> Az alum\u00ednium kiv\u00e1l\u00f3 h\u0151vezet\u0151 k\u00e9pess\u00e9ge, kis s\u00falya, korr\u00f3zi\u00f3\u00e1ll\u00f3s\u00e1ga \u00e9s k\u00f6nny\u0171 megmunk\u00e1lhat\u00f3s\u00e1ga miatt ide\u00e1lis a motortest extrud\u00e1l\u00e1s\u00e1ra.<br \/>\n<\/p><br \/>\n<br \/>\n<p><b>4.Hogyan jav\u00edtja az alum\u00ednium extrud\u00e1l\u00e1s a motor h\u0171t\u00e9s\u00e9t? <\/b><\/p>\n<p> Az alum\u00ednium extrud\u00e1lt motortestek integr\u00e1lt lamell\u00e1kkal \u00e9s nagy fel\u00fclettel rendelkeznek, ami hat\u00e9kony h\u0151elvezet\u00e9st \u00e9s jobb motorteljes\u00edtm\u00e9nyt tesz lehet\u0151v\u00e9.<br \/>\n<\/p><br \/>\n<br \/>\n<p><b>5.Az alum\u00ednium extrud\u00e1lt motortestek testre szabhat\u00f3k? <\/b><\/p>\n<p> Igen, az alum\u00ednium motortestek testre szabhat\u00f3k a hossz, a keresztmetszet, a fel\u00fcletkezel\u00e9s \u00e9s a szerel\u00e9si jellemz\u0151k tekintet\u00e9ben, hogy megfeleljenek a k\u00fcl\u00f6nb\u00f6z\u0151 motorkialak\u00edt\u00e1soknak.<br \/>\n<\/p><br \/>\n<br \/>\n<p><b>6.Milyen ipar\u00e1gak haszn\u00e1lj\u00e1k az alum\u00ednium extrud\u00e1lt motortesteket? <\/b><\/p>\n<p> Az alum\u00ednium extrud\u00e1lt motortesteket \u00e1ltal\u00e1ban elektromos j\u00e1rm\u0171vekben, HVAC-rendszerekben, ipari g\u00e9pekben \u00e9s automatiz\u00e1l\u00e1si berendez\u00e9sekben haszn\u00e1lj\u00e1k megb\u00edzhat\u00f3 motorh\u00e1zk\u00e9nt.<br \/>\n<\/p><br \/>\n<br \/>\n<p><b>7.Cs\u00f6kkentik-e az alum\u00ednium motortestek a motor \u00f6sszt\u00f6meg\u00e9t? <\/b><\/p>\n<p> Igen, az alum\u00ednium motortestek jelent\u0151sen cs\u00f6kkentik a motorok s\u00faly\u00e1t az ac\u00e9lh\u00e1zakhoz k\u00e9pest, n\u00f6velve a hat\u00e9konys\u00e1got \u00e9s a hordozhat\u00f3s\u00e1got.<br \/>\n<\/p><br \/>\n<br \/>\n<p><b>8.Tart\u00f3sak az alum\u00ednium extrud\u00e1lt motortestek? <\/b><\/p>\n<p> Az alum\u00ednium extrud\u00e1lt motortestek rendk\u00edv\u00fcl tart\u00f3sak, ellen\u00e1llnak a kop\u00e1snak, a korr\u00f3zi\u00f3nak \u00e9s a mechanikai ig\u00e9nybev\u00e9telnek.<br \/>\n<\/p><br \/>\n<br \/>\n<p><b>9.Milyen fel\u00fcletkezel\u00e9s \u00e9rhet\u0151 el az alum\u00ednium motorh\u00e1zakhoz? <\/b><\/p>\n<p> Az alum\u00ednium extrud\u00e1lt motortestek elox\u00e1lhat\u00f3k, porsz\u00f3rtan bevonhat\u00f3k vagy homokf\u00fav\u00e1ssal tiszt\u00edthat\u00f3k a korr\u00f3zi\u00f3\u00e1ll\u00f3s\u00e1g, az eszt\u00e9tikum \u00e9s az elektromos szigetel\u00e9s jav\u00edt\u00e1sa \u00e9rdek\u00e9ben.<br \/>\n<\/p><br \/>\n<br \/>\n<p><b>10.Hogyan t\u00e1mogatj\u00e1k az alum\u00ednium sajtolt motortestek a fenntarthat\u00f3s\u00e1got? <\/b><\/p>\n<p> Az alum\u00ednium \u00fajrahasznos\u00edthat\u00f3 \u00e9s energiatakar\u00e9kosan feldolgozhat\u00f3, \u00edgy az alum\u00ednium extrud\u00e1lt motortestek k\u00f6rnyezetbar\u00e1t v\u00e1laszt\u00e1snak bizonyulnak az elektromos motorok alkalmaz\u00e1saihoz.<br \/>\n<\/p><br \/><\/p>","protected":false},"featured_media":6153,"template":"","categories":[58],"class_list":["post-6154","product","type-product","status-publish","has-post-thumbnail","hentry","category-aluminium-extrusion-profiles"],"meta_box":{"hilight_text_group":{"product_hilight_text":"<li>Excellent heat dissipation for efficient motor cooling<\/li>\r\r\n<li>Lightweight yet strong structure reduces overall motor weight<\/li>\r\r\n<li>Precision extruded for high dimensional accuracy<\/li>\r\r\n<li>Corrosion-resistant surface ensures long service life<\/li>\r\r\n<li>Customizable profiles to fit various motor designs<\/li>","product_chanpin_chanpin":"<li><a href=\"https:\/\/sinoextrud.com\/product\/linear-rail-aluminium-extrusion\/\" target=\"_blank\">Linear Rail Aluminium Extrusion<\/a><\/li>\r\n<li><a href=\"https:\/\/sinoextrud.com\/product\/led-strip-lights-aluminum-profile\/\" target=\"_blank\">Led Strip Lights Aluminum Profile<\/a><\/li>\r\n<li><a href=\"https:\/\/sinoextrud.com\/product\/retractable-awning-aluminum-tube\/\" target=\"_blank\">Retractable Awning Aluminum Tube<\/a><\/li>\r\n<li><a href=\"https:\/\/sinoextrud.com\/product\/aluminum-sign-extrusions\/\" target=\"_blank\">Aluminum Sign Extrusions<\/a><\/li>\r\n<li><a href=\"https:\/\/sinoextrud.com\/product\/aluminium-extrusion-motor-body\/\" target=\"_blank\">Aluminium Extrusion Motor Body<\/a><\/li>\r\n<li><a href=\"https:\/\/sinoextrud.com\/product\/aluminium-extrusion-6082-5083-aluminum-alloy-profile\/\" target=\"_blank\">Aluminium Extrusion 6082 5083 Aluminum Alloy Profile<\/a><\/li>\r\n<li><a href=\"https:\/\/sinoextrud.com\/product\/aluminium-edge-trim-profiles\/\" target=\"_blank\">Aluminium Edge Trim Profiles<\/a><\/li>\r\n<li><a href=\"https:\/\/sinoextrud.com\/product\/led-plant-growth-light-aluminum-profile\/\" target=\"_blank\">Led Plant Growth Light Aluminum Profile<\/a><\/li>\r\n<li><a href=\"https:\/\/sinoextrud.com\/product\/anodized-small-aluminum-extrusions\/\" target=\"_blank\">Anodized Small Aluminum Extrusions<\/a><\/li>\r\n<li><a href=\"https:\/\/sinoextrud.com\/product\/aluminum-extrusions-milling-cutting-and-assembly\/\" target=\"_blank\">Aluminum Extrusions Milling Cutting and Assembly<\/a><\/li>\r\n<li><a href=\"https:\/\/sinoextrud.com\/product\/extruded-aluminum-stock\/\" target=\"_blank\">Extruded Aluminum Stock<\/a><\/li>"},"feature_list":[]},"_links":{"self":[{"href":"https:\/\/sinoextrud.com\/hu\/wp-json\/wp\/v2\/product\/6154","targetHints":{"allow":["GET"]}}],"collection":[{"href":"https:\/\/sinoextrud.com\/hu\/wp-json\/wp\/v2\/product"}],"about":[{"href":"https:\/\/sinoextrud.com\/hu\/wp-json\/wp\/v2\/types\/product"}],"wp:featuredmedia":[{"embeddable":true,"href":"https:\/\/sinoextrud.com\/hu\/wp-json\/wp\/v2\/media\/6153"}],"wp:attachment":[{"href":"https:\/\/sinoextrud.com\/hu\/wp-json\/wp\/v2\/media?parent=6154"}],"wp:term":[{"taxonomy":"category","embeddable":true,"href":"https:\/\/sinoextrud.com\/hu\/wp-json\/wp\/v2\/categories?post=6154"}],"curies":[{"name":"wp","href":"https:\/\/api.w.org\/{rel}","templated":true}]}}