{"id":6145,"date":"2025-05-25T12:32:21","date_gmt":"2025-05-25T12:32:21","guid":{"rendered":"https:\/\/sinoextrud.com\/product\/linear-rail-aluminium-extrusion\/"},"modified":"2025-06-24T03:54:06","modified_gmt":"2025-06-24T03:54:06","slug":"linearis-sin-aluminium-extrudalas","status":"publish","type":"product","link":"https:\/\/sinoextrud.com\/hu\/product\/linear-rail-aluminium-extrusion\/","title":{"rendered":"Line\u00e1ris s\u00edn alum\u00ednium extrud\u00e1l\u00e1s"},"content":{"rendered":"<h2>Term\u00e9kek r\u00e9szletei<\/h2>\n<table class=\"custom-table\">\n<tr>\n<td class=\"label\">Term\u00e9k neve<\/td>\n<td>line\u00e1ris s\u00edn alum\u00ednium extrud\u00e1l\u00e1s<\/td>\n<\/tr>\n<tr>\n<td class=\"label\">Term\u00e9kv\u00e1laszt\u00e9k<\/td>\n<td>alum\u00ednium extrud\u00e1lt v line\u00e1ris s\u00edn t slot extrud\u00e1lt alum\u00ednium profil, c gerenda line\u00e1ris s\u00edn alum\u00ednium, extrud\u00e1lt profilok, alum\u00ednium extrud\u00e1lt s\u00edn, s\u00edn alum\u00ednium profil, alum\u00ednium extrud\u00e1lt vezet\u0151 s\u00ednek, hidroponikus s\u00edn, nagy pontoss\u00e1g\u00fa line\u00e1ris s\u00edn, alum\u00ednium s\u00ednprofil, alum\u00ednium profil s\u00edn, taktikai s\u00edn, stb.<\/td>\n<\/tr>\n<tr>\n<td class=\"label\">Megfelel\u0151 rendszerek T\u00edpusok<\/td>\n<td>t slot alum\u00ednium profil, alum\u00ednium t slot extrus, t slot profil, hiwin line\u00e1ris vezet\u0151s\u00edn, c szakasz, c s\u00edn, alum\u00ednium extrud\u00e1lt korl\u00e1t, alum\u00ednium profil f\u00fcgg\u00f6ny korl\u00e1t, alum\u00ednium h\u00edd profil l\u00f3g\u00f3 s\u00edn ajt\u00f3, u csatorna alum\u00ednium profil \u00fcveg korl\u00e1tok, tol\u00f3ajt\u00f3 alum\u00ednium vezet\u0151s\u00edn, alum\u00ednium ablak cs\u00fasz\u00f3 s\u00edn, stb.<\/td>\n<\/tr>\n<tr>\n<td class=\"label\">Alkalmaz\u00e1s<\/td>\n<td>Robotker\u00edt\u00e9s, munkapad, burkolatok, szerel\u0151sor, profilkeret, ipari platform, szersz\u00e1mos kocsi, akrilszekr\u00e9ny, lemezszekr\u00e9ny stb.<\/td>\n<\/tr>\n<tr>\n<td class=\"label\">Alum\u00ednium \u00f6tv\u00f6zet<\/td>\n<td>1000 sorozat, 200 sorozat, 3000 sorozat, 5000 sorozat, 6000 sorozat, 7000 sorozat, 7000 sorozat<\/td>\n<\/tr>\n<tr>\n<td class=\"label\">Temper<\/td>\n<td>T3-T8<\/td>\n<\/tr>\n<tr>\n<td class=\"label\">Shape<\/td>\n<td>Kerek, n\u00e9gyzet, sz\u00f6gletes, t\u00e9glalap alak\u00fa, hatsz\u00f6glet\u0171, vagy testreszabhat\u00f3<\/td>\n<\/tr>\n<tr>\n<td class=\"label\">Sz\u00ednes<\/td>\n<td>testreszab\u00e1s<\/td>\n<\/tr>\n<tr>\n<td class=\"label\">Fel\u00fcletkezel\u00e9s<\/td>\n<td>malomra k\u00e9sz, elox\u00e1lt, fa szemcs\u00e9s, er\u0151 bevonat, homokf\u00fav\u00e1s, elektrofor\u00e9zis, csiszolt, pol\u00edroz\u00e1s, stb.<\/td>\n<\/tr>\n<tr>\n<td class=\"label\">CNC m\u00e9lyfeldolgoz\u00e1s<\/td>\n<td>v\u00e1g\u00e1s, f\u00far\u00e1s, megmunk\u00e1l\u00e1s, lyukaszt\u00e1s, hajl\u00edt\u00e1s, csapol\u00e1s stb.<\/td>\n<\/tr>\n<tr>\n<td class=\"label\">Tan\u00fas\u00edtv\u00e1nyok<\/td>\n<td>CE, ISO, SGS, TUV, ROHS<\/td>\n<\/tr>\n<tr>\n<td class=\"label\">Mint\u00e1k<\/td>\n<td>ingyenes minta. 1-3 nap alatt sz\u00e1ll\u00edtjuk \u00d6nnek.<\/td>\n<\/tr>\n<tr>\n<td class=\"label\">MOQ<\/td>\n<td>200KG minden egyes profilhoz<\/td>\n<\/tr>\n<tr>\n<td class=\"label\">Sz\u00e1ll\u00edt\u00e1si id\u0151<\/td>\n<td>A pen\u00e9sz kifejleszt\u00e9se \u00e9s a minta kialak\u00edt\u00e1sa 12-15 nap, majd a gy\u00e1rt\u00e1s id\u0151tartama 15-25 nap a vev\u0151 let\u00e9tbe helyez\u00e9se ut\u00e1n.<\/td>\n<\/tr>\n<tr>\n<td class=\"label\">Fizet\u00e9si felt\u00e9telek<\/td>\n<td>30% bet\u00e9t a gy\u00e1rt\u00e1s el\u0151tt, \u00e9s a sz\u00e1ll\u00edt\u00e1s el\u0151tti egyenleg.<\/td>\n<\/tr>\n<tr>\n<td class=\"label\">Sz\u00e1ll\u00edt\u00e1s<\/td>\n<td>20GP, 40GP, 40HQ kont\u00e9nerrel vagy \u00f6mlesztett haj\u00f3val<\/td>\n<\/tr>\n<\/table>\n<h2>Gy\u00e1rt\u00f3 b\u00e1zisunk<\/h2>\n<h3>Gy\u00e1ri panor\u00e1ma<\/h3>\n<p><img decoding=\"async\" src=\"\/wp-content\/uploads\/factory-01.webp\"\/><\/p>\n<h3>Alum\u00ednium r\u00fadgy\u00e1rt\u00f3 m\u0171hely<\/h3>\n<p><img decoding=\"async\" src=\"\/wp-content\/uploads\/factory-02.webp\"\/><\/p>\n<p><img decoding=\"async\" src=\"\/wp-content\/uploads\/factory-03.webp\"\/><\/p>\n<h3>Pen\u00e9sz rakt\u00e1r<\/h3>\n<p><img decoding=\"async\" src=\"\/wp-content\/uploads\/factory-04.webp\"\/><\/p>\n<h3>43 alum\u00ednium extrud\u00e1l\u00f3 vonal (500-5500 tonna)<\/h3>\n<p><img decoding=\"async\" src=\"\/wp-content\/uploads\/factory-05.webp\"\/><\/p>\n<p><img decoding=\"async\" src=\"\/wp-content\/uploads\/factory-06.webp\"\/><\/p>\n<p><img decoding=\"async\" src=\"\/wp-content\/uploads\/factory-07.webp\"\/><\/p>\n<h3>Porfest\u0151 m\u0171hely<\/h3>\n<p><img decoding=\"async\" src=\"\/wp-content\/uploads\/factory-09.webp\"\/><\/p>\n<h3>Anodiz\u00e1l\u00f3 m\u0171hely<\/h3>\n<p><img decoding=\"async\" src=\"\/wp-content\/uploads\/factory-10.webp\"\/><\/p>\n<h3>M\u00e9ly feldolgoz\u00e1si m\u0171hely<\/h3>\n<p><img decoding=\"async\" src=\"\/wp-content\/uploads\/factory-11.webp\"\/><\/p>\n<h3>CNC prec\u00edzi\u00f3s megmunk\u00e1l\u00f3 m\u0171hely<\/h3>\n<p><img decoding=\"async\" src=\"\/wp-content\/uploads\/factory-11.5.webp\"\/><\/p>\n<h3>K\u00e9szterm\u00e9k \u00e9s export rakt\u00e1r<\/h3>\n<p><img decoding=\"async\" src=\"\/wp-content\/uploads\/factory-12.webp\"\/><\/p>\n<p><img decoding=\"async\" src=\"\/wp-content\/uploads\/factory-13.webp\"\/><\/p>\n<p><img decoding=\"async\" src=\"\/wp-content\/uploads\/factory-14.webp\"\/><\/p>\n<h2>GYIK<\/h2>\n<p><p><b>1.Mi a line\u00e1ris s\u00ednes alum\u00ednium extrud\u00e1l\u00e1s? <\/b><\/p>\n<p> A line\u00e1ris s\u00edn alum\u00ednium sajtoltprofil egy prec\u00edzen megtervezett alum\u00edniumprofil, amelyet line\u00e1ris mozg\u00f3rendszerek t\u00e1mogat\u00e1s\u00e1ra terveztek, \u00e9s amely stabil alapot biztos\u00edt a s\u00ednek \u00e9s kocsik sz\u00e1m\u00e1ra.<br \/>\n<\/p><br \/>\n<br \/>\n<p><b>2.Milyen el\u0151ny\u00f6kkel j\u00e1r a line\u00e1ris s\u00ednes alum\u00ednium extrud\u00e1l\u00e1sok haszn\u00e1lata? <\/b><\/p>\n<p> A line\u00e1ris s\u00edn alum\u00ednium extrud\u00e1lt r\u00e9szei nagy merevs\u00e9get, k\u00f6nny\u0171 szerkezetet, korr\u00f3zi\u00f3\u00e1ll\u00f3s\u00e1got \u00e9s k\u00f6nny\u0171 \u00f6sszeszerelhet\u0151s\u00e9get biztos\u00edtanak, ide\u00e1lisak automatiz\u00e1l\u00e1si \u00e9s CNC alkalmaz\u00e1sokhoz.<br \/>\n<\/p><br \/>\n<br \/>\n<p><b>3.Mi\u00e9rt haszn\u00e1ljunk alum\u00ednium extrud\u00e1lt s\u00ednsz\u00e1lakat line\u00e1ris s\u00ednekhez? <\/b><\/p>\n<p> Az alum\u00ednium extrud\u00e1lt r\u00e9szek k\u00f6nny\u0171ek, tart\u00f3sak \u00e9s korr\u00f3zi\u00f3\u00e1ll\u00f3ak, \u00edgy t\u00f6k\u00e9letesen alkalmasak a nagy pontoss\u00e1g\u00fa mozg\u00e1srendszerek line\u00e1ris s\u00ednjeinek al\u00e1t\u00e1maszt\u00e1s\u00e1ra.<br \/>\n<\/p><br \/>\n<br \/>\n<p><b>4.Hol haszn\u00e1lj\u00e1k \u00e1ltal\u00e1ban a line\u00e1ris s\u00ednes alum\u00ednium extrud\u00e1lt term\u00e9keket? <\/b><\/p>\n<p> A line\u00e1ris s\u00ednes alum\u00ednium extrud\u00e1l\u00e1sokat sz\u00e9les k\u00f6rben haszn\u00e1lj\u00e1k CNC-g\u00e9pekben, 3D-nyomtat\u00f3kban, robotik\u00e1ban \u00e9s automatiz\u00e1lt szerel\u0151sorokon a pontos \u00e9s sima mozg\u00e1shoz.<br \/>\n<\/p><br \/>\n<br \/>\n<p><b>5.A line\u00e1ris s\u00ednes alum\u00edniumprofilok testre szabhat\u00f3k? <\/b><\/p>\n<p> Igen, a line\u00e1ris s\u00edn alum\u00ednium extrud\u00e1lt r\u00e9szei testre szabottan v\u00e1ghat\u00f3k, f\u00farhat\u00f3k vagy elox\u00e1lhat\u00f3k, hogy megfeleljenek a mozg\u00e1srendszerek speci\u00e1lis szerkezeti \u00e9s funkcion\u00e1lis k\u00f6vetelm\u00e9nyeinek.<br \/>\n<\/p><br \/>\n<br \/>\n<p><b>6.Mennyire er\u0151sek a line\u00e1ris s\u00ednes alum\u00ednium extrud\u00e1l\u00e1sok? <\/b><\/p>\n<p> A line\u00e1ris s\u00edn alum\u00ednium extrud\u00e1l\u00e1sokat nagy teherb\u00edr\u00f3 k\u00e9pess\u00e9gre tervezt\u00e9k, mik\u00f6zben k\u00f6nny\u0171ek maradnak, \u00e9s mind k\u00f6nny\u0171, mind neh\u00e9z alkalmaz\u00e1sokhoz alkalmasak.<br \/>\n<\/p><br \/>\n<br \/>\n<p><b>7.Lehet-e line\u00e1ris s\u00edneket k\u00f6zvetlen\u00fcl alum\u00edniumprofilokra szerelni? <\/b><\/p>\n<p> A line\u00e1ris s\u00ednek k\u00f6zvetlen\u00fcl alum\u00edniumprofilokra szerelhet\u0151k a gyors telep\u00edt\u00e9s, az igaz\u00edt\u00e1si pontoss\u00e1g \u00e9s a modul\u00e1ris kialak\u00edt\u00e1s rugalmass\u00e1ga \u00e9rdek\u00e9ben.<br \/>\n<\/p><br \/>\n<br \/>\n<p><b>8.Hogyan viszonyulnak a line\u00e1ris s\u00ednes alum\u00edniumprofilok az ac\u00e9lkeretekhez? <\/b><\/p>\n<p> Az alum\u00edniumb\u00f3l k\u00e9sz\u00fclt line\u00e1ris s\u00ednsz\u00e1lak az ac\u00e9lhoz k\u00e9pest k\u00f6nnyebbek, k\u00f6nnyebben megmunk\u00e1lhat\u00f3k \u00e9s korr\u00f3zi\u00f3\u00e1ll\u00f3ak, \u00edgy az er\u0151 \u00e9s a haszn\u00e1lhat\u00f3s\u00e1g jobb egyens\u00faly\u00e1t k\u00edn\u00e1lj\u00e1k.<br \/>\n<\/p><br \/>\n<br \/>\n<p><b>9.Cs\u00f6kkentik-e a line\u00e1ris s\u00ednes alum\u00ednium extrud\u00e1l\u00e1sok a rezg\u00e9seket? <\/b><\/p>\n<p> Igen, az alum\u00ednium extrud\u00e1l\u00e1sok seg\u00edtenek elnyelni az \u00fczemi rezg\u00e9seket \u00e9s stabil alapot biztos\u00edtanak, jav\u00edtva a line\u00e1ris mozg\u00e1srendszerek pontoss\u00e1g\u00e1t \u00e9s \u00e9lettartam\u00e1t.<br \/>\n<\/p><br \/>\n<br \/>\n<p><b>10.Alkalmasak-e a line\u00e1ris s\u00ednes alum\u00edniumprofilok bark\u00e1csmunk\u00e1khoz? <\/b><\/p>\n<p> Igen, a line\u00e1ris s\u00ednes alum\u00edniumprofilok modul\u00e1ris fel\u00e9p\u00edt\u00e9s\u00fck \u00e9s egyszer\u0171 haszn\u00e1latuk miatt ide\u00e1lisak a bark\u00e1cs CNC, a l\u00e9zerv\u00e1g\u00f3 \u00e9s az automatiz\u00e1l\u00e1s \u00e9p\u00edt\u00e9s\u00e9hez.<br \/>\n<\/p><br \/><\/p>","protected":false},"featured_media":6144,"template":"","categories":[58],"class_list":["post-6145","product","type-product","status-publish","has-post-thumbnail","hentry","category-aluminium-extrusion-profiles"],"meta_box":{"hilight_text_group":{"product_hilight_text":"<li>Integrated guide rail design for smooth linear motion<\/li>\r\r\n<li>High rigidity and precision for automation and CNC applications<\/li>\r\r\n<li>Modular structure allows easy assembly and expansion<\/li>\r\r\n<li>Lightweight aluminum reduces overall system weight<\/li>\r\r\n<li>Corrosion-resistant and low maintenance for industrial use<\/li>","product_chanpin_chanpin":"<li><a href=\"https:\/\/sinoextrud.com\/product\/anodized-aluminum\/\" target=\"_blank\">Anodized Aluminum<\/a><\/li>\r\n<li><a href=\"https:\/\/sinoextrud.com\/product\/large-aluminum-extrusion-2\/\" target=\"_blank\">Large Aluminum Extrusion<\/a><\/li>\r\n<li><a href=\"https:\/\/sinoextrud.com\/product\/aluminium-door-extrusions-profiles\/\" target=\"_blank\">Aluminium Door Extrusions Profiles<\/a><\/li>\r\n<li><a href=\"https:\/\/sinoextrud.com\/product\/aluminium-extrusion-profile-handle\/\" target=\"_blank\">Aluminium Extrusion Profile Handle<\/a><\/li>\r\n<li><a href=\"https:\/\/sinoextrud.com\/product\/linear-rail-aluminium-extrusion\/\" target=\"_blank\">Linear Rail Aluminium Extrusion<\/a><\/li>\r\n<li><a href=\"https:\/\/sinoextrud.com\/product\/led-strip-lights-aluminum-profile\/\" target=\"_blank\">Led Strip Lights Aluminum Profile<\/a><\/li>\r\n<li><a href=\"https:\/\/sinoextrud.com\/product\/retractable-awning-aluminum-tube\/\" target=\"_blank\">Retractable Awning Aluminum Tube<\/a><\/li>\r\n<li><a href=\"https:\/\/sinoextrud.com\/product\/aluminum-sign-extrusions\/\" target=\"_blank\">Aluminum Sign Extrusions<\/a><\/li>\r\n<li><a href=\"https:\/\/sinoextrud.com\/product\/aluminium-extrusion-motor-body\/\" target=\"_blank\">Aluminium Extrusion Motor Body<\/a><\/li>\r\n<li><a href=\"https:\/\/sinoextrud.com\/product\/new-design-kitchen-handle-aluminum-profile\/\" target=\"_blank\">New Design Kitchen Handle Aluminum Profile<\/a><\/li>\r\n<li><a href=\"https:\/\/sinoextrud.com\/product\/l-shaped-aluminum-extrusion-6063-t5-aluminum-angle-bar-alloy-profile\/\" target=\"_blank\">L Shaped Aluminum Extrusion  6063 T5 Aluminum Angle Bar Alloy Profile<\/a><\/li>"},"feature_list":[]},"_links":{"self":[{"href":"https:\/\/sinoextrud.com\/hu\/wp-json\/wp\/v2\/product\/6145","targetHints":{"allow":["GET"]}}],"collection":[{"href":"https:\/\/sinoextrud.com\/hu\/wp-json\/wp\/v2\/product"}],"about":[{"href":"https:\/\/sinoextrud.com\/hu\/wp-json\/wp\/v2\/types\/product"}],"wp:featuredmedia":[{"embeddable":true,"href":"https:\/\/sinoextrud.com\/hu\/wp-json\/wp\/v2\/media\/6144"}],"wp:attachment":[{"href":"https:\/\/sinoextrud.com\/hu\/wp-json\/wp\/v2\/media?parent=6145"}],"wp:term":[{"taxonomy":"category","embeddable":true,"href":"https:\/\/sinoextrud.com\/hu\/wp-json\/wp\/v2\/categories?post=6145"}],"curies":[{"name":"wp","href":"https:\/\/api.w.org\/{rel}","templated":true}]}}