{"id":6056,"date":"2025-05-24T03:29:45","date_gmt":"2025-05-24T03:29:45","guid":{"rendered":"https:\/\/sinoextrud.com\/product\/industrial-aluminum-brushed-polish-profile-for-railing-and-showroom-decoration\/"},"modified":"2025-06-24T03:53:56","modified_gmt":"2025-06-24T03:53:56","slug":"ipari-aluminium-csiszolt-polirozott-profil-korlat-es-bemutatoterem-dekoraciohoz","status":"publish","type":"product","link":"https:\/\/sinoextrud.com\/hu\/product\/industrial-aluminum-brushed-polish-profile-for-railing-and-showroom-decoration\/","title":{"rendered":"Ipari alum\u00ednium csiszolt lengyel profil a korl\u00e1t \u00e9s a bemutat\u00f3terem dekor\u00e1ci\u00f3hoz"},"content":{"rendered":"<h2>Term\u00e9kek r\u00e9szletei<\/h2>\n<table class=\"custom-table\">\n<tr>\n<td class=\"label\">M\u00e1rkan\u00e9v:<\/td>\n<td>Sinoextrud<\/td>\n<\/tr>\n<tr>\n<td class=\"label\">anyag:<\/td>\n<td>alum\u00ednium\u00f6tv\u00f6zet<\/td>\n<\/tr>\n<tr>\n<td class=\"label\">Megnevez\u00e9s:<\/td>\n<td>6 vagy m\u00e1s sorozat az \u00d6n ig\u00e9nye szerint<\/td>\n<\/tr>\n<tr>\n<td class=\"label\">hossz<\/td>\n<td>Testreszabott<\/td>\n<\/tr>\n<tr>\n<td class=\"label\">vastags\u00e1g<\/td>\n<td>Testreszabott<\/td>\n<\/tr>\n<tr>\n<td class=\"label\">Le\u00edr\u00e1s<\/td>\n<td>alum\u00ednium profil, alum\u00ednium extrud\u00e1l\u00e1s, alum\u00ednium cs\u0151, r\u00fad, alum\u00ednium \u00f6tv\u00f6zet, alum\u00ednium term\u00e9kek, alum\u00ednium ajt\u00f3k \u00e9s ablakok, \u00e9p\u00edt\u0151anyag<\/td>\n<\/tr>\n<tr>\n<td class=\"label\">Fel\u00fcletkezel\u00e9s<\/td>\n<td>malom (kezel\u00e9s n\u00e9lk\u00fcl), pol\u00edrozott, elox\u00e1l\u00e1s, er\u0151bevonat, fa szemcs\u00e9s fest\u00e9s, homokf\u00fav\u00e1s, elektrofor\u00e9zis stb.<\/td>\n<\/tr>\n<tr>\n<td class=\"label\">Dimenzi\u00f3<\/td>\n<td>opcion\u00e1lis<\/td>\n<\/tr>\n<tr>\n<td class=\"label\">Csomagol\u00e1s<\/td>\n<td>Kraft pap\u00edr, kartondoboz, v\u00e9d\u0151hab h\u0151vel \u00f6sszeh\u00fazott m\u0171anyag f\u00f3lia, polizs\u00e1k stb. az \u00d6n ig\u00e9nyei szerint.<\/td>\n<\/tr>\n<tr>\n<td class=\"label\">Tan\u00fas\u00edtv\u00e1nyok<\/td>\n<td>ISO 9001.CE, SGS,<\/td>\n<\/tr>\n<tr>\n<td class=\"label\">Sz\u00ednes<\/td>\n<td>Ez\u00fcst , fekete, ez\u00fcst, bronz, pezsg\u0151, faanyag stb.<\/td>\n<\/tr>\n<tr>\n<td class=\"label\">Shape<\/td>\n<td>K\u00fcl\u00f6nb\u00f6z\u0151 form\u00e1k, param\u00e9terek \u00e9s sz\u00ednek \u00e1llnak rendelkez\u00e9sre<\/td>\n<\/tr>\n<tr>\n<td class=\"label\">Usuage<\/td>\n<td>ablakok, ajt\u00f3k, falak, b\u00fatorok, \u00e9p\u00edt\u00e9szeti, dekor\u00e1ci\u00f3s, polg\u00e1ri, ipari \u00e9s informatikai term\u00e9kek stb,<\/td>\n<\/tr>\n<tr>\n<td class=\"label\">Sz\u00e1ll\u00edt\u00e1si r\u00e9szletek<\/td>\n<td>10-20 nap \/ mennyis\u00e9gt\u0151l \u00e9s rajzokt\u00f3l f\u00fcgg\u0151en<\/td>\n<\/tr>\n<tr>\n<td class=\"label\">Min\u0151s\u00e9g<\/td>\n<td>A min\u0151s\u00e9g megfelel a nemzetk\u00f6zi szabv\u00e1nynak.<\/td>\n<\/tr>\n<tr>\n<td class=\"label\">Tervez\u00e9s<\/td>\n<td>OEM vagy ODM \u00e1ll rendelkez\u00e9sre, pls k\u00fcldje el nek\u00fcnk a rajz\u00e1t<\/td>\n<\/tr>\n<tr>\n<td class=\"label\">Jellemz\u0151<\/td>\n<td>Magas korr\u00f3zi\u00f3\u00e1ll\u00f3s\u00e1g, id\u0151j\u00e1r\u00e1s\u00e1ll\u00f3s\u00e1g, h\u0151\u00e1ll\u00f3s\u00e1g, l\u00fag\u00e1ll\u00f3s\u00e1g<\/td>\n<\/tr>\n<\/table>\n<h2>Gy\u00e1rt\u00f3 b\u00e1zisunk<\/h2>\n<h3>Gy\u00e1ri panor\u00e1ma<\/h3>\n<p><img decoding=\"async\" src=\"\/wp-content\/uploads\/factory-01.webp\"\/><\/p>\n<h3>Alum\u00ednium r\u00fadgy\u00e1rt\u00f3 m\u0171hely<\/h3>\n<p><img decoding=\"async\" src=\"\/wp-content\/uploads\/factory-02.webp\"\/><\/p>\n<\/p>\n<p><img decoding=\"async\" src=\"\/wp-content\/uploads\/factory-03.webp\"\/><\/p>\n<h3>Pen\u00e9sz rakt\u00e1r<\/h3>\n<p><img decoding=\"async\" src=\"\/wp-content\/uploads\/factory-04.webp\"\/><\/p>\n<h3>43 alum\u00ednium extrud\u00e1l\u00f3 vonal (500-5500 tonna)<\/h3>\n<p><img decoding=\"async\" src=\"\/wp-content\/uploads\/factory-05.webp\"\/><\/p>\n<p><img decoding=\"async\" src=\"\/wp-content\/uploads\/factory-06.webp\"\/><\/p>\n<p><img decoding=\"async\" src=\"\/wp-content\/uploads\/factory-07.webp\"\/><\/p>\n<h3>Porfest\u0151 m\u0171hely<\/h3>\n<p><img decoding=\"async\" src=\"\/wp-content\/uploads\/factory-09.webp\"\/><\/p>\n<h3>Anodiz\u00e1l\u00f3 m\u0171hely<\/h3>\n<p><img decoding=\"async\" src=\"\/wp-content\/uploads\/factory-10.webp\"\/><\/p>\n<h3>M\u00e9ly feldolgoz\u00e1si m\u0171hely<\/h3>\n<p><img decoding=\"async\" src=\"\/wp-content\/uploads\/factory-11.webp\"\/><\/p>\n<h3>CNC prec\u00edzi\u00f3s megmunk\u00e1l\u00f3 m\u0171hely<\/h3>\n<p><img decoding=\"async\" src=\"\/wp-content\/uploads\/factory-11.5.webp\"\/><\/p>\n<h3>K\u00e9szterm\u00e9k \u00e9s export rakt\u00e1r<\/h3>\n<p><img decoding=\"async\" src=\"\/wp-content\/uploads\/factory-12.webp\"\/><\/p>\n<p><img decoding=\"async\" src=\"\/wp-content\/uploads\/factory-13.webp\"\/><\/p>\n<p><img decoding=\"async\" src=\"\/wp-content\/uploads\/factory-14.webp\"\/><\/p>\n<h2>GYIK<\/h2>\n<p><b>1.Mi az ipari alum\u00ednium csiszolt lengyel profil a korl\u00e1t \u00e9s a bemutat\u00f3terem dekor\u00e1ci\u00f3hoz? <\/b><\/p>\n<p> Ez egy sz\u00e1lcsiszolt \u00e9s pol\u00edrozott fel\u00fclet\u0171 alum\u00ednium extrud\u00e1l\u00e1s, amelyet korl\u00e1trendszerekben \u00e9s bemutat\u00f3termi dekor\u00e1ci\u00f3ban val\u00f3 haszn\u00e1latra terveztek, hogy eleg\u00e1ns, modern megjelen\u00e9st biztos\u00edtson.\n<\/p>\n<p><\/p>\n<p><b>2.Mik az ipari alum\u00ednium csiszolt lengyel profilok el\u0151nyei? <\/b><\/p>\n<p> Ezek a profilok magas sz\u00ednvonal\u00fa eszt\u00e9tik\u00e1t, kiv\u00e1l\u00f3 korr\u00f3zi\u00f3\u00e1ll\u00f3s\u00e1got, k\u00f6nny\u0171 karbantart\u00e1st \u00e9s tart\u00f3s teljes\u00edtm\u00e9nyt k\u00edn\u00e1lnak mind szerkezeti, mind dekorat\u00edv alkalmaz\u00e1sokhoz.\n<\/p>\n<p><\/p>\n<p><b>3.Mi\u00e9rt v\u00e1lassza a csiszolt f\u00e9nyez\u00e9st az alum\u00ednium profilokhoz? <\/b><\/p>\n<p> A csiszolt f\u00e9nyez\u00e9s kifinomult, matt f\u00e9m megjelen\u00e9st biztos\u00edt, amely elrejti az ujjlenyomatokat \u00e9s a karcol\u00e1sokat, ide\u00e1lis a nagy forgalm\u00fa \u00e9s vizu\u00e1lisan felt\u0171n\u0151 ter\u00fcleteken, p\u00e9ld\u00e1ul bemutat\u00f3termekben \u00e9s korl\u00e1tokon.\n<\/p>\n<p><\/p>\n<p><b>4.A Brushed Polish alum\u00ednium profil alkalmas belt\u00e9ri \u00e9s k\u00fclt\u00e9ri haszn\u00e1latra? <\/b><\/p>\n<p> Igen, a csiszolt \u00e9s pol\u00edrozott fel\u00fclet, gyakran elox\u00e1l\u00e1ssal kombin\u00e1lva, ellen\u00e1ll\u00f3v\u00e1 teszi a nedvess\u00e9ggel \u00e9s az UV-hat\u00e1ssal szemben, \u00edgy hossz\u00fa t\u00e1v\u00fa belt\u00e9ri vagy k\u00fclt\u00e9ri haszn\u00e1latra alkalmas.\n<\/p>\n<p><\/p>\n<p><b>5.Milyen alkalmaz\u00e1sok haszn\u00e1lj\u00e1k az ipari alum\u00ednium csiszolt lengyel profilokat? <\/b><\/p>\n<p> Ezeket a profilokat gyakran haszn\u00e1lj\u00e1k l\u00e9pcs\u0151korl\u00e1tok, erk\u00e9lykorl\u00e1tok, \u00fczletberendez\u00e9sek, bemutat\u00f3termek, v\u00e1laszfalak \u00e9s \u00e9p\u00edt\u00e9szeti d\u00edsz\u00edt\u00e9sek k\u00e9sz\u00edt\u00e9s\u00e9hez.\n<\/p>\n<p><\/p>\n<p><b>6.Lehet-e ezeket a profilokat m\u00e9retben \u00e9s alakban testre szabni? <\/b><\/p>\n<p> Term\u00e9szetesen k\u00fcl\u00f6nb\u00f6z\u0151 hossz\u00fas\u00e1gokban, keresztmetszetekben \u00e9s kivitelben gy\u00e1rthat\u00f3k, hogy megfeleljenek az egyedi tervez\u00e9si \u00e9s be\u00e9p\u00edt\u00e9si k\u00f6vetelm\u00e9nyeknek.\n<\/p>\n<p><\/p>\n<p><b>7.Hogyan jav\u00edtja a csiszolt f\u00e9ny\u0171 alum\u00ednium a bemutat\u00f3terem kialak\u00edt\u00e1s\u00e1t? <\/b><\/p>\n<p> Modern, el\u0151kel\u0151 hangulatot k\u00f6lcs\u00f6n\u00f6z a bels\u0151 tereknek, vonz\u00f3an t\u00fckr\u00f6zi a f\u00e9nyt, \u00e9s tiszta, professzion\u00e1lis megjelen\u00e9st biztos\u00edt, amely jav\u00edtja a term\u00e9kbemutat\u00f3t.\n<\/p>\n<p><\/p>\n<p><b>8.Are ipari csiszolt lengyel alum\u00ednium profilok k\u00f6nnyen karbantarthat\u00f3? <\/b><\/p>\n<p> Igen, a sima fel\u00fclet ellen\u00e1ll a szennyez\u0151d\u00e9seknek, \u00e9s csak id\u0151nk\u00e9nti tiszt\u00edt\u00e1st ig\u00e9nyel puha ruh\u00e1val \u00e9s enyhe mos\u00f3szerrel, hogy \u00e9rintetlen maradjon.\n<\/p>\n<p><\/p>\n<p><b>9.Is csiszolt pol\u00edrozott alum\u00ednium k\u00f6rnyezetbar\u00e1t? <\/b><\/p>\n<p> Igen, az alum\u00ednium 100% \u00fajrahasznos\u00edthat\u00f3, \u00e9s a befejez\u0151 folyamat \u00e1ltal\u00e1ban alacsony kibocs\u00e1t\u00e1s\u00fa, \u00edgy fenntarthat\u00f3 v\u00e1laszt\u00e1s a modern \u00e9p\u00edt\u0151iparban \u00e9s a tervez\u00e9sben.\n<\/p>\n<p><\/p>\n<p><b>10.Mennyire tart\u00f3s a csiszolt, pol\u00edrozott alum\u00ednium profil korl\u00e1t haszn\u00e1lat\u00e1hoz? <\/b><\/p>\n<p> Nagyon tart\u00f3s - a csiszolt \u00e9s pol\u00edrozott alum\u00edniumprofilok ellen\u00e1llnak a kop\u00e1snak, a korr\u00f3zi\u00f3nak \u00e9s a deform\u00e1ci\u00f3nak, \u00edgy hossz\u00fa t\u00e1v\u00fa szerkezeti \u00e9s vizu\u00e1lis teljes\u00edtm\u00e9nyt biztos\u00edtanak.\n<\/p>\n<p><\/p>","protected":false},"featured_media":6055,"template":"","categories":[57],"class_list":["post-6056","product","type-product","status-publish","has-post-thumbnail","hentry","category-anodized-aluminum-profile"],"meta_box":{"hilight_text_group":{"product_hilight_text":"<li>Brushed polish finish offers a sleek, high-end aesthetic for modern spaces<\/li>\r\r\n<li>Durable aluminum construction ensures long-lasting performance and corrosion resistance<\/li>\r\r\n<li>Ideal for railings, showroom displays, and interior architectural accents<\/li>\r\r\n<li>Easy to fabricate and install, saving time and labor costs<\/li>\r\r\n<li>Customizable sizes and finishes to meet specific design and branding needs<\/li>","product_chanpin_chanpin":"<li><a href=\"https:\/\/sinoextrud.com\/product\/sandblasted-aluminum-profile\/\" target=\"_blank\">Sandblasted Aluminum Profile<\/a><\/li>\r\n<li><a href=\"https:\/\/sinoextrud.com\/product\/extruded-aluminum-stock\/\" target=\"_blank\">Extruded Aluminum Stock<\/a><\/li>\r\n<li><a href=\"https:\/\/sinoextrud.com\/product\/custom-anodized-aluminium-profiles\/\" target=\"_blank\">Custom Anodized Aluminium Profiles<\/a><\/li>\r\n<li><a href=\"https:\/\/sinoextrud.com\/product\/aluminium-profile-corner-joint\/\" target=\"_blank\">Aluminium Profile Corner Joint<\/a><\/li>\r\n<li><a href=\"https:\/\/sinoextrud.com\/product\/industrial-aluminum-brushed-polish-profile-for-railing-and-showroom-decoration\/\" target=\"_blank\">Industrial Aluminum Brushed Polish Profile For Railing And Showroom Decoration<\/a><\/li>\r\n<li><a href=\"https:\/\/sinoextrud.com\/product\/anodized-aluminum\/\" target=\"_blank\">Anodized Aluminum<\/a><\/li>\r\n<li><a href=\"https:\/\/sinoextrud.com\/product\/large-aluminum-extrusion-2\/\" target=\"_blank\">Large Aluminum Extrusion<\/a><\/li>\r\n<li><a href=\"https:\/\/sinoextrud.com\/product\/aluminium-door-extrusions-profiles\/\" target=\"_blank\">Aluminium Door Extrusions Profiles<\/a><\/li>\r\n<li><a href=\"https:\/\/sinoextrud.com\/product\/aluminium-extrusion-profile-handle\/\" target=\"_blank\">Aluminium Extrusion Profile Handle<\/a><\/li>\r\n<li><a href=\"https:\/\/sinoextrud.com\/product\/cnc-machining-aluminium-profile-connectors\/\" target=\"_blank\">CNC Machining Aluminium Profile Connectors<\/a><\/li>\r\n<li><a href=\"https:\/\/sinoextrud.com\/product\/oem-precision-cnc-machining-for-aluminum-parts\/\" target=\"_blank\">OEM Precision CNC Machining For Aluminum Parts<\/a><\/li>"},"feature_list":[]},"_links":{"self":[{"href":"https:\/\/sinoextrud.com\/hu\/wp-json\/wp\/v2\/product\/6056","targetHints":{"allow":["GET"]}}],"collection":[{"href":"https:\/\/sinoextrud.com\/hu\/wp-json\/wp\/v2\/product"}],"about":[{"href":"https:\/\/sinoextrud.com\/hu\/wp-json\/wp\/v2\/types\/product"}],"wp:featuredmedia":[{"embeddable":true,"href":"https:\/\/sinoextrud.com\/hu\/wp-json\/wp\/v2\/media\/6055"}],"wp:attachment":[{"href":"https:\/\/sinoextrud.com\/hu\/wp-json\/wp\/v2\/media?parent=6056"}],"wp:term":[{"taxonomy":"category","embeddable":true,"href":"https:\/\/sinoextrud.com\/hu\/wp-json\/wp\/v2\/categories?post=6056"}],"curies":[{"name":"wp","href":"https:\/\/api.w.org\/{rel}","templated":true}]}}