{"id":6054,"date":"2025-05-24T03:26:31","date_gmt":"2025-05-24T03:26:31","guid":{"rendered":"https:\/\/sinoextrud.com\/product\/aluminium-profile-corner-joint\/"},"modified":"2025-06-24T03:53:53","modified_gmt":"2025-06-24T03:53:53","slug":"aluminium-profil-sarokcsuklo","status":"publish","type":"product","link":"https:\/\/sinoextrud.com\/hu\/product\/aluminium-profile-corner-joint\/","title":{"rendered":"Alum\u00ednium profil sarokcsukl\u00f3"},"content":{"rendered":"<h2>Term\u00e9kek r\u00e9szletei<\/h2>\n<table class=\"custom-table\">\n<tr>\n<td class=\"label\">T\u00e9tel neve<\/td>\n<td>alum\u00ednium profil 6063 gy\u00e1rt\u00f3,CNC alum\u00ednium profil megmunk\u00e1l\u00e1s,mar\u00e1s,lyukaszt\u00e1s,alum\u00ednium profil sarokcsuk\u00f3<\/td>\n<\/tr>\n<tr>\n<td class=\"label\">Anyagmin\u0151s\u00e9g<\/td>\n<td>6000-es sorozat\u00fa \u00f6tv\u00f6zet<\/td>\n<\/tr>\n<tr>\n<td class=\"label\">Temper<\/td>\n<td>T5-T6<\/td>\n<\/tr>\n<tr>\n<td class=\"label\">Technol\u00f3gia<\/td>\n<td>Alum\u00ednium extrud\u00e1l\u00e1s<\/td>\n<\/tr>\n<tr>\n<td class=\"label\">Fel\u00fcletkezel\u00e9s<\/td>\n<td>Malomipari kivitel, elox\u00e1l\u00e1s, porsz\u00f3r\u00e1s, homokf\u00fav\u00e1s, elektrofor\u00e9zis stb.<\/td>\n<\/tr>\n<tr>\n<td class=\"label\">Sz\u00ednes<\/td>\n<td>Ez\u00fcst\u00f6s feh\u00e9r, fekete, arany, pezsg\u0151, s\u00f6t\u00e9t bronz vagy az \u00d6n ig\u00e9nyei szerint.<\/td>\n<\/tr>\n<tr>\n<td class=\"label\">Norm\u00e1l elox\u00e1l\u00e1s vastags\u00e1ga<\/td>\n<td>8-12 mikro<\/td>\n<\/tr>\n<tr>\n<td class=\"label\">Norm\u00e1l teljes\u00edtm\u00e9ny Bevonat vastags\u00e1ga<\/td>\n<td>60-100 mikro<\/td>\n<\/tr>\n<tr>\n<td class=\"label\">Shape<\/td>\n<td>N\u00e9gyzet, kerek, lapos, vagy az \u00fcgyfelek rajzai szerint<\/td>\n<\/tr>\n<tr>\n<td class=\"label\">Hossz\u00fas\u00e1g<\/td>\n<td>Az export standard hossza 5,8 m, az elox\u00e1l\u00e1s 6,5 m\u00e9ter, legfeljebb 13 m\u00e9ter, legfeljebb 13 m\u00e9ter.<\/td>\n<\/tr>\n<tr>\n<td class=\"label\">M\u00e9lyrehat\u00f3 feldolgoz\u00e1s<\/td>\n<td>v\u00e1g\u00e1s, f\u00far\u00e1s, lyukaszt\u00e1s, hajl\u00edt\u00e1s stb.<\/td>\n<\/tr>\n<tr>\n<td class=\"label\">2D&amp;3D tervez\u00e9s<\/td>\n<td>1: 4 tervez\u0151 a tervez\u00e9si \u00e9s fejleszt\u00e9si oszt\u00e1lyon\uff0c2: Auto CAD, 3D, AI, SLD, PRT. IGS, PDF, JPEG stb.<\/td>\n<\/tr>\n<tr>\n<td class=\"label\">M\u00e9rn\u00f6ki munka \u00e9s szersz\u00e1moz\u00e1s<\/td>\n<td>1: 8 m\u00e9rn\u00f6k a Mold Shop.2: Haszn\u00e1ljon nagy tonnatartalm\u00fa extruder, Wire EDM, CNC, f\u00far\u00f3g\u00e9pek stb.<\/td>\n<\/tr>\n<\/table>\n<h2>Gy\u00e1rt\u00f3 b\u00e1zisunk<\/h2>\n<h3>Gy\u00e1ri panor\u00e1ma<\/h3>\n<p><img decoding=\"async\" src=\"\/wp-content\/uploads\/factory-01.webp\"\/><\/p>\n<h3>Alum\u00ednium r\u00fadgy\u00e1rt\u00f3 m\u0171hely<\/h3>\n<p><img decoding=\"async\" src=\"\/wp-content\/uploads\/factory-02.webp\"\/><\/p>\n<p><img decoding=\"async\" src=\"\/wp-content\/uploads\/factory-03.webp\"\/><\/p>\n<h3>Pen\u00e9sz rakt\u00e1r<\/h3>\n<p><img decoding=\"async\" src=\"\/wp-content\/uploads\/factory-04.webp\"\/><\/p>\n<h3>43 alum\u00ednium extrud\u00e1l\u00f3 vonal (500-5500 tonna)<\/h3>\n<p><img decoding=\"async\" src=\"\/wp-content\/uploads\/factory-05.webp\"\/><\/p>\n<p><img decoding=\"async\" src=\"\/wp-content\/uploads\/factory-06.webp\"\/><\/p>\n<p><img decoding=\"async\" src=\"\/wp-content\/uploads\/factory-07.webp\"\/><\/p>\n<h3>Porfest\u0151 m\u0171hely<\/h3>\n<p><img decoding=\"async\" src=\"\/wp-content\/uploads\/factory-09.webp\"\/><\/p>\n<h3>Anodiz\u00e1l\u00f3 m\u0171hely<\/h3>\n<p><img decoding=\"async\" src=\"\/wp-content\/uploads\/factory-10.webp\"\/><\/p>\n<h3>M\u00e9ly feldolgoz\u00e1si m\u0171hely<\/h3>\n<p><img decoding=\"async\" src=\"\/wp-content\/uploads\/factory-11.webp\"\/><\/p>\n<h3>CNC prec\u00edzi\u00f3s megmunk\u00e1l\u00f3 m\u0171hely<\/h3>\n<p><img decoding=\"async\" src=\"\/wp-content\/uploads\/factory-11.5.webp\"\/><\/p>\n<h3>K\u00e9szterm\u00e9k \u00e9s export rakt\u00e1r<\/h3>\n<p><img decoding=\"async\" src=\"\/wp-content\/uploads\/factory-12.webp\"\/><\/p>\n<p><img decoding=\"async\" src=\"\/wp-content\/uploads\/factory-13.webp\"\/><\/p>\n<p><img decoding=\"async\" src=\"\/wp-content\/uploads\/factory-14.webp\"\/><\/p>\n<h2>GYIK<\/h2>\n<p><p><b>1.Mi az alum\u00ednium profil sarokilleszt\u00e9s? <\/b><\/p>\n<p> Az alum\u00edniumprofil sarokcsatlakoz\u00f3 egy olyan csatlakoz\u00f3, amelyet k\u00e9t vagy t\u00f6bb alum\u00edniumprofil biztons\u00e1gos \u00f6sszekapcsol\u00e1s\u00e1ra haszn\u00e1lnak a sarokn\u00e1l, jellemz\u0151en 90 fokban, modul\u00e1ris keretrendszerekben.<br \/>\n<\/p><br \/>\n<br \/>\n<p><b>2.Milyen el\u0151ny\u00f6kkel j\u00e1r az alum\u00ednium profil sarokcsukl\u00f3k haszn\u00e1lata? <\/b><\/p>\n<p> Ezek az illeszt\u00e9sek er\u0151s szerkezeti kapcsolatokat, k\u00f6nny\u0171 \u00f6sszeszerel\u00e9st, jobb igaz\u00edt\u00e1st \u00e9s nagyobb stabilit\u00e1st biztos\u00edtanak az alum\u00ednium keretrendszerekben.<br \/>\n<\/p><br \/>\n<br \/>\n<p><b>3.Mi\u00e9rt fontosak az alum\u00ednium profil sarokcsukl\u00f3k az \u00e9p\u00edt\u0151iparban? <\/b><\/p>\n<p> Pontos sz\u00f6geket biztos\u00edtanak, cs\u00f6kkentik a hegeszt\u00e9s sz\u00fcks\u00e9gess\u00e9g\u00e9t, \u00e9s minim\u00e1lis er\u0151fesz\u00edt\u00e9ssel lehet\u0151v\u00e9 teszik a modul\u00e1ris, \u00e1tkonfigur\u00e1lhat\u00f3 szerkezetek kialak\u00edt\u00e1s\u00e1t.<br \/>\n<\/p><br \/>\n<br \/>\n<p><b>4.Az alum\u00ednium profil sarokcsukl\u00f3k k\u00f6nnyen telep\u00edthet\u0151k? <\/b><\/p>\n<p> Igen, gyors, szersz\u00e1mok n\u00e9lk\u00fcli, csavarok, csavarok vagy horonyanyok seg\u00edts\u00e9g\u00e9vel t\u00f6rt\u00e9n\u0151 felszerel\u00e9sre tervezt\u00e9k \u0151ket, \u00edgy ide\u00e1lisak a bark\u00e1csol\u00e1shoz \u00e9s a professzion\u00e1lis haszn\u00e1lathoz.<br \/>\n<\/p><br \/>\n<br \/>\n<p><b>5.Az alum\u00ednium profil sarokilleszt\u00e9sek \u00fajrafelhaszn\u00e1lhat\u00f3k? <\/b><\/p>\n<p> Felt\u00e9tlen\u00fcl modul\u00e1ris rendszerekhez tervezt\u00e9k \u0151ket, lehet\u0151v\u00e9 t\u00e9ve a k\u00f6nny\u0171 sz\u00e9tszerel\u00e9st \u00e9s \u00fajrafelhaszn\u00e1l\u00e1st a profilok vagy csatlakoz\u00f3k k\u00e1rosod\u00e1sa n\u00e9lk\u00fcl.<br \/>\n<\/p><br \/>\n<br \/>\n<p><b>6.Milyen anyagokb\u00f3l k\u00e9sz\u00fclnek az alum\u00ednium profil sarokcsukl\u00f3k? <\/b><\/p>\n<p> A legt\u00f6bbj\u00fck tart\u00f3s \u00f6nt\u00f6tt alum\u00edniumb\u00f3l vagy cink\u00f6tv\u00f6zetb\u0151l k\u00e9sz\u00fcl, hogy megfeleljen a csatlakoztatott profilok szil\u00e1rds\u00e1g\u00e1nak \u00e9s kivitel\u00e9nek.<br \/>\n<\/p><br \/>\n<br \/>\n<p><b>7.Milyen alkalmaz\u00e1sok haszn\u00e1lj\u00e1k az alum\u00ednium profil sarokcsukl\u00f3kat? <\/b><\/p>\n<p> Gyakori felhaszn\u00e1l\u00e1si ter\u00fcletei k\u00f6z\u00e9 tartoznak a g\u00e9pkeretek, munka\u00e1llom\u00e1sok, bemutat\u00f3egys\u00e9gek, polcrendszerek \u00e9s modul\u00e1ris burkolatok ipari \u00e9s kereskedelmi k\u00f6rnyezetben.<br \/>\n<\/p><br \/>\n<br \/>\n<p><b>8.Az alum\u00ednium profil sarokcsukl\u00f3k elb\u00edrj\u00e1k a nagy terhel\u00e9st? <\/b><\/p>\n<p> Igen, a kiv\u00e1l\u00f3 min\u0151s\u00e9g\u0171 sarokilleszt\u00e9sek \u00fagy vannak kialak\u00edtva, hogy megfelel\u0151 alum\u00edniumprofilokkal val\u00f3 megfelel\u0151 be\u00e9p\u00edt\u00e9s eset\u00e9n jelent\u0151s mechanikai terhel\u00e9st b\u00edrjanak el.<br \/>\n<\/p><br \/>\n<br \/>\n<p><b>9.Vannak k\u00fcl\u00f6nb\u00f6z\u0151 t\u00edpus\u00fa alum\u00ednium profil sarokcsukl\u00f3k? <\/b><\/p>\n<p> Igen, a rendelkez\u00e9sre \u00e1ll\u00f3 t\u00edpusok k\u00f6z\u00e9 tartoznak a bels\u0151 csatlakoz\u00f3k, a sz\u00f6gtart\u00f3k, a 2-, 3- \u00e9s 4-ir\u00e1ny\u00fa k\u00f6t\u00e9sek, amelyek mindegyike speci\u00e1lis szerkezeti ig\u00e9nyekre lett kialak\u00edtva.<br \/>\n<\/p><br \/>\n<br \/>\n<p><b>10.Az alum\u00ednium profil sarokcsukl\u00f3k kompatibilisek az \u00f6sszes alum\u00ednium profillal? <\/b><\/p>\n<p> \u00c1ltal\u00e1ban a szabv\u00e1nyos T-ny\u00edl\u00e1s\u00fa \u00e9s V-ny\u00edl\u00e1s\u00fa extrud\u00e1l\u00e1si rendszerekhez tervezt\u00e9k \u0151ket, de egyedi profilm\u00e9retekhez egyedi opci\u00f3k is rendelkez\u00e9sre \u00e1llnak.<br \/>\n<\/p><br \/><\/p>","protected":false},"featured_media":6053,"template":"","categories":[57],"class_list":["post-6054","product","type-product","status-publish","has-post-thumbnail","hentry","category-anodized-aluminum-profile"],"meta_box":{"hilight_text_group":{"product_hilight_text":"<li>Provides strong and precise 90\u00c2\u00b0 connections for aluminium profile frames<\/li>\r\r\n<li>Quick and easy to install without welding or special tools<\/li>\r\r\n<li>Compatible with standard T-slot and modular aluminium systems<\/li>\r\r\n<li>Durable and corrosion-resistant for long-term structural stability<\/li>\r\r\n<li>Ideal for industrial automation, enclosures, and custom assemblies<\/li>","product_chanpin_chanpin":"<li><a href=\"https:\/\/sinoextrud.com\/product\/anodized-aluminum-trim-molding\/\" target=\"_blank\">Anodized Aluminum Trim Molding<\/a><\/li>\r\n<li><a href=\"https:\/\/sinoextrud.com\/product\/sandblasted-aluminum-profile\/\" target=\"_blank\">Sandblasted Aluminum Profile<\/a><\/li>\r\n<li><a href=\"https:\/\/sinoextrud.com\/product\/extruded-aluminum-stock\/\" target=\"_blank\">Extruded Aluminum Stock<\/a><\/li>\r\n<li><a href=\"https:\/\/sinoextrud.com\/product\/custom-anodized-aluminium-profiles\/\" target=\"_blank\">Custom Anodized Aluminium Profiles<\/a><\/li>\r\n<li><a href=\"https:\/\/sinoextrud.com\/product\/aluminium-profile-corner-joint\/\" target=\"_blank\">Aluminium Profile Corner Joint<\/a><\/li>\r\n<li><a href=\"https:\/\/sinoextrud.com\/product\/industrial-aluminum-brushed-polish-profile-for-railing-and-showroom-decoration\/\" target=\"_blank\">Industrial Aluminum Brushed Polish Profile For Railing And Showroom Decoration<\/a><\/li>\r\n<li><a href=\"https:\/\/sinoextrud.com\/product\/anodized-aluminum\/\" target=\"_blank\">Anodized Aluminum<\/a><\/li>\r\n<li><a href=\"https:\/\/sinoextrud.com\/product\/large-aluminum-extrusion-2\/\" target=\"_blank\">Large Aluminum Extrusion<\/a><\/li>\r\n<li><a href=\"https:\/\/sinoextrud.com\/product\/aluminium-door-extrusions-profiles\/\" target=\"_blank\">Aluminium Door Extrusions Profiles<\/a><\/li>\r\n<li><a href=\"https:\/\/sinoextrud.com\/product\/c-section-aluminium-extrusion\/\" target=\"_blank\">C Section Aluminium Extrusion<\/a><\/li>\r\n<li><a href=\"https:\/\/sinoextrud.com\/product\/anodized-extruded-aluminum\/\" target=\"_blank\">Anodized Extruded Aluminum<\/a><\/li>"},"feature_list":[]},"_links":{"self":[{"href":"https:\/\/sinoextrud.com\/hu\/wp-json\/wp\/v2\/product\/6054","targetHints":{"allow":["GET"]}}],"collection":[{"href":"https:\/\/sinoextrud.com\/hu\/wp-json\/wp\/v2\/product"}],"about":[{"href":"https:\/\/sinoextrud.com\/hu\/wp-json\/wp\/v2\/types\/product"}],"wp:featuredmedia":[{"embeddable":true,"href":"https:\/\/sinoextrud.com\/hu\/wp-json\/wp\/v2\/media\/6053"}],"wp:attachment":[{"href":"https:\/\/sinoextrud.com\/hu\/wp-json\/wp\/v2\/media?parent=6054"}],"wp:term":[{"taxonomy":"category","embeddable":true,"href":"https:\/\/sinoextrud.com\/hu\/wp-json\/wp\/v2\/categories?post=6054"}],"curies":[{"name":"wp","href":"https:\/\/api.w.org\/{rel}","templated":true}]}}