{"id":6052,"date":"2025-05-24T03:21:24","date_gmt":"2025-05-24T03:21:24","guid":{"rendered":"https:\/\/sinoextrud.com\/product\/custom-anodized-aluminium-profiles\/"},"modified":"2025-06-24T03:53:51","modified_gmt":"2025-06-24T03:53:51","slug":"egyedi-eloxalt-aluminium-profilok","status":"publish","type":"product","link":"https:\/\/sinoextrud.com\/hu\/product\/custom-anodized-aluminium-profiles\/","title":{"rendered":"Egyedi elox\u00e1lt alum\u00ednium profilok"},"content":{"rendered":"<h2>Term\u00e9kek r\u00e9szletei<\/h2>\n<table class=\"custom-table\">\n<tr>\n<td class=\"label\">Sz\u00ednes<\/td>\n<td>\u00e1tl\u00e1tsz\u00f3, term\u00e9szetes, arany, ez\u00fcst, r\u00f3zsasz\u00edn, feh\u00e9r, fekete, k\u00e9k, s\u00f6t\u00e9t, barna, sz\u00fcrke, z\u00f6ld, pezsg\u0151, t\u00f6bb sz\u00edn\u0171, fekete, k\u00e9k, s\u00f6t\u00e9t, barna, sz\u00fcrke, z\u00f6ld, pezsg\u0151, t\u00f6bb sz\u00edn\u0171.<\/td>\n<\/tr>\n<tr>\n<td class=\"label\">f\u00e9nyer\u0151<\/td>\n<td>matt, f\u00e9nyes<\/td>\n<\/tr>\n<tr>\n<td class=\"label\">f\u00e9mes hat\u00e1s<\/td>\n<td>s\u00e1rgar\u00e9z, r\u00e9z<\/td>\n<\/tr>\n<tr>\n<td class=\"label\">Fel\u00fcletkezel\u00e9s<\/td>\n<td>pol\u00edrozott elox\u00e1lt, csiszolt elox\u00e1lt, szat\u00e9n elox\u00e1lt, elox\u00e1lt porsz\u00f3rt stb.<\/td>\n<\/tr>\n<tr>\n<td class=\"label\">Alum\u00ednium \u00f6tv\u00f6zet anyag<\/td>\n<td>7075, 5052, 6063, 6061, stb. (Egy\u00e9ni, amit akarsz)<\/td>\n<\/tr>\n<tr>\n<td class=\"label\">Alkalmaz\u00e1sok<\/td>\n<td>p\u00e1lya, l\u00e1bazat, ablakkeretek, keret, cs\u0151, sz\u00f6g, sz\u00f6gletes szeg\u00e9ly, s\u00fct\u0151ipari term\u00e9kek, blokk, lapos r\u00fad, f\u0151z\u0151ed\u00e9nyek, homlokzat, tet\u0151fed\u00e9s stb.<\/td>\n<\/tr>\n<\/table>\n<h2>Gy\u00e1rt\u00f3 b\u00e1zisunk<\/h2>\n<h3>Gy\u00e1ri panor\u00e1ma<\/h3>\n<p><img decoding=\"async\" src=\"\/wp-content\/uploads\/factory-01.webp\"\/><\/p>\n<h3>Alum\u00ednium r\u00fadgy\u00e1rt\u00f3 m\u0171hely<\/h3>\n<p><img decoding=\"async\" src=\"\/wp-content\/uploads\/factory-02.webp\"\/><\/p>\n<p><img decoding=\"async\" src=\"\/wp-content\/uploads\/factory-03.webp\"\/><\/p>\n<h3>Pen\u00e9sz rakt\u00e1r<\/h3>\n<p><img decoding=\"async\" src=\"\/wp-content\/uploads\/factory-04.webp\"\/><\/p>\n<h3>43 alum\u00ednium extrud\u00e1l\u00f3 vonal (500-5500 tonna)<\/h3>\n<p><img decoding=\"async\" src=\"\/wp-content\/uploads\/factory-05.webp\"\/><\/p>\n<p><img decoding=\"async\" src=\"\/wp-content\/uploads\/factory-06.webp\"\/><\/p>\n<p><img decoding=\"async\" src=\"\/wp-content\/uploads\/factory-07.webp\"\/><\/p>\n<h3>Porfest\u0151 m\u0171hely<\/h3>\n<p><img decoding=\"async\" src=\"\/wp-content\/uploads\/factory-09.webp\"\/><\/p>\n<h3>Anodiz\u00e1l\u00f3 m\u0171hely<\/h3>\n<p><img decoding=\"async\" src=\"\/wp-content\/uploads\/factory-10.webp\"\/><\/p>\n<h3>M\u00e9ly feldolgoz\u00e1si m\u0171hely<\/h3>\n<p><img decoding=\"async\" src=\"\/wp-content\/uploads\/factory-11.webp\"\/><\/p>\n<h3>CNC prec\u00edzi\u00f3s megmunk\u00e1l\u00f3 m\u0171hely<\/h3>\n<p><img decoding=\"async\" src=\"\/wp-content\/uploads\/factory-11.5.webp\"\/><\/p>\n<h3>K\u00e9szterm\u00e9k \u00e9s export rakt\u00e1r<\/h3>\n<p><img decoding=\"async\" src=\"\/wp-content\/uploads\/factory-12.webp\"\/><\/p>\n<p><img decoding=\"async\" src=\"\/wp-content\/uploads\/factory-13.webp\"\/><\/p>\n<p><img decoding=\"async\" src=\"\/wp-content\/uploads\/factory-14.webp\"\/><\/p>\n<h2>GYIK<\/h2>\n<p><p><b>1.Mi az egyedi elox\u00e1lt alum\u00ednium profilok? <\/b><\/p>\n<p> Az egyedi elox\u00e1lt alum\u00ednium profilok olyan alum\u00ednium extrud\u00e1lt term\u00e9kek, amelyek alakja, m\u00e9rete \u00e9s fel\u00fclete testre szabott, majd elox\u00e1lt, hogy jav\u00edtsa a fel\u00fclet tart\u00f3ss\u00e1g\u00e1t, korr\u00f3zi\u00f3\u00e1ll\u00f3s\u00e1g\u00e1t \u00e9s megjelen\u00e9s\u00e9t.<br \/>\n<\/p><br \/>\n<br \/>\n<p><b>2.Mik az egyedi elox\u00e1lt alum\u00ednium profilok el\u0151nyei? <\/b><\/p>\n<p> Ezek a profilok pontos testreszabhat\u00f3s\u00e1got, tart\u00f3s elox\u00e1lt v\u00e9delmet, eszt\u00e9tikai rugalmass\u00e1got, valamint jobb kop\u00e1s- \u00e9s korr\u00f3zi\u00f3\u00e1ll\u00f3s\u00e1got k\u00edn\u00e1lnak.<br \/>\n<\/p><br \/>\n<br \/>\n<p><b>3.Mi\u00e9rt v\u00e1lassza az elox\u00e1l\u00e1st az egyedi alum\u00ednium profilokhoz? <\/b><\/p>\n<p> Az elox\u00e1l\u00e1s er\u0151s\u00edti a fel\u00fcletet, jav\u00edtja az UV- \u00e9s korr\u00f3zi\u00f3\u00e1ll\u00f3s\u00e1got, \u00e9s lehet\u0151v\u00e9 teszi a k\u00fcl\u00f6nb\u00f6z\u0151 sz\u00edn- \u00e9s text\u00farav\u00e1laszt\u00e9kot an\u00e9lk\u00fcl, hogy az alum\u00ednium integrit\u00e1s\u00e1t vesz\u00e9lyeztetn\u00e9.<br \/>\n<\/p><br \/>\n<br \/>\n<p><b>4.Lehet-e k\u00fclt\u00e9ren haszn\u00e1lni az egyedi elox\u00e1lt alum\u00ednium profilokat? <\/b><\/p>\n<p> Igen, az elox\u00e1lt bevonat rendk\u00edv\u00fcl ellen\u00e1ll\u00f3v\u00e1 teszi \u0151ket az id\u0151j\u00e1r\u00e1s viszontags\u00e1gaival szemben, \u00edgy ide\u00e1lisak k\u00fclt\u00e9ri szerkezetekhez, homlokzatokhoz \u00e9s \u00e9p\u00edt\u00e9szeti alkalmaz\u00e1sokhoz.<br \/>\n<\/p><br \/>\n<br \/>\n<p><b>5.Milyen fel\u00fcletek \u00e1llnak rendelkez\u00e9sre az egyedi elox\u00e1lt alum\u00ednium profilokhoz? <\/b><\/p>\n<p> A rendelkez\u00e9sre \u00e1ll\u00f3 kivitelek k\u00f6z\u00f6tt matt, szat\u00e9n, csiszolt \u00e9s f\u00e9nyes, elox\u00e1lt sz\u00ednv\u00e1laszt\u00e9kkal, mint p\u00e9ld\u00e1ul ez\u00fcst, fekete, bronz, arany \u00e9s pezsg\u0151.<br \/>\n<\/p><br \/>\n<br \/>\n<p><b>6.Az egyedi elox\u00e1lt alum\u00ednium profilok k\u00f6rnyezetbar\u00e1tok? <\/b><\/p>\n<p> Igen, az alum\u00ednium teljesen \u00fajrahasznos\u00edthat\u00f3, az elox\u00e1l\u00e1s pedig nem m\u00e9rgez\u0151, k\u00f6rnyezetbar\u00e1t elj\u00e1r\u00e1s, \u00edgy ezek a profilok fenntarthat\u00f3 tervez\u00e9si megold\u00e1st jelentenek.<br \/>\n<\/p><br \/>\n<br \/>\n<p><b>7.Milyen ipar\u00e1gak haszn\u00e1lj\u00e1k az egyedi elox\u00e1lt alum\u00ednium profilokat? <\/b><\/p>\n<p> Sz\u00e9les k\u00f6rben haszn\u00e1lj\u00e1k az \u00e9p\u00edt\u0151iparban, az aut\u00f3iparban, a rep\u00fcl\u0151g\u00e9piparban, a bels\u0151\u00e9p\u00edt\u00e9szetben, az elektronik\u00e1ban \u00e9s a b\u00fatoriparban szerkezeti \u00e9s dekor\u00e1ci\u00f3s c\u00e9lokra.<br \/>\n<\/p><br \/>\n<br \/>\n<p><b>8.Mennyi ideig tart az elox\u00e1lt fel\u00fclet az egyedi alum\u00edniumprofilokon? <\/b><\/p>\n<p> Az elox\u00e1lt r\u00e9teg rendk\u00edv\u00fcl tart\u00f3s, \u00e9vtizedekig v\u00e9delmet ny\u00fajt, norm\u00e1l k\u00f6r\u00fclm\u00e9nyek k\u00f6z\u00f6tt nem h\u00e1mlik, fakul vagy korrod\u00e1l\u00f3dik.<br \/>\n<\/p><br \/>\n<br \/>\n<p><b>9.Lehet-e egyedi elox\u00e1lt alum\u00ednium profilokat kis t\u00e9telben gy\u00e1rtani? <\/b><\/p>\n<p> Igen, a gy\u00e1rt\u00f3k nagy- \u00e9s kis t\u00e9teles megrendel\u00e9seket is k\u00e9pesek fogadni, \u00edgy alkalmasak protot\u00edpusok \u00e9s speci\u00e1lis projektek kivitelez\u00e9s\u00e9re.<br \/>\n<\/p><br \/>\n<br \/>\n<p><b>10.K\u00f6nny\u0171 telep\u00edteni az egyedi elox\u00e1lt alum\u00ednium profilokat? <\/b><\/p>\n<p> Ezek a profilok k\u00f6nny\u0171ek, k\u00f6nnyen megmunk\u00e1lhat\u00f3k, \u00e9s szabv\u00e1nyos hardverekkel \u00e9s csatlakoz\u00f3kkal szerelhet\u0151k vagy szerelhet\u0151k \u00f6ssze.<br \/>\n<\/p><br \/><\/p>","protected":false},"featured_media":6051,"template":"","categories":[57],"class_list":["post-6052","product","type-product","status-publish","has-post-thumbnail","hentry","category-anodized-aluminum-profile"],"meta_box":{"hilight_text_group":{"product_hilight_text":"<li>Custom profiles tailored to specific dimensions, shapes, and applications<\/li>\r\r\n<li>Anodized surface offers excellent corrosion, wear, and UV resistance<\/li>\r\r\n<li>Available in a variety of colors and finishes to match design requirements<\/li>\r\r\n<li>Durable, low-maintenance solution ideal for architectural and industrial use<\/li>\r\r\n<li>Improved surface hardness and aesthetic appeal for high-end projects<\/li>","product_chanpin_chanpin":"<li><a href=\"https:\/\/sinoextrud.com\/product\/extruded-aluminium-profile-with-sand-blasted-treatment\/\" target=\"_blank\">Extruded Aluminium Profile With Sand Blasted Treatment<\/a><\/li>\r\n<li><a href=\"https:\/\/sinoextrud.com\/product\/anodized-aluminum-trim-molding\/\" target=\"_blank\">Anodized Aluminum Trim Molding<\/a><\/li>\r\n<li><a href=\"https:\/\/sinoextrud.com\/product\/sandblasted-aluminum-profile\/\" target=\"_blank\">Sandblasted Aluminum Profile<\/a><\/li>\r\n<li><a href=\"https:\/\/sinoextrud.com\/product\/extruded-aluminum-stock\/\" target=\"_blank\">Extruded Aluminum Stock<\/a><\/li>\r\n<li><a href=\"https:\/\/sinoextrud.com\/product\/custom-anodized-aluminium-profiles\/\" target=\"_blank\">Custom Anodized Aluminium Profiles<\/a><\/li>\r\n<li><a href=\"https:\/\/sinoextrud.com\/product\/aluminium-profile-corner-joint\/\" target=\"_blank\">Aluminium Profile Corner Joint<\/a><\/li>\r\n<li><a href=\"https:\/\/sinoextrud.com\/product\/industrial-aluminum-brushed-polish-profile-for-railing-and-showroom-decoration\/\" target=\"_blank\">Industrial Aluminum Brushed Polish Profile For Railing And Showroom Decoration<\/a><\/li>\r\n<li><a href=\"https:\/\/sinoextrud.com\/product\/anodized-aluminum\/\" target=\"_blank\">Anodized Aluminum<\/a><\/li>\r\n<li><a href=\"https:\/\/sinoextrud.com\/product\/large-aluminum-extrusion-2\/\" target=\"_blank\">Large Aluminum Extrusion<\/a><\/li>\r\n<li><a href=\"https:\/\/sinoextrud.com\/product\/picture-frame-extrusions\/\" target=\"_blank\">Picture Frame Extrusions<\/a><\/li>\r\n<li><a href=\"https:\/\/sinoextrud.com\/product\/aluminum-extrusion-profile-rolling-shutter\/\" target=\"_blank\">Aluminum Extrusion Profile Rolling Shutter<\/a><\/li>"},"feature_list":[]},"_links":{"self":[{"href":"https:\/\/sinoextrud.com\/hu\/wp-json\/wp\/v2\/product\/6052","targetHints":{"allow":["GET"]}}],"collection":[{"href":"https:\/\/sinoextrud.com\/hu\/wp-json\/wp\/v2\/product"}],"about":[{"href":"https:\/\/sinoextrud.com\/hu\/wp-json\/wp\/v2\/types\/product"}],"wp:featuredmedia":[{"embeddable":true,"href":"https:\/\/sinoextrud.com\/hu\/wp-json\/wp\/v2\/media\/6051"}],"wp:attachment":[{"href":"https:\/\/sinoextrud.com\/hu\/wp-json\/wp\/v2\/media?parent=6052"}],"wp:term":[{"taxonomy":"category","embeddable":true,"href":"https:\/\/sinoextrud.com\/hu\/wp-json\/wp\/v2\/categories?post=6052"}],"curies":[{"name":"wp","href":"https:\/\/api.w.org\/{rel}","templated":true}]}}