{"id":6044,"date":"2025-05-24T03:09:21","date_gmt":"2025-05-24T03:09:21","guid":{"rendered":"https:\/\/sinoextrud.com\/product\/extruded-aluminium-profile-with-sand-blasted-treatment\/"},"modified":"2025-06-24T03:53:41","modified_gmt":"2025-06-24T03:53:41","slug":"extrudalt-aluminium-profil-homokfuvott-kezelessel","status":"publish","type":"product","link":"https:\/\/sinoextrud.com\/hu\/product\/extruded-aluminium-profile-with-sand-blasted-treatment\/","title":{"rendered":"Extrud\u00e1lt alum\u00ednium profil homokf\u00favott kezel\u00e9ssel"},"content":{"rendered":"<h2>Term\u00e9kek r\u00e9szletei<\/h2>\n<table class=\"custom-table\">\n<tr>\n<td class=\"label\">T\u00e9tel:<\/td>\n<td> Extrud\u00e1lt alum\u00ednium homokf\u00favott profil<\/td>\n<\/tr>\n<tr>\n<td class=\"label\">Lelkiismeretesen:<\/td>\n<td> T3-T8<\/td>\n<\/tr>\n<tr>\n<td class=\"label\">\u00f6tv\u00f6zet:<\/td>\n<td> \u00d6tv\u00f6zet<\/td>\n<\/tr>\n<tr>\n<td class=\"label\">Oszt\u00e1ly:<\/td>\n<td> 6000-es sorozat<\/td>\n<\/tr>\n<tr>\n<td class=\"label\">M\u00e9ret:<\/td>\n<td> Custom<\/td>\n<\/tr>\n<tr>\n<td class=\"label\">Extra szolg\u00e1ltat\u00e1s:<\/td>\n<td> OEM<\/td>\n<\/tr>\n<tr>\n<td class=\"label\">Min\u0151s\u00e9gellen\u0151rz\u00e9s:<\/td>\n<td> 100% Sz\u00e1ll\u00edt\u00e1s el\u0151tti ellen\u0151rz\u00e9s<\/td>\n<\/tr>\n<\/table>\n<h2>Gy\u00e1rt\u00f3 b\u00e1zisunk<\/h2>\n<h3>Gy\u00e1ri panor\u00e1ma<\/h3>\n<p><img decoding=\"async\" src=\"\/wp-content\/uploads\/factory-01.webp\"\/><\/p>\n<h3>Alum\u00ednium r\u00fadgy\u00e1rt\u00f3 m\u0171hely<\/h3>\n<p><img decoding=\"async\" src=\"\/wp-content\/uploads\/factory-02.webp\"\/><\/p>\n<p><img decoding=\"async\" src=\"\/wp-content\/uploads\/factory-03.webp\"\/><\/p>\n<h3>Pen\u00e9sz rakt\u00e1r<\/h3>\n<p><img decoding=\"async\" src=\"\/wp-content\/uploads\/factory-04.webp\"\/><\/p>\n<h3>43 alum\u00ednium extrud\u00e1l\u00f3 vonal (500-5500 tonna)<\/h3>\n<p><img decoding=\"async\" src=\"\/wp-content\/uploads\/factory-05.webp\"\/><\/p>\n<p><img decoding=\"async\" src=\"\/wp-content\/uploads\/factory-06.webp\"\/><\/p>\n<p><img decoding=\"async\" src=\"\/wp-content\/uploads\/factory-07.webp\"\/><\/p>\n<h3>Porfest\u0151 m\u0171hely<\/h3>\n<p><img decoding=\"async\" src=\"\/wp-content\/uploads\/factory-09.webp\"\/><\/p>\n<h3>Anodiz\u00e1l\u00f3 m\u0171hely<\/h3>\n<p><img decoding=\"async\" src=\"\/wp-content\/uploads\/factory-10.webp\"\/><\/p>\n<h3>M\u00e9ly feldolgoz\u00e1si m\u0171hely<\/h3>\n<p><img decoding=\"async\" src=\"\/wp-content\/uploads\/factory-11.webp\"\/><\/p>\n<h3>CNC prec\u00edzi\u00f3s megmunk\u00e1l\u00f3 m\u0171hely<\/h3>\n<p><img decoding=\"async\" src=\"\/wp-content\/uploads\/factory-11.5.webp\"\/><\/p>\n<h3>K\u00e9szterm\u00e9k \u00e9s export rakt\u00e1r<\/h3>\n<p><img decoding=\"async\" src=\"\/wp-content\/uploads\/factory-12.webp\"\/><\/p>\n<p><img decoding=\"async\" src=\"\/wp-content\/uploads\/factory-13.webp\"\/><\/p>\n<p><img decoding=\"async\" src=\"\/wp-content\/uploads\/factory-14.webp\"\/><\/p>\n<h2>GYIK<\/h2>\n<p><p><b>1.Mi az extrud\u00e1lt alum\u00ednium profil homokf\u00favott kezel\u00e9ssel? <\/b><\/p>\n<p> Ez egy extrud\u00e1l\u00e1ssal el\u0151\u00e1ll\u00edtott alum\u00edniumprofil, amelyet homokf\u00fav\u00e1ssal fejeznek be, hogy sima, matt \u00e9s egyenletes fel\u00fcleti text\u00far\u00e1t kapjanak.<br \/>\n<\/p><br \/>\n<br \/>\n<p><b>2.Mik a homokf\u00favott extrud\u00e1lt alum\u00ednium profilok el\u0151nyei? <\/b><\/p>\n<p> Ezek a profilok jobb fel\u00fcleti egyenletess\u00e9get, kevesebb mechanikai cs\u00edkot, fokozott eszt\u00e9tikai megjelen\u00e9st \u00e9s kiv\u00e1l\u00f3 el\u0151kezel\u00e9st biztos\u00edtanak az elox\u00e1l\u00e1shoz vagy bevon\u00e1shoz.<br \/>\n<\/p><br \/>\n<br \/>\n<p><b>3.Mi\u00e9rt v\u00e1lassza a homokf\u00favott kezel\u00e9st az alum\u00ednium extrud\u00e1l\u00e1sokhoz? <\/b><\/p>\n<p> A homokf\u00fav\u00e1s elt\u00e1vol\u00edtja a fel\u00fcleti t\u00f6k\u00e9letlens\u00e9geket, jav\u00edtja a tapad\u00e1st, \u00e9s modern, matt megjelen\u00e9st biztos\u00edt, amely ide\u00e1lis \u00e9p\u00edt\u00e9szeti \u00e9s dekorat\u00edv alkalmaz\u00e1sokhoz.<br \/>\n<\/p><br \/>\n<br \/>\n<p><b>4.Alkalmas-e a homokf\u00favott alum\u00ednium elox\u00e1l\u00e1sra? <\/b><\/p>\n<p> Igen, a homokf\u00favott fel\u00fcletek ide\u00e1lisak az elox\u00e1l\u00e1shoz, mivel a kezel\u00e9s n\u00f6veli a fel\u00fcletet \u00e9s jav\u00edtja a bevonat tapad\u00e1s\u00e1t \u00e9s egyenletess\u00e9g\u00e9t.<br \/>\n<\/p><br \/>\n<br \/>\n<p><b>5.Hol haszn\u00e1lj\u00e1k \u00e1ltal\u00e1ban a homokf\u00favott extrud\u00e1lt alum\u00ednium profilokat? <\/b><\/p>\n<p> Haszn\u00e1lj\u00e1k \u00e9p\u00edt\u00e9szeti falakban, bels\u0151\u00e9p\u00edt\u00e9szetben, sz\u00f3rakoztat\u00f3 elektronik\u00e1ban, aut\u00f3ipari d\u00edsz\u00edt\u00e9sekben \u00e9s cs\u00facskateg\u00f3ri\u00e1s b\u00fatorokban.<br \/>\n<\/p><br \/>\n<br \/>\n<p><b>6.Befoly\u00e1solja-e a homokf\u00fav\u00e1s az alum\u00edniumprofil szil\u00e1rds\u00e1g\u00e1t? <\/b><\/p>\n<p> Nem, a homokf\u00fav\u00e1s csak a fel\u00fcletet \u00e9rinti, \u00e9s nem vesz\u00e9lyezteti az alum\u00edniumprofil szerkezeti szil\u00e1rds\u00e1g\u00e1t vagy integrit\u00e1s\u00e1t.<br \/>\n<\/p><br \/>\n<br \/>\n<p><b>7.Can homokf\u00favott extrud\u00e1lt alum\u00ednium profilok testre szabhat\u00f3? <\/b><\/p>\n<p> Term\u00e9szetesen k\u00fcl\u00f6nb\u00f6z\u0151 form\u00e1kban, m\u00e9retekben, \u00f6tv\u00f6zetekben, valamint elox\u00e1lt vagy porsz\u00f3rt fel\u00fcletkezel\u00e9ssel kombin\u00e1lva gy\u00e1rthat\u00f3k.<br \/>\n<\/p><br \/>\n<br \/>\n<p><b>8.Alkalmasak-e a homokf\u00favott alum\u00edniumprofilok k\u00fclt\u00e9ri haszn\u00e1latra? <\/b><\/p>\n<p> Igen, k\u00fcl\u00f6n\u00f6sen elox\u00e1l\u00e1ssal vagy porsz\u00f3r\u00e1ssal kombin\u00e1lva kiv\u00e1l\u00f3 korr\u00f3zi\u00f3\u00e1ll\u00f3s\u00e1got \u00e9s id\u0151j\u00e1r\u00e1s\u00e1ll\u00f3s\u00e1got biztos\u00edtanak.<br \/>\n<\/p><br \/>\n<br \/>\n<p><b>9.Milyen eszt\u00e9tikai el\u0151ny\u00f6ket k\u00edn\u00e1l a homokf\u00favott alum\u00ednium? <\/b><\/p>\n<p> Kifinomult, nem t\u00fckr\u00f6z\u0151d\u0151 matt fel\u00fcletet biztos\u00edt, amely elrejti az ujjlenyomatokat \u00e9s a fel\u00fcleti hib\u00e1kat, \u00edgy ide\u00e1lis a l\u00e1that\u00f3 alkatr\u00e9szekhez.<br \/>\n<\/p><br \/>\n<br \/>\n<p><b>10.A homokf\u00favott alum\u00ednium k\u00f6rnyezetbar\u00e1t megold\u00e1s? <\/b><\/p>\n<p> Igen, az alum\u00ednium \u00fajrahasznos\u00edthat\u00f3, a homokf\u00fav\u00e1s pedig sz\u00e1raz, vegyszermentes fel\u00fcletkezel\u00e9s, \u00edgy k\u00f6rnyezetbar\u00e1t v\u00e1laszt\u00e1s.<br \/>\n<\/p><br \/><\/p>","protected":false},"featured_media":6043,"template":"","categories":[57],"class_list":["post-6044","product","type-product","status-publish","has-post-thumbnail","hentry","category-anodized-aluminum-profile"],"meta_box":{"hilight_text_group":{"product_hilight_text":"<li>Sand blasted finish delivers a uniform matte texture ideal for high-end applications<\/li>\r\r\n<li>Enhanced surface adhesion for anodizing, painting, or powder coating<\/li>\r\r\n<li>Removes surface imperfections for a clean and refined appearance<\/li>\r\r\n<li>Improved corrosion resistance when combined with anodized treatment<\/li>\r\r\n<li>Customizable profiles and finishes to suit architectural and industrial needs<\/li>","product_chanpin_chanpin":"<li><a href=\"https:\/\/sinoextrud.com\/product\/anodized-aluminium-extrusion-profile-for-frame-construction-system\/\" target=\"_blank\">Anodized aluminium extrusion profile for frame construction system<\/a><\/li>\r\n<li><a href=\"https:\/\/sinoextrud.com\/product\/anodized-mill-finish-auminium-extrusion-angle\/\" target=\"_blank\">Anodized Mill Finish Auminium Extrusion Angle<\/a><\/li>\r\n<li><a href=\"https:\/\/sinoextrud.com\/product\/anodised-aluminium-extrusions\/\" target=\"_blank\">Anodised Aluminium Extrusions<\/a><\/li>\r\n<li><a href=\"https:\/\/sinoextrud.com\/product\/anodized-extruded-aluminum-edging-for-plywood\/\" target=\"_blank\">Anodized Extruded Aluminum Edging For Plywood<\/a><\/li>\r\n<li><a href=\"https:\/\/sinoextrud.com\/product\/extruded-aluminium-profile-with-sand-blasted-treatment\/\" target=\"_blank\">Extruded Aluminium Profile With Sand Blasted Treatment<\/a><\/li>\r\n<li><a href=\"https:\/\/sinoextrud.com\/product\/anodized-aluminum-trim-molding\/\" target=\"_blank\">Anodized Aluminum Trim Molding<\/a><\/li>\r\n<li><a href=\"https:\/\/sinoextrud.com\/product\/sandblasted-aluminum-profile\/\" target=\"_blank\">Sandblasted Aluminum Profile<\/a><\/li>\r\n<li><a href=\"https:\/\/sinoextrud.com\/product\/extruded-aluminum-stock\/\" target=\"_blank\">Extruded Aluminum Stock<\/a><\/li>\r\n<li><a href=\"https:\/\/sinoextrud.com\/product\/custom-anodized-aluminium-profiles\/\" target=\"_blank\">Custom Anodized Aluminium Profiles<\/a><\/li>\r\n<li><a href=\"https:\/\/sinoextrud.com\/product\/aluminum-price-per-pound\/\" target=\"_blank\">Aluminum Price Per Pound<\/a><\/li>\r\n<li><a href=\"https:\/\/sinoextrud.com\/product\/aluminium-extrusion-table\/\" target=\"_blank\">Aluminium Extrusion Table<\/a><\/li>"},"feature_list":[]},"_links":{"self":[{"href":"https:\/\/sinoextrud.com\/hu\/wp-json\/wp\/v2\/product\/6044","targetHints":{"allow":["GET"]}}],"collection":[{"href":"https:\/\/sinoextrud.com\/hu\/wp-json\/wp\/v2\/product"}],"about":[{"href":"https:\/\/sinoextrud.com\/hu\/wp-json\/wp\/v2\/types\/product"}],"wp:featuredmedia":[{"embeddable":true,"href":"https:\/\/sinoextrud.com\/hu\/wp-json\/wp\/v2\/media\/6043"}],"wp:attachment":[{"href":"https:\/\/sinoextrud.com\/hu\/wp-json\/wp\/v2\/media?parent=6044"}],"wp:term":[{"taxonomy":"category","embeddable":true,"href":"https:\/\/sinoextrud.com\/hu\/wp-json\/wp\/v2\/categories?post=6044"}],"curies":[{"name":"wp","href":"https:\/\/api.w.org\/{rel}","templated":true}]}}