{"id":6040,"date":"2025-05-24T02:54:27","date_gmt":"2025-05-24T02:54:27","guid":{"rendered":"https:\/\/sinoextrud.com\/product\/anodised-aluminium-extrusions\/"},"modified":"2025-06-24T03:53:38","modified_gmt":"2025-06-24T03:53:38","slug":"eloxalt-aluminium-extrudalt-reszek","status":"publish","type":"product","link":"https:\/\/sinoextrud.com\/hu\/product\/anodised-aluminium-extrusions\/","title":{"rendered":"Elox\u00e1lt alum\u00ednium extrud\u00e1l\u00e1s"},"content":{"rendered":"<h2>Term\u00e9kek r\u00e9szletei<\/h2>\n<table class=\"custom-table\">\n<tr>\n<td class=\"label\">\u00d6tv\u00f6z\u0151 \u00f6sszetev\u0151: <\/td>\n<td>6063<\/td>\n<\/tr>\n<tr>\n<td class=\"label\">Specifik\u00e1ci\u00f3: <\/td>\n<td>Made as Clients\u2032 Design<\/td>\n<\/tr>\n<tr>\n<td class=\"label\">Szolg\u00e1ltat\u00e1sok: <\/td>\n<td>Mar\u00e1s, f\u00far\u00e1s, csavaroz\u00e1s, szegecsel\u00e9s, \u00f6sszeszerel\u00e9s stb.<\/td>\n<\/tr>\n<tr>\n<td class=\"label\">Tan\u00fas\u00edtv\u00e1nyok: <\/td>\n<td>ISO RoHS SGS<\/td>\n<\/tr>\n<tr>\n<td class=\"label\">T\u00edpus: <\/td>\n<td>elox\u00e1lt alum\u00ednium extrud\u00e1lt r\u00e9szek<\/td>\n<\/tr>\n<tr>\n<td class=\"label\">Oszt\u00e1ly: <\/td>\n<td>6000-es sorozat<\/td>\n<\/tr>\n<tr>\n<td class=\"label\">Fel\u00fcletkezel\u00e9s: <\/td>\n<td>Elox\u00e1lt szelet<\/td>\n<\/tr>\n<tr>\n<td class=\"label\">Hossz\u00fas\u00e1g: <\/td>\n<td>Ez lehet v\u00e1gni, mint Clients\u2032 Speci\u00e1lis ig\u00e9nyek<\/td>\n<\/tr>\n<tr>\n<td class=\"label\">V\u00e9djegy: <\/td>\n<td>Sinoextrud<\/td>\n<\/tr>\n<tr>\n<td class=\"label\">HS-k\u00f3d: <\/td>\n<td>76042990<\/td>\n<\/tr>\n<\/table>\n<h2>Gy\u00e1rt\u00f3 b\u00e1zisunk<\/h2>\n<h3>Gy\u00e1ri panor\u00e1ma<\/h3>\n<p><img decoding=\"async\" src=\"\/wp-content\/uploads\/factory-01.webp\"\/><\/p>\n<h3>Alum\u00ednium r\u00fadgy\u00e1rt\u00f3 m\u0171hely<\/h3>\n<p><img decoding=\"async\" src=\"\/wp-content\/uploads\/factory-02.webp\"\/><\/p>\n<\/p>\n<p><img decoding=\"async\" src=\"\/wp-content\/uploads\/factory-03.webp\"\/><\/p>\n<h3>Pen\u00e9sz rakt\u00e1r<\/h3>\n<p><img decoding=\"async\" src=\"\/wp-content\/uploads\/factory-04.webp\"\/><\/p>\n<h3>43 alum\u00ednium extrud\u00e1l\u00f3 vonal (500-5500 tonna)<\/h3>\n<p><img decoding=\"async\" src=\"\/wp-content\/uploads\/factory-05.webp\"\/><\/p>\n<p><img decoding=\"async\" src=\"\/wp-content\/uploads\/factory-06.webp\"\/><\/p>\n<p><img decoding=\"async\" src=\"\/wp-content\/uploads\/factory-07.webp\"\/><\/p>\n<h3>Porfest\u0151 m\u0171hely<\/h3>\n<p><img decoding=\"async\" src=\"\/wp-content\/uploads\/factory-09.webp\"\/><\/p>\n<h3>Anodiz\u00e1l\u00f3 m\u0171hely<\/h3>\n<p><img decoding=\"async\" src=\"\/wp-content\/uploads\/factory-10.webp\"\/><\/p>\n<h3>M\u00e9ly feldolgoz\u00e1si m\u0171hely<\/h3>\n<p><img decoding=\"async\" src=\"\/wp-content\/uploads\/factory-11.webp\"\/><\/p>\n<h3>CNC prec\u00edzi\u00f3s megmunk\u00e1l\u00f3 m\u0171hely<\/h3>\n<p><img decoding=\"async\" src=\"\/wp-content\/uploads\/factory-11.5.webp\"\/><\/p>\n<h3>K\u00e9szterm\u00e9k \u00e9s export rakt\u00e1r<\/h3>\n<p><img decoding=\"async\" src=\"\/wp-content\/uploads\/factory-12.webp\"\/><\/p>\n<p><img decoding=\"async\" src=\"\/wp-content\/uploads\/factory-13.webp\"\/><\/p>\n<p><img decoding=\"async\" src=\"\/wp-content\/uploads\/factory-14.webp\"\/><\/p>\n<h2>GYIK<\/h2>\n<p><b>1.Mi az elox\u00e1lt alum\u00ednium extrud\u00e1l\u00e1s? <\/b><\/p>\n<p> Az elox\u00e1lt alum\u00ednium extrud\u00e1l\u00e1sok olyan alum\u00ednium profilok, amelyek elektrok\u00e9miai elox\u00e1l\u00e1si elj\u00e1r\u00e1son mentek kereszt\u00fcl a fel\u00fclet tart\u00f3ss\u00e1g\u00e1nak, korr\u00f3zi\u00f3\u00e1ll\u00f3s\u00e1g\u00e1nak \u00e9s eszt\u00e9tikai vonzerej\u00e9nek n\u00f6vel\u00e9se \u00e9rdek\u00e9ben.\n<\/p>\n<p><\/p>\n<p><b>2.Mik az elox\u00e1lt alum\u00ednium extrud\u00e1l\u00e1sok legfontosabb el\u0151nyei? <\/b><\/p>\n<p> Ezek a sajtolt term\u00e9kek kiv\u00e1l\u00f3 korr\u00f3zi\u00f3\u00e1ll\u00f3s\u00e1got, megn\u00f6velt fel\u00fcleti kem\u00e9nys\u00e9get, UV-v\u00e9delmet \u00e9s eleg\u00e1ns, modern fel\u00fcletet k\u00edn\u00e1lnak, amely sz\u00e1mos alkalmaz\u00e1shoz alkalmas.\n<\/p>\n<p><\/p>\n<p><b>3.Mi\u00e9rt v\u00e1lassza az elox\u00e1l\u00e1st az alum\u00ednium extrud\u00e1l\u00e1sokhoz? <\/b><\/p>\n<p> Az elox\u00e1l\u00e1s egy v\u00e9d\u0151 oxidr\u00e9teget k\u00e9pez, amely megakad\u00e1lyozza az oxid\u00e1ci\u00f3t, jav\u00edtja a kop\u00e1s\u00e1ll\u00f3s\u00e1got, \u00e9s lehet\u0151v\u00e9 teszi a sz\u00edn testreszab\u00e1s\u00e1t an\u00e9lk\u00fcl, hogy befoly\u00e1soln\u00e1 a f\u00e9m tulajdons\u00e1gait.\n<\/p>\n<p><\/p>\n<p><b>4.Alkalmasak-e az elox\u00e1lt alum\u00ednium extrud\u00e1l\u00e1sok k\u00fclt\u00e9ri haszn\u00e1latra? <\/b><\/p>\n<p> Igen, az elox\u00e1lt r\u00e9teg rendk\u00edv\u00fcl ellen\u00e1ll\u00f3 az id\u0151j\u00e1r\u00e1s viszontags\u00e1gaival szemben, \u00edgy ezek a profilok ide\u00e1lisak k\u00fclt\u00e9ri \u00e9p\u00edt\u00e9szeti, szerkezeti \u00e9s dekorat\u00edv alkalmaz\u00e1sokhoz.\n<\/p>\n<p><\/p>\n<p><b>5.Milyen alkalmaz\u00e1sokban haszn\u00e1lj\u00e1k \u00e1ltal\u00e1ban az elox\u00e1lt alum\u00ednium extrud\u00e1l\u00e1st? <\/b><\/p>\n<p> Sz\u00e9les k\u00f6rben haszn\u00e1lj\u00e1k az \u00e9p\u00edt\u0151iparban, az aut\u00f3iparban, a rep\u00fcl\u0151g\u00e9piparban, a b\u00fatoriparban, az elektronik\u00e1ban \u00e9s a jelz\u0151rendszerekben szerkezeti \u00e9s dekor\u00e1ci\u00f3s c\u00e9lokra egyar\u00e1nt.\n<\/p>\n<p><\/p>\n<p><b>6.Can elox\u00e1lt alum\u00ednium extrud\u00e1l\u00e1s testre szabhat\u00f3? <\/b><\/p>\n<p> Term\u00e9szetesen alakjuk, m\u00e9ret\u00fck, sz\u00edn\u00fck \u00e9s fel\u00fclet\u00fck szem\u00e9lyre szabhat\u00f3, hogy megfeleljenek az adott projekt vagy m\u00e1rka\u00e9p\u00edt\u00e9s k\u00f6vetelm\u00e9nyeinek.\n<\/p>\n<p><\/p>\n<p><b>7.Az elox\u00e1lt alum\u00ednium extrud\u00e1l\u00e1sok karbantart\u00e1st ig\u00e9nyelnek? <\/b><\/p>\n<p> Nagyon kev\u00e9s karbantart\u00e1st ig\u00e9nyel - csak rutinszer\u0171 tiszt\u00edt\u00e1st nem s\u00farol\u00f3 anyagokkal a megjelen\u00e9s \u00e9s a teljes\u00edtm\u00e9ny fenntart\u00e1sa \u00e9rdek\u00e9ben.\n<\/p>\n<p><\/p>\n<p><b>8.Az elox\u00e1lt alum\u00ednium extrud\u00e1l\u00e1sok k\u00f6rnyezetbar\u00e1tok? <\/b><\/p>\n<p> Igen, az alum\u00ednium teljes m\u00e9rt\u00e9kben \u00fajrahasznos\u00edthat\u00f3, az elox\u00e1l\u00e1si folyamat pedig nem m\u00e9rgez\u0151, t\u00e1mogatva a fenntarthat\u00f3 gy\u00e1rt\u00e1st \u00e9s a k\u00f6rnyezetbar\u00e1t k\u00f6rnyezetbar\u00e1t technol\u00f3gi\u00e1t.\n<\/p>\n<p><\/p>","protected":false},"featured_media":6039,"template":"","categories":[57],"class_list":["post-6040","product","type-product","status-publish","has-post-thumbnail","hentry","category-anodized-aluminum-profile"],"meta_box":{"hilight_text_group":{"product_hilight_text":"<li>Durable anodised coating enhances corrosion and wear resistance<\/li>\r\r\n<li>Attractive matte or glossy finish suitable for architectural and industrial use<\/li>\r\r\n<li>Improved surface hardness for long-lasting performance<\/li>\r\r\n<li>Customizable profiles and finishes to meet diverse project needs<\/li>\r\r\n<li>Low maintenance and environmentally friendly surface treatment<\/li>","product_chanpin_chanpin":"<li><a href=\"https:\/\/sinoextrud.com\/product\/anodized-extruded-aluminium-glazing-profiles\/\" target=\"_blank\">Anodized Extruded Aluminium Glazing Profiles<\/a><\/li>\r\n<li><a href=\"https:\/\/sinoextrud.com\/product\/anodized-champagne-aluminium-color-matte-anodized-sand-blasting-6063-alloy-extrusion-profiles\/\" target=\"_blank\">Anodized Champagne aluminium color matte anodized sand blasting 6063 alloy extrusion profiles<\/a><\/li>\r\n<li><a href=\"https:\/\/sinoextrud.com\/product\/anodized-aluminium-extrusion-profile-for-frame-construction-system\/\" target=\"_blank\">Anodized aluminium extrusion profile for frame construction system<\/a><\/li>\r\n<li><a href=\"https:\/\/sinoextrud.com\/product\/anodized-mill-finish-auminium-extrusion-angle\/\" target=\"_blank\">Anodized Mill Finish Auminium Extrusion Angle<\/a><\/li>\r\n<li><a href=\"https:\/\/sinoextrud.com\/product\/anodised-aluminium-extrusions\/\" target=\"_blank\">Anodised Aluminium Extrusions<\/a><\/li>\r\n<li><a href=\"https:\/\/sinoextrud.com\/product\/anodized-extruded-aluminum-edging-for-plywood\/\" target=\"_blank\">Anodized Extruded Aluminum Edging For Plywood<\/a><\/li>\r\n<li><a href=\"https:\/\/sinoextrud.com\/product\/extruded-aluminium-profile-with-sand-blasted-treatment\/\" target=\"_blank\">Extruded Aluminium Profile With Sand Blasted Treatment<\/a><\/li>\r\n<li><a href=\"https:\/\/sinoextrud.com\/product\/anodized-aluminum-trim-molding\/\" target=\"_blank\">Anodized Aluminum Trim Molding<\/a><\/li>\r\n<li><a href=\"https:\/\/sinoextrud.com\/product\/sandblasted-aluminum-profile\/\" target=\"_blank\">Sandblasted Aluminum Profile<\/a><\/li>\r\n<li><a href=\"https:\/\/sinoextrud.com\/product\/aluminum-anodized-surface-profile\/\" target=\"_blank\">Aluminum Anodized Surface Profile<\/a><\/li>\r\n<li><a href=\"https:\/\/sinoextrud.com\/product\/aluminium-mosquito-net-windows-and-door\/\" target=\"_blank\">Aluminium Mosquito Net Windows And Door<\/a><\/li>"},"feature_list":[]},"_links":{"self":[{"href":"https:\/\/sinoextrud.com\/hu\/wp-json\/wp\/v2\/product\/6040","targetHints":{"allow":["GET"]}}],"collection":[{"href":"https:\/\/sinoextrud.com\/hu\/wp-json\/wp\/v2\/product"}],"about":[{"href":"https:\/\/sinoextrud.com\/hu\/wp-json\/wp\/v2\/types\/product"}],"wp:featuredmedia":[{"embeddable":true,"href":"https:\/\/sinoextrud.com\/hu\/wp-json\/wp\/v2\/media\/6039"}],"wp:attachment":[{"href":"https:\/\/sinoextrud.com\/hu\/wp-json\/wp\/v2\/media?parent=6040"}],"wp:term":[{"taxonomy":"category","embeddable":true,"href":"https:\/\/sinoextrud.com\/hu\/wp-json\/wp\/v2\/categories?post=6040"}],"curies":[{"name":"wp","href":"https:\/\/api.w.org\/{rel}","templated":true}]}}