{"id":6036,"date":"2025-05-24T02:46:22","date_gmt":"2025-05-24T02:46:22","guid":{"rendered":"https:\/\/sinoextrud.com\/product\/anodized-aluminium-extrusion-profile-for-frame-construction-system\/"},"modified":"2025-06-24T03:53:35","modified_gmt":"2025-06-24T03:53:35","slug":"eloxalt-aluminium-extrudalt-profil-vazszerkezeti-rendszerhez","status":"publish","type":"product","link":"https:\/\/sinoextrud.com\/hu\/product\/anodized-aluminium-extrusion-profile-for-frame-construction-system\/","title":{"rendered":"Elox\u00e1lt alum\u00ednium extrud\u00e1lt profil v\u00e1zszerkezeti rendszerhez"},"content":{"rendered":"<h2>Term\u00e9kek r\u00e9szletei<\/h2>\n<table class=\"custom-table\">\n<tr>\n<td class=\"label\">T\u00e9tel:<\/td>\n<td>Elox\u00e1lt alum\u00ednium extrud\u00e1lt profil keretszerkezeti rendszerhez<\/td>\n<\/tr>\n<tr>\n<td class=\"label\">Lelkiismeretesen:<\/td>\n<td>T3-T8<\/td>\n<\/tr>\n<tr>\n<td class=\"label\">Alak:<\/td>\n<td>Testreszabott<\/td>\n<\/tr>\n<tr>\n<td class=\"label\">Anyag:<\/td>\n<td>6063<\/td>\n<\/tr>\n<tr>\n<td class=\"label\">Sz\u00edn:<\/td>\n<td>Testreszabott sz\u00edn<\/td>\n<\/tr>\n<tr>\n<td class=\"label\">Sz\u00e1ll\u00edt\u00e1si id\u0151:<\/td>\n<td>25-30 nap<\/td>\n<\/tr>\n<tr>\n<td class=\"label\">Fizet\u00e9si hat\u00e1rid\u0151:<\/td>\n<td>30% let\u00e9t, 70% egyenleg sz\u00e1ll\u00edt\u00e1s el\u0151tt<\/td>\n<\/tr>\n<tr>\n<td class=\"label\">Kik\u00f6t\u0151:<\/td>\n<td>Guangzhou, Shenzhen<\/td>\n<\/tr>\n<tr>\n<td class=\"label\">Oszt\u00e1ly:<\/td>\n<td>6000-es sorozat<\/td>\n<\/tr>\n<tr>\n<td class=\"label\">Sz\u00e1rmaz\u00e1si hely:<\/td>\n<td>Foshan, Guangdong<\/td>\n<\/tr>\n<tr>\n<td class=\"label\">\u00d6tv\u00f6zet vagy sem:<\/td>\n<td>\u00d6tv\u00f6zet<\/td>\n<\/tr>\n<tr>\n<td class=\"label\">Fel\u00fcletkezel\u00e9s:<\/td>\n<td>Elox\u00e1lt, porsz\u00f3r\u00e1s, csiszolt, homokf\u00fav\u00e1s, fa szemcs\u00e9s<\/td>\n<\/tr>\n<tr>\n<td class=\"label\">MOQ:<\/td>\n<td>200kg<\/td>\n<\/tr>\n<tr>\n<td class=\"label\">Feldolgoz\u00f3 szolg\u00e1ltat\u00e1s:<\/td>\n<td>Hajl\u00edt\u00e1s, tekercsel\u00e9s, hegeszt\u00e9s, lyukaszt\u00e1s, v\u00e1g\u00e1s<\/td>\n<\/tr>\n<\/table>\n<h2>Gy\u00e1rt\u00f3 b\u00e1zisunk<\/h2>\n<h3>Gy\u00e1ri panor\u00e1ma<\/h3>\n<p><img decoding=\"async\" src=\"\/wp-content\/uploads\/factory-01.webp\"\/><\/p>\n<h3>Alum\u00ednium r\u00fadgy\u00e1rt\u00f3 m\u0171hely<\/h3>\n<p><img decoding=\"async\" src=\"\/wp-content\/uploads\/factory-02.webp\"\/><\/p>\n<\/p>\n<p><img decoding=\"async\" src=\"\/wp-content\/uploads\/factory-03.webp\"\/><\/p>\n<h3>Pen\u00e9sz rakt\u00e1r<\/h3>\n<p><img decoding=\"async\" src=\"\/wp-content\/uploads\/factory-04.webp\"\/><\/p>\n<h3>43 alum\u00ednium extrud\u00e1l\u00f3 vonal (500-5500 tonna)<\/h3>\n<p><img decoding=\"async\" src=\"\/wp-content\/uploads\/factory-05.webp\"\/><\/p>\n<p><img decoding=\"async\" src=\"\/wp-content\/uploads\/factory-06.webp\"\/><\/p>\n<p><img decoding=\"async\" src=\"\/wp-content\/uploads\/factory-07.webp\"\/><\/p>\n<h3>Porfest\u0151 m\u0171hely<\/h3>\n<p><img decoding=\"async\" src=\"\/wp-content\/uploads\/factory-09.webp\"\/><\/p>\n<h3>Anodiz\u00e1l\u00f3 m\u0171hely<\/h3>\n<p><img decoding=\"async\" src=\"\/wp-content\/uploads\/factory-10.webp\"\/><\/p>\n<h3>M\u00e9ly feldolgoz\u00e1si m\u0171hely<\/h3>\n<p><img decoding=\"async\" src=\"\/wp-content\/uploads\/factory-11.webp\"\/><\/p>\n<h3>CNC prec\u00edzi\u00f3s megmunk\u00e1l\u00f3 m\u0171hely<\/h3>\n<p><img decoding=\"async\" src=\"\/wp-content\/uploads\/factory-11.5.webp\"\/><\/p>\n<h3>K\u00e9szterm\u00e9k \u00e9s export rakt\u00e1r<\/h3>\n<p><img decoding=\"async\" src=\"\/wp-content\/uploads\/factory-12.webp\"\/><\/p>\n<p><img decoding=\"async\" src=\"\/wp-content\/uploads\/factory-13.webp\"\/><\/p>\n<p><img decoding=\"async\" src=\"\/wp-content\/uploads\/factory-14.webp\"\/><\/p>\n<h2>GYIK<\/h2>\n<p><b>1.Mi az elox\u00e1lt alum\u00ednium extrud\u00e1lt profil a keretszerkezeti rendszerhez? <\/b><\/p>\n<p> Ez egy elox\u00e1lt fel\u00fclet\u0171 alum\u00edniumprofil, amelyet kifejezetten az ipari, \u00e9p\u00edt\u00e9szeti \u00e9s kereskedelmi szerkezetekben haszn\u00e1lt modul\u00e1ris v\u00e1zszerkezeti rendszerekhez terveztek.\n<\/p>\n<p><\/p>\n<p><b>2.Milyen el\u0151ny\u00f6kkel j\u00e1r az elox\u00e1lt alum\u00ednium extrud\u00e1lt profilok haszn\u00e1lata a v\u00e1zszerkezetekben? <\/b><\/p>\n<p> Ezek a profilok kiv\u00e1l\u00f3 korr\u00f3zi\u00f3\u00e1ll\u00f3s\u00e1got, fel\u00fcleti tart\u00f3ss\u00e1got, szerkezeti szil\u00e1rds\u00e1got \u00e9s eleg\u00e1ns eszt\u00e9tik\u00e1t k\u00edn\u00e1lnak, amely alkalmas a k\u00fcl\u00f6nb\u00f6z\u0151 keretek kialak\u00edt\u00e1s\u00e1hoz.\n<\/p>\n<p><\/p>\n<p><b>3.Mi\u00e9rt fontos az elox\u00e1l\u00e1s a keretszerkezeti alum\u00edniumprofilok eset\u00e9ben? <\/b><\/p>\n<p> Az elox\u00e1l\u00e1s egy v\u00e9d\u0151 oxidr\u00e9teget hoz l\u00e9tre, amely jav\u00edtja a kop\u00e1s\u00e1ll\u00f3s\u00e1got, jav\u00edtja a megjelen\u00e9st, \u00e9s megakad\u00e1lyozza a korr\u00f3zi\u00f3t ig\u00e9nyes k\u00f6rnyezetben.\n<\/p>\n<p><\/p>\n<p><b>4.Alkalmasak-e az elox\u00e1lt alum\u00ednium extrud\u00e1lt profilok k\u00fclt\u00e9ri keretrendszerekhez? <\/b><\/p>\n<p> Igen, elox\u00e1lt fel\u00fclet\u00fck v\u00e9d az UV-sugarak, a nedvess\u00e9g \u00e9s az id\u0151j\u00e1r\u00e1s viszontags\u00e1gai ellen, \u00edgy ide\u00e1lisak k\u00fclt\u00e9ri haszn\u00e1latra.\n<\/p>\n<p><\/p>\n<p><b>5.Can elox\u00e1lt alum\u00ednium extrud\u00e1lt profilok testre szabott \u00e9p\u00edt\u00e9si rendszerekhez? <\/b><\/p>\n<p> Term\u00e9szetesen a profilok m\u00e9retben, keresztmetszetben, hosszban \u00e9s kivitelben testre szabhat\u00f3k, hogy megfeleljenek az egyedi szerkezeti \u00e9s tervez\u00e9si k\u00f6vetelm\u00e9nyeknek.\n<\/p>\n<p><\/p>\n<p><b>6.Milyen alkalmaz\u00e1sokban haszn\u00e1lj\u00e1k az elox\u00e1lt alum\u00ednium profilokat a keretszerkezetekben? <\/b><\/p>\n<p> \u00c1ltal\u00e1ban g\u00e9ph\u00e1zakban, kijelz\u0151rendszerekben, munka\u00e1llom\u00e1sokon, tisztaterekben, v\u00e1laszfalakban \u00e9s modul\u00e1ris \u00e9p\u00fcletekben haszn\u00e1lj\u00e1k.\n<\/p>\n<p><\/p>\n<p><b>7.Mennyire er\u0151sek az elox\u00e1lt alum\u00ednium profilok szerkezeti keretez\u00e9shez? <\/b><\/p>\n<p> A kiv\u00e1l\u00f3 min\u0151s\u00e9g\u0171 \u00f6tv\u00f6zetekb\u0151l, p\u00e9ld\u00e1ul 6063-as vagy 6061-es \u00f6tv\u00f6zetekb\u0151l k\u00e9sz\u00fclt profilok kiv\u00e1l\u00f3 szil\u00e1rds\u00e1g-t\u00f6meg ar\u00e1nyt k\u00edn\u00e1lnak, amelyek k\u00f6nny\u0171 \u00e9s nagy teherb\u00edr\u00e1s\u00fa keretekhez egyar\u00e1nt alkalmasak.\n<\/p>\n<p><\/p>\n<p><b>8.K\u00f6rnyezetbar\u00e1tok-e az elox\u00e1lt profilok a keretrendszerekben? <\/b><\/p>\n<p> Igen, az alum\u00ednium teljes m\u00e9rt\u00e9kben \u00fajrahasznos\u00edthat\u00f3, az elox\u00e1l\u00e1s pedig biztons\u00e1gos, alacsony hat\u00e1s\u00fa fel\u00fcletkezel\u00e9s, amely t\u00e1mogatja a fenntarthat\u00f3 \u00e9p\u00edt\u00e9si gyakorlatokat.\n<\/p>\n<p><\/p>\n<p><b>9.Ig\u00e9nyelnek-e karbantart\u00e1st az elox\u00e1lt profilok a v\u00e1zszerkezetben? <\/b><\/p>\n<p> Nagyon kev\u00e9s karbantart\u00e1sra van sz\u00fcks\u00e9g - csak rutinszer\u0171 tiszt\u00edt\u00e1sra a fel\u00fcleti fel\u00fclet \u00e9s a szerkezeti integrit\u00e1s meg\u0151rz\u00e9se \u00e9rdek\u00e9ben.\n<\/p>\n<p><\/p>\n<p><b>10.Hogyan jav\u00edtj\u00e1k az elox\u00e1lt alum\u00edniumprofilok a modul\u00e1ris keretrendszer hat\u00e9konys\u00e1g\u00e1t? <\/b><\/p>\n<p> K\u00f6nny\u0171, el\u0151re elk\u00e9sz\u00edtett fel\u00fclet\u00fck \u00e9s a csatlakoz\u00f3kkal val\u00f3 kompatibilit\u00e1suk gyorsabb\u00e1, egyszer\u0171bb\u00e9 \u00e9s k\u00f6lts\u00e9ghat\u00e9konyabb\u00e1 teszi a be\u00e9p\u00edt\u00e9st.\n<\/p>\n<p><\/p>","protected":false},"featured_media":6035,"template":"","categories":[57],"class_list":["post-6036","product","type-product","status-publish","has-post-thumbnail","hentry","category-anodized-aluminum-profile"],"meta_box":{"hilight_text_group":{"product_hilight_text":"<li>Ideal for modular frame construction in automation, workstations, and enclosures<\/li>\r\r\n<li>Anodized surface offers enhanced durability, corrosion resistance, and professional appearance<\/li>\r\r\n<li>Standardized slot design ensures compatibility with a wide range of connectors and accessories<\/li>\r\r\n<li>Lightweight yet high-strength 6063 alloy for stable and easy-to-handle structures<\/li>\r\r\n<li>Custom lengths and cross-sections available to match specific system requirements<\/li>","product_chanpin_chanpin":"<li><a href=\"https:\/\/sinoextrud.com\/product\/wood-grain-customize-aluminium-extrusion-rail\/\" target=\"_blank\">Wood Grain Customize Aluminium Extrusion Rail<\/a><\/li>\r\n<li><a href=\"https:\/\/sinoextrud.com\/product\/sandblasted-mechanical-streak-removed-aluminium-profiles\/\" target=\"_blank\">Sandblasted Mechanical streak removed aluminium profiles<\/a><\/li>\r\n<li><a href=\"https:\/\/sinoextrud.com\/product\/anodized-extruded-aluminium-glazing-profiles\/\" target=\"_blank\">Anodized Extruded Aluminium Glazing Profiles<\/a><\/li>\r\n<li><a href=\"https:\/\/sinoextrud.com\/product\/anodized-champagne-aluminium-color-matte-anodized-sand-blasting-6063-alloy-extrusion-profiles\/\" target=\"_blank\">Anodized Champagne aluminium color matte anodized sand blasting 6063 alloy extrusion profiles<\/a><\/li>\r\n<li><a href=\"https:\/\/sinoextrud.com\/product\/anodized-aluminium-extrusion-profile-for-frame-construction-system\/\" target=\"_blank\">Anodized aluminium extrusion profile for frame construction system<\/a><\/li>\r\n<li><a href=\"https:\/\/sinoextrud.com\/product\/anodized-mill-finish-auminium-extrusion-angle\/\" target=\"_blank\">Anodized Mill Finish Auminium Extrusion Angle<\/a><\/li>\r\n<li><a href=\"https:\/\/sinoextrud.com\/product\/anodised-aluminium-extrusions\/\" target=\"_blank\">Anodised Aluminium Extrusions<\/a><\/li>\r\n<li><a href=\"https:\/\/sinoextrud.com\/product\/anodized-extruded-aluminum-edging-for-plywood\/\" target=\"_blank\">Anodized Extruded Aluminum Edging For Plywood<\/a><\/li>\r\n<li><a href=\"https:\/\/sinoextrud.com\/product\/extruded-aluminium-profile-with-sand-blasted-treatment\/\" target=\"_blank\">Extruded Aluminium Profile With Sand Blasted Treatment<\/a><\/li>\r\n<li><a href=\"https:\/\/sinoextrud.com\/product\/diamond-type-ceiling-system\/\" target=\"_blank\">Diamond Type Ceiling System (Diamond plate Ceiling Tiles)<\/a><\/li>\r\n<li><a href=\"https:\/\/sinoextrud.com\/product\/matte-champagne-floor-and-stair-step-parquet-tile-carpet-trim-transition-aluminium-profile\/\" target=\"_blank\">Matte champagne floor and stair step parquet tile carpet trim transition aluminium profile<\/a><\/li>"},"feature_list":[]},"_links":{"self":[{"href":"https:\/\/sinoextrud.com\/hu\/wp-json\/wp\/v2\/product\/6036","targetHints":{"allow":["GET"]}}],"collection":[{"href":"https:\/\/sinoextrud.com\/hu\/wp-json\/wp\/v2\/product"}],"about":[{"href":"https:\/\/sinoextrud.com\/hu\/wp-json\/wp\/v2\/types\/product"}],"wp:featuredmedia":[{"embeddable":true,"href":"https:\/\/sinoextrud.com\/hu\/wp-json\/wp\/v2\/media\/6035"}],"wp:attachment":[{"href":"https:\/\/sinoextrud.com\/hu\/wp-json\/wp\/v2\/media?parent=6036"}],"wp:term":[{"taxonomy":"category","embeddable":true,"href":"https:\/\/sinoextrud.com\/hu\/wp-json\/wp\/v2\/categories?post=6036"}],"curies":[{"name":"wp","href":"https:\/\/api.w.org\/{rel}","templated":true}]}}