{"id":6025,"date":"2025-05-24T02:27:49","date_gmt":"2025-05-24T02:27:49","guid":{"rendered":"https:\/\/sinoextrud.com\/product\/wood-grain-customize-aluminium-extrusion-rail\/"},"modified":"2025-06-24T03:53:26","modified_gmt":"2025-06-24T03:53:26","slug":"fa-szemcses-testreszabott-aluminium-extrudalt-sin","status":"publish","type":"product","link":"https:\/\/sinoextrud.com\/hu\/product\/wood-grain-customize-aluminium-extrusion-rail\/","title":{"rendered":"Fa szemcs\u00e9k testreszab\u00e1sa Alum\u00ednium extrud\u00e1l\u00e1s s\u00edn"},"content":{"rendered":"<h2>Term\u00e9kek r\u00e9szletei<\/h2>\n<table class=\"custom-table\">\n<tr>\n<td class=\"label\">Oszt\u00e1ly:<\/td>\n<td>6063 -t5<\/td>\n<\/tr>\n<tr>\n<td class=\"label\">Technika:<\/td>\n<td>Fa szemcs\u00e9k testreszab\u00e1sa Alum\u00ednium extrud\u00e1l\u00e1s s\u00edn<\/td>\n<\/tr>\n<tr>\n<td class=\"label\">Lelkiismeretesen:<\/td>\n<td>T3 - T8<\/td>\n<\/tr>\n<tr>\n<td class=\"label\">Megmunk\u00e1l\u00e1si szolg\u00e1ltat\u00e1sok:<\/td>\n<td>F\u00far\u00e1s, csavaroz\u00e1s, szegecsel\u00e9s, \u00f6sszeszerel\u00e9s stb.<\/td>\n<\/tr>\n<tr>\n<td class=\"label\">V\u00e9djegy:<\/td>\n<td>Zhonglian Pailian Zhongchang Zhongchang<\/td>\n<\/tr>\n<tr>\n<td class=\"label\">T\u00edpus:<\/td>\n<td>Fa szemcs\u00e9k testreszab\u00e1sa Alum\u00ednium extrud\u00e1l\u00e1s s\u00edn<\/td>\n<\/tr>\n<tr>\n<td class=\"label\">Alak:<\/td>\n<td>K\u00e9sz\u00fclt az \u00fcgyfelek tervei szerint<\/td>\n<\/tr>\n<tr>\n<td class=\"label\">Fel\u00fcletkezel\u00e9s:<\/td>\n<td>Mill Finish elox\u00e1lt csiszolt<\/td>\n<\/tr>\n<tr>\n<td class=\"label\">Hossz\u00fas\u00e1g:<\/td>\n<td>3m \u00e9s 6m k\u00f6z\u00f6tt hosszonk\u00e9nt<\/td>\n<\/tr>\n<tr>\n<td class=\"label\">Sz\u00ednek:<\/td>\n<td>Ez\u00fcst Fekete<\/td>\n<\/tr>\n<tr>\n<td class=\"label\">HS-k\u00f3d:<\/td>\n<td>76042990<\/td>\n<\/tr>\n<\/table>\n<h2>Gy\u00e1rt\u00f3 b\u00e1zisunk<\/h2>\n<h3>Gy\u00e1ri panor\u00e1ma<\/h3>\n<p><img decoding=\"async\" src=\"\/wp-content\/uploads\/factory-01.webp\"\/><\/p>\n<h3>Alum\u00ednium r\u00fadgy\u00e1rt\u00f3 m\u0171hely<\/h3>\n<p><img decoding=\"async\" src=\"\/wp-content\/uploads\/factory-02.webp\"\/><\/p>\n<p><img decoding=\"async\" src=\"\/wp-content\/uploads\/factory-03.webp\"\/><\/p>\n<h3>Pen\u00e9sz rakt\u00e1r<\/h3>\n<p><img decoding=\"async\" src=\"\/wp-content\/uploads\/factory-04.webp\"\/><\/p>\n<h3>43 alum\u00ednium extrud\u00e1l\u00f3 vonal (500-5500 tonna)<\/h3>\n<p><img decoding=\"async\" src=\"\/wp-content\/uploads\/factory-05.webp\"\/><\/p>\n<p><img decoding=\"async\" src=\"\/wp-content\/uploads\/factory-06.webp\"\/><\/p>\n<p><img decoding=\"async\" src=\"\/wp-content\/uploads\/factory-07.webp\"\/><\/p>\n<h3>Porfest\u0151 m\u0171hely<\/h3>\n<p><img decoding=\"async\" src=\"\/wp-content\/uploads\/factory-09.webp\"\/><\/p>\n<h3>Anodiz\u00e1l\u00f3 m\u0171hely<\/h3>\n<p><img decoding=\"async\" src=\"\/wp-content\/uploads\/factory-10.webp\"\/><\/p>\n<h3>M\u00e9ly feldolgoz\u00e1si m\u0171hely<\/h3>\n<p><img decoding=\"async\" src=\"\/wp-content\/uploads\/factory-11.webp\"\/><\/p>\n<h3>CNC prec\u00edzi\u00f3s megmunk\u00e1l\u00f3 m\u0171hely<\/h3>\n<p><img decoding=\"async\" src=\"\/wp-content\/uploads\/factory-11.5.webp\"\/><\/p>\n<h3>K\u00e9szterm\u00e9k \u00e9s export rakt\u00e1r<\/h3>\n<p><img decoding=\"async\" src=\"\/wp-content\/uploads\/factory-12.webp\"\/><\/p>\n<p><img decoding=\"async\" src=\"\/wp-content\/uploads\/factory-13.webp\"\/><\/p>\n<p><img decoding=\"async\" src=\"\/wp-content\/uploads\/factory-14.webp\"\/><\/p>\n<h2>GYIK<\/h2>\n<p><p><b>1.Mi a fa szemcs\u00e9s testreszabott alum\u00ednium extrud\u00e1lt s\u00edn? <\/b><\/p>\n<p> A Wood Grain Customize Aluminium Extrusion Rail egy alum\u00ednium korl\u00e1tprofil, amely faanyag hat\u00e1s\u00fa, a fa megjelen\u00e9s\u00e9t az alum\u00ednium szil\u00e1rds\u00e1g\u00e1val \u00e9s tart\u00f3ss\u00e1g\u00e1val egy\u00fctt k\u00edn\u00e1lja.<br \/>\n<\/p><br \/>\n<br \/>\n<p><b>2.Mik az el\u0151nyei a Wood Grain alum\u00ednium extrud\u00e1lt s\u00ednnek? <\/b><\/p>\n<p> Ez a term\u00e9k \u00f6tv\u00f6zi a fa term\u00e9szetes megjelen\u00e9s\u00e9t az alum\u00ednium olyan el\u0151nyeivel, mint a korr\u00f3zi\u00f3\u00e1ll\u00f3s\u00e1g, az alacsony karbantart\u00e1si ig\u00e9ny \u00e9s a hossz\u00fa \u00e9lettartam.<br \/>\n<\/p><br \/>\n<br \/>\n<p><b>3.Mi\u00e9rt v\u00e1lassza a fa szemcs\u00e9s fel\u00fcletet az alum\u00ednium korl\u00e1tokon? <\/b><\/p>\n<p> A fa szemcs\u00e9s kivitel meleg, term\u00e9szetes eszt\u00e9tik\u00e1t biztos\u00edt, a val\u00f3di f\u00e1val kapcsolatos vetemed\u00e9si, korhad\u00e1si vagy \u00fajrafest\u00e9si probl\u00e9m\u00e1k n\u00e9lk\u00fcl.<br \/>\n<\/p><br \/>\n<br \/>\n<p><b>4.Can fa szemcs\u00e9s alum\u00ednium extrud\u00e1lt s\u00ednek testreszabhat\u00f3ak? <\/b><\/p>\n<p> Igen, sz\u00edn\u00fck, szemcsemint\u00e1juk, m\u00e9ret\u00fck \u00e9s alakjuk az egyedi tervez\u00e9si \u00e9s \u00e9p\u00edt\u00e9szeti k\u00f6vetelm\u00e9nyekhez igaz\u00edthat\u00f3.<br \/>\n<\/p><br \/>\n<br \/>\n<p><b>5.Is Wood Grain Customize Alum\u00ednium extrud\u00e1lt s\u00edn alkalmas k\u00fclt\u00e9ri haszn\u00e1latra? <\/b><\/p>\n<p> Abszol\u00fat, a porsz\u00f3rt fa szemcs\u00e9s kivitel ellen\u00e1ll az UV-sugaraknak, a nedvess\u00e9gnek \u00e9s a zord id\u0151j\u00e1r\u00e1snak, \u00edgy ide\u00e1lis k\u00fclt\u00e9ri korl\u00e1tokhoz \u00e9s ker\u00edt\u00e9sekhez.<br \/>\n<\/p><br \/>\n<br \/>\n<p><b>6.Milyen alkalmaz\u00e1sok haszn\u00e1lj\u00e1k a fa szemcs\u00e9s alum\u00ednium extrud\u00e1lt s\u00ednt? <\/b><\/p>\n<p> Gyakori felhaszn\u00e1l\u00e1si ter\u00fcletei k\u00f6z\u00e9 tartoznak a lak\u00f3\u00e9p\u00fcletek erk\u00e9lyei, kerti ker\u00edt\u00e9sek, kereskedelmi \u00e9p\u00fcletek \u00e9s bels\u0151 v\u00e1laszfalak, amelyek f\u00e1hoz hasonl\u00f3 megjelen\u00e9st keresnek.<br \/>\n<\/p><br \/>\n<br \/>\n<p><b>7.Mennyi ideig tart az alum\u00ednium korl\u00e1tok faanyag\u00e1nak bevonata? <\/b><\/p>\n<p> A fel\u00fclet 15-20 \u00e9vig vagy tov\u00e1bb is eltarthat, minim\u00e1lis karbantart\u00e1s mellett megtartva a megjelen\u00e9s\u00e9t, \u00e9s nem sz\u00fcks\u00e9ges \u00fajrafesteni vagy t\u00f6m\u00edteni.<br \/>\n<\/p><br \/>\n<br \/>\n<p><b>8.Are fa szemcs\u00e9s alum\u00ednium extrud\u00e1lt s\u00ednek k\u00f6rnyezetbar\u00e1t? <\/b><\/p>\n<p> Igen, az alum\u00ednium \u00fajrahasznos\u00edthat\u00f3, \u00e9s a fa szemcs\u00e9s kivitel elker\u00fclhet\u0151v\u00e9 teszi az erd\u0151irt\u00e1st, \u00edgy fenntarthat\u00f3 alternat\u00edv\u00e1t k\u00edn\u00e1l a val\u00f3di fa helyett.<br \/>\n<\/p><br \/>\n<br \/>\n<p><b>9.Milyen karbantart\u00e1s sz\u00fcks\u00e9ges a faszemcs\u00e9s alum\u00ednium s\u00ednekhez? <\/b><\/p>\n<p> Csak id\u0151nk\u00e9nti tiszt\u00edt\u00e1s v\u00edzzel \u00e9s puha ruh\u00e1val elegend\u0151 ahhoz, hogy a fel\u00fclet frissnek \u00e9s \u00e9l\u00e9nknek t\u0171nj\u00f6n.<br \/>\n<\/p><br \/>\n<br \/>\n<p><b>10.Hogyan jav\u00edtja az ingatlan \u00e9rt\u00e9k\u00e9t a Wood Grain Aluminium Extrusion Rail? <\/b><\/p>\n<p> Eszt\u00e9tikai vonzer\u0151t, tart\u00f3ss\u00e1got \u00e9s modern st\u00edlust k\u00f6lcs\u00f6n\u00f6z, jav\u00edtva a lak\u00f3- vagy kereskedelmi ingatlanok \u00e1ltal\u00e1nos megjelen\u00e9s\u00e9t \u00e9s alacsony karbantart\u00e1si \u00e9rt\u00e9k\u00e9t.<br \/>\n<\/p><br \/><\/p>","protected":false},"featured_media":6024,"template":"","categories":[57],"class_list":["post-6025","product","type-product","status-publish","has-post-thumbnail","hentry","category-anodized-aluminum-profile"],"meta_box":{"hilight_text_group":{"product_hilight_text":"<li>Realistic wood grain finish combines natural look with aluminum durability<\/li>\r\r\n<li>Customizable designs, lengths, and profiles to fit architectural needs<\/li>\r\r\n<li>Weather-resistant and fade-resistant surface for long-term outdoor use<\/li>\r\r\n<li>Lightweight and easy to install, reducing labor and transportation costs<\/li>\r\r\n<li>Low maintenance alternative to traditional wood with no rotting or warping<\/li>","product_chanpin_chanpin":"<li><a href=\"https:\/\/sinoextrud.com\/product\/aluminum-angle-channel-bright-polished-mirror\/\" target=\"_blank\">Aluminum Angle Channel Bright Polished Mirror<\/a><\/li>\r\n<li><a href=\"https:\/\/sinoextrud.com\/product\/aluminum-anodized-surface-profile\/\" target=\"_blank\">Aluminum Anodized Surface Profile<\/a><\/li>\r\n<li><a href=\"https:\/\/sinoextrud.com\/product\/anodized-aluminum-manufacturer-supply-anodized-aluminium-extrusion-tube-6063\/\" target=\"_blank\">anodized aluminum Manufacturer Supply anodized Aluminium Extrusion Tube 6063<\/a><\/li>\r\n<li><a href=\"https:\/\/sinoextrud.com\/product\/powder-coating-decorative-aluminum-railing\/\" target=\"_blank\">Powder Coating Decorative Aluminum Railing<\/a><\/li>\r\n<li><a href=\"https:\/\/sinoextrud.com\/product\/wood-grain-customize-aluminium-extrusion-rail\/\" target=\"_blank\">Wood Grain Customize Aluminium Extrusion Rail<\/a><\/li>\r\n<li><a href=\"https:\/\/sinoextrud.com\/product\/sandblasted-mechanical-streak-removed-aluminium-profiles\/\" target=\"_blank\">Sandblasted Mechanical streak removed aluminium profiles<\/a><\/li>\r\n<li><a href=\"https:\/\/sinoextrud.com\/product\/anodized-extruded-aluminium-glazing-profiles\/\" target=\"_blank\">Anodized Extruded Aluminium Glazing Profiles<\/a><\/li>\r\n<li><a href=\"https:\/\/sinoextrud.com\/product\/anodized-champagne-aluminium-color-matte-anodized-sand-blasting-6063-alloy-extrusion-profiles\/\" target=\"_blank\">Anodized Champagne aluminium color matte anodized sand blasting 6063 alloy extrusion profiles<\/a><\/li>\r\n<li><a href=\"https:\/\/sinoextrud.com\/product\/anodized-aluminium-extrusion-profile-for-frame-construction-system\/\" target=\"_blank\">Anodized aluminium extrusion profile for frame construction system<\/a><\/li>\r\n<li><a href=\"https:\/\/sinoextrud.com\/product\/polished-sliver-aluminium-profile-like-mirror\/\" target=\"_blank\">Polished Sliver Aluminium Profile Like Mirror<\/a><\/li>\r\n<li><a href=\"https:\/\/sinoextrud.com\/product\/aluminium-enclosure-housing-and-shells\/\" target=\"_blank\">Aluminium Enclosure Housing And Shells<\/a><\/li>"},"feature_list":[]},"_links":{"self":[{"href":"https:\/\/sinoextrud.com\/hu\/wp-json\/wp\/v2\/product\/6025","targetHints":{"allow":["GET"]}}],"collection":[{"href":"https:\/\/sinoextrud.com\/hu\/wp-json\/wp\/v2\/product"}],"about":[{"href":"https:\/\/sinoextrud.com\/hu\/wp-json\/wp\/v2\/types\/product"}],"wp:featuredmedia":[{"embeddable":true,"href":"https:\/\/sinoextrud.com\/hu\/wp-json\/wp\/v2\/media\/6024"}],"wp:attachment":[{"href":"https:\/\/sinoextrud.com\/hu\/wp-json\/wp\/v2\/media?parent=6025"}],"wp:term":[{"taxonomy":"category","embeddable":true,"href":"https:\/\/sinoextrud.com\/hu\/wp-json\/wp\/v2\/categories?post=6025"}],"curies":[{"name":"wp","href":"https:\/\/api.w.org\/{rel}","templated":true}]}}