{"id":6020,"date":"2025-05-24T02:12:04","date_gmt":"2025-05-24T02:12:04","guid":{"rendered":"https:\/\/sinoextrud.com\/product\/anodized-aluminum-manufacturer-supply-anodized-aluminium-extrusion-tube-6063\/"},"modified":"2025-06-24T03:53:21","modified_gmt":"2025-06-24T03:53:21","slug":"eloxalt-aluminium-gyarto-kinal-eloxalt-aluminium-extrudalt-cso-6063","status":"publish","type":"product","link":"https:\/\/sinoextrud.com\/hu\/product\/anodized-aluminum-manufacturer-supply-anodized-aluminium-extrusion-tube-6063\/","title":{"rendered":"elox\u00e1lt alum\u00ednium Gy\u00e1rt\u00f3 Ell\u00e1t\u00e1s elox\u00e1lt alum\u00ednium extrud\u00e1lt cs\u0151 6063"},"content":{"rendered":"<h2>Term\u00e9kek r\u00e9szletei<\/h2>\n<table class=\"custom-table\">\n<tr>\n<td class=\"label\">T\u00e9tel: <\/td>\n<td>elox\u00e1lt alum\u00ednium Gy\u00e1rt\u00f3 Ell\u00e1t\u00e1s elox\u00e1lt alum\u00ednium extrud\u00e1lt cs\u0151 6063<\/td>\n<\/tr>\n<tr>\n<td class=\"label\">Materila: <\/td>\n<td>6063-as alum\u00ednium tusk\u00f3 \u00f6tv\u00f6zet<\/td>\n<\/tr>\n<tr>\n<td class=\"label\">Lelkiismeretesen: <\/td>\n<td>T5,T6<\/td>\n<\/tr>\n<tr>\n<td class=\"label\">Alak: <\/td>\n<td>40x40mm. Testreszabhat\u00f3.<\/td>\n<\/tr>\n<tr>\n<td class=\"label\">A profil s\u0171r\u0171s\u00f6dik: <\/td>\n<td>1,0 mm felett.<\/td>\n<\/tr>\n<tr>\n<td class=\"label\">Fel\u00fcletkezel\u00e9s: <\/td>\n<td>elox\u00e1lt alum\u00ednium<\/td>\n<\/tr>\n<tr>\n<td class=\"label\">Sz\u00edn: <\/td>\n<td>ez\u00fcst, testreszabott sz\u00edn el\u00e9rhet\u0151.<\/td>\n<\/tr>\n<tr>\n<td class=\"label\">Bevonattal foglalkoz\u00f3 c\u00e9g: <\/td>\n<td>10-13 mikron.<\/td>\n<\/tr>\n<tr>\n<td class=\"label\">Haszn\u00e1lat: <\/td>\n<td>ablak \u00e9s ajt\u00f3, ipari, sz\u00e1ll\u00edt\u00e1si, stb.<\/td>\n<\/tr>\n<tr>\n<td class=\"label\">MOQ: <\/td>\n<td>200 kg t\u00e9telenk\u00e9nt<\/td>\n<\/tr>\n<tr>\n<td class=\"label\">Tan\u00fas\u00edtv\u00e1ny \u00e9s szabv\u00e1ny: <\/td>\n<td>ISO 9008-2001. CQM, SGS<\/td>\n<\/tr>\n<tr>\n<td class=\"label\">Garancia: <\/td>\n<td>A fel\u00fclet sz\u00edne 15 \u00e9vig stabil lehet belt\u00e9ri haszn\u00e1lat felett.<\/td>\n<\/tr>\n<tr>\n<td class=\"label\">Termel\u00e9si feldolgoz\u00e1s: <\/td>\n<td>Alum\u00ednium extrud\u00e1l\u00e1s<\/td>\n<\/tr>\n<tr>\n<td class=\"label\">Eredet: <\/td>\n<td>Foshan, Guangdong.<\/td>\n<\/tr>\n<\/table>\n<h2>Gy\u00e1rt\u00f3 b\u00e1zisunk<\/h2>\n<h3>Gy\u00e1ri panor\u00e1ma<\/h3>\n<p><img decoding=\"async\" src=\"\/wp-content\/uploads\/factory-01.webp\"\/><\/p>\n<h3>Alum\u00ednium r\u00fadgy\u00e1rt\u00f3 m\u0171hely<\/h3>\n<p><img decoding=\"async\" src=\"\/wp-content\/uploads\/factory-02.webp\"\/><\/p>\n<p><img decoding=\"async\" src=\"\/wp-content\/uploads\/factory-03.webp\"\/><\/p>\n<h3>Pen\u00e9sz rakt\u00e1r<\/h3>\n<p><img decoding=\"async\" src=\"\/wp-content\/uploads\/factory-04.webp\"\/><\/p>\n<h3>43 alum\u00ednium extrud\u00e1l\u00f3 vonal (500-5500 tonna)<\/h3>\n<p><img decoding=\"async\" src=\"\/wp-content\/uploads\/factory-05.webp\"\/><\/p>\n<p><img decoding=\"async\" src=\"\/wp-content\/uploads\/factory-06.webp\"\/><\/p>\n<p><img decoding=\"async\" src=\"\/wp-content\/uploads\/factory-07.webp\"\/><\/p>\n<h3>Porfest\u0151 m\u0171hely<\/h3>\n<p><img decoding=\"async\" src=\"\/wp-content\/uploads\/factory-09.webp\"\/><\/p>\n<h3>Anodiz\u00e1l\u00f3 m\u0171hely<\/h3>\n<p><img decoding=\"async\" src=\"\/wp-content\/uploads\/factory-10.webp\"\/><\/p>\n<h3>M\u00e9ly feldolgoz\u00e1si m\u0171hely<\/h3>\n<p><img decoding=\"async\" src=\"\/wp-content\/uploads\/factory-11.webp\"\/><\/p>\n<h3>CNC prec\u00edzi\u00f3s megmunk\u00e1l\u00f3 m\u0171hely<\/h3>\n<p><img decoding=\"async\" src=\"\/wp-content\/uploads\/factory-11.5.webp\"\/><\/p>\n<h3>K\u00e9szterm\u00e9k \u00e9s export rakt\u00e1r<\/h3>\n<p><img decoding=\"async\" src=\"\/wp-content\/uploads\/factory-12.webp\"\/><\/p>\n<p><img decoding=\"async\" src=\"\/wp-content\/uploads\/factory-13.webp\"\/><\/p>\n<p><img decoding=\"async\" src=\"\/wp-content\/uploads\/factory-14.webp\"\/><\/p>\n<h2>GYIK<\/h2>\n<p><p><b>1.Mi a gy\u00e1rt\u00f3 k\u00edn\u00e1lja az elox\u00e1lt alum\u00ednium extrud\u00e1lt cs\u00f6vet 6063? <\/b><\/p>\n<p> A gy\u00e1rt\u00f3 \u00e1ltal sz\u00e1ll\u00edtott elox\u00e1lt 6063-as alum\u00ednium extrud\u00e1lt cs\u0151 6063-as \u00f6tv\u00f6zetb\u0151l k\u00e9sz\u00fclt \u00e9s a fokozott tart\u00f3ss\u00e1g \u00e9rdek\u00e9ben elox\u00e1lt, k\u00f6zvetlen\u00fcl a gy\u00e1rt\u00f3t\u00f3l sz\u00e1ll\u00edtott kerek vagy n\u00e9gyzet alak\u00fa alum\u00edniumcs\u00f6vekre vonatkozik.<br \/>\n<\/p><br \/>\n<br \/>\n<p><b>2.Mik az elox\u00e1lt alum\u00ednium extrud\u00e1lt cs\u0151 6063 f\u0151 jellemz\u0151i? <\/b><\/p>\n<p> Ezek a cs\u00f6vek kiv\u00e1l\u00f3 korr\u00f3zi\u00f3\u00e1ll\u00f3s\u00e1got, sima elox\u00e1lt fel\u00fcletet, nagy szil\u00e1rds\u00e1g\/s\u00faly ar\u00e1nyt \u00e9s kiv\u00e1l\u00f3 megmunk\u00e1lhat\u00f3s\u00e1got biztos\u00edtanak.<br \/>\n<\/p><br \/>\n<br \/>\n<p><b>3.Mi\u00e9rt v\u00e1lassza a 6063 alum\u00edniumot az elox\u00e1lt extrud\u00e1lt cs\u00f6vekhez? <\/b><\/p>\n<p> A 6063-as alum\u00ednium\u00f6tv\u00f6zet ide\u00e1lis anodiz\u00e1l\u00e1sra, kiv\u00e1l\u00f3 min\u0151s\u00e9g\u0171 fel\u00fcleti fel\u00fcletet, j\u00f3 hegeszthet\u0151s\u00e9get \u00e9s elegend\u0151 szil\u00e1rds\u00e1got k\u00edn\u00e1l \u00e9p\u00edt\u00e9szeti \u00e9s szerkezeti alkalmaz\u00e1sokhoz.<br \/>\n<\/p><br \/>\n<br \/>\n<p><b>4.Mik az el\u0151nyei annak, hogy k\u00f6zvetlen\u00fcl a gy\u00e1rt\u00f3t\u00f3l v\u00e1s\u00e1rolja meg az elox\u00e1lt alum\u00edniumcs\u00f6veket? <\/b><\/p>\n<p> A k\u00f6zvetlen v\u00e1s\u00e1rl\u00e1s versenyk\u00e9pes \u00e1rakat, egyenletes min\u0151s\u00e9get, testreszab\u00e1si lehet\u0151s\u00e9geket \u00e9s megb\u00edzhat\u00f3 ell\u00e1t\u00e1si l\u00e1ncot biztos\u00edt.<br \/>\n<\/p><br \/>\n<br \/>\n<p><b>5.Milyen alkalmaz\u00e1sok haszn\u00e1lj\u00e1k a Gy\u00e1rt\u00f3 k\u00edn\u00e1lat elox\u00e1lt alum\u00ednium extrud\u00e1lt cs\u0151 6063? <\/b><\/p>\n<p> Gyakori felhaszn\u00e1l\u00e1si ter\u00fcletei k\u00f6z\u00e9 tartoznak az \u00e9p\u00edt\u00e9szeti korl\u00e1tok, ki\u00e1ll\u00edt\u00e1si szerkezetek, b\u00fatorkeretek, f\u00fcgg\u00f6nyfalak \u00e9s k\u00fclt\u00e9ri burkolatok.<br \/>\n<\/p><br \/>\n<br \/>\n<p><b>6.Az elox\u00e1lt alum\u00ednium extrud\u00e1lt cs\u0151 6063 alkalmas k\u00fclt\u00e9ri k\u00f6rnyezetre? <\/b><\/p>\n<p> Igen, az elox\u00e1lt fel\u00fclet kiv\u00e1l\u00f3 UV- \u00e9s korr\u00f3zi\u00f3\u00e1ll\u00f3s\u00e1got biztos\u00edt, \u00edgy ide\u00e1lis k\u00fclt\u00e9ri \u00e9s tengeri alkalmaz\u00e1sokhoz.<br \/>\n<\/p><br \/>\n<br \/>\n<p><b>7.Can ezek az elox\u00e1lt alum\u00ednium cs\u00f6vek testre szabhat\u00f3ak? <\/b><\/p>\n<p> Term\u00e9szetesen a gy\u00e1rt\u00f3k testre szabhatj\u00e1k a hossz\u00fas\u00e1got, az \u00e1tm\u00e9r\u0151t, a falvastags\u00e1got \u00e9s az elox\u00e1l\u00e1s sz\u00edn\u00e9t, hogy megfeleljenek a projektspecifikus k\u00f6vetelm\u00e9nyeknek.<br \/>\n<\/p><br \/>\n<br \/>\n<p><b>8.Are elox\u00e1lt alum\u00ednium extrud\u00e1lt cs\u00f6vek 6063 k\u00f6rnyezetbar\u00e1t? <\/b><\/p>\n<p> Igen, az alum\u00ednium 100% \u00fajrahasznos\u00edthat\u00f3, \u00e9s az elox\u00e1l\u00e1s nem m\u00e9rgez\u0151 fel\u00fcletkezel\u00e9s, \u00edgy ezek a cs\u00f6vek fenntarthat\u00f3 anyagv\u00e1laszt\u00e1s.<br \/>\n<\/p><br \/>\n<br \/>\n<p><b>9.Mennyi ideig tart az elox\u00e1lt fel\u00fclet a 6063-as alum\u00edniumcs\u00f6veken? <\/b><\/p>\n<p> Az elox\u00e1lt bevonat rendk\u00edv\u00fcl tart\u00f3s \u00e9s hossz\u00fa \u00e9lettartam\u00fa, \u00e9s norm\u00e1l haszn\u00e1lat mellett \u00e9vtizedekig biztos\u00edtja a fel\u00fclet v\u00e9delm\u00e9t.<br \/>\n<\/p><br \/>\n<br \/>\n<p><b>10.Do elox\u00e1lt alum\u00ednium extrud\u00e1lt cs\u00f6vek karbantart\u00e1st ig\u00e9nyelnek? <\/b><\/p>\n<p> Minim\u00e1lis karbantart\u00e1s sz\u00fcks\u00e9ges - csak rendszeres tiszt\u00edt\u00e1s nem d\u00f6rzs\u00f6l\u0151 anyagokkal az elox\u00e1lt megjelen\u00e9s meg\u0151rz\u00e9se \u00e9rdek\u00e9ben.<br \/>\n<\/p><br \/><\/p>","protected":false},"featured_media":6019,"template":"","categories":[57],"class_list":["post-6020","product","type-product","status-publish","has-post-thumbnail","hentry","category-anodized-aluminum-profile"],"meta_box":{"hilight_text_group":{"product_hilight_text":"<li>Direct from manufacturer for competitive pricing and stable supply<\/li>\r\r\n<li>Made from 6063 alloy for excellent formability, corrosion resistance, and surface finish<\/li>\r\r\n<li>Anodized coating enhances durability and aesthetic appeal<\/li>\r\r\n<li>Lightweight with good strength, ideal for structural, architectural, and transportation uses<\/li>\r\r\n<li>Custom lengths, wall thicknesses, and finishes available to meet project needs<\/li>","product_chanpin_chanpin":"<li><a href=\"https:\/\/sinoextrud.com\/product\/customize-6063-z-section-aluminium-extrusion\/\" target=\"_blank\">Customize 6063 Z Section Aluminium Extrusion<\/a><\/li>\r\n<li><a href=\"https:\/\/sinoextrud.com\/product\/anodized-aluminium-profiles\/\" target=\"_blank\">Anodized Aluminium Profiles<\/a><\/li>\r\n<li><a href=\"https:\/\/sinoextrud.com\/product\/aluminum-angle-channel-bright-polished-mirror\/\" target=\"_blank\">Aluminum Angle Channel Bright Polished Mirror<\/a><\/li>\r\n<li><a href=\"https:\/\/sinoextrud.com\/product\/aluminum-anodized-surface-profile\/\" target=\"_blank\">Aluminum Anodized Surface Profile<\/a><\/li>\r\n<li><a href=\"https:\/\/sinoextrud.com\/product\/anodized-aluminum-manufacturer-supply-anodized-aluminium-extrusion-tube-6063\/\" target=\"_blank\">anodized aluminum Manufacturer Supply anodized Aluminium Extrusion Tube 6063<\/a><\/li>\r\n<li><a href=\"https:\/\/sinoextrud.com\/product\/powder-coating-decorative-aluminum-railing\/\" target=\"_blank\">Powder Coating Decorative Aluminum Railing<\/a><\/li>\r\n<li><a href=\"https:\/\/sinoextrud.com\/product\/wood-grain-customize-aluminium-extrusion-rail\/\" target=\"_blank\">Wood Grain Customize Aluminium Extrusion Rail<\/a><\/li>\r\n<li><a href=\"https:\/\/sinoextrud.com\/product\/sandblasted-mechanical-streak-removed-aluminium-profiles\/\" target=\"_blank\">Sandblasted Mechanical streak removed aluminium profiles<\/a><\/li>\r\n<li><a href=\"https:\/\/sinoextrud.com\/product\/anodized-extruded-aluminium-glazing-profiles\/\" target=\"_blank\">Anodized Extruded Aluminium Glazing Profiles<\/a><\/li>\r\n<li><a href=\"https:\/\/sinoextrud.com\/product\/aluminum-picture-photo-artware-frame-mirror-polished-gold\/\" target=\"_blank\">Aluminum Picture Photo Artware Frame Mirror Polished Gold<\/a><\/li>\r\n<li><a href=\"https:\/\/sinoextrud.com\/product\/aluminum-extrusion-advertising-signs-aluminum-frame-profile\/\" target=\"_blank\">Aluminum Extrusion Advertising Signs Aluminum Frame Profile<\/a><\/li>"},"feature_list":[]},"_links":{"self":[{"href":"https:\/\/sinoextrud.com\/hu\/wp-json\/wp\/v2\/product\/6020","targetHints":{"allow":["GET"]}}],"collection":[{"href":"https:\/\/sinoextrud.com\/hu\/wp-json\/wp\/v2\/product"}],"about":[{"href":"https:\/\/sinoextrud.com\/hu\/wp-json\/wp\/v2\/types\/product"}],"wp:featuredmedia":[{"embeddable":true,"href":"https:\/\/sinoextrud.com\/hu\/wp-json\/wp\/v2\/media\/6019"}],"wp:attachment":[{"href":"https:\/\/sinoextrud.com\/hu\/wp-json\/wp\/v2\/media?parent=6020"}],"wp:term":[{"taxonomy":"category","embeddable":true,"href":"https:\/\/sinoextrud.com\/hu\/wp-json\/wp\/v2\/categories?post=6020"}],"curies":[{"name":"wp","href":"https:\/\/api.w.org\/{rel}","templated":true}]}}