{"id":6013,"date":"2025-05-24T01:34:09","date_gmt":"2025-05-24T01:34:09","guid":{"rendered":"https:\/\/sinoextrud.com\/?post_type=product&#038;p=6013"},"modified":"2025-06-24T03:53:14","modified_gmt":"2025-06-24T03:53:14","slug":"eloxalt-aluminium-profilok","status":"publish","type":"product","link":"https:\/\/sinoextrud.com\/hu\/product\/anodized-aluminium-profiles\/","title":{"rendered":"Elox\u00e1lt alum\u00ednium profilok"},"content":{"rendered":"<h2>Term\u00e9kek r\u00e9szletei<\/h2>\n<table class=\"custom-table\">\n<tr>\n<td class=\"label\">Lelkiismeretesen:<\/td>\n<td>T3-T8<\/td>\n<\/tr>\n<tr>\n<td class=\"label\">\u00f6tv\u00f6zet:<\/td>\n<td>\u00d6tv\u00f6zet<\/td>\n<\/tr>\n<tr>\n<td class=\"label\">\u00d6tv\u00f6z\u0151 \u00f6sszetev\u0151:<\/td>\n<td>6063<\/td>\n<\/tr>\n<tr>\n<td class=\"label\">Pol\u00edrozott alum\u00ednium profil:<\/td>\n<td>Mechanikus elox\u00e1l\u00e1s<\/td>\n<\/tr>\n<tr>\n<td class=\"label\">Szabv\u00e1nyos hossz:<\/td>\n<td>3-6m<\/td>\n<\/tr>\n<tr>\n<td class=\"label\">Kitett fel\u00fclet:<\/td>\n<td>125-550mm<\/td>\n<\/tr>\n<tr>\n<td class=\"label\">Tartoz\u00e9kok:<\/td>\n<td>T\u0171zg\u00e1tl\u00f3 \u00e9s v\u00edzz\u00e1r\u00f3<\/td>\n<\/tr>\n<tr>\n<td class=\"label\">Alkalmaz\u00e1s:<\/td>\n<td>Falt\u00f3l a mennyezetig<\/td>\n<\/tr>\n<tr>\n<td class=\"label\">Minta:<\/td>\n<td>Ingyenes<\/td>\n<\/tr>\n<tr>\n<td class=\"label\">Sz\u00e1ll\u00edt\u00e1si csomag:<\/td>\n<td>R\u00e9tegelt lemez<\/td>\n<\/tr>\n<tr>\n<td class=\"label\">Eredet:<\/td>\n<td>Guangdong, K\u00edna<\/td>\n<\/tr>\n<tr>\n<td class=\"label\">T\u00edpus:<\/td>\n<td>Dekor\u00e1ci\u00f3 Alum\u00ednium profil, Tiszt\u00edt\u00f3 helyis\u00e9g profil<\/td>\n<\/tr>\n<tr>\n<td class=\"label\">Oszt\u00e1ly:<\/td>\n<td>6000-es sorozat<\/td>\n<\/tr>\n<tr>\n<td class=\"label\">Ablak \u00e9s ajt\u00f3 alum\u00ednium profil:<\/td>\n<td>90-es sorozat<\/td>\n<\/tr>\n<tr>\n<td class=\"label\">Fel\u00fcletkezel\u00e9s:<\/td>\n<td>An\u00f3dos oxid\u00e1ci\u00f3<\/td>\n<\/tr>\n<tr>\n<td class=\"label\">Tan\u00fas\u00edt\u00e1s:<\/td>\n<td>ISO, SGS<\/td>\n<\/tr>\n<tr>\n<td class=\"label\">Alapanyag:<\/td>\n<td>6063-T5 alum\u00ednium \u00f6tv\u00f6zet<\/td>\n<\/tr>\n<\/table>\n<h2>Gy\u00e1rt\u00f3 b\u00e1zisunk<\/h2>\n<h3>Gy\u00e1ri panor\u00e1ma<\/h3>\n<p><img decoding=\"async\" src=\"\/wp-content\/uploads\/factory-01.webp\"\/><\/p>\n<h3>Alum\u00ednium r\u00fadgy\u00e1rt\u00f3 m\u0171hely<\/h3>\n<p><img decoding=\"async\" src=\"\/wp-content\/uploads\/factory-02.webp\"\/><\/p>\n<\/p>\n<p><img decoding=\"async\" src=\"\/wp-content\/uploads\/factory-03.webp\"\/><\/p>\n<h3>Pen\u00e9sz rakt\u00e1r<\/h3>\n<p><img decoding=\"async\" src=\"\/wp-content\/uploads\/factory-04.webp\"\/><\/p>\n<h3>43 alum\u00ednium extrud\u00e1l\u00f3 vonal (500-5500 tonna)<\/h3>\n<p><img decoding=\"async\" src=\"\/wp-content\/uploads\/factory-05.webp\"\/><\/p>\n<p><img decoding=\"async\" src=\"\/wp-content\/uploads\/factory-06.webp\"\/><\/p>\n<p><img decoding=\"async\" src=\"\/wp-content\/uploads\/factory-07.webp\"\/><\/p>\n<h3>Porfest\u0151 m\u0171hely<\/h3>\n<p><img decoding=\"async\" src=\"\/wp-content\/uploads\/factory-09.webp\"\/><\/p>\n<h3>Anodiz\u00e1l\u00f3 m\u0171hely<\/h3>\n<p><img decoding=\"async\" src=\"\/wp-content\/uploads\/factory-10.webp\"\/><\/p>\n<h3>M\u00e9ly feldolgoz\u00e1si m\u0171hely<\/h3>\n<p><img decoding=\"async\" src=\"\/wp-content\/uploads\/factory-11.webp\"\/><\/p>\n<h3>CNC prec\u00edzi\u00f3s megmunk\u00e1l\u00f3 m\u0171hely<\/h3>\n<p><img decoding=\"async\" src=\"\/wp-content\/uploads\/factory-11.5.webp\"\/><\/p>\n<h3>K\u00e9szterm\u00e9k \u00e9s export rakt\u00e1r<\/h3>\n<p><img decoding=\"async\" src=\"\/wp-content\/uploads\/factory-12.webp\"\/><\/p>\n<p><img decoding=\"async\" src=\"\/wp-content\/uploads\/factory-13.webp\"\/><\/p>\n<p><img decoding=\"async\" src=\"\/wp-content\/uploads\/factory-14.webp\"\/><\/p>\n<h2>GYIK<\/h2>\n<p><b>1.Mi az elox\u00e1lt alum\u00ednium profilok? <\/b><\/p>\n<p> Az elox\u00e1lt alum\u00ednium profilok olyan alum\u00ednium extrud\u00e1lt term\u00e9kek, amelyek elox\u00e1l\u00e1si elj\u00e1r\u00e1son mentek kereszt\u00fcl a fel\u00fclet tart\u00f3ss\u00e1g\u00e1nak, korr\u00f3zi\u00f3\u00e1ll\u00f3s\u00e1g\u00e1nak \u00e9s eszt\u00e9tikai vonzerej\u00e9nek n\u00f6vel\u00e9se \u00e9rdek\u00e9ben.\n<\/p>\n<p><\/p>\n<p><b>2.Mik az elox\u00e1lt alum\u00ednium profilok el\u0151nyei? <\/b><\/p>\n<p> Az elox\u00e1lt alum\u00ednium profilok megn\u00f6velt fel\u00fcleti kem\u00e9nys\u00e9get, UV-\u00e1ll\u00f3s\u00e1got, sz\u00ednstabilit\u00e1st \u00e9s eleg\u00e1ns, modern fel\u00fcletet k\u00edn\u00e1lnak, amely ide\u00e1lis a k\u00fcl\u00f6nb\u00f6z\u0151 alkalmaz\u00e1sokhoz.\n<\/p>\n<p><\/p>\n<p><b>3.Mi\u00e9rt v\u00e1lassza az elox\u00e1lt alum\u00edniumot a nyers alum\u00edniummal szemben? <\/b><\/p>\n<p> Az elox\u00e1lt alum\u00ednium ellen\u00e1ll\u00f3bb a kop\u00e1ssal, az id\u0151j\u00e1r\u00e1s viszontags\u00e1gaival \u00e9s a korr\u00f3zi\u00f3val szemben, \u00edgy tart\u00f3sabb \u00e9s vizu\u00e1lisan vonz\u00f3bb, mint a kezeletlen alum\u00ednium.\n<\/p>\n<p><\/p>\n<p><b>4.Haszn\u00e1lhat\u00f3k-e az elox\u00e1lt alum\u00ednium profilok k\u00fclt\u00e9ren? <\/b><\/p>\n<p> Igen, a fokozott korr\u00f3zi\u00f3- \u00e9s UV-\u00e1ll\u00f3s\u00e1gnak k\u00f6sz\u00f6nhet\u0151en az elox\u00e1lt alum\u00edniumprofilok ide\u00e1lisak k\u00fclt\u00e9ri alkalmaz\u00e1sokhoz, p\u00e9ld\u00e1ul homlokzatokhoz, korl\u00e1tokhoz \u00e9s ablakkeretekhez.\n<\/p>\n<p><\/p>\n<p><b>5.Az elox\u00e1lt alum\u00ednium profilok k\u00fcl\u00f6nb\u00f6z\u0151 sz\u00ednekben kaphat\u00f3k? <\/b><\/p>\n<p> Abszol\u00fat, az elox\u00e1l\u00e1si folyamat lehet\u0151v\u00e9 teszi a sz\u00ednv\u00e1laszt\u00e9k sz\u00e9les sk\u00e1l\u00e1j\u00e1t, mik\u00f6zben a f\u00e9mhat\u00e1s\u00fa fel\u00fcleteket \u00e9s a tart\u00f3s vibr\u00e1l\u00e1st is fenntartja.\n<\/p>\n<p><\/p>\n<p><b>6.Milyen ipar\u00e1gak haszn\u00e1lj\u00e1k \u00e1ltal\u00e1ban az elox\u00e1lt alum\u00ednium profilokat? <\/b><\/p>\n<p> Az \u00e9p\u00edt\u00e9szet, a b\u00fatoripar, az elektronika, az aut\u00f3ipar \u00e9s a fogyaszt\u00e1si cikkek ipara sz\u00e9les k\u00f6rben haszn\u00e1lja az elox\u00e1lt profilokat teljes\u00edtm\u00e9ny\u00fck \u00e9s eszt\u00e9tikai \u00e9rt\u00e9k\u00fck miatt.\n<\/p>\n<p><\/p>\n<p><b>7.Az elox\u00e1lt alum\u00ednium profilok karbantart\u00e1st ig\u00e9nyelnek? <\/b><\/p>\n<p> Minim\u00e1lis karbantart\u00e1s sz\u00fcks\u00e9ges - csak id\u0151nk\u00e9nti tiszt\u00edt\u00e1s -, mivel az elox\u00e1lt fel\u00fclet ellen\u00e1ll a szennyez\u0151d\u00e9seknek, foltoknak \u00e9s a roml\u00e1snak.\n<\/p>\n<p><\/p>\n<p><b>8.Az elox\u00e1lt alum\u00ednium profilok k\u00f6rnyezetbar\u00e1tok? <\/b><\/p>\n<p> Igen, az alum\u00ednium 100% \u00fajrahasznos\u00edthat\u00f3, \u00e9s az elox\u00e1l\u00e1si folyamat nem m\u00e9rgez\u0151 \u00e9s biztons\u00e1gos, \u00edgy ezek a profilok fenntarthat\u00f3 anyagv\u00e1laszt\u00e1s.\n<\/p>\n<p><\/p>\n<p><b>9.Mennyi ideig tart az elox\u00e1lt fel\u00fclet az alum\u00ednium profilokon? <\/b><\/p>\n<p> Az elox\u00e1lt bevonatok rendk\u00edv\u00fcl tart\u00f3sak, \u00e9s \u00e9vtizedekig eltarthatnak an\u00e9lk\u00fcl, hogy kifakuln\u00e1nak, lev\u00e1ln\u00e1nak vagy korrod\u00e1l\u00f3dn\u00e1nak norm\u00e1l haszn\u00e1lati k\u00f6r\u00fclm\u00e9nyek k\u00f6z\u00f6tt.\n<\/p>\n<p><\/p>\n<p><b>10.Az elox\u00e1lt alum\u00ednium profilok t\u00e1mogatj\u00e1k az egyedi form\u00e1kat \u00e9s m\u00e9reteket? <\/b><\/p>\n<p> Igen, az elox\u00e1l\u00e1s alkalmazhat\u00f3 az egyedi extrud\u00e1lt alum\u00edniumprofilokra, lehet\u0151v\u00e9 t\u00e9ve az egyedi tervez\u00e9si \u00e9s funkcion\u00e1lis k\u00f6vetelm\u00e9nyeknek megfelel\u0151, testre szabott megold\u00e1sokat.\n<\/p>\n<p><\/p>","protected":false},"featured_media":6012,"template":"","categories":[57],"class_list":["post-6013","product","type-product","status-publish","has-post-thumbnail","hentry","category-anodized-aluminum-profile"],"meta_box":{"hilight_text_group":{"product_hilight_text":"<li>Enhanced corrosion and wear resistance through anodized surface treatment<\/li>\r\r\n<li>Attractive, uniform finish ideal for visible architectural and industrial applications<\/li>\r\r\n<li>Available in various colors and textures to meet design specifications<\/li>\r\r\n<li>Improved surface hardness for increased durability and lifespan<\/li>\r\r\n<li>Low maintenance and environmentally friendly coating process<\/li>","product_chanpin_chanpin":"<li><a href=\"https:\/\/sinoextrud.com\/product\/aluminium-corner-extrusion\/\" target=\"_blank\">Aluminium Corner Extrusion<\/a><\/li>\r\n<li><a href=\"https:\/\/sinoextrud.com\/product\/anodized-extruded-aluminum\/\" target=\"_blank\">Anodized Extruded Aluminum<\/a><\/li>\r\n<li><a href=\"https:\/\/sinoextrud.com\/product\/factory-offer-aluminum-handrail-extrusions\/\" target=\"_blank\">Factory Offer Aluminum Handrail Extrusions<\/a><\/li>\r\n<li><a href=\"https:\/\/sinoextrud.com\/product\/customize-6063-z-section-aluminium-extrusion\/\" target=\"_blank\">Customize 6063 Z Section Aluminium Extrusion<\/a><\/li>\r\n<li><a href=\"https:\/\/sinoextrud.com\/product\/anodized-aluminium-profiles\/\" target=\"_blank\">Anodized Aluminium Profiles<\/a><\/li>\r\n<li><a href=\"https:\/\/sinoextrud.com\/product\/aluminum-angle-channel-bright-polished-mirror\/\" target=\"_blank\">Aluminum Angle Channel Bright Polished Mirror<\/a><\/li>\r\n<li><a href=\"https:\/\/sinoextrud.com\/product\/aluminum-anodized-surface-profile\/\" target=\"_blank\">Aluminum Anodized Surface Profile<\/a><\/li>\r\n<li><a href=\"https:\/\/sinoextrud.com\/product\/anodized-aluminum-manufacturer-supply-anodized-aluminium-extrusion-tube-6063\/\" target=\"_blank\">anodized aluminum Manufacturer Supply anodized Aluminium Extrusion Tube 6063<\/a><\/li>\r\n<li><a href=\"https:\/\/sinoextrud.com\/product\/powder-coating-decorative-aluminum-railing\/\" target=\"_blank\">Powder Coating Decorative Aluminum Railing<\/a><\/li>\r\n<li><a href=\"https:\/\/sinoextrud.com\/product\/sandblasted-aluminum-finish-profile\/\" target=\"_blank\">Sandblasted Aluminum Finish Profile<\/a><\/li>\r\n<li><a href=\"https:\/\/sinoextrud.com\/product\/rectangular-aluminum-tube\/\" target=\"_blank\">Rectangular Aluminum Tube<\/a><\/li>"},"feature_list":[]},"_links":{"self":[{"href":"https:\/\/sinoextrud.com\/hu\/wp-json\/wp\/v2\/product\/6013","targetHints":{"allow":["GET"]}}],"collection":[{"href":"https:\/\/sinoextrud.com\/hu\/wp-json\/wp\/v2\/product"}],"about":[{"href":"https:\/\/sinoextrud.com\/hu\/wp-json\/wp\/v2\/types\/product"}],"wp:featuredmedia":[{"embeddable":true,"href":"https:\/\/sinoextrud.com\/hu\/wp-json\/wp\/v2\/media\/6012"}],"wp:attachment":[{"href":"https:\/\/sinoextrud.com\/hu\/wp-json\/wp\/v2\/media?parent=6013"}],"wp:term":[{"taxonomy":"category","embeddable":true,"href":"https:\/\/sinoextrud.com\/hu\/wp-json\/wp\/v2\/categories?post=6013"}],"curies":[{"name":"wp","href":"https:\/\/api.w.org\/{rel}","templated":true}]}}