{"id":6005,"date":"2025-05-23T16:36:41","date_gmt":"2025-05-23T16:36:41","guid":{"rendered":"https:\/\/sinoextrud.com\/?post_type=product&#038;p=6005"},"modified":"2025-06-24T03:53:11","modified_gmt":"2025-06-24T03:53:11","slug":"gyari-ajanlat-aluminium-korlat-extrudalt","status":"publish","type":"product","link":"https:\/\/sinoextrud.com\/hu\/product\/factory-offer-aluminum-handrail-extrusions\/","title":{"rendered":"Gy\u00e1ri aj\u00e1nlat Alum\u00ednium korl\u00e1t extrud\u00e1l\u00e1s"},"content":{"rendered":"<h2>Term\u00e9kek r\u00e9szletei<\/h2>\n<table class=\"custom-table\">\n<tr>\n<td class=\"label\">Oszt\u00e1ly:<\/td>\n<td>6063 -t5<\/td>\n<\/tr>\n<tr>\n<td class=\"label\">Technika:<\/td>\n<td>Gy\u00e1ri aj\u00e1nlat Alum\u00ednium korl\u00e1t extrud\u00e1l\u00e1s<\/td>\n<\/tr>\n<tr>\n<td class=\"label\">Lelkiismeretesen:<\/td>\n<td>T3 - T8<\/td>\n<\/tr>\n<tr>\n<td class=\"label\">Megmunk\u00e1l\u00e1si szolg\u00e1ltat\u00e1sok:<\/td>\n<td>F\u00far\u00e1s, csavaroz\u00e1s, szegecsel\u00e9s, \u00f6sszeszerel\u00e9s stb.<\/td>\n<\/tr>\n<tr>\n<td class=\"label\">V\u00e9djegy:<\/td>\n<td>Zhonglian Pailian Zhongchang Zhongchang<\/td>\n<\/tr>\n<tr>\n<td class=\"label\">T\u00edpus:<\/td>\n<td>Gy\u00e1ri aj\u00e1nlat Alum\u00ednium korl\u00e1t extrud\u00e1l\u00e1s<\/td>\n<\/tr>\n<tr>\n<td class=\"label\">Alak:<\/td>\n<td>K\u00e9sz\u00fclt az \u00fcgyfelek tervei szerint<\/td>\n<\/tr>\n<tr>\n<td class=\"label\">Fel\u00fcletkezel\u00e9s:<\/td>\n<td>Mill Finish elox\u00e1lt csiszolt<\/td>\n<\/tr>\n<tr>\n<td class=\"label\">Hossz\u00fas\u00e1g:<\/td>\n<td>3m \u00e9s 6m k\u00f6z\u00f6tt hosszonk\u00e9nt<\/td>\n<\/tr>\n<\/table>\n<h2>Gy\u00e1rt\u00f3 b\u00e1zisunk<\/h2>\n<h3>Gy\u00e1ri panor\u00e1ma<\/h3>\n<p><img decoding=\"async\" src=\"\/wp-content\/uploads\/factory-01.webp\"\/><\/p>\n<h3>Alum\u00ednium r\u00fadgy\u00e1rt\u00f3 m\u0171hely<\/h3>\n<p><img decoding=\"async\" src=\"\/wp-content\/uploads\/factory-02.webp\"\/><\/p>\n<\/p>\n<p><img decoding=\"async\" src=\"\/wp-content\/uploads\/factory-03.webp\"\/><\/p>\n<h3>Pen\u00e9sz rakt\u00e1r<\/h3>\n<p><img decoding=\"async\" src=\"\/wp-content\/uploads\/factory-04.webp\"\/><\/p>\n<h3>43 alum\u00ednium extrud\u00e1l\u00f3 vonal (500-5500 tonna)<\/h3>\n<p><img decoding=\"async\" src=\"\/wp-content\/uploads\/factory-05.webp\"\/><\/p>\n<p><img decoding=\"async\" src=\"\/wp-content\/uploads\/factory-06.webp\"\/><\/p>\n<p><img decoding=\"async\" src=\"\/wp-content\/uploads\/factory-07.webp\"\/><\/p>\n<h3>Porfest\u0151 m\u0171hely<\/h3>\n<p><img decoding=\"async\" src=\"\/wp-content\/uploads\/factory-09.webp\"\/><\/p>\n<h3>Anodiz\u00e1l\u00f3 m\u0171hely<\/h3>\n<p><img decoding=\"async\" src=\"\/wp-content\/uploads\/factory-10.webp\"\/><\/p>\n<h3>M\u00e9ly feldolgoz\u00e1si m\u0171hely<\/h3>\n<p><img decoding=\"async\" src=\"\/wp-content\/uploads\/factory-11.webp\"\/><\/p>\n<h3>CNC prec\u00edzi\u00f3s megmunk\u00e1l\u00f3 m\u0171hely<\/h3>\n<p><img decoding=\"async\" src=\"\/wp-content\/uploads\/factory-11.5.webp\"\/><\/p>\n<h3>K\u00e9szterm\u00e9k \u00e9s export rakt\u00e1r<\/h3>\n<p><img decoding=\"async\" src=\"\/wp-content\/uploads\/factory-12.webp\"\/><\/p>\n<p><img decoding=\"async\" src=\"\/wp-content\/uploads\/factory-13.webp\"\/><\/p>\n<p><img decoding=\"async\" src=\"\/wp-content\/uploads\/factory-14.webp\"\/><\/p>\n<h2>GYIK<\/h2>\n<p><b>1.Mi a gy\u00e1ri aj\u00e1nlat Alum\u00ednium korl\u00e1t extrud\u00e1l\u00e1s? <\/b><\/p>\n<p> A gy\u00e1ri aj\u00e1nlat Alum\u00ednium korl\u00e1tprofilok kifejezetten korl\u00e1trendszerekhez tervezett alum\u00edniumprofilok, amelyeket k\u00f6zvetlen\u00fcl a gy\u00e1rt\u00f3kt\u00f3l kapunk a k\u00f6lts\u00e9ghat\u00e9kony \u00e9s kiv\u00e1l\u00f3 min\u0151s\u00e9g\u0171 megold\u00e1sokhoz.\n<\/p>\n<p><\/p>\n<p><b>2.Mik az el\u0151nyei az alum\u00ednium korl\u00e1t extrud\u00e1l\u00e1snak a gy\u00e1ri besz\u00e1ll\u00edt\u00f3kb\u00f3l? <\/b><\/p>\n<p> A gy\u00e1rilag sz\u00e1ll\u00edtott alum\u00ednium korl\u00e1tprofilok versenyk\u00e9pes \u00e1rakat, egyenletes min\u0151s\u00e9get, gyors \u00e1tfut\u00e1si id\u0151t \u00e9s testreszab\u00e1si lehet\u0151s\u00e9geket k\u00edn\u00e1lnak.\n<\/p>\n<p><\/p>\n<p><b>3.Mi\u00e9rt v\u00e1lassza az alum\u00ednium korl\u00e1t extrud\u00e1lt ac\u00e9l vagy fa helyett? <\/b><\/p>\n<p> Az alum\u00ednium korl\u00e1tprofilok k\u00f6nny\u0171ek, korr\u00f3zi\u00f3\u00e1ll\u00f3ak, alacsony karbantart\u00e1si ig\u00e9ny\u0171ek \u00e9s tart\u00f3sak, \u00edgy ide\u00e1lisak belt\u00e9ri \u00e9s k\u00fclt\u00e9ri alkalmaz\u00e1sokhoz.\n<\/p>\n<p><\/p>\n<p><b>4.Can gy\u00e1ri aj\u00e1nlat Alum\u00ednium korl\u00e1t extrud\u00e1l\u00e1s testreszabhat\u00f3? <\/b><\/p>\n<p> Igen, a gy\u00e1ri besz\u00e1ll\u00edt\u00f3k testre szabhatj\u00e1k a form\u00e1kat, m\u00e9reteket, fel\u00fcleteket \u00e9s r\u00f6gz\u00edt\u00e9si rendszereket, hogy megfeleljenek az egyedi projekt- \u00e9s tervez\u00e9si k\u00f6vetelm\u00e9nyeknek.\n<\/p>\n<p><\/p>\n<p><b>5.Are alum\u00ednium korl\u00e1t extrud\u00e1lt alkalmas k\u00fclt\u00e9ri haszn\u00e1latra? <\/b><\/p>\n<p> Az alum\u00ednium term\u00e9szetes korr\u00f3zi\u00f3\u00e1ll\u00f3s\u00e1ga \u00e9s a v\u00e1laszthat\u00f3 elox\u00e1lt vagy porsz\u00f3rt bevonat\u00fa kivitelek t\u00f6k\u00e9letess\u00e9 teszik \u0151ket a k\u00fclt\u00e9ri k\u00f6rnyezetekben.\n<\/p>\n<p><\/p>\n<p><b>6.Milyen ipar\u00e1gak haszn\u00e1lj\u00e1k a gy\u00e1ri aj\u00e1nlatot Alum\u00ednium korl\u00e1t extrud\u00e1l\u00e1s? <\/b><\/p>\n<p> Az \u00e9p\u00edt\u0151ipar, az \u00e9p\u00edt\u00e9szet, a k\u00f6zleked\u00e9s \u00e9s a k\u00f6zszf\u00e9ra infrastrukt\u00far\u00e1ja gyakran haszn\u00e1l alum\u00ednium korl\u00e1tokat biztons\u00e1gi \u00e9s eszt\u00e9tikai okokb\u00f3l.\n<\/p>\n<p><\/p>\n<p><b>7.Do alum\u00ednium korl\u00e1t extrud\u00e1l\u00e1sok megfelelnek a biztons\u00e1gi el\u0151\u00edr\u00e1soknak? <\/b><\/p>\n<p> Igen, a gy\u00e1rilag gy\u00e1rtott alum\u00ednium korl\u00e1tprofilokat \u00fagy tervezt\u00e9k, hogy megfeleljenek az \u00e9p\u00edt\u00e9si el\u0151\u00edr\u00e1soknak \u00e9s a biztons\u00e1gi el\u0151\u00edr\u00e1soknak a szerkezeti integrit\u00e1s \u00e9s a teljes\u00edtm\u00e9ny tekintet\u00e9ben.\n<\/p>\n<p><\/p>\n<p><b>8.Milyen fel\u00fcleti fel\u00fcletek \u00e1llnak rendelkez\u00e9sre az alum\u00ednium korl\u00e1t extrud\u00e1l\u00e1sokhoz? <\/b><\/p>\n<p> A gyakori kivitelek k\u00f6z\u00e9 tartozik az elox\u00e1l\u00e1s, a porsz\u00f3r\u00e1s \u00e9s a csiszolt alum\u00ednium, amelyek egyszerre ny\u00fajtanak v\u00e9delmet \u00e9s dekorat\u00edv vonzer\u0151t.\n<\/p>\n<p><\/p>\n<p><b>9.How k\u00f6nny\u0171 telep\u00edteni alum\u00ednium korl\u00e1t extrud\u00e1l\u00e1sok? <\/b><\/p>\n<p> Ezeket a profilokat \u00fagy tervezt\u00e9k, hogy a szabv\u00e1nyos konzolok \u00e9s csatlakoz\u00f3k seg\u00edts\u00e9g\u00e9vel gyorsan \u00e9s egyszer\u0171en felszerelhet\u0151k legyenek, cs\u00f6kkentve ezzel a munkaid\u0151t \u00e9s a k\u00f6lts\u00e9geket.\n<\/p>\n<p><\/p>\n<p><b>10.Are gy\u00e1ri aj\u00e1nlat Alum\u00ednium korl\u00e1t extrud\u00e1l\u00e1s k\u00f6rnyezetbar\u00e1t? <\/b><\/p>\n<p> Igen, az alum\u00ednium 100% \u00fajrahasznos\u00edthat\u00f3, \u00e9s a k\u00f6zvetlen\u00fcl a gy\u00e1rb\u00f3l t\u00f6rt\u00e9n\u0151 gy\u00e1rt\u00e1s cs\u00f6kkenti a hullad\u00e9k mennyis\u00e9g\u00e9t \u00e9s t\u00e1mogatja a fenntarthat\u00f3 \u00e9p\u00edt\u00e9si gyakorlatokat.\n<\/p>\n<p><\/p>","protected":false},"featured_media":6004,"template":"","categories":[57],"class_list":["post-6005","product","type-product","status-publish","has-post-thumbnail","hentry","category-anodized-aluminum-profile"],"meta_box":{"hilight_text_group":{"product_hilight_text":"<li>Factory-direct pricing ensures cost efficiency for bulk orders<\/li>\r\r\n<li>Lightweight and corrosion-resistant aluminum ideal for indoor and outdoor use<\/li>\r\r\n<li>Customizable shapes, lengths, and finishes to match project requirements<\/li>\r\r\n<li>Easy to install with standard brackets and fittings<\/li>\r\r\n<li>Meets safety and durability standards for commercial and industrial applications<\/li>","product_chanpin_chanpin":"<li><a href=\"https:\/\/sinoextrud.com\/product\/industrial-aluminum-profiles\/\" target=\"_blank\">Industrial Aluminum Profiles<\/a><\/li>\r\n<li><a href=\"https:\/\/sinoextrud.com\/product\/aluminum-extruded-profile\/\" target=\"_blank\">Aluminum Extruded Profile<\/a><\/li>\r\n<li><a href=\"https:\/\/sinoextrud.com\/product\/aluminium-corner-extrusion\/\" target=\"_blank\">Aluminium Corner Extrusion<\/a><\/li>\r\n<li><a href=\"https:\/\/sinoextrud.com\/product\/anodized-extruded-aluminum\/\" target=\"_blank\">Anodized Extruded Aluminum<\/a><\/li>\r\n<li><a href=\"https:\/\/sinoextrud.com\/product\/factory-offer-aluminum-handrail-extrusions\/\" target=\"_blank\">Factory Offer Aluminum Handrail Extrusions<\/a><\/li>\r\n<li><a href=\"https:\/\/sinoextrud.com\/product\/customize-6063-z-section-aluminium-extrusion\/\" target=\"_blank\">Customize 6063 Z Section Aluminium Extrusion<\/a><\/li>\r\n<li><a href=\"https:\/\/sinoextrud.com\/product\/anodized-aluminium-profiles\/\" target=\"_blank\">Anodized Aluminium Profiles<\/a><\/li>\r\n<li><a href=\"https:\/\/sinoextrud.com\/product\/aluminum-angle-channel-bright-polished-mirror\/\" target=\"_blank\">Aluminum Angle Channel Bright Polished Mirror<\/a><\/li>\r\n<li><a href=\"https:\/\/sinoextrud.com\/product\/aluminum-anodized-surface-profile\/\" target=\"_blank\">Aluminum Anodized Surface Profile<\/a><\/li>\r\n<li><a href=\"https:\/\/sinoextrud.com\/product\/aluminium-fence\/\" target=\"_blank\">Aluminium Fence<\/a><\/li>\r\n<li><a href=\"https:\/\/sinoextrud.com\/product\/retractable-awning-aluminum-tube\/\" target=\"_blank\">Retractable Awning Aluminum Tube<\/a><\/li>"},"feature_list":[]},"_links":{"self":[{"href":"https:\/\/sinoextrud.com\/hu\/wp-json\/wp\/v2\/product\/6005","targetHints":{"allow":["GET"]}}],"collection":[{"href":"https:\/\/sinoextrud.com\/hu\/wp-json\/wp\/v2\/product"}],"about":[{"href":"https:\/\/sinoextrud.com\/hu\/wp-json\/wp\/v2\/types\/product"}],"wp:featuredmedia":[{"embeddable":true,"href":"https:\/\/sinoextrud.com\/hu\/wp-json\/wp\/v2\/media\/6004"}],"wp:attachment":[{"href":"https:\/\/sinoextrud.com\/hu\/wp-json\/wp\/v2\/media?parent=6005"}],"wp:term":[{"taxonomy":"category","embeddable":true,"href":"https:\/\/sinoextrud.com\/hu\/wp-json\/wp\/v2\/categories?post=6005"}],"curies":[{"name":"wp","href":"https:\/\/api.w.org\/{rel}","templated":true}]}}