{"id":5998,"date":"2025-05-23T16:20:26","date_gmt":"2025-05-23T16:20:26","guid":{"rendered":"https:\/\/sinoextrud.com\/?post_type=product&#038;p=5998"},"modified":"2025-06-24T03:53:05","modified_gmt":"2025-06-24T03:53:05","slug":"aluminium-sarokprofil","status":"publish","type":"product","link":"https:\/\/sinoextrud.com\/hu\/product\/aluminium-corner-extrusion\/","title":{"rendered":"Alum\u00ednium sarok extrud\u00e1l\u00e1s"},"content":{"rendered":"<h2>Term\u00e9kek r\u00e9szletei<\/h2>\n<table class=\"custom-table\">\n<tr>\n<td class=\"label\">N\u00e9v:<\/td>\n<td>Alum\u00ednium extrud\u00e1lt profil, alum\u00ednium sarok extrud\u00e1l\u00e1s<\/td>\n<\/tr>\n<tr>\n<td class=\"label\">Anyag:<\/td>\n<td>Alum\u00ednium \u00f6tv\u00f6zet.<\/td>\n<\/tr>\n<tr>\n<td class=\"label\">Oszt\u00e1ly:<\/td>\n<td>6000-es sorozat.<\/td>\n<\/tr>\n<tr>\n<td class=\"label\">Lelkiismeretesen:<\/td>\n<td>T5-T8.<\/td>\n<\/tr>\n<tr>\n<td class=\"label\">Fel\u00fcletkezel\u00e9s:<\/td>\n<td>Malom kivitelben, elox\u00e1l\u00e1s, porsz\u00f3r\u00e1s, homokf\u00fav\u00e1s, kataphor\u00e9zis, stb.<\/td>\n<\/tr>\n<tr>\n<td class=\"label\">Tan\u00fas\u00edtv\u00e1ny:<\/td>\n<td>ISO 9001:2008, ROHS, CE, IQNET.<\/td>\n<\/tr>\n<tr>\n<td class=\"label\">Sz\u00edn:<\/td>\n<td>cusomized<\/td>\n<\/tr>\n<tr>\n<td class=\"label\">M\u00e9ret:<\/td>\n<td>Ugyanaz, mint a rajzok. testreszabott<\/td>\n<\/tr>\n<\/table>\n<h2>Gy\u00e1rt\u00f3 b\u00e1zisunk<\/h2>\n<h3>Gy\u00e1ri panor\u00e1ma<\/h3>\n<p><img decoding=\"async\" src=\"\/wp-content\/uploads\/factory-01.webp\"\/><\/p>\n<h3>Alum\u00ednium r\u00fadgy\u00e1rt\u00f3 m\u0171hely<\/h3>\n<p><img decoding=\"async\" src=\"\/wp-content\/uploads\/factory-02.webp\"\/><\/p>\n<\/p>\n<p><img decoding=\"async\" src=\"\/wp-content\/uploads\/factory-03.webp\"\/><\/p>\n<h3>Pen\u00e9sz rakt\u00e1r<\/h3>\n<p><img decoding=\"async\" src=\"\/wp-content\/uploads\/factory-04.webp\"\/><\/p>\n<h3>43 alum\u00ednium extrud\u00e1l\u00f3 vonal (500-5500 tonna)<\/h3>\n<p><img decoding=\"async\" src=\"\/wp-content\/uploads\/factory-05.webp\"\/><\/p>\n<p><img decoding=\"async\" src=\"\/wp-content\/uploads\/factory-06.webp\"\/><\/p>\n<p><img decoding=\"async\" src=\"\/wp-content\/uploads\/factory-07.webp\"\/><\/p>\n<h3>Porfest\u0151 m\u0171hely<\/h3>\n<p><img decoding=\"async\" src=\"\/wp-content\/uploads\/factory-09.webp\"\/><\/p>\n<h3>Anodiz\u00e1l\u00f3 m\u0171hely<\/h3>\n<p><img decoding=\"async\" src=\"\/wp-content\/uploads\/factory-10.webp\"\/><\/p>\n<h3>M\u00e9ly feldolgoz\u00e1si m\u0171hely<\/h3>\n<p><img decoding=\"async\" src=\"\/wp-content\/uploads\/factory-11.webp\"\/><\/p>\n<h3>CNC prec\u00edzi\u00f3s megmunk\u00e1l\u00f3 m\u0171hely<\/h3>\n<p><img decoding=\"async\" src=\"\/wp-content\/uploads\/factory-11.5.webp\"\/><\/p>\n<h3>K\u00e9szterm\u00e9k \u00e9s export rakt\u00e1r<\/h3>\n<p><img decoding=\"async\" src=\"\/wp-content\/uploads\/factory-12.webp\"\/><\/p>\n<p><img decoding=\"async\" src=\"\/wp-content\/uploads\/factory-13.webp\"\/><\/p>\n<p><img decoding=\"async\" src=\"\/wp-content\/uploads\/factory-14.webp\"\/><\/p>\n<h2>GYIK<\/h2>\n<p><b>1.Mi az alum\u00ednium sarokprofil? <\/b><\/p>\n<p> Az alum\u00ednium sarokprofil egy der\u00e9ksz\u00f6g\u0171 alum\u00edniumprofil, amelyet \u00e9p\u00edt\u0151ipari, b\u00fator- \u00e9s keretrendszerek \u00e9leinek \u00f6sszekapcsol\u00e1s\u00e1ra, v\u00e9delm\u00e9re vagy befejez\u00e9s\u00e9re haszn\u00e1lnak.\n<\/p>\n<p><\/p>\n<p><b>2.Mik az alum\u00ednium sarok extrud\u00e1l\u00e1s legfontosabb el\u0151nyei? <\/b><\/p>\n<p> Az alum\u00ednium sarokprofilok korr\u00f3zi\u00f3\u00e1ll\u00f3s\u00e1got, k\u00f6nny\u0171 szil\u00e1rds\u00e1got \u00e9s tiszta eszt\u00e9tik\u00e1t k\u00edn\u00e1lnak, \u00edgy ide\u00e1lisak mind funkcion\u00e1lis, mind dekorat\u00edv alkalmaz\u00e1sokhoz.\n<\/p>\n<p><\/p>\n<p><b>3.Hol haszn\u00e1lj\u00e1k \u00e1ltal\u00e1ban az alum\u00ednium sarokprofilokat? <\/b><\/p>\n<p> Sz\u00e9les k\u00f6rben haszn\u00e1lj\u00e1k \u0151ket az \u00e9p\u00edt\u0151iparban, a bels\u0151\u00e9p\u00edt\u00e9szetben, az alum\u00ednium keretrendszerekben, a szekr\u00e9nyekben \u00e9s a ki\u00e1ll\u00edt\u00e1si szerkezetekben sarokv\u00e9delemre \u00e9s igaz\u00edt\u00e1sra.\n<\/p>\n<p><\/p>\n<p><b>4.Az alum\u00ednium sarokprofilok testreszabhat\u00f3ak? <\/b><\/p>\n<p> Igen, k\u00fcl\u00f6nb\u00f6z\u0151 m\u00e9retekben, sz\u00f6gekben, vastags\u00e1gokban \u00e9s fel\u00fcleti fel\u00fcletkezel\u00e9sben extrud\u00e1lhat\u00f3k, hogy megfeleljenek az egyedi tervez\u00e9si \u00e9s alkalmaz\u00e1si k\u00f6vetelm\u00e9nyeknek.\n<\/p>\n<p><\/p>\n<p><b>5.Mi\u00e9rt v\u00e1lassza az alum\u00ednium sarok extrud\u00e1l\u00e1st a m\u0171anyag vagy ac\u00e9l helyett? <\/b><\/p>\n<p> Az alum\u00ednium sarokprofilok tart\u00f3sabbak, mint a m\u0171anyag, valamint k\u00f6nnyebbek \u00e9s korr\u00f3zi\u00f3\u00e1ll\u00f3bbak, mint az ac\u00e9l, \u00edgy hossz\u00fa t\u00e1v\u00fa megb\u00edzhat\u00f3s\u00e1got biztos\u00edtanak.\n<\/p>\n<p><\/p>\n<p><b>6.Lehet-e az alum\u00ednium sarokprofilokat elox\u00e1lni vagy bevonattal ell\u00e1tni? <\/b><\/p>\n<p> Abszol\u00fat t\u00e1mogatj\u00e1k az olyan fel\u00fcletkezel\u00e9st, mint az elox\u00e1l\u00e1s, a porfest\u00e9s vagy a fest\u00e9s a fokozott megjelen\u00e9s \u00e9s v\u00e9delem \u00e9rdek\u00e9ben.\n<\/p>\n<p><\/p>\n<p><b>7.Az alum\u00ednium sarokprofilok jav\u00edtj\u00e1k a szerkezeti integrit\u00e1st? <\/b><\/p>\n<p> Igen, meger\u0151s\u00edtik a sarkokat, er\u0151s\u00edtik a kereteket, \u00e9s seg\u00edtenek a terhek egyenletes eloszt\u00e1s\u00e1ban a szerkezeti egys\u00e9gekben.\n<\/p>\n<p><\/p>\n<p><b>8.Az alum\u00ednium sarokprofilokat k\u00f6nny\u0171 felszerelni? <\/b><\/p>\n<p> Igen, kialak\u00edt\u00e1suk lehet\u0151v\u00e9 teszi az egyszer\u0171, csavarokkal, ragaszt\u00f3kkal vagy konzolokkal t\u00f6rt\u00e9n\u0151 felszerel\u00e9st, cs\u00f6kkentve a munkaid\u0151t \u00e9s a bonyolults\u00e1got.\n<\/p>\n<p><\/p>\n<p><b>9.Alkalmas-e az alum\u00ednium sarokprofil k\u00fclt\u00e9ri haszn\u00e1latra? <\/b><\/p>\n<p> Igen, term\u00e9szetes korr\u00f3zi\u00f3\u00e1ll\u00f3s\u00e1ga \u00e9s opcion\u00e1lis v\u00e9d\u0151bevonatai r\u00e9v\u00e9n ide\u00e1lis k\u00fclt\u00e9ri \u00e9s magas nedvess\u00e9gtartalm\u00fa k\u00f6rnyezetben.\n<\/p>\n<p><\/p>\n<p><b>10.Az alum\u00ednium sarokprofilok k\u00f6rnyezetbar\u00e1tok? <\/b><\/p>\n<p> Igen, az alum\u00ednium teljes m\u00e9rt\u00e9kben \u00fajrahasznos\u00edthat\u00f3 \u00e9s energiatakar\u00e9kosan gy\u00e1rthat\u00f3, \u00edgy ezek a sajtolt term\u00e9kek fenntarthat\u00f3 \u00e9p\u00edt\u0151anyagnak sz\u00e1m\u00edtanak.\n<\/p>\n<p><\/p>","protected":false},"featured_media":5996,"template":"","categories":[57],"class_list":["post-5998","product","type-product","status-publish","has-post-thumbnail","hentry","category-anodized-aluminum-profile"],"meta_box":{"hilight_text_group":{"product_hilight_text":"<li>Provides strong and clean corner joints for frames and structures<\/li>\r\r\n<li>Precision-extruded for consistent fit and alignment<\/li>\r\r\n<li>Lightweight yet durable, ideal for industrial and architectural applications<\/li>\r\r\n<li>Corrosion-resistant surface for indoor and outdoor use<\/li>\r\r\n<li>Available in standard and custom angles to meet various design needs<\/li>","product_chanpin_chanpin":"<li><a href=\"https:\/\/sinoextrud.com\/product\/aluminium-profile-systems\/\" target=\"_blank\">Aluminium Profile Systems<\/a><\/li>\r\n<li><a href=\"https:\/\/sinoextrud.com\/product\/aluminium-extrusion-profile-section\/\" target=\"_blank\">Aluminium Extrusion Profile Section(Great Wall panel aluminum profile)<\/a><\/li>\r\n<li><a href=\"https:\/\/sinoextrud.com\/product\/industrial-aluminum-profiles\/\" target=\"_blank\">Industrial Aluminum Profiles<\/a><\/li>\r\n<li><a href=\"https:\/\/sinoextrud.com\/product\/aluminum-extruded-profile\/\" target=\"_blank\">Aluminum Extruded Profile<\/a><\/li>\r\n<li><a href=\"https:\/\/sinoextrud.com\/product\/aluminium-corner-extrusion\/\" target=\"_blank\">Aluminium Corner Extrusion<\/a><\/li>\r\n<li><a href=\"https:\/\/sinoextrud.com\/product\/anodized-extruded-aluminum\/\" target=\"_blank\">Anodized Extruded Aluminum<\/a><\/li>\r\n<li><a href=\"https:\/\/sinoextrud.com\/product\/factory-offer-aluminum-handrail-extrusions\/\" target=\"_blank\">Factory Offer Aluminum Handrail Extrusions<\/a><\/li>\r\n<li><a href=\"https:\/\/sinoextrud.com\/product\/customize-6063-z-section-aluminium-extrusion\/\" target=\"_blank\">Customize 6063 Z Section Aluminium Extrusion<\/a><\/li>\r\n<li><a href=\"https:\/\/sinoextrud.com\/product\/anodized-aluminium-profiles\/\" target=\"_blank\">Anodized Aluminium Profiles<\/a><\/li>\r\n<li><a href=\"https:\/\/sinoextrud.com\/product\/extrusion-aluminum-profile-for-powder-coating-window-and-door-alloy-6063\/\" target=\"_blank\">Extrusion Aluminum Profile For Powder Coating Window and Door Alloy 6063<\/a><\/li>\r\n<li><a href=\"https:\/\/sinoextrud.com\/product\/extruded-aluminum-for-outdoor-light-heat-sink\/\" target=\"_blank\">Extruded Aluminum For Outdoor Light Heat Sink<\/a><\/li>"},"feature_list":[]},"_links":{"self":[{"href":"https:\/\/sinoextrud.com\/hu\/wp-json\/wp\/v2\/product\/5998","targetHints":{"allow":["GET"]}}],"collection":[{"href":"https:\/\/sinoextrud.com\/hu\/wp-json\/wp\/v2\/product"}],"about":[{"href":"https:\/\/sinoextrud.com\/hu\/wp-json\/wp\/v2\/types\/product"}],"wp:featuredmedia":[{"embeddable":true,"href":"https:\/\/sinoextrud.com\/hu\/wp-json\/wp\/v2\/media\/5996"}],"wp:attachment":[{"href":"https:\/\/sinoextrud.com\/hu\/wp-json\/wp\/v2\/media?parent=5998"}],"wp:term":[{"taxonomy":"category","embeddable":true,"href":"https:\/\/sinoextrud.com\/hu\/wp-json\/wp\/v2\/categories?post=5998"}],"curies":[{"name":"wp","href":"https:\/\/api.w.org\/{rel}","templated":true}]}}