{"id":5997,"date":"2025-05-23T16:15:15","date_gmt":"2025-05-23T16:15:15","guid":{"rendered":"https:\/\/sinoextrud.com\/?post_type=product&#038;p=5997"},"modified":"2025-06-24T03:53:03","modified_gmt":"2025-06-24T03:53:03","slug":"extrudalt-aluminium-profil","status":"publish","type":"product","link":"https:\/\/sinoextrud.com\/hu\/product\/aluminum-extruded-profile\/","title":{"rendered":"Alum\u00ednium extrud\u00e1lt profil"},"content":{"rendered":"<h2>Term\u00e9kek r\u00e9szletei<\/h2>\n<table class=\"custom-table\">\n<tr>\n<td class=\"label\">N\u00e9v:<\/td>\n<td>Alum\u00ednium extrud\u00e1lt profil<\/td>\n<\/tr>\n<tr>\n<td class=\"label\">Anyag:<\/td>\n<td>Alum\u00ednium \u00f6tv\u00f6zet.<\/td>\n<\/tr>\n<tr>\n<td class=\"label\">Oszt\u00e1ly:<\/td>\n<td>6000-es sorozat.<\/td>\n<\/tr>\n<tr>\n<td class=\"label\">Lelkiismeretesen:<\/td>\n<td>T5-T8.<\/td>\n<\/tr>\n<tr>\n<td class=\"label\">Fel\u00fcletkezel\u00e9s:<\/td>\n<td>Malom kivitelben, elox\u00e1l\u00e1s, porsz\u00f3r\u00e1s, homokf\u00fav\u00e1s, kataphor\u00e9zis, stb.<\/td>\n<\/tr>\n<tr>\n<td class=\"label\">Tan\u00fas\u00edtv\u00e1ny:<\/td>\n<td>ISO 9001:2008, ROHS, CE, IQNET.<\/td>\n<\/tr>\n<tr>\n<td class=\"label\">Sz\u00edn:<\/td>\n<td>cusomized<\/td>\n<\/tr>\n<tr>\n<td class=\"label\">M\u00e9ret:<\/td>\n<td>Ugyanaz, mint a rajzok. testreszabott<\/td>\n<\/tr>\n<tr>\n<td class=\"label\">Alkalmaz\u00e1s:<\/td>\n<td>\u00c9p\u00edt\u00e9szeti \u00e9s ipari \u00e9s \u00edgy tov\u00e1bb.<\/td>\n<\/tr>\n<tr>\n<td class=\"label\">Csomag:<\/td>\n<td>1.EPE minden egyes profilhoz; 2.Wrap zsugorf\u00f3li\u00e1val k\u00edv\u00fclr\u0151l; 3.Csomagolva az \u00fcgyf\u00e9l k\u00e9r\u00e9se szerint.<\/td>\n<\/tr>\n<tr>\n<td class=\"label\">Sz\u00e1ll\u00edt\u00e1s:<\/td>\n<td>20-25 nap<\/td>\n<\/tr>\n<tr>\n<td class=\"label\">M\u00e9lyrehat\u00f3 feldolgoz\u00e1s :<\/td>\n<td>v\u00e1g\u00e1s, f\u00far\u00e1s, lyukaszt\u00e1s, hajl\u00edt\u00e1s stb.<\/td>\n<\/tr>\n<\/table>\n<h2>Gy\u00e1rt\u00f3 b\u00e1zisunk<\/h2>\n<h3>Gy\u00e1ri panor\u00e1ma<\/h3>\n<p><img decoding=\"async\" src=\"\/wp-content\/uploads\/factory-01.webp\"\/><\/p>\n<h3>Alum\u00ednium r\u00fadgy\u00e1rt\u00f3 m\u0171hely<\/h3>\n<p><img decoding=\"async\" src=\"\/wp-content\/uploads\/factory-02.webp\"\/><\/p>\n<\/p>\n<p><img decoding=\"async\" src=\"\/wp-content\/uploads\/factory-03.webp\"\/><\/p>\n<h3>Pen\u00e9sz rakt\u00e1r<\/h3>\n<p><img decoding=\"async\" src=\"\/wp-content\/uploads\/factory-04.webp\"\/><\/p>\n<h3>43 alum\u00ednium extrud\u00e1l\u00f3 vonal (500-5500 tonna)<\/h3>\n<p><img decoding=\"async\" src=\"\/wp-content\/uploads\/factory-05.webp\"\/><\/p>\n<p><img decoding=\"async\" src=\"\/wp-content\/uploads\/factory-06.webp\"\/><\/p>\n<p><img decoding=\"async\" src=\"\/wp-content\/uploads\/factory-07.webp\"\/><\/p>\n<h3>Porfest\u0151 m\u0171hely<\/h3>\n<p><img decoding=\"async\" src=\"\/wp-content\/uploads\/factory-09.webp\"\/><\/p>\n<h3>Anodiz\u00e1l\u00f3 m\u0171hely<\/h3>\n<p><img decoding=\"async\" src=\"\/wp-content\/uploads\/factory-10.webp\"\/><\/p>\n<h3>M\u00e9ly feldolgoz\u00e1si m\u0171hely<\/h3>\n<p><img decoding=\"async\" src=\"\/wp-content\/uploads\/factory-11.webp\"\/><\/p>\n<h3>CNC prec\u00edzi\u00f3s megmunk\u00e1l\u00f3 m\u0171hely<\/h3>\n<p><img decoding=\"async\" src=\"\/wp-content\/uploads\/factory-11.5.webp\"\/><\/p>\n<h3>K\u00e9szterm\u00e9k \u00e9s export rakt\u00e1r<\/h3>\n<p><img decoding=\"async\" src=\"\/wp-content\/uploads\/factory-12.webp\"\/><\/p>\n<p><img decoding=\"async\" src=\"\/wp-content\/uploads\/factory-13.webp\"\/><\/p>\n<p><img decoding=\"async\" src=\"\/wp-content\/uploads\/factory-14.webp\"\/><\/p>\n<h2>GYIK<\/h2>\n<p><b>1.Mi az alum\u00ednium extrud\u00e1lt profil? <\/b><\/p>\n<p> Az alum\u00ednium extrud\u00e1lt profil egy egyedi alak\u00fa alum\u00ednium alkatr\u00e9sz, amelyet az alum\u00ednium szersz\u00e1mon kereszt\u00fcl t\u00f6rt\u00e9n\u0151 pr\u00e9sel\u00e9s\u00e9vel hoznak l\u00e9tre, \u00e9s amelyet \u00e1ltal\u00e1ban \u00e9p\u00edt\u0151ipari, aut\u00f3ipari \u00e9s ipari alkalmaz\u00e1sokban haszn\u00e1lnak.\n<\/p>\n<p><\/p>\n<p><b>2.Mik a f\u0151 el\u0151nyei az alum\u00ednium extrud\u00e1lt profiloknak? <\/b><\/p>\n<p> Az alum\u00ednium extrud\u00e1lt profilok nagy szil\u00e1rds\u00e1g\/t\u00f6meg ar\u00e1nyt, korr\u00f3zi\u00f3\u00e1ll\u00f3s\u00e1got, tervez\u00e9si rugalmass\u00e1got \u00e9s hat\u00e9kony gy\u00e1rt\u00e1st k\u00edn\u00e1lnak a felhaszn\u00e1l\u00e1s sz\u00e9les sk\u00e1l\u00e1j\u00e1hoz.\n<\/p>\n<p><\/p>\n<p><b>3.Mi\u00e9rt n\u00e9pszer\u0171 az alum\u00ednium extrud\u00e1l\u00e1s a gy\u00e1rt\u00e1sban? <\/b><\/p>\n<p> Az alum\u00ednium extrud\u00e1l\u00e1s \u00f6sszetett, pontos form\u00e1kat tesz lehet\u0151v\u00e9 minim\u00e1lis anyaghullad\u00e9kkal, \u00edgy ide\u00e1lis a k\u00f6lts\u00e9ghat\u00e9kony \u00e9s m\u00e9retezhet\u0151 gy\u00e1rt\u00e1shoz.\n<\/p>\n<p><\/p>\n<p><b>4.Are alum\u00ednium extrud\u00e1lt profilok testreszabhat\u00f3? <\/b><\/p>\n<p> Igen, a profilok alakj\u00e1t, m\u00e9ret\u00e9t, \u00f6tv\u00f6zet\u00e9t \u00e9s kivitel\u00e9t \u00fagy lehet testre szabni, hogy megfeleljenek a k\u00fcl\u00f6nleges funkcion\u00e1lis \u00e9s eszt\u00e9tikai k\u00f6vetelm\u00e9nyeknek.\n<\/p>\n<p><\/p>\n<p><b>5.Milyen ipar\u00e1gak haszn\u00e1lj\u00e1k az alum\u00ednium extrud\u00e1lt profilokat? <\/b><\/p>\n<p> Az olyan ipar\u00e1gak, mint az \u00e9p\u00edt\u0151ipar, a k\u00f6zleked\u00e9s, az elektronika, a rep\u00fcl\u0151g\u00e9pipar \u00e9s a meg\u00fajul\u00f3 energiaforr\u00e1sok sokoldal\u00fas\u00e1guk \u00e9s teljes\u00edtm\u00e9ny\u00fck miatt haszn\u00e1lj\u00e1k az extrud\u00e1lt alum\u00edniumprofilokat.\n<\/p>\n<p><\/p>\n<p><b>6.T\u00e1mogatj\u00e1k-e az alum\u00ednium extrud\u00e1lt profilok a fenntarthat\u00f3 tervez\u00e9st? <\/b><\/p>\n<p> Term\u00e9szetesen az alum\u00ednium 100% \u00fajrahasznos\u00edthat\u00f3, \u00edgy az extrud\u00e1lt profilok k\u00f6rnyezetbar\u00e1t v\u00e1laszt\u00e1snak bizonyulnak a k\u00f6rnyezetbar\u00e1t \u00e9p\u00edt\u00e9s \u00e9s a fenntarthat\u00f3 term\u00e9kfejleszt\u00e9s sz\u00e1m\u00e1ra.\n<\/p>\n<p><\/p>\n<p><b>7.How er\u0151s alum\u00ednium extrud\u00e1lt profilok? <\/b><\/p>\n<p> A felhaszn\u00e1lt \u00f6tv\u00f6zett\u0151l f\u00fcgg\u0151en az extrud\u00e1lt alum\u00edniumprofilok kiv\u00e1l\u00f3 szerkezeti szil\u00e1rds\u00e1got biztos\u00edthatnak, mik\u00f6zben k\u00f6nny\u0171ek maradnak.\n<\/p>\n<p><\/p>\n<p><b>8.Milyen fel\u00fcletkezel\u00e9sek \u00e1llnak rendelkez\u00e9sre az alum\u00ednium extrud\u00e1lt profilokhoz? <\/b><\/p>\n<p> A gyakori fel\u00fcletkezel\u00e9sek k\u00f6z\u00e9 tartozik az elox\u00e1l\u00e1s, a porfest\u00e9s \u00e9s az ecsetel\u00e9s, amelyek jav\u00edtj\u00e1k a tart\u00f3ss\u00e1got, a korr\u00f3zi\u00f3\u00e1ll\u00f3s\u00e1got \u00e9s a megjelen\u00e9st.\n<\/p>\n<p><\/p>\n<p><b>9.Are alum\u00ednium extrud\u00e1lt profilok k\u00f6nny\u0171 gy\u00e1rtani \u00e9s \u00f6sszeszerelni? <\/b><\/p>\n<p> Igen, k\u00f6nnyen v\u00e1ghat\u00f3k, megmunk\u00e1lhat\u00f3k \u00e9s illeszthet\u0151k, ami leegyszer\u0171s\u00edti a gy\u00e1rt\u00e1st \u00e9s cs\u00f6kkenti a gy\u00e1rt\u00e1s sor\u00e1n az \u00f6sszeszerel\u00e9si id\u0151t.\n<\/p>\n<p><\/p>\n<p><b>10.Is alum\u00ednium extrud\u00e1lt profil alkalmas mind belt\u00e9ri \u00e9s k\u00fclt\u00e9ri alkalmaz\u00e1sokhoz? <\/b><\/p>\n<p> Igen, a korr\u00f3zi\u00f3\u00e1ll\u00f3s\u00e1guk \u00e9s a kivitelez\u00e9si lehet\u0151s\u00e9geik ide\u00e1lisak mind a belt\u00e9ri keretekhez, mind a zord k\u00fclt\u00e9ri k\u00f6rnyezethez.\n<\/p>\n<p><\/p>","protected":false},"featured_media":6001,"template":"","categories":[57],"class_list":["post-5997","product","type-product","status-publish","has-post-thumbnail","hentry","category-anodized-aluminum-profile"],"meta_box":{"hilight_text_group":{"product_hilight_text":"<li>Customizable shapes and sizes for a wide range of industrial applications<\/li>\r\r\n<li>High strength-to-weight ratio ideal for structural and mechanical use<\/li>\r\r\n<li>Excellent surface finish and corrosion resistance with anodizing options<\/li>\r\r\n<li>Supports precise machining, drilling, and cutting for easy integration<\/li>\r\r\n<li>Cost-effective solution for mass production with consistent quality<\/li>","product_chanpin_chanpin":"<li><a href=\"https:\/\/sinoextrud.com\/product\/aluminum-extrusion-industry-modular-components-profile\/\" target=\"_blank\">Aluminum Extrusion Industry Modular Components Profile<\/a><\/li>\r\n<li><a href=\"https:\/\/sinoextrud.com\/product\/aluminium-profile-systems\/\" target=\"_blank\">Aluminium Profile Systems<\/a><\/li>\r\n<li><a href=\"https:\/\/sinoextrud.com\/product\/aluminium-extrusion-profile-section\/\" target=\"_blank\">Aluminium Extrusion Profile Section(Great Wall panel aluminum profile)<\/a><\/li>\r\n<li><a href=\"https:\/\/sinoextrud.com\/product\/industrial-aluminum-profiles\/\" target=\"_blank\">Industrial Aluminum Profiles<\/a><\/li>\r\n<li><a href=\"https:\/\/sinoextrud.com\/product\/aluminum-extruded-profile\/\" target=\"_blank\">Aluminum Extruded Profile<\/a><\/li>\r\n<li><a href=\"https:\/\/sinoextrud.com\/product\/aluminium-corner-extrusion\/\" target=\"_blank\">Aluminium Corner Extrusion<\/a><\/li>\r\n<li><a href=\"https:\/\/sinoextrud.com\/product\/anodized-extruded-aluminum\/\" target=\"_blank\">Anodized Extruded Aluminum<\/a><\/li>\r\n<li><a href=\"https:\/\/sinoextrud.com\/product\/factory-offer-aluminum-handrail-extrusions\/\" target=\"_blank\">Factory Offer Aluminum Handrail Extrusions<\/a><\/li>\r\n<li><a href=\"https:\/\/sinoextrud.com\/product\/customize-6063-z-section-aluminium-extrusion\/\" target=\"_blank\">Customize 6063 Z Section Aluminium Extrusion<\/a><\/li>\r\n<li><a href=\"https:\/\/sinoextrud.com\/product\/6063-cnc-machining-aluminum-extrusion-hinge\/\" target=\"_blank\">6063 CNC Machining Aluminum Extrusion Hinge<\/a><\/li>\r\n<li><a href=\"https:\/\/sinoextrud.com\/product\/aluminum-square-tube-in-wooden-grain\/\" target=\"_blank\">Aluminum Square Tube In Wooden Grain<\/a><\/li>"},"feature_list":[]},"_links":{"self":[{"href":"https:\/\/sinoextrud.com\/hu\/wp-json\/wp\/v2\/product\/5997","targetHints":{"allow":["GET"]}}],"collection":[{"href":"https:\/\/sinoextrud.com\/hu\/wp-json\/wp\/v2\/product"}],"about":[{"href":"https:\/\/sinoextrud.com\/hu\/wp-json\/wp\/v2\/types\/product"}],"wp:featuredmedia":[{"embeddable":true,"href":"https:\/\/sinoextrud.com\/hu\/wp-json\/wp\/v2\/media\/6001"}],"wp:attachment":[{"href":"https:\/\/sinoextrud.com\/hu\/wp-json\/wp\/v2\/media?parent=5997"}],"wp:term":[{"taxonomy":"category","embeddable":true,"href":"https:\/\/sinoextrud.com\/hu\/wp-json\/wp\/v2\/categories?post=5997"}],"curies":[{"name":"wp","href":"https:\/\/api.w.org\/{rel}","templated":true}]}}