{"id":5995,"date":"2025-05-23T15:39:44","date_gmt":"2025-05-23T15:39:44","guid":{"rendered":"https:\/\/sinoextrud.com\/?post_type=product&#038;p=5995"},"modified":"2025-06-24T03:53:00","modified_gmt":"2025-06-24T03:53:00","slug":"ipari-aluminium-profilok","status":"publish","type":"product","link":"https:\/\/sinoextrud.com\/hu\/product\/industrial-aluminum-profiles\/","title":{"rendered":"Ipari alum\u00ednium profilok"},"content":{"rendered":"<h2>Term\u00e9kek r\u00e9szletei<\/h2>\n<table class=\"custom-table\">\n<tr>\n<td class=\"label\">Term\u00e9k neve<\/td>\n<td>ipari alum\u00ednium profilok (ipari alum\u00ednium, ipari alum\u00ednium extrud\u00e1lt anyag)<\/td>\n<\/tr>\n<tr>\n<td class=\"label\">Term\u00e9kv\u00e1laszt\u00e9k<\/td>\n<td>Gy\u00e1rt\u00e1si szerel\u0151sor, gy\u00e1rt\u00f3soron m\u0171k\u00f6d\u0151 munkapad, irodai v\u00e1laszfal, k\u00e9perny\u0151, ipari ker\u00edt\u00e9s \u00e9s k\u00fcl\u00f6nf\u00e9le keretek, kijelz\u0151 polcok, polcok, mechanikus porv\u00e9d\u0151 burkolat stb.<\/td>\n<\/tr>\n<tr>\n<td class=\"label\">Alum\u00ednium \u00f6tv\u00f6zet<\/td>\n<td>1000-es sorozat, 2000-es sorozat, 3000-es sorozat, 5000-es sorozat, 6000-es sorozat, 7000-es sorozat<\/td>\n<\/tr>\n<tr>\n<td class=\"label\">Temper<\/td>\n<td>T3-T8<\/td>\n<\/tr>\n<tr>\n<td class=\"label\">Shape<\/td>\n<td>testreszab\u00e1s<\/td>\n<\/tr>\n<tr>\n<td class=\"label\">Sz\u00ednes<\/td>\n<td>testreszab\u00e1s<\/td>\n<\/tr>\n<tr>\n<td class=\"label\">Fel\u00fcletkezel\u00e9s<\/td>\n<td>malomra k\u00e9sz, elox\u00e1lt, fa szemcs\u00e9s, er\u0151 bevonat, homokf\u00fav\u00e1s, elektrofor\u00e9zis, csiszolt, pol\u00edroz\u00e1s, stb.<\/td>\n<\/tr>\n<tr>\n<td class=\"label\">CNC m\u00e9lyfeldolgoz\u00e1s<\/td>\n<td>v\u00e1g\u00e1s, f\u00far\u00e1s, megmunk\u00e1l\u00e1s, lyukaszt\u00e1s, hajl\u00edt\u00e1s, csapol\u00e1s stb.<\/td>\n<\/tr>\n<tr>\n<td class=\"label\">Tan\u00fas\u00edtv\u00e1nyok<\/td>\n<td>CE, ISO, SGS, TUV, ROHS<\/td>\n<\/tr>\n<tr>\n<td class=\"label\">Mint\u00e1k<\/td>\n<td>ingyenes minta. 1-3 nap alatt sz\u00e1ll\u00edtjuk \u00d6nnek.<\/td>\n<\/tr>\n<tr>\n<td class=\"label\">MOQ<\/td>\n<td>200KG minden egyes profilhoz<\/td>\n<\/tr>\n<tr>\n<td class=\"label\">Sz\u00e1ll\u00edt\u00e1si id\u0151<\/td>\n<td>A pen\u00e9sz kifejleszt\u00e9se \u00e9s a minta kialak\u00edt\u00e1sa 12-15 nap, majd a gy\u00e1rt\u00e1s id\u0151tartama 15-25 nap a vev\u0151 let\u00e9tbe helyez\u00e9se ut\u00e1n.<\/td>\n<\/tr>\n<tr>\n<td class=\"label\">Fizet\u00e9si felt\u00e9telek<\/td>\n<td>30% bet\u00e9t a gy\u00e1rt\u00e1s el\u0151tt, \u00e9s a sz\u00e1ll\u00edt\u00e1s el\u0151tti egyenleg.<\/td>\n<\/tr>\n<\/table>\n<h2>Gy\u00e1rt\u00f3 b\u00e1zisunk<\/h2>\n<h3>Gy\u00e1ri panor\u00e1ma<\/h3>\n<p><img decoding=\"async\" src=\"\/wp-content\/uploads\/factory-01.webp\"\/><\/p>\n<h3>Alum\u00ednium r\u00fadgy\u00e1rt\u00f3 m\u0171hely<\/h3>\n<p><img decoding=\"async\" src=\"\/wp-content\/uploads\/factory-02.webp\"\/><\/p>\n<\/p>\n<p><img decoding=\"async\" src=\"\/wp-content\/uploads\/factory-03.webp\"\/><\/p>\n<h3>Pen\u00e9sz rakt\u00e1r<\/h3>\n<p><img decoding=\"async\" src=\"\/wp-content\/uploads\/factory-04.webp\"\/><\/p>\n<h3>43 alum\u00ednium extrud\u00e1l\u00f3 vonal (500-5500 tonna)<\/h3>\n<p><img decoding=\"async\" src=\"\/wp-content\/uploads\/factory-05.webp\"\/><\/p>\n<p><img decoding=\"async\" src=\"\/wp-content\/uploads\/factory-06.webp\"\/><\/p>\n<p><img decoding=\"async\" src=\"\/wp-content\/uploads\/factory-07.webp\"\/><\/p>\n<h3>Porfest\u0151 m\u0171hely<\/h3>\n<p><img decoding=\"async\" src=\"\/wp-content\/uploads\/factory-09.webp\"\/><\/p>\n<h3>Anodiz\u00e1l\u00f3 m\u0171hely<\/h3>\n<p><img decoding=\"async\" src=\"\/wp-content\/uploads\/factory-10.webp\"\/><\/p>\n<h3>M\u00e9ly feldolgoz\u00e1si m\u0171hely<\/h3>\n<p><img decoding=\"async\" src=\"\/wp-content\/uploads\/factory-11.webp\"\/><\/p>\n<h3>CNC prec\u00edzi\u00f3s megmunk\u00e1l\u00f3 m\u0171hely<\/h3>\n<p><img decoding=\"async\" src=\"\/wp-content\/uploads\/factory-11.5.webp\"\/><\/p>\n<h3>K\u00e9szterm\u00e9k \u00e9s export rakt\u00e1r<\/h3>\n<p><img decoding=\"async\" src=\"\/wp-content\/uploads\/factory-12.webp\"\/><\/p>\n<p><img decoding=\"async\" src=\"\/wp-content\/uploads\/factory-13.webp\"\/><\/p>\n<p><img decoding=\"async\" src=\"\/wp-content\/uploads\/factory-14.webp\"\/><\/p>\n<h2>GYIK<\/h2>\n<p><b>1.Mi az ipari alum\u00ednium profilok? <\/b><\/p>\n<p> Az ipari alum\u00ednium profilok extrud\u00e1lt alum\u00ednium alkatr\u00e9szek, amelyeket ipari k\u00f6rnyezetben keretrendszerek, g\u00e9pszerkezetek, automatiz\u00e1l\u00e1si rendszerek \u00e9s munkahelyek \u00e9p\u00edt\u00e9s\u00e9hez haszn\u00e1lnak.\n<\/p>\n<p><\/p>\n<p><b>2.Mik a f\u0151 el\u0151nyei az ipari alum\u00ednium profilok? <\/b><\/p>\n<p> Az ipari alum\u00edniumprofilok k\u00f6nny\u0171 szil\u00e1rds\u00e1got, korr\u00f3zi\u00f3\u00e1ll\u00f3s\u00e1got, modul\u00e1ris kialak\u00edt\u00e1st \u00e9s k\u00f6nny\u0171 \u00f6sszeszerelhet\u0151s\u00e9get k\u00edn\u00e1lnak, \u00edgy ide\u00e1lisak ipari alkalmaz\u00e1sokhoz.\n<\/p>\n<p><\/p>\n<p><b>3.Hogyan t\u00e1mogatj\u00e1k az ipari alum\u00ednium profilok a modul\u00e1ris \u00e9p\u00edt\u00e9st? <\/b><\/p>\n<p> Szabv\u00e1nyos\u00edtott ny\u00edl\u00e1saik \u00e9s csatlakoz\u00f3rendszereik lehet\u0151v\u00e9 teszik a gyors \u00f6sszeszerel\u00e9st, b\u0151v\u00edt\u00e9st \u00e9s \u00e1tkonfigur\u00e1l\u00e1st hegeszt\u00e9s vagy speci\u00e1lis szersz\u00e1mok n\u00e9lk\u00fcl.\n<\/p>\n<p><\/p>\n<p><b>4.Mi\u00e9rt v\u00e1lassza az ipari alum\u00ednium profilokat az ac\u00e9l helyett? <\/b><\/p>\n<p> Az ipari alum\u00edniumprofilok k\u00f6nnyebbek, rozsdamentes, k\u00f6nnyebben megmunk\u00e1lhat\u00f3ak \u00e9s alkalmazkod\u00f3bbak, mint a hagyom\u00e1nyos ac\u00e9lszerkezetek, cs\u00f6kkentve a telep\u00edt\u00e9si \u00e9s karbantart\u00e1si k\u00f6lts\u00e9geket.\n<\/p>\n<p><\/p>\n<p><b>5.Are ipari alum\u00ednium profilok testreszabhat\u00f3? <\/b><\/p>\n<p> Igen, k\u00fcl\u00f6nb\u00f6z\u0151 form\u00e1kban, m\u00e9retekben \u00e9s fel\u00fcletkezel\u00e9sben egyedi extrud\u00e1l\u00e1sra ker\u00fclhetnek, hogy megfeleljenek az adott ipari projekt k\u00f6vetelm\u00e9nyeinek.\n<\/p>\n<p><\/p>\n<p><b>6.Mely ipar\u00e1gak haszn\u00e1lj\u00e1k az ipari alum\u00ednium profilokat? <\/b><\/p>\n<p> Az olyan ipar\u00e1gak, mint a gy\u00e1rt\u00e1s, automatiz\u00e1l\u00e1s, robotika, logisztika \u00e9s elektronika sz\u00e9les k\u00f6rben haszn\u00e1lj\u00e1k az ipari alum\u00ednium profilokat szerkezeti \u00e9s mechanikai v\u00e1zakhoz.\n<\/p>\n<p><\/p>\n<p><b>7.Do ipari alum\u00ednium profilok t\u00e1mogatj\u00e1k a fenntarthat\u00f3 gy\u00e1rt\u00e1st? <\/b><\/p>\n<p> Term\u00e9szetesen az alum\u00ednium \u00fajrahasznos\u00edthat\u00f3 \u00e9s energiatakar\u00e9kos, \u00edgy ezek a profilok z\u00f6ld megold\u00e1st jelentenek az ipari tervez\u00e9s \u00e9s \u00e9p\u00edt\u00e9s sz\u00e1m\u00e1ra.\n<\/p>\n<p><\/p>\n<p><b>8.Hogyan jav\u00edtj\u00e1k az ipari alum\u00ednium profilok a hat\u00e9konys\u00e1got? <\/b><\/p>\n<p> Modul\u00e1ris fel\u00e9p\u00edt\u00e9s\u00fck cs\u00f6kkenti az \u00f6sszeszerel\u00e9si id\u0151t \u00e9s gyors be\u00e1ll\u00edt\u00e1sokat tesz lehet\u0151v\u00e9, ami gyorsabb gy\u00e1rt\u00e1si be\u00e1ll\u00edt\u00e1sokat \u00e9s m\u0171k\u00f6d\u00e9si rugalmass\u00e1got eredm\u00e9nyez.\n<\/p>\n<p><\/p>\n<p><b>9.Milyen t\u00edpus\u00fa fel\u00fcletek \u00e1llnak rendelkez\u00e9sre az ipari alum\u00ednium profilok sz\u00e1m\u00e1ra? <\/b><\/p>\n<p> A gyakori fel\u00fcletkezel\u00e9sek k\u00f6z\u00e9 tartozik az elox\u00e1l\u00e1s, a porfest\u00e9s \u00e9s az ecsetel\u00e9s, amelyek jav\u00edtj\u00e1k a megjelen\u00e9st, a tart\u00f3ss\u00e1got \u00e9s a korr\u00f3zi\u00f3\u00e1ll\u00f3s\u00e1got.\n<\/p>\n<p><\/p>\n<p><b>10.Can ipari alum\u00ednium profilok integr\u00e1lni automatiz\u00e1l\u00e1si alkatr\u00e9szek? <\/b><\/p>\n<p> Igen, kialak\u00edt\u00e1suk t\u00e1mogatja a z\u00f6kken\u0151mentes integr\u00e1ci\u00f3t az \u00e9rz\u00e9kel\u0151kkel, m\u0171k\u00f6dtet\u0151kkel, sz\u00e1ll\u00edt\u00f3szalagokkal \u00e9s vez\u00e9rl\u0151rendszerekkel az automatiz\u00e1lt ipari berendez\u00e9sekben.\n<\/p>\n<p><\/p>","protected":false},"featured_media":5994,"template":"","categories":[55],"class_list":["post-5995","product","type-product","status-publish","has-post-thumbnail","hentry","category-extruded-aluminum-profiles"],"meta_box":{"hilight_text_group":{"product_hilight_text":"<li>Versatile profiles suitable for machine frames, safety enclosures, and automation systems<\/li>\r\r\n<li>Easy to cut, assemble, and modify on-site without welding<\/li>\r\r\n<li>Strong load-bearing capacity with lightweight design<\/li>\r\r\n<li>Standardized slots support universal connectors and accessories<\/li>\r\r\n<li>Durable anodized surface resists wear, corrosion, and scratches<\/li>","product_chanpin_chanpin":"<li><a href=\"https:\/\/sinoextrud.com\/product\/aluminium-profile-bed-frame\/\" target=\"_blank\">Aluminium Profile Bed Frame<\/a><\/li>\r\n<li><a href=\"https:\/\/sinoextrud.com\/product\/aluminum-extrusion-industry-modular-components-profile\/\" target=\"_blank\">Aluminum Extrusion Industry Modular Components Profile<\/a><\/li>\r\n<li><a href=\"https:\/\/sinoextrud.com\/product\/aluminium-profile-systems\/\" target=\"_blank\">Aluminium Profile Systems<\/a><\/li>\r\n<li><a href=\"https:\/\/sinoextrud.com\/product\/aluminium-extrusion-profile-section\/\" target=\"_blank\">Aluminium Extrusion Profile Section(Great Wall panel aluminum profile)<\/a><\/li>\r\n<li><a href=\"https:\/\/sinoextrud.com\/product\/industrial-aluminum-profiles\/\" target=\"_blank\">Industrial Aluminum Profiles<\/a><\/li>\r\n<li><a href=\"https:\/\/sinoextrud.com\/product\/aluminum-extruded-profile\/\" target=\"_blank\">Aluminum Extruded Profile<\/a><\/li>\r\n<li><a href=\"https:\/\/sinoextrud.com\/product\/aluminium-corner-extrusion\/\" target=\"_blank\">Aluminium Corner Extrusion<\/a><\/li>\r\n<li><a href=\"https:\/\/sinoextrud.com\/product\/anodized-extruded-aluminum\/\" target=\"_blank\">Anodized Extruded Aluminum<\/a><\/li>\r\n<li><a href=\"https:\/\/sinoextrud.com\/product\/factory-offer-aluminum-handrail-extrusions\/\" target=\"_blank\">Factory Offer Aluminum Handrail Extrusions<\/a><\/li>\r\n<li><a href=\"https:\/\/sinoextrud.com\/product\/small-aluminium-extrusions\/\" target=\"_blank\">Small Aluminium Extrusions<\/a><\/li>\r\n<li><a href=\"https:\/\/sinoextrud.com\/product\/aluminum-door-jamb-extrusions\/\" target=\"_blank\">Aluminum Door Jamb Extrusions<\/a><\/li>"},"feature_list":[]},"_links":{"self":[{"href":"https:\/\/sinoextrud.com\/hu\/wp-json\/wp\/v2\/product\/5995","targetHints":{"allow":["GET"]}}],"collection":[{"href":"https:\/\/sinoextrud.com\/hu\/wp-json\/wp\/v2\/product"}],"about":[{"href":"https:\/\/sinoextrud.com\/hu\/wp-json\/wp\/v2\/types\/product"}],"wp:featuredmedia":[{"embeddable":true,"href":"https:\/\/sinoextrud.com\/hu\/wp-json\/wp\/v2\/media\/5994"}],"wp:attachment":[{"href":"https:\/\/sinoextrud.com\/hu\/wp-json\/wp\/v2\/media?parent=5995"}],"wp:term":[{"taxonomy":"category","embeddable":true,"href":"https:\/\/sinoextrud.com\/hu\/wp-json\/wp\/v2\/categories?post=5995"}],"curies":[{"name":"wp","href":"https:\/\/api.w.org\/{rel}","templated":true}]}}