{"id":5989,"date":"2025-05-23T15:29:47","date_gmt":"2025-05-23T15:29:47","guid":{"rendered":"https:\/\/sinoextrud.com\/?post_type=product&#038;p=5989"},"modified":"2025-06-24T03:52:55","modified_gmt":"2025-06-24T03:52:55","slug":"aluminium-extrudalas-ipar-modularis-alkatreszek-profil","status":"publish","type":"product","link":"https:\/\/sinoextrud.com\/hu\/product\/aluminum-extrusion-industry-modular-components-profile\/","title":{"rendered":"Alum\u00ednium Extrud\u00e1l\u00e1s Industry Modul\u00e1ris alkatr\u00e9szek Profile"},"content":{"rendered":"<h2>Term\u00e9kek r\u00e9szletei<\/h2>\n<table class=\"custom-table\">\n<tr>\n<td class=\"label\">T\u00e9tel<\/td>\n<td>Alum\u00ednium extrud\u00e1l\u00e1s ipar modul\u00e1ris alkatr\u00e9szek profil<\/td>\n<\/tr>\n<tr>\n<td class=\"label\">Temper<\/td>\n<td>T5-T8<\/td>\n<\/tr>\n<tr>\n<td class=\"label\">Folyamat\u00e1raml\u00e1s<\/td>\n<td>Mould Development-Aluminium Billets-f\u0171t\u00e9s Up-form\u00e1z\u00e1s nyers alum\u00ednium-anodiz\u00e1lt por bevonat\u00fa<\/td>\n<\/tr>\n<tr>\n<td class=\"label\">Elox\u00e1lt fel\u00fclet<\/td>\n<td>1. tiszta \u00e9s sz\u00e9p finom vonalak a fel\u00fcleten.<\/td>\n<\/tr>\n<tr>\n<td class=\"label\">Alkalmaz\u00e1s<\/td>\n<td>Ipari, \u00e9p\u00edt\u0151ipar<\/td>\n<\/tr>\n<tr>\n<td class=\"label\">Shape<\/td>\n<td>Testreszab\u00e1s, Solided<\/td>\n<\/tr>\n<tr>\n<td class=\"label\">Fel\u00fcletkezel\u00e9s<\/td>\n<td>Fr\u00f6ccs\u00f6nt\u00f6tt, elox\u00e1lt, Power bevonat, homokf\u00fav\u00e1s, elektrofor\u00e9zis, csiszol\u00e1s, pol\u00edroz\u00e1s,<\/td>\n<\/tr>\n<tr>\n<td class=\"label\">Sz\u00ednes<\/td>\n<td>Ez\u00fcst, fekete, arany, pezsg\u0151, bronz, piros, k\u00e9k;<\/td>\n<\/tr>\n<tr>\n<td class=\"label\">M\u00e9lyrehat\u00f3 feldolgoz\u00e1s<\/td>\n<td>V\u00e1g\u00e1s, f\u00far\u00e1s, megmunk\u00e1l\u00e1s, lyukaszt\u00e1s, hajl\u00edt\u00e1s, csapol\u00e1s stb.<\/td>\n<\/tr>\n<tr>\n<td class=\"label\">Garancia<\/td>\n<td>ISO: 9001, SONCAP, BV tan\u00fas\u00edtv\u00e1ny, TUV, SGS, vagy az \u00fcgyfelek tan\u00fas\u00edtv\u00e1nya rendelkez\u00e9sre \u00e1ll<\/td>\n<\/tr>\n<tr>\n<td class=\"label\">MOQ<\/td>\n<td>200KG<\/td>\n<\/tr>\n<tr>\n<td class=\"label\">Sz\u00e1ll\u00edt\u00e1si id\u0151<\/td>\n<td>A szersz\u00e1mok fejleszt\u00e9se \u00e9s a minta kialak\u00edt\u00e1sa 12-15 nap, majd a gy\u00e1rt\u00e1s id\u0151tartama 15-25 nap a vev\u0151 let\u00e9tbe helyez\u00e9se ut\u00e1n.<\/td>\n<\/tr>\n<tr>\n<td class=\"label\">Ingyenes minta<\/td>\n<td>1-3 nap alatt k\u00fcldhet\u0151<\/td>\n<\/tr>\n<\/table>\n<h2>Gy\u00e1rt\u00f3 b\u00e1zisunk<\/h2>\n<h3>Gy\u00e1ri panor\u00e1ma<\/h3>\n<p><img decoding=\"async\" src=\"\/wp-content\/uploads\/factory-01.webp\"\/><\/p>\n<h3>Alum\u00ednium r\u00fadgy\u00e1rt\u00f3 m\u0171hely<\/h3>\n<p><img decoding=\"async\" src=\"\/wp-content\/uploads\/factory-02.webp\"\/><\/p>\n<\/p>\n<p><img decoding=\"async\" src=\"\/wp-content\/uploads\/factory-03.webp\"\/><\/p>\n<h3>Pen\u00e9sz rakt\u00e1r<\/h3>\n<p><img decoding=\"async\" src=\"\/wp-content\/uploads\/factory-04.webp\"\/><\/p>\n<h3>43 alum\u00ednium extrud\u00e1l\u00f3 vonal (500-5500 tonna)<\/h3>\n<p><img decoding=\"async\" src=\"\/wp-content\/uploads\/factory-05.webp\"\/><\/p>\n<p><img decoding=\"async\" src=\"\/wp-content\/uploads\/factory-06.webp\"\/><\/p>\n<p><img decoding=\"async\" src=\"\/wp-content\/uploads\/factory-07.webp\"\/><\/p>\n<h3>Porfest\u0151 m\u0171hely<\/h3>\n<p><img decoding=\"async\" src=\"\/wp-content\/uploads\/factory-09.webp\"\/><\/p>\n<h3>Anodiz\u00e1l\u00f3 m\u0171hely<\/h3>\n<p><img decoding=\"async\" src=\"\/wp-content\/uploads\/factory-10.webp\"\/><\/p>\n<h3>M\u00e9ly feldolgoz\u00e1si m\u0171hely<\/h3>\n<p><img decoding=\"async\" src=\"\/wp-content\/uploads\/factory-11.webp\"\/><\/p>\n<h3>CNC prec\u00edzi\u00f3s megmunk\u00e1l\u00f3 m\u0171hely<\/h3>\n<p><img decoding=\"async\" src=\"\/wp-content\/uploads\/factory-11.5.webp\"\/><\/p>\n<h3>K\u00e9szterm\u00e9k \u00e9s export rakt\u00e1r<\/h3>\n<p><img decoding=\"async\" src=\"\/wp-content\/uploads\/factory-12.webp\"\/><\/p>\n<p><img decoding=\"async\" src=\"\/wp-content\/uploads\/factory-13.webp\"\/><\/p>\n<p><img decoding=\"async\" src=\"\/wp-content\/uploads\/factory-14.webp\"\/><\/p>\n<h2>GYIK<\/h2>\n<p><b>1.Mi az alum\u00ednium extrud\u00e1l\u00e1si ipar modul\u00e1ris alkatr\u00e9szek profilja? <\/b><\/p>\n<p> Az alum\u00ednium extrud\u00e1l\u00e1si ipari modul\u00e1ris alkatr\u00e9szprofil egy testreszabhat\u00f3 alum\u00ednium alkatr\u00e9sz, amelyet ipari keretrendszerekben \u00e9s rendszerekben haszn\u00e1lnak az \u00f6sszeszerel\u00e9shez \u00e9s automatiz\u00e1l\u00e1shoz.\n<\/p>\n<p><\/p>\n<p><b>2.Mik a legfontosabb jellemz\u0151i az alum\u00ednium extrud\u00e1l\u00e1s ipar modul\u00e1ris alkatr\u00e9szek profilok? <\/b><\/p>\n<p> Ezek a profilok nagy szil\u00e1rds\u00e1got, prec\u00edzi\u00f3s m\u00e9rn\u00f6ki munk\u00e1t, korr\u00f3zi\u00f3\u00e1ll\u00f3s\u00e1got \u00e9s a modul\u00e1ris alkatr\u00e9szek sz\u00e9les sk\u00e1l\u00e1j\u00e1val val\u00f3 kompatibilit\u00e1st k\u00edn\u00e1lnak.\n<\/p>\n<p><\/p>\n<p><b>3.Mi\u00e9rt haszn\u00e1lja az alum\u00ednium extrud\u00e1l\u00e1st az ipari modul\u00e1ris alkatr\u00e9szekhez? <\/b><\/p>\n<p> Az alum\u00ednium extrud\u00e1l\u00e1s k\u00f6nny\u0171, m\u00e9gis tart\u00f3s megold\u00e1sokat k\u00edn\u00e1l, lehet\u0151v\u00e9 t\u00e9ve az egyszer\u0171 \u00f6sszeszerel\u00e9st, a rugalmass\u00e1got \u00e9s a gy\u00e1rt\u00e1si id\u0151 cs\u00f6kkent\u00e9s\u00e9t ipari k\u00f6rnyezetben.\n<\/p>\n<p><\/p>\n<p><b>4.Are alum\u00ednium Extrud\u00e1l\u00e1s Industry Modul\u00e1ris alkatr\u00e9szek Profilok testreszabhat\u00f3? <\/b><\/p>\n<p> Igen, ezek a profilok m\u00e9retben, alakban \u00e9s fel\u00fcletkezel\u00e9sben testre szabhat\u00f3k, hogy megfeleljenek az egyedi ipari formatervez\u00e9si \u00e9s funkcion\u00e1lis k\u00f6vetelm\u00e9nyeknek.\n<\/p>\n<p><\/p>\n<p><b>5.Hogyan el\u0151ny\u00f6sek az alum\u00ednium extrud\u00e1l\u00e1s modul\u00e1ris profilok az ipari automatiz\u00e1l\u00e1s sz\u00e1m\u00e1ra? <\/b><\/p>\n<p> Gyors, szersz\u00e1m n\u00e9lk\u00fcli \u00f6sszeszerel\u00e9st \u00e9s \u00e1tkonfigur\u00e1l\u00e1st tesznek lehet\u0151v\u00e9, \u00edgy ide\u00e1lisak a dinamikus automatiz\u00e1l\u00e1si rendszerekhez \u00e9s a karcs\u00fa gy\u00e1rt\u00e1si folyamatokhoz.\n<\/p>\n<p><\/p>\n<p><b>6.Milyen ipar\u00e1gak haszn\u00e1lj\u00e1k az alum\u00ednium extrud\u00e1l\u00e1s modul\u00e1ris komponensek profilokat? <\/b><\/p>\n<p> Ezeket a profilokat sz\u00e9les k\u00f6rben haszn\u00e1lj\u00e1k a feldolgoz\u00f3iparban, az aut\u00f3iparban, az elektronik\u00e1ban, a robotik\u00e1ban \u00e9s a csomagol\u00f3iparban.\n<\/p>\n<p><\/p>\n<p><b>7.Do Alum\u00ednium Extrud\u00e1l\u00e1s Industry Modul\u00e1ris alkatr\u00e9szek Profilok t\u00e1mogatj\u00e1k a fenntarthat\u00f3s\u00e1got? <\/b><\/p>\n<p> Igen, az alum\u00edniumprofilok \u00fajrahasznos\u00edthat\u00f3ak \u00e9s energiahat\u00e9konyak, \u00edgy igazodnak a fenntarthat\u00f3 ipar\u00e1gi gyakorlatokhoz.\n<\/p>\n<p><\/p>\n<p><b>8.Hogyan cs\u00f6kkentik a modul\u00e1ris alum\u00edniumprofilok az \u00fczemeltet\u00e9si k\u00f6lts\u00e9geket? <\/b><\/p>\n<p> \u00dajrafelhaszn\u00e1lhat\u00f3s\u00e1guk, k\u00f6nny\u0171 telep\u00edthet\u0151s\u00e9g\u00fck \u00e9s minim\u00e1lis karbantart\u00e1suk seg\u00edt cs\u00f6kkenteni a munka-, anyag- \u00e9s \u00e1ll\u00e1sid\u0151 k\u00f6lts\u00e9geit az ipari m\u0171veletekben.\n<\/p>\n<p><\/p>\n<p><b>9.Milyen csatlakoz\u00e1si lehet\u0151s\u00e9gek \u00e1llnak rendelkez\u00e9sre a modul\u00e1ris alum\u00edniumprofilokhoz? <\/b><\/p>\n<p> Sz\u00e1mos csatlakoz\u00f3, konzol \u00e9s csatlakoz\u00f3lemez \u00e1ll rendelkez\u00e9sre az er\u0151s, rugalmas szerel\u00e9si konfigur\u00e1ci\u00f3k biztos\u00edt\u00e1sa \u00e9rdek\u00e9ben.\n<\/p>\n<p><\/p>\n<p><b>10.Az alum\u00ednium extrud\u00e1lt modul\u00e1ris profilok kompatibilisek a szabv\u00e1nyos tartoz\u00e9kokkal? <\/b><\/p>\n<p> Igen, \u00fagy tervezt\u00e9k \u0151ket, hogy kompatibilisek legyenek a legt\u00f6bb ipari szabv\u00e1nyos k\u00f6t\u0151elemmel, panellel \u00e9s szerelv\u00e9nnyel a z\u00f6kken\u0151mentes integr\u00e1ci\u00f3 \u00e9rdek\u00e9ben.\n<\/p>\n<p><\/p>","protected":false},"featured_media":5988,"template":"","categories":[55],"class_list":["post-5989","product","type-product","status-publish","has-post-thumbnail","hentry","category-extruded-aluminum-profiles"],"meta_box":{"hilight_text_group":{"product_hilight_text":"<li>Modular design enables quick assembly and flexible configuration, reducing equipment development time<\/li>\r\r\n<li>High-strength aluminum alloy ensures durability and lightweight performance for various industrial environments<\/li>\r\r\n<li>Compatible with a wide range of standard accessories for enhanced system scalability<\/li>\r\r\n<li>Anodized surface treatment provides corrosion resistance and a professional appearance with minimal maintenance<\/li>\r\r\n<li>Supports customized cross-sections, drilling, and lengths to meet specific industry application needs<\/li>","product_chanpin_chanpin":"<li><a href=\"https:\/\/sinoextrud.com\/product\/aluminum-extrusion-flood-control-barrier-aluminum-profile\/\" target=\"_blank\">Aluminum Extrusion Flood Control Barrier Aluminum Profile<\/a><\/li>\r\n<li><a href=\"https:\/\/sinoextrud.com\/product\/extruded-aluminum-flat-bar-6061-7075\/\" target=\"_blank\">Extruded Aluminum Flat Bar 6061 7075<\/a><\/li>\r\n<li><a href=\"https:\/\/sinoextrud.com\/product\/extruded-aluminum-tubing-shapes-supplier\/\" target=\"_blank\">Extruded Aluminum Tubing Shapes Supplier<\/a><\/li>\r\n<li><a href=\"https:\/\/sinoextrud.com\/product\/aluminium-profile-bed-frame\/\" target=\"_blank\">Aluminium Profile Bed Frame<\/a><\/li>\r\n<li><a href=\"https:\/\/sinoextrud.com\/product\/aluminum-extrusion-industry-modular-components-profile\/\" target=\"_blank\">Aluminum Extrusion Industry Modular Components Profile<\/a><\/li>\r\n<li><a href=\"https:\/\/sinoextrud.com\/product\/aluminium-profile-systems\/\" target=\"_blank\">Aluminium Profile Systems<\/a><\/li>\r\n<li><a href=\"https:\/\/sinoextrud.com\/product\/aluminium-extrusion-profile-section\/\" target=\"_blank\">Aluminium Extrusion Profile Section(Great Wall panel aluminum profile)<\/a><\/li>\r\n<li><a href=\"https:\/\/sinoextrud.com\/product\/industrial-aluminum-profiles\/\" target=\"_blank\">Industrial Aluminum Profiles<\/a><\/li>\r\n<li><a href=\"https:\/\/sinoextrud.com\/product\/aluminum-extruded-profile\/\" target=\"_blank\">Aluminum Extruded Profile<\/a><\/li>\r\n<li><a href=\"https:\/\/sinoextrud.com\/product\/anodized-powder-coated-window-louver-extrusion-shutter-aluminum-profiles\/\" target=\"_blank\">Anodized Powder Coated Window Louver Extrusion Shutter Aluminum Profiles<\/a><\/li>\r\n<li><a href=\"https:\/\/sinoextrud.com\/product\/electrophoresis-aluminum-profile-wood-grain\/\" target=\"_blank\">Electrophoresis Aluminum Profile Wood Grain<\/a><\/li>"},"feature_list":[]},"_links":{"self":[{"href":"https:\/\/sinoextrud.com\/hu\/wp-json\/wp\/v2\/product\/5989","targetHints":{"allow":["GET"]}}],"collection":[{"href":"https:\/\/sinoextrud.com\/hu\/wp-json\/wp\/v2\/product"}],"about":[{"href":"https:\/\/sinoextrud.com\/hu\/wp-json\/wp\/v2\/types\/product"}],"wp:featuredmedia":[{"embeddable":true,"href":"https:\/\/sinoextrud.com\/hu\/wp-json\/wp\/v2\/media\/5988"}],"wp:attachment":[{"href":"https:\/\/sinoextrud.com\/hu\/wp-json\/wp\/v2\/media?parent=5989"}],"wp:term":[{"taxonomy":"category","embeddable":true,"href":"https:\/\/sinoextrud.com\/hu\/wp-json\/wp\/v2\/categories?post=5989"}],"curies":[{"name":"wp","href":"https:\/\/api.w.org\/{rel}","templated":true}]}}